{"id":7323,"date":"2025-11-14T12:08:03","date_gmt":"2025-11-14T04:08:03","guid":{"rendered":"https:\/\/bogonglaser.com\/?post_type=product&#038;p=7323"},"modified":"2025-12-10T18:26:52","modified_gmt":"2025-12-10T10:26:52","slug":"laser-protective-fence","status":"publish","type":"product","link":"https:\/\/bogonglaser.com\/pt\/laser-protective-fence\/","title":{"rendered":"Cerca de prote\u00e7\u00e3o contra laser"},"content":{"rendered":"<div class=\"vc_row wpb_row vc_row-fluid\">\n<div class=\"wpb_column vc_column_container vc_col-sm-12\">\n<div class=\"vc_column-inner\">\n<div class=\"wpb_wrapper\">\n<div class=\"wpb_text_column wpb_content_element\">\n<div class=\"wpb_wrapper\">\n<p>Atualmente, os lasers s\u00e3o usados em muitos setores - f\u00e1bricas, hospitais, tarefas de limpeza, soldagem, corte e at\u00e9 mesmo com bra\u00e7os rob\u00f3ticos. Embora os lasers sejam muito \u00fateis, eles tamb\u00e9m podem ser perigosos. Se n\u00e3o forem manuseados adequadamente, os lasers podem ferir os olhos, queimar a pele ou causar outras les\u00f5es. \u00c9 por isso que o uso de barreiras de seguran\u00e7a para laser \u00e9 t\u00e3o importante. Elas agem como paredes protetoras para manter todos a salvo dos feixes de laser.<\/p>\n<\/div>\n<\/div>\n<\/div>\n<\/div>\n<\/div>\n<\/div>\n<div class=\"vc_row wpb_row vc_row-fluid\">\n<div class=\"wpb_column vc_column_container vc_col-sm-12\">\n<div class=\"vc_column-inner\">\n<div class=\"wpb_wrapper\">\n<div id=\"cz_97713\" class=\"cz_97713 cz_image clr cz_image_no_fx center_on_mobile\" data-position=\"top-right\">\n<div class=\"\">\n<div class=\"cz_image_in\">\n<div class=\"cz_main_image\"><\/div>\n<\/div>\n<div class=\"cz_image_caption mt10 cz_wpe_content\">\n<p>cerca protetora a laser<\/p>\n<\/div>\n<\/div>\n<\/div>\n<\/div>\n<\/div>\n<\/div>\n<\/div>\n<div class=\"vc_row wpb_row vc_row-fluid\">\n<div class=\"wpb_column vc_column_container vc_col-sm-12\">\n<div class=\"vc_column-inner\">\n<div class=\"wpb_wrapper\">\n<div class=\"wpb_video_widget wpb_content_element vc_clearfix   vc_video-aspect-ratio-169 vc_video-el-width-80 vc_video-align-left\">\n<div class=\"wpb_wrapper\">\n<div class=\"wpb_video_wrapper\">\n<p><iframe title=\"Recursos de seguran\u00e7a da cerca a laser que voc\u00ea precisa conhecer\" width=\"1290\" height=\"726\" src=\"https:\/\/www.youtube.com\/embed\/J2hLau1e7mg?feature=oembed\" frameborder=\"0\" allow=\"accelerometer; autoplay; clipboard-write; encrypted-media; gyroscope; picture-in-picture; web-share\" referrerpolicy=\"strict-origin-when-cross-origin\" allowfullscreen><\/iframe><\/p>\n<\/div>\n<\/div>\n<\/div>\n<\/div>\n<\/div>\n<\/div>\n<\/div>\n<div class=\"vc_row wpb_row vc_row-fluid\">\n<div class=\"wpb_column vc_column_container vc_col-sm-12\">\n<div class=\"vc_column-inner\">\n<div class=\"wpb_wrapper\">\n<div class=\"wpb_text_column wpb_content_element\">\n<div class=\"wpb_wrapper\">\n<p>A cerca inclui uma porta de seguran\u00e7a que, quando for aberta, a m\u00e1quina a laser parar\u00e1 de funcionar imediatamente. Para uso seguro, o operador precisa primeiro fechar a porta e, em seguida, pressionar o bot\u00e3o de reinicializa\u00e7\u00e3o. Quando o bot\u00e3o de reinicializa\u00e7\u00e3o \u00e9 pressionado, a luz indicadora fica amarela e voc\u00ea pode come\u00e7ar a usar a m\u00e1quina a laser.<\/p>\n<p>Durante a opera\u00e7\u00e3o, se a porta for aberta novamente, acidental ou intencionalmente, o laser deixar\u00e1 de funcionar instantaneamente. A luz indicadora ficar\u00e1 vermelha, mostrando que o sistema est\u00e1 no modo de seguran\u00e7a e o laser est\u00e1 desligado.<\/p>\n<p>A cerca de seguran\u00e7a Bogong Laser tamb\u00e9m tem uma tela de monitor. Essa tecnologia permite que os operadores fora do compartimento vejam imagens de v\u00eddeo em tempo real do que est\u00e1 acontecendo dentro da \u00e1rea do laser. Ela oferece uma vis\u00e3o clara sem o risco de exposi\u00e7\u00e3o ao laser, acrescentando uma camada extra de seguran\u00e7a e monitoramento.<\/p>\n<p>De modo geral, essa cerca de seguran\u00e7a torna o trabalho com lasers mais seguro e f\u00e1cil. Ela garante que os lasers s\u00f3 funcionem quando a porta estiver fechada com seguran\u00e7a e d\u00e1 tranquilidade aos operadores por meio de recursos de seguran\u00e7a confi\u00e1veis e capacidades de monitoramento visual.<\/p>\n<\/div>\n<\/div>\n<\/div>\n<\/div>\n<\/div>\n<\/div>","protected":false},"excerpt":{"rendered":"<p>Capa protetora de laser para soldador a laser, limpador a laser, cortador a laser, rob\u00f4 a laser, essa cerca de seguran\u00e7a para laser foi projetada para garantir a opera\u00e7\u00e3o segura de m\u00e1quinas a laser. Essa cerca de seguran\u00e7a \u00e9 uma ferramenta importante para evitar acidentes e proteger os operadores.<\/p>","protected":false},"featured_media":7330,"template":"","meta":{"_gspb_post_css":""},"product_brand":[],"product_cat":[95,115],"product_tag":[174],"class_list":{"0":"post-7323","1":"product","2":"type-product","3":"status-publish","4":"has-post-thumbnail","6":"product_cat-laser-welding-machine","7":"product_cat-handheld-laser-welder","8":"product_tag-laser-protective-cover","10":"first","11":"instock","12":"shipping-taxable","13":"product-type-simple"},"_links":{"self":[{"href":"https:\/\/bogonglaser.com\/pt\/wp-json\/wp\/v2\/product\/7323","targetHints":{"allow":["GET"]}}],"collection":[{"href":"https:\/\/bogonglaser.com\/pt\/wp-json\/wp\/v2\/product"}],"about":[{"href":"https:\/\/bogonglaser.com\/pt\/wp-json\/wp\/v2\/types\/product"}],"wp:featuredmedia":[{"embeddable":true,"href":"https:\/\/bogonglaser.com\/pt\/wp-json\/wp\/v2\/media\/7330"}],"wp:attachment":[{"href":"https:\/\/bogonglaser.com\/pt\/wp-json\/wp\/v2\/media?parent=7323"}],"wp:term":[{"taxonomy":"product_brand","embeddable":true,"href":"https:\/\/bogonglaser.com\/pt\/wp-json\/wp\/v2\/product_brand?post=7323"},{"taxonomy":"product_cat","embeddable":true,"href":"https:\/\/bogonglaser.com\/pt\/wp-json\/wp\/v2\/product_cat?post=7323"},{"taxonomy":"product_tag","embeddable":true,"href":"https:\/\/bogonglaser.com\/pt\/wp-json\/wp\/v2\/product_tag?post=7323"}],"curies":[{"name":"wp","href":"https:\/\/api.w.org\/{rel}","templated":true}]}}