{"id":5192,"date":"2025-07-21T16:49:17","date_gmt":"2025-07-21T08:49:17","guid":{"rendered":"https:\/\/bogonglaser.com\/?post_type=product&#038;p=5192"},"modified":"2025-12-10T16:25:09","modified_gmt":"2025-12-10T08:25:09","slug":"best-metal-cutting-laser-machine","status":"publish","type":"product","link":"https:\/\/bogonglaser.com\/pt\/best-metal-cutting-laser-machine\/","title":{"rendered":"Melhor m\u00e1quina a laser para corte de metais"},"content":{"rendered":"<p>Uma m\u00e1quina a laser para corte de metais \u00e9 uma ferramenta automatizada que usa um feixe de laser e um sistema de controle digital para cortar v\u00e1rios materiais, como metais (a\u00e7o, cobre, lat\u00e3o, alum\u00ednio, tit\u00e2nio, ouro, prata, ligas, ferro). As pe\u00e7as principais incluem a base e a estrutura da m\u00e1quina, o controlador CNC, o gerador de laser, a fonte de alimenta\u00e7\u00e3o, o tubo de laser, o cabe\u00e7ote de corte, as lentes, os espelhos, o resfriador de \u00e1gua, os servomotores, o cilindro de g\u00e1s, o compressor de ar, o tanque de armazenamento de g\u00e1s, o filtro de ar, o extrator de poeira, o secador e o software.<\/p>\n<p>Um sistema de corte a laser \u00e9 um conjunto completo de pe\u00e7as integradas projetadas para fazer cortes precisos para fabrica\u00e7\u00e3o industrial, educa\u00e7\u00e3o, pequenas empresas e uso dom\u00e9stico. Ele oferece mais flexibilidade do que os cortadores manuais ou mec\u00e2nicos. Pode cortar muitos materiais de diferentes espessuras, e as formas que voc\u00ea pode criar s\u00e3o praticamente ilimitadas. A programa\u00e7\u00e3o \u00e9 r\u00e1pida e f\u00e1cil, de modo que os ajustes podem ser feitos em qualquer est\u00e1gio da produ\u00e7\u00e3o com o m\u00ednimo de tempo ou custo extra. O sistema oferece alta precis\u00e3o, cortes limpos e nenhuma deforma\u00e7\u00e3o do material. \u00c9 uma solu\u00e7\u00e3o ideal para automatizar e modularizar os processos de fabrica\u00e7\u00e3o, aumentando a efici\u00eancia e a qualidade.<\/p>\n<figure id=\"attachment_7382\" aria-describedby=\"caption-attachment-7382\" style=\"width: 300px\" class=\"wp-caption alignnone\"><img decoding=\"async\" class=\"size-medium wp-image-7382\" src=\"https:\/\/bogonglaser.com\/wp-content\/uploads\/2025\/07\/laser-cutting-1-300x201.jpg\" alt=\"corte a laser\" width=\"300\" height=\"201\" title=\"\" srcset=\"https:\/\/bogonglaser.com\/wp-content\/uploads\/2025\/07\/laser-cutting-1-300x201.jpg 300w, https:\/\/bogonglaser.com\/wp-content\/uploads\/2025\/07\/laser-cutting-1-18x12.jpg 18w, https:\/\/bogonglaser.com\/wp-content\/uploads\/2025\/07\/laser-cutting-1.jpg 600w\" sizes=\"(max-width: 300px) 100vw, 300px\" \/><figcaption id=\"caption-attachment-7382\" class=\"wp-caption-text\">corte a laser<\/figcaption><\/figure>\n<p><strong>Principais recursos:<\/strong><\/p>\n<ul>\n<li><strong>Corte preciso:<\/strong>\u00a0Utiliza tecnologia laser avan\u00e7ada para cortes limpos e precisos com pouca distor\u00e7\u00e3o de calor.<\/li>\n<li><strong>R\u00e1pido e eficiente:<\/strong>\u00a0Corta rapidamente, ajudando a aumentar sua velocidade de produ\u00e7\u00e3o.<\/li>\n<li><strong>Adequado para v\u00e1rios setores:<\/strong>\u00a0Ideal para o setor automotivo, constru\u00e7\u00e3o, sinaliza\u00e7\u00e3o e fabrica\u00e7\u00e3o de metais.<\/li>\n<li><strong>F\u00e1cil de usar:<\/strong>\u00a0Controles e software simples facilitam a opera\u00e7\u00e3o pelos operadores.<\/li>\n<li><strong>Constru\u00e7\u00e3o dur\u00e1vel:<\/strong>\u00a0Fabricado com materiais resistentes para durar muito tempo com manuten\u00e7\u00e3o m\u00ednima.<\/li>\n<\/ul>\n<p><strong>Por que escolher nossa m\u00e1quina a laser para corte de metais?<\/strong><\/p>\n<ul>\n<li><strong>Corpo da m\u00e1quina est\u00e1vel e todos os detalhes atualizados. (voc\u00ea pode ver o v\u00eddeo abaixo)<\/strong><\/li>\n<li><strong>Economize tempo e material:<\/strong>\u00a0Corta com efici\u00eancia, reduzindo o desperd\u00edcio e o uso de energia.<\/li>\n<li><strong>Flex\u00edvel:<\/strong>\u00a0Pode manusear folhas de diferentes tamanhos e espessuras.<\/li>\n<li><strong>Seguro e confi\u00e1vel:<\/strong>\u00a0Equipado com recursos de seguran\u00e7a e atende aos padr\u00f5es internacionais.<\/li>\n<li><strong>Suporte:<\/strong>\u00a0Oferecemos treinamento, suporte t\u00e9cnico e manuten\u00e7\u00e3o para manter sua m\u00e1quina funcionando sem problemas.<\/li>\n<\/ul>\n<p><iframe title=\"Veja como esse cortador a laser \u00e9 constru\u00eddo de forma diferente dos outros!\" width=\"1290\" height=\"726\" src=\"https:\/\/www.youtube.com\/embed\/kv3tNysqvk0?feature=oembed\" frameborder=\"0\" allow=\"accelerometer; autoplay; clipboard-write; encrypted-media; gyroscope; picture-in-picture; web-share\" referrerpolicy=\"strict-origin-when-cross-origin\" allowfullscreen><\/iframe><\/p>\n<h3>Custo e pre\u00e7o<\/h3>\n<p>Se estiver pensando em abrir uma empresa com uma m\u00e1quina de corte de metal a laser, talvez se pergunte sobre os custos envolvidos e os pre\u00e7os t\u00edpicos de mercado. Com base na an\u00e1lise de mercado, o pre\u00e7o das m\u00e1quinas de corte a laser varia muito:<\/p>\n<ul>\n<li>Os modelos mais econ\u00f4micos come\u00e7am em torno de\u00a0<strong>$12000<\/strong>.<\/li>\n<li>As m\u00e1quinas de ponta podem custar at\u00e9\u00a0<strong>$200,000<\/strong>\u00a0ou mais.<\/li>\n<\/ul>\n<p>Esses pre\u00e7os n\u00e3o incluem frete, impostos, alf\u00e2ndega, servi\u00e7o ou suporte t\u00e9cnico. O custo real depende de fatores como marca, tipo, modelo, pot\u00eancia e recursos extras, como mesas personalizadas, geradores, acess\u00f3rios rotativos, software, acess\u00f3rios, atualiza\u00e7\u00f5es, configura\u00e7\u00e3o e depura\u00e7\u00e3o.<\/p>\n<h4>Pre\u00e7os t\u00edpicos em 2025:<\/h4>\n<ul>\n<li>As m\u00e1quinas a laser para corte de metais variam de <strong>$12.000 a mais de $900.000<\/strong>.<\/li>\n<\/ul>\n<p>Para acess\u00f3rios e pe\u00e7as:<\/p>\n<ul>\n<li>Os consum\u00edveis e as pe\u00e7as b\u00e1sicas custam cerca de\u00a0<strong>$9<\/strong>.<\/li>\n<li>Os geradores de laser de fibra de alta pot\u00eancia podem ser t\u00e3o caros quanto\u00a0<strong>$30,000<\/strong>.<\/li>\n<\/ul>\n<p><iframe title=\"Cortador a laser pequeno e potente corta metais com precis\u00e3o\" width=\"1290\" height=\"726\" src=\"https:\/\/www.youtube.com\/embed\/5BStGlyjEOc?feature=oembed\" frameborder=\"0\" allow=\"accelerometer; autoplay; clipboard-write; encrypted-media; gyroscope; picture-in-picture; web-share\" referrerpolicy=\"strict-origin-when-cross-origin\" allowfullscreen><\/iframe><\/p>\n<p><iframe title=\"O que uma m\u00e1quina de corte a laser de fibra de 2000w pode fazer?  Show de velocidade real para a\u00e7o inoxid\u00e1vel, a\u00e7o m\u00e9dio\" width=\"1290\" height=\"726\" src=\"https:\/\/www.youtube.com\/embed\/nfdBXiTmWwo?feature=oembed\" frameborder=\"0\" allow=\"accelerometer; autoplay; clipboard-write; encrypted-media; gyroscope; picture-in-picture; web-share\" referrerpolicy=\"strict-origin-when-cross-origin\" allowfullscreen><\/iframe><\/p>","protected":false},"excerpt":{"rendered":"<p>A m\u00e1quina a laser para corte de metais \u00e9 uma ferramenta precisa usada para cortar metais como a\u00e7o, alum\u00ednio e lat\u00e3o. Ela usa um feixe de laser para fazer cortes limpos e precisos. Essa m\u00e1quina \u00e9 r\u00e1pida, confi\u00e1vel e ajuda a reduzir o desperd\u00edcio. \u00c9 usada em setores como manufatura, automotivo e constru\u00e7\u00e3o para melhorar a efici\u00eancia e a qualidade.<\/p>","protected":false},"featured_media":5199,"template":"","meta":{"_gspb_post_css":""},"product_brand":[],"product_cat":[117,118],"product_tag":[105,169],"class_list":{"0":"post-5192","1":"product","2":"type-product","3":"status-publish","4":"has-post-thumbnail","6":"product_cat-fiber-laser-cutting-machine","7":"product_cat-laser-metal-cutting-machine","8":"product_tag-fiber-laser-cutting-machine","9":"product_tag-metal-laser-cutting-machine","11":"first","12":"instock","13":"shipping-taxable","14":"product-type-simple"},"_links":{"self":[{"href":"https:\/\/bogonglaser.com\/pt\/wp-json\/wp\/v2\/product\/5192","targetHints":{"allow":["GET"]}}],"collection":[{"href":"https:\/\/bogonglaser.com\/pt\/wp-json\/wp\/v2\/product"}],"about":[{"href":"https:\/\/bogonglaser.com\/pt\/wp-json\/wp\/v2\/types\/product"}],"wp:featuredmedia":[{"embeddable":true,"href":"https:\/\/bogonglaser.com\/pt\/wp-json\/wp\/v2\/media\/5199"}],"wp:attachment":[{"href":"https:\/\/bogonglaser.com\/pt\/wp-json\/wp\/v2\/media?parent=5192"}],"wp:term":[{"taxonomy":"product_brand","embeddable":true,"href":"https:\/\/bogonglaser.com\/pt\/wp-json\/wp\/v2\/product_brand?post=5192"},{"taxonomy":"product_cat","embeddable":true,"href":"https:\/\/bogonglaser.com\/pt\/wp-json\/wp\/v2\/product_cat?post=5192"},{"taxonomy":"product_tag","embeddable":true,"href":"https:\/\/bogonglaser.com\/pt\/wp-json\/wp\/v2\/product_tag?post=5192"}],"curies":[{"name":"wp","href":"https:\/\/api.w.org\/{rel}","templated":true}]}}