{"id":3403,"date":"2025-05-14T14:02:11","date_gmt":"2025-05-14T06:02:11","guid":{"rendered":"https:\/\/bogonglaser.com\/?post_type=product&#038;p=3403"},"modified":"2025-07-21T15:05:27","modified_gmt":"2025-07-21T07:05:27","slug":"3d-crystal-laser-engraving-machine","status":"publish","type":"product","link":"https:\/\/bogonglaser.com\/pt\/3d-crystal-laser-engraving-machine\/","title":{"rendered":"M\u00e1quina de grava\u00e7\u00e3o a laser 3D Crystal | M\u00e1quina de marca\u00e7\u00e3o a laser UV Pro"},"content":{"rendered":"<p>[vc_row][vc_column][vc_column_text css=&#8221;&#8221;]Feature of <span class=\"___SBox_epc1q-ko_ ___SText_zko9t-ko_\" data-ui-name=\"Link.Text\">3d crystal laser engraving machine<\/span> | UV pro Laser engraving Machine?<\/p>\n<ul>\n<li>UV laser is <strong><b>cold light<\/b><\/strong>, no heat effect.minimal heat affected zone, no thermal effect, no material burning issue;<\/li>\n<li>355 uv laser focused spot is very tiny, suitable for very high precision marking.<\/li>\n<li>materials can absorb the UV laser, and thus a wider range of applications;<\/li>\n<li>Stable performance, small size, low power consumption.<\/li>\n<li>high marking speed, high efficiency;<\/li>\n<li>High speed galvomirror scanner.<\/li>\n<li>Deft design brings good protection for the operator.<\/li>\n<li>Easy operation,software supporting AutoCAD, Coreldraw, Photoshop etc.<\/li>\n<li>Powerful software Text symbols, graphics, images, bar code, automatic layout and modify the qr code, serial number, etc<\/li>\n<\/ul>\n<p>[\/vc_column_text][vc_video link=&#8221;https:\/\/youtu.be\/5nVNs2tRrt0?si=3gbmElrxUQ8-muJw&#8221; el_width=&#8221;70&#8243; css=&#8221;&#8221; title=&#8221;What can BOGONG UV Pro Laser Marking Machine do?&#8221;][\/vc_column][\/vc_row][vc_row][vc_column][vc_column_text css=&#8221;&#8221;]Advantage of BOGONG UV Pro Laser Marking Machine<\/p>\n<p><strong><b>1.Lower <\/b><\/strong>\u200c<strong><b>Cost:<\/b><\/strong><\/p>\n<p><b> <\/b>Total system cost remains \u200c<strong><b>less than <\/b><\/strong><strong><b>1\/3 <\/b><\/strong>of traditional green laser engravers.<\/p>\n<p><strong><b>2.<\/b><\/strong><strong><b>\u200c<\/b><\/strong><strong><b>Multi-Material Compatibility<\/b><\/strong>\u200c<br \/>\nIt can not only complete the work that standard UV laser can complete, such as engraving of non-metal and metals\u00a0material, such as plastics, glass, wood, paper,stainless steel\u00a0etc., but also realize the inner\u00a0engraving of cubes or rectangular crystals.<\/p>\n<p>3.<strong>Higher internal engraving accuracy: <\/strong><\/p>\n<p>The difference between green laserand uvlaser in inner engraving is that green laser is visible light, with a larger spot and higher processing efficiency, while uv laser is invisible light, with a small spot and a finer processing effect.<\/p>\n<p>In summary, although uv laser is not faster as green laser, but it can get better precision. Also can engrave all different material. So it is a better choice.[\/vc_column_text][\/vc_column][\/vc_row][vc_row][vc_column][vc_column_text css=&#8221;&#8221;]Application of BOGONG UV Pro Laser Machine<\/p>\n<ul>\n<li>Inner crystal engraving<\/li>\n<li>Glass engraving<\/li>\n<li>Plastic engraving<\/li>\n<li>The flexible PCB marking, scribing.<\/li>\n<li>Porous silicon wafers, blind hole processing.<\/li>\n<li>LCD glass qr code marking, punching.<\/li>\n<li>Metal surface coating glassware surface marking.<\/li>\n<li>Plastic buttons, electronics, gifts.<\/li>\n<li>Communications equipment, building materials and so on.<\/li>\n<li>Ceramics<\/li>\n<\/ul>\n<p>[\/vc_column_text][\/vc_column][\/vc_row][vc_row][vc_column][vc_single_image image=&#8221;3408&#8243; img_size=&#8221;large&#8221; css=&#8221;&#8221;][\/vc_column][\/vc_row][vc_row][vc_column][vc_single_image image=&#8221;3407&#8243; img_size=&#8221;large&#8221; css=&#8221;&#8221;][\/vc_column][\/vc_row][vc_row][vc_column][vc_single_image image=&#8221;3410&#8243; img_size=&#8221;large&#8221; css=&#8221;&#8221; title=&#8221;Software Show&#8221;][\/vc_column][\/vc_row][vc_row][vc_column][vc_column_text css=&#8221;&#8221;]Contact with BOGONG to get newest Price of this <span class=\"___SBox_epc1q-ko_ ___SText_zko9t-ko_\" data-ui-name=\"Link.Text\">3d crystal laser engraving machine<\/span>[\/vc_column_text][\/vc_column][\/vc_row]<\/p>\n","protected":false},"excerpt":{"rendered":"<p>A m\u00e1quina de grava\u00e7\u00e3o a laser 3D Crystal, tamb\u00e9m chamada de gravador a laser UV Pro ou m\u00e1quina de marca\u00e7\u00e3o a laser UV Pro, usa feixes de laser t\u00e9cnicos e focados a laser UV para gerar alta densidade de energia em uma pe\u00e7a de trabalho, criando microexplos\u00f5es controladas que formam pontos brancos e moldam padr\u00f5es predefinidos. Embora a maioria dos sistemas atuais dependa de lasers verdes, seus altos custos e complexidade operacional os tornam inacess\u00edveis para empresas de pequeno e m\u00e9dio porte. A m\u00e1quina de marca\u00e7\u00e3o a laser BOGONG UV Pro tem pre\u00e7o acess\u00edvel e capacidade de laser potente.<\/p>","protected":false},"featured_media":3405,"template":"","meta":{"_gspb_post_css":""},"product_brand":[],"product_cat":[96,99],"product_tag":[125,124,159],"class_list":{"0":"post-3403","1":"product","2":"type-product","3":"status-publish","4":"has-post-thumbnail","6":"product_cat-laser-marking-machine","7":"product_cat-uv-laser-marking-machine","8":"product_tag-3d-laser-marking-machine","9":"product_tag-uv-laser-marking-machine","10":"product_tag-uv-pro-laser-marking-machine","12":"first","13":"instock","14":"sold-individually","15":"shipping-taxable","16":"product-type-simple"},"_links":{"self":[{"href":"https:\/\/bogonglaser.com\/pt\/wp-json\/wp\/v2\/product\/3403","targetHints":{"allow":["GET"]}}],"collection":[{"href":"https:\/\/bogonglaser.com\/pt\/wp-json\/wp\/v2\/product"}],"about":[{"href":"https:\/\/bogonglaser.com\/pt\/wp-json\/wp\/v2\/types\/product"}],"wp:featuredmedia":[{"embeddable":true,"href":"https:\/\/bogonglaser.com\/pt\/wp-json\/wp\/v2\/media\/3405"}],"wp:attachment":[{"href":"https:\/\/bogonglaser.com\/pt\/wp-json\/wp\/v2\/media?parent=3403"}],"wp:term":[{"taxonomy":"product_brand","embeddable":true,"href":"https:\/\/bogonglaser.com\/pt\/wp-json\/wp\/v2\/product_brand?post=3403"},{"taxonomy":"product_cat","embeddable":true,"href":"https:\/\/bogonglaser.com\/pt\/wp-json\/wp\/v2\/product_cat?post=3403"},{"taxonomy":"product_tag","embeddable":true,"href":"https:\/\/bogonglaser.com\/pt\/wp-json\/wp\/v2\/product_tag?post=3403"}],"curies":[{"name":"wp","href":"https:\/\/api.w.org\/{rel}","templated":true}]}}