{"id":2402,"date":"2025-02-10T15:35:22","date_gmt":"2025-02-10T07:35:22","guid":{"rendered":"https:\/\/bogonglaser.com\/?post_type=product&#038;p=2402"},"modified":"2026-03-05T11:39:20","modified_gmt":"2026-03-05T03:39:20","slug":"smallest-3020-fiber-laer-cutting-machine-300200mm","status":"publish","type":"product","link":"https:\/\/bogonglaser.com\/pt\/smallest-3020-fiber-laer-cutting-machine-300200mm\/","title":{"rendered":"Fabricante profissional de m\u00e1quinas de corte a laser para metais pequenos (300*200mm)"},"content":{"rendered":"<p><strong>Bogong Smallest Fiber Laser Cutter (300 x 200 mm)<\/strong><\/p>\n<p>Introducing the Smallest <a href=\"https:\/\/bogonglaser.com\/pt\/fiber-laser-cutter\/\">Cortador a laser de fibra<\/a>, engineered for precision and efficiency in metal fabrication.<\/p>\n<p>With a compact cutting area of 300 x 200 mm, this innovative machine is designed to deliver superior performance in a variety of applications, from small-scale production to intricate prototypes.<\/p>\n<p><img decoding=\"async\" class=\"alignnone size-full wp-image-9094\" src=\"https:\/\/bogonglaser.com\/wp-content\/uploads\/2025\/02\/small-metal-laser-cutter.jpg\" alt=\"\" width=\"800\" height=\"600\" title=\"\" srcset=\"https:\/\/bogonglaser.com\/wp-content\/uploads\/2025\/02\/small-metal-laser-cutter.jpg 800w, https:\/\/bogonglaser.com\/wp-content\/uploads\/2025\/02\/small-metal-laser-cutter-300x225.jpg 300w, https:\/\/bogonglaser.com\/wp-content\/uploads\/2025\/02\/small-metal-laser-cutter-768x576.jpg 768w, https:\/\/bogonglaser.com\/wp-content\/uploads\/2025\/02\/small-metal-laser-cutter-16x12.jpg 16w, https:\/\/bogonglaser.com\/wp-content\/uploads\/2025\/02\/small-metal-laser-cutter-600x450.jpg 600w\" sizes=\"(max-width: 800px) 100vw, 800px\" \/><\/p>\n<p><strong>Core Advantages:<\/strong><\/p>\n<ul>\n<li><strong>High Cutting precision:<\/strong> Smooth cutting edge, high accuracy.<\/li>\n<li><strong>Strong Cutting Ability:<\/strong> High efficiency for various metal materials processing, like stainless steel, Gold, Silver, aluminum alloy, copper, titanium alloy, carbon steel, and various alloy steels<\/li>\n<li><strong>Small &amp; Compact Structure: <\/strong>Space-saving, easy to install and operate.<\/li>\n<li><strong>Tecnologia avan\u00e7ada de laser de fibra:<\/strong> O cortador Bogong adota tecnologia de laser de fibra de alta qualidade, fonte de laser com resfriamento a ar e cabe\u00e7ote de laser, garantindo velocidades de corte r\u00e1pidas e precis\u00e3o excepcional. Isso permite cortes limpos e precisos, mesmo em projetos complexos.<\/li>\n<li><strong>Factory Direct Supply:<\/strong> Competitive price, strict quality control.<\/li>\n<li><strong>Widely Recognized by Customers: <\/strong>Trusted by global buyers in metal fabrication industry.<\/li>\n<li><strong>Interface amig\u00e1vel ao usu\u00e1rio:<\/strong> Equipado com um sistema de controle intuitivo, os usu\u00e1rios podem facilmente configurar e operar a m\u00e1quina, agilizando o processo de corte e aumentando a produtividade.<\/li>\n<li><strong>Alta estabilidade e longevidade:<\/strong> Constru\u00eddo com componentes de alta qualidade, o Bogong Smallest Fiber Laser Cutter foi projetado para durabilidade e desempenho de longo prazo, reduzindo os custos de manuten\u00e7\u00e3o e o tempo de inatividade.<\/li>\n<li><strong>Caracter\u00edsticas de seguran\u00e7a:<\/strong> A m\u00e1quina \u00e9 equipada com mecanismos de seguran\u00e7a essenciais para garantir a prote\u00e7\u00e3o do operador durante a opera\u00e7\u00e3o, permitindo um ambiente de trabalho seguro.<\/li>\n<\/ul>\n<figure id=\"attachment_9101\" aria-describedby=\"caption-attachment-9101\" style=\"width: 800px\" class=\"wp-caption alignnone\"><img decoding=\"async\" class=\"size-full wp-image-9101\" src=\"https:\/\/bogonglaser.com\/wp-content\/uploads\/2025\/02\/QQ\u56fe\u724720260305113828.jpeg\" alt=\"small size laser cutter\" width=\"800\" height=\"800\" title=\"\" srcset=\"https:\/\/bogonglaser.com\/wp-content\/uploads\/2025\/02\/QQ\u56fe\u724720260305113828.jpeg 800w, https:\/\/bogonglaser.com\/wp-content\/uploads\/2025\/02\/QQ\u56fe\u724720260305113828-300x300.jpeg 300w, https:\/\/bogonglaser.com\/wp-content\/uploads\/2025\/02\/QQ\u56fe\u724720260305113828-150x150.jpeg 150w, https:\/\/bogonglaser.com\/wp-content\/uploads\/2025\/02\/QQ\u56fe\u724720260305113828-768x768.jpeg 768w, https:\/\/bogonglaser.com\/wp-content\/uploads\/2025\/02\/QQ\u56fe\u724720260305113828-12x12.jpeg 12w, https:\/\/bogonglaser.com\/wp-content\/uploads\/2025\/02\/QQ\u56fe\u724720260305113828-600x600.jpeg 600w, https:\/\/bogonglaser.com\/wp-content\/uploads\/2025\/02\/QQ\u56fe\u724720260305113828-100x100.jpeg 100w\" sizes=\"(max-width: 800px) 100vw, 800px\" \/><figcaption id=\"caption-attachment-9101\" class=\"wp-caption-text\">small size laser cutter<\/figcaption><\/figure>\n<p><strong>Aplicativos:<\/strong> Perfeitamente adequado para uma variedade de aplica\u00e7\u00f5es, como eletr\u00f4nicos, sinaliza\u00e7\u00e3o, arte em metal e componentes automotivos, esse cortador a laser \u00e9 excelente para fornecer detalhes finos e designs complexos com facilidade.<\/p>\n<p><iframe title=\"Mini m\u00e1quina de corte a laser de fibra 300*200mm\" width=\"1290\" height=\"726\" src=\"https:\/\/www.youtube.com\/embed\/mGV6xBDycsc?feature=oembed\" frameborder=\"0\" allow=\"accelerometer; autoplay; clipboard-write; encrypted-media; gyroscope; picture-in-picture; web-share\" referrerpolicy=\"strict-origin-when-cross-origin\" allowfullscreen><\/iframe><\/p>\n<div class=\"sub-header-divs\">\n<h3>Desempenho<\/h3>\n<\/div>\n<ul>\n<li>Meio de laser - Laser de fibra CW 1070nm de estado s\u00f3lido<\/li>\n<li>Pot\u00eancia do laser - Op\u00e7\u00f5es de fonte de fibra de 800W-2000W<\/li>\n<li>Pot\u00eancia - <strong>\u00a0220V 1 fase<\/strong><\/li>\n<li>Precis\u00e3o de posicionamento - \u2264\u00b10,03 mm<\/li>\n<li>Precis\u00e3o da repetibilidade - \u2264\u00b10,02 mm<\/li>\n<\/ul>\n<div class=\"sub-header-divs\">\n<h3>Sistema<\/h3>\n<\/div>\n<ul>\n<li>Sistema de acionamento - Module Drive<\/li>\n<li>Modo de resfriamento - Ar e \u00e1gua<\/li>\n<\/ul>\n<p><iframe title=\"Cortador a laser pequeno e potente corta metais com precis\u00e3o\" width=\"1290\" height=\"726\" src=\"https:\/\/www.youtube.com\/embed\/5BStGlyjEOc?feature=oembed\" frameborder=\"0\" allow=\"accelerometer; autoplay; clipboard-write; encrypted-media; gyroscope; picture-in-picture; web-share\" referrerpolicy=\"strict-origin-when-cross-origin\" allowfullscreen><\/iframe><\/p>\n<p>Customer who visited BOGONG LASER factory for purchase this small metal laser cutting machine<\/p>\n<figure id=\"attachment_9090\" aria-describedby=\"caption-attachment-9090\" style=\"width: 700px\" class=\"wp-caption alignnone\"><img decoding=\"async\" class=\"size-full wp-image-9090\" src=\"https:\/\/bogonglaser.com\/wp-content\/uploads\/2025\/02\/how-about-bogong-laser-cutter.jpg\" alt=\"\" width=\"700\" height=\"600\" title=\"\" srcset=\"https:\/\/bogonglaser.com\/wp-content\/uploads\/2025\/02\/how-about-bogong-laser-cutter.jpg 700w, https:\/\/bogonglaser.com\/wp-content\/uploads\/2025\/02\/how-about-bogong-laser-cutter-300x257.jpg 300w, https:\/\/bogonglaser.com\/wp-content\/uploads\/2025\/02\/how-about-bogong-laser-cutter-14x12.jpg 14w, https:\/\/bogonglaser.com\/wp-content\/uploads\/2025\/02\/how-about-bogong-laser-cutter-600x514.jpg 600w\" sizes=\"(max-width: 700px) 100vw, 700px\" \/><figcaption id=\"caption-attachment-9090\" class=\"wp-caption-text\">small metal laser cutting machine<\/figcaption><\/figure>\n<p>Very good feedback about BOGONG small fiber laser cutter<\/p>\n<p><iframe title=\"Ele visitou a BOGONG e fez o pedido da m\u00e1quina de corte a laser de fibra 2030.\" width=\"1290\" height=\"726\" src=\"https:\/\/www.youtube.com\/embed\/olZXLLVhLls?feature=oembed\" frameborder=\"0\" allow=\"accelerometer; autoplay; clipboard-write; encrypted-media; gyroscope; picture-in-picture; web-share\" referrerpolicy=\"strict-origin-when-cross-origin\" allowfullscreen><\/iframe><\/p>\n<p>BOGONG factory show:<\/p>\n<p><iframe title=\"CHINA OEM ODM LASER MACHINE MANUFACTURER-BOGONG LASER \" width=\"1290\" height=\"726\" src=\"https:\/\/www.youtube.com\/embed\/kMzt58ROsW8?feature=oembed\" frameborder=\"0\" allow=\"accelerometer; autoplay; clipboard-write; encrypted-media; gyroscope; picture-in-picture; web-share\" referrerpolicy=\"strict-origin-when-cross-origin\" allowfullscreen><\/iframe><\/p>\n<p>A BOGONG \u00e9 famosa por sua qualidade de equipamentos a laser e servi\u00e7os de p\u00f3s-venda. Nossas m\u00e1quinas s\u00e3o vers\u00e1teis e f\u00e1ceis de usar, projetadas com todos os n\u00edveis de habilidade em mente. Acima de tudo, priorizamos a satisfa\u00e7\u00e3o do cliente. N\u00e3o importa se voc\u00ea \u00e9 um especialista experiente ou um iniciante, <a href=\"https:\/\/bogonglaser.com\/pt\/\">LASER BOGONG<\/a> est\u00e1 aqui para apoi\u00e1-lo em cada etapa do processo. Confie em n\u00f3s e em nosso servi\u00e7o, onde a excel\u00eancia e a inova\u00e7\u00e3o se unem para o seu sucesso.<\/p>\n<p>BOGONG have CE FDA SGS Rohs certifcates<\/p>\n<figure id=\"attachment_9096\" aria-describedby=\"caption-attachment-9096\" style=\"width: 1197px\" class=\"wp-caption alignnone\"><img decoding=\"async\" class=\"wp-image-9096\" src=\"https:\/\/bogonglaser.com\/wp-content\/uploads\/2025\/02\/QQ\u56fe\u724720260305110954.png\" alt=\"BOGONG have CE FDA SGS Rohs certifcates\" width=\"1197\" height=\"374\" title=\"\" srcset=\"https:\/\/bogonglaser.com\/wp-content\/uploads\/2025\/02\/QQ\u56fe\u724720260305110954.png 1921w, https:\/\/bogonglaser.com\/wp-content\/uploads\/2025\/02\/QQ\u56fe\u724720260305110954-300x94.png 300w, https:\/\/bogonglaser.com\/wp-content\/uploads\/2025\/02\/QQ\u56fe\u724720260305110954-1024x320.png 1024w, https:\/\/bogonglaser.com\/wp-content\/uploads\/2025\/02\/QQ\u56fe\u724720260305110954-768x240.png 768w, https:\/\/bogonglaser.com\/wp-content\/uploads\/2025\/02\/QQ\u56fe\u724720260305110954-1536x480.png 1536w, https:\/\/bogonglaser.com\/wp-content\/uploads\/2025\/02\/QQ\u56fe\u724720260305110954-18x6.png 18w, https:\/\/bogonglaser.com\/wp-content\/uploads\/2025\/02\/QQ\u56fe\u724720260305110954-600x187.png 600w\" sizes=\"(max-width: 1197px) 100vw, 1197px\" \/><figcaption id=\"caption-attachment-9096\" class=\"wp-caption-text\">BOGONG have CE FDA SGS Rohs certifcates<\/figcaption><\/figure>\n<figure id=\"attachment_9098\" aria-describedby=\"caption-attachment-9098\" style=\"width: 1196px\" class=\"wp-caption alignnone\"><img decoding=\"async\" class=\"wp-image-9098\" src=\"https:\/\/bogonglaser.com\/wp-content\/uploads\/2025\/02\/customer-visiting-bogong-laser.jpg\" alt=\"customer visiting bogong laser\" width=\"1196\" height=\"489\" title=\"\" srcset=\"https:\/\/bogonglaser.com\/wp-content\/uploads\/2025\/02\/customer-visiting-bogong-laser.jpg 1257w, https:\/\/bogonglaser.com\/wp-content\/uploads\/2025\/02\/customer-visiting-bogong-laser-300x123.jpg 300w, https:\/\/bogonglaser.com\/wp-content\/uploads\/2025\/02\/customer-visiting-bogong-laser-1024x419.jpg 1024w, https:\/\/bogonglaser.com\/wp-content\/uploads\/2025\/02\/customer-visiting-bogong-laser-768x314.jpg 768w, https:\/\/bogonglaser.com\/wp-content\/uploads\/2025\/02\/customer-visiting-bogong-laser-18x7.jpg 18w, https:\/\/bogonglaser.com\/wp-content\/uploads\/2025\/02\/customer-visiting-bogong-laser-600x245.jpg 600w\" sizes=\"(max-width: 1196px) 100vw, 1196px\" \/><figcaption id=\"caption-attachment-9098\" class=\"wp-caption-text\">customer visiting bogong laser<\/figcaption><\/figure>","protected":false},"excerpt":{"rendered":"<p>BOGONG is a professional manufacturer of small laser cutting machine with high precision, trong cutting ability and wide recongnition from global customers, Reliable quality, factory direct supply, welcome to inquiry.<\/p>\n<p>Cutting Metal Sheet: stainless steel, Gold, Silver, aluminum alloy, copper, titanium alloy, carbon steel, and various alloy steels.<\/p>\n<ul class=\"tips\">\n<li>50 Sets \/ Month Waiting for Sale In Stock<\/li>\n<li>2 Years Limited Warranty for Entire Machine<\/li>\n<li>Online (PayPal) &amp; Offline (T\/T, Debit &amp; Credit Cards)<\/li>\n<li>Lifetime Free Technical Support for End-Users &amp; Dealers<\/li>\n<\/ul>\n<hr \/>\n<h4><strong>Get a Quote<\/strong><\/h4>\n<p>[contact-form-7 id=&#8221;029fbc1&#8243; title=&#8221;Products Form&#8221;]<\/p>\n","protected":false},"featured_media":9093,"template":"","meta":{"_gspb_post_css":""},"product_brand":[],"product_cat":[117,92,118],"product_tag":[178,105,177,106,176],"class_list":{"0":"post-2402","1":"product","2":"type-product","3":"status-publish","4":"has-post-thumbnail","6":"product_cat-fiber-laser-cutting-machine","7":"product_cat-laser-cutting-machine","8":"product_cat-laser-metal-cutting-machine","9":"product_tag-compact-metal-laser-cutting-equipment","10":"product_tag-fiber-laser-cutting-machine","11":"product_tag-high-precision-mini-metal-laser-cutter","12":"product_tag-laser-cutting-machine","13":"product_tag-small-fiber-laser-cutting-machine-for-metal","15":"first","16":"instock","17":"shipping-taxable","18":"product-type-simple"},"_links":{"self":[{"href":"https:\/\/bogonglaser.com\/pt\/wp-json\/wp\/v2\/product\/2402","targetHints":{"allow":["GET"]}}],"collection":[{"href":"https:\/\/bogonglaser.com\/pt\/wp-json\/wp\/v2\/product"}],"about":[{"href":"https:\/\/bogonglaser.com\/pt\/wp-json\/wp\/v2\/types\/product"}],"wp:featuredmedia":[{"embeddable":true,"href":"https:\/\/bogonglaser.com\/pt\/wp-json\/wp\/v2\/media\/9093"}],"wp:attachment":[{"href":"https:\/\/bogonglaser.com\/pt\/wp-json\/wp\/v2\/media?parent=2402"}],"wp:term":[{"taxonomy":"product_brand","embeddable":true,"href":"https:\/\/bogonglaser.com\/pt\/wp-json\/wp\/v2\/product_brand?post=2402"},{"taxonomy":"product_cat","embeddable":true,"href":"https:\/\/bogonglaser.com\/pt\/wp-json\/wp\/v2\/product_cat?post=2402"},{"taxonomy":"product_tag","embeddable":true,"href":"https:\/\/bogonglaser.com\/pt\/wp-json\/wp\/v2\/product_tag?post=2402"}],"curies":[{"name":"wp","href":"https:\/\/api.w.org\/{rel}","templated":true}]}}