{"id":2129,"date":"2024-12-06T11:26:13","date_gmt":"2024-12-06T03:26:13","guid":{"rendered":"https:\/\/bogonglaser.com\/?post_type=product&#038;p=2129"},"modified":"2025-12-10T17:12:04","modified_gmt":"2025-12-10T09:12:04","slug":"3d-uv-laser-marking-machine-2","status":"publish","type":"product","link":"https:\/\/bogonglaser.com\/pt\/3d-uv-laser-marking-machine-2\/","title":{"rendered":"M\u00e1quina de marca\u00e7\u00e3o a laser UV 3D"},"content":{"rendered":"<h2>O que \u00e9 uma m\u00e1quina de marca\u00e7\u00e3o a laser UV 3D?<\/h2>\n<p>A m\u00e1quina de marca\u00e7\u00e3o a laser 3D com fonte de laser UV, cabe\u00e7ote de laser 3D da s\u00e9rie U, software lenmark3ds\/Ezcad3 poderoso para processamento de imagens, possui uma lente din\u00e2mica dentro do cabe\u00e7ote de laser, que pode gravar em formas irregulares. As principais caracter\u00edsticas s\u00e3o as seguintes:<\/p>\n<ul>\n<li>Fonte de laser UV<\/li>\n<li>Software de grava\u00e7\u00e3o 3D para processamento de imagens<\/li>\n<li>Eixo R para marca\u00e7\u00e3o de an\u00e9is e pulseiras<\/li>\n<li>Cabe\u00e7ote de laser din\u00e2mico UV 3D<\/li>\n<li>Altura de foco ajust\u00e1vel de 15 a 80 mm<\/li>\n<li>Ampla sele\u00e7\u00e3o de opcionais<\/li>\n<li>2 anos de garantia<\/li>\n<\/ul>\n<figure id=\"attachment_7443\" aria-describedby=\"caption-attachment-7443\" style=\"width: 300px\" class=\"wp-caption alignnone\"><img decoding=\"async\" class=\"size-medium wp-image-7443\" src=\"https:\/\/bogonglaser.com\/wp-content\/uploads\/2024\/12\/3D-UV-Laser-Marking-Machine-1-300x200.jpg\" alt=\"M\u00e1quina de marca\u00e7\u00e3o a laser UV 3D\" width=\"300\" height=\"200\" title=\"\" srcset=\"https:\/\/bogonglaser.com\/wp-content\/uploads\/2024\/12\/3D-UV-Laser-Marking-Machine-1-300x200.jpg 300w, https:\/\/bogonglaser.com\/wp-content\/uploads\/2024\/12\/3D-UV-Laser-Marking-Machine-1-18x12.jpg 18w, https:\/\/bogonglaser.com\/wp-content\/uploads\/2024\/12\/3D-UV-Laser-Marking-Machine-1.jpg 600w\" sizes=\"(max-width: 300px) 100vw, 300px\" \/><figcaption id=\"caption-attachment-7443\" class=\"wp-caption-text\">M\u00e1quina de marca\u00e7\u00e3o a laser UV 3D<\/figcaption><\/figure>\n<p><iframe title=\"Melhor m\u00e1quina de marca\u00e7\u00e3o a laser para vidro 3D da China | M\u00e1quina de grava\u00e7\u00e3o a laser para vidro\" width=\"1290\" height=\"726\" src=\"https:\/\/www.youtube.com\/embed\/Na_1pKoJTMQ?feature=oembed\" frameborder=\"0\" allow=\"accelerometer; autoplay; clipboard-write; encrypted-media; gyroscope; picture-in-picture; web-share\" referrerpolicy=\"strict-origin-when-cross-origin\" allowfullscreen><\/iframe><\/p>\n<h2>Caracter\u00edsticas da m\u00e1quina de marca\u00e7\u00e3o a laser UV 3D:<\/h2>\n<p>1. Aplica\u00e7\u00f5es vers\u00e1teis<br \/>\nA m\u00e1quina de marca\u00e7\u00e3o a laser 3D foi projetada para marca\u00e7\u00e3o de superf\u00edcies curvas tridimensionais, capaz de focalizar pontos finos e fornecer marca\u00e7\u00f5es uniformes em uma faixa de toler\u00e2ncia de altura de 0 a 80 mm. N\u00e3o h\u00e1 necessidade de ajustes de foco, o que permite a marca\u00e7\u00e3o perfeita de produtos irregulares, como superf\u00edcies curvas, inclinadas, escalonadas, esferas, cilindros e cones em uma \u00fanica opera\u00e7\u00e3o.<\/p>\n<p>2. Excelente qualidade de entalhe profundo<br \/>\nEquipada com um sistema de marca\u00e7\u00e3o de precis\u00e3o 3D e uma fonte de laser ultravioleta, a m\u00e1quina se destaca em v\u00e1rias necessidades de grava\u00e7\u00e3o, incluindo grava\u00e7\u00e3o em relevo, grava\u00e7\u00e3o profunda e grava\u00e7\u00e3o c\u00f4ncava\/convexa. Ela oferece alta precis\u00e3o e resultados visualmente atraentes.<\/p>\n<p><iframe title=\"M\u00e1quina de grava\u00e7\u00e3o e marca\u00e7\u00e3o a laser para vidro | Marcador a laser UV 3D\" width=\"1290\" height=\"726\" src=\"https:\/\/www.youtube.com\/embed\/F-M4iF703pw?feature=oembed\" frameborder=\"0\" allow=\"accelerometer; autoplay; clipboard-write; encrypted-media; gyroscope; picture-in-picture; web-share\" referrerpolicy=\"strict-origin-when-cross-origin\" allowfullscreen><\/iframe><\/p>\n<p><iframe title=\"Gravador a laser UV 3D para grava\u00e7\u00e3o em relevo em vidro | M\u00e1quina de marca\u00e7\u00e3o a laser UV 3D para venda na China\" width=\"1290\" height=\"726\" src=\"https:\/\/www.youtube.com\/embed\/GPWp4Pm7TFI?feature=oembed\" frameborder=\"0\" allow=\"accelerometer; autoplay; clipboard-write; encrypted-media; gyroscope; picture-in-picture; web-share\" referrerpolicy=\"strict-origin-when-cross-origin\" allowfullscreen><\/iframe><\/p>\n<h3>Aplica\u00e7\u00f5es da m\u00e1quina de marca\u00e7\u00e3o a laser UV 3D<\/h3>\n<ul>\n<li>Marca\u00e7\u00e3o em v\u00e1rios formatos de vidro, pl\u00e1stico, madeira, etc.<\/li>\n<li>Escava\u00e7\u00e3o em camadas e grava\u00e7\u00e3o em baixo-relevo 3D em vidro.<\/li>\n<li>Grava\u00e7\u00f5es em superf\u00edcies irregulares com uma irregularidade de at\u00e9 80 mm.<\/li>\n<li>Grava\u00e7\u00e3o de fotografias, nomes, desenhos e logotipos, inclusive marcas registradas.<\/li>\n<\/ul>\n<figure id=\"attachment_7442\" aria-describedby=\"caption-attachment-7442\" style=\"width: 300px\" class=\"wp-caption alignnone\"><img decoding=\"async\" class=\"size-medium wp-image-7442\" src=\"https:\/\/bogonglaser.com\/wp-content\/uploads\/2024\/12\/3D-uv-laser-for-glass-1-300x169.jpg\" alt=\"Laser uv 3D para vidro\" width=\"300\" height=\"169\" title=\"\" srcset=\"https:\/\/bogonglaser.com\/wp-content\/uploads\/2024\/12\/3D-uv-laser-for-glass-1-300x169.jpg 300w, https:\/\/bogonglaser.com\/wp-content\/uploads\/2024\/12\/3D-uv-laser-for-glass-1-600x338.jpg 600w, https:\/\/bogonglaser.com\/wp-content\/uploads\/2024\/12\/3D-uv-laser-for-glass-1-1024x576.jpg 1024w, https:\/\/bogonglaser.com\/wp-content\/uploads\/2024\/12\/3D-uv-laser-for-glass-1-768x432.jpg 768w, https:\/\/bogonglaser.com\/wp-content\/uploads\/2024\/12\/3D-uv-laser-for-glass-1-18x10.jpg 18w, https:\/\/bogonglaser.com\/wp-content\/uploads\/2024\/12\/3D-uv-laser-for-glass-1.jpg 1280w\" sizes=\"(max-width: 300px) 100vw, 300px\" \/><figcaption id=\"caption-attachment-7442\" class=\"wp-caption-text\">Laser uv 3D para vidro<\/figcaption><\/figure>\n<h3>Como escolher o produto certo <a href=\"https:\/\/bogonglaser.com\/pt\/laser-marking-machine\/uv-laser-marking-machine-copy\/\">M\u00e1quina de marca\u00e7\u00e3o a laser UV 3d<\/a><\/h3>\n<p>Escolher a m\u00e1quina de grava\u00e7\u00e3o a laser UV 3D certa ser\u00e1 importante para sua empresa, como garantir que a m\u00e1quina atenda \u00e0s suas necessidades espec\u00edficas. Aqui est\u00e1 um guia para ajud\u00e1-lo a tomar uma decis\u00e3o informada:<\/p>\n<ol>\n<li><strong>Compatibilidade de materiais<\/strong>: Determine os tipos de materiais que planeja gravar (por exemplo, madeira, acr\u00edlico, vidro). Certifique-se de que a m\u00e1quina escolhida possa lidar com esses materiais de forma eficaz.<\/li>\n<li><strong>Pot\u00eancia do laser:<\/strong>\n<ul>\n<li>5W<\/li>\n<li>10W<\/li>\n<li>15W<\/li>\n<\/ul>\n<\/li>\n<li><strong>Facilidade de uso<\/strong>: Procure m\u00e1quinas com software de f\u00e1cil utiliza\u00e7\u00e3o que permita design e opera\u00e7\u00e3o simples. Lenmark 3DS e Ezcad3 s\u00e3o indicados para trabalhos de grava\u00e7\u00e3o em relevo 3D.<\/li>\n<li><strong>Suporte ao cliente e garantia<\/strong>: Pesquise as op\u00e7\u00f5es de suporte do fabricante e a garantia oferecida. Um servi\u00e7o de atendimento ao cliente confi\u00e1vel pode ser crucial para a solu\u00e7\u00e3o de problemas e a manuten\u00e7\u00e3o.<\/li>\n<\/ol>\n<h2>O que podemos fazer para que voc\u00ea escolha a m\u00e1quina de marca\u00e7\u00e3o a laser 3D?<\/h2>\n<ul>\n<li><span class=\"magic-19\"><b class=\"magic-19\"><span class=\"magic-18\">Amostras de teste gratuitas -<\/span><\/b><span class=\"magic-20\" data-spm-anchor-id=\"a2700.details.0.i41.41d82402R4aegi\">Podemos realizar testes gratuitos de efeito de marca\u00e7\u00e3o de acordo com o material de seu produto<\/span><\/span><\/li>\n<li><span class=\"magic-19\"><b class=\"magic-19\"><span class=\"magic-18\">V\u00eddeo ao vivo<\/span><\/b><span class=\"magic-20\">Voc\u00ea pode entrar em contato com nossos consultores de vendas para assistir ao processo de produ\u00e7\u00e3o e \u00e0 opera\u00e7\u00e3o da m\u00e1quina em um v\u00eddeo on-line.<\/span><\/span><\/li>\n<li><span class=\"magic-19\"><b class=\"magic-19\"><span class=\"magic-18\">Personalizado \/OEM-<\/span><\/b><span class=\"magic-20\" data-spm-anchor-id=\"a2700.details.0.i40.41d82402R4aegi\">M\u00e1quinas personalizadas mediante solicita\u00e7\u00e3o\uff0cEntre em contato conosco<\/span><\/span><\/li>\n<li>\n<figure id=\"attachment_7441\" aria-describedby=\"caption-attachment-7441\" style=\"width: 300px\" class=\"wp-caption alignnone\"><img decoding=\"async\" class=\"size-medium wp-image-7441\" src=\"https:\/\/bogonglaser.com\/wp-content\/uploads\/2024\/12\/bottle-rotary-device-1-300x117.jpg\" alt=\"dispositivo rotativo para garrafas\" width=\"300\" height=\"117\" title=\"\" srcset=\"https:\/\/bogonglaser.com\/wp-content\/uploads\/2024\/12\/bottle-rotary-device-1-300x117.jpg 300w, https:\/\/bogonglaser.com\/wp-content\/uploads\/2024\/12\/bottle-rotary-device-1-600x235.jpg 600w, https:\/\/bogonglaser.com\/wp-content\/uploads\/2024\/12\/bottle-rotary-device-1-18x7.jpg 18w, https:\/\/bogonglaser.com\/wp-content\/uploads\/2024\/12\/bottle-rotary-device-1.jpg 608w\" sizes=\"(max-width: 300px) 100vw, 300px\" \/><figcaption id=\"caption-attachment-7441\" class=\"wp-caption-text\">dispositivo rotativo para garrafas<\/figcaption><\/figure>\n<p><iframe title=\"ELE GOSTA DE M\u00c1QUINA DE GRAVA\u00c7\u00c3O A LASER 3D BOGONG | MELHOR M\u00c1QUINA DE GRAVA\u00c7\u00c3O A LASER 3D DA CHINA PARA VENDA\" width=\"1290\" height=\"726\" src=\"https:\/\/www.youtube.com\/embed\/aoAF09vq8LE?feature=oembed\" frameborder=\"0\" allow=\"accelerometer; autoplay; clipboard-write; encrypted-media; gyroscope; picture-in-picture; web-share\" referrerpolicy=\"strict-origin-when-cross-origin\" allowfullscreen><\/iframe><\/p>\n<p><iframe title=\"O que voc\u00ea acha do gravador a laser 3D da BOGONG? | Cliente da \u00cdndia visitou a BOGONG e comprou o gravador a laser 3D\" width=\"1290\" height=\"726\" src=\"https:\/\/www.youtube.com\/embed\/bq8eli66vTM?feature=oembed\" frameborder=\"0\" allow=\"accelerometer; autoplay; clipboard-write; encrypted-media; gyroscope; picture-in-picture; web-share\" referrerpolicy=\"strict-origin-when-cross-origin\" allowfullscreen><\/iframe><\/li>\n<\/ul>\n<p>Condi\u00e7\u00f5es de pagamento<\/p>\n<p>1. Dep\u00f3sito e saldo: Um dep\u00f3sito de 30% T\/T \u00e9 exigido antecipadamente, com o saldo devido antes do envio.<\/p>\n<p>2. Garantia de com\u00e9rcio do Alibaba: Os pagamentos podem ser processados por meio do Alibaba Trade Assurance.<\/p>\n<p>Perguntas frequentes sobre a m\u00e1quina de marca\u00e7\u00e3o a laser UV 3D<\/p>\n<p>Qual \u00e9 a embalagem da m\u00e1quina de marca\u00e7\u00e3o a laser UV 3d?<br \/>\nNossas m\u00e1quinas s\u00e3o embaladas em uma configura\u00e7\u00e3o de tr\u00eas camadas. A camada externa consiste em um engradado de madeira, a camada intermedi\u00e1ria apresenta estofamento de espuma para proteger contra trepida\u00e7\u00f5es e a camada interna inclui um saco pl\u00e1stico grosso para impermeabiliza\u00e7\u00e3o.<\/p>\n<p>O pacote ser\u00e1 danificado durante o transporte?<br \/>\nProjetamos meticulosamente nossas embalagens para lidar com todos os fatores de poss\u00edveis danos, e nossos agentes de transporte t\u00eam experi\u00eancia em transporte seguro. J\u00e1 exportamos com sucesso para 180 pa\u00edses, portanto, voc\u00ea pode ter certeza de que sua encomenda chegar\u00e1 em excelentes condi\u00e7\u00f5es.<\/p>\n<figure id=\"attachment_7436\" aria-describedby=\"caption-attachment-7436\" style=\"width: 300px\" class=\"wp-caption alignnone\"><img decoding=\"async\" class=\"size-medium wp-image-7436\" src=\"https:\/\/bogonglaser.com\/wp-content\/uploads\/2024\/10\/3df20-marking-machine-factory-pictures-300x225.png\" alt=\"Fotos de f\u00e1brica da m\u00e1quina de marca\u00e7\u00e3o 3df20\" width=\"300\" height=\"225\" title=\"\" srcset=\"https:\/\/bogonglaser.com\/wp-content\/uploads\/2024\/10\/3df20-marking-machine-factory-pictures-300x225.png 300w, https:\/\/bogonglaser.com\/wp-content\/uploads\/2024\/10\/3df20-marking-machine-factory-pictures-600x450.png 600w, https:\/\/bogonglaser.com\/wp-content\/uploads\/2024\/10\/3df20-marking-machine-factory-pictures-768x576.png 768w, https:\/\/bogonglaser.com\/wp-content\/uploads\/2024\/10\/3df20-marking-machine-factory-pictures-16x12.png 16w, https:\/\/bogonglaser.com\/wp-content\/uploads\/2024\/10\/3df20-marking-machine-factory-pictures.png 800w\" sizes=\"(max-width: 300px) 100vw, 300px\" \/><figcaption id=\"caption-attachment-7436\" class=\"wp-caption-text\">Fotos de f\u00e1brica da m\u00e1quina de marca\u00e7\u00e3o 3df20<\/figcaption><\/figure>\n<figure id=\"attachment_7428\" aria-describedby=\"caption-attachment-7428\" style=\"width: 205px\" class=\"wp-caption alignnone\"><img decoding=\"async\" class=\"size-full wp-image-7428\" src=\"https:\/\/bogonglaser.com\/wp-content\/uploads\/2024\/10\/3d-laser-marker-2-1.jpg\" alt=\"Marcador a laser 3d\" width=\"205\" height=\"300\" title=\"\" srcset=\"https:\/\/bogonglaser.com\/wp-content\/uploads\/2024\/10\/3d-laser-marker-2-1.jpg 205w, https:\/\/bogonglaser.com\/wp-content\/uploads\/2024\/10\/3d-laser-marker-2-1-8x12.jpg 8w\" sizes=\"(max-width: 205px) 100vw, 205px\" \/><figcaption id=\"caption-attachment-7428\" class=\"wp-caption-text\">Marcador a laser 3d<\/figcaption><\/figure>\n<p>A maioria dos clientes prefere escolher o transporte por UPS\/DHL express, que pode chegar ao destino em cerca de 5 a 7 dias. <a href=\"https:\/\/bogonglaser.com\/pt\/\">BOGONG<\/a> para obter mais detalhes sobre a m\u00e1quina de marca\u00e7\u00e3o a laser uv.<\/p>","protected":false},"excerpt":{"rendered":"<h2>M\u00e1quina de marca\u00e7\u00e3o a laser UV 3D<\/h2>\n<p>Uma m\u00e1quina de marca\u00e7\u00e3o a laser UV 3D usa a tecnologia laser 3D para criar desenhos ou textos complexos em superf\u00edcies tridimensionais. Ela permite a marca\u00e7\u00e3o em vidro e pl\u00e1stico: X, Y e Z. Ele adota uma combina\u00e7\u00e3o de expansores de feixe e \u00f3ptica de deslocamento antes de direcionar o feixe por meio de uma lente para atingir o material com precis\u00e3o.<\/p>\n<ul class=\"tips\">\n<li>350 conjuntos \/ m\u00eas em espera para venda Em estoque<\/li>\n<li>Garantia limitada de 2 anos para toda a m\u00e1quina<\/li>\n<li>3 a 5 dias para preparar a m\u00e1quina a laser, 3 a 7 dias para o transporte.<\/li>\n<li>Online (PayPal) e offline (T\/T, cart\u00f5es de d\u00e9bito e cr\u00e9dito)<\/li>\n<\/ul>","protected":false},"featured_media":2130,"template":"","meta":{"_gspb_post_css":""},"product_brand":[],"product_cat":[93,96,99],"product_tag":[125,102,124],"class_list":{"0":"post-2129","1":"product","2":"type-product","3":"status-publish","4":"has-post-thumbnail","6":"product_cat-laser-engraving-machine","7":"product_cat-laser-marking-machine","8":"product_cat-uv-laser-marking-machine","9":"product_tag-3d-laser-marking-machine","10":"product_tag-laser-marking-machine","11":"product_tag-uv-laser-marking-machine","13":"first","14":"instock","15":"shipping-taxable","16":"product-type-simple"},"_links":{"self":[{"href":"https:\/\/bogonglaser.com\/pt\/wp-json\/wp\/v2\/product\/2129","targetHints":{"allow":["GET"]}}],"collection":[{"href":"https:\/\/bogonglaser.com\/pt\/wp-json\/wp\/v2\/product"}],"about":[{"href":"https:\/\/bogonglaser.com\/pt\/wp-json\/wp\/v2\/types\/product"}],"wp:featuredmedia":[{"embeddable":true,"href":"https:\/\/bogonglaser.com\/pt\/wp-json\/wp\/v2\/media\/2130"}],"wp:attachment":[{"href":"https:\/\/bogonglaser.com\/pt\/wp-json\/wp\/v2\/media?parent=2129"}],"wp:term":[{"taxonomy":"product_brand","embeddable":true,"href":"https:\/\/bogonglaser.com\/pt\/wp-json\/wp\/v2\/product_brand?post=2129"},{"taxonomy":"product_cat","embeddable":true,"href":"https:\/\/bogonglaser.com\/pt\/wp-json\/wp\/v2\/product_cat?post=2129"},{"taxonomy":"product_tag","embeddable":true,"href":"https:\/\/bogonglaser.com\/pt\/wp-json\/wp\/v2\/product_tag?post=2129"}],"curies":[{"name":"wp","href":"https:\/\/api.w.org\/{rel}","templated":true}]}}