{"id":2127,"date":"2024-12-06T11:23:53","date_gmt":"2024-12-06T03:23:53","guid":{"rendered":"https:\/\/bogonglaser.com\/?post_type=product&#038;p=2127"},"modified":"2025-12-10T17:31:01","modified_gmt":"2025-12-10T09:31:01","slug":"mini-cabinet-laser-marking-machine","status":"publish","type":"product","link":"https:\/\/bogonglaser.com\/pt\/mini-cabinet-laser-marking-machine\/","title":{"rendered":"M\u00e1quina de marca\u00e7\u00e3o a laser para mini gabinetes"},"content":{"rendered":"<p>A m\u00e1quina de marca\u00e7\u00e3o a laser de fibra de cobertura tem um gabinete totalmente fechado para a seguran\u00e7a do trabalhador e apresenta um design compacto e atraente. Esse dispositivo de alta tecnologia combina um laser, um computador, um controlador autom\u00e1tico e um maquin\u00e1rio de precis\u00e3o, o que o torna ideal para a marca\u00e7\u00e3o de materiais met\u00e1licos.<\/p>\n<p>Abertura e fechamento manual da porta.<\/p>\n<p>Pilar de eleva\u00e7\u00e3o el\u00e9trica<\/p>\n<p><iframe title=\"Mini m\u00e1quina de grava\u00e7\u00e3o a laser de fibra com tampa protetora - Opera\u00e7\u00e3o\" width=\"1290\" height=\"726\" src=\"https:\/\/www.youtube.com\/embed\/buVofWd5OIw?feature=oembed\" frameborder=\"0\" allow=\"accelerometer; autoplay; clipboard-write; encrypted-media; gyroscope; picture-in-picture; web-share\" referrerpolicy=\"strict-origin-when-cross-origin\" allowfullscreen><\/iframe><\/p>\n<p>1. Longa vida \u00fatil, mais de 100.000 horas.<\/p>\n<p>2. Fonte de laser compacta com resfriamento a ar<\/p>\n<p>3. gabinete com cobertura total para trabalho seguro<\/p>\n<p>4. Sistema de varredura de galvan\u00f4metro de alta qualidade.<\/p>\n<p>5. Alta precis\u00e3o e repetibilidade para marcas sempre corretas com scanners galvanom\u00e9tricos e controles eletr\u00f4nicos<\/p>\n<p>6. Desempenho mais est\u00e1vel<\/p>\n<p>7. Placa de controle profissional e software de marca\u00e7\u00e3o. O sistema de controle de software tem a interface do Windows e inclui arquivos produzidos por softwares como Coreldraw, AutoCAD, Photoshop etc. AutoCAD, Photoshop etc. Ele pode suportar v\u00e1rios formatos de arquivo, como PLT, DXF, PCX, BMP etc<\/p>\n<p>8. A pot\u00eancia de sa\u00edda \u00e9 est\u00e1vel. O modo \u00f3ptico \u00e9 bom. A qualidade da c\u00e2mera \u00e9 excelente<\/p>\n<p>9. A velocidade de marca\u00e7\u00e3o \u00e9 r\u00e1pida, eficiente e de alta precis\u00e3o.<\/p>\n<p>10. A apar\u00eancia \u00e9 profissional, a opera\u00e7\u00e3o \u00e9 f\u00e1cil<\/p>\n<h2>Aplica\u00e7\u00e3o M\u00e1quina de marca\u00e7\u00e3o a laser de cobertura total pequena:<\/h2>\n<p>Ele pode gravar metal e alguns materiais n\u00e3o met\u00e1licos, o que o torna especialmente \u00fatil em \u00e1reas em que a precis\u00e3o e o acabamento suave s\u00e3o essenciais.<\/p>\n<p>O <a href=\"https:\/\/bogonglaser.com\/pt\/laser-marking-machine\/fiber-laser-marking-machine\/\">M\u00e1quina de marca\u00e7\u00e3o a laser de fibra<\/a> funciona bem com v\u00e1rios metais, incluindo a\u00e7o, tit\u00e2nio, cobre, ouro, prata e at\u00e9 mesmo metais raros, bem como pl\u00e1stico industrial, metais revestidos, cer\u00e2mica e muito mais.<\/p>\n<p>\u00c9 comumente usado para marcar itens como bot\u00f5es de celular, componentes eletr\u00f4nicos, produtos de comunica\u00e7\u00e3o, \u00f3culos, rel\u00f3gios, joias, bot\u00f5es decorativos para caixas e bolsas e produtos de a\u00e7o inoxid\u00e1vel.<\/p>\n<p><iframe title=\"M\u00e1quina de grava\u00e7\u00e3o a laser para mini gabinetes Show | Marcador a laser EZCAD3 2.5D com capa protetora\" width=\"1290\" height=\"726\" src=\"https:\/\/www.youtube.com\/embed\/tbPKDw-UqR0?feature=oembed\" frameborder=\"0\" allow=\"accelerometer; autoplay; clipboard-write; encrypted-media; gyroscope; picture-in-picture; web-share\" referrerpolicy=\"strict-origin-when-cross-origin\" allowfullscreen><\/iframe><\/p>\n<p>Condi\u00e7\u00f5es de pagamento<\/p>\n<p>1. Dep\u00f3sito e saldo: Um dep\u00f3sito de 30% T\/T \u00e9 exigido antecipadamente, com o saldo devido antes do envio.<\/p>\n<p>2. Garantia de com\u00e9rcio do Alibaba: Os pagamentos podem ser processados por meio do Alibaba Trade Assurance.<\/p>\n<p>Perguntas frequentes sobre a m\u00e1quina de marca\u00e7\u00e3o a laser UV 3D<\/p>\n<p>Qual \u00e9 a embalagem da m\u00e1quina de marca\u00e7\u00e3o a laser de gabinete Mni?<br \/>\nNossas m\u00e1quinas s\u00e3o embaladas em uma configura\u00e7\u00e3o de tr\u00eas camadas. A camada externa consiste em um engradado de madeira, a camada intermedi\u00e1ria apresenta estofamento de espuma para proteger contra trepida\u00e7\u00f5es e a camada interna inclui um saco pl\u00e1stico grosso para impermeabiliza\u00e7\u00e3o.<\/p>\n<p>O pacote ser\u00e1 danificado durante o transporte?<br \/>\nProjetamos meticulosamente nossas embalagens para lidar com todos os fatores de poss\u00edveis danos, e nossos agentes de transporte t\u00eam experi\u00eancia em transporte seguro. J\u00e1 exportamos com sucesso para 180 pa\u00edses, portanto, voc\u00ea pode ter certeza de que sua encomenda chegar\u00e1 em excelentes condi\u00e7\u00f5es.<\/p>\n<figure id=\"attachment_7472\" aria-describedby=\"caption-attachment-7472\" style=\"width: 300px\" class=\"wp-caption alignnone\"><img decoding=\"async\" class=\"size-medium wp-image-7472\" src=\"https:\/\/bogonglaser.com\/wp-content\/uploads\/2024\/12\/Small-size-enclosed-marking-machine-300x300.jpg\" alt=\"Small-size enclosed marking machine\" width=\"300\" height=\"300\" title=\"\" srcset=\"https:\/\/bogonglaser.com\/wp-content\/uploads\/2024\/12\/Small-size-enclosed-marking-machine-300x300.jpg 300w, https:\/\/bogonglaser.com\/wp-content\/uploads\/2024\/12\/Small-size-enclosed-marking-machine-100x100.jpg 100w, https:\/\/bogonglaser.com\/wp-content\/uploads\/2024\/12\/Small-size-enclosed-marking-machine-600x600.jpg 600w, https:\/\/bogonglaser.com\/wp-content\/uploads\/2024\/12\/Small-size-enclosed-marking-machine-150x150.jpg 150w, https:\/\/bogonglaser.com\/wp-content\/uploads\/2024\/12\/Small-size-enclosed-marking-machine-768x768.jpg 768w, https:\/\/bogonglaser.com\/wp-content\/uploads\/2024\/12\/Small-size-enclosed-marking-machine-12x12.jpg 12w, https:\/\/bogonglaser.com\/wp-content\/uploads\/2024\/12\/Small-size-enclosed-marking-machine.jpg 1000w\" sizes=\"(max-width: 300px) 100vw, 300px\" \/><figcaption id=\"caption-attachment-7472\" class=\"wp-caption-text\">Small-size enclosed marking machine<\/figcaption><\/figure>\n<p>A maioria dos clientes gosta de escolher o transporte por UPS\/DHL express, que pode chegar ao destino em cerca de 5 a 7 dias. Entre em contato com a BOGONG para obter mais detalhes sobre a m\u00e1quina de marca\u00e7\u00e3o a laser uv.<\/p>","protected":false},"excerpt":{"rendered":"<h2>M\u00e1quina de grava\u00e7\u00e3o a laser com cobertura total<\/h2>\n<p>A m\u00e1quina tem um gabinete totalmente fechado para manter os trabalhadores seguros, e seu design compacto tem \u00f3tima apar\u00eancia. \u00c9 uma m\u00e1quina de alta tecnologia que combina laser, computador, controlador autom\u00e1tico e pe\u00e7as precisas para trabalhar com efici\u00eancia.<\/p>\n<ul class=\"tips\">\n<li>350 conjuntos \/ m\u00eas em espera para venda Em estoque<\/li>\n<li>Garantia limitada de 2 anos para toda a m\u00e1quina<\/li>\n<li>3 a 5 dias para preparar a m\u00e1quina a laser, 3 a 7 dias para o transporte.<\/li>\n<li>Online (PayPal) e offline (T\/T, cart\u00f5es de d\u00e9bito e cr\u00e9dito)<\/li>\n<\/ul>","protected":false},"featured_media":2148,"template":"","meta":{"_gspb_post_css":""},"product_brand":[],"product_cat":[97,93,96],"product_tag":[102],"class_list":{"0":"post-2127","1":"product","2":"type-product","3":"status-publish","4":"has-post-thumbnail","6":"product_cat-fiber-laser-marker","7":"product_cat-laser-engraving-machine","8":"product_cat-laser-marking-machine","9":"product_tag-laser-marking-machine","11":"first","12":"instock","13":"shipping-taxable","14":"product-type-simple"},"_links":{"self":[{"href":"https:\/\/bogonglaser.com\/pt\/wp-json\/wp\/v2\/product\/2127","targetHints":{"allow":["GET"]}}],"collection":[{"href":"https:\/\/bogonglaser.com\/pt\/wp-json\/wp\/v2\/product"}],"about":[{"href":"https:\/\/bogonglaser.com\/pt\/wp-json\/wp\/v2\/types\/product"}],"wp:featuredmedia":[{"embeddable":true,"href":"https:\/\/bogonglaser.com\/pt\/wp-json\/wp\/v2\/media\/2148"}],"wp:attachment":[{"href":"https:\/\/bogonglaser.com\/pt\/wp-json\/wp\/v2\/media?parent=2127"}],"wp:term":[{"taxonomy":"product_brand","embeddable":true,"href":"https:\/\/bogonglaser.com\/pt\/wp-json\/wp\/v2\/product_brand?post=2127"},{"taxonomy":"product_cat","embeddable":true,"href":"https:\/\/bogonglaser.com\/pt\/wp-json\/wp\/v2\/product_cat?post=2127"},{"taxonomy":"product_tag","embeddable":true,"href":"https:\/\/bogonglaser.com\/pt\/wp-json\/wp\/v2\/product_tag?post=2127"}],"curies":[{"name":"wp","href":"https:\/\/api.w.org\/{rel}","templated":true}]}}