{"id":2119,"date":"2024-12-04T17:25:33","date_gmt":"2024-12-04T09:25:33","guid":{"rendered":"https:\/\/bogonglaser.com\/?post_type=product&#038;p=2119"},"modified":"2025-12-10T16:47:52","modified_gmt":"2025-12-10T08:47:52","slug":"30w-fiber-laser-marking-machine","status":"publish","type":"product","link":"https:\/\/bogonglaser.com\/pt\/30w-fiber-laser-marking-machine\/","title":{"rendered":"M\u00e1quina de marca\u00e7\u00e3o a laser de fibra de 30W"},"content":{"rendered":"<p>Apresentamos a m\u00e1quina de marca\u00e7\u00e3o a laser de fibra de 30 W, um marcador a laser de fibra tudo em um, compacto e vers\u00e1til, projetado para oferecer pot\u00eancia e adaptabilidade. Se voc\u00ea deseja gravar logotipos, c\u00f3digos de barras, n\u00fameros de s\u00e9rie ou desenhos complexos, essa m\u00e1quina oferece resultados excepcionais para uma ampla gama de aplica\u00e7\u00f5es.<\/p>\n<p>Apesar de seu tamanho compacto, esse modelo multifuncional oferece um desempenho impressionante, o que o torna perfeito para espa\u00e7os apertados e projetos de marca\u00e7\u00e3o menores. Seu design leve e port\u00e1til garante f\u00e1cil manuseio, permitindo marca\u00e7\u00f5es precisas e exatas todas as vezes, tudo isso enquanto opera em altas velocidades com efici\u00eancia excepcional.<\/p>\n<p>Essa m\u00e1quina \u00e9 uma excelente op\u00e7\u00e3o para pequenas empresas, oficinas e entusiastas de bricolagem que procuram uma solu\u00e7\u00e3o de marca\u00e7\u00e3o confi\u00e1vel que n\u00e3o sacrifique o desempenho devido ao espa\u00e7o limitado. Se voc\u00ea precisa de um marcador a laser de fibra eficiente que se encaixe perfeitamente em seu espa\u00e7o de trabalho, esta \u00e9 a op\u00e7\u00e3o perfeita para voc\u00ea.<\/p>\n<p><img decoding=\"async\" class=\"size-medium wp-image-7414\" src=\"https:\/\/bogonglaser.com\/wp-content\/uploads\/2024\/12\/2D-mini-all-in-one-PC-factory-photos-1-300x225.png\" alt=\"Fotos de f\u00e1brica do mini PC all-in-one 2D\" width=\"300\" height=\"225\" title=\"\" srcset=\"https:\/\/bogonglaser.com\/wp-content\/uploads\/2024\/12\/2D-mini-all-in-one-PC-factory-photos-1-300x225.png 300w, https:\/\/bogonglaser.com\/wp-content\/uploads\/2024\/12\/2D-mini-all-in-one-PC-factory-photos-1-600x450.png 600w, https:\/\/bogonglaser.com\/wp-content\/uploads\/2024\/12\/2D-mini-all-in-one-PC-factory-photos-1-768x576.png 768w, https:\/\/bogonglaser.com\/wp-content\/uploads\/2024\/12\/2D-mini-all-in-one-PC-factory-photos-1-16x12.png 16w, https:\/\/bogonglaser.com\/wp-content\/uploads\/2024\/12\/2D-mini-all-in-one-PC-factory-photos-1.png 800w\" sizes=\"(max-width: 300px) 100vw, 300px\" \/><\/p>\n<p>Aqui est\u00e3o os principais recursos do <a href=\"https:\/\/bogonglaser.com\/pt\/laser-marking-machine\/fiber-laser-marking-machine\/\">M\u00e1quina de marca\u00e7\u00e3o a laser de fibra<\/a>:<\/p>\n<p>1. Fonte de laser de fibra: Fonte de laser de fibra de 30 watts, voc\u00ea tamb\u00e9m pode escolher uma pot\u00eancia maior, como 50 watts, ou uma pot\u00eancia menor, de 20 watts, nesse gabinete. Fontes de laser de fibra de alta qualidade de marcas conceituadas como JPT, Raycus ou IPG. Voc\u00ea desfrutar\u00e1 de uma excelente clareza do feixe de laser e de uma longa vida \u00fatil de at\u00e9 100.000 horas.<\/p>\n<p>2. Sistema de scanner de galvan\u00f4metro digital: Essa m\u00e1quina \u00e9 equipada com um sistema de scanner a laser importado de alta velocidade, capaz de atingir velocidades de marca\u00e7\u00e3o de at\u00e9 8.000 mm\/s, garantindo uma opera\u00e7\u00e3o eficiente.<\/p>\n<p>3. Suporte para tela de PC: O eixo Z ajust\u00e1vel se estende at\u00e9 700 mm, o que o torna perfeito para marca\u00e7\u00e3o em materiais mais grossos ou mais altos.<\/p>\n<p>4. Interruptor de controle: O painel de controle de f\u00e1cil utiliza\u00e7\u00e3o apresenta uma parada de emerg\u00eancia, um interruptor de chave e um interruptor de energia, facilitando a opera\u00e7\u00e3o e a identifica\u00e7\u00e3o dos controles.<\/p>\n<p>5. Sistema de eleva\u00e7\u00e3o: A m\u00e1quina inclui um volante para ajuste conveniente da dist\u00e2ncia do foco do laser, simplificando o processo de opera\u00e7\u00e3o.<\/p>\n<p>6. Ponteiro de luz vermelha: Esse recurso \u00fatil destaca a \u00e1rea de marca\u00e7\u00e3o antes do in\u00edcio da marca\u00e7\u00e3o a laser propriamente dita, aumentando a precis\u00e3o e a exatid\u00e3o.<\/p>\n<p>7. Software de marca\u00e7\u00e3o a laser: O software de marca\u00e7\u00e3o EZCAD \u00e9 repleto de ferramentas de edi\u00e7\u00e3o poderosas, permitindo a cria\u00e7\u00e3o de c\u00f3digos QR, n\u00fameros de s\u00e9rie e v\u00e1rios logotipos. Ele \u00e9 compat\u00edvel com os formatos de arquivo DXF e PLT e vem com um manual do usu\u00e1rio detalhado em ingl\u00eas para orient\u00e1-lo em cada etapa do processo.<\/p>\n<p>8. Lente de escaneamento F-theta: Equipada com uma lente F-theta Ronar-Smith de Cingapura de alta qualidade, essa m\u00e1quina garante que a altura do campo de imagem seja quase proporcional ao \u00e2ngulo de escaneamento. Ela mant\u00e9m uma distor\u00e7\u00e3o de linearidade inferior a 1% sem exigir corre\u00e7\u00e3o de software, o que resulta em distor\u00e7\u00e3o m\u00ednima e resultados n\u00edtidos e claros. A lente tamb\u00e9m apresenta revestimentos AR de alta transmissividade para reduzir a perda de energia e maximizar o rendimento.<\/p>\n<p>Com esses recursos avan\u00e7ados, a m\u00e1quina de marca\u00e7\u00e3o a laser de fibra foi projetada para oferecer precis\u00e3o, efici\u00eancia e facilidade de uso.<\/p>\n<figure id=\"attachment_7413\" aria-describedby=\"caption-attachment-7413\" style=\"width: 300px\" class=\"wp-caption alignnone\"><img decoding=\"async\" class=\"size-medium wp-image-7413\" src=\"https:\/\/bogonglaser.com\/wp-content\/uploads\/2024\/12\/2D-mini-all-in-one-PC-factory-photos-2-300x225.png\" alt=\"Fotos de f\u00e1brica do mini PC all-in-one 2D\" width=\"300\" height=\"225\" title=\"\" srcset=\"https:\/\/bogonglaser.com\/wp-content\/uploads\/2024\/12\/2D-mini-all-in-one-PC-factory-photos-2-300x225.png 300w, https:\/\/bogonglaser.com\/wp-content\/uploads\/2024\/12\/2D-mini-all-in-one-PC-factory-photos-2-600x450.png 600w, https:\/\/bogonglaser.com\/wp-content\/uploads\/2024\/12\/2D-mini-all-in-one-PC-factory-photos-2-768x576.png 768w, https:\/\/bogonglaser.com\/wp-content\/uploads\/2024\/12\/2D-mini-all-in-one-PC-factory-photos-2-16x12.png 16w, https:\/\/bogonglaser.com\/wp-content\/uploads\/2024\/12\/2D-mini-all-in-one-PC-factory-photos-2.png 800w\" sizes=\"(max-width: 300px) 100vw, 300px\" \/><figcaption id=\"caption-attachment-7413\" class=\"wp-caption-text\">Fotos de f\u00e1brica do mini PC all-in-one 2D<\/figcaption><\/figure>\n<p>Aplica\u00e7\u00e3o: M\u00e1quina de marca\u00e7\u00e3o a laser multifuncional para metal, pl\u00e1stico e muito mais.<\/p>\n<p>Nossas m\u00e1quinas de marca\u00e7\u00e3o a laser oferecem uma solu\u00e7\u00e3o vers\u00e1til e eficiente para marcar uma variedade de materiais, como metal, pl\u00e1stico e outros. Se voc\u00ea precisa gravar logotipos, n\u00fameros de s\u00e9rie ou desenhos complexos, nosso laser adapt\u00e1vel pode lidar com v\u00e1rias aplica\u00e7\u00f5es, aumentando a produtividade e garantindo qualidade consistente em diferentes superf\u00edcies.<\/p>\n<ul>\n<li><span class=\"magic-19\"><b class=\"magic-19\"><span class=\"magic-18\">Amostras de teste gratuitas -<\/span><\/b><span class=\"magic-20\" data-spm-anchor-id=\"a2700.details.0.i41.41d82402R4aegi\">Podemos realizar testes gratuitos de efeito de marca\u00e7\u00e3o de acordo com o material de seu produto<\/span><\/span><\/li>\n<li><span class=\"magic-19\"><b class=\"magic-19\"><span class=\"magic-18\">V\u00eddeo ao vivo<\/span><\/b><span class=\"magic-20\">Voc\u00ea pode entrar em contato com nossos consultores de vendas para assistir ao processo de produ\u00e7\u00e3o e \u00e0 opera\u00e7\u00e3o da m\u00e1quina em um v\u00eddeo on-line.<\/span><\/span><\/li>\n<li><span class=\"magic-19\"><b class=\"magic-19\"><span class=\"magic-18\">Personalizado \/OEM-<\/span><\/b><span class=\"magic-20\" data-spm-anchor-id=\"a2700.details.0.i40.41d82402R4aegi\">Customised machines on request<\/span><\/span><\/li>\n<\/ul>\n<figure id=\"attachment_7412\" aria-describedby=\"caption-attachment-7412\" style=\"width: 300px\" class=\"wp-caption alignnone\"><img decoding=\"async\" class=\"size-medium wp-image-7412\" src=\"https:\/\/bogonglaser.com\/wp-content\/uploads\/2024\/12\/2D-mini-all-in-one-PC-factory-photos-300x300.jpg\" alt=\"Fotos de f\u00e1brica do mini PC all-in-one 2D\" width=\"300\" height=\"300\" title=\"\" srcset=\"https:\/\/bogonglaser.com\/wp-content\/uploads\/2024\/12\/2D-mini-all-in-one-PC-factory-photos-300x300.jpg 300w, https:\/\/bogonglaser.com\/wp-content\/uploads\/2024\/12\/2D-mini-all-in-one-PC-factory-photos-100x100.jpg 100w, https:\/\/bogonglaser.com\/wp-content\/uploads\/2024\/12\/2D-mini-all-in-one-PC-factory-photos-600x600.jpg 600w, https:\/\/bogonglaser.com\/wp-content\/uploads\/2024\/12\/2D-mini-all-in-one-PC-factory-photos-150x150.jpg 150w, https:\/\/bogonglaser.com\/wp-content\/uploads\/2024\/12\/2D-mini-all-in-one-PC-factory-photos-768x768.jpg 768w, https:\/\/bogonglaser.com\/wp-content\/uploads\/2024\/12\/2D-mini-all-in-one-PC-factory-photos-12x12.jpg 12w, https:\/\/bogonglaser.com\/wp-content\/uploads\/2024\/12\/2D-mini-all-in-one-PC-factory-photos.jpg 1000w\" sizes=\"(max-width: 300px) 100vw, 300px\" \/><figcaption id=\"caption-attachment-7412\" class=\"wp-caption-text\">Fotos de f\u00e1brica do mini PC all-in-one 2D<\/figcaption><\/figure>\n<p><iframe title=\"M\u00e1quina de marca\u00e7\u00e3o a laser multifuncional pequena para venda\" width=\"1290\" height=\"726\" src=\"https:\/\/www.youtube.com\/embed\/znNbIXDhuHE?feature=oembed\" frameborder=\"0\" allow=\"accelerometer; autoplay; clipboard-write; encrypted-media; gyroscope; picture-in-picture; web-share\" referrerpolicy=\"strict-origin-when-cross-origin\" allowfullscreen><\/iframe><\/p>\n<p>Condi\u00e7\u00f5es de pagamento<\/p>\n<p>1. Dep\u00f3sito e saldo: Um dep\u00f3sito de 30% T\/T \u00e9 exigido antecipadamente, com o saldo devido antes do envio.<\/p>\n<p>2. Garantia de com\u00e9rcio do Alibaba: Os pagamentos podem ser processados por meio do Alibaba Trade Assurance.<\/p>\n<p>Perguntas frequentes sobre a m\u00e1quina de marca\u00e7\u00e3o a laser de fibra de 30W<\/p>\n<p>Qual \u00e9 a embalagem da m\u00e1quina de marca\u00e7\u00e3o a laser de fibra?<br \/>\nNossas m\u00e1quinas s\u00e3o embaladas em uma configura\u00e7\u00e3o de tr\u00eas camadas. A camada externa consiste em um engradado de madeira, a camada intermedi\u00e1ria apresenta estofamento de espuma para proteger contra trepida\u00e7\u00f5es e a camada interna inclui um saco pl\u00e1stico grosso para impermeabiliza\u00e7\u00e3o.<\/p>\n<p><iframe title=\"Impressora de marca\u00e7\u00e3o a laser de fibra multifuncional de 20 W e 30 W para metal e pl\u00e1stico\" width=\"1290\" height=\"726\" src=\"https:\/\/www.youtube.com\/embed\/1gUXk1ygblo?feature=oembed\" frameborder=\"0\" allow=\"accelerometer; autoplay; clipboard-write; encrypted-media; gyroscope; picture-in-picture; web-share\" referrerpolicy=\"strict-origin-when-cross-origin\" allowfullscreen><\/iframe><\/p>\n<p>O pacote ser\u00e1 danificado durante o transporte?<br \/>\nProjetamos meticulosamente nossas embalagens para lidar com todos os fatores de poss\u00edveis danos, e nossos agentes de transporte t\u00eam experi\u00eancia em transporte seguro. J\u00e1 exportamos com sucesso para 180 pa\u00edses, portanto, voc\u00ea pode ter certeza de que sua encomenda chegar\u00e1 em excelentes condi\u00e7\u00f5es.<\/p>\n<p>&nbsp;<\/p>\n<p>A maioria dos clientes gosta de escolher o transporte por UPS\/DHL express, que pode chegar ao destino em cerca de 5 a 7 dias. Entre em contato com a BOGONG para obter mais detalhes sobre <a href=\"https:\/\/bogonglaser.com\/pt\/laser-marking-machine\/fiber-laser-marking-machine\/\">M\u00e1quina de marca\u00e7\u00e3o a laser de fibra<\/a>.<\/p>\n<p>&nbsp;<\/p>","protected":false},"excerpt":{"rendered":"<h2>30W Fiber Laser Marking Machine<\/h2>\n<p>BOGONG 30W laser marking machine addopt 30W fiber laser and famous laser galvo head, 1064nm laser wavelength, It works with a variety of materials, such as stainless steel, titanium, aluminum, copper, brass, alloys, silver, and gold, allowing you to engrave names, logos, signs, letters, numbers, patterns, and photos. This all ine one laser marking machine is now available for sale at an affordable price, making it a great option for your budget.<\/p>\n<ul class=\"tips\">\n<li>350 Sets \/ Month Waiting for Sale In Stock<\/li>\n<li>2 Years Limited Warranty for Entire Machine<\/li>\n<li>3-5 days prepare laser machine, 3-7days transport.<\/li>\n<li>Online (PayPal) &amp; Offline (T\/T, Debit &amp; Credit Cards)<\/li>\n<\/ul>\n<hr \/>\n<h4><strong>Get a Quote<\/strong><\/h4>\n<p>[contact-form-7 id=&#8221;029fbc1&#8243; title=&#8221;Products Form&#8221;]<\/p>\n","protected":false},"featured_media":1966,"template":"","meta":{"_gspb_post_css":""},"product_brand":[],"product_cat":[97,93,96],"product_tag":[104,102],"class_list":{"0":"post-2119","1":"product","2":"type-product","3":"status-publish","4":"has-post-thumbnail","6":"product_cat-fiber-laser-marker","7":"product_cat-laser-engraving-machine","8":"product_cat-laser-marking-machine","9":"product_tag-laser-marker","10":"product_tag-laser-marking-machine","12":"first","13":"instock","14":"shipping-taxable","15":"product-type-simple"},"_links":{"self":[{"href":"https:\/\/bogonglaser.com\/pt\/wp-json\/wp\/v2\/product\/2119","targetHints":{"allow":["GET"]}}],"collection":[{"href":"https:\/\/bogonglaser.com\/pt\/wp-json\/wp\/v2\/product"}],"about":[{"href":"https:\/\/bogonglaser.com\/pt\/wp-json\/wp\/v2\/types\/product"}],"wp:featuredmedia":[{"embeddable":true,"href":"https:\/\/bogonglaser.com\/pt\/wp-json\/wp\/v2\/media\/1966"}],"wp:attachment":[{"href":"https:\/\/bogonglaser.com\/pt\/wp-json\/wp\/v2\/media?parent=2119"}],"wp:term":[{"taxonomy":"product_brand","embeddable":true,"href":"https:\/\/bogonglaser.com\/pt\/wp-json\/wp\/v2\/product_brand?post=2119"},{"taxonomy":"product_cat","embeddable":true,"href":"https:\/\/bogonglaser.com\/pt\/wp-json\/wp\/v2\/product_cat?post=2119"},{"taxonomy":"product_tag","embeddable":true,"href":"https:\/\/bogonglaser.com\/pt\/wp-json\/wp\/v2\/product_tag?post=2119"}],"curies":[{"name":"wp","href":"https:\/\/api.w.org\/{rel}","templated":true}]}}