{"id":2118,"date":"2024-12-04T15:48:23","date_gmt":"2024-12-04T07:48:23","guid":{"rendered":"https:\/\/bogonglaser.com\/?post_type=product&#038;p=2118"},"modified":"2025-12-10T17:33:56","modified_gmt":"2025-12-10T09:33:56","slug":"50w-split-fiber-laser-engraving-machine","status":"publish","type":"product","link":"https:\/\/bogonglaser.com\/pt\/50w-split-fiber-laser-engraving-machine\/","title":{"rendered":"Mini m\u00e1quina de grava\u00e7\u00e3o a laser de fibra dividida"},"content":{"rendered":"<p>Solu\u00e7\u00f5es personalizadas: Quer esteja procurando presentes ou grava\u00e7\u00f5es profissionais, a gravadora a laser split BOGONG Mini permite que voc\u00ea realize facilmente suas vis\u00f5es criativas, oferecendo uma plataforma para possibilidades ilimitadas.<\/p>\n<p>\u00c1rea de grava\u00e7\u00e3o: Superf\u00edcie de trabalho padr\u00e3o: 100*100mm, 7,9\u00d77,9 polegadas (200\u00d7200 mm) e superf\u00edcie de trabalho de 300*300mm s\u00e3o opcionais,<\/p>\n<p>A pot\u00eancia do laser que voc\u00ea pode escolher \u00e9: 20W 30W 50W 60W 100W, e uma velocidade de grava\u00e7\u00e3o impressionante de 10.000 mm\/s, essa m\u00e1quina \u00e9 ideal para uma ampla gama de projetos. (Lentes de 100*100 mm e 300*300 mm opcionais)<\/p>\n<figure id=\"attachment_7458\" aria-describedby=\"caption-attachment-7458\" style=\"width: 300px\" class=\"wp-caption alignnone\"><img decoding=\"async\" class=\"size-medium wp-image-7458\" src=\"https:\/\/bogonglaser.com\/wp-content\/uploads\/2024\/10\/bogong-new-design-1-300x225.png\" alt=\"bogong new design\" width=\"300\" height=\"225\" title=\"\" srcset=\"https:\/\/bogonglaser.com\/wp-content\/uploads\/2024\/10\/bogong-new-design-1-300x225.png 300w, https:\/\/bogonglaser.com\/wp-content\/uploads\/2024\/10\/bogong-new-design-1-600x450.png 600w, https:\/\/bogonglaser.com\/wp-content\/uploads\/2024\/10\/bogong-new-design-1-768x576.png 768w, https:\/\/bogonglaser.com\/wp-content\/uploads\/2024\/10\/bogong-new-design-1-16x12.png 16w, https:\/\/bogonglaser.com\/wp-content\/uploads\/2024\/10\/bogong-new-design-1.png 800w\" sizes=\"(max-width: 300px) 100vw, 300px\" \/><figcaption id=\"caption-attachment-7458\" class=\"wp-caption-text\">bogong new design<\/figcaption><\/figure>\n<p><iframe title=\"Apresentamos a BOOGNG Mini Laser Engraving Machine - Sua melhor experi\u00eancia em grava\u00e7\u00e3o a laser de fibra!\" width=\"1290\" height=\"726\" src=\"https:\/\/www.youtube.com\/embed\/DqvsGNxiQBc?feature=oembed\" frameborder=\"0\" allow=\"accelerometer; autoplay; clipboard-write; encrypted-media; gyroscope; picture-in-picture; web-share\" referrerpolicy=\"strict-origin-when-cross-origin\" allowfullscreen><\/iframe><\/p>\n<p>Interface de controle f\u00e1cil de usar: Essa m\u00e1quina a laser apresenta um painel de controle simples EZCAD2 e \u00e9 compat\u00edvel com o software LightBurn, tornando-a acess\u00edvel tanto para iniciantes quanto para usu\u00e1rios experientes. Voc\u00ea pode mergulhar de cabe\u00e7a e aumentar a efici\u00eancia do seu fluxo de trabalho.<\/p>\n<p>Op\u00e7\u00f5es vers\u00e1teis de materiais: Grave facilmente em uma ampla variedade de materiais, como lat\u00e3o, carboneto, granito, a\u00e7o inoxid\u00e1vel, metal e pl\u00e1stico. Essa flexibilidade permite que voc\u00ea d\u00ea vida aos seus projetos DIY exclusivos e \u00e0s suas cria\u00e7\u00f5es artesanais.<\/p>\n<p>Design eficiente em termos de espa\u00e7o: Pesando 37 kg, esta m\u00e1quina apresenta um design dividido com colunas altas e uma \u00e1rea de processamento espa\u00e7osa, o que a torna ideal para v\u00e1rios ambientes de trabalho, mesmo aqueles com espa\u00e7o limitado.<\/p>\n<p>Embalagem protetora: Sua m\u00e1quina \u00e9 fornecida com seguran\u00e7a e amortecida com espuma para garantir que chegue sem danos. Se ocorrer algum problema durante o transporte, voc\u00ea poder\u00e1 ter direito a uma indeniza\u00e7\u00e3o.<\/p>\n<p>Suporte pr\u00e9-venda abrangente: Independentemente de voc\u00ea preferir enviar um e-mail, ligar, conversar on-line ou visitar nosso representante de clientes, nossa equipe dedicada oferece suporte completo para ajud\u00e1-lo a entender todos os aspectos da m\u00e1quina. Estamos aqui para responder \u00e0s suas perguntas e lhe dar a confian\u00e7a de que precisa.<\/p>\n<p>Suporte p\u00f3s-venda: Oferecemos sess\u00f5es de instala\u00e7\u00e3o virtual e assist\u00eancia t\u00e9cnica especializada, al\u00e9m de uma garantia de at\u00e9 2 anos (somente para a m\u00e1quina) para lhe dar tranquilidade.<\/p>\n<figure id=\"attachment_7459\" aria-describedby=\"caption-attachment-7459\" style=\"width: 300px\" class=\"wp-caption alignnone\"><img decoding=\"async\" class=\"size-medium wp-image-7459\" src=\"https:\/\/bogonglaser.com\/wp-content\/uploads\/2024\/10\/mini-laser-machine-1-1-300x169.jpg\" alt=\"mini m\u00e1quina a laser\" width=\"300\" height=\"169\" title=\"\" srcset=\"https:\/\/bogonglaser.com\/wp-content\/uploads\/2024\/10\/mini-laser-machine-1-1-300x169.jpg 300w, https:\/\/bogonglaser.com\/wp-content\/uploads\/2024\/10\/mini-laser-machine-1-1-600x338.jpg 600w, https:\/\/bogonglaser.com\/wp-content\/uploads\/2024\/10\/mini-laser-machine-1-1-768x432.jpg 768w, https:\/\/bogonglaser.com\/wp-content\/uploads\/2024\/10\/mini-laser-machine-1-1-18x10.jpg 18w, https:\/\/bogonglaser.com\/wp-content\/uploads\/2024\/10\/mini-laser-machine-1-1.jpg 800w\" sizes=\"(max-width: 300px) 100vw, 300px\" \/><figcaption id=\"caption-attachment-7459\" class=\"wp-caption-text\">mini m\u00e1quina a laser<\/figcaption><\/figure>\n<h3>M\u00e1quina de marca\u00e7\u00e3o de grava\u00e7\u00e3o a laser Mini Split Mini<\/h3>\n<p>Aumente a efici\u00eancia e a conveni\u00eancia e, ao mesmo tempo, maximize o espa\u00e7o, tornando-o a escolha ideal para todas as suas necessidades de grava\u00e7\u00e3o.<\/p>\n<figure id=\"attachment_7475\" aria-describedby=\"caption-attachment-7475\" style=\"width: 300px\" class=\"wp-caption alignnone\"><img decoding=\"async\" class=\"size-medium wp-image-7475\" src=\"https:\/\/bogonglaser.com\/wp-content\/uploads\/2024\/12\/8099368FDA9E46B0E54E09A3AD53B032-1-300x123.jpg\" alt=\"8099368FDA9E46B0E54E09A3AD53B032\" width=\"300\" height=\"123\" title=\"\" srcset=\"https:\/\/bogonglaser.com\/wp-content\/uploads\/2024\/12\/8099368FDA9E46B0E54E09A3AD53B032-1-300x123.jpg 300w, https:\/\/bogonglaser.com\/wp-content\/uploads\/2024\/12\/8099368FDA9E46B0E54E09A3AD53B032-1-600x245.jpg 600w, https:\/\/bogonglaser.com\/wp-content\/uploads\/2024\/12\/8099368FDA9E46B0E54E09A3AD53B032-1-1024x419.jpg 1024w, https:\/\/bogonglaser.com\/wp-content\/uploads\/2024\/12\/8099368FDA9E46B0E54E09A3AD53B032-1-768x314.jpg 768w, https:\/\/bogonglaser.com\/wp-content\/uploads\/2024\/12\/8099368FDA9E46B0E54E09A3AD53B032-1-18x7.jpg 18w, https:\/\/bogonglaser.com\/wp-content\/uploads\/2024\/12\/8099368FDA9E46B0E54E09A3AD53B032-1.jpg 1247w\" sizes=\"(max-width: 300px) 100vw, 300px\" \/><figcaption id=\"caption-attachment-7475\" class=\"wp-caption-text\">8099368FDA9E46B0E54E09A3AD53B032<\/figcaption><\/figure>\n<h3>Capacidade de material<\/h3>\n<div class=\"collapsible-tab__text\">\n<p><strong>Metais:<\/strong>\u00a0A\u00e7o inoxid\u00e1vel, alum\u00ednio, ligas comuns, alum\u00ednio anodizado, lat\u00e3o, cromo, ouro e prata, tit\u00e2nio<\/p>\n<p><strong>N\u00e3o-metais:<\/strong>\u00a0Ard\u00f3sia, pl\u00e1sticos duros, couro artificial, acr\u00edlico colorido<\/p>\n<\/div>\n<p><iframe title=\"O que um cortador de gravador a laser de 50 W pode fazer? | Melhor m\u00e1quina de marca\u00e7\u00e3o a laser de fibra Raycus de 50 watts para venda\" width=\"1290\" height=\"968\" src=\"https:\/\/www.youtube.com\/embed\/1DLnYH3dJXQ?feature=oembed\" frameborder=\"0\" allow=\"accelerometer; autoplay; clipboard-write; encrypted-media; gyroscope; picture-in-picture; web-share\" referrerpolicy=\"strict-origin-when-cross-origin\" allowfullscreen><\/iframe><\/p>\n<p class=\"section-header__title\">Tecnologia avan\u00e7ada de laser<br \/>\nA fonte de laser est\u00e1vel e famosa dessa m\u00e1quina de marca\u00e7\u00e3o por fibra garante um desempenho consistente e confi\u00e1vel, com um tempo m\u00e9dio de falha de mais de 100.000 horas.<\/p>\n<p><iframe title=\"Como USAR uma m\u00e1quina de marca\u00e7\u00e3o a laser de fibra passo a passo para trabalhos de grava\u00e7\u00e3o\" width=\"1290\" height=\"726\" src=\"https:\/\/www.youtube.com\/embed\/WoOi7mteSzM?feature=oembed\" frameborder=\"0\" allow=\"accelerometer; autoplay; clipboard-write; encrypted-media; gyroscope; picture-in-picture; web-share\" referrerpolicy=\"strict-origin-when-cross-origin\" allowfullscreen><\/iframe><\/p>\n<p>O pacote inclui<br \/>\n- 1 x M\u00e1quina marcadora a laser de fibra<br \/>\n- 1 x cabo de alimenta\u00e7\u00e3o<br \/>\n- 1 x Pedal<br \/>\n- 1 par de \u00f3culos de prote\u00e7\u00e3o contra laser<br \/>\n- 1 x unidade flash USB<br \/>\n- 1 x r\u00e9gua<br \/>\n- 1 x manual de instru\u00e7\u00f5es<\/p>\n<p>- 1 x cart\u00e3o de alum\u00ednio para teste<\/p>\n<p>- 1 x ferramentas<\/p>\n<p><iframe title=\"Desembalagem da m\u00e1quina de grava\u00e7\u00e3o a laser de fibra BOGONG MINI | Melhor gravador a laser BOGONG\" width=\"1290\" height=\"726\" src=\"https:\/\/www.youtube.com\/embed\/_96ZvRvowGE?feature=oembed\" frameborder=\"0\" allow=\"accelerometer; autoplay; clipboard-write; encrypted-media; gyroscope; picture-in-picture; web-share\" referrerpolicy=\"strict-origin-when-cross-origin\" allowfullscreen><\/iframe><\/p>\n<h2>Como escolher a marca certa<\/h2>\n<p>Investir em um <a href=\"https:\/\/bogonglaser.com\/pt\/laser-engraving-machine\/\">M\u00e1quina de grava\u00e7\u00e3o com pistola a laser de fibra<\/a> \u00e9 uma decis\u00e3o importante, por isso \u00e9 essencial escolher uma marca que ofere\u00e7a valor e confiabilidade. Aqui est\u00e3o alguns fatores importantes a serem considerados ao selecionar a marca certa para suas necessidades:<\/p>\n<p>Reputa\u00e7\u00e3o da marca: Pesquise a reputa\u00e7\u00e3o e a confiabilidade da marca no setor. Procure empresas conhecidas por seus produtos de qualidade.<\/p>\n<p>Experi\u00eancia no setor: Avalie a experi\u00eancia e o conhecimento especializado da marca no campo da grava\u00e7\u00e3o a laser.<\/p>\n<p>Qualidade e inova\u00e7\u00e3o do produto: Considere a qualidade dos produtos e as inova\u00e7\u00f5es tecnol\u00f3gicas que eles oferecem.<\/p>\n<p>Variedade de modelos: Procure uma marca que ofere\u00e7a uma gama diversificada de modelos com especifica\u00e7\u00f5es variadas para atender \u00e0s suas necessidades espec\u00edficas.<\/p>\n<p>Suporte p\u00f3s-venda: Verifique o n\u00edvel de suporte p\u00f3s-venda oferecido. Um servi\u00e7o de atendimento ao cliente confi\u00e1vel \u00e9 fundamental para resolver qualquer problema que possa surgir.<\/p>\n<p>Garantia: Examine as pol\u00edticas de garantia associadas aos seus produtos para garantir que voc\u00ea esteja protegido em caso de defeitos ou problemas.<\/p>\n<p>Por fim, o pre\u00e7o e o valor geral s\u00e3o considera\u00e7\u00f5es importantes. N\u00e3o deixe de analisar os coment\u00e1rios e as recomenda\u00e7\u00f5es dos usu\u00e1rios para tomar uma decis\u00e3o informada.<\/p>\n<p>**Por que escolher o BOGONG LASER?<\/p>\n<p>A BOGONG \u00e9 famosa por sua qualidade de equipamentos a laser e servi\u00e7os de p\u00f3s-venda. Nossas m\u00e1quinas s\u00e3o vers\u00e1teis e f\u00e1ceis de usar, projetadas com todos os n\u00edveis de habilidade em mente. Acima de tudo, priorizamos a satisfa\u00e7\u00e3o do cliente. N\u00e3o importa se voc\u00ea \u00e9 um especialista experiente ou um iniciante, <a href=\"https:\/\/bogonglaser.com\/pt\/\">LASER BOGONG<\/a> est\u00e1 aqui para apoi\u00e1-lo em cada etapa do processo. Confie em n\u00f3s e em nosso servi\u00e7o, onde a excel\u00eancia e a inova\u00e7\u00e3o se unem para o seu sucesso.<\/p>","protected":false},"excerpt":{"rendered":"<h2>M\u00e1quina de grava\u00e7\u00e3o a laser de fibra Mini Split Mini<\/h2>\n<p>M\u00e1quina de grava\u00e7\u00e3o a laser de fibra da BOGONG com design dividido, peso leve e tamanho pequeno.<\/p>\n<ul class=\"tips\">\n<li>300 conjuntos \/ m\u00eas aguardando para venda Em estoque<\/li>\n<li>Garantia limitada de 2 anos para toda a m\u00e1quina<\/li>\n<li>Online (PayPal) e offline (T\/T, cart\u00f5es de d\u00e9bito e cr\u00e9dito)<\/li>\n<li>Suporte t\u00e9cnico gratuito vital\u00edcio para usu\u00e1rios finais e revendedores<\/li>\n<\/ul>","protected":false},"featured_media":1639,"template":"","meta":{"_gspb_post_css":""},"product_brand":[],"product_cat":[97,93,96],"product_tag":[123,102],"class_list":{"0":"post-2118","1":"product","2":"type-product","3":"status-publish","4":"has-post-thumbnail","6":"product_cat-fiber-laser-marker","7":"product_cat-laser-engraving-machine","8":"product_cat-laser-marking-machine","9":"product_tag-fiber-laser-marking-machine","10":"product_tag-laser-marking-machine","12":"first","13":"instock","14":"shipping-taxable","15":"product-type-simple"},"_links":{"self":[{"href":"https:\/\/bogonglaser.com\/pt\/wp-json\/wp\/v2\/product\/2118","targetHints":{"allow":["GET"]}}],"collection":[{"href":"https:\/\/bogonglaser.com\/pt\/wp-json\/wp\/v2\/product"}],"about":[{"href":"https:\/\/bogonglaser.com\/pt\/wp-json\/wp\/v2\/types\/product"}],"wp:featuredmedia":[{"embeddable":true,"href":"https:\/\/bogonglaser.com\/pt\/wp-json\/wp\/v2\/media\/1639"}],"wp:attachment":[{"href":"https:\/\/bogonglaser.com\/pt\/wp-json\/wp\/v2\/media?parent=2118"}],"wp:term":[{"taxonomy":"product_brand","embeddable":true,"href":"https:\/\/bogonglaser.com\/pt\/wp-json\/wp\/v2\/product_brand?post=2118"},{"taxonomy":"product_cat","embeddable":true,"href":"https:\/\/bogonglaser.com\/pt\/wp-json\/wp\/v2\/product_cat?post=2118"},{"taxonomy":"product_tag","embeddable":true,"href":"https:\/\/bogonglaser.com\/pt\/wp-json\/wp\/v2\/product_tag?post=2118"}],"curies":[{"name":"wp","href":"https:\/\/api.w.org\/{rel}","templated":true}]}}