{"id":2099,"date":"2024-12-04T09:34:52","date_gmt":"2024-12-04T01:34:52","guid":{"rendered":"https:\/\/bogonglaser.com\/?post_type=product&#038;p=2099"},"modified":"2025-12-10T16:19:29","modified_gmt":"2025-12-10T08:19:29","slug":"automatic-loading-laser-tube-cutting-machine","status":"publish","type":"product","link":"https:\/\/bogonglaser.com\/pt\/automatic-loading-laser-tube-cutting-machine\/","title":{"rendered":"M\u00e1quina de corte de tubos a laser com carregamento autom\u00e1tico"},"content":{"rendered":"<p>M\u00e1quina autom\u00e1tica de corte a laser de tubos<\/p>\n<p>The Automatic Tube Laser Cutting Machine features a unique upper feeding structure that optimizes space efficiency.<\/p>\n<p>1. Tr\u00eas mandris s\u00e3o fixados ao mesmo tempo para evitar a deforma\u00e7\u00e3o do tubo.<br \/>\n2. O tubo \u00e9 alinhado automaticamente para evitar que o tubo balance.<br \/>\n3. Pode ser equipado com carregamento e descarregamento autom\u00e1ticos, economizando trabalho<br \/>\n4. Fun\u00e7\u00e3o de tra\u00e7\u00e3o dupla para realizar o processamento de encaixes de tubos ultralongos.<br \/>\n5. Suporte flutuante intermedi\u00e1rio e suporte de bloqueio de acompanhamento<br \/>\n6. Evita a flacidez do tubo, a obtura\u00e7\u00e3o auxiliar e garante a precis\u00e3o do corte.<br \/>\n7. Design fechado \u00e0 prova de poeira, melhora a vida \u00fatil da estrutura<br \/>\n8. Ele pode ser equipado com um cabe\u00e7ote de corte a laser especial para se adaptar a qualquer processamento complexo de corte de tubos<br \/>\n9. Evita o cart\u00e3o intermedi\u00e1rio, a terceira fixa\u00e7\u00e3o do mandril, pode ser convertida de ponta a ponta, material de cauda zero f\u00e1cil.<\/p>\n<p><img decoding=\"async\" class=\"size-medium wp-image-7380\" src=\"https:\/\/bogonglaser.com\/wp-content\/uploads\/2024\/12\/Automatic-feeding-pipe-cutting-machine-300x300.jpg\" alt=\"Automatic feeding pipe cutting machine\" width=\"300\" height=\"300\" title=\"\" srcset=\"https:\/\/bogonglaser.com\/wp-content\/uploads\/2024\/12\/Automatic-feeding-pipe-cutting-machine-300x300.jpg 300w, https:\/\/bogonglaser.com\/wp-content\/uploads\/2024\/12\/Automatic-feeding-pipe-cutting-machine-100x100.jpg 100w, https:\/\/bogonglaser.com\/wp-content\/uploads\/2024\/12\/Automatic-feeding-pipe-cutting-machine-600x600.jpg 600w, https:\/\/bogonglaser.com\/wp-content\/uploads\/2024\/12\/Automatic-feeding-pipe-cutting-machine-150x150.jpg 150w, https:\/\/bogonglaser.com\/wp-content\/uploads\/2024\/12\/Automatic-feeding-pipe-cutting-machine-12x12.jpg 12w, https:\/\/bogonglaser.com\/wp-content\/uploads\/2024\/12\/Automatic-feeding-pipe-cutting-machine.jpg 750w\" sizes=\"(max-width: 300px) 100vw, 300px\" \/><\/p>\n<p>&nbsp;<\/p>\n<p><strong>Di\u00e2metro do tubo:<\/strong><\/p>\n<p>Essa m\u00e1quina processa tubos com di\u00e2metros que variam de \u03c6 10 a \u03c6 180 para alimenta\u00e7\u00e3o autom\u00e1tica; se o tubo for carregado manualmente, o di\u00e2metro m\u00e1ximo do cortador a laser \u00e9 de 240 mm.<\/p>\n<p>&nbsp;<\/p>\n<p>Vantagens:<\/p>\n<p>- A velocidade de corte r\u00e1pida e a alta efici\u00eancia garantem a produtividade.<br \/>\n- Opera\u00e7\u00e3o segura com desempenho est\u00e1vel.<br \/>\n- Cortes de alta qualidade com deforma\u00e7\u00e3o m\u00ednima, resultando em um acabamento suave e atraente.<br \/>\n- Equipado com servomotores e trilhos-guia importados para maior precis\u00e3o de corte.<br \/>\n- O software de f\u00e1cil utiliza\u00e7\u00e3o permite o processamento em tempo real de v\u00e1rios gr\u00e1ficos e textos, oferecendo uma opera\u00e7\u00e3o flex\u00edvel e direta.<\/p>\n<p>&nbsp;<\/p>\n<p>Outro cortador a laser de tubos:<\/p>\n<p>Oferece modos de opera\u00e7\u00e3o manual e autom\u00e1tico.<\/p>\n<div class=\"sub-header-divs\">\n<h3>Desempenho<\/h3>\n<\/div>\n<ul>\n<li>Meio de laser - Laser de fibra CW 1070nm de estado s\u00f3lido<\/li>\n<li>Pot\u00eancia do laser - 1500W -6000W Op\u00e7\u00f5es de fonte de fibra<\/li>\n<li>Pot\u00eancia - <strong>220v monof\u00e1sico \/ 380V trif\u00e1sico<\/strong><\/li>\n<li>Precis\u00e3o de posicionamento - \u2264\u00b10,03 mm<\/li>\n<li>Precis\u00e3o da repetibilidade - \u2264\u00b10,02 mm<\/li>\n<\/ul>\n<div class=\"sub-header-divs\">\n<h3>Sistema<\/h3>\n<\/div>\n<ul>\n<li>Sistema de acionamento - Servo de circuito fechado<\/li>\n<li>Modo de resfriamento - \u00c1gua refrigerada<\/li>\n<\/ul>\n<p><iframe title=\"M\u00e1quina profissional de corte de tubos met\u00e1licos a laser de fibra\" width=\"1290\" height=\"726\" src=\"https:\/\/www.youtube.com\/embed\/P8_Y7zygTnw?feature=oembed\" frameborder=\"0\" allow=\"accelerometer; autoplay; clipboard-write; encrypted-media; gyroscope; picture-in-picture; web-share\" referrerpolicy=\"strict-origin-when-cross-origin\" allowfullscreen><\/iframe><\/p>\n<p>A BOGONG \u00e9 famosa por sua qualidade de equipamentos a laser e servi\u00e7os de p\u00f3s-venda. Nossas m\u00e1quinas s\u00e3o vers\u00e1teis e f\u00e1ceis de usar, projetadas com todos os n\u00edveis de habilidade em mente. Acima de tudo, priorizamos a satisfa\u00e7\u00e3o do cliente. N\u00e3o importa se voc\u00ea \u00e9 um especialista experiente ou um iniciante, a BOGONG LASER est\u00e1 aqui para ajud\u00e1-lo em cada etapa do processo. Confie em n\u00f3s e em nosso servi\u00e7o, onde a excel\u00eancia e a inova\u00e7\u00e3o se unem para o seu sucesso.<\/p>","protected":false},"excerpt":{"rendered":"<p>Ela \u00e9 capaz de processar uma variedade de materiais met\u00e1licos, incluindo tubos de a\u00e7o inoxid\u00e1vel, tubos de a\u00e7o carbono e tubos galvanizados. Essa m\u00e1quina \u00e9 amplamente utilizada em setores como fabrica\u00e7\u00e3o de metais, produ\u00e7\u00e3o de utens\u00edlios de cozinha, materiais decorativos, arm\u00e1rios e outros.<\/p>\n<ul class=\"tips\">\n<li>10 conjuntos\/m\u00eas em espera para venda Em estoque<\/li>\n<li>Garantia limitada de 2 anos para toda a m\u00e1quina<\/li>\n<li>Online (PayPal) e offline (T\/T, cart\u00f5es de d\u00e9bito e cr\u00e9dito)<\/li>\n<li>Suporte t\u00e9cnico gratuito vital\u00edcio para usu\u00e1rios finais e revendedores<\/li>\n<\/ul>","protected":false},"featured_media":2101,"template":"","meta":{"_gspb_post_css":""},"product_brand":[],"product_cat":[117,92,118],"product_tag":[122,105],"class_list":{"0":"post-2099","1":"product","2":"type-product","3":"status-publish","4":"has-post-thumbnail","6":"product_cat-fiber-laser-cutting-machine","7":"product_cat-laser-cutting-machine","8":"product_cat-laser-metal-cutting-machine","9":"product_tag-auto-tube-laser-cutting-machine","10":"product_tag-fiber-laser-cutting-machine","12":"first","13":"instock","14":"shipping-taxable","15":"product-type-simple"},"_links":{"self":[{"href":"https:\/\/bogonglaser.com\/pt\/wp-json\/wp\/v2\/product\/2099","targetHints":{"allow":["GET"]}}],"collection":[{"href":"https:\/\/bogonglaser.com\/pt\/wp-json\/wp\/v2\/product"}],"about":[{"href":"https:\/\/bogonglaser.com\/pt\/wp-json\/wp\/v2\/types\/product"}],"wp:featuredmedia":[{"embeddable":true,"href":"https:\/\/bogonglaser.com\/pt\/wp-json\/wp\/v2\/media\/2101"}],"wp:attachment":[{"href":"https:\/\/bogonglaser.com\/pt\/wp-json\/wp\/v2\/media?parent=2099"}],"wp:term":[{"taxonomy":"product_brand","embeddable":true,"href":"https:\/\/bogonglaser.com\/pt\/wp-json\/wp\/v2\/product_brand?post=2099"},{"taxonomy":"product_cat","embeddable":true,"href":"https:\/\/bogonglaser.com\/pt\/wp-json\/wp\/v2\/product_cat?post=2099"},{"taxonomy":"product_tag","embeddable":true,"href":"https:\/\/bogonglaser.com\/pt\/wp-json\/wp\/v2\/product_tag?post=2099"}],"curies":[{"name":"wp","href":"https:\/\/api.w.org\/{rel}","templated":true}]}}