{"id":2079,"date":"2024-11-03T15:07:59","date_gmt":"2024-11-03T07:07:59","guid":{"rendered":"https:\/\/bogonglaser.com\/?post_type=product&#038;p=2079"},"modified":"2025-12-10T16:28:51","modified_gmt":"2025-12-10T08:28:51","slug":"co2-laser-engraver-cutter","status":"publish","type":"product","link":"https:\/\/bogonglaser.com\/pt\/co2-laser-engraver-cutter\/","title":{"rendered":"Cortador de gravador a laser CO2"},"content":{"rendered":"<p>Os sistemas a laser de CO2 de alta velocidade s\u00e3o uma ferramenta acess\u00edvel, f\u00e1cil de usar e flex\u00edvel que pode dar o pontap\u00e9 inicial em uma nova empresa ou aumentar os lucros da sua empresa existente. Voc\u00ea pode pensar em nossas m\u00e1quinas de grava\u00e7\u00e3o e corte a laser como uma impressora a tinta de mesa. Elas usam tecnologia de controle de movimento semelhante para dar vida \u00e0s suas imagens. Em vez de imprimir pontos de tinta no papel, nossos sistemas usam um feixe de laser de CO2 para gravar, cortar e gravar seus designs em uma ampla variedade de materiais.<\/p>\n<figure id=\"attachment_7387\" aria-describedby=\"caption-attachment-7387\" style=\"width: 300px\" class=\"wp-caption alignnone\"><img decoding=\"async\" class=\"size-medium wp-image-7387\" src=\"https:\/\/bogonglaser.com\/wp-content\/uploads\/2024\/11\/CO2-Laser-Engraver-Cutter-300x300.jpg\" alt=\"Cortador de gravador a laser CO2\" width=\"300\" height=\"300\" title=\"\" srcset=\"https:\/\/bogonglaser.com\/wp-content\/uploads\/2024\/11\/CO2-Laser-Engraver-Cutter-300x300.jpg 300w, https:\/\/bogonglaser.com\/wp-content\/uploads\/2024\/11\/CO2-Laser-Engraver-Cutter-100x100.jpg 100w, https:\/\/bogonglaser.com\/wp-content\/uploads\/2024\/11\/CO2-Laser-Engraver-Cutter-150x150.jpg 150w, https:\/\/bogonglaser.com\/wp-content\/uploads\/2024\/11\/CO2-Laser-Engraver-Cutter-12x12.jpg 12w, https:\/\/bogonglaser.com\/wp-content\/uploads\/2024\/11\/CO2-Laser-Engraver-Cutter.jpg 600w\" sizes=\"(max-width: 300px) 100vw, 300px\" \/><figcaption id=\"caption-attachment-7387\" class=\"wp-caption-text\">Cortador de gravador a laser CO2<\/figcaption><\/figure>\n<div class=\"sub-header-1-div\">\n<h3>PRINCIPAIS RECURSOS<\/h3>\n<\/div>\n<ul>\n<li>Pot\u00eancia do laser - 60w 80w 100w 150W 180W<\/li>\n<li>Tubo de laser - tubo de laser de CO2, comprimento de onda de 10,6 \u00b5m (CO2) <strong>Vida \u00fatil: at\u00e9\u00a0<\/strong>10.000 horas<\/li>\n<li>\u00c1rea de trabalho - 400*300mm, 900*600mm, 1300*900mm, 1600*100mm, 1300 mm x 2500 mm, etc.<\/li>\n<li>Software: RDWorks<\/li>\n<li>Plataforma de trabalho - L\u00e2mina de faca<\/li>\n<li>Fonte de alimenta\u00e7\u00e3o - AC 110V (\u00b110%) 60Hz\/ AC 220V 50Hz<\/li>\n<li>Transmiss\u00e3o - motor de passo \/ correias LeadShine (atualiza\u00e7\u00e3o de servomotor dispon\u00edvel).<\/li>\n<li>Conex\u00e3o - Cabo USB \/ Cabo Ethernet<\/li>\n<li>Certifica\u00e7\u00e3o - CE, ISO<\/li>\n<li>Classe - laser classe 4<\/li>\n<\/ul>\n<h2>O que podemos fazer por voc\u00ea?<\/h2>\n<ul>\n<li><span class=\"magic-19\"><b class=\"magic-19\"><span class=\"magic-18\">Amostras de teste gratuitas -<\/span><\/b><span class=\"magic-20\" data-spm-anchor-id=\"a2700.details.0.i41.41d82402R4aegi\">Podemos realizar testes gratuitos de efeito de marca\u00e7\u00e3o de acordo com o material de seu produto<\/span><\/span><\/li>\n<li><span class=\"magic-19\"><b class=\"magic-19\"><span class=\"magic-18\">V\u00eddeo ao vivo<\/span><\/b><span class=\"magic-20\">Voc\u00ea pode entrar em contato com nossos consultores de vendas para assistir ao processo de produ\u00e7\u00e3o e \u00e0 opera\u00e7\u00e3o da m\u00e1quina em um v\u00eddeo on-line.<\/span><\/span><\/li>\n<li><span class=\"magic-19\"><b class=\"magic-19\"><span class=\"magic-18\">Personalizado \/OEM-<\/span><\/b><span class=\"magic-20\" data-spm-anchor-id=\"a2700.details.0.i40.41d82402R4aegi\">M\u00e1quinas personalizadas mediante solicita\u00e7\u00e3o\uff0cEntre em contato conosco<\/span><\/span><\/li>\n<\/ul>\n<p><iframe title=\"COMO FUNCIONA UM LASER DE CO2?  |Software Ruida Operacional da m\u00e1quina a laser de CO2\" width=\"1290\" height=\"726\" src=\"https:\/\/www.youtube.com\/embed\/90ApOcSD6OI?feature=oembed\" frameborder=\"0\" allow=\"accelerometer; autoplay; clipboard-write; encrypted-media; gyroscope; picture-in-picture; web-share\" referrerpolicy=\"strict-origin-when-cross-origin\" allowfullscreen><\/iframe><\/p>\n<h3>Quais pe\u00e7as eu preciso escolher para a m\u00e1quina de corte e grava\u00e7\u00e3o a laser CO2?<\/h3>\n<ul>\n<li>Dispositivo rotativo: h\u00e1 v\u00e1rios dispositivos rotativos com diferentes estilos e di\u00e2metros de bra\u00e7adeira, como 50D 65D 80D<\/li>\n<\/ul>\n<p>Condi\u00e7\u00f5es de pagamento da m\u00e1quina de corte e grava\u00e7\u00e3o a laser CO2<\/p>\n<p>1. Dep\u00f3sito e saldo: Um dep\u00f3sito de 30% T\/T \u00e9 exigido antecipadamente, com o saldo devido antes do envio.<\/p>\n<p>2. Garantia de com\u00e9rcio do Alibaba: Os pagamentos podem ser processados por meio do Alibaba Trade Assurance.<\/p>\n<p>Perguntas frequentes sobre a m\u00e1quina de corte para grava\u00e7\u00e3o a laser de CO2<\/p>\n<p>Qual \u00e9 a embalagem do <strong>M\u00e1quina de corte para grava\u00e7\u00e3o a laser CO2<\/strong>?<br \/>\nNossas m\u00e1quinas s\u00e3o embaladas em uma configura\u00e7\u00e3o de tr\u00eas camadas. A camada externa consiste em um engradado de madeira, a camada intermedi\u00e1ria apresenta estofamento de espuma para proteger contra trepida\u00e7\u00f5es e a camada interna inclui um saco pl\u00e1stico grosso para impermeabiliza\u00e7\u00e3o.<\/p>\n<p>O pacote ser\u00e1 danificado durante o transporte?<br \/>\nProjetamos meticulosamente nossas embalagens para lidar com todos os fatores de poss\u00edveis danos, e nossos agentes de transporte t\u00eam experi\u00eancia em transporte seguro. J\u00e1 exportamos com sucesso para 180 pa\u00edses, portanto, voc\u00ea pode ter certeza de que sua encomenda chegar\u00e1 em excelentes condi\u00e7\u00f5es.<\/p>","protected":false},"excerpt":{"rendered":"<h2>CO2 Laser Engraving Cutting Machine<\/h2>\n<p>Are you looking for a CO2 laser cutting machine that can effortlessly handle thicker materials? If so, the <a href=\"https:\/\/bogonglaser.com\/\">BOGONG laser<\/a> could be just what you need. Models like the 80W CO2 laser cutter not only boost your capabilities and efficiency as a small business owner but also make the experience of laser cutting and engraving enjoyable and accessible, even for beginners.<\/p>\n<ul class=\"tips\">\n<li>350 Sets \/ Month Waiting for Sale In Stock<\/li>\n<li>2 Years Limited Warranty for Entire Machine<\/li>\n<li>3-5 days prepare laser machine, 3-7days transport.<\/li>\n<li>Online (PayPal) &amp; Offline (T\/T, Debit &amp; Credit Cards)<\/li>\n<\/ul>\n<hr \/>\n<h4><strong>Get a Quote<\/strong><\/h4>\n<p>[contact-form-7 id=&#8221;029fbc1&#8243; title=&#8221;Products Form&#8221;]<\/p>\n","protected":false},"featured_media":2090,"template":"","meta":{"_gspb_post_css":""},"product_brand":[],"product_cat":[120,92],"product_tag":[121],"class_list":{"0":"post-2079","1":"product","2":"type-product","3":"status-publish","4":"has-post-thumbnail","6":"product_cat-co2-laser-cutter","7":"product_cat-laser-cutting-machine","8":"product_tag-co2-laser-cutting-machine","10":"first","11":"instock","12":"shipping-taxable","13":"product-type-simple"},"_links":{"self":[{"href":"https:\/\/bogonglaser.com\/pt\/wp-json\/wp\/v2\/product\/2079","targetHints":{"allow":["GET"]}}],"collection":[{"href":"https:\/\/bogonglaser.com\/pt\/wp-json\/wp\/v2\/product"}],"about":[{"href":"https:\/\/bogonglaser.com\/pt\/wp-json\/wp\/v2\/types\/product"}],"wp:featuredmedia":[{"embeddable":true,"href":"https:\/\/bogonglaser.com\/pt\/wp-json\/wp\/v2\/media\/2090"}],"wp:attachment":[{"href":"https:\/\/bogonglaser.com\/pt\/wp-json\/wp\/v2\/media?parent=2079"}],"wp:term":[{"taxonomy":"product_brand","embeddable":true,"href":"https:\/\/bogonglaser.com\/pt\/wp-json\/wp\/v2\/product_brand?post=2079"},{"taxonomy":"product_cat","embeddable":true,"href":"https:\/\/bogonglaser.com\/pt\/wp-json\/wp\/v2\/product_cat?post=2079"},{"taxonomy":"product_tag","embeddable":true,"href":"https:\/\/bogonglaser.com\/pt\/wp-json\/wp\/v2\/product_tag?post=2079"}],"curies":[{"name":"wp","href":"https:\/\/api.w.org\/{rel}","templated":true}]}}