{"id":2075,"date":"2024-12-02T15:16:04","date_gmt":"2024-12-02T07:16:04","guid":{"rendered":"https:\/\/bogonglaser.com\/?post_type=product&#038;p=2075"},"modified":"2025-12-10T16:33:52","modified_gmt":"2025-12-10T08:33:52","slug":"all-in-one-fiber-laser-metal-cutting-machine-tube-and-metal-sheet-laser-cutting-machine","status":"publish","type":"product","link":"https:\/\/bogonglaser.com\/pt\/all-in-one-fiber-laser-metal-cutting-machine-tube-and-metal-sheet-laser-cutting-machine\/","title":{"rendered":"M\u00e1quina de corte a laser de fibra combinada para placas e tubos"},"content":{"rendered":"<p>Uma m\u00e1quina de corte a laser de chapas e tubos \u00e9 vers\u00e1til, capaz de cortar n\u00e3o apenas chapas de metal, mas tamb\u00e9m tubos. Esse sistema de corte a laser de fibra integra as fun\u00e7\u00f5es de processamento de chapas e tubos, atendendo a uma variedade de necessidades dos clientes, como corte chanfrado, perfura\u00e7\u00e3o e abertura de fendas. Essa combina\u00e7\u00e3o economiza significativamente em custos e espa\u00e7o, al\u00e9m de aumentar a efici\u00eancia da produ\u00e7\u00e3o.<\/p>\n<p>Seja trabalhando com materiais met\u00e1licos ou n\u00e3o met\u00e1licos, as m\u00e1quinas de corte a laser de chapas e tubos podem cortar com precis\u00e3o v\u00e1rios formatos e tamanhos de tubos e chapas com alta precis\u00e3o. Elas produzem bordas de alta qualidade que normalmente n\u00e3o exigem limpeza, processamento ou acabamento adicionais, minimizando a necessidade de opera\u00e7\u00f5es secund\u00e1rias.<\/p>\n<p>Esses <a href=\"https:\/\/bogonglaser.com\/pt\/fiber-laser-cutter\/\">M\u00e1quinas de corte a laser de fibra CNC<\/a> podem ajustar facilmente as configura\u00e7\u00f5es do laser para acomodar diferentes tipos e espessuras de materiais, variando de 1 a 200 mm. Eles s\u00e3o adequados para uma ampla variedade de materiais met\u00e1licos, incluindo a\u00e7o inoxid\u00e1vel, a\u00e7o carbono, cobre, alum\u00ednio, lat\u00e3o, ouro, prata, ferro, tit\u00e2nio, chapas galvanizadas e v\u00e1rias ligas.<\/p>\n<div class=\"sub-header-divs\">\n<h3>Desempenho<\/h3>\n<\/div>\n<ul>\n<li>Meio de laser - Laser de fibra CW 1070nm de estado s\u00f3lido<\/li>\n<li>Pot\u00eancia do laser - 1500W -10000W Op\u00e7\u00f5es de fonte de fibra<\/li>\n<li>Pot\u00eancia - <strong>\u00a0380V trif\u00e1sico<\/strong><\/li>\n<li>Precis\u00e3o de posicionamento - \u2264\u00b10,03 mm<\/li>\n<li>Precis\u00e3o da repetibilidade - \u2264\u00b10,02 mm<\/li>\n<\/ul>\n<div class=\"sub-header-divs\">\n<h3>Sistema<\/h3>\n<\/div>\n<ul>\n<li>Sistema de acionamento - Servo de circuito fechado<\/li>\n<li>Modo de resfriamento - \u00c1gua refrigerada<\/li>\n<\/ul>\n<p>Os cortadores a laser de fibra para chapas e tubos oferecem duas fun\u00e7\u00f5es em uma \u00fanica m\u00e1quina, proporcionando efici\u00eancia de espa\u00e7o e economia de custos, al\u00e9m de serem flex\u00edveis e vers\u00e1teis. Solicite uma cota\u00e7\u00e3o agora!<\/p>\n<p>A BOGONG \u00e9 famosa por sua qualidade de equipamentos a laser e servi\u00e7os de p\u00f3s-venda. Nossas m\u00e1quinas s\u00e3o vers\u00e1teis e f\u00e1ceis de usar, projetadas com todos os n\u00edveis de habilidade em mente. Acima de tudo, priorizamos a satisfa\u00e7\u00e3o do cliente. N\u00e3o importa se voc\u00ea \u00e9 um especialista experiente ou um iniciante, <a href=\"https:\/\/bogonglaser.com\/pt\/\">LASER BOGONG<\/a> est\u00e1 aqui para apoi\u00e1-lo em cada etapa do processo. Confie em n\u00f3s e em nosso servi\u00e7o, onde a excel\u00eancia e a inova\u00e7\u00e3o se unem para o seu sucesso.<\/p>","protected":false},"excerpt":{"rendered":"<p>The sheet and tube laser cutting machine is designed to cut a variety of common metal materials, including stainless steel, aluminum alloy, copper, titanium alloy, carbon steel, and various alloy steels. When working with sheet metal, the machine can handle sheet metal. For tube cutting, it can process tubes of various diameters and wall thicknesses, with common diameters ranging from 20 mm to 200 mm. The integrated functionality and high efficiency of this sheet and tube laser cutting machine make it an essential tool in today\u2019s metal processing industry.<\/p>\n<ul class=\"tips\">\n<li>20 Sets \/ Month Waiting for Sale In Stock<\/li>\n<li>2 Years Limited Warranty for Entire Machine<\/li>\n<li>Online (PayPal) &amp; Offline (T\/T, Debit &amp; Credit Cards)<\/li>\n<li>Lifetime Free Technical Support for End-Users &amp; Dealers<\/li>\n<\/ul>\n<hr \/>\n<h4><strong>Get a Quote<\/strong><\/h4>\n<p>[contact-form-7 id=&#8221;029fbc1&#8243; title=&#8221;Products Form&#8221;]<\/p>\n","protected":false},"featured_media":2077,"template":"","meta":{"_gspb_post_css":""},"product_brand":[],"product_cat":[117,92,118],"product_tag":[105,106],"class_list":{"0":"post-2075","1":"product","2":"type-product","3":"status-publish","4":"has-post-thumbnail","6":"product_cat-fiber-laser-cutting-machine","7":"product_cat-laser-cutting-machine","8":"product_cat-laser-metal-cutting-machine","9":"product_tag-fiber-laser-cutting-machine","10":"product_tag-laser-cutting-machine","12":"first","13":"instock","14":"shipping-taxable","15":"product-type-simple"},"_links":{"self":[{"href":"https:\/\/bogonglaser.com\/pt\/wp-json\/wp\/v2\/product\/2075","targetHints":{"allow":["GET"]}}],"collection":[{"href":"https:\/\/bogonglaser.com\/pt\/wp-json\/wp\/v2\/product"}],"about":[{"href":"https:\/\/bogonglaser.com\/pt\/wp-json\/wp\/v2\/types\/product"}],"wp:featuredmedia":[{"embeddable":true,"href":"https:\/\/bogonglaser.com\/pt\/wp-json\/wp\/v2\/media\/2077"}],"wp:attachment":[{"href":"https:\/\/bogonglaser.com\/pt\/wp-json\/wp\/v2\/media?parent=2075"}],"wp:term":[{"taxonomy":"product_brand","embeddable":true,"href":"https:\/\/bogonglaser.com\/pt\/wp-json\/wp\/v2\/product_brand?post=2075"},{"taxonomy":"product_cat","embeddable":true,"href":"https:\/\/bogonglaser.com\/pt\/wp-json\/wp\/v2\/product_cat?post=2075"},{"taxonomy":"product_tag","embeddable":true,"href":"https:\/\/bogonglaser.com\/pt\/wp-json\/wp\/v2\/product_tag?post=2075"}],"curies":[{"name":"wp","href":"https:\/\/api.w.org\/{rel}","templated":true}]}}