{"id":2005,"date":"2024-11-01T11:05:32","date_gmt":"2024-11-01T03:05:32","guid":{"rendered":"https:\/\/bogonglaser.com\/?post_type=product&#038;p=2005"},"modified":"2025-12-10T16:27:16","modified_gmt":"2025-12-10T08:27:16","slug":"bevel-fiber-laser-cutting-machine-groove-cutting-chamfering-by-fiber-laser-cutter","status":"publish","type":"product","link":"https:\/\/bogonglaser.com\/pt\/bevel-fiber-laser-cutting-machine-groove-cutting-chamfering-by-fiber-laser-cutter\/","title":{"rendered":"M\u00e1quina de corte a laser de fibra para chanfros, corte de ranhuras e chanfros por cortador a laser de fibra"},"content":{"rendered":"<h1>M\u00e1quina de corte a laser de chanfro<\/h1>\n<p>O corte chanfrado exige um entendimento preciso da m\u00e1quina a laser e dos processos de corte envolvidos. Para atingir a qualidade de precis\u00e3o exigida, \u00e9 necess\u00e1rio prestar muita aten\u00e7\u00e3o aos cantos, entradas e sa\u00eddas, que devem ser executados em uma sequ\u00eancia espec\u00edfica. A programa\u00e7\u00e3o das pe\u00e7as cortadas tamb\u00e9m desempenha um papel fundamental na manuten\u00e7\u00e3o da precis\u00e3o, exigindo fun\u00e7\u00f5es auxiliares especiais para configurar o software para o corte chanfrado de precis\u00e3o.<\/p>\n<p>Os sistemas autom\u00e1ticos s\u00e3o totalmente controlados e n\u00e3o requerem ajustes manuais, garantindo um desempenho consistente.<\/p>\n<div class=\"sub-header-divs\">\n<h3>Desempenho<\/h3>\n<\/div>\n<ul>\n<li>Meio de laser - Laser de fibra CW 1070nm de estado s\u00f3lido<\/li>\n<li>Pot\u00eancia do laser - 6000W -40000W Op\u00e7\u00f5es de fonte de fibra<\/li>\n<li>Pot\u00eancia - <strong>\u00a0380V trif\u00e1sico<\/strong><\/li>\n<li>Precis\u00e3o de posicionamento - \u2264\u00b10,03 mm<\/li>\n<li>Precis\u00e3o da repetibilidade - \u2264\u00b10,02 mm<\/li>\n<\/ul>\n<div class=\"sub-header-divs\">\n<h3>Sistema<\/h3>\n<\/div>\n<ul>\n<li>Sistema de acionamento - Servo de circuito fechado<\/li>\n<li>Modo de resfriamento - \u00c1gua refrigerada<\/li>\n<\/ul>\n<p>Nossa m\u00e1quina de corte a laser para chanfro de chapas met\u00e1licas rompe com o tradicional corte reto de 0\u00b0, permitindo cortes precisos em chanfro de at\u00e9 45\u00b0 em superf\u00edcies planas. Essa m\u00e1quina lida com efici\u00eancia com v\u00e1rios designs de chanfro, incluindo formas em V, X e Y, concluindo os processos de corte e fresamento em uma \u00fanica opera\u00e7\u00e3o. Como resultado, voc\u00ea obt\u00e9m pe\u00e7as com excepcional precis\u00e3o dimensional e qualidade de superf\u00edcie, o que aumenta significativamente a efici\u00eancia, garante alta qualidade e economiza recursos.<\/p>\n<p><iframe title=\"CORTE DE BEVEL por m\u00e1quina de corte a laser de fibra | Corte de ranhuras, chanfro por cortador a laser de fibra\" width=\"1290\" height=\"726\" src=\"https:\/\/www.youtube.com\/embed\/2ejtVyjr7UY?feature=oembed\" frameborder=\"0\" allow=\"accelerometer; autoplay; clipboard-write; encrypted-media; gyroscope; picture-in-picture; web-share\" referrerpolicy=\"strict-origin-when-cross-origin\" allowfullscreen><\/iframe><\/p>\n<p>If you&#8217;d like more information or want to inquire about the price of our bevel fiber laser cutting machine, feel free to reach out via email!Achieve perfect bevels in a single pass with our advanced cutting technology! Our machine can perform \u00b145\u00b0 bevel cutting, providing an exceptional fit for welding. The cut-offs produced are ideal for zero gap welding, eliminating the need for extra cutting or grinding. This results in a remarkable 75% increase in efficiency compared to traditional metal cutters.<\/p>\n<p>Nosso potente cabe\u00e7ote de corte chanfrado apresenta um sofisticado sistema de controle tridimensional de cinco eixos, que permite o controle preciso do \u00e2ngulo e proporciona cortes chanfrados de alta qualidade todas as vezes.<\/p>\n<p>Voc\u00ea tamb\u00e9m apreciar\u00e1 os benef\u00edcios da perfura\u00e7\u00e3o obl\u00edqua, que leva a um posicionamento preciso ap\u00f3s a perfura\u00e7\u00e3o e aumenta a efici\u00eancia geral do corte.<\/p>\n<p>A BOGONG \u00e9 famosa por sua qualidade de equipamentos a laser e servi\u00e7os de p\u00f3s-venda. Nossas m\u00e1quinas s\u00e3o vers\u00e1teis e f\u00e1ceis de usar, projetadas com todos os n\u00edveis de habilidade em mente. Acima de tudo, priorizamos a satisfa\u00e7\u00e3o do cliente. N\u00e3o importa se voc\u00ea \u00e9 um especialista experiente ou um iniciante, a BOGONG LASER est\u00e1 aqui para ajud\u00e1-lo em cada etapa do processo. Confie em n\u00f3s e em nosso servi\u00e7o, onde a excel\u00eancia e a inova\u00e7\u00e3o se unem para o seu sucesso.<\/p>","protected":false},"excerpt":{"rendered":"<p>A m\u00e1quina de corte a laser de fibra para chanfro simplifica o processo de corte de chanfro de metal, produzindo chanfros perfeitos em apenas uma passagem. Com seu avan\u00e7ado sistema de controle tridimensional de cinco eixos, o cabe\u00e7ote de corte de alta pot\u00eancia da BOGONG Laser gerencia com precis\u00e3o os \u00e2ngulos de corte chanfrado, garantindo sempre cortes de alta qualidade. Como resultado, as pe\u00e7as acabadas s\u00e3o mais adequadas para a soldagem sem emendas em compara\u00e7\u00e3o com os m\u00e9todos tradicionais.<\/p>\n<ul class=\"tips\">\n<li>20 conjuntos \/ m\u00eas aguardando para venda Em estoque<\/li>\n<li>Garantia limitada de 2 anos para toda a m\u00e1quina<\/li>\n<li>Online (PayPal) e offline (T\/T, cart\u00f5es de d\u00e9bito e cr\u00e9dito)<\/li>\n<li>Suporte t\u00e9cnico gratuito vital\u00edcio para usu\u00e1rios finais e revendedores<\/li>\n<\/ul>","protected":false},"featured_media":2007,"template":"","meta":{"_gspb_post_css":""},"product_brand":[],"product_cat":[117,92,118],"product_tag":[105,106],"class_list":{"0":"post-2005","1":"product","2":"type-product","3":"status-publish","4":"has-post-thumbnail","6":"product_cat-fiber-laser-cutting-machine","7":"product_cat-laser-cutting-machine","8":"product_cat-laser-metal-cutting-machine","9":"product_tag-fiber-laser-cutting-machine","10":"product_tag-laser-cutting-machine","12":"first","13":"instock","14":"shipping-taxable","15":"product-type-simple"},"_links":{"self":[{"href":"https:\/\/bogonglaser.com\/pt\/wp-json\/wp\/v2\/product\/2005","targetHints":{"allow":["GET"]}}],"collection":[{"href":"https:\/\/bogonglaser.com\/pt\/wp-json\/wp\/v2\/product"}],"about":[{"href":"https:\/\/bogonglaser.com\/pt\/wp-json\/wp\/v2\/types\/product"}],"wp:featuredmedia":[{"embeddable":true,"href":"https:\/\/bogonglaser.com\/pt\/wp-json\/wp\/v2\/media\/2007"}],"wp:attachment":[{"href":"https:\/\/bogonglaser.com\/pt\/wp-json\/wp\/v2\/media?parent=2005"}],"wp:term":[{"taxonomy":"product_brand","embeddable":true,"href":"https:\/\/bogonglaser.com\/pt\/wp-json\/wp\/v2\/product_brand?post=2005"},{"taxonomy":"product_cat","embeddable":true,"href":"https:\/\/bogonglaser.com\/pt\/wp-json\/wp\/v2\/product_cat?post=2005"},{"taxonomy":"product_tag","embeddable":true,"href":"https:\/\/bogonglaser.com\/pt\/wp-json\/wp\/v2\/product_tag?post=2005"}],"curies":[{"name":"wp","href":"https:\/\/api.w.org\/{rel}","templated":true}]}}