{"id":1981,"date":"2024-11-25T16:08:24","date_gmt":"2024-11-25T08:08:24","guid":{"rendered":"https:\/\/bogonglaser.com\/?post_type=product&#038;p=1981"},"modified":"2025-12-10T16:38:46","modified_gmt":"2025-12-10T08:38:46","slug":"smallest-fiber-laser-cutting-machine-for-brass-gold-silver","status":"publish","type":"product","link":"https:\/\/bogonglaser.com\/pt\/smallest-fiber-laser-cutting-machine-for-brass-gold-silver\/","title":{"rendered":"A menor m\u00e1quina de corte a laser de fibra para lat\u00e3o, ouro e prata"},"content":{"rendered":"<p>Voc\u00ea est\u00e1 procurando a melhor m\u00e1quina de corte a laser de precis\u00e3o (1500W, 2000W ou 3000W) para criar joias de metal personalizadas, como an\u00e9is, brincos, pingentes, pulseiras, abotoaduras, colares, broches e outros ornamentos personalizados feitos de prata, ouro, cobre ou a\u00e7o inoxid\u00e1vel? Confira os mini cortadores compactos a laser de fibra para joias mais bem avaliados dispon\u00edveis para venda a pre\u00e7o de custo.<\/p>\n<p><img decoding=\"async\" class=\"size-medium wp-image-7399\" src=\"https:\/\/bogonglaser.com\/wp-content\/uploads\/2024\/11\/precision-laser-cutter-1-300x174.jpg\" alt=\"cortador a laser de precis\u00e3o\" width=\"300\" height=\"174\" title=\"\" srcset=\"https:\/\/bogonglaser.com\/wp-content\/uploads\/2024\/11\/precision-laser-cutter-1-300x174.jpg 300w, https:\/\/bogonglaser.com\/wp-content\/uploads\/2024\/11\/precision-laser-cutter-1-18x10.jpg 18w, https:\/\/bogonglaser.com\/wp-content\/uploads\/2024\/11\/precision-laser-cutter-1.jpg 432w\" sizes=\"(max-width: 300px) 100vw, 300px\" \/><\/p>\n<div class=\"sub-header-divs\">\n<h3>Desempenho<\/h3>\n<\/div>\n<ul>\n<li>Meio de laser - Laser de fibra CW 1070nm de estado s\u00f3lido<\/li>\n<li>Pot\u00eancia do laser - Op\u00e7\u00f5es de fonte de fibra de 1000W a 3000W<\/li>\n<li>Alimenta\u00e7\u00e3o - 220v\u00a0<strong>monof\u00e1sico\/ 380V trif\u00e1sico<\/strong><\/li>\n<li>Precis\u00e3o de posicionamento - \u2264\u00b10,03 mm<\/li>\n<li>Precis\u00e3o da repetibilidade - \u2264\u00b10,02 mm<\/li>\n<\/ul>\n<div class=\"sub-header-divs\">\n<h3>Sistema<\/h3>\n<\/div>\n<ul>\n<li>Sistema de acionamento - Servo de circuito fechado<\/li>\n<li>Modo de resfriamento - \u00c1gua refrigerada<\/li>\n<\/ul>\n<p>O corte a laser de joias de metal em uma variedade de formatos \u00e9 uma maneira simples e eficiente de criar pe\u00e7as personalizadas. Ele oferece cortes r\u00e1pidos, limpos e suaves. Entretanto, a cria\u00e7\u00e3o de belas joias de metal requer precis\u00e3o e um toque delicado. \u00c9 a\u00ed que entra o pequeno cortador a laser BOGONG 3030. Ele oferece detalhes incr\u00edveis e resultados que v\u00e3o al\u00e9m das expectativas. Al\u00e9m disso, ele pode cortar n\u00e3o apenas ouro e prata, mas tamb\u00e9m materiais como cobre e a\u00e7o inoxid\u00e1vel.<\/p>\n<p>Se voc\u00ea deseja criar joias de metal exclusivas, tudo de que precisa \u00e9 o cortador a laser de fibra 3030 da BOGONG LASER. Ele \u00e9 compacto, economizando um espa\u00e7o de trabalho precioso, e vem equipado com um controlador CNC autom\u00e1tico e um software intuitivo que \u00e9 f\u00e1cil de usar, seja voc\u00ea um iniciante ou um profissional experiente. \u00c9 a op\u00e7\u00e3o perfeita para artes\u00e3os dom\u00e9sticos e propriet\u00e1rios de pequenas empresas.<\/p>\n<p>O que s\u00e3o joias de metal?<br \/>\nAs joias de metal incluem uma ampla variedade de itens, como an\u00e9is, brincos, colares, pulseiras, broches, pingentes e abotoaduras, geralmente feitos de materiais como ouro, prata, cobre e a\u00e7o inoxid\u00e1vel colorido, entre outros metais preciosos.<\/p>\n<p>A maioria dessas joias consiste em pe\u00e7as pequenas, o que exige um alto n\u00edvel de precis\u00e3o de corte e o m\u00ednimo de desperd\u00edcio. Os m\u00e9todos tradicionais de corte mec\u00e2nico simplesmente n\u00e3o atendem \u00e0s demandas modernas da fabrica\u00e7\u00e3o de joias. O corte a laser \u00e9 a melhor solu\u00e7\u00e3o, pois oferece velocidade, precis\u00e3o, alta qualidade e processos n\u00e3o destrutivos e ecologicamente corretos. Como os diferentes metais t\u00eam graus variados de maciez, dureza e refletividade, os lasers de fibra s\u00e3o particularmente adequados para obter cortes precisos em joias de metal.<\/p>\n<p><iframe title=\"A menor m\u00e1quina de corte a laser de fibra: Um avan\u00e7o na tecnologia de corte de metais\" width=\"1290\" height=\"726\" src=\"https:\/\/www.youtube.com\/embed\/9jNRk6QalxQ?feature=oembed\" frameborder=\"0\" allow=\"accelerometer; autoplay; clipboard-write; encrypted-media; gyroscope; picture-in-picture; web-share\" referrerpolicy=\"strict-origin-when-cross-origin\" allowfullscreen><\/iframe><\/p>\n<p><img decoding=\"async\" class=\"size-medium wp-image-7401\" src=\"https:\/\/bogonglaser.com\/wp-content\/uploads\/2024\/11\/smart-fiber-laser-cutter-1-300x169.jpg\" alt=\"Cortador a laser de fibra inteligente\" width=\"300\" height=\"169\" title=\"\" srcset=\"https:\/\/bogonglaser.com\/wp-content\/uploads\/2024\/11\/smart-fiber-laser-cutter-1-300x169.jpg 300w, https:\/\/bogonglaser.com\/wp-content\/uploads\/2024\/11\/smart-fiber-laser-cutter-1-18x10.jpg 18w, https:\/\/bogonglaser.com\/wp-content\/uploads\/2024\/11\/smart-fiber-laser-cutter-1.jpg 600w\" sizes=\"(max-width: 300px) 100vw, 300px\" \/><\/p>\n<h4><a href=\"https:\/\/bogonglaser.com\/pt\/fiber-laser-cutter\/\">M\u00e1quina de corte a laser de fibra<\/a> Setores aplic\u00e1veis<\/h4>\n<p>Equipamentos mec\u00e2nicos e el\u00e9tricos, fabrica\u00e7\u00e3o de chapas met\u00e1licas, gabinetes, produtos de a\u00e7o inoxid\u00e1vel, lumin\u00e1rias, pe\u00e7as automotivas, ferramentas de hardware, placas de publicidade, itens decorativos e outros setores.<\/p>\n<p>Como funciona?<br \/>\nOs cortadores de joias de metal a laser usam tecnologia avan\u00e7ada de laser, e a maneira como os materiais interagem com o laser \u00e9 fundamental para o processo. Aqui est\u00e1 um passo a passo simples de como isso funciona:<\/p>\n<p>1. Entrada do projeto: Primeiro, voc\u00ea cria seu projeto usando um software CAD. Em seguida, esse projeto \u00e9 transformado em um formato leg\u00edvel por m\u00e1quina usando o software CAM.<\/p>\n<p>2. Gera\u00e7\u00e3o de laser: O cortador usa um laser de CO2 ou de fibra para produzir um feixe concentrado de luz de alta temperatura.<\/p>\n<p>3. Focaliza\u00e7\u00e3o do feixe: O sistema \u00f3ptico direciona esse potente feixe de laser para um ponto espec\u00edfico da superf\u00edcie do metal para cort\u00e1-lo ou grav\u00e1-lo.<\/p>\n<p>4. Intera\u00e7\u00e3o com o material: O calor do laser afeta diferentes metais de v\u00e1rias maneiras, portanto, as configura\u00e7\u00f5es podem mudar dependendo do material.<\/p>\n<p>5. Movimento controlado: O laser segue o padr\u00e3o de design que voc\u00ea criou, movendo-se precisamente conforme as instru\u00e7\u00f5es do software.<\/p>\n<p>6. Resfriamento: Um sistema de resfriamento eficaz \u00e9 fundamental para garantir que o produto acabado mantenha sua forma e qualidade originais.<\/p>\n<p>7. Remo\u00e7\u00e3o de res\u00edduos: Ap\u00f3s o processo de corte, qualquer sobra de material \u00e9 limpa para dar \u00e0 pe\u00e7a um acabamento polido.<\/p>\n<p>Por que escolher um cortador a laser de precis\u00e3o para cortar joias de prata, ouro e cobre? - Pr\u00f3s e vantagens<br \/>\nDesign compacto e seguro: O cortador possui vidro antirradia\u00e7\u00e3o padr\u00e3o CE, o que torna sua opera\u00e7\u00e3o mais segura.<\/p>\n<p>Corte de alta precis\u00e3o: Utiliza um sistema de servoacionamento CA japon\u00eas importado para cortes r\u00e1pidos e precisos.<\/p>\n<p>Movimento preciso: O eixo Y foi projetado com uma transmiss\u00e3o de parafuso esf\u00e9rico de alta precis\u00e3o, garantindo cortes retos mesmo em altas velocidades.<\/p>\n<p>Constru\u00e7\u00e3o dur\u00e1vel: A m\u00e1quina foi constru\u00edda para durar e \u00e9 resistente \u00e0 deforma\u00e7\u00e3o.<\/p>\n<p>Posicionamento eficiente: Os grampos pneum\u00e1ticos prendem materiais mais finos com seguran\u00e7a, enquanto uma mesa de l\u00e2mina m\u00f3vel acomoda pe\u00e7as mais grossas, garantindo a precis\u00e3o.<\/p>\n<p>Blindagem de prote\u00e7\u00e3o: O design totalmente fechado impede que qualquer res\u00edduo de metal escape durante o corte.<\/p>\n<p>F\u00e1cil coleta de detritos: Uma bandeja de coleta sob a mesa de corte facilita a coleta e o descarte r\u00e1pido do material restante.<\/p>\n<p>**Por que escolher o BOGONG LASER?<\/p>\n<p>A BOGONG \u00e9 famosa por sua qualidade de equipamentos a laser e servi\u00e7os de p\u00f3s-venda. Nossas m\u00e1quinas s\u00e3o vers\u00e1teis e f\u00e1ceis de usar, projetadas com todos os n\u00edveis de habilidade em mente. Acima de tudo, priorizamos a satisfa\u00e7\u00e3o do cliente. N\u00e3o importa se voc\u00ea \u00e9 um especialista experiente ou um iniciante, <a href=\"https:\/\/bogonglaser.com\/pt\/\">LASER BOGONG<\/a> est\u00e1 aqui para apoi\u00e1-lo em cada etapa do processo. Confie em n\u00f3s e em nosso servi\u00e7o, onde a excel\u00eancia e a inova\u00e7\u00e3o se unem para o seu sucesso.<\/p>\n<figure id=\"attachment_7376\" aria-describedby=\"caption-attachment-7376\" style=\"width: 300px\" class=\"wp-caption alignnone\"><img decoding=\"async\" class=\"size-medium wp-image-7376\" src=\"https:\/\/bogonglaser.com\/wp-content\/uploads\/2024\/11\/fiber-laser-cutting-machine-sealed-1-1-300x225.jpg\" alt=\"M\u00e1quina de corte a laser de fibra selada\" width=\"300\" height=\"225\" title=\"\" srcset=\"https:\/\/bogonglaser.com\/wp-content\/uploads\/2024\/11\/fiber-laser-cutting-machine-sealed-1-1-300x225.jpg 300w, https:\/\/bogonglaser.com\/wp-content\/uploads\/2024\/11\/fiber-laser-cutting-machine-sealed-1-1-600x450.jpg 600w, https:\/\/bogonglaser.com\/wp-content\/uploads\/2024\/11\/fiber-laser-cutting-machine-sealed-1-1-768x576.jpg 768w, https:\/\/bogonglaser.com\/wp-content\/uploads\/2024\/11\/fiber-laser-cutting-machine-sealed-1-1-16x12.jpg 16w, https:\/\/bogonglaser.com\/wp-content\/uploads\/2024\/11\/fiber-laser-cutting-machine-sealed-1-1.jpg 800w\" sizes=\"(max-width: 300px) 100vw, 300px\" \/><figcaption id=\"caption-attachment-7376\" class=\"wp-caption-text\">M\u00e1quina de corte a laser de fibra selada<\/figcaption><\/figure>","protected":false},"excerpt":{"rendered":"<h3>A menor m\u00e1quina de corte a laser de fibra<\/h3>\n<p>A m\u00e1quina de corte a laser de fibra BOGONG 3030 \u00e9 a menor m\u00e1quina de corte a laser para metal, sendo uma maneira fant\u00e1stica de criar pe\u00e7as exclusivas e personalizadas de forma r\u00e1pida e f\u00e1cil. O tamanho do corte \u00e9 de 300*300 mm, com gabinete completo e design seguro, produzindo cortes limpos e suaves, o que a torna uma op\u00e7\u00e3o eficiente para a cria\u00e7\u00e3o. No entanto, a cria\u00e7\u00e3o de belas joias de metal tamb\u00e9m exige precis\u00e3o e um toque de arte. \u00c9 a\u00ed que o pequeno cortador de joias a laser BOGONG entra em a\u00e7\u00e3o. Essa m\u00e1quina produz detalhes excepcionais e resultados que geralmente superam as expectativas. Ela tamb\u00e9m \u00e9 vers\u00e1til, capaz de cortar n\u00e3o apenas ouro e prata, mas tamb\u00e9m materiais como cobre e a\u00e7o inoxid\u00e1vel.<\/p>\n<p>Se voc\u00ea estiver interessado em criar joias de metal exclusivas, o BOGONG 3030 da BOGONG LASER \u00e9 tudo o que voc\u00ea precisa. Seu design compacto economiza espa\u00e7o, e ele vem com um controlador CNC autom\u00e1tico e um software f\u00e1cil de usar que o torna acess\u00edvel a todos, quer voc\u00ea esteja apenas come\u00e7ando ou tenha anos de experi\u00eancia. \u00c9 perfeito para amadores e propriet\u00e1rios de pequenas empresas.<\/p>\n<ul class=\"tips\">\n<li>200 conjuntos\/m\u00eas \u00e0 espera de venda Em estoque<\/li>\n<li>Garantia limitada de 2 anos para toda a m\u00e1quina<\/li>\n<li>Online (PayPal) e offline (T\/T, cart\u00f5es de d\u00e9bito e cr\u00e9dito)<\/li>\n<li>Suporte t\u00e9cnico gratuito vital\u00edcio para usu\u00e1rios finais e revendedores<\/li>\n<\/ul>","protected":false},"featured_media":1983,"template":"","meta":{"_gspb_post_css":""},"product_brand":[],"product_cat":[117,92,118],"product_tag":[105,106],"class_list":{"0":"post-1981","1":"product","2":"type-product","3":"status-publish","4":"has-post-thumbnail","6":"product_cat-fiber-laser-cutting-machine","7":"product_cat-laser-cutting-machine","8":"product_cat-laser-metal-cutting-machine","9":"product_tag-fiber-laser-cutting-machine","10":"product_tag-laser-cutting-machine","12":"first","13":"instock","14":"shipping-taxable","15":"product-type-simple"},"_links":{"self":[{"href":"https:\/\/bogonglaser.com\/pt\/wp-json\/wp\/v2\/product\/1981","targetHints":{"allow":["GET"]}}],"collection":[{"href":"https:\/\/bogonglaser.com\/pt\/wp-json\/wp\/v2\/product"}],"about":[{"href":"https:\/\/bogonglaser.com\/pt\/wp-json\/wp\/v2\/types\/product"}],"wp:featuredmedia":[{"embeddable":true,"href":"https:\/\/bogonglaser.com\/pt\/wp-json\/wp\/v2\/media\/1983"}],"wp:attachment":[{"href":"https:\/\/bogonglaser.com\/pt\/wp-json\/wp\/v2\/media?parent=1981"}],"wp:term":[{"taxonomy":"product_brand","embeddable":true,"href":"https:\/\/bogonglaser.com\/pt\/wp-json\/wp\/v2\/product_brand?post=1981"},{"taxonomy":"product_cat","embeddable":true,"href":"https:\/\/bogonglaser.com\/pt\/wp-json\/wp\/v2\/product_cat?post=1981"},{"taxonomy":"product_tag","embeddable":true,"href":"https:\/\/bogonglaser.com\/pt\/wp-json\/wp\/v2\/product_tag?post=1981"}],"curies":[{"name":"wp","href":"https:\/\/api.w.org\/{rel}","templated":true}]}}