{"id":1974,"date":"2024-11-25T13:45:44","date_gmt":"2024-11-25T05:45:44","guid":{"rendered":"https:\/\/bogonglaser.com\/?post_type=product&#038;p=1974"},"modified":"2025-12-10T18:12:19","modified_gmt":"2025-12-10T10:12:19","slug":"200w-300w-pulse-laser-cleaning-machine-with-raycus-max-jpt-laser","status":"publish","type":"product","link":"https:\/\/bogonglaser.com\/pt\/200w-300w-pulse-laser-cleaning-machine-with-raycus-max-jpt-laser\/","title":{"rendered":"M\u00e1quina de limpeza a laser de pulso com laser Raycus Max JPT"},"content":{"rendered":"<div class=\"vc_row wpb_row vc_row-fluid\">\n<div class=\"wpb_column vc_column_container vc_col-sm-12\">\n<div class=\"vc_column-inner\">\n<div class=\"wpb_wrapper\">\n<div class=\"wpb_text_column wpb_content_element\">\n<div class=\"wpb_wrapper\">\n<p>A pulse\u00a0laser cleaning machine\u00a0is an innovative tool that uses brief, controlled bursts of laser light to effectively remove contaminants from various surfaces. It\u2019s particularly useful for cleaning materials like metal, glass, ceramics, and more. Here are some of its common applications:<\/p>\n<p>\u2013 Removing paint: Effortlessly strip away old paint layers.<br \/>\n\u2013 Rust removal: Eliminate rust to restore surfaces.<br \/>\n\u2013 Oil stains and oxide films: Clean away stubborn oil stains and oxide layers.<br \/>\n\u2013 Weld cleaning: Prepare welds for finishing by removing impurities.<br \/>\n\u2013 Automobile part renovation: Restore and clean auto parts for better performance.<br \/>\n\u2013 Precision parts cleaning: Safeguard the integrity of delicate components.<br \/>\n\u2013 Electronic equipment cleaning: Remove contaminants without damaging sensitive devices.<\/p>\n<p>Essa m\u00e1quina oferece uma maneira eficiente e precisa de manter e restaurar v\u00e1rios materiais.<\/p>\n<p>Os principais recursos s\u00e3o os seguintes:<\/p>\n<ul>\n<li>Tipo de laser: Laser de fibra<br \/>\nPot\u00eancia do laser: 200W 300W<br \/>\nFaixa de sa\u00edda (se ajust\u00e1vel): 0-100%<br \/>\nForma\u00e7\u00e3o de pulsos: MOPA Q-Switched (fator de qualidade)<br \/>\nGerador de laser: JPT\/Raycus\/Max<br \/>\n\u00c1rea de limpeza: 100*100mm (opcional 130x130mm, 150x150mm)<br \/>\nComprimento da fibra: 5m<br \/>\nTipo de resfriamento: Ar<br \/>\nP\u00f3s-venda: 2 anos<\/li>\n<\/ul>\n<\/div>\n<\/div>\n<\/div>\n<\/div>\n<\/div>\n<\/div>\n<div class=\"vc_row wpb_row vc_row-fluid\">\n<div class=\"wpb_column vc_column_container vc_col-sm-12\">\n<div class=\"vc_column-inner\">\n<div class=\"wpb_wrapper\">\n<div class=\"wpb_single_image wpb_content_element vc_align_left wpb_content_element\">\n<figure class=\"wpb_wrapper vc_figure\">\n<div class=\"vc_single_image-wrapper vc_box_border_grey\"><img decoding=\"async\" class=\"vc_single_image-img attachment-full\" title=\"\u9ed1\u767d300w\u6e05\u6d17\u673a\u73b0\u573a\u5b9e\u62cd3\" src=\"https:\/\/bogonglaser.com\/wp-content\/uploads\/2024\/11\/%E9%BB%91%E7%99%BD300w%E6%B8%85%E6%B4%97%E6%9C%BA%E7%8E%B0%E5%9C%BA%E5%AE%9E%E6%8B%8D3.png\" sizes=\"auto, (max-width: 800px) 100vw, 800px\" srcset=\"https:\/\/bogonglaser.com\/wp-content\/uploads\/2024\/11\/\u9ed1\u767d300w\u6e05\u6d17\u673a\u73b0\u573a\u5b9e\u62cd3.png 800w, https:\/\/bogonglaser.com\/wp-content\/uploads\/2024\/11\/\u9ed1\u767d300w\u6e05\u6d17\u673a\u73b0\u573a\u5b9e\u62cd3-300x225.png 300w, https:\/\/bogonglaser.com\/wp-content\/uploads\/2024\/11\/\u9ed1\u767d300w\u6e05\u6d17\u673a\u73b0\u573a\u5b9e\u62cd3-768x576.png 768w, https:\/\/bogonglaser.com\/wp-content\/uploads\/2024\/11\/\u9ed1\u767d300w\u6e05\u6d17\u673a\u73b0\u573a\u5b9e\u62cd3-600x450.png 600w\" alt=\"Limpador de laser de pulso\" width=\"800\" height=\"600\" \/><\/div>\n<\/figure>\n<\/div>\n<\/div>\n<\/div>\n<\/div>\n<\/div>\n<div class=\"vc_row wpb_row vc_row-fluid\">\n<div class=\"wpb_column vc_column_container vc_col-sm-12\">\n<div class=\"vc_column-inner\">\n<div class=\"wpb_wrapper\">\n<div class=\"wpb_video_widget wpb_content_element vc_clearfix vc_video-aspect-ratio-169 vc_video-el-width-80 vc_video-align-left\">\n<div class=\"wpb_wrapper\">\n<h2 class=\"wpb_heading wpb_video_heading\">Introdu\u00e7\u00e3o \u00e0 m\u00e1quina de limpeza a laser de pulso<\/h2>\n<div class=\"wpb_video_wrapper\">\n<p><iframe title=\"O que uma m\u00e1quina de limpeza a laser de pulso de 300 W pode fazer? Limpador a laser pulsado de 300 W para pintura, \u00f3leo, ferrugem etc.\" width=\"1290\" height=\"968\" src=\"https:\/\/www.youtube.com\/embed\/bSn_4ZrmhzA?feature=oembed\" frameborder=\"0\" allow=\"accelerometer; autoplay; clipboard-write; encrypted-media; gyroscope; picture-in-picture; web-share\" referrerpolicy=\"strict-origin-when-cross-origin\" allowfullscreen><\/iframe><\/p>\n<\/div>\n<\/div>\n<\/div>\n<\/div>\n<\/div>\n<\/div>\n<\/div>\n<div class=\"vc_row wpb_row vc_row-fluid\">\n<div class=\"wpb_column vc_column_container vc_col-sm-12\">\n<div class=\"vc_column-inner\">\n<div class=\"wpb_wrapper\">\n<div class=\"wpb_text_column wpb_content_element\">\n<div class=\"wpb_wrapper\">\n<p>Recursos do Pulse Laser Cleaner<\/p>\n<p>O Pulse Laser Cleaner se destaca dos limpadores a laser cont\u00ednuos (CW) por usar um cabe\u00e7ote de limpeza inteligente de oscila\u00e7\u00e3o dupla e oferecer uma impressionante variedade de 8 modos de limpeza para atender a v\u00e1rias aplica\u00e7\u00f5es. Esse sistema gerencia com efici\u00eancia a pot\u00eancia de entrada ajustando par\u00e2metros como largura e frequ\u00eancia de pulso, mantendo temperaturas ideais para a pe\u00e7a de trabalho e minimizando a perda de energia, o que aumenta a efici\u00eancia geral.<\/p>\n<p>Design f\u00e1cil de usar: Projetada com a conveni\u00eancia em mente, essa m\u00e1quina de limpeza a laser inclui um cabo de fibra de 5 metros de comprimento que oferece flexibilidade para opera\u00e7\u00e3o sem limita\u00e7\u00f5es espaciais. A m\u00e1quina a laser BOGONG possui duas telas sens\u00edveis ao toque - uma no cabe\u00e7ote do laser e outra no gabinete da m\u00e1quina - que permitem ajustes f\u00e1ceis dos par\u00e2metros. Sua interface de E\/S expandida permite uma integra\u00e7\u00e3o perfeita com manipuladores para tarefas de limpeza automatizadas. Al\u00e9m disso, est\u00e3o inclu\u00eddos manuais abrangentes em ingl\u00eas e v\u00eddeos instrutivos para garantir uma curva de aprendizado r\u00e1pida e tranquila para os usu\u00e1rios desse removedor de ferrugem a laser.<\/p>\n<p>Versatilidade de modo \u00fanico: A opera\u00e7\u00e3o de modo \u00fanico pulsado, como a m\u00e1quina de limpeza a laser de 2 mJ, \u00e9 altamente adapt\u00e1vel e adequada para v\u00e1rias aplica\u00e7\u00f5es, incluindo a limpeza de superf\u00edcies met\u00e1licas, pe\u00e7as automotivas, pedra, madeira, pl\u00e1stico e outros materiais que exigem limpeza de alta pot\u00eancia. Ela \u00e9 particularmente eficaz para lidar com trabalhos dif\u00edceis com forte ades\u00e3o, como ferrugem pesada, camadas de \u00f3xido e tinta espessa.<\/p>\n<p>Precis\u00e3o multimodo: A opera\u00e7\u00e3o multimodo pulsada, com capacidade de 15 mJ, \u00e9 perfeita para tarefas de alta precis\u00e3o, como limpeza de pe\u00e7as delicadas, manuten\u00e7\u00e3o de equipamentos eletr\u00f4nicos e tratamento de microcomponentes. Ela foi projetada especificamente para lidar com cen\u00e1rios que envolvem ades\u00e3o leve, contaminantes facilmente remov\u00edveis e ferrugem leve, o que a torna a escolha ideal para aplica\u00e7\u00f5es em que evitar danos \u00e9 fundamental, como a limpeza de moldes.<\/p>\n<\/div>\n<\/div>\n<\/div>\n<\/div>\n<\/div>\n<\/div>\n<div class=\"vc_row wpb_row vc_row-fluid\">\n<div class=\"wpb_column vc_column_container vc_col-sm-12\">\n<div class=\"vc_column-inner\">\n<div class=\"wpb_wrapper\">\n<div class=\"wpb_text_column wpb_content_element\">\n<div class=\"wpb_wrapper\">\n<h3>Por que escolher a m\u00e1quina de limpeza a laser da Bogong?<\/h3>\n<ul>\n<li>With extensive experience in laser cleaning technology, we specialize in delivering advanced solutions customized to meet your specific requirements. Our team of expert engineers and technicians possesses deep industry knowledge, ensuring you receive the ideal\u00a0laser cleaning machine\u00a0tailored for your unique applications.<\/li>\n<li>J\u00e1 economizamos par\u00e2metro para remo\u00e7\u00e3o de ferrugem, pintura, etc. Voc\u00ea pode come\u00e7ar a limpeza a laser facilmente depois de obt\u00ea-lo.<\/li>\n<li>A Bogong n\u00e3o apenas fornece dispositivos a laser de alta qualidade, mas tamb\u00e9m o melhor servi\u00e7o p\u00f3s-venda dos \u00faltimos anos.<\/li>\n<\/ul>\n<\/div>\n<\/div>\n<\/div>\n<\/div>\n<\/div>\n<\/div>\n<div class=\"vc_row wpb_row vc_row-fluid\">\n<div class=\"wpb_column vc_column_container vc_col-sm-12\">\n<div class=\"vc_column-inner\">\n<div class=\"wpb_wrapper\">\n<div class=\"wpb_video_widget wpb_content_element vc_clearfix vc_video-aspect-ratio-169 vc_video-el-width-80 vc_video-align-left\">\n<div class=\"wpb_wrapper\">\n<h2 class=\"wpb_heading wpb_video_heading\">Diferen\u00e7as entre o laser de pulso e o limpador a laser CW<\/h2>\n<div class=\"wpb_video_wrapper\">\n<p><iframe title=\"Limpador a laser de pulso de 300W vs. 500W | Diferen\u00e7as entre as m\u00e1quinas de limpeza a laser de 300W e 500W\" width=\"1290\" height=\"726\" src=\"https:\/\/www.youtube.com\/embed\/qm112yLfgfM?feature=oembed\" frameborder=\"0\" allow=\"accelerometer; autoplay; clipboard-write; encrypted-media; gyroscope; picture-in-picture; web-share\" referrerpolicy=\"strict-origin-when-cross-origin\" allowfullscreen><\/iframe><\/p>\n<\/div>\n<\/div>\n<\/div>\n<\/div>\n<\/div>\n<\/div>\n<\/div>\n<div class=\"vc_row wpb_row vc_row-fluid\">\n<div class=\"wpb_column vc_column_container vc_col-sm-12\">\n<div class=\"vc_column-inner\">\n<div class=\"wpb_wrapper\">\n<div class=\"wpb_text_column wpb_content_element\">\n<div class=\"wpb_wrapper\">\n<h2>Como funciona a m\u00e1quina de limpeza a laser de pulso?<\/h2>\n<p>A m\u00e1quina de limpeza a laser de pulso utiliza tecnologia de laser avan\u00e7ada para remover efetivamente os contaminantes das superf\u00edcies. Aqui est\u00e1 uma breve vis\u00e3o geral de como ela funciona:<\/p>\n<ol>\n<li><strong>Emiss\u00e3o de laser<\/strong>: Gera um potente feixe de laser pulsado que emite rajadas curtas de energia para uma limpeza precisa.<\/li>\n<li><strong>Limpeza direcionada<\/strong>: Quando apontada para uma superf\u00edcie, a energia do laser \u00e9 absorvida por contaminantes como ferrugem ou tinta.<\/li>\n<li><strong>Vaporiza\u00e7\u00e3o<\/strong>: A energia absorvida aquece os contaminantes rapidamente, fazendo com que eles se vaporizem sem danificar o material subjacente.<\/li>\n<li><strong>Remo\u00e7\u00e3o seletiva<\/strong>: O processo visa seletivamente apenas os contaminantes, preservando a integridade da superf\u00edcie.<\/li>\n<li><strong>Configura\u00e7\u00f5es ajust\u00e1veis<\/strong>: Possui configura\u00e7\u00f5es de pot\u00eancia personaliz\u00e1veis e op\u00e7\u00f5es de foco para v\u00e1rias superf\u00edcies e n\u00edveis de contamina\u00e7\u00e3o.<\/li>\n<\/ol>\n<p>De modo geral, a m\u00e1quina de limpeza a laser de pulso oferece uma solu\u00e7\u00e3o eficiente, precisa e vers\u00e1til para aplica\u00e7\u00f5es de limpeza industrial.<\/p>\n<\/div>\n<\/div>\n<\/div>\n<\/div>\n<\/div>\n<\/div>\n<div class=\"vc_row wpb_row vc_row-fluid\">\n<div class=\"wpb_column vc_column_container vc_col-sm-12\">\n<div class=\"vc_column-inner\">\n<div class=\"wpb_wrapper\">\n<div class=\"wpb_single_image wpb_content_element vc_align_left wpb_content_element\">\n<figure class=\"wpb_wrapper vc_figure\">\n<div class=\"vc_single_image-wrapper vc_box_border_grey\"><img decoding=\"async\" class=\"vc_single_image-img attachment-full\" title=\"\u9ed1\u767d300w\u6e05\u6d17\u673a\u5de5\u5382\u7167\u7247\" src=\"https:\/\/bogonglaser.com\/wp-content\/uploads\/2024\/11\/%E9%BB%91%E7%99%BD300w%E6%B8%85%E6%B4%97%E6%9C%BA%E5%B7%A5%E5%8E%82%E7%85%A7%E7%89%87.png\" sizes=\"auto, (max-width: 800px) 100vw, 800px\" srcset=\"https:\/\/bogonglaser.com\/wp-content\/uploads\/2024\/11\/\u9ed1\u767d300w\u6e05\u6d17\u673a\u5de5\u5382\u7167\u7247.png 800w, https:\/\/bogonglaser.com\/wp-content\/uploads\/2024\/11\/\u9ed1\u767d300w\u6e05\u6d17\u673a\u5de5\u5382\u7167\u7247-300x225.png 300w, https:\/\/bogonglaser.com\/wp-content\/uploads\/2024\/11\/\u9ed1\u767d300w\u6e05\u6d17\u673a\u5de5\u5382\u7167\u7247-768x576.png 768w, https:\/\/bogonglaser.com\/wp-content\/uploads\/2024\/11\/\u9ed1\u767d300w\u6e05\u6d17\u673a\u5de5\u5382\u7167\u7247-600x450.png 600w\" alt=\"\u9ed1\u767d300w\u6e05\u6d17\u673a\u5de5\u5382\u7167\u7247\" width=\"800\" height=\"600\" \/><\/div>\n<\/figure>\n<\/div>\n<\/div>\n<\/div>\n<\/div>\n<\/div>\n<div class=\"vc_row wpb_row vc_row-fluid\">\n<div class=\"wpb_column vc_column_container vc_col-sm-12\">\n<div class=\"vc_column-inner\">\n<div class=\"wpb_wrapper\">\n<div class=\"wpb_text_column wpb_content_element\">\n<div class=\"wpb_wrapper\">\n<h3>Como escolher a m\u00e1quina de limpeza a laser de pulso correta<\/h3>\n<p>Escolher a m\u00e1quina de limpeza a laser de pulso certa ser\u00e1 importante para sua empresa, como garantir que a m\u00e1quina atenda \u00e0s suas necessidades espec\u00edficas. Aqui est\u00e1 um guia para ajud\u00e1-lo a tomar uma decis\u00e3o informada:<\/p>\n<ol>\n<li><strong>Compatibilidade de materiais<\/strong>: Determine os tipos de materiais que planeja limpar (por exemplo, ferrugem, pintura, metal, madeira, acr\u00edlico, etc.). Certifique-se de que a m\u00e1quina escolhida possa lidar com esses materiais de forma eficaz.<\/li>\n<li><strong>Tipo de laser<\/strong>: Diferentes tipos de laser, 2mj, 5mj e 15mj, diferentes lasers, diferentes resultados.<\/li>\n<li><strong>Tamanho da \u00e1rea de trabalho<\/strong>: Avalie o tamanho da \u00e1rea de limpeza com base nos projetos que planeja realizar. Certifique-se de que a m\u00e1quina tenha uma \u00e1rea de trabalho adequada para seus itens. escolha a lente F-theta correta, por favor, pergunte a nossos vendedores sobre isso.<\/li>\n<li><strong>Facilidade de uso<\/strong>: Procure m\u00e1quinas com software de f\u00e1cil utiliza\u00e7\u00e3o que permita design e opera\u00e7\u00e3o simples.<\/li>\n<li><strong>Suporte ao cliente e garantia<\/strong>: Research the manufacturer\u2019s support options and warranty offered. Reliable customer service can be crucial for troubleshooting and maintenance.<\/li>\n<\/ol>\n<\/div>\n<\/div>\n<\/div>\n<\/div>\n<\/div>\n<\/div>\n<div class=\"vc_row wpb_row vc_row-fluid\">\n<div class=\"wpb_column vc_column_container vc_col-sm-12\">\n<div class=\"vc_column-inner\">\n<div class=\"wpb_wrapper\">\n<div class=\"wpb_text_column wpb_content_element\">\n<div class=\"wpb_wrapper\">\n<p>Condi\u00e7\u00f5es de pagamento<\/p>\n<p>1. Dep\u00f3sito e saldo: Um dep\u00f3sito de 30% T\/T \u00e9 exigido antecipadamente, com o saldo devido antes do envio.<\/p>\n<p>2. Garantia de com\u00e9rcio do Alibaba: Os pagamentos podem ser processados por meio do Alibaba Trade Assurance.<\/p>\n<p>Perguntas frequentes<\/p>\n<p>O que \u00e9 a embalagem<br \/>\nNossas m\u00e1quinas s\u00e3o embaladas em uma configura\u00e7\u00e3o de tr\u00eas camadas. A camada externa consiste em um engradado de madeira, a camada intermedi\u00e1ria apresenta estofamento de espuma para proteger contra trepida\u00e7\u00f5es e a camada interna inclui um saco pl\u00e1stico grosso para impermeabiliza\u00e7\u00e3o.<\/p>\n<p>O pacote ser\u00e1 danificado durante o transporte?<br \/>\nProjetamos meticulosamente nossas embalagens para lidar com todos os fatores de poss\u00edveis danos, e nossos agentes de transporte t\u00eam experi\u00eancia em transporte seguro. J\u00e1 exportamos com sucesso para 180 pa\u00edses, portanto, voc\u00ea pode ter certeza de que sua encomenda chegar\u00e1 em excelentes condi\u00e7\u00f5es.<\/p>\n<\/div>\n<\/div>\n<\/div>\n<\/div>\n<\/div>\n<\/div>\n<div class=\"vc_row wpb_row vc_row-fluid\">\n<div class=\"wpb_column vc_column_container vc_col-sm-12\">\n<div class=\"vc_column-inner\">\n<div class=\"wpb_wrapper\">\n<div class=\"wpb_text_column wpb_content_element\">\n<div class=\"wpb_wrapper\">\n<p>Most of customers like choose transport by UPS\/DHL express, it can arrive at destination about 5-7 days, contact with\u00a0BOGONG Laser\u00a0to get more detail about laser cleaner<\/p>\n<\/div>\n<\/div>\n<\/div>\n<\/div>\n<\/div>\n<\/div>","protected":false},"excerpt":{"rendered":"<h2>M\u00e1quina de limpeza a laser de pulso com laser Raycus Max JPT<\/h2>\n<p>Apresentamos a nossa m\u00e1quina de limpeza a laser de \u00faltima gera\u00e7\u00e3o, projetada para aplica\u00e7\u00f5es eficientes de limpeza de superf\u00edcies de materiais. \u00c9 f\u00e1cil de configurar, operar e automatizar, o que a torna ideal para remover com precis\u00e3o contaminantes de superf\u00edcie, como ferrugem, graxa, tinta, primer e muito mais.<\/p>\n<ul class=\"tips\">\n<li>300 conjuntos \/ m\u00eas aguardando para venda Em estoque<\/li>\n<li>Garantia limitada de 2 anos para toda a m\u00e1quina<\/li>\n<li>3 a 5 dias para preparar a m\u00e1quina a laser, 3 a 7 dias para o transporte.<\/li>\n<li>Online (PayPal) e offline (T\/T, cart\u00f5es de d\u00e9bito e cr\u00e9dito)<\/li>\n<\/ul>","protected":false},"featured_media":1975,"template":"","meta":{"_gspb_post_css":""},"product_brand":[],"product_cat":[94],"product_tag":[101,100],"class_list":{"0":"post-1974","1":"product","2":"type-product","3":"status-publish","4":"has-post-thumbnail","6":"product_cat-laser-cleaning-machine","7":"product_tag-laser-cleaner","8":"product_tag-laser-cleaning-machine","10":"first","11":"instock","12":"shipping-taxable","13":"product-type-simple"},"_links":{"self":[{"href":"https:\/\/bogonglaser.com\/pt\/wp-json\/wp\/v2\/product\/1974","targetHints":{"allow":["GET"]}}],"collection":[{"href":"https:\/\/bogonglaser.com\/pt\/wp-json\/wp\/v2\/product"}],"about":[{"href":"https:\/\/bogonglaser.com\/pt\/wp-json\/wp\/v2\/types\/product"}],"wp:featuredmedia":[{"embeddable":true,"href":"https:\/\/bogonglaser.com\/pt\/wp-json\/wp\/v2\/media\/1975"}],"wp:attachment":[{"href":"https:\/\/bogonglaser.com\/pt\/wp-json\/wp\/v2\/media?parent=1974"}],"wp:term":[{"taxonomy":"product_brand","embeddable":true,"href":"https:\/\/bogonglaser.com\/pt\/wp-json\/wp\/v2\/product_brand?post=1974"},{"taxonomy":"product_cat","embeddable":true,"href":"https:\/\/bogonglaser.com\/pt\/wp-json\/wp\/v2\/product_cat?post=1974"},{"taxonomy":"product_tag","embeddable":true,"href":"https:\/\/bogonglaser.com\/pt\/wp-json\/wp\/v2\/product_tag?post=1974"}],"curies":[{"name":"wp","href":"https:\/\/api.w.org\/{rel}","templated":true}]}}