{"id":1965,"date":"2024-11-25T13:11:58","date_gmt":"2024-11-25T05:11:58","guid":{"rendered":"https:\/\/bogonglaser.com\/?post_type=product&#038;p=1965"},"modified":"2025-12-10T17:15:29","modified_gmt":"2025-12-10T09:15:29","slug":"all-in-one-fiber-laser-marking-machine","status":"publish","type":"product","link":"https:\/\/bogonglaser.com\/pt\/all-in-one-fiber-laser-marking-machine\/","title":{"rendered":"M\u00e1quina de marca\u00e7\u00e3o a laser de fibra multifuncional"},"content":{"rendered":"<p>Apresentamos a m\u00e1quina de marca\u00e7\u00e3o a laser ALL-in-One, um marcador a laser de fibra compacto e completo, projetado para oferecer pot\u00eancia e versatilidade. Independentemente de voc\u00ea precisar marcar logotipos, c\u00f3digos de barras, n\u00fameros de s\u00e9rie ou padr\u00f5es complexos, essa m\u00e1quina oferece resultados excelentes em uma variedade de aplica\u00e7\u00f5es.<\/p>\n<p>Apesar de seu tamanho pequeno, o modelo multifuncional tem uma grande pot\u00eancia, o que o torna ideal para espa\u00e7os apertados e projetos de marca\u00e7\u00e3o menores. Seu design leve e port\u00e1til permite f\u00e1cil manobrabilidade, garantindo marca\u00e7\u00f5es precisas e exatas todas as vezes. Al\u00e9m disso, ele opera em alta velocidade com efici\u00eancia excepcional.<\/p>\n<p>Essa m\u00e1quina \u00e9 uma excelente op\u00e7\u00e3o para pequenas empresas, oficinas e entusiastas de bricolagem que buscam uma solu\u00e7\u00e3o de marca\u00e7\u00e3o confi\u00e1vel que n\u00e3o comprometa o desempenho devido ao espa\u00e7o limitado. Se precisar de um marcador a laser de fibra eficiente que se adapte perfeitamente ao seu espa\u00e7o de trabalho, esta \u00e9 a op\u00e7\u00e3o ideal para voc\u00ea.<\/p>\n<figure id=\"attachment_7447\" aria-describedby=\"caption-attachment-7447\" style=\"width: 300px\" class=\"wp-caption alignnone\"><img decoding=\"async\" class=\"size-medium wp-image-7447\" src=\"https:\/\/bogonglaser.com\/wp-content\/uploads\/2024\/11\/2D-mini-all-in-one-PC-factory-photos-1-300x300.jpg\" alt=\"Fotos de f\u00e1brica do mini PC all-in-one 2D\" width=\"300\" height=\"300\" title=\"\" srcset=\"https:\/\/bogonglaser.com\/wp-content\/uploads\/2024\/11\/2D-mini-all-in-one-PC-factory-photos-1-300x300.jpg 300w, https:\/\/bogonglaser.com\/wp-content\/uploads\/2024\/11\/2D-mini-all-in-one-PC-factory-photos-1-100x100.jpg 100w, https:\/\/bogonglaser.com\/wp-content\/uploads\/2024\/11\/2D-mini-all-in-one-PC-factory-photos-1-600x600.jpg 600w, https:\/\/bogonglaser.com\/wp-content\/uploads\/2024\/11\/2D-mini-all-in-one-PC-factory-photos-1-150x150.jpg 150w, https:\/\/bogonglaser.com\/wp-content\/uploads\/2024\/11\/2D-mini-all-in-one-PC-factory-photos-1-768x768.jpg 768w, https:\/\/bogonglaser.com\/wp-content\/uploads\/2024\/11\/2D-mini-all-in-one-PC-factory-photos-1-12x12.jpg 12w, https:\/\/bogonglaser.com\/wp-content\/uploads\/2024\/11\/2D-mini-all-in-one-PC-factory-photos-1.jpg 1000w\" sizes=\"(max-width: 300px) 100vw, 300px\" \/><figcaption id=\"caption-attachment-7447\" class=\"wp-caption-text\">Fotos de f\u00e1brica do mini PC all-in-one 2D<\/figcaption><\/figure>\n<p>Aqui est\u00e3o os principais recursos da m\u00e1quina de marca\u00e7\u00e3o a laser de fibra:<\/p>\n<p>1. Fonte de laser de fibra: Essa m\u00e1quina est\u00e1 dispon\u00edvel com n\u00edveis de pot\u00eancia opcionais de 20W, 30W, 50W ou 60W, usando fontes de laser de fibra de alta qualidade da JPT, Raycus ou IPG. Ela oferece uma excelente clareza do feixe de laser e uma longa vida \u00fatil de at\u00e9 100.000 horas.<\/p>\n<p>2. Sistema de scanner de galvan\u00f4metro digital: Equipada com um sistema de scanner a laser importado de alta velocidade, essa m\u00e1quina pode atingir velocidades de marca\u00e7\u00e3o de at\u00e9 8.000 mm\/s, garantindo uma opera\u00e7\u00e3o eficiente.<\/p>\n<p>3. Suporte para tela de PC: O eixo Z pode ser ajustado em at\u00e9 700 mm, o que o torna ideal para marca\u00e7\u00e3o em materiais grossos ou altos.<\/p>\n<p>4. Interruptor de controle: O painel de controle de f\u00e1cil utiliza\u00e7\u00e3o inclui uma parada de emerg\u00eancia, um interruptor de chave e um interruptor de energia, permitindo f\u00e1cil identifica\u00e7\u00e3o e opera\u00e7\u00e3o.<\/p>\n<p>5. Sistema de eleva\u00e7\u00e3o: A m\u00e1quina possui um volante para facilitar o ajuste da dist\u00e2ncia do foco do laser, simplificando o processo de opera\u00e7\u00e3o.<\/p>\n<p>6. Ponto de luz vermelha: Esse pr\u00e1tico recurso indica a \u00e1rea de marca\u00e7\u00e3o antes do in\u00edcio da marca\u00e7\u00e3o a laser propriamente dita, aumentando a precis\u00e3o.<\/p>\n<p>7. Software de marca\u00e7\u00e3o a laser: O software de marca\u00e7\u00e3o EZCAD vem com recursos avan\u00e7ados de edi\u00e7\u00e3o, permitindo que voc\u00ea marque c\u00f3digos QR, n\u00fameros de s\u00e9rie e v\u00e1rios logotipos. Ele \u00e9 compat\u00edvel com os formatos de arquivo DXF e PLT e inclui um manual do usu\u00e1rio detalhado em ingl\u00eas para orient\u00e1-lo em todas as etapas.<\/p>\n<p>8. Lente de varredura F-theta: a m\u00e1quina \u00e9 equipada com uma lente F-theta Ronar-Smith de Cingapura, garantindo que a altura do campo de imagem seja quase proporcional ao \u00e2ngulo de varredura. Ela mant\u00e9m uma distor\u00e7\u00e3o de linearidade inferior a 1% sem corre\u00e7\u00e3o de software, o que significa distor\u00e7\u00e3o m\u00ednima para resultados n\u00edtidos. Al\u00e9m disso, a lente apresenta revestimentos AR de alta transmissividade para reduzir a perda de energia e aumentar o rendimento.<\/p>\n<p>Com esses recursos avan\u00e7ados, o <a href=\"https:\/\/bogonglaser.com\/pt\/fiber-laser-cutter\/\">M\u00e1quina de marca\u00e7\u00e3o a laser de fibra<\/a> foi projetado para oferecer precis\u00e3o, efici\u00eancia e facilidade de uso.<\/p>\n<p><iframe title=\"M\u00e1quina de marca\u00e7\u00e3o a laser multifuncional pequena para venda\" width=\"1290\" height=\"726\" src=\"https:\/\/www.youtube.com\/embed\/znNbIXDhuHE?feature=oembed\" frameborder=\"0\" allow=\"accelerometer; autoplay; clipboard-write; encrypted-media; gyroscope; picture-in-picture; web-share\" referrerpolicy=\"strict-origin-when-cross-origin\" allowfullscreen><\/iframe><\/p>\n<p>Aplica\u00e7\u00e3o: M\u00e1quina de marca\u00e7\u00e3o a laser multifuncional para metal, vidro, pl\u00e1stico e muito mais.<\/p>\n<p>Nossas m\u00e1quinas de marca\u00e7\u00e3o a laser oferecem uma solu\u00e7\u00e3o vers\u00e1til e eficiente para marcar uma variedade de materiais, como metal, pl\u00e1stico e outros. Se voc\u00ea precisa gravar logotipos, n\u00fameros de s\u00e9rie ou desenhos complexos, nosso laser adapt\u00e1vel pode lidar com v\u00e1rias aplica\u00e7\u00f5es, aumentando a produtividade e garantindo qualidade consistente em diferentes superf\u00edcies.<\/p>\n<p><iframe title=\"Impressora de marca\u00e7\u00e3o a laser de fibra multifuncional de 20 W e 30 W para metal e pl\u00e1stico\" width=\"1290\" height=\"726\" src=\"https:\/\/www.youtube.com\/embed\/1gUXk1ygblo?feature=oembed\" frameborder=\"0\" allow=\"accelerometer; autoplay; clipboard-write; encrypted-media; gyroscope; picture-in-picture; web-share\" referrerpolicy=\"strict-origin-when-cross-origin\" allowfullscreen><\/iframe><\/p>\n<h2>O que podemos fazer por voc\u00ea?<\/h2>\n<ul>\n<li><span class=\"magic-19\"><b class=\"magic-19\"><span class=\"magic-18\">Amostras de teste gratuitas -<\/span><\/b><span class=\"magic-20\" data-spm-anchor-id=\"a2700.details.0.i41.41d82402R4aegi\">Podemos realizar testes gratuitos de efeito de marca\u00e7\u00e3o de acordo com o material de seu produto<\/span><\/span><\/li>\n<li><span class=\"magic-19\"><b class=\"magic-19\"><span class=\"magic-18\">V\u00eddeo ao vivo<\/span><\/b><span class=\"magic-20\">Voc\u00ea pode entrar em contato com nossos consultores de vendas para assistir ao processo de produ\u00e7\u00e3o e \u00e0 opera\u00e7\u00e3o da m\u00e1quina em um v\u00eddeo on-line.<\/span><\/span><\/li>\n<li><span class=\"magic-19\"><b class=\"magic-19\"><span class=\"magic-18\">Personalizado \/OEM-<\/span><\/b><span class=\"magic-20\" data-spm-anchor-id=\"a2700.details.0.i40.41d82402R4aegi\">M\u00e1quinas personalizadas mediante solicita\u00e7\u00e3o\uff0cEntre em contato conosco<\/span><\/span><\/li>\n<li>\n<p><figure id=\"attachment_7449\" aria-describedby=\"caption-attachment-7449\" style=\"width: 300px\" class=\"wp-caption alignnone\"><img decoding=\"async\" class=\"size-medium wp-image-7449\" src=\"https:\/\/bogonglaser.com\/wp-content\/uploads\/2024\/11\/2D-mini-all-in-one-PC-factory-photos-2-300x225.png\" alt=\"Fotos de f\u00e1brica do mini PC all-in-one 2D\" width=\"300\" height=\"225\" title=\"\" srcset=\"https:\/\/bogonglaser.com\/wp-content\/uploads\/2024\/11\/2D-mini-all-in-one-PC-factory-photos-2-300x225.png 300w, https:\/\/bogonglaser.com\/wp-content\/uploads\/2024\/11\/2D-mini-all-in-one-PC-factory-photos-2-600x450.png 600w, https:\/\/bogonglaser.com\/wp-content\/uploads\/2024\/11\/2D-mini-all-in-one-PC-factory-photos-2-768x576.png 768w, https:\/\/bogonglaser.com\/wp-content\/uploads\/2024\/11\/2D-mini-all-in-one-PC-factory-photos-2-16x12.png 16w, https:\/\/bogonglaser.com\/wp-content\/uploads\/2024\/11\/2D-mini-all-in-one-PC-factory-photos-2.png 800w\" sizes=\"(max-width: 300px) 100vw, 300px\" \/><figcaption id=\"caption-attachment-7449\" class=\"wp-caption-text\">Fotos de f\u00e1brica do mini PC all-in-one 2D<\/figcaption><\/figure><\/li>\n<\/ul>\n<p>Condi\u00e7\u00f5es de pagamento<\/p>\n<p>1. Dep\u00f3sito e saldo: Um dep\u00f3sito de 30% T\/T \u00e9 exigido antecipadamente, com o saldo devido antes do envio.<\/p>\n<p>2. Garantia de com\u00e9rcio do Alibaba: Os pagamentos podem ser processados por meio do Alibaba Trade Assurance.<\/p>\n<p>Perguntas frequentes sobre o <a href=\"https:\/\/bogonglaser.com\/pt\/fiber-laser-cutter\/\">M\u00e1quina de marca\u00e7\u00e3o a laser de fibra<\/a><\/p>\n<p>Qual \u00e9 a embalagem da m\u00e1quina de marca\u00e7\u00e3o a laser de fibra?<br \/>\nNossas m\u00e1quinas s\u00e3o embaladas em uma configura\u00e7\u00e3o de tr\u00eas camadas. A camada externa consiste em um engradado de madeira, a camada intermedi\u00e1ria apresenta estofamento de espuma para proteger contra trepida\u00e7\u00f5es e a camada interna inclui um saco pl\u00e1stico grosso para impermeabiliza\u00e7\u00e3o.<\/p>\n<p>O pacote ser\u00e1 danificado durante o transporte?<br \/>\nProjetamos meticulosamente nossas embalagens para lidar com todos os fatores de poss\u00edveis danos, e nossos agentes de transporte t\u00eam experi\u00eancia em transporte seguro. J\u00e1 exportamos com sucesso para 180 pa\u00edses, portanto, voc\u00ea pode ter certeza de que sua encomenda chegar\u00e1 em excelentes condi\u00e7\u00f5es<\/p>\n<p>Voc\u00ea pode encontrar mais coment\u00e1rios de clientes no canal do youtube da BOGONG.<\/p>\n<figure id=\"attachment_7448\" aria-describedby=\"caption-attachment-7448\" style=\"width: 300px\" class=\"wp-caption alignnone\"><img decoding=\"async\" class=\"size-medium wp-image-7448\" src=\"https:\/\/bogonglaser.com\/wp-content\/uploads\/2024\/11\/2D-mini-all-in-one-PC-factory-photos-1-300x225.png\" alt=\"Fotos de f\u00e1brica do mini PC all-in-one 2D\" width=\"300\" height=\"225\" title=\"\" srcset=\"https:\/\/bogonglaser.com\/wp-content\/uploads\/2024\/11\/2D-mini-all-in-one-PC-factory-photos-1-300x225.png 300w, https:\/\/bogonglaser.com\/wp-content\/uploads\/2024\/11\/2D-mini-all-in-one-PC-factory-photos-1-600x450.png 600w, https:\/\/bogonglaser.com\/wp-content\/uploads\/2024\/11\/2D-mini-all-in-one-PC-factory-photos-1-768x576.png 768w, https:\/\/bogonglaser.com\/wp-content\/uploads\/2024\/11\/2D-mini-all-in-one-PC-factory-photos-1-16x12.png 16w, https:\/\/bogonglaser.com\/wp-content\/uploads\/2024\/11\/2D-mini-all-in-one-PC-factory-photos-1.png 800w\" sizes=\"(max-width: 300px) 100vw, 300px\" \/><figcaption id=\"caption-attachment-7448\" class=\"wp-caption-text\">Fotos de f\u00e1brica do mini PC all-in-one 2D<\/figcaption><\/figure>\n<p>A maioria dos clientes prefere escolher o transporte por UPS\/DHL express, que pode chegar ao destino em cerca de 5 a 7 dias. <a href=\"https:\/\/bogonglaser.com\/pt\/\">Laser BOGONG<\/a> para obter mais detalhes sobre a m\u00e1quina de marca\u00e7\u00e3o a laser de fibra.<\/p>","protected":false},"excerpt":{"rendered":"<h2>M\u00e1quina de marca\u00e7\u00e3o a laser multifuncional<\/h2>\n<p>A m\u00e1quina de marca\u00e7\u00e3o a laser multifuncional foi projetada para criar joias personalizadas, incluindo an\u00e9is, brincos, pulseiras, pingentes, colares, broches, abotoaduras etc. Ela funciona com uma variedade de materiais, como a\u00e7o inoxid\u00e1vel, tit\u00e2nio, alum\u00ednio, cobre, lat\u00e3o, ligas, prata e ouro, permitindo gravar nomes, logotipos, sinais, letras, n\u00fameros, padr\u00f5es e fotos. Essa m\u00e1quina de marca\u00e7\u00e3o a laser completa est\u00e1 dispon\u00edvel para venda a um pre\u00e7o acess\u00edvel, o que a torna uma \u00f3tima op\u00e7\u00e3o para seu or\u00e7amento.<\/p>\n<ul class=\"tips\">\n<li>350 conjuntos \/ m\u00eas em espera para venda Em estoque<\/li>\n<li>Garantia limitada de 2 anos para toda a m\u00e1quina<\/li>\n<li>3 a 5 dias para preparar a m\u00e1quina a laser, 3 a 7 dias para o transporte.<\/li>\n<li>Online (PayPal) e offline (T\/T, cart\u00f5es de d\u00e9bito e cr\u00e9dito)<\/li>\n<\/ul>","protected":false},"featured_media":1966,"template":"","meta":{"_gspb_post_css":""},"product_brand":[],"product_cat":[97,93,96],"product_tag":[104,102],"class_list":{"0":"post-1965","1":"product","2":"type-product","3":"status-publish","4":"has-post-thumbnail","6":"product_cat-fiber-laser-marker","7":"product_cat-laser-engraving-machine","8":"product_cat-laser-marking-machine","9":"product_tag-laser-marker","10":"product_tag-laser-marking-machine","12":"first","13":"instock","14":"shipping-taxable","15":"product-type-simple"},"_links":{"self":[{"href":"https:\/\/bogonglaser.com\/pt\/wp-json\/wp\/v2\/product\/1965","targetHints":{"allow":["GET"]}}],"collection":[{"href":"https:\/\/bogonglaser.com\/pt\/wp-json\/wp\/v2\/product"}],"about":[{"href":"https:\/\/bogonglaser.com\/pt\/wp-json\/wp\/v2\/types\/product"}],"wp:featuredmedia":[{"embeddable":true,"href":"https:\/\/bogonglaser.com\/pt\/wp-json\/wp\/v2\/media\/1966"}],"wp:attachment":[{"href":"https:\/\/bogonglaser.com\/pt\/wp-json\/wp\/v2\/media?parent=1965"}],"wp:term":[{"taxonomy":"product_brand","embeddable":true,"href":"https:\/\/bogonglaser.com\/pt\/wp-json\/wp\/v2\/product_brand?post=1965"},{"taxonomy":"product_cat","embeddable":true,"href":"https:\/\/bogonglaser.com\/pt\/wp-json\/wp\/v2\/product_cat?post=1965"},{"taxonomy":"product_tag","embeddable":true,"href":"https:\/\/bogonglaser.com\/pt\/wp-json\/wp\/v2\/product_tag?post=1965"}],"curies":[{"name":"wp","href":"https:\/\/api.w.org\/{rel}","templated":true}]}}