{"id":1862,"date":"2024-11-20T15:53:11","date_gmt":"2024-11-20T07:53:11","guid":{"rendered":"https:\/\/bogonglaser.com\/?post_type=product&#038;p=1862"},"modified":"2025-12-10T18:21:58","modified_gmt":"2025-12-10T10:21:58","slug":"3-in-1-handheld-laser-welder","status":"publish","type":"product","link":"https:\/\/bogonglaser.com\/pt\/3-in-1-handheld-laser-welder\/","title":{"rendered":"Soldador a laser port\u00e1til 3 em 1"},"content":{"rendered":"<div class=\"vc_row wpb_row vc_row-fluid\">\n<div class=\"wpb_column vc_column_container vc_col-sm-12\">\n<div class=\"vc_column-inner\">\n<div class=\"wpb_wrapper\">\n<div class=\"wpb_text_column wpb_content_element\">\n<div class=\"wpb_wrapper\">\n<p>Voc\u00ea est\u00e1 procurando uma m\u00e1quina de solda a laser 3 em 1 que possa soldar, limpar e cortar tudo em uma s\u00f3 m\u00e1quina? Em vez de optar por m\u00e1quinas separadas - uma para soldagem, outra para corte de chapas e tubos de metal e outra para limpeza de ferrugem, tinta e revestimentos - considere a solu\u00e7\u00e3o que combina tudo isso.<\/p>\n<p>Apresentando o\u00a0<span class=\"___SText_pr68d-red-team\" data-ui-name=\"Link.Text\">M\u00e1quina de solda a laser 3 em 1<\/span>A m\u00e1quina a laser multifuncional dos seus sonhos. Essa poderosa unidade pode soldar v\u00e1rios tipos, tamanhos e espessuras de chapas, tubos e perfis de metal. Tamb\u00e9m \u00e9 capaz de cortar materiais como a\u00e7o inoxid\u00e1vel, a\u00e7o carbono, cobre, alum\u00ednio, tit\u00e2nio e algumas ligas. Al\u00e9m disso, pode limpar com efici\u00eancia uma variedade de substratos para tratamento de superf\u00edcie. Diga adeus ao inc\u00f4modo de v\u00e1rias m\u00e1quinas e ol\u00e1 para a conveni\u00eancia da BGW!<\/p>\n<\/div>\n<\/div>\n<\/div>\n<\/div>\n<\/div>\n<\/div>\n<div class=\"vc_row wpb_row vc_row-fluid\">\n<div class=\"wpb_column vc_column_container vc_col-sm-12\">\n<div class=\"vc_column-inner\">\n<div class=\"wpb_wrapper\">\n<div class=\"wpb_single_image wpb_content_element vc_align_left wpb_content_element\">\n<figure class=\"wpb_wrapper vc_figure\">\n<div class=\"vc_single_image-wrapper   vc_box_border_grey\"><img decoding=\"async\" class=\"vc_single_image-img attachment-full\" title=\"M\u00e1quina de solda a laser para metal\" src=\"https:\/\/bogonglaser.com\/wp-content\/uploads\/2024\/11\/laser-welding-machine-for-metal.jpg\" sizes=\"auto, (max-width: 600px) 100vw, 600px\" srcset=\"https:\/\/bogonglaser.com\/wp-content\/uploads\/2024\/11\/laser-welding-machine-for-metal.jpg 600w, https:\/\/bogonglaser.com\/wp-content\/uploads\/2024\/11\/laser-welding-machine-for-metal-300x300.jpg 300w, https:\/\/bogonglaser.com\/wp-content\/uploads\/2024\/11\/laser-welding-machine-for-metal-150x150.jpg 150w, https:\/\/bogonglaser.com\/wp-content\/uploads\/2024\/11\/laser-welding-machine-for-metal-100x100.jpg 100w\" alt=\"M\u00e1quina de solda a laser para metal\" width=\"600\" height=\"600\" \/><\/div>\n<\/figure>\n<\/div>\n<\/div>\n<\/div>\n<\/div>\n<\/div>\n<div class=\"vc_row wpb_row vc_row-fluid\">\n<div class=\"wpb_column vc_column_container vc_col-sm-12\">\n<div class=\"vc_column-inner\">\n<div class=\"wpb_wrapper\">\n<div class=\"wpb_text_column wpb_content_element\">\n<div class=\"wpb_wrapper\">\n<p>O soldador, limpador e cortador a laser 3 em 1 \u00e9 um kit de m\u00e1quina-ferramenta tudo em um que integra tr\u00eas fun\u00e7\u00f5es: soldagem, corte e limpeza. Ele possui um gerador de laser de fibra, uma pistola de laser port\u00e1til, um resfriador de \u00e1gua e um sistema de controle combinado. Essa ferramenta port\u00e1til e conveniente foi projetada para facilitar o uso, o que a torna uma excelente op\u00e7\u00e3o para v\u00e1rias aplica\u00e7\u00f5es.<\/p>\n<\/div>\n<\/div>\n<\/div>\n<\/div>\n<\/div>\n<\/div>\n<div class=\"vc_row wpb_row vc_row-fluid\">\n<div class=\"wpb_column vc_column_container vc_col-sm-12\">\n<div class=\"vc_column-inner\">\n<div class=\"wpb_wrapper\">\n<div class=\"wpb_single_image wpb_content_element vc_align_left wpb_content_element\">\n<figure class=\"wpb_wrapper vc_figure\">\n<div class=\"vc_single_image-wrapper   vc_box_border_grey\"><img decoding=\"async\" class=\"vc_single_image-img attachment-full\" title=\"soldador a laser de gabinete pequeno (1)\" src=\"https:\/\/bogonglaser.com\/wp-content\/uploads\/2024\/11\/small-cabinet-laser-welder-1.jpg\" sizes=\"auto, (max-width: 1544px) 100vw, 1544px\" srcset=\"https:\/\/bogonglaser.com\/wp-content\/uploads\/2024\/11\/small-cabinet-laser-welder-1.jpg 1544w, https:\/\/bogonglaser.com\/wp-content\/uploads\/2024\/11\/small-cabinet-laser-welder-1-300x207.jpg 300w, https:\/\/bogonglaser.com\/wp-content\/uploads\/2024\/11\/small-cabinet-laser-welder-1-1024x705.jpg 1024w, https:\/\/bogonglaser.com\/wp-content\/uploads\/2024\/11\/small-cabinet-laser-welder-1-768x529.jpg 768w, https:\/\/bogonglaser.com\/wp-content\/uploads\/2024\/11\/small-cabinet-laser-welder-1-1536x1057.jpg 1536w, https:\/\/bogonglaser.com\/wp-content\/uploads\/2024\/11\/small-cabinet-laser-welder-1-600x413.jpg 600w, https:\/\/bogonglaser.com\/wp-content\/uploads\/2024\/11\/small-cabinet-laser-welder-1-1000x688.jpg 1000w\" alt=\"soldador a laser de gabinete pequeno 1\" width=\"1544\" height=\"1063\" \/><\/div>\n<\/figure>\n<\/div>\n<\/div>\n<\/div>\n<\/div>\n<\/div>\n<div class=\"vc_row wpb_row vc_row-fluid\">\n<div class=\"wpb_column vc_column_container vc_col-sm-12\">\n<div class=\"vc_column-inner\">\n<div class=\"wpb_wrapper\">\n<div class=\"wpb_text_column wpb_content_element\">\n<div class=\"wpb_wrapper\">\n<h2>Recursos do\u00a0<span class=\"___SText_pr68d-red-team\" data-ui-name=\"Link.Text\">3 in 1\u00a0laser welding machine<\/span><\/h2>\n<p>\u2013 As a Laser Cleaning Machine, it serves as an environmentally friendly \u201cgreen\u201d cleaning tool that doesn\u2019t require any chemical agents or fluids.<\/p>\n<p>\u2013 In its role as a laser welder, it produces smooth, consistent welds without scars, eliminating the need for post-weld grinding and polishing. This not only saves time and costs but also enhances efficiency.<\/p>\n<p>\u2013 As a laser cutting machine, it offers user-friendly operation, allowing for precision 2D and 3D metal cuts at high speeds in any direction and angle.<\/p>\n<p>\u2013 The portable laser gun features a simple handheld design, making it easy to carry. It includes a touch screen control panel for convenient parameter adjustments during operation, and it weighs just 0.75kg, ensuring comfortable use without fatigue.<\/p>\n<p>\u2013 Equipped with a professional fiber laser source, it boasts a low error rate, low power consumption, and requires no maintenance, making assembly straightforward.<\/p>\n<p>\u2013 The industrial-grade constant temperature chiller features a filter for safety and durability, ensuring stable performance and a long service life. A high-quality water cooling system maintains the fiber laser generator\u2019s stable operation over extended periods.<\/p>\n<p>\u2013 The compact, portable design occupies minimal space, the handheld laser gun is ergonomically crafted, and the addition of four wheels facilitates easy movement for long-distance tasks.<\/p>\n<\/div>\n<\/div>\n<\/div>\n<\/div>\n<\/div>\n<\/div>\n<div class=\"vc_row wpb_row vc_row-fluid\">\n<div class=\"wpb_column vc_column_container vc_col-sm-12\">\n<div class=\"vc_column-inner\">\n<div class=\"wpb_wrapper\">\n<div class=\"wpb_single_image wpb_content_element vc_align_left wpb_content_element\">\n<figure class=\"wpb_wrapper vc_figure\">\n<div class=\"vc_single_image-wrapper   vc_box_border_grey\"><img decoding=\"async\" class=\"vc_single_image-img attachment-full\" title=\"\u672a\u6807\u9898-1000 (1)\" src=\"https:\/\/bogonglaser.com\/wp-content\/uploads\/2024\/11\/%E6%9C%AA%E6%A0%87%E9%A2%98-1000-1.jpg\" sizes=\"auto, (max-width: 1544px) 100vw, 1544px\" srcset=\"https:\/\/bogonglaser.com\/wp-content\/uploads\/2024\/11\/\u672a\u6807\u9898-1000-1.jpg 1544w, https:\/\/bogonglaser.com\/wp-content\/uploads\/2024\/11\/\u672a\u6807\u9898-1000-1-300x207.jpg 300w, https:\/\/bogonglaser.com\/wp-content\/uploads\/2024\/11\/\u672a\u6807\u9898-1000-1-1024x705.jpg 1024w, https:\/\/bogonglaser.com\/wp-content\/uploads\/2024\/11\/\u672a\u6807\u9898-1000-1-768x529.jpg 768w, https:\/\/bogonglaser.com\/wp-content\/uploads\/2024\/11\/\u672a\u6807\u9898-1000-1-1536x1057.jpg 1536w, https:\/\/bogonglaser.com\/wp-content\/uploads\/2024\/11\/\u672a\u6807\u9898-1000-1-600x413.jpg 600w, https:\/\/bogonglaser.com\/wp-content\/uploads\/2024\/11\/\u672a\u6807\u9898-1000-1-1000x688.jpg 1000w\" alt=\"\u672a\u6807\u9898 1000 1\" width=\"1544\" height=\"1063\" \/><\/div>\n<\/figure>\n<\/div>\n<\/div>\n<\/div>\n<\/div>\n<\/div>\n<div class=\"vc_row wpb_row vc_row-fluid\">\n<div class=\"wpb_column vc_column_container vc_col-sm-12\">\n<div class=\"vc_column-inner\">\n<div class=\"wpb_wrapper\">\n<div class=\"wpb_text_column wpb_content_element\">\n<div class=\"wpb_wrapper\">\n<h3>O que \u00e9 uma pistola de soldagem a laser port\u00e1til?<\/h3>\n<p>O<a href=\"https:\/\/bogonglaser.com\/pt\/laser-welding-machine\/handheld-laser-welder\/\">\u00a0soldagem a laser port\u00e1til<\/a>\u00a0\u00e9 capaz de soldar, limpar e cortar, tudo gerenciado por um controlador inteligente para facilitar o uso e a usinagem flex\u00edvel. Seu tamanho compacto a torna port\u00e1til e econ\u00f4mica, sem necessidade de consum\u00edveis.<\/p>\n<\/div>\n<\/div>\n<\/div>\n<\/div>\n<\/div>\n<\/div>\n<div class=\"vc_row wpb_row vc_row-fluid\">\n<div class=\"wpb_column vc_column_container vc_col-sm-12\">\n<div class=\"vc_column-inner\">\n<div class=\"wpb_wrapper\">\n<div class=\"wpb_text_column wpb_content_element\">\n<div class=\"wpb_wrapper\">\n<p><strong>Embalagem da m\u00e1quina de solda a laser<\/strong><\/p>\n<\/div>\n<\/div>\n<div class=\"wpb_single_image wpb_content_element vc_align_left wpb_content_element\">\n<figure class=\"wpb_wrapper vc_figure\">\n<div class=\"vc_single_image-wrapper   vc_box_border_grey\"><img decoding=\"async\" class=\"vc_single_image-img attachment-full\" title=\"pistola de laser cabe\u00e7ote de laser\" src=\"https:\/\/bogonglaser.com\/wp-content\/uploads\/2024\/11\/laser-gun-laser-head.jpg\" sizes=\"auto, (max-width: 600px) 100vw, 600px\" srcset=\"https:\/\/bogonglaser.com\/wp-content\/uploads\/2024\/11\/laser-gun-laser-head.jpg 600w, https:\/\/bogonglaser.com\/wp-content\/uploads\/2024\/11\/laser-gun-laser-head-300x300.jpg 300w, https:\/\/bogonglaser.com\/wp-content\/uploads\/2024\/11\/laser-gun-laser-head-150x150.jpg 150w, https:\/\/bogonglaser.com\/wp-content\/uploads\/2024\/11\/laser-gun-laser-head-100x100.jpg 100w\" alt=\"pistola de laser cabe\u00e7ote de laser\" width=\"600\" height=\"600\" \/><\/div>\n<\/figure>\n<\/div>\n<\/div>\n<\/div>\n<\/div>\n<\/div>\n<div class=\"vc_row wpb_row vc_row-fluid\">\n<div class=\"wpb_column vc_column_container vc_col-sm-12\">\n<div class=\"vc_column-inner\">\n<div class=\"wpb_wrapper\">\n<div class=\"wpb_video_widget wpb_content_element vc_clearfix   vc_video-aspect-ratio-169 vc_video-el-width-100 vc_video-align-left\">\n<div class=\"wpb_wrapper\">\n<div class=\"wpb_video_wrapper\">\n<p><iframe title=\"V\u00e1rias marcas de cabe\u00e7ote de soldagem a laser de fibra port\u00e1til mostram qual cabe\u00e7ote de soldagem a laser \u00e9 bom?\" width=\"1290\" height=\"726\" src=\"https:\/\/www.youtube.com\/embed\/NSdcJZEIYs8?feature=oembed\" frameborder=\"0\" allow=\"accelerometer; autoplay; clipboard-write; encrypted-media; gyroscope; picture-in-picture; web-share\" referrerpolicy=\"strict-origin-when-cross-origin\" allowfullscreen><\/iframe><\/p>\n<\/div>\n<\/div>\n<\/div>\n<\/div>\n<\/div>\n<\/div>\n<\/div>\n<div class=\"vc_row wpb_row vc_row-fluid\">\n<div class=\"wpb_column vc_column_container vc_col-sm-12\">\n<div class=\"vc_column-inner\">\n<div class=\"wpb_wrapper\">\n<div class=\"wpb_text_column wpb_content_element\">\n<div class=\"wpb_wrapper\">\n<p><strong>Pacote de\u00a0<span class=\"___SText_pr68d-red-team\" data-ui-name=\"Link.Text\">M\u00e1quina de solda a laser 3 em 1<\/span><\/strong><\/p>\n<\/div>\n<\/div>\n<div class=\"wpb_single_image wpb_content_element vc_align_left wpb_content_element\">\n<figure class=\"wpb_wrapper vc_figure\">\n<div class=\"vc_single_image-wrapper   vc_box_border_grey\"><img decoding=\"async\" class=\"vc_single_image-img attachment-full\" title=\"M\u00e1quina de solda a laser port\u00e1til\" src=\"https:\/\/bogonglaser.com\/wp-content\/uploads\/2024\/11\/handheld-laser-welder-machine.jpg\" sizes=\"auto, (max-width: 600px) 100vw, 600px\" srcset=\"https:\/\/bogonglaser.com\/wp-content\/uploads\/2024\/11\/handheld-laser-welder-machine.jpg 600w, https:\/\/bogonglaser.com\/wp-content\/uploads\/2024\/11\/handheld-laser-welder-machine-300x154.jpg 300w\" alt=\"M\u00e1quina de solda a laser port\u00e1til\" width=\"600\" height=\"308\" \/><\/div>\n<\/figure>\n<\/div>\n<\/div>\n<\/div>\n<\/div>\n<\/div>\n<div class=\"vc_row wpb_row vc_row-fluid\">\n<div class=\"wpb_column vc_column_container vc_col-sm-12\">\n<div class=\"vc_column-inner\">\n<div class=\"wpb_wrapper\">\n<div class=\"wpb_text_column wpb_content_element\">\n<div class=\"wpb_wrapper\">\n<p>**Por que escolher o BOGONG LASER?<\/p>\n<p>A BOGONG \u00e9 famosa por sua qualidade de equipamentos a laser e servi\u00e7os de p\u00f3s-venda. Nossas m\u00e1quinas s\u00e3o vers\u00e1teis e f\u00e1ceis de usar, projetadas com todos os n\u00edveis de habilidade em mente. Acima de tudo, priorizamos a satisfa\u00e7\u00e3o do cliente. N\u00e3o importa se voc\u00ea \u00e9 um especialista experiente ou um iniciante,\u00a0<a href=\"https:\/\/bogonglaser.com\/pt\/\">LASER BOGONG<\/a>\u00a0est\u00e1 aqui para apoi\u00e1-lo em cada etapa do processo. Confie em n\u00f3s e em nosso servi\u00e7o, onde a excel\u00eancia e a inova\u00e7\u00e3o se unem para o seu sucesso.<\/p>\n<\/div>\n<\/div>\n<\/div>\n<\/div>\n<\/div>\n<\/div>","protected":false},"excerpt":{"rendered":"<h1><span class=\"___SText_pr68d-red-team\" data-ui-name=\"Link.Text\">M\u00e1quina de solda a laser 3 em 1<\/span><\/h1>\n<p>A m\u00e1quina de solda, limpeza e corte a laser 3 em 1 \u00e9 um sistema a laser port\u00e1til tudo em um que apresenta uma pistola de corte a laser port\u00e1til para cortar metais, uma pistola de solda para uni-los e uma pistola de limpeza projetada para remover ferrugem, tinta e revestimentos. Sua versatilidade permite que ele execute v\u00e1rias fun\u00e7\u00f5es, enquanto seu design f\u00e1cil de usar o torna acess\u00edvel tanto para iniciantes quanto para profissionais...<\/p>\n<ul class=\"tips\">\n<li>350 conjuntos \/ m\u00eas em espera para venda Em estoque<\/li>\n<li>Garantia limitada de 2 anos para toda a m\u00e1quina<\/li>\n<li>Online (PayPal) e offline (T\/T, cart\u00f5es de d\u00e9bito e cr\u00e9dito)<\/li>\n<li>Suporte t\u00e9cnico gratuito vital\u00edcio para usu\u00e1rios finais e revendedores<\/li>\n<\/ul>","protected":false},"featured_media":1864,"template":"","meta":{"_gspb_post_css":""},"product_brand":[],"product_cat":[115,95],"product_tag":[109,108,107],"class_list":{"0":"post-1862","1":"product","2":"type-product","3":"status-publish","4":"has-post-thumbnail","6":"product_cat-handheld-laser-welder","7":"product_cat-laser-welding-machine","8":"product_tag-fiber-laser-welder","9":"product_tag-handheld-laser-welder","10":"product_tag-laser-welding-machine","12":"first","13":"instock","14":"shipping-taxable","15":"product-type-simple"},"_links":{"self":[{"href":"https:\/\/bogonglaser.com\/pt\/wp-json\/wp\/v2\/product\/1862","targetHints":{"allow":["GET"]}}],"collection":[{"href":"https:\/\/bogonglaser.com\/pt\/wp-json\/wp\/v2\/product"}],"about":[{"href":"https:\/\/bogonglaser.com\/pt\/wp-json\/wp\/v2\/types\/product"}],"wp:featuredmedia":[{"embeddable":true,"href":"https:\/\/bogonglaser.com\/pt\/wp-json\/wp\/v2\/media\/1864"}],"wp:attachment":[{"href":"https:\/\/bogonglaser.com\/pt\/wp-json\/wp\/v2\/media?parent=1862"}],"wp:term":[{"taxonomy":"product_brand","embeddable":true,"href":"https:\/\/bogonglaser.com\/pt\/wp-json\/wp\/v2\/product_brand?post=1862"},{"taxonomy":"product_cat","embeddable":true,"href":"https:\/\/bogonglaser.com\/pt\/wp-json\/wp\/v2\/product_cat?post=1862"},{"taxonomy":"product_tag","embeddable":true,"href":"https:\/\/bogonglaser.com\/pt\/wp-json\/wp\/v2\/product_tag?post=1862"}],"curies":[{"name":"wp","href":"https:\/\/api.w.org\/{rel}","templated":true}]}}