{"id":1828,"date":"2024-11-14T15:48:52","date_gmt":"2024-11-14T07:48:52","guid":{"rendered":"https:\/\/bogonglaser.com\/?post_type=product&#038;p=1828"},"modified":"2025-12-10T18:27:09","modified_gmt":"2025-12-10T10:27:09","slug":"best-handheld-laser-welder","status":"publish","type":"product","link":"https:\/\/bogonglaser.com\/pt\/best-handheld-laser-welder\/","title":{"rendered":"Melhor m\u00e1quina de solda a laser port\u00e1til"},"content":{"rendered":"<div class=\"vc_row wpb_row vc_row-fluid\">\n<div class=\"wpb_column vc_column_container vc_col-sm-12\">\n<div class=\"vc_column-inner\">\n<div class=\"wpb_wrapper\">\n<div class=\"wpb_text_column wpb_content_element\">\n<div class=\"wpb_wrapper\">\n<p>A BOGONG fornece as melhores m\u00e1quinas de solda a laser port\u00e1teis de m\u00e3o<\/p>\n<p>Projetados para facilitar o uso, esses soldadores a laser port\u00e1teis s\u00e3o manobr\u00e1veis e operados com uma pistola de soldagem port\u00e1til, o que os torna ideais para conex\u00f5es de juntas met\u00e1licas em ambientes internos e externos.<\/p>\n<p>Essas m\u00e1quinas oferecem a vantagem da soldagem sem contato para componentes complexos. O soldador manual com feixe de laser pode efetivamente separar o espectro por tempo e energia, permitindo v\u00e1rias soldas simult\u00e2neas. Em compara\u00e7\u00e3o com os m\u00e9todos tradicionais de soldagem MIG, TIG e el\u00e9trica, essa tecnologia oferece maior precis\u00e3o no processo de soldagem.<\/p>\n<\/div>\n<\/div>\n<\/div>\n<\/div>\n<\/div>\n<\/div>\n<div class=\"vc_row wpb_row vc_row-fluid\">\n<div class=\"wpb_column vc_column_container vc_col-sm-12\">\n<div class=\"vc_column-inner\">\n<div class=\"wpb_wrapper\">\n<div class=\"wpb_single_image wpb_content_element vc_align_left wpb_content_element\">\n<figure class=\"wpb_wrapper vc_figure\">\n<div class=\"vc_single_image-wrapper vc_box_border_grey\"><img decoding=\"async\" class=\"vc_single_image-img attachment-full\" title=\"soldador a laser port\u00e1til\" src=\"https:\/\/bogonglaser.com\/wp-content\/uploads\/2024\/11\/laser-welder-handheld-1.jpg\" sizes=\"auto, (max-width: 600px) 100vw, 600px\" srcset=\"https:\/\/bogonglaser.com\/wp-content\/uploads\/2024\/11\/laser-welder-handheld-1.jpg 600w, https:\/\/bogonglaser.com\/wp-content\/uploads\/2024\/11\/laser-welder-handheld-1-300x300.jpg 300w, https:\/\/bogonglaser.com\/wp-content\/uploads\/2024\/11\/laser-welder-handheld-1-150x150.jpg 150w, https:\/\/bogonglaser.com\/wp-content\/uploads\/2024\/11\/laser-welder-handheld-1-100x100.jpg 100w\" alt=\"soldador a laser port\u00e1til 1\" width=\"600\" height=\"600\" \/><\/div>\n<\/figure>\n<\/div>\n<\/div>\n<\/div>\n<\/div>\n<\/div>\n<div class=\"vc_row wpb_row vc_row-fluid\">\n<div class=\"wpb_column vc_column_container vc_col-sm-12\">\n<div class=\"vc_column-inner\">\n<div class=\"wpb_wrapper\">\n<div class=\"wpb_text_column wpb_content_element\">\n<div class=\"wpb_wrapper\">\n<h2>Vantagem de\u00a0<a href=\"https:\/\/bogonglaser.com\/pt\/laser-welding-machine\/handheld-laser-welder\/\">Soldador a laser port\u00e1til<\/a>:<\/h2>\n<p>Oferece v\u00e1rias op\u00e7\u00f5es de pot\u00eancia de laser (1500W, 2000W, 3000W) para diferentes profundidades de penetra\u00e7\u00e3o.<\/p>\n<p>Port\u00e1til e f\u00e1cil de operar, o que o torna ideal para projetos de soldagem em ambientes internos e externos.<\/p>\n<p>Velocidades de soldagem r\u00e1pidas - de 2 a 10 vezes mais r\u00e1pidas do que as dos soldadores MMA, TIG e MIG tradicionais.<\/p>\n<p>Produz costuras soldadas retas e uniformes que s\u00e3o lisas e limpas, com penetra\u00e7\u00e3o profunda e conicidade m\u00ednima, eliminando a necessidade de polimento e economizando tempo e custos.<\/p>\n<p>Cria juntas met\u00e1licas fortes sem deforma\u00e7\u00e3o e reduz a forma\u00e7\u00e3o de cicatrizes.<\/p>\n<p>Menor consumo de materiais e energia, contribuindo para uma vida \u00fatil mais longa.<\/p>\n<p>F\u00e1cil de usar e seguro, com opera\u00e7\u00e3o ecologicamente correta.<\/p>\n<\/div>\n<\/div>\n<\/div>\n<\/div>\n<\/div>\n<\/div>\n<div class=\"vc_row wpb_row vc_row-fluid\">\n<div class=\"wpb_column vc_column_container vc_col-sm-12\">\n<div class=\"vc_column-inner\">\n<div class=\"wpb_wrapper\">\n<div class=\"wpb_single_image wpb_content_element vc_align_left wpb_content_element\">\n<figure class=\"wpb_wrapper vc_figure\">\n<div class=\"vc_single_image-wrapper vc_box_border_grey\"><img decoding=\"async\" class=\"vc_single_image-img attachment-full\" title=\"soldador a laser de fibra\" src=\"https:\/\/bogonglaser.com\/wp-content\/uploads\/2024\/11\/fiber-laser-welder-1.jpg\" sizes=\"auto, (max-width: 600px) 100vw, 600px\" srcset=\"https:\/\/bogonglaser.com\/wp-content\/uploads\/2024\/11\/fiber-laser-welder-1.jpg 600w, https:\/\/bogonglaser.com\/wp-content\/uploads\/2024\/11\/fiber-laser-welder-1-300x300.jpg 300w, https:\/\/bogonglaser.com\/wp-content\/uploads\/2024\/11\/fiber-laser-welder-1-150x150.jpg 150w, https:\/\/bogonglaser.com\/wp-content\/uploads\/2024\/11\/fiber-laser-welder-1-100x100.jpg 100w\" alt=\"soldador a laser de fibra 1\" width=\"600\" height=\"600\" \/><\/div>\n<\/figure>\n<\/div>\n<\/div>\n<\/div>\n<\/div>\n<\/div>\n<div class=\"vc_row wpb_row vc_row-fluid\">\n<div class=\"wpb_column vc_column_container vc_col-sm-12\">\n<div class=\"vc_column-inner\">\n<div class=\"wpb_wrapper\">\n<div class=\"wpb_text_column wpb_content_element\">\n<div class=\"wpb_wrapper\">\n<h2>Caracter\u00edsticas da m\u00e1quina de solda a laser de fibra port\u00e1til<\/h2>\n<p>Oferece alta densidade de energia do laser com uma \u00e1rea m\u00ednima de efeito t\u00e9rmico, reduzindo o risco de deforma\u00e7\u00e3o e eliminando a necessidade de processamento subsequente extenso.<\/p>\n<p>Gabinete de controle compacto tudo-em-um que inclui o gerador de laser, a fonte de alimenta\u00e7\u00e3o, o resfriador de \u00e1gua industrial e o controlador - potente e f\u00e1cil de mover.<\/p>\n<p>Oferece suporte a v\u00e1rias t\u00e9cnicas de soldagem, incluindo soldagem por pontos, pontos, pregos, topo, sobreposi\u00e7\u00e3o, emenda, borda, pilha, crimpagem e tee.<\/p>\n<p>Os recursos avan\u00e7ados de detec\u00e7\u00e3o e prote\u00e7\u00e3o garantem uma opera\u00e7\u00e3o est\u00e1vel a longo prazo, minimizando poss\u00edveis perdas e riscos \u00e0 seguran\u00e7a.<\/p>\n<p>A opera\u00e7\u00e3o sem contato \u00e9 livre de estresse, silenciosa e ecologicamente correta, alinhando-se aos padr\u00f5es de processamento ecol\u00f3gico.<\/p>\n<p>Produz soldas de alta qualidade com um acabamento suave e limpo.<\/p>\n<p>Os recursos de comunica\u00e7\u00e3o permitem o monitoramento em tempo real de todos os dados do laser.<\/p>\n<p>Equipado com uma fibra especializada para soldar pequenos pontos de solda.<\/p>\n<p>O feixe de laser de fibra de alta qualidade garante alta efici\u00eancia de convers\u00e3o, resultando em velocidade de processamento r\u00e1pida, alta propor\u00e7\u00e3o e soldas fortes.<\/p>\n<p>Um sistema espectral avan\u00e7ado reduz a perda de energia, garantindo energia laser uniforme em todas as fibras.<\/p>\n<p>Use a transmiss\u00e3o de fibra \u00f3ptica para soldagem remota e pode se integrar facilmente a bancadas de trabalho autom\u00e1ticas, manipuladores e linhas de montagem, resultando em pontos de luz mais uniformes e juntas de solda esteticamente agrad\u00e1veis.<\/p>\n<p>V\u00e1rios sinais de entrada e sa\u00edda facilitam a produ\u00e7\u00e3o automatizada e a integra\u00e7\u00e3o da linha de montagem.<\/p>\n<p>As juntas de solda ecologicamente corretas apresentam resist\u00eancia e dureza compar\u00e1veis ou superiores \u00e0s do metal de base.<\/p>\n<p>Interface de tela sens\u00edvel ao toque amig\u00e1vel para configura\u00e7\u00e3o e opera\u00e7\u00e3o simples, com um sistema operacional intuitivo que \u00e9 f\u00e1cil de aprender.<\/p>\n<p>Uma variedade de bicos angulares e especifica\u00e7\u00f5es para bicos de alimenta\u00e7\u00e3o de arame est\u00e1 dispon\u00edvel para acomodar diferentes requisitos de projetos de soldagem.<\/p>\n<\/div>\n<\/div>\n<\/div>\n<\/div>\n<\/div>\n<\/div>\n<div class=\"vc_row wpb_row vc_row-fluid\">\n<div class=\"wpb_column vc_column_container vc_col-sm-12\">\n<div class=\"vc_column-inner\">\n<div class=\"wpb_wrapper\">\n<div class=\"wpb_single_image wpb_content_element vc_align_left wpb_content_element\">\n<figure class=\"wpb_wrapper vc_figure\">\n<div class=\"vc_single_image-wrapper vc_box_border_grey\"><img decoding=\"async\" class=\"vc_single_image-img attachment-full\" title=\"m\u00e1quinas de solda a laser\" src=\"https:\/\/bogonglaser.com\/wp-content\/uploads\/2024\/11\/laser-welder-machines.jpg\" sizes=\"auto, (max-width: 600px) 100vw, 600px\" srcset=\"https:\/\/bogonglaser.com\/wp-content\/uploads\/2024\/11\/laser-welder-machines.jpg 600w, https:\/\/bogonglaser.com\/wp-content\/uploads\/2024\/11\/laser-welder-machines-300x300.jpg 300w, https:\/\/bogonglaser.com\/wp-content\/uploads\/2024\/11\/laser-welder-machines-150x150.jpg 150w, https:\/\/bogonglaser.com\/wp-content\/uploads\/2024\/11\/laser-welder-machines-100x100.jpg 100w\" alt=\"m\u00e1quinas de solda a laser\" width=\"600\" height=\"600\" \/><\/div>\n<\/figure>\n<\/div>\n<\/div>\n<\/div>\n<\/div>\n<\/div>\n<div class=\"vc_row wpb_row vc_row-fluid\">\n<div class=\"wpb_column vc_column_container vc_col-sm-12\">\n<div class=\"vc_column-inner\">\n<div class=\"wpb_wrapper\">\n<div class=\"wpb_text_column wpb_content_element\">\n<div class=\"wpb_wrapper\">\n<h3>O que \u00e9 uma pistola de soldagem a laser port\u00e1til?<\/h3>\n<p>Uma pistola de soldagem a laser port\u00e1til \u00e9 uma solu\u00e7\u00e3o de soldagem port\u00e1til que combina um gerador de laser, um controlador, um sistema de resfriamento e um alimentador autom\u00e1tico de arame, tudo em um \u00fanico dispositivo. Essa ferramenta vers\u00e1til \u00e9 capaz de realizar v\u00e1rias t\u00e9cnicas de soldagem, como ponto, prego, topo, sobreposi\u00e7\u00e3o, borda, crimpagem e soldagem em T, o que a torna perfeita para diferentes tipos de juntas met\u00e1licas. Sua flexibilidade e seu design f\u00e1cil de usar permitem a soldagem a longa dist\u00e2ncia e ao ar livre, permitindo que os operadores trabalhem facilmente em pe\u00e7as sold\u00e1veis de qualquer \u00e2ngulo ou posi\u00e7\u00e3o - ideal para lidar com juntas met\u00e1licas complexas.<\/p>\n<p>A pistola de soldagem \u00e9 constru\u00edda com um corpo de pistola, uma c\u00e2mara de resfriamento e uma c\u00e2mara de g\u00e1s de prote\u00e7\u00e3o. Seu design compacto e simples facilita a opera\u00e7\u00e3o e o transporte. Voc\u00ea pode conect\u00e1-la facilmente a um meio de resfriamento e a uma fonte de g\u00e1s de prote\u00e7\u00e3o, o que ajuda a resfriar a pistola a laser e cria uma atmosfera de g\u00e1s de prote\u00e7\u00e3o ao redor da \u00e1rea de trabalho, garantindo uma qualidade de solda consistente.<\/p>\n<p>A BOGONG oferece v\u00e1rias marcas de cabe\u00e7otes de laser para voc\u00ea escolher; confira o v\u00eddeo abaixo para obter mais informa\u00e7\u00f5es.<\/p>\n<\/div>\n<\/div>\n<\/div>\n<\/div>\n<\/div>\n<\/div>\n<div class=\"vc_row wpb_row vc_row-fluid\">\n<div class=\"wpb_column vc_column_container vc_col-sm-12\">\n<div class=\"vc_column-inner\">\n<div class=\"wpb_wrapper\">\n<div class=\"wpb_video_widget wpb_content_element vc_clearfix vc_video-aspect-ratio-169 vc_video-el-width-100 vc_video-align-left\">\n<div class=\"wpb_wrapper\">\n<div class=\"wpb_video_wrapper\">\n<p><iframe title=\"V\u00e1rias marcas de cabe\u00e7ote de soldagem a laser de fibra port\u00e1til mostram qual cabe\u00e7ote de soldagem a laser \u00e9 bom?\" width=\"1290\" height=\"726\" src=\"https:\/\/www.youtube.com\/embed\/NSdcJZEIYs8?feature=oembed\" frameborder=\"0\" allow=\"accelerometer; autoplay; clipboard-write; encrypted-media; gyroscope; picture-in-picture; web-share\" referrerpolicy=\"strict-origin-when-cross-origin\" allowfullscreen><\/iframe><\/p>\n<\/div>\n<\/div>\n<\/div>\n<\/div>\n<\/div>\n<\/div>\n<\/div>\n<div class=\"vc_row wpb_row vc_row-fluid\">\n<div class=\"wpb_column vc_column_container vc_col-sm-12\">\n<div class=\"vc_column-inner\">\n<div class=\"wpb_wrapper\">\n<div class=\"wpb_text_column wpb_content_element\">\n<div class=\"wpb_wrapper\">\n<p><strong>Embalagem da m\u00e1quina de solda a laser<\/strong><\/p>\n<\/div>\n<\/div>\n<div class=\"wpb_single_image wpb_content_element vc_align_left wpb_content_element\">\n<figure class=\"wpb_wrapper vc_figure\">\n<div class=\"vc_single_image-wrapper vc_box_border_grey\"><img decoding=\"async\" class=\"vc_single_image-img attachment-full\" title=\"M\u00e1quina de solda a laser port\u00e1til\" src=\"https:\/\/bogonglaser.com\/wp-content\/uploads\/2024\/11\/handheld-laser-welder-machine.jpg\" sizes=\"auto, (max-width: 600px) 100vw, 600px\" srcset=\"https:\/\/bogonglaser.com\/wp-content\/uploads\/2024\/11\/handheld-laser-welder-machine.jpg 600w, https:\/\/bogonglaser.com\/wp-content\/uploads\/2024\/11\/handheld-laser-welder-machine-300x154.jpg 300w\" alt=\"M\u00e1quina de solda a laser port\u00e1til\" width=\"600\" height=\"308\" \/><\/div>\n<\/figure>\n<\/div>\n<\/div>\n<\/div>\n<\/div>\n<\/div>\n<div class=\"vc_row wpb_row vc_row-fluid\">\n<div class=\"wpb_column vc_column_container vc_col-sm-12\">\n<div class=\"vc_column-inner\">\n<div class=\"wpb_wrapper\">\n<div class=\"wpb_text_column wpb_content_element\">\n<div class=\"wpb_wrapper\">\n<p>**Por que escolher o BOGONG LASER?<\/p>\n<p>A BOGONG \u00e9 famosa por sua qualidade de equipamentos a laser e servi\u00e7os de p\u00f3s-venda. Nossas m\u00e1quinas s\u00e3o vers\u00e1teis e f\u00e1ceis de usar, projetadas com todos os n\u00edveis de habilidade em mente. Acima de tudo, priorizamos a satisfa\u00e7\u00e3o do cliente. N\u00e3o importa se voc\u00ea \u00e9 um especialista experiente ou um iniciante,\u00a0<a href=\"https:\/\/bogonglaser.com\/pt\/\">LASER BOGONG<\/a>\u00a0est\u00e1 aqui para apoi\u00e1-lo em cada etapa do processo. Confie em n\u00f3s e em nosso servi\u00e7o, onde a excel\u00eancia e a inova\u00e7\u00e3o se unem para o seu sucesso.<\/p>\n<\/div>\n<\/div>\n<\/div>\n<\/div>\n<\/div>\n<\/div>","protected":false},"excerpt":{"rendered":"<p>Descubra a m\u00e1quina de solda a laser port\u00e1til 2024 para venda<\/p>\n<p>Apresentamos a melhor m\u00e1quina de solda a laser port\u00e1til de 2024, com pin\u00e7as de solda a laser de fibra e uma potente fonte de laser dispon\u00edvel nas op\u00e7\u00f5es de 1500W, 2000W e 3000W. Essa m\u00e1quina vem equipada com um alimentador autom\u00e1tico de arame, o que a torna perfeita para a soldagem de uma variedade de juntas met\u00e1licas, incluindo juntas de borda, de topo, em T, de canto e sobrepostas.<\/p>\n<p>Essa vers\u00e1til m\u00e1quina de solda a laser port\u00e1til foi projetada para trabalhar perfeitamente com uma ampla variedade de materiais, como a\u00e7o carbono, a\u00e7o inoxid\u00e1vel, alum\u00ednio, lat\u00e3o, cobre, ferro, prata e ouro, em formas como chapas, tubos e perfis. Ele est\u00e1 pronto para se tornar a solu\u00e7\u00e3o ideal, substituindo os m\u00e9todos tradicionais de soldagem, como arco de arg\u00f4nio, MIG, TIG e soldadores el\u00e9tricos para unir componentes met\u00e1licos...<\/p>\n<ul class=\"tips\">\n<li>350 conjuntos \/ m\u00eas em espera para venda Em estoque<\/li>\n<li>Garantia limitada de 2 anos para toda a m\u00e1quina<\/li>\n<li>Online (PayPal) e offline (T\/T, cart\u00f5es de d\u00e9bito e cr\u00e9dito)<\/li>\n<li>Suporte t\u00e9cnico gratuito vital\u00edcio para usu\u00e1rios finais e revendedores<\/li>\n<\/ul>","protected":false},"featured_media":1855,"template":"","meta":{"_gspb_post_css":""},"product_brand":[],"product_cat":[115,95],"product_tag":[109,108,107],"class_list":{"0":"post-1828","1":"product","2":"type-product","3":"status-publish","4":"has-post-thumbnail","6":"product_cat-handheld-laser-welder","7":"product_cat-laser-welding-machine","8":"product_tag-fiber-laser-welder","9":"product_tag-handheld-laser-welder","10":"product_tag-laser-welding-machine","12":"first","13":"instock","14":"shipping-taxable","15":"product-type-simple"},"_links":{"self":[{"href":"https:\/\/bogonglaser.com\/pt\/wp-json\/wp\/v2\/product\/1828","targetHints":{"allow":["GET"]}}],"collection":[{"href":"https:\/\/bogonglaser.com\/pt\/wp-json\/wp\/v2\/product"}],"about":[{"href":"https:\/\/bogonglaser.com\/pt\/wp-json\/wp\/v2\/types\/product"}],"wp:featuredmedia":[{"embeddable":true,"href":"https:\/\/bogonglaser.com\/pt\/wp-json\/wp\/v2\/media\/1855"}],"wp:attachment":[{"href":"https:\/\/bogonglaser.com\/pt\/wp-json\/wp\/v2\/media?parent=1828"}],"wp:term":[{"taxonomy":"product_brand","embeddable":true,"href":"https:\/\/bogonglaser.com\/pt\/wp-json\/wp\/v2\/product_brand?post=1828"},{"taxonomy":"product_cat","embeddable":true,"href":"https:\/\/bogonglaser.com\/pt\/wp-json\/wp\/v2\/product_cat?post=1828"},{"taxonomy":"product_tag","embeddable":true,"href":"https:\/\/bogonglaser.com\/pt\/wp-json\/wp\/v2\/product_tag?post=1828"}],"curies":[{"name":"wp","href":"https:\/\/api.w.org\/{rel}","templated":true}]}}