{"id":1788,"date":"2024-11-12T10:41:34","date_gmt":"2024-11-12T02:41:34","guid":{"rendered":"https:\/\/bogonglaser.com\/?post_type=product&#038;p=1788"},"modified":"2025-12-10T16:33:11","modified_gmt":"2025-12-10T08:33:11","slug":"fiber-laser-cutting-machine","status":"publish","type":"product","link":"https:\/\/bogonglaser.com\/pt\/fiber-laser-cutting-machine\/","title":{"rendered":"M\u00e1quina de corte a laser de fibra"},"content":{"rendered":"<p>This popular fiber laser cutting machine with standard cutting size 1500*3000mm, Laser power options ranging from 1000W to 6000W, the BGC3015 delivers outstanding performance through its powerful laser sourced from top manufacturers like Raycus, IPG, or MAX. Its versatility allows for efficient cutting of materials including steel, titanium, aluminum, brass, copper, alloys, gold, silver, and iron, making it easy to tackle any project.<\/p>\n<p>Apesar de seu baixo pre\u00e7o, n\u00e3o compromete os recursos ou a qualidade. Equipada com um cabe\u00e7ote de corte a laser e um servomotor de Taiwan\/Jap\u00e3o, essa m\u00e1quina assegura cortes precisos e desempenho consistente, garantindo que seus projetos atendam aos mais altos padr\u00f5es.<\/p>\n<p>O BGC3015 tamb\u00e9m apresenta recursos avan\u00e7ados, como um sistema autom\u00e1tico de limpeza de \u00f3leo e bot\u00f5es f\u00e1ceis de usar para uma opera\u00e7\u00e3o perfeita, proporcionando o m\u00e1ximo de flexibilidade para todas as suas necessidades de fabrica\u00e7\u00e3o.<\/p>\n<p>O BGC3015 \u00e9 a solu\u00e7\u00e3o perfeita para propriet\u00e1rios de pequenas empresas que desejam aumentar a produ\u00e7\u00e3o ou para amadores ansiosos por explorar novas possibilidades de trabalho em metal. Com o BGC3015 da BOGONG LASER, voc\u00ea pode obter um trabalho em metal preciso sem gastar muito.<\/p>\n<div class=\"sub-header-divs\">\n<h3>Desempenho<\/h3>\n<\/div>\n<ul>\n<li>Meio de laser - Laser de fibra CW 1070nm de estado s\u00f3lido<\/li>\n<li>Pot\u00eancia do laser - Op\u00e7\u00f5es de fonte de fibra de 1000W a 6000W<\/li>\n<li>Alimenta\u00e7\u00e3o - 220v\u00a0<strong>monof\u00e1sico\/ 380V trif\u00e1sico<\/strong><\/li>\n<li>Precis\u00e3o de posicionamento - \u2264\u00b10,03 mm<\/li>\n<li>Precis\u00e3o da repetibilidade - \u2264\u00b10,02 mm<\/li>\n<\/ul>\n<div class=\"sub-header-divs\">\n<h3>Sistema<\/h3>\n<\/div>\n<ul>\n<li>Sistema de acionamento - Servo de circuito fechado<\/li>\n<li>Modo de resfriamento - \u00c1gua refrigerada<\/li>\n<\/ul>\n<p><img decoding=\"async\" class=\"size-medium wp-image-7393\" src=\"https:\/\/bogonglaser.com\/wp-content\/uploads\/2024\/11\/laser-cutting-machine-fiber-1-300x225.jpg\" alt=\"m\u00e1quina de corte a laser de fibra\" width=\"300\" height=\"225\" title=\"\" srcset=\"https:\/\/bogonglaser.com\/wp-content\/uploads\/2024\/11\/laser-cutting-machine-fiber-1-300x225.jpg 300w, https:\/\/bogonglaser.com\/wp-content\/uploads\/2024\/11\/laser-cutting-machine-fiber-1-600x450.jpg 600w, https:\/\/bogonglaser.com\/wp-content\/uploads\/2024\/11\/laser-cutting-machine-fiber-1-768x576.jpg 768w, https:\/\/bogonglaser.com\/wp-content\/uploads\/2024\/11\/laser-cutting-machine-fiber-1-16x12.jpg 16w, https:\/\/bogonglaser.com\/wp-content\/uploads\/2024\/11\/laser-cutting-machine-fiber-1.jpg 800w\" sizes=\"(max-width: 300px) 100vw, 300px\" \/><\/p>\n<h4>O que \u00e9 uma m\u00e1quina de corte a laser de fibra?<\/h4>\n<p>Uma m\u00e1quina de corte a laser de fibra \u00e9 uma ferramenta CNC avan\u00e7ada projetada para corte de metal de alta qualidade, alta velocidade e alta precis\u00e3o. \u00c9 o parceiro ideal para qualquer pessoa envolvida na fabrica\u00e7\u00e3o de metais.<\/p>\n<p>Esses cortadores a laser de fibra top de linha oferecem v\u00e1rias op\u00e7\u00f5es de pot\u00eancia (1000W, 1500W, 2000W, 3000W, 6000W) para cortar com efici\u00eancia chapas e placas de metal. Eles podem lidar com uma ampla variedade de materiais, incluindo a\u00e7o inoxid\u00e1vel, a\u00e7o carbono, a\u00e7o el\u00e9trico, a\u00e7o galvanizado, chapas de alum\u00ednio e zinco, alum\u00ednio, ligas de alum\u00ednio, ligas de tit\u00e2nio, cobre, lat\u00e3o, ferro e muito mais, acomodando diferentes espessuras.<\/p>\n<p>Com seus designs f\u00e1ceis de usar e recursos de corte potentes, essas m\u00e1quinas realmente se destacam como ferramentas profissionais de corte de metal. Voc\u00ea pode descobrir mais sobre essas op\u00e7\u00f5es explorando nossa sele\u00e7\u00e3o de m\u00e1quinas de corte de metal a laser.<\/p>\n<p><iframe title=\"M\u00e1quina de corte a laser de fibra 1530 - cortador a laser de tipo aberto de 1000W a 6000W para metal\" width=\"1290\" height=\"726\" src=\"https:\/\/www.youtube.com\/embed\/yXmwSwHldWo?feature=oembed\" frameborder=\"0\" allow=\"accelerometer; autoplay; clipboard-write; encrypted-media; gyroscope; picture-in-picture; web-share\" referrerpolicy=\"strict-origin-when-cross-origin\" allowfullscreen><\/iframe><\/p>\n<p><img decoding=\"async\" class=\"size-medium wp-image-7392\" src=\"https:\/\/bogonglaser.com\/wp-content\/uploads\/2024\/11\/laser-cutting-machine-fiber-4-300x225.jpg\" alt=\"m\u00e1quina de corte a laser de fibra\" width=\"300\" height=\"225\" title=\"\" srcset=\"https:\/\/bogonglaser.com\/wp-content\/uploads\/2024\/11\/laser-cutting-machine-fiber-4-300x225.jpg 300w, https:\/\/bogonglaser.com\/wp-content\/uploads\/2024\/11\/laser-cutting-machine-fiber-4-600x450.jpg 600w, https:\/\/bogonglaser.com\/wp-content\/uploads\/2024\/11\/laser-cutting-machine-fiber-4-768x576.jpg 768w, https:\/\/bogonglaser.com\/wp-content\/uploads\/2024\/11\/laser-cutting-machine-fiber-4-16x12.jpg 16w, https:\/\/bogonglaser.com\/wp-content\/uploads\/2024\/11\/laser-cutting-machine-fiber-4.jpg 800w\" sizes=\"(max-width: 300px) 100vw, 300px\" \/><\/p>\n<p><img decoding=\"async\" class=\"size-medium wp-image-7391\" src=\"https:\/\/bogonglaser.com\/wp-content\/uploads\/2024\/11\/laser-cutting-machine-fiber-3-300x225.jpg\" alt=\"m\u00e1quina de corte a laser de fibra\" width=\"300\" height=\"225\" title=\"\" srcset=\"https:\/\/bogonglaser.com\/wp-content\/uploads\/2024\/11\/laser-cutting-machine-fiber-3-300x225.jpg 300w, https:\/\/bogonglaser.com\/wp-content\/uploads\/2024\/11\/laser-cutting-machine-fiber-3-600x450.jpg 600w, https:\/\/bogonglaser.com\/wp-content\/uploads\/2024\/11\/laser-cutting-machine-fiber-3-768x576.jpg 768w, https:\/\/bogonglaser.com\/wp-content\/uploads\/2024\/11\/laser-cutting-machine-fiber-3-16x12.jpg 16w, https:\/\/bogonglaser.com\/wp-content\/uploads\/2024\/11\/laser-cutting-machine-fiber-3.jpg 800w\" sizes=\"(max-width: 300px) 100vw, 300px\" \/><\/p>\n<p>&nbsp;<\/p>\n<p><img decoding=\"async\" class=\"size-medium wp-image-7390\" src=\"https:\/\/bogonglaser.com\/wp-content\/uploads\/2024\/11\/laser-cutting-machine-fiber-2-300x225.jpg\" alt=\"m\u00e1quina de corte a laser de fibra\" width=\"300\" height=\"225\" title=\"\" srcset=\"https:\/\/bogonglaser.com\/wp-content\/uploads\/2024\/11\/laser-cutting-machine-fiber-2-300x225.jpg 300w, https:\/\/bogonglaser.com\/wp-content\/uploads\/2024\/11\/laser-cutting-machine-fiber-2-600x450.jpg 600w, https:\/\/bogonglaser.com\/wp-content\/uploads\/2024\/11\/laser-cutting-machine-fiber-2-768x576.jpg 768w, https:\/\/bogonglaser.com\/wp-content\/uploads\/2024\/11\/laser-cutting-machine-fiber-2-16x12.jpg 16w, https:\/\/bogonglaser.com\/wp-content\/uploads\/2024\/11\/laser-cutting-machine-fiber-2.jpg 800w\" sizes=\"(max-width: 300px) 100vw, 300px\" \/><\/p>\n<h4>Ind\u00fastrias aplic\u00e1veis \u00e0 m\u00e1quina de corte a laser de fibra<\/h4>\n<p>Mechanical and electrical equipment, sheet metal fabrication, cabinets, stainless steel products, lighting fixtures, automotive parts, glass, hardware tools, advertising signs, decorative items, and other industries<\/p>\n<p><iframe title=\"COMO FUNCIONA A M\u00c1QUINA DE CORTE A LASER DE FIBRA CNC? Melhor cortador a laser de fibra \u00f3ptica da China\" width=\"1290\" height=\"726\" src=\"https:\/\/www.youtube.com\/embed\/gToqINLwTWw?feature=oembed\" frameborder=\"0\" allow=\"accelerometer; autoplay; clipboard-write; encrypted-media; gyroscope; picture-in-picture; web-share\" referrerpolicy=\"strict-origin-when-cross-origin\" allowfullscreen><\/iframe><\/p>\n<p>A BOGONG \u00e9 famosa por sua qualidade de equipamentos a laser e servi\u00e7os de p\u00f3s-venda. Nossas m\u00e1quinas s\u00e3o vers\u00e1teis e f\u00e1ceis de usar, projetadas com todos os n\u00edveis de habilidade em mente. Acima de tudo, priorizamos a satisfa\u00e7\u00e3o do cliente. N\u00e3o importa se voc\u00ea \u00e9 um especialista experiente ou um iniciante, <a href=\"https:\/\/bogonglaser.com\/pt\/\">LASER BOGONG<\/a> est\u00e1 aqui para apoi\u00e1-lo em cada etapa do processo. Confie em n\u00f3s e em nosso servi\u00e7o, onde a excel\u00eancia e a inova\u00e7\u00e3o se unem para o seu sucesso.<\/p>\n<p><img decoding=\"async\" class=\"size-medium wp-image-7376\" src=\"https:\/\/bogonglaser.com\/wp-content\/uploads\/2024\/11\/fiber-laser-cutting-machine-sealed-1-1-300x225.jpg\" alt=\"M\u00e1quina de corte a laser de fibra selada\" width=\"300\" height=\"225\" title=\"\" srcset=\"https:\/\/bogonglaser.com\/wp-content\/uploads\/2024\/11\/fiber-laser-cutting-machine-sealed-1-1-300x225.jpg 300w, https:\/\/bogonglaser.com\/wp-content\/uploads\/2024\/11\/fiber-laser-cutting-machine-sealed-1-1-600x450.jpg 600w, https:\/\/bogonglaser.com\/wp-content\/uploads\/2024\/11\/fiber-laser-cutting-machine-sealed-1-1-768x576.jpg 768w, https:\/\/bogonglaser.com\/wp-content\/uploads\/2024\/11\/fiber-laser-cutting-machine-sealed-1-1-16x12.jpg 16w, https:\/\/bogonglaser.com\/wp-content\/uploads\/2024\/11\/fiber-laser-cutting-machine-sealed-1-1.jpg 800w\" sizes=\"(max-width: 300px) 100vw, 300px\" \/><\/p>","protected":false},"excerpt":{"rendered":"<h3>Cortador de metal a laser de fibra mais popular para venda<\/h3>\n<p>A m\u00e1quina de corte a laser de fibra 2024 tem a melhor classifica\u00e7\u00e3o e \u00e9 capaz de cortar materiais como a\u00e7o, tit\u00e2nio, alum\u00ednio, lat\u00e3o, cobre, ligas, ouro, prata e ferro. Ela oferece op\u00e7\u00f5es de pot\u00eancia de 1000W, 1500W, 2000W, 3000W e 6000W. Atualmente, esse econ\u00f4mico cortador a laser de fibra est\u00e1 dispon\u00edvel a um pre\u00e7o atraente, acompanhado de servi\u00e7o e suporte profissionais para um sistema superior de corte de metal a laser.<\/p>\n<ul class=\"tips\">\n<li>200 conjuntos\/m\u00eas \u00e0 espera de venda Em estoque<\/li>\n<li>Garantia limitada de 2 anos para toda a m\u00e1quina<\/li>\n<li>Online (PayPal) e offline (T\/T, cart\u00f5es de d\u00e9bito e cr\u00e9dito)<\/li>\n<li>Suporte t\u00e9cnico gratuito vital\u00edcio para usu\u00e1rios finais e revendedores<\/li>\n<\/ul>","protected":false},"featured_media":5174,"template":"","meta":{"_gspb_post_css":""},"product_brand":[],"product_cat":[117,92,118],"product_tag":[105,106],"class_list":{"0":"post-1788","1":"product","2":"type-product","3":"status-publish","4":"has-post-thumbnail","6":"product_cat-fiber-laser-cutting-machine","7":"product_cat-laser-cutting-machine","8":"product_cat-laser-metal-cutting-machine","9":"product_tag-fiber-laser-cutting-machine","10":"product_tag-laser-cutting-machine","12":"first","13":"instock","14":"shipping-taxable","15":"product-type-simple"},"_links":{"self":[{"href":"https:\/\/bogonglaser.com\/pt\/wp-json\/wp\/v2\/product\/1788","targetHints":{"allow":["GET"]}}],"collection":[{"href":"https:\/\/bogonglaser.com\/pt\/wp-json\/wp\/v2\/product"}],"about":[{"href":"https:\/\/bogonglaser.com\/pt\/wp-json\/wp\/v2\/types\/product"}],"wp:featuredmedia":[{"embeddable":true,"href":"https:\/\/bogonglaser.com\/pt\/wp-json\/wp\/v2\/media\/5174"}],"wp:attachment":[{"href":"https:\/\/bogonglaser.com\/pt\/wp-json\/wp\/v2\/media?parent=1788"}],"wp:term":[{"taxonomy":"product_brand","embeddable":true,"href":"https:\/\/bogonglaser.com\/pt\/wp-json\/wp\/v2\/product_brand?post=1788"},{"taxonomy":"product_cat","embeddable":true,"href":"https:\/\/bogonglaser.com\/pt\/wp-json\/wp\/v2\/product_cat?post=1788"},{"taxonomy":"product_tag","embeddable":true,"href":"https:\/\/bogonglaser.com\/pt\/wp-json\/wp\/v2\/product_tag?post=1788"}],"curies":[{"name":"wp","href":"https:\/\/api.w.org\/{rel}","templated":true}]}}