{"id":1784,"date":"2024-11-11T16:28:51","date_gmt":"2024-11-11T08:28:51","guid":{"rendered":"https:\/\/bogonglaser.com\/?post_type=product&#038;p=1784"},"modified":"2025-12-10T17:17:38","modified_gmt":"2025-12-10T09:17:38","slug":"co2-laser-marking-machine","status":"publish","type":"product","link":"https:\/\/bogonglaser.com\/pt\/co2-laser-marking-machine\/","title":{"rendered":"M\u00e1quina de marca\u00e7\u00e3o a laser CO2"},"content":{"rendered":"<h2>O que \u00e9 um laser de CO2?<\/h2>\n<p>Os lasers de CO2 usam g\u00e1s CO2 como meio, que est\u00e1 contido em um tubo equipado com eletrodos para descarga el\u00e9trica. Quando ocorre uma descarga el\u00e9trica, ela cria plasma no g\u00e1s, e a luz resultante \u00e9 amplificada \u00e0 medida que passa entre um espelho refletor total e um acoplador de sa\u00edda. Essa luz amplificada \u00e9 ent\u00e3o emitida como um laser.<\/p>\n<p>Os marcadores a laser de CO2 t\u00eam um comprimento de onda 10 vezes maior que o dos lasers de fibra tradicionais. Eles s\u00e3o particularmente eficazes para marcar materiais como pl\u00e1sticos, papel, resinas, madeira, borracha e at\u00e9 mesmo subst\u00e2ncias transparentes como vidro e PET.<\/p>\n<figure id=\"attachment_7450\" aria-describedby=\"caption-attachment-7450\" style=\"width: 300px\" class=\"wp-caption alignnone\"><img decoding=\"async\" class=\"size-medium wp-image-7450\" src=\"https:\/\/bogonglaser.com\/wp-content\/uploads\/2024\/11\/CO2-Laser-marking-machine-1-300x225.jpg\" alt=\"M\u00e1quina de marca\u00e7\u00e3o a laser CO2\" width=\"300\" height=\"225\" title=\"\" srcset=\"https:\/\/bogonglaser.com\/wp-content\/uploads\/2024\/11\/CO2-Laser-marking-machine-1-300x225.jpg 300w, https:\/\/bogonglaser.com\/wp-content\/uploads\/2024\/11\/CO2-Laser-marking-machine-1-600x450.jpg 600w, https:\/\/bogonglaser.com\/wp-content\/uploads\/2024\/11\/CO2-Laser-marking-machine-1-768x576.jpg 768w, https:\/\/bogonglaser.com\/wp-content\/uploads\/2024\/11\/CO2-Laser-marking-machine-1-16x12.jpg 16w, https:\/\/bogonglaser.com\/wp-content\/uploads\/2024\/11\/CO2-Laser-marking-machine-1.jpg 800w\" sizes=\"(max-width: 300px) 100vw, 300px\" \/><figcaption id=\"caption-attachment-7450\" class=\"wp-caption-text\">M\u00e1quina de marca\u00e7\u00e3o a laser CO2<\/figcaption><\/figure>\n<p><iframe title=\"O que uma m\u00e1quina de marca\u00e7\u00e3o a laser de CO2 pode fazer?\" width=\"1290\" height=\"726\" src=\"https:\/\/www.youtube.com\/embed\/RFstd3JMNEw?feature=oembed\" frameborder=\"0\" allow=\"accelerometer; autoplay; clipboard-write; encrypted-media; gyroscope; picture-in-picture; web-share\" referrerpolicy=\"strict-origin-when-cross-origin\" allowfullscreen><\/iframe><\/p>\n<p>M\u00e1quina de marca\u00e7\u00e3o a laser CO2: Aplica\u00e7\u00f5es de marca\u00e7\u00e3o<\/p>\n<p><a href=\"https:\/\/bogonglaser.com\/pt\/laser-marking-machine\/co2-laser-marking-machine\/\">M\u00e1quinas de marca\u00e7\u00e3o a laser de CO2<\/a> s\u00e3o capazes de marcar uma ampla variedade de materiais n\u00e3o met\u00e1licos. Isso inclui materiais como bambu, madeira, papel, ABS, PVC, resina ep\u00f3xi, acr\u00edlico, couro, vidro, azulejos de cer\u00e2mica e borracha. Aplica\u00e7\u00e3o em v\u00e1rios setores, incluindo embalagens farmac\u00eauticas, embalagens de alimentos, embalagens de bebidas, pl\u00e1sticos, t\u00eaxteis, couro, artesanato em madeira, eletr\u00f4nicos, comunica\u00e7\u00f5es, rel\u00f3gios, \u00f3culos, impress\u00e3o e muito mais.<\/p>\n<figure id=\"attachment_7451\" aria-describedby=\"caption-attachment-7451\" style=\"width: 300px\" class=\"wp-caption alignnone\"><img decoding=\"async\" class=\"size-medium wp-image-7451\" src=\"https:\/\/bogonglaser.com\/wp-content\/uploads\/2024\/11\/CO2-Laser-marking-machine-300x225.png\" alt=\"M\u00e1quina de marca\u00e7\u00e3o a laser CO2\" width=\"300\" height=\"225\" title=\"\" srcset=\"https:\/\/bogonglaser.com\/wp-content\/uploads\/2024\/11\/CO2-Laser-marking-machine-300x225.png 300w, https:\/\/bogonglaser.com\/wp-content\/uploads\/2024\/11\/CO2-Laser-marking-machine-600x450.png 600w, https:\/\/bogonglaser.com\/wp-content\/uploads\/2024\/11\/CO2-Laser-marking-machine-768x576.png 768w, https:\/\/bogonglaser.com\/wp-content\/uploads\/2024\/11\/CO2-Laser-marking-machine-16x12.png 16w, https:\/\/bogonglaser.com\/wp-content\/uploads\/2024\/11\/CO2-Laser-marking-machine.png 800w\" sizes=\"(max-width: 300px) 100vw, 300px\" \/><figcaption id=\"caption-attachment-7451\" class=\"wp-caption-text\">M\u00e1quina de marca\u00e7\u00e3o a laser CO2<\/figcaption><\/figure>\n<h2>O que podemos fazer por voc\u00ea?<\/h2>\n<ul>\n<li><span class=\"magic-19\"><b class=\"magic-19\"><span class=\"magic-18\">Amostras de teste gratuitas -<\/span><\/b><span class=\"magic-20\" data-spm-anchor-id=\"a2700.details.0.i41.41d82402R4aegi\">Podemos realizar testes gratuitos de efeito de marca\u00e7\u00e3o de acordo com o material de seu produto<\/span><\/span><\/li>\n<li><span class=\"magic-19\"><b class=\"magic-19\"><span class=\"magic-18\">V\u00eddeo ao vivo<\/span><\/b><span class=\"magic-20\">Voc\u00ea pode entrar em contato com nossos consultores de vendas para assistir ao processo de produ\u00e7\u00e3o e \u00e0 opera\u00e7\u00e3o da m\u00e1quina em um v\u00eddeo on-line.<\/span><\/span><\/li>\n<li><span class=\"magic-19\"><b class=\"magic-19\"><span class=\"magic-18\">Personalizado \/OEM-<\/span><\/b><span class=\"magic-20\" data-spm-anchor-id=\"a2700.details.0.i40.41d82402R4aegi\">M\u00e1quinas personalizadas mediante solicita\u00e7\u00e3o\uff0cEntre em contato conosco<\/span><\/span><\/li>\n<\/ul>\n<p>&nbsp;<\/p>\n<h3>Quais pe\u00e7as eu preciso escolher para a m\u00e1quina de marca\u00e7\u00e3o a laser de CO2?<\/h3>\n<ul>\n<li>Dispositivo rotativo: h\u00e1 v\u00e1rios dispositivos rotativos com diferentes estilos e di\u00e2metros de bra\u00e7adeira, como 50D 65D 80D<\/li>\n<\/ul>\n<p>Condi\u00e7\u00f5es de pagamento da m\u00e1quina de marca\u00e7\u00e3o a laser CO2<\/p>\n<p>1. Dep\u00f3sito e saldo: Um dep\u00f3sito de 30% T\/T \u00e9 exigido antecipadamente, com o saldo devido antes do envio.<\/p>\n<p>2. Garantia de com\u00e9rcio do Alibaba: Os pagamentos podem ser processados por meio do Alibaba Trade Assurance.<\/p>\n<p>Perguntas frequentes sobre a m\u00e1quina de marca\u00e7\u00e3o a laser de CO2<\/p>\n<p>Qual \u00e9 a embalagem do <a href=\"https:\/\/bogonglaser.com\/pt\/laser-marking-machine\/co2-laser-marking-machine\/\">M\u00e1quina de marca\u00e7\u00e3o a laser CO2<\/a>?<br \/>\nNossas m\u00e1quinas s\u00e3o embaladas em uma configura\u00e7\u00e3o de tr\u00eas camadas. A camada externa consiste em um engradado de madeira, a camada intermedi\u00e1ria apresenta estofamento de espuma para proteger contra trepida\u00e7\u00f5es e a camada interna inclui um saco pl\u00e1stico grosso para impermeabiliza\u00e7\u00e3o.<\/p>\n<p>O pacote ser\u00e1 danificado durante o transporte?<br \/>\nProjetamos meticulosamente nossas embalagens para lidar com todos os fatores de poss\u00edveis danos, e nossos agentes de transporte t\u00eam experi\u00eancia em transporte seguro. J\u00e1 exportamos com sucesso para 180 pa\u00edses, portanto, voc\u00ea pode ter certeza de que sua encomenda chegar\u00e1 em excelentes condi\u00e7\u00f5es<\/p>\n<p>A maioria dos clientes prefere escolher o transporte por UPS\/DHL express, que pode chegar ao destino em cerca de 5 a 7 dias. <a href=\"https:\/\/bogonglaser.com\/pt\/\">Laser BOGONG<\/a> para obter mais detalhes sobre o gravador de metal a laser de fibra para prata, lat\u00e3o, ouro e cobre.<\/p>","protected":false},"excerpt":{"rendered":"<h2>M\u00e1quina de marca\u00e7\u00e3o a laser CO2<\/h2>\n<p>Os gravadores a laser de CO\u2082 t\u00eam esse nome devido ao uso do g\u00e1s CO\u2082 como meio de laser. O processo envolve a gera\u00e7\u00e3o de plasma a partir do g\u00e1s CO\u2082 dentro de um tubo. Essa luz \u00e9 ent\u00e3o amplificada entre um espelho reflexivo e um acoplador de sa\u00edda antes de ser liberada como um feixe de laser. O laser tem um comprimento de onda de 10600 nm, o que o torna altamente dependente do calor. Os lasers de CO\u2082 s\u00e3o particularmente eficazes na remo\u00e7\u00e3o de materiais e na marca\u00e7\u00e3o de materiais org\u00e2nicos, como papel\u00e3o, pl\u00e1stico, vidro e madeira.<\/p>\n<ul class=\"tips\">\n<li>350 conjuntos \/ m\u00eas em espera para venda Em estoque<\/li>\n<li>Garantia limitada de 2 anos para toda a m\u00e1quina<\/li>\n<li>3 a 5 dias para preparar a m\u00e1quina a laser, 3 a 7 dias para o transporte.<\/li>\n<li>Online (PayPal) e offline (T\/T, cart\u00f5es de d\u00e9bito e cr\u00e9dito)<\/li>\n<\/ul>","protected":false},"featured_media":1800,"template":"","meta":{"_gspb_post_css":""},"product_brand":[],"product_cat":[98,93,96],"product_tag":[102],"class_list":{"0":"post-1784","1":"product","2":"type-product","3":"status-publish","4":"has-post-thumbnail","6":"product_cat-co2-laser-marker","7":"product_cat-laser-engraving-machine","8":"product_cat-laser-marking-machine","9":"product_tag-laser-marking-machine","11":"first","12":"instock","13":"shipping-taxable","14":"product-type-simple"},"_links":{"self":[{"href":"https:\/\/bogonglaser.com\/pt\/wp-json\/wp\/v2\/product\/1784","targetHints":{"allow":["GET"]}}],"collection":[{"href":"https:\/\/bogonglaser.com\/pt\/wp-json\/wp\/v2\/product"}],"about":[{"href":"https:\/\/bogonglaser.com\/pt\/wp-json\/wp\/v2\/types\/product"}],"wp:featuredmedia":[{"embeddable":true,"href":"https:\/\/bogonglaser.com\/pt\/wp-json\/wp\/v2\/media\/1800"}],"wp:attachment":[{"href":"https:\/\/bogonglaser.com\/pt\/wp-json\/wp\/v2\/media?parent=1784"}],"wp:term":[{"taxonomy":"product_brand","embeddable":true,"href":"https:\/\/bogonglaser.com\/pt\/wp-json\/wp\/v2\/product_brand?post=1784"},{"taxonomy":"product_cat","embeddable":true,"href":"https:\/\/bogonglaser.com\/pt\/wp-json\/wp\/v2\/product_cat?post=1784"},{"taxonomy":"product_tag","embeddable":true,"href":"https:\/\/bogonglaser.com\/pt\/wp-json\/wp\/v2\/product_tag?post=1784"}],"curies":[{"name":"wp","href":"https:\/\/api.w.org\/{rel}","templated":true}]}}