{"id":1780,"date":"2024-11-11T14:52:48","date_gmt":"2024-11-11T06:52:48","guid":{"rendered":"https:\/\/bogonglaser.com\/?post_type=product&#038;p=1780"},"modified":"2025-12-10T17:40:40","modified_gmt":"2025-12-10T09:40:40","slug":"1000w-pulse-laser-cleaning-machine-%e5%a4%8d%e5%88%b6","status":"publish","type":"product","link":"https:\/\/bogonglaser.com\/pt\/1000w-pulse-laser-cleaning-machine-%e5%a4%8d%e5%88%b6\/","title":{"rendered":"M\u00e1quina de limpeza a laser de pulso de 1000 W"},"content":{"rendered":"<div class=\"Content-module__content___jmKA6 _content_dc5hu_45\">\n<div class=\"react-scroll-to-bottom--css-kubvu-79elbk _chat-scroller_g10pz_99\">\n<div class=\"react-scroll-to-bottom--css-kubvu-1n7m0yu _chat-scroller__scroll_g10pz_102\">\n<div class=\"_message-list_g10pz_92\">\n<div class=\"_container_g10pz_1\">\n<div class=\"_container__content_g10pz_14\">\n<div class=\"_container__message_g10pz_41 _container__message--assistant_g10pz_61\">\n<div class=\"_message_g10pz_27\">\n<div class=\"_message__content_g10pz_53\">\n<div class=\"MessageContent-module__message-content___Am59P MessageContent-module__message-content--markdown___oLH9Y\">\n<h2>Vantagens da m\u00e1quina de limpeza a laser de pulso de 1000 W?<\/h2>\n<p>A tecnologia de limpeza a laser de pulso usa um potente laser de pulso de 1000 W para limpar superf\u00edcies, gerando rapidamente altas temperaturas e expans\u00e3o t\u00e9rmica, o que ajuda a remover os contaminantes. Esse m\u00e9todo \u00e9 altamente eficiente e cuidadoso, garantindo que n\u00e3o danifique as superf\u00edcies dos materiais que est\u00e3o sendo limpos, o que o torna perfeito para uma s\u00e9rie de aplica\u00e7\u00f5es.<\/p>\n<\/div>\n<\/div>\n<\/div>\n<\/div>\n<\/div>\n<\/div>\n<\/div>\n<\/div>\n<\/div>\n<\/div>\n<figure id=\"attachment_7479\" aria-describedby=\"caption-attachment-7479\" style=\"width: 300px\" class=\"wp-caption alignnone\"><img decoding=\"async\" class=\"size-medium wp-image-7479\" src=\"https:\/\/bogonglaser.com\/wp-content\/uploads\/2024\/11\/500w-laser-cleaning-machine-1-300x233.jpg\" alt=\"M\u00e1quina de limpeza a laser de 500 W\" width=\"300\" height=\"233\" title=\"\" srcset=\"https:\/\/bogonglaser.com\/wp-content\/uploads\/2024\/11\/500w-laser-cleaning-machine-1-300x233.jpg 300w, https:\/\/bogonglaser.com\/wp-content\/uploads\/2024\/11\/500w-laser-cleaning-machine-1-15x12.jpg 15w, https:\/\/bogonglaser.com\/wp-content\/uploads\/2024\/11\/500w-laser-cleaning-machine-1.jpg 502w\" sizes=\"(max-width: 300px) 100vw, 300px\" \/><figcaption id=\"caption-attachment-7479\" class=\"wp-caption-text\">M\u00e1quina de limpeza a laser de 500 W<\/figcaption><\/figure>\n<div class=\"Content-module__content___jmKA6 _content_dc5hu_45\">\n<div class=\"react-scroll-to-bottom--css-kubvu-79elbk _chat-scroller_g10pz_99\">\n<div class=\"react-scroll-to-bottom--css-kubvu-1n7m0yu _chat-scroller__scroll_g10pz_102\">\n<div class=\"_message-list_g10pz_92\">\n<div class=\"_container_g10pz_1\">\n<div class=\"_container__content_g10pz_14\">\n<div class=\"_container__message_g10pz_41 _container__message--assistant_g10pz_61\">\n<div class=\"_message_g10pz_27\">\n<div class=\"_message__content_g10pz_53\">\n<div class=\"MessageContent-module__message-content___Am59P MessageContent-module__message-content--markdown___oLH9Y\">\n<p>Os principais recursos s\u00e3o os seguintes:<\/p>\n<\/div>\n<\/div>\n<\/div>\n<\/div>\n<\/div>\n<\/div>\n<\/div>\n<\/div>\n<\/div>\n<\/div>\n<ul>\n<li>Tipo de laser: Laser MOPA<br \/>\nPot\u00eancia do laser: 1000W<br \/>\nFaixa de sa\u00edda (se ajust\u00e1vel): 0-100%<br \/>\nForma\u00e7\u00e3o de pulsos: MOPA (fator de qualidade)<br \/>\nGerador de laser: JPT<br \/>\nComprimento da fibra: 5m<br \/>\nTipo de resfriamento: Resfriamento a \u00e1gua, a BOGONG tamb\u00e9m fornece m\u00e1quina a laser com resfriamento a ar, voc\u00ea pode encontr\u00e1-la no artigo abaixo<br \/>\nP\u00f3s-venda: 2 anos<\/li>\n<\/ul>\n<figure id=\"attachment_7483\" aria-describedby=\"caption-attachment-7483\" style=\"width: 300px\" class=\"wp-caption alignnone\"><img decoding=\"async\" class=\"size-medium wp-image-7483\" src=\"https:\/\/bogonglaser.com\/wp-content\/uploads\/2024\/11\/500w-pulse-laser-cleaning-machine-1-300x181.jpg\" alt=\"M\u00e1quina de limpeza a laser de pulso de 500 W\" width=\"300\" height=\"181\" title=\"\" srcset=\"https:\/\/bogonglaser.com\/wp-content\/uploads\/2024\/11\/500w-pulse-laser-cleaning-machine-1-300x181.jpg 300w, https:\/\/bogonglaser.com\/wp-content\/uploads\/2024\/11\/500w-pulse-laser-cleaning-machine-1-600x362.jpg 600w, https:\/\/bogonglaser.com\/wp-content\/uploads\/2024\/11\/500w-pulse-laser-cleaning-machine-1-18x12.jpg 18w, https:\/\/bogonglaser.com\/wp-content\/uploads\/2024\/11\/500w-pulse-laser-cleaning-machine-1.jpg 732w\" sizes=\"(max-width: 300px) 100vw, 300px\" \/><figcaption id=\"caption-attachment-7483\" class=\"wp-caption-text\">M\u00e1quina de limpeza a laser de pulso de 500 W<\/figcaption><\/figure>\n<div class=\"Content-module__content___jmKA6 _content_dc5hu_45\">\n<div class=\"react-scroll-to-bottom--css-kubvu-79elbk _chat-scroller_g10pz_99\">\n<div class=\"react-scroll-to-bottom--css-kubvu-1n7m0yu _chat-scroller__scroll_g10pz_102\">\n<div class=\"_message-list_g10pz_92\">\n<div class=\"_container_g10pz_1\">\n<div class=\"_container__content_g10pz_14\">\n<div class=\"_container__message_g10pz_41 _container__message--assistant_g10pz_61\">\n<div class=\"_message_g10pz_27\">\n<div class=\"_message__content_g10pz_53\">\n<div class=\"MessageContent-module__message-content___Am59P MessageContent-module__message-content--markdown___oLH9Y\">\n<div class=\"container section-title-container\">\n<p><iframe title=\"Poderosa m\u00e1quina de limpeza a laser de pulso de 1000 W - Melhor m\u00e1quina de limpeza a laser de 1 kW\" width=\"1290\" height=\"726\" src=\"https:\/\/www.youtube.com\/embed\/KfdLMoQN_kg?feature=oembed\" frameborder=\"0\" allow=\"accelerometer; autoplay; clipboard-write; encrypted-media; gyroscope; picture-in-picture; web-share\" referrerpolicy=\"strict-origin-when-cross-origin\" allowfullscreen><\/iframe><\/p>\n<h2 class=\"section-title section-title-normal\"><span class=\"section-title-main\">9 Modos de limpeza da m\u00e1quina de limpeza a laser<\/span><\/h2>\n<\/div>\n<p>A interface de opera\u00e7\u00e3o da m\u00e1quina de limpeza a laser de pulso da BOGONG oferece 9 modos de limpeza:<\/p>\n<ol>\n<li>Modo de linha reta<\/li>\n<li>Modo retangular 1<\/li>\n<li>Modo retangular 2<\/li>\n<li>Modo Circular<\/li>\n<li>Modo senoidal<\/li>\n<li>Modo espiral<\/li>\n<li>Modo livre<\/li>\n<li>Modo de anel<\/li>\n<li>Modo de rota\u00e7\u00e3o<\/li>\n<\/ol>\n<div id=\"image_1635238231\" class=\"img has-hover x md-x lg-x y md-y lg-y\">\n<div class=\"Content-module__content___jmKA6 _content_dc5hu_45\">\n<div class=\"react-scroll-to-bottom--css-kubvu-79elbk _chat-scroller_g10pz_99\">\n<div class=\"react-scroll-to-bottom--css-kubvu-1n7m0yu _chat-scroller__scroll_g10pz_102\">\n<div class=\"_message-list_g10pz_92\">\n<div class=\"_container_g10pz_1\">\n<div class=\"_container__content_g10pz_14\">\n<div class=\"_container__message_g10pz_41 _container__message--assistant_g10pz_61\">\n<div class=\"_message_g10pz_27\">\n<div class=\"_message__content_g10pz_53\">\n<div class=\"MessageContent-module__message-content___Am59P MessageContent-module__message-content--markdown___oLH9Y\">\n<p>Voc\u00ea pode alterar esses modos por meio da op\u00e7\u00e3o \"Scanning Mode\" (Modo de digitaliza\u00e7\u00e3o) na interface.<\/p>\n<p>Alguns modos de limpeza s\u00e3o mais suaves e funcionam bem em materiais que exigem um toque delicado. Nossa m\u00e1quina pode ajud\u00e1-lo a minimizar ou eliminar completamente qualquer vest\u00edgio ap\u00f3s a limpeza. Por outro lado, h\u00e1 modos mais potentes que s\u00e3o perfeitos para lidar com sujeira ou revestimentos dif\u00edceis.<\/p>\n<p>A escolha do modo de limpeza correto \u00e9 fundamental para garantir que suas superf\u00edcies tenham uma \u00f3tima apar\u00eancia e mantenham a qualidade. Isso \u00e9 especialmente importante em setores como o de fabrica\u00e7\u00e3o automotiva, aeroespacial e eletr\u00f4nica. A BOGONG fornece par\u00e2metros para a remo\u00e7\u00e3o de pintura, ferrugem, \u00f3leo, etc. Eles s\u00e3o \u00f3timos para iniciantes.<\/p>\n<\/div>\n<\/div>\n<\/div>\n<\/div>\n<\/div>\n<\/div>\n<\/div>\n<\/div>\n<\/div>\n<\/div>\n<div class=\"_message-box_1luju_5\">\n<div class=\"_message-box__content_1luju_15\">\n<form action=\"\">\n<div class=\"MessageBox-module__messagebox___n4MAC\">\n<div class=\"MessageBox-module__messagebox__content___-xFbz\">\n<figure id=\"attachment_7482\" aria-describedby=\"caption-attachment-7482\" style=\"width: 300px\" class=\"wp-caption alignnone\"><img decoding=\"async\" class=\"size-medium wp-image-7482\" src=\"https:\/\/bogonglaser.com\/wp-content\/uploads\/2024\/11\/9-cleaning-modes-of-portable-laser-cleaner--300x120.jpg\" alt=\"9 modos de limpeza do limpador a laser port\u00e1til\" width=\"300\" height=\"120\" title=\"\" srcset=\"https:\/\/bogonglaser.com\/wp-content\/uploads\/2024\/11\/9-cleaning-modes-of-portable-laser-cleaner--300x120.jpg 300w, https:\/\/bogonglaser.com\/wp-content\/uploads\/2024\/11\/9-cleaning-modes-of-portable-laser-cleaner--600x241.jpg 600w, https:\/\/bogonglaser.com\/wp-content\/uploads\/2024\/11\/9-cleaning-modes-of-portable-laser-cleaner--1024x411.jpg 1024w, https:\/\/bogonglaser.com\/wp-content\/uploads\/2024\/11\/9-cleaning-modes-of-portable-laser-cleaner--768x308.jpg 768w, https:\/\/bogonglaser.com\/wp-content\/uploads\/2024\/11\/9-cleaning-modes-of-portable-laser-cleaner--18x7.jpg 18w, https:\/\/bogonglaser.com\/wp-content\/uploads\/2024\/11\/9-cleaning-modes-of-portable-laser-cleaner-.jpg 1536w\" sizes=\"(max-width: 300px) 100vw, 300px\" \/><figcaption id=\"caption-attachment-7482\" class=\"wp-caption-text\">9 modos de limpeza do limpador a laser port\u00e1til<\/figcaption><\/figure>\n<\/div>\n<\/div>\n<input type=\"hidden\" name=\"trp-form-language\" value=\"pt\"\/><\/form>\n<\/div>\n<\/div>\n<\/div>\n<\/div>\n<\/div>\n<\/div>\n<\/div>\n<\/div>\n<\/div>\n<\/div>\n<\/div>\n<\/div>\n<\/div>\n<h2>H\u00e1 16 idiomas suportados para sua sele\u00e7\u00e3o.<\/h2>\n<p>O pulso <a href=\"https:\/\/bogonglaser.com\/pt\/laser-cleaning-machine\/\">m\u00e1quina de limpeza a laser<\/a> atualmente oferece suporte a v\u00e1rios idiomas, incluindo ingl\u00eas, russo, japon\u00eas, espanhol, alem\u00e3o, coreano, franc\u00eas, polon\u00eas e outros 16.<\/p>\n<p>Voc\u00ea pode alternar facilmente entre esses idiomas na interface da m\u00e1quina. Se precisar de outros idiomas, tamb\u00e9m oferecemos servi\u00e7os de idiomas personalizados para atender \u00e0s suas necessidades.<\/p>\n<figure id=\"attachment_7481\" aria-describedby=\"caption-attachment-7481\" style=\"width: 300px\" class=\"wp-caption alignnone\"><img decoding=\"async\" class=\"size-medium wp-image-7481\" src=\"https:\/\/bogonglaser.com\/wp-content\/uploads\/2024\/11\/16-Supported-Languages-for-Laser-Cleaner--300x175.webp\" alt=\"16 idiomas compat\u00edveis com o Laser Cleaner\" width=\"300\" height=\"175\" title=\"\" srcset=\"https:\/\/bogonglaser.com\/wp-content\/uploads\/2024\/11\/16-Supported-Languages-for-Laser-Cleaner--300x175.webp 300w, https:\/\/bogonglaser.com\/wp-content\/uploads\/2024\/11\/16-Supported-Languages-for-Laser-Cleaner--600x350.webp 600w, https:\/\/bogonglaser.com\/wp-content\/uploads\/2024\/11\/16-Supported-Languages-for-Laser-Cleaner--18x12.webp 18w, https:\/\/bogonglaser.com\/wp-content\/uploads\/2024\/11\/16-Supported-Languages-for-Laser-Cleaner-.webp 768w\" sizes=\"(max-width: 300px) 100vw, 300px\" \/><figcaption id=\"caption-attachment-7481\" class=\"wp-caption-text\">16 idiomas compat\u00edveis com o Laser Cleaner<\/figcaption><\/figure>\n<h2>Recurso da m\u00e1quina de limpeza a laser de pulso de 1000W<\/h2>\n<ul>\n<li><strong>Tecnologia de laser pulsado de 1000 W de alta pot\u00eancia:<\/strong> Fornece pulsos de energia potentes que removem ferrugem, \u00f3leo e res\u00edduos de forma r\u00e1pida e eficaz.<\/li>\n<li><strong>Capacidades de limpeza fina:<\/strong> Oferece resultados de limpeza precisos, tornando-o ideal para aplica\u00e7\u00f5es que exigem aten\u00e7\u00e3o meticulosa.<\/li>\n<li><strong>Alta efici\u00eancia:<\/strong> Reduz drasticamente o tempo de limpeza em compara\u00e7\u00e3o com os m\u00e9todos tradicionais, aumentando a produtividade e reduzindo os custos operacionais.<\/li>\n<li><strong>Limpeza n\u00e3o destrutiva:<\/strong> Emprega uma abordagem sem contato e n\u00e3o abrasiva que protege o material subjacente e elimina o risco de danos.<\/li>\n<li><strong>Opera\u00e7\u00e3o f\u00e1cil para o usu\u00e1rio:<\/strong> Apresenta uma interface intuitiva e um design ergon\u00f4mico para facilitar o manuseio, exigindo o m\u00ednimo de treinamento.<\/li>\n<\/ul>\n<p><strong>Benef\u00edcios:<\/strong><\/p>\n<ul>\n<li><strong>Desempenho superior de limpeza:<\/strong> Obtenha um alto n\u00edvel de limpeza essencial para o desempenho ideal em v\u00e1rios ambientes industriais.<\/li>\n<li><strong>Solu\u00e7\u00e3o econ\u00f4mica:<\/strong> Reduz a necessidade de consum\u00edveis, como produtos qu\u00edmicos e abrasivos, resultando em economia a longo prazo.<\/li>\n<li><strong>Favor\u00e1vel ao meio ambiente:<\/strong> Gera o m\u00ednimo de res\u00edduos e elimina produtos qu\u00edmicos nocivos, contribuindo para um local de trabalho mais seguro e ecol\u00f3gico.<\/li>\n<li><strong>Aplica\u00e7\u00f5es vers\u00e1teis:<\/strong> Eficaz para a limpeza de uma ampla variedade de materiais, incluindo metais e compostos, em diferentes setores.<\/li>\n<\/ul>\n<p><strong>Aplicativos:<\/strong><\/p>\n<ul>\n<li><strong>Remo\u00e7\u00e3o de ferrugem:<\/strong> Elimina eficazmente a corros\u00e3o das superf\u00edcies met\u00e1licas, restaurando-as \u00e0 sua condi\u00e7\u00e3o original sem usar m\u00e9todos abrasivos.<\/li>\n<li><strong>Limpeza de \u00f3leo e graxa:<\/strong> Remove \u00f3leos, lubrificantes e outros contaminantes que podem afetar o desempenho ou a ades\u00e3o nos processos de fabrica\u00e7\u00e3o.<\/li>\n<li><strong>Prepara\u00e7\u00e3o da superf\u00edcie:<\/strong> Prepara as superf\u00edcies para pintura, revestimento ou soldagem, garantindo que estejam limpas e livres de contaminantes.<\/li>\n<li><strong>Manuten\u00e7\u00e3o e restaura\u00e7\u00e3o:<\/strong> Perfeito para a limpeza de m\u00e1quinas, ferramentas e equipamentos, prolongando sua vida \u00fatil e mantendo a funcionalidade m\u00e1xima.<\/li>\n<li>\n<p><figure id=\"attachment_7480\" aria-describedby=\"caption-attachment-7480\" style=\"width: 265px\" class=\"wp-caption alignnone\"><img decoding=\"async\" class=\"size-medium wp-image-7480\" src=\"https:\/\/bogonglaser.com\/wp-content\/uploads\/2024\/11\/500w-laser-cleaning-machine-2-265x300.jpg\" alt=\"M\u00e1quina de limpeza a laser de 500 W\" width=\"265\" height=\"300\" title=\"\" srcset=\"https:\/\/bogonglaser.com\/wp-content\/uploads\/2024\/11\/500w-laser-cleaning-machine-2-265x300.jpg 265w, https:\/\/bogonglaser.com\/wp-content\/uploads\/2024\/11\/500w-laser-cleaning-machine-2-600x680.jpg 600w, https:\/\/bogonglaser.com\/wp-content\/uploads\/2024\/11\/500w-laser-cleaning-machine-2-768x870.jpg 768w, https:\/\/bogonglaser.com\/wp-content\/uploads\/2024\/11\/500w-laser-cleaning-machine-2-11x12.jpg 11w, https:\/\/bogonglaser.com\/wp-content\/uploads\/2024\/11\/500w-laser-cleaning-machine-2.jpg 790w\" sizes=\"(max-width: 265px) 100vw, 265px\" \/><figcaption id=\"caption-attachment-7480\" class=\"wp-caption-text\">M\u00e1quina de limpeza a laser de 500 W<\/figcaption><\/figure><\/li>\n<li><\/li>\n<\/ul>\n<p>Condi\u00e7\u00f5es de pagamento<\/p>\n<p>1. Dep\u00f3sito e saldo: Um dep\u00f3sito de 30% T\/T \u00e9 exigido antecipadamente, com o saldo devido antes do envio.<\/p>\n<p>2. Garantia de com\u00e9rcio do Alibaba: Os pagamentos podem ser processados por meio do Alibaba Trade Assurance.<\/p>\n<p>Perguntas frequentes sobre a m\u00e1quina de limpeza a laser de fibra de 1000 W<\/p>\n<p>Qual \u00e9 a embalagem do laser Cleaner?<br \/>\nNossas m\u00e1quinas s\u00e3o embaladas em uma configura\u00e7\u00e3o de tr\u00eas camadas. A camada externa consiste em um engradado de madeira, a camada intermedi\u00e1ria apresenta estofamento de espuma para proteger contra trepida\u00e7\u00f5es e a camada interna inclui um saco pl\u00e1stico grosso para impermeabiliza\u00e7\u00e3o.<\/p>\n<p>O pacote ser\u00e1 danificado durante o transporte?<br \/>\nProjetamos meticulosamente nossas embalagens para lidar com todos os fatores de poss\u00edveis danos, e nossos agentes de transporte t\u00eam experi\u00eancia em transporte seguro. J\u00e1 exportamos com sucesso para 180 pa\u00edses, portanto, voc\u00ea pode ter certeza de que sua encomenda chegar\u00e1 em excelentes condi\u00e7\u00f5es.<\/p>\n<p>A maioria dos clientes prefere escolher o transporte por UPS\/DHL express, que pode chegar ao destino em cerca de 5 a 7 dias. <a href=\"https:\/\/bogonglaser.com\/pt\/\">Laser BOGONG<\/a> para obter mais detalhes sobre o pulso de 1000W<a href=\"https:\/\/bogonglaser.com\/pt\/laser-cleaning-machine\/\"> m\u00e1quina de limpeza a laser<\/a>.<\/p>\n<p><a class=\"elementor-accordion-title\" tabindex=\"0\">Qual \u00e9 o pre\u00e7o de uma m\u00e1quina de limpeza a laser de pulso de 1000 W?<\/a><\/p>","protected":false},"excerpt":{"rendered":"<h2>M\u00e1quina de limpeza a laser de pulso de 1000 W<\/h2>\n<p>A m\u00e1quina de limpeza a laser de pulso de 1000 W foi projetada especificamente para a limpeza eficaz de v\u00e1rios contaminantes de superf\u00edcies met\u00e1licas, incluindo ferrugem, tinta, revestimentos, manchas de \u00f3leo e pel\u00edculas de \u00f3xido. Ela tamb\u00e9m \u00e9 adequada para a limpeza de substratos n\u00e3o met\u00e1licos, como cer\u00e2mica, vidro e materiais compostos.<\/p>\n<p>Os cen\u00e1rios comuns de aplica\u00e7\u00e3o incluem:<\/p>\n<p>- Remo\u00e7\u00e3o de filmes de \u00f3xido natural de ligas de alum\u00ednio antes da soldagem.<br \/>\n- Limpeza de \u00f3xido de cinza preta ap\u00f3s a soldagem de bandejas de bateria.<br \/>\n- Prepara\u00e7\u00e3o das soldas do bogie do trem para detec\u00e7\u00e3o de falhas.<br \/>\n- Limpeza de pe\u00e7as de chapas met\u00e1licas automotivas antes da reforma.<br \/>\n- Acesso a \u00e1reas de dif\u00edcil acesso que as escovas de arame tradicionais n\u00e3o conseguem limpar.<\/p>\n<p>Essa versatilidade torna o produto uma ferramenta essencial para manter a integridade estrutural e garantir a qualidade em diversos setores.<\/p>\n<ul class=\"tips\">\n<li>100 conjuntos \/ m\u00eas aguardando para venda Em estoque<\/li>\n<li>Garantia limitada de 2 anos para toda a m\u00e1quina<\/li>\n<li>3 a 5 dias para preparar a m\u00e1quina a laser, 3 a 7 dias para o transporte.<\/li>\n<li>Online (PayPal) e offline (T\/T, cart\u00f5es de d\u00e9bito e cr\u00e9dito)<\/li>\n<\/ul>","protected":false},"featured_media":1761,"template":"","meta":{"_gspb_post_css":""},"product_brand":[],"product_cat":[94],"product_tag":[101,100],"class_list":{"0":"post-1780","1":"product","2":"type-product","3":"status-publish","4":"has-post-thumbnail","6":"product_cat-laser-cleaning-machine","7":"product_tag-laser-cleaner","8":"product_tag-laser-cleaning-machine","10":"first","11":"instock","12":"shipping-taxable","13":"product-type-simple"},"_links":{"self":[{"href":"https:\/\/bogonglaser.com\/pt\/wp-json\/wp\/v2\/product\/1780","targetHints":{"allow":["GET"]}}],"collection":[{"href":"https:\/\/bogonglaser.com\/pt\/wp-json\/wp\/v2\/product"}],"about":[{"href":"https:\/\/bogonglaser.com\/pt\/wp-json\/wp\/v2\/types\/product"}],"wp:featuredmedia":[{"embeddable":true,"href":"https:\/\/bogonglaser.com\/pt\/wp-json\/wp\/v2\/media\/1761"}],"wp:attachment":[{"href":"https:\/\/bogonglaser.com\/pt\/wp-json\/wp\/v2\/media?parent=1780"}],"wp:term":[{"taxonomy":"product_brand","embeddable":true,"href":"https:\/\/bogonglaser.com\/pt\/wp-json\/wp\/v2\/product_brand?post=1780"},{"taxonomy":"product_cat","embeddable":true,"href":"https:\/\/bogonglaser.com\/pt\/wp-json\/wp\/v2\/product_cat?post=1780"},{"taxonomy":"product_tag","embeddable":true,"href":"https:\/\/bogonglaser.com\/pt\/wp-json\/wp\/v2\/product_tag?post=1780"}],"curies":[{"name":"wp","href":"https:\/\/api.w.org\/{rel}","templated":true}]}}