{"id":1746,"date":"2024-11-06T21:16:20","date_gmt":"2024-11-06T13:16:20","guid":{"rendered":"https:\/\/bogonglaser.com\/?post_type=product&#038;p=1746"},"modified":"2026-02-02T18:17:27","modified_gmt":"2026-02-02T10:17:27","slug":"best-200w-pulse-laser-cleaning-machine","status":"publish","type":"product","link":"https:\/\/bogonglaser.com\/pt\/best-200w-pulse-laser-cleaning-machine\/","title":{"rendered":"Melhor m\u00e1quina de limpeza a laser de pulso de 200 W"},"content":{"rendered":"<h2>O que \u00e9 uma m\u00e1quina de limpeza a laser de pulso de 200 W<\/h2>\n<p>O pulso de 200W<a href=\"https:\/\/bogonglaser.com\/pt\/laser-cleaning-machine\/\"> m\u00e1quina de limpeza a laser<\/a> \u00e9 um dispositivo a laser projetado especificamente para tarefas de limpeza industrial. Ele usa a avan\u00e7ada tecnologia de limpeza a laser MOPA, que \u00e9 um m\u00e9todo sem contato que remove com efic\u00e1cia ferrugem, tinta, revestimentos e outros contaminantes das superf\u00edcies, ao mesmo tempo em que protege o material por baixo.<\/p>\n<p>Com uma pot\u00eancia nominal de 200 W, essa m\u00e1quina emite um feixe de laser capaz de remover at\u00e9 mesmo as camadas mais dif\u00edceis de sujeira com rapidez e efici\u00eancia. O processo de limpeza funciona direcionando a energia do laser para a superf\u00edcie contaminada. A energia do laser absorvida pelos contaminantes aquece rapidamente a superf\u00edcie, fazendo com que os contaminantes evaporem quase instantaneamente. Esse processo n\u00e3o danifica o material subjacente porque a dura\u00e7\u00e3o do efeito do laser \u00e9 extremamente curta (normalmente na faixa de nanossegundos a microssegundos), deixando uma superf\u00edcie limpa.<\/p>\n<p>Um dos excelentes recursos dessa m\u00e1quina s\u00e3o as configura\u00e7\u00f5es de pot\u00eancia ajust\u00e1veis e os v\u00e1rios modos de varredura, que permitem aos usu\u00e1rios personalizar o processo de limpeza com base na superf\u00edcie espec\u00edfica e no tipo de contamina\u00e7\u00e3o. Isso significa que voc\u00ea pode obter os melhores resultados sem correr o risco de danificar o material abaixo. Al\u00e9m disso, possui uma interface intuitiva e configura\u00e7\u00f5es program\u00e1veis, o que a torna amig\u00e1vel e f\u00e1cil de operar. No geral, \u00e9 uma solu\u00e7\u00e3o eficaz para quem precisa de uma limpeza industrial precisa.<\/p>\n<p>Os principais recursos s\u00e3o os seguintes:<\/p>\n<ul>\n<li>Tipo de laser: Laser de fibra<br \/>\nPot\u00eancia do laser: 200W<br \/>\nFaixa de sa\u00edda (se ajust\u00e1vel): 0-100%<br \/>\nForma\u00e7\u00e3o de pulsos: MOPA Q-Switched (fator de qualidade)<br \/>\nGerador de laser: JPT<br \/>\n\u00c1rea de limpeza: 100*100mm (opcional 130x130mm, 150x150mm)<br \/>\nComprimento da fibra: 5m<br \/>\nTipo de resfriamento: Ar<br \/>\nP\u00f3s-venda: 2 anos<\/li>\n<\/ul>\n<p><iframe title=\"M\u00e1quina de limpeza a laser de pulso de 200W\" width=\"1290\" height=\"726\" src=\"https:\/\/www.youtube.com\/embed\/K8XqcUOiTa0?feature=oembed\" frameborder=\"0\" allow=\"accelerometer; autoplay; clipboard-write; encrypted-media; gyroscope; picture-in-picture; web-share\" referrerpolicy=\"strict-origin-when-cross-origin\" allowfullscreen><\/iframe><\/p>\n<h2>Recursos do limpador a laser de pulso de 200 W:<\/h2>\n<p>Diferentemente dos limpadores de laser de fibra cont\u00ednua (CW), esse sistema de limpeza a laser pulsado usa um cabe\u00e7ote de limpeza inteligente de oscila\u00e7\u00e3o dupla e oferece uma gama vers\u00e1til de 8 modos de limpeza para atender a v\u00e1rias necessidades. Ele gerencia com efici\u00eancia a pot\u00eancia de entrada ajustando a largura e a frequ\u00eancia do pulso etc., mantendo as temperaturas ideais para a pe\u00e7a de trabalho e minimizando a perda de energia, o que aumenta a efici\u00eancia geral.<\/p>\n<p><strong>Use um software amig\u00e1vel<\/strong> - Criada para ser conveniente, essa m\u00e1quina de limpeza a laser \u00e9 equipada com um cabo de fibra de 5 metros de comprimento, o que permite uma opera\u00e7\u00e3o flex\u00edvel sem restri\u00e7\u00f5es espaciais. H\u00e1 duas telas sens\u00edveis ao toque com a m\u00e1quina a laser BOGONG 300W, uma tela sens\u00edvel ao toque no cabe\u00e7ote do laser e outra tela sens\u00edvel ao toque no gabinete da m\u00e1quina, que permite ajustar os par\u00e2metros livremente. Sua interface IO estendida facilita a integra\u00e7\u00e3o com manipuladores para processos de limpeza automatizados. Al\u00e9m disso, s\u00e3o fornecidos manuais abrangentes em ingl\u00eas e v\u00eddeos de opera\u00e7\u00e3o, garantindo uma experi\u00eancia de aprendizado r\u00e1pida e tranquila para os usu\u00e1rios desse removedor de ferrugem a laser.<\/p>\n<p><strong>Capacidade de modo \u00fanico<\/strong> - A m\u00e1quina de limpeza a laser pulsada de modo \u00fanico como 2mj \u00e9 altamente vers\u00e1til, adequada para uma ampla gama de aplica\u00e7\u00f5es, incluindo limpeza de superf\u00edcies met\u00e1licas, pe\u00e7as automotivas, pedra, madeira, pl\u00e1stico e outros materiais que exigem limpeza de alta pot\u00eancia. Ela \u00e9 excelente para lidar com trabalhos desafiadores com forte ader\u00eancia, subst\u00e2ncias dif\u00edceis de remover, ferrugem pesada, camadas de \u00f3xido e tinta espessa.<\/p>\n<p><strong>Precis\u00e3o multimodo<\/strong> - A m\u00e1quina de limpeza a laser pulsada multimodo 15mj \u00e9 ideal para aplica\u00e7\u00f5es que exigem alta precis\u00e3o, como limpeza de pe\u00e7as de precis\u00e3o, manuten\u00e7\u00e3o de equipamentos eletr\u00f4nicos e tratamento de microcomponentes. Ela foi projetada especificamente para cen\u00e1rios que envolvem ades\u00e3o leve, contaminantes facilmente remov\u00edveis, ferrugem leve e aplica\u00e7\u00f5es em que evitar danos \u00e9 fundamental.<\/p>\n<p><iframe title=\"Qual \u00e9 a diferen\u00e7a real entre a m\u00e1quina de limpeza a laser de pulso de 2mj, 5mj e 15mj? Qual \u00e9 o melhor Tophat VS Gauss?\" width=\"1290\" height=\"726\" src=\"https:\/\/www.youtube.com\/embed\/XWgilh9T0is?feature=oembed\" frameborder=\"0\" allow=\"accelerometer; autoplay; clipboard-write; encrypted-media; gyroscope; picture-in-picture; web-share\" referrerpolicy=\"strict-origin-when-cross-origin\" allowfullscreen><\/iframe><\/p>\n<h3>Por que escolher <a href=\"https:\/\/bogonglaser.com\/pt\/\">Limpador a laser Bogong<\/a><\/h3>\n<ul>\n<li>Com ampla experi\u00eancia em tecnologia de limpeza a laser, somos especializados em fornecer solu\u00e7\u00f5es avan\u00e7adas e personalizadas para atender \u00e0s suas necessidades espec\u00edficas. Nossa equipe de engenheiros e t\u00e9cnicos especializados possui profundo conhecimento do setor, garantindo que voc\u00ea receba a solu\u00e7\u00e3o ideal <a href=\"https:\/\/bogonglaser.com\/pt\/laser-cleaning-machine\/\">m\u00e1quina de limpeza a laser<\/a> adaptados para suas aplica\u00e7\u00f5es exclusivas.<\/li>\n<li>J\u00e1 economizamos par\u00e2metro para remo\u00e7\u00e3o de ferrugem, pintura, etc. Voc\u00ea pode come\u00e7ar a limpeza a laser facilmente depois de obt\u00ea-lo.<\/li>\n<li>A Bogong n\u00e3o apenas fornece dispositivos a laser de alta qualidade, mas tamb\u00e9m o melhor servi\u00e7o p\u00f3s-venda dos \u00faltimos anos.<\/li>\n<\/ul>\n<p><iframe title=\"M\u00e1quina de limpeza a laser de pulso de 300 W - Melhor sistema de ferramenta de limpeza comercial para restaura\u00e7\u00e3o autom\u00e1tica de pe\u00e7as\" width=\"1290\" height=\"726\" src=\"https:\/\/www.youtube.com\/embed\/iEI1zAgPy5g?feature=oembed\" frameborder=\"0\" allow=\"accelerometer; autoplay; clipboard-write; encrypted-media; gyroscope; picture-in-picture; web-share\" referrerpolicy=\"strict-origin-when-cross-origin\" allowfullscreen><\/iframe><\/p>\n<p><iframe title=\"M\u00c1QUINA DE LIMPEZA A LASER DE MOLDES | M\u00e1quina de limpeza a laser de moldes\" width=\"1290\" height=\"726\" src=\"https:\/\/www.youtube.com\/embed\/tspq0apVAt0?feature=oembed\" frameborder=\"0\" allow=\"accelerometer; autoplay; clipboard-write; encrypted-media; gyroscope; picture-in-picture; web-share\" referrerpolicy=\"strict-origin-when-cross-origin\" allowfullscreen><\/iframe><\/p>\n<h2>Como funciona a m\u00e1quina de limpeza a laser de 200 pulsos?<\/h2>\n<p>A m\u00e1quina de limpeza a laser de pulso de 200 W utiliza tecnologia de laser avan\u00e7ada para remover efetivamente os contaminantes das superf\u00edcies. Aqui est\u00e1 uma breve vis\u00e3o geral de como ela funciona:<\/p>\n<ol>\n<li><strong>Emiss\u00e3o de laser<\/strong>: Gera um feixe de laser pulsado de 200 W que emite rajadas curtas de energia para uma limpeza precisa.<\/li>\n<li><strong>Limpeza direcionada<\/strong>: Quando apontada para uma superf\u00edcie, a energia do laser \u00e9 absorvida por contaminantes como ferrugem ou tinta.<\/li>\n<li><strong>Vaporiza\u00e7\u00e3o<\/strong>: A energia absorvida aquece os contaminantes rapidamente, fazendo com que eles se vaporizem sem danificar o material subjacente.<\/li>\n<li><strong>Remo\u00e7\u00e3o seletiva<\/strong>: O processo visa seletivamente apenas os contaminantes, preservando a integridade da superf\u00edcie.<\/li>\n<li><strong>Configura\u00e7\u00f5es ajust\u00e1veis<\/strong>: Possui configura\u00e7\u00f5es de pot\u00eancia personaliz\u00e1veis e op\u00e7\u00f5es de foco para v\u00e1rias superf\u00edcies e n\u00edveis de contamina\u00e7\u00e3o.<\/li>\n<\/ol>\n<p>De modo geral, a m\u00e1quina de limpeza a laser de pulso de 200 W oferece uma solu\u00e7\u00e3o eficiente, precisa e vers\u00e1til para aplica\u00e7\u00f5es de limpeza industrial.<\/p>\n<p><iframe title=\"Feedback da m\u00e1quina de limpeza a laser de pulso de 200 W\" width=\"1290\" height=\"726\" src=\"https:\/\/www.youtube.com\/embed\/EpK-C5kgbms?feature=oembed\" frameborder=\"0\" allow=\"accelerometer; autoplay; clipboard-write; encrypted-media; gyroscope; picture-in-picture; web-share\" referrerpolicy=\"strict-origin-when-cross-origin\" allowfullscreen><\/iframe><\/p>\n<h3>Como escolher a m\u00e1quina de limpeza a laser de pulso correta<\/h3>\n<p>Escolher a m\u00e1quina de limpeza a laser de pulso certa ser\u00e1 importante para sua empresa, como garantir que a m\u00e1quina atenda \u00e0s suas necessidades espec\u00edficas. Aqui est\u00e1 um guia para ajud\u00e1-lo a tomar uma decis\u00e3o informada:<\/p>\n<ol>\n<li><strong>Compatibilidade de materiais<\/strong>: Determine os tipos de materiais que planeja limpar (por exemplo, ferrugem, pintura, metal, madeira, acr\u00edlico, etc.). Certifique-se de que a m\u00e1quina escolhida possa lidar com esses materiais de forma eficaz.<\/li>\n<li><strong>Tipo de laser<\/strong>: Diferentes tipos de laser, 2mj, 5mj e 15mj, diferentes lasers, diferentes resultados.<\/li>\n<li><strong>Tamanho da \u00e1rea de trabalho<\/strong>: Avalie o tamanho da \u00e1rea de limpeza com base nos projetos que planeja realizar. Certifique-se de que a m\u00e1quina tenha uma \u00e1rea de trabalho adequada para seus itens. escolha a lente F-theta correta, por favor, pergunte a nossos vendedores sobre isso.<\/li>\n<li><strong>Facilidade de uso<\/strong>: Procure m\u00e1quinas com software de f\u00e1cil utiliza\u00e7\u00e3o que permita design e opera\u00e7\u00e3o simples.<\/li>\n<li><strong>Suporte ao cliente e garantia<\/strong>: Pesquise as op\u00e7\u00f5es de suporte do fabricante e a garantia oferecida. Um servi\u00e7o de atendimento ao cliente confi\u00e1vel pode ser crucial para a solu\u00e7\u00e3o de problemas e a manuten\u00e7\u00e3o.<\/li>\n<\/ol>\n<p>Voc\u00ea pode encontrar mais coment\u00e1rios de clientes no canal do youtube da BOGONG.<\/p>\n<p>Condi\u00e7\u00f5es de pagamento<\/p>\n<p>1. Dep\u00f3sito e saldo: Um dep\u00f3sito de 30% T\/T \u00e9 exigido antecipadamente, com o saldo devido antes do envio.<\/p>\n<p>2. Garantia de com\u00e9rcio do Alibaba: Os pagamentos podem ser processados por meio do Alibaba Trade Assurance.<\/p>\n<p>Perguntas frequentes sobre o cortador de gravador de metal a laser de fibra 3D<\/p>\n<p>Qual \u00e9 a embalagem da m\u00e1quina de marca\u00e7\u00e3o a laser de fibra 3d?<br \/>\nNossas m\u00e1quinas s\u00e3o embaladas em uma configura\u00e7\u00e3o de tr\u00eas camadas. A camada externa consiste em um engradado de madeira, a camada intermedi\u00e1ria apresenta estofamento de espuma para proteger contra trepida\u00e7\u00f5es e a camada interna inclui um saco pl\u00e1stico grosso para impermeabiliza\u00e7\u00e3o.<\/p>\n<p>O pacote ser\u00e1 danificado durante o transporte?<br \/>\nProjetamos meticulosamente nossas embalagens para lidar com todos os fatores de poss\u00edveis danos, e nossos agentes de transporte t\u00eam experi\u00eancia em transporte seguro. J\u00e1 exportamos com sucesso para 180 pa\u00edses, portanto, voc\u00ea pode ter certeza de que sua encomenda chegar\u00e1 em excelentes condi\u00e7\u00f5es.<\/p>\n<p>A maioria dos clientes gosta de escolher o transporte por UPS\/DHL expresso, que pode chegar ao destino em cerca de 5 a 7 dias. Entre em contato com a BOGONG para obter mais detalhes sobre o gravador de metal a laser de fibra para cobre dourado de lat\u00e3o prateado.<\/p>","protected":false},"excerpt":{"rendered":"<h2>M\u00e1quina de limpeza a laser de pulso de 200 W<\/h2>\n<p>A m\u00e1quina de limpeza a laser de pulso BOGONG 200W com a melhor fonte de laser mopa foi projetada para aplica\u00e7\u00f5es eficientes de limpeza de superf\u00edcies de materiais. \u00c9 f\u00e1cil de configurar, operar e automatizar, o que a torna ideal para a remo\u00e7\u00e3o de contaminantes de superf\u00edcie, como ferrugem, graxa, tinta, primer e outros, com precis\u00e3o.<\/p>\n<ul class=\"tips\">\n<li>200 conjuntos\/m\u00eas \u00e0 espera de venda Em estoque<\/li>\n<li>Garantia limitada de 2 anos para toda a m\u00e1quina<\/li>\n<li>3 a 5 dias para preparar a m\u00e1quina a laser, 3 a 7 dias para o transporte.<\/li>\n<li>Online (PayPal) e offline (T\/T, cart\u00f5es de d\u00e9bito e cr\u00e9dito)<\/li>\n<\/ul>","protected":false},"featured_media":1741,"template":"","meta":{"_gspb_post_css":""},"product_brand":[],"product_cat":[94],"product_tag":[101,100],"class_list":{"0":"post-1746","1":"product","2":"type-product","3":"status-publish","4":"has-post-thumbnail","6":"product_cat-laser-cleaning-machine","7":"product_tag-laser-cleaner","8":"product_tag-laser-cleaning-machine","10":"first","11":"instock","12":"shipping-taxable","13":"product-type-simple"},"_links":{"self":[{"href":"https:\/\/bogonglaser.com\/pt\/wp-json\/wp\/v2\/product\/1746","targetHints":{"allow":["GET"]}}],"collection":[{"href":"https:\/\/bogonglaser.com\/pt\/wp-json\/wp\/v2\/product"}],"about":[{"href":"https:\/\/bogonglaser.com\/pt\/wp-json\/wp\/v2\/types\/product"}],"wp:featuredmedia":[{"embeddable":true,"href":"https:\/\/bogonglaser.com\/pt\/wp-json\/wp\/v2\/media\/1741"}],"wp:attachment":[{"href":"https:\/\/bogonglaser.com\/pt\/wp-json\/wp\/v2\/media?parent=1746"}],"wp:term":[{"taxonomy":"product_brand","embeddable":true,"href":"https:\/\/bogonglaser.com\/pt\/wp-json\/wp\/v2\/product_brand?post=1746"},{"taxonomy":"product_cat","embeddable":true,"href":"https:\/\/bogonglaser.com\/pt\/wp-json\/wp\/v2\/product_cat?post=1746"},{"taxonomy":"product_tag","embeddable":true,"href":"https:\/\/bogonglaser.com\/pt\/wp-json\/wp\/v2\/product_tag?post=1746"}],"curies":[{"name":"wp","href":"https:\/\/api.w.org\/{rel}","templated":true}]}}