{"id":1668,"date":"2024-10-29T17:30:42","date_gmt":"2024-10-29T09:30:42","guid":{"rendered":"https:\/\/bogonglaser.com\/?post_type=product&#038;p=1668"},"modified":"2025-12-10T16:57:58","modified_gmt":"2025-12-10T08:57:58","slug":"3d-fiber-laser-engraver-for-metal-2","status":"publish","type":"product","link":"https:\/\/bogonglaser.com\/pt\/3d-fiber-laser-engraver-for-metal-2\/","title":{"rendered":"Gravador a laser de fibra 3D para metal"},"content":{"rendered":"<h2>O que \u00e9 uma m\u00e1quina de grava\u00e7\u00e3o a laser 3D para metal?<\/h2>\n<p><a href=\"https:\/\/bogonglaser.com\/pt\/laser-engraving-machine\/\">M\u00e1quina de grava\u00e7\u00e3o a laser 3D<\/a> com laser de fibra de pulso, software 3D lenmark3ds\/Ezcad3 para processamento de imagens, h\u00e1 uma lente din\u00e2mica dentro do cabe\u00e7ote do laser, que pode gravar em formas irregulares. As principais caracter\u00edsticas s\u00e3o as seguintes:<\/p>\n<ul>\n<li>Laser de fibra pulsada<\/li>\n<li>Software de grava\u00e7\u00e3o 3D para processamento de imagens<\/li>\n<li>Eixo R para marca\u00e7\u00e3o de an\u00e9is e pulseiras<\/li>\n<li>Cabe\u00e7ote de laser din\u00e2mico 3D<\/li>\n<li>Altura de foco ajust\u00e1vel de 15 a 80 mm<\/li>\n<li>Ampla sele\u00e7\u00e3o de opcionais<\/li>\n<li>2 anos de garantia<\/li>\n<\/ul>\n<figure id=\"attachment_7418\" aria-describedby=\"caption-attachment-7418\" style=\"width: 300px\" class=\"wp-caption alignnone\"><img decoding=\"async\" class=\"size-medium wp-image-7418\" src=\"https:\/\/bogonglaser.com\/wp-content\/uploads\/2024\/10\/3d-laser-marker-2-300x227.jpg\" alt=\"Marcador a laser 3d\" width=\"300\" height=\"227\" title=\"\" srcset=\"https:\/\/bogonglaser.com\/wp-content\/uploads\/2024\/10\/3d-laser-marker-2-300x227.jpg 300w, https:\/\/bogonglaser.com\/wp-content\/uploads\/2024\/10\/3d-laser-marker-2-16x12.jpg 16w, https:\/\/bogonglaser.com\/wp-content\/uploads\/2024\/10\/3d-laser-marker-2.jpg 600w\" sizes=\"(max-width: 300px) 100vw, 300px\" \/><figcaption id=\"caption-attachment-7418\" class=\"wp-caption-text\">Marcador a laser 3d<\/figcaption><\/figure>\n<figure id=\"attachment_7417\" aria-describedby=\"caption-attachment-7417\" style=\"width: 300px\" class=\"wp-caption alignnone\"><img decoding=\"async\" class=\"size-medium wp-image-7417\" src=\"https:\/\/bogonglaser.com\/wp-content\/uploads\/2024\/10\/bogong-new-cabinet-1-300x150.png\" alt=\"novo gabinete da bogong\" width=\"300\" height=\"150\" title=\"\" srcset=\"https:\/\/bogonglaser.com\/wp-content\/uploads\/2024\/10\/bogong-new-cabinet-1-300x150.png 300w, https:\/\/bogonglaser.com\/wp-content\/uploads\/2024\/10\/bogong-new-cabinet-1-600x300.png 600w, https:\/\/bogonglaser.com\/wp-content\/uploads\/2024\/10\/bogong-new-cabinet-1-768x384.png 768w, https:\/\/bogonglaser.com\/wp-content\/uploads\/2024\/10\/bogong-new-cabinet-1-18x9.png 18w, https:\/\/bogonglaser.com\/wp-content\/uploads\/2024\/10\/bogong-new-cabinet-1.png 800w\" sizes=\"(max-width: 300px) 100vw, 300px\" \/><figcaption id=\"caption-attachment-7417\" class=\"wp-caption-text\">novo gabinete da bogong<\/figcaption><\/figure>\n<h2>Recursos da m\u00e1quina de marca\u00e7\u00e3o a laser 3D:<\/h2>\n<p><iframe title=\"2025 Best 3D Laser Engraver | O que \u00e9 grava\u00e7\u00e3o a laser 3D? Como funciona a grava\u00e7\u00e3o a laser em 3D? Marca 3D\" width=\"1290\" height=\"726\" src=\"https:\/\/www.youtube.com\/embed\/_A-XUjBEmxM?feature=oembed\" frameborder=\"0\" allow=\"accelerometer; autoplay; clipboard-write; encrypted-media; gyroscope; picture-in-picture; web-share\" referrerpolicy=\"strict-origin-when-cross-origin\" allowfullscreen><\/iframe><\/p>\n<p><iframe title=\"2025 Best 3D Laser Engraver | O que \u00e9 grava\u00e7\u00e3o a laser 3D? Como funciona a grava\u00e7\u00e3o a laser em 3D? Marca 3D\" width=\"1290\" height=\"726\" src=\"https:\/\/www.youtube.com\/embed\/_A-XUjBEmxM?feature=oembed\" frameborder=\"0\" allow=\"accelerometer; autoplay; clipboard-write; encrypted-media; gyroscope; picture-in-picture; web-share\" referrerpolicy=\"strict-origin-when-cross-origin\" allowfullscreen><\/iframe><\/p>\n<p>1. Aplica\u00e7\u00f5es vers\u00e1teis<br \/>\nA m\u00e1quina de marca\u00e7\u00e3o a laser 3D foi projetada para marca\u00e7\u00e3o de superf\u00edcies curvas tridimensionais, capaz de focalizar pontos finos e fornecer marca\u00e7\u00f5es uniformes em uma faixa de toler\u00e2ncia de altura de 0 a 80 mm. N\u00e3o h\u00e1 necessidade de ajustes de foco, o que permite a marca\u00e7\u00e3o perfeita de produtos irregulares, como superf\u00edcies curvas, inclinadas, escalonadas, esferas, cilindros e cones em uma \u00fanica opera\u00e7\u00e3o.<\/p>\n<p>2. Excelente qualidade de entalhe profundo<br \/>\nEquipada com um sistema de marca\u00e7\u00e3o fina 3D, a m\u00e1quina se destaca em v\u00e1rias necessidades de grava\u00e7\u00e3o, incluindo grava\u00e7\u00e3o em relevo, grava\u00e7\u00e3o profunda e grava\u00e7\u00e3o c\u00f4ncava\/convexa. Ela oferece alta precis\u00e3o e resultados visualmente atraentes. Essa m\u00e1quina suporta tr\u00eas fontes de luz: fibra, ultravioleta e di\u00f3xido de carbono, permitindo a grava\u00e7\u00e3o em materiais met\u00e1licos e n\u00e3o met\u00e1licos.<\/p>\n<p>&nbsp;<\/p>\n<p><iframe title=\"Melhor m\u00e1quina de corte e grava\u00e7\u00e3o a laser 3D da China para metal - Gravador a laser 3D \u00e0 venda\" width=\"1290\" height=\"726\" src=\"https:\/\/www.youtube.com\/embed\/rdjhRIaqMNM?feature=oembed\" frameborder=\"0\" allow=\"accelerometer; autoplay; clipboard-write; encrypted-media; gyroscope; picture-in-picture; web-share\" referrerpolicy=\"strict-origin-when-cross-origin\" allowfullscreen><\/iframe><\/p>\n<h3>Aplica\u00e7\u00f5es da m\u00e1quina de grava\u00e7\u00e3o a laser de fibra 3D<\/h3>\n<ul>\n<li>Escava\u00e7\u00e3o em camadas e grava\u00e7\u00e3o em baixo-relevo 3D.<\/li>\n<li>Grava\u00e7\u00f5es em superf\u00edcies irregulares com uma irregularidade de at\u00e9 80 mm.<\/li>\n<li>Grava\u00e7\u00f5es em an\u00e9is, pulseiras, medalh\u00f5es e superf\u00edcies planas.<\/li>\n<li>Grava\u00e7\u00e3o de fotografias, nomes, desenhos e logotipos, inclusive marcas registradas.<\/li>\n<li>Grava\u00e7\u00f5es em mostradores de rel\u00f3gios e \u00f3culos feitos de qualquer material met\u00e1lico.<\/li>\n<li>Corte manual de pe\u00e7as individuais ou solu\u00e7\u00f5es automatizadas para produ\u00e7\u00e3o em massa<\/li>\n<\/ul>\n<p><iframe title=\"O que uma M\u00c1QUINA DE GRAVA\u00c7\u00c3O A LASER 3D pode fazer? | M\u00e1quina de grava\u00e7\u00e3o a laser 3D em metal\" width=\"1290\" height=\"726\" src=\"https:\/\/www.youtube.com\/embed\/v_rWKxbDr04?feature=oembed\" frameborder=\"0\" allow=\"accelerometer; autoplay; clipboard-write; encrypted-media; gyroscope; picture-in-picture; web-share\" referrerpolicy=\"strict-origin-when-cross-origin\" allowfullscreen><\/iframe><\/p>\n<p>&nbsp;<\/p>\n<figure id=\"attachment_7419\" aria-describedby=\"caption-attachment-7419\" style=\"width: 300px\" class=\"wp-caption alignnone\"><img decoding=\"async\" class=\"size-medium wp-image-7419\" src=\"https:\/\/bogonglaser.com\/wp-content\/uploads\/2024\/10\/bogong-new-cabinet-300x143.jpg\" alt=\"novo gabinete da bogong\" width=\"300\" height=\"143\" title=\"\" srcset=\"https:\/\/bogonglaser.com\/wp-content\/uploads\/2024\/10\/bogong-new-cabinet-300x143.jpg 300w, https:\/\/bogonglaser.com\/wp-content\/uploads\/2024\/10\/bogong-new-cabinet-600x286.jpg 600w, https:\/\/bogonglaser.com\/wp-content\/uploads\/2024\/10\/bogong-new-cabinet-1024x488.jpg 1024w, https:\/\/bogonglaser.com\/wp-content\/uploads\/2024\/10\/bogong-new-cabinet-768x366.jpg 768w, https:\/\/bogonglaser.com\/wp-content\/uploads\/2024\/10\/bogong-new-cabinet-18x9.jpg 18w, https:\/\/bogonglaser.com\/wp-content\/uploads\/2024\/10\/bogong-new-cabinet.jpg 1251w\" sizes=\"(max-width: 300px) 100vw, 300px\" \/><figcaption id=\"caption-attachment-7419\" class=\"wp-caption-text\">novo gabinete da bogong<\/figcaption><\/figure>\n<h2>Como funciona a grava\u00e7\u00e3o a laser em 3D?<\/h2>\n<p>Um sistema de laser 3D ajusta automaticamente o ponto de laser para minimizar a perda de qualidade do ponto em superf\u00edcies curvas e contornos 3D. Esses sistemas s\u00e3o ideais para lidar com formas complexas e podem gravar com efici\u00eancia uma variedade de itens.<\/p>\n<p>Al\u00e9m disso, elas s\u00e3o capazes de criar grava\u00e7\u00f5es em relevo, esculpindo profundamente pe\u00e7as com alturas variadas, o que as torna perfeitas para presentes personalizados ou pe\u00e7as de joalheria.<\/p>\n<p><iframe title=\"ELE GOSTA DE M\u00c1QUINA DE GRAVA\u00c7\u00c3O A LASER 3D BOGONG | MELHOR M\u00c1QUINA DE GRAVA\u00c7\u00c3O A LASER 3D DA CHINA PARA VENDA\" width=\"1290\" height=\"726\" src=\"https:\/\/www.youtube.com\/embed\/aoAF09vq8LE?feature=oembed\" frameborder=\"0\" allow=\"accelerometer; autoplay; clipboard-write; encrypted-media; gyroscope; picture-in-picture; web-share\" referrerpolicy=\"strict-origin-when-cross-origin\" allowfullscreen><\/iframe><\/p>\n<p><iframe title=\"O que voc\u00ea acha do gravador a laser 3D da BOGONG? | Cliente da \u00cdndia visitou a BOGONG e comprou o gravador a laser 3D\" width=\"1290\" height=\"726\" src=\"https:\/\/www.youtube.com\/embed\/bq8eli66vTM?feature=oembed\" frameborder=\"0\" allow=\"accelerometer; autoplay; clipboard-write; encrypted-media; gyroscope; picture-in-picture; web-share\" referrerpolicy=\"strict-origin-when-cross-origin\" allowfullscreen><\/iframe><\/p>\n<h3>Como escolher a m\u00e1quina a laser 3d certa<\/h3>\n<p>Escolher a m\u00e1quina de grava\u00e7\u00e3o a laser 3D certa ser\u00e1 importante para sua empresa, como garantir que a m\u00e1quina atenda \u00e0s suas necessidades espec\u00edficas. Aqui est\u00e1 um guia para ajud\u00e1-lo a tomar uma decis\u00e3o informada:<\/p>\n<ol>\n<li><strong>Compatibilidade de materiais<\/strong>: Determine os tipos de materiais que planeja gravar (por exemplo, metal, madeira, acr\u00edlico, vidro). Certifique-se de que a m\u00e1quina escolhida possa lidar com esses materiais de forma eficaz.<\/li>\n<li><strong>Tipo de laser<\/strong>: Diferentes tipos de laser (fibra, CO2, UV) t\u00eam diferentes finalidades.\n<ul>\n<li><strong>Lasers de fibra<\/strong>\u00a0s\u00e3o adequados para metais e s\u00e3o conhecidos por sua alta precis\u00e3o.<\/li>\n<li><strong>Lasers de CO2<\/strong> \u00e9 para material n\u00e3o met\u00e1lico, usado principalmente para trabalhos de corte de grande porte, como corte de etiquetas etc.<\/li>\n<li><strong>Lasers UV<\/strong>\u00a0s\u00e3o ideais para grava\u00e7\u00f5es delicadas em materiais como vidro e pl\u00e1stico.<\/li>\n<\/ul>\n<\/li>\n<li><strong>Profundidade e detalhes da grava\u00e7\u00e3o<\/strong>: Considere a profundidade de grava\u00e7\u00e3o necess\u00e1ria. Alguns clientes querem gravar um design 3D maior do que 200*200mm, eles querem usar esse laser para substituir o roteador CNC, por favor, tenha certeza de que a m\u00e1quina a laser 3D \u00e9 adequada para grava\u00e7\u00e3o de precis\u00e3o em relevo de design pequeno, como 40*40mm, 50*50mm, 60*60mm, etc.<\/li>\n<li><strong>Tamanho da \u00e1rea de trabalho<\/strong>: Avalie o tamanho da \u00e1rea de grava\u00e7\u00e3o com base nos projetos que planeja realizar. Certifique-se de que a m\u00e1quina tenha uma \u00e1rea de trabalho adequada para seus itens maiores. M\u00e1quina a laser 3D BOGONG F10 com tamanho de grava\u00e7\u00e3o de 200*200mm, eixo Z pode chegar a 80mm.<\/li>\n<li><strong>Facilidade de uso<\/strong>: Procure m\u00e1quinas com software de f\u00e1cil utiliza\u00e7\u00e3o que permita design e opera\u00e7\u00e3o simples. Lenmark 3DS e Ezcad3 s\u00e3o indicados para trabalhos de grava\u00e7\u00e3o em relevo 3D.<\/li>\n<li><strong>Suporte ao cliente e garantia<\/strong>: Pesquise as op\u00e7\u00f5es de suporte do fabricante e a garantia oferecida. Um servi\u00e7o de atendimento ao cliente confi\u00e1vel pode ser crucial para a solu\u00e7\u00e3o de problemas e a manuten\u00e7\u00e3o.<\/li>\n<li><strong>Or\u00e7amento<\/strong>: Defina um or\u00e7amento e compare diferentes modelos dentro dessa faixa. Considere os custos de longo prazo associados \u00e0 manuten\u00e7\u00e3o e aos acess\u00f3rios. Se o or\u00e7amento for suficiente, escolha um laser MOPA, que ser\u00e1 bom para trabalhos detalhados, pois o laser MOPA pode controlar a largura e a frequ\u00eancia do pulso para obter um fundo suave.<\/li>\n<\/ol>\n<p>&nbsp;<\/p>\n<figure id=\"attachment_7426\" aria-describedby=\"caption-attachment-7426\" style=\"width: 300px\" class=\"wp-caption alignnone\"><img decoding=\"async\" class=\"size-full wp-image-7426\" src=\"https:\/\/bogonglaser.com\/wp-content\/uploads\/2024\/10\/mini-laser-machine-2.jpg\" alt=\"mini m\u00e1quina a laser\" width=\"300\" height=\"225\" title=\"\" srcset=\"https:\/\/bogonglaser.com\/wp-content\/uploads\/2024\/10\/mini-laser-machine-2.jpg 300w, https:\/\/bogonglaser.com\/wp-content\/uploads\/2024\/10\/mini-laser-machine-2-16x12.jpg 16w\" sizes=\"(max-width: 300px) 100vw, 300px\" \/><figcaption id=\"caption-attachment-7426\" class=\"wp-caption-text\">mini m\u00e1quina a laser<\/figcaption><\/figure>\n<figure id=\"attachment_7427\" aria-describedby=\"caption-attachment-7427\" style=\"width: 300px\" class=\"wp-caption alignnone\"><img decoding=\"async\" class=\"size-full wp-image-7427\" src=\"https:\/\/bogonglaser.com\/wp-content\/uploads\/2024\/10\/uv-pro-laser-engraving-machine.jpg\" alt=\"uv pro laser engraving machine\" width=\"300\" height=\"300\" title=\"\" srcset=\"https:\/\/bogonglaser.com\/wp-content\/uploads\/2024\/10\/uv-pro-laser-engraving-machine.jpg 300w, https:\/\/bogonglaser.com\/wp-content\/uploads\/2024\/10\/uv-pro-laser-engraving-machine-100x100.jpg 100w, https:\/\/bogonglaser.com\/wp-content\/uploads\/2024\/10\/uv-pro-laser-engraving-machine-150x150.jpg 150w, https:\/\/bogonglaser.com\/wp-content\/uploads\/2024\/10\/uv-pro-laser-engraving-machine-12x12.jpg 12w\" sizes=\"(max-width: 300px) 100vw, 300px\" \/><figcaption id=\"caption-attachment-7427\" class=\"wp-caption-text\">uv pro laser engraving machine<\/figcaption><\/figure>\n<figure id=\"attachment_7428\" aria-describedby=\"caption-attachment-7428\" style=\"width: 205px\" class=\"wp-caption alignnone\"><img decoding=\"async\" class=\"size-full wp-image-7428\" src=\"https:\/\/bogonglaser.com\/wp-content\/uploads\/2024\/10\/3d-laser-marker-2-1.jpg\" alt=\"Marcador a laser 3d\" width=\"205\" height=\"300\" title=\"\" srcset=\"https:\/\/bogonglaser.com\/wp-content\/uploads\/2024\/10\/3d-laser-marker-2-1.jpg 205w, https:\/\/bogonglaser.com\/wp-content\/uploads\/2024\/10\/3d-laser-marker-2-1-8x12.jpg 8w\" sizes=\"(max-width: 205px) 100vw, 205px\" \/><figcaption id=\"caption-attachment-7428\" class=\"wp-caption-text\">Marcador a laser 3d<\/figcaption><\/figure>\n<figure id=\"attachment_7429\" aria-describedby=\"caption-attachment-7429\" style=\"width: 300px\" class=\"wp-caption alignnone\"><img decoding=\"async\" class=\"size-full wp-image-7429\" src=\"https:\/\/bogonglaser.com\/wp-content\/uploads\/2024\/10\/3d-laser-marker-3.jpg\" alt=\"Marcador a laser 3d\" width=\"300\" height=\"227\" title=\"\" srcset=\"https:\/\/bogonglaser.com\/wp-content\/uploads\/2024\/10\/3d-laser-marker-3.jpg 300w, https:\/\/bogonglaser.com\/wp-content\/uploads\/2024\/10\/3d-laser-marker-3-16x12.jpg 16w\" sizes=\"(max-width: 300px) 100vw, 300px\" \/><figcaption id=\"caption-attachment-7429\" class=\"wp-caption-text\">Marcador a laser 3d<\/figcaption><\/figure>\n<h2>O que podemos fazer para voc\u00ea escolher a gravadora a laser 3D?<\/h2>\n<ul>\n<li><span class=\"magic-19\"><b class=\"magic-19\"><span class=\"magic-18\">Amostras de teste gratuitas -<\/span><\/b><span class=\"magic-20\" data-spm-anchor-id=\"a2700.details.0.i41.41d82402R4aegi\">Podemos realizar testes gratuitos de efeito de marca\u00e7\u00e3o de acordo com o material de seu produto<\/span><\/span><\/li>\n<li><span class=\"magic-19\"><b class=\"magic-19\"><span class=\"magic-18\">V\u00eddeo ao vivo<\/span><\/b><span class=\"magic-20\">Voc\u00ea pode entrar em contato com nossos consultores de vendas para assistir ao processo de produ\u00e7\u00e3o e \u00e0 opera\u00e7\u00e3o da m\u00e1quina em um v\u00eddeo on-line.<\/span><\/span><\/li>\n<li><span class=\"magic-19\"><b class=\"magic-19\"><span class=\"magic-18\">Personalizado \/OEM-<\/span><\/b><span class=\"magic-20\" data-spm-anchor-id=\"a2700.details.0.i40.41d82402R4aegi\">M\u00e1quinas personalizadas mediante solicita\u00e7\u00e3o\uff0cEntre em contato conosco<\/span><\/span><\/li>\n<\/ul>\n<p>&nbsp;<\/p>\n<h3>Quais pe\u00e7as eu preciso escolher para a m\u00e1quina de corte para grava\u00e7\u00e3o a laser 3D?<\/h3>\n<ul>\n<li>Dispositivo rotativo: h\u00e1 v\u00e1rios dispositivos rotativos com diferentes estilos e di\u00e2metros de pin\u00e7a, como 50D, 65D, 80D, 100D etc. Se voc\u00ea tamb\u00e9m trabalha com joias, escolha 50D ou 65D.<\/li>\n<li>Suporte para ouro e prata: para prender a chapa met\u00e1lica de ouro e prata para corte, pois, como h\u00e1 muito calor durante o trabalho de corte, a chapa met\u00e1lica se deforma facilmente. Adequado para o neg\u00f3cio de joias.<\/li>\n<\/ul>\n<p>&nbsp;<\/p>\n<p>&nbsp;<\/p>\n<p>&nbsp;<\/p>\n<p>Condi\u00e7\u00f5es de pagamento<\/p>\n<p>1. Dep\u00f3sito e saldo: Um dep\u00f3sito de 30% T\/T \u00e9 exigido antecipadamente, com o saldo devido antes do envio.<\/p>\n<p>2. Garantia de com\u00e9rcio do Alibaba: Os pagamentos podem ser processados por meio do Alibaba Trade Assurance.<\/p>\n<p>Perguntas frequentes sobre o cortador de gravador de metal a laser de fibra 3D<\/p>\n<p>Qual \u00e9 a embalagem da m\u00e1quina de marca\u00e7\u00e3o a laser de fibra 3d?<br \/>\nNossas m\u00e1quinas s\u00e3o embaladas em uma configura\u00e7\u00e3o de tr\u00eas camadas. A camada externa consiste em um engradado de madeira, a camada intermedi\u00e1ria apresenta estofamento de espuma para proteger contra trepida\u00e7\u00f5es e a camada interna inclui um saco pl\u00e1stico grosso para impermeabiliza\u00e7\u00e3o.<\/p>\n<p>O pacote ser\u00e1 danificado durante o transporte?<br \/>\nProjetamos meticulosamente nossas embalagens para lidar com todos os fatores de poss\u00edveis danos, e nossos agentes de transporte t\u00eam experi\u00eancia em transporte seguro. J\u00e1 exportamos com sucesso para 180 pa\u00edses, portanto, voc\u00ea pode ter certeza de que sua encomenda chegar\u00e1 em excelentes condi\u00e7\u00f5es.<\/p>\n<p>A maioria dos clientes gosta de escolher o transporte por UPS\/DHL expresso, que pode chegar ao destino em cerca de 5 a 7 dias. Entre em contato com a BOGONG para obter mais detalhes sobre o gravador de metal a laser de fibra para cobre dourado de lat\u00e3o prateado.<\/p>","protected":false},"excerpt":{"rendered":"<h2>M\u00e1quina de marca\u00e7\u00e3o a laser de fibra 3D para relevo e texturiza\u00e7\u00e3o de metais<\/h2>\n<p>Uma m\u00e1quina de marca\u00e7\u00e3o a laser de fibra 3D usa a tecnologia de laser 3D para criar desenhos ou textos complexos em superf\u00edcies tridimensionais, permitindo a grava\u00e7\u00e3o profunda de texturas e relevos em moldes de metal. Um cabe\u00e7ote de digitaliza\u00e7\u00e3o 3D pode ajustar um feixe de laser em todas as tr\u00eas dimens\u00f5es: X, Y e Z. Ele adota uma combina\u00e7\u00e3o de expansores de feixe e \u00f3ptica de deslocamento antes de direcionar o feixe por meio de uma lente para atingir o material com precis\u00e3o.<\/p>\n<ul class=\"\\&quot;tips\\&quot;\">\n<li>350 conjuntos \/ m\u00eas em espera para venda Em estoque<\/li>\n<li>Garantia limitada de 2 anos para toda a m\u00e1quina<\/li>\n<li>3 a 5 dias para preparar a m\u00e1quina a laser, 3 a 7 dias para o transporte.<\/li>\n<li>Online (PayPal) e offline (T\/T, cart\u00f5es de d\u00e9bito e cr\u00e9dito)<\/li>\n<\/ul>","protected":false},"featured_media":1660,"template":"","meta":{"_gspb_post_css":""},"product_brand":[],"product_cat":[97,93,96],"product_tag":[102],"class_list":{"0":"post-1668","1":"product","2":"type-product","3":"status-publish","4":"has-post-thumbnail","6":"product_cat-fiber-laser-marker","7":"product_cat-laser-engraving-machine","8":"product_cat-laser-marking-machine","9":"product_tag-laser-marking-machine","11":"first","12":"instock","13":"shipping-taxable","14":"product-type-simple"},"_links":{"self":[{"href":"https:\/\/bogonglaser.com\/pt\/wp-json\/wp\/v2\/product\/1668","targetHints":{"allow":["GET"]}}],"collection":[{"href":"https:\/\/bogonglaser.com\/pt\/wp-json\/wp\/v2\/product"}],"about":[{"href":"https:\/\/bogonglaser.com\/pt\/wp-json\/wp\/v2\/types\/product"}],"wp:featuredmedia":[{"embeddable":true,"href":"https:\/\/bogonglaser.com\/pt\/wp-json\/wp\/v2\/media\/1660"}],"wp:attachment":[{"href":"https:\/\/bogonglaser.com\/pt\/wp-json\/wp\/v2\/media?parent=1668"}],"wp:term":[{"taxonomy":"product_brand","embeddable":true,"href":"https:\/\/bogonglaser.com\/pt\/wp-json\/wp\/v2\/product_brand?post=1668"},{"taxonomy":"product_cat","embeddable":true,"href":"https:\/\/bogonglaser.com\/pt\/wp-json\/wp\/v2\/product_cat?post=1668"},{"taxonomy":"product_tag","embeddable":true,"href":"https:\/\/bogonglaser.com\/pt\/wp-json\/wp\/v2\/product_tag?post=1668"}],"curies":[{"name":"wp","href":"https:\/\/api.w.org\/{rel}","templated":true}]}}