{"id":1653,"date":"2024-10-29T13:11:44","date_gmt":"2024-10-29T05:11:44","guid":{"rendered":"https:\/\/bogonglaser.com\/?post_type=product&#038;p=1653"},"modified":"2025-12-10T17:06:49","modified_gmt":"2025-12-10T09:06:49","slug":"3d-fiber-laser-engraver-for-metal","status":"publish","type":"product","link":"https:\/\/bogonglaser.com\/pt\/3d-fiber-laser-engraver-for-metal\/","title":{"rendered":"M\u00e1quina de grava\u00e7\u00e3o a laser 3D com grande \u00e1rea de grava\u00e7\u00e3o"},"content":{"rendered":"<h2>O que \u00e9 uma m\u00e1quina de grava\u00e7\u00e3o a laser 3D com grande \u00e1rea?<\/h2>\n<p>3D <a href=\"https:\/\/bogonglaser.com\/pt\/laser-engraving-machine\/\">M\u00e1quina de grava\u00e7\u00e3o a laser<\/a> com laser de fibra de pulso, software 3D lenmark3ds para processamento de design\/texto, se o design tiver um tamanho maior do que 200*200mm, ent\u00e3o voc\u00ea pode pensar nesse gravador a laser 3D, o tamanho da grava\u00e7\u00e3o pode chegar a 800*800mm, h\u00e1 uma lente din\u00e2mica dentro do cabe\u00e7ote do laser, caracter\u00edstica principal como abaixo:<\/p>\n<ul>\n<li>Laser de fibra pulsada<\/li>\n<li>Pode fazer trabalhos a laser em relevo em metal e tamb\u00e9m pode fazer grava\u00e7\u00f5es em superf\u00edcies planas com tamanho grande de 300*300mm a 800mm*800mm<\/li>\n<li>Software de grava\u00e7\u00e3o 3D para processamento de imagens<\/li>\n<li>Eixo R para marca\u00e7\u00e3o de an\u00e9is e pulseiras (opcional)<\/li>\n<li>Cabe\u00e7ote de laser din\u00e2mico 3D F20<\/li>\n<li>Ampla sele\u00e7\u00e3o de opcionais<\/li>\n<li>2 anos de garantia<\/li>\n<\/ul>\n<figure id=\"attachment_7434\" aria-describedby=\"caption-attachment-7434\" style=\"width: 300px\" class=\"wp-caption alignnone\"><img decoding=\"async\" class=\"size-medium wp-image-7434\" src=\"https:\/\/bogonglaser.com\/wp-content\/uploads\/2024\/10\/F20-3D-Laser-Engraver-1-300x225.jpg\" alt=\"Gravador a laser 3D F20\" width=\"300\" height=\"225\" title=\"\" srcset=\"https:\/\/bogonglaser.com\/wp-content\/uploads\/2024\/10\/F20-3D-Laser-Engraver-1-300x225.jpg 300w, https:\/\/bogonglaser.com\/wp-content\/uploads\/2024\/10\/F20-3D-Laser-Engraver-1-16x12.jpg 16w, https:\/\/bogonglaser.com\/wp-content\/uploads\/2024\/10\/F20-3D-Laser-Engraver-1.jpg 400w\" sizes=\"(max-width: 300px) 100vw, 300px\" \/><figcaption id=\"caption-attachment-7434\" class=\"wp-caption-text\">Gravador a laser 3D F20<\/figcaption><\/figure>\n<figure id=\"attachment_7433\" aria-describedby=\"caption-attachment-7433\" style=\"width: 300px\" class=\"wp-caption alignnone\"><img decoding=\"async\" class=\"size-medium wp-image-7433\" src=\"https:\/\/bogonglaser.com\/wp-content\/uploads\/2024\/10\/F20-3D-Laser-Marking-Machine-1-300x225.jpg\" alt=\"M\u00e1quina de marca\u00e7\u00e3o a laser 3D F20\" width=\"300\" height=\"225\" title=\"\" srcset=\"https:\/\/bogonglaser.com\/wp-content\/uploads\/2024\/10\/F20-3D-Laser-Marking-Machine-1-300x225.jpg 300w, https:\/\/bogonglaser.com\/wp-content\/uploads\/2024\/10\/F20-3D-Laser-Marking-Machine-1-16x12.jpg 16w, https:\/\/bogonglaser.com\/wp-content\/uploads\/2024\/10\/F20-3D-Laser-Marking-Machine-1.jpg 400w\" sizes=\"(max-width: 300px) 100vw, 300px\" \/><figcaption id=\"caption-attachment-7433\" class=\"wp-caption-text\">M\u00e1quina de marca\u00e7\u00e3o a laser 3D F20<\/figcaption><\/figure>\n<p><iframe title=\"M\u00e1quina de marca\u00e7\u00e3o a laser de fibra 3D de 600*600mm | Gravador a laser 3D\" width=\"1290\" height=\"726\" src=\"https:\/\/www.youtube.com\/embed\/8Ecyoll4AF4?feature=oembed\" frameborder=\"0\" allow=\"accelerometer; autoplay; clipboard-write; encrypted-media; gyroscope; picture-in-picture; web-share\" referrerpolicy=\"strict-origin-when-cross-origin\" allowfullscreen><\/iframe><\/p>\n<p><iframe title=\"M\u00e1quina de grava\u00e7\u00e3o a laser com espelho de LED de tamanho grande | M\u00e1quina de marca\u00e7\u00e3o a laser de fibra de espelho inteligente\" width=\"1290\" height=\"726\" src=\"https:\/\/www.youtube.com\/embed\/-hwYXbbbwH0?feature=oembed\" frameborder=\"0\" allow=\"accelerometer; autoplay; clipboard-write; encrypted-media; gyroscope; picture-in-picture; web-share\" referrerpolicy=\"strict-origin-when-cross-origin\" allowfullscreen><\/iframe><\/p>\n<figure id=\"attachment_7432\" aria-describedby=\"caption-attachment-7432\" style=\"width: 178px\" class=\"wp-caption alignnone\"><img decoding=\"async\" class=\"size-medium wp-image-7432\" src=\"https:\/\/bogonglaser.com\/wp-content\/uploads\/2024\/10\/3d-laser-marking-machine-1-178x300.jpg\" alt=\"M\u00e1quina de marca\u00e7\u00e3o a laser 3d\" width=\"178\" height=\"300\" title=\"\" srcset=\"https:\/\/bogonglaser.com\/wp-content\/uploads\/2024\/10\/3d-laser-marking-machine-1-178x300.jpg 178w, https:\/\/bogonglaser.com\/wp-content\/uploads\/2024\/10\/3d-laser-marking-machine-1-7x12.jpg 7w, https:\/\/bogonglaser.com\/wp-content\/uploads\/2024\/10\/3d-laser-marking-machine-1.jpg 500w\" sizes=\"(max-width: 178px) 100vw, 178px\" \/><figcaption id=\"caption-attachment-7432\" class=\"wp-caption-text\">M\u00e1quina de marca\u00e7\u00e3o a laser 3d<\/figcaption><\/figure>\n<h2>Caracter\u00edsticas da m\u00e1quina de marca\u00e7\u00e3o a laser 3D F20 com grande \u00e1rea de grava\u00e7\u00e3o:<\/h2>\n<p>1. Aplicativos<br \/>\nA m\u00e1quina de marca\u00e7\u00e3o a laser 3D F20 n\u00e3o s\u00f3 faz trabalhos em relevo 3D em metal, mas tamb\u00e9m pode ser marcada em um formato grande em uma superf\u00edcie plana.<\/p>\n<p>2. Excelente qualidade de grava\u00e7\u00e3o<br \/>\nEquipada com um sistema de marca\u00e7\u00e3o fina 3D Lenmark3D e Lenmark3DS, a m\u00e1quina se destaca em v\u00e1rias necessidades de grava\u00e7\u00e3o, incluindo grava\u00e7\u00e3o em relevo, grava\u00e7\u00e3o profunda e grava\u00e7\u00e3o c\u00f4ncava\/convexa. Ela oferece alta precis\u00e3o e resultados visualmente atraentes. Essa m\u00e1quina suporta tr\u00eas fontes de luz: fibra, ultravioleta e CO2, permitindo a grava\u00e7\u00e3o em materiais met\u00e1licos e n\u00e3o met\u00e1licos.<\/p>\n<p><iframe title=\"M\u00e1quina de grava\u00e7\u00e3o a laser de fibra 3D F20 multifuncional | Grava\u00e7\u00e3o plana de grande \u00e1rea e grava\u00e7\u00e3o em relevo 3D\" width=\"1290\" height=\"726\" src=\"https:\/\/www.youtube.com\/embed\/7KuWZRpnRxI?feature=oembed\" frameborder=\"0\" allow=\"accelerometer; autoplay; clipboard-write; encrypted-media; gyroscope; picture-in-picture; web-share\" referrerpolicy=\"strict-origin-when-cross-origin\" allowfullscreen><\/iframe><\/p>\n<h3>Aplica\u00e7\u00f5es da m\u00e1quina de grava\u00e7\u00e3o a laser de fibra 3D 3D-F20<\/h3>\n<ul>\n<li>Escava\u00e7\u00e3o em camadas e grava\u00e7\u00e3o em baixo-relevo 3D.<\/li>\n<li>\u00c1rea de marca\u00e7\u00e3o 300*300mm 400*400mm 500*500mm 600*600mm 800*800mm.<\/li>\n<li>Gravuras em superf\u00edcies irregulares com uma irregularidade.<\/li>\n<li>Grava\u00e7\u00f5es em an\u00e9is, pulseiras, medalh\u00f5es e superf\u00edcies planas.<\/li>\n<li>Grava\u00e7\u00e3o de fotografias, nomes, desenhos e logotipos, inclusive marcas registradas.<\/li>\n<li>Grava\u00e7\u00f5es em mostradores de rel\u00f3gios e \u00f3culos feitos de qualquer material met\u00e1lico.<\/li>\n<li>Corte manual de pe\u00e7as individuais ou solu\u00e7\u00f5es automatizadas para produ\u00e7\u00e3o em massa<\/li>\n<\/ul>\n<figure id=\"attachment_7435\" aria-describedby=\"caption-attachment-7435\" style=\"width: 300px\" class=\"wp-caption alignnone\"><img decoding=\"async\" class=\"size-medium wp-image-7435\" src=\"https:\/\/bogonglaser.com\/wp-content\/uploads\/2024\/10\/F20-3D-Laser-Engraver-2-300x143.jpg\" alt=\"Gravador a laser 3D F20\" width=\"300\" height=\"143\" title=\"\" srcset=\"https:\/\/bogonglaser.com\/wp-content\/uploads\/2024\/10\/F20-3D-Laser-Engraver-2-300x143.jpg 300w, https:\/\/bogonglaser.com\/wp-content\/uploads\/2024\/10\/F20-3D-Laser-Engraver-2-600x286.jpg 600w, https:\/\/bogonglaser.com\/wp-content\/uploads\/2024\/10\/F20-3D-Laser-Engraver-2-1024x488.jpg 1024w, https:\/\/bogonglaser.com\/wp-content\/uploads\/2024\/10\/F20-3D-Laser-Engraver-2-768x366.jpg 768w, https:\/\/bogonglaser.com\/wp-content\/uploads\/2024\/10\/F20-3D-Laser-Engraver-2-18x9.jpg 18w, https:\/\/bogonglaser.com\/wp-content\/uploads\/2024\/10\/F20-3D-Laser-Engraver-2.jpg 1251w\" sizes=\"(max-width: 300px) 100vw, 300px\" \/><figcaption id=\"caption-attachment-7435\" class=\"wp-caption-text\">Gravador a laser 3D F20<\/figcaption><\/figure>\n<figure id=\"attachment_7431\" aria-describedby=\"caption-attachment-7431\" style=\"width: 300px\" class=\"wp-caption alignnone\"><img decoding=\"async\" class=\"size-medium wp-image-7431\" src=\"https:\/\/bogonglaser.com\/wp-content\/uploads\/2024\/10\/3df20-marking-machine-factory-pictures-2-300x225.png\" alt=\"Fotos de f\u00e1brica da m\u00e1quina de marca\u00e7\u00e3o 3df20\" width=\"300\" height=\"225\" title=\"\" srcset=\"https:\/\/bogonglaser.com\/wp-content\/uploads\/2024\/10\/3df20-marking-machine-factory-pictures-2-300x225.png 300w, https:\/\/bogonglaser.com\/wp-content\/uploads\/2024\/10\/3df20-marking-machine-factory-pictures-2-600x450.png 600w, https:\/\/bogonglaser.com\/wp-content\/uploads\/2024\/10\/3df20-marking-machine-factory-pictures-2-768x576.png 768w, https:\/\/bogonglaser.com\/wp-content\/uploads\/2024\/10\/3df20-marking-machine-factory-pictures-2-16x12.png 16w, https:\/\/bogonglaser.com\/wp-content\/uploads\/2024\/10\/3df20-marking-machine-factory-pictures-2.png 800w\" sizes=\"(max-width: 300px) 100vw, 300px\" \/><figcaption id=\"caption-attachment-7431\" class=\"wp-caption-text\">Fotos de f\u00e1brica da m\u00e1quina de marca\u00e7\u00e3o 3df20<\/figcaption><\/figure>\n<h2>Como funciona a grava\u00e7\u00e3o a laser em 3D?<\/h2>\n<p>Um sistema de laser 3D ajusta automaticamente o ponto de laser para minimizar a perda de qualidade do ponto em superf\u00edcies curvas e contornos 3D. Esses sistemas s\u00e3o ideais para lidar com formas complexas e podem gravar com efici\u00eancia uma variedade de itens.<\/p>\n<p>Al\u00e9m disso, elas s\u00e3o capazes de criar grava\u00e7\u00f5es em relevo, esculpindo profundamente pe\u00e7as com alturas variadas, o que as torna perfeitas para presentes personalizados ou pe\u00e7as de joalheria.<\/p>\n<h3>Como escolher a m\u00e1quina a laser 3d certa<\/h3>\n<p>Escolher a m\u00e1quina de grava\u00e7\u00e3o a laser 3D certa ser\u00e1 importante para sua empresa, como garantir que a m\u00e1quina atenda \u00e0s suas necessidades espec\u00edficas. Aqui est\u00e1 um guia para ajud\u00e1-lo a tomar uma decis\u00e3o informada:<\/p>\n<ol>\n<li><strong>Compatibilidade de materiais<\/strong>: Determine os tipos de materiais que planeja gravar (por exemplo, metal, madeira, acr\u00edlico, vidro). Certifique-se de que a m\u00e1quina escolhida possa lidar com esses materiais de forma eficaz.<\/li>\n<li><strong>Tipo de laser<\/strong>: Diferentes tipos de laser (fibra, CO2, UV) t\u00eam diferentes finalidades.\n<ul>\n<li><strong>Lasers de fibra<\/strong>\u00a0s\u00e3o adequados para metais e s\u00e3o conhecidos por sua alta precis\u00e3o.<\/li>\n<li><strong>Lasers de CO2<\/strong> \u00e9 para material n\u00e3o met\u00e1lico, usado principalmente para trabalhos de corte de grande porte, como corte de etiquetas etc.<\/li>\n<li><strong>Lasers UV<\/strong>\u00a0s\u00e3o ideais para grava\u00e7\u00f5es delicadas em materiais como vidro e pl\u00e1stico.<\/li>\n<\/ul>\n<\/li>\n<li><strong>Profundidade e detalhes da grava\u00e7\u00e3o<\/strong>: Considere a profundidade de grava\u00e7\u00e3o necess\u00e1ria. Alguns clientes querem gravar um design 3D maior do que 200*200mm, eles querem usar esse laser para substituir o roteador CNC, por favor, tenha certeza de que a m\u00e1quina a laser 3D \u00e9 adequada para grava\u00e7\u00e3o de precis\u00e3o em relevo de design pequeno, como 40*40mm, 50*50mm, 60*60mm, etc.<\/li>\n<li><strong>Tamanho da \u00e1rea de trabalho<\/strong>: Avalie o tamanho da \u00e1rea de grava\u00e7\u00e3o com base nos projetos que planeja realizar. Certifique-se de que a m\u00e1quina tenha uma \u00e1rea de trabalho adequada para seus itens maiores. M\u00e1quina a laser 3D BOGONG F10 com tamanho de grava\u00e7\u00e3o de 200*200mm, eixo Z pode chegar a 80mm.<\/li>\n<li><strong>Facilidade de uso<\/strong>: Procure m\u00e1quinas com software de f\u00e1cil utiliza\u00e7\u00e3o que permita design e opera\u00e7\u00e3o simples. Lenmark 3DS e Ezcad3 s\u00e3o indicados para trabalhos de grava\u00e7\u00e3o em relevo 3D.<\/li>\n<li><strong>Suporte ao cliente e garantia<\/strong>: Pesquise as op\u00e7\u00f5es de suporte do fabricante e a garantia oferecida. Um servi\u00e7o de atendimento ao cliente confi\u00e1vel pode ser crucial para a solu\u00e7\u00e3o de problemas e a manuten\u00e7\u00e3o.<\/li>\n<li><strong>Or\u00e7amento<\/strong>: Defina um or\u00e7amento e compare diferentes modelos dentro dessa faixa. Considere os custos de longo prazo associados \u00e0 manuten\u00e7\u00e3o e aos acess\u00f3rios. Se o or\u00e7amento for suficiente, escolha um laser MOPA, que ser\u00e1 bom para trabalhos detalhados, pois o laser MOPA pode controlar a largura e a frequ\u00eancia do pulso para obter um fundo suave.<\/li>\n<\/ol>\n<p>&nbsp;<\/p>\n<h2>O que podemos fazer para voc\u00ea escolher a gravadora a laser 3D?<\/h2>\n<ul>\n<li><span class=\"magic-19\"><b class=\"magic-19\"><span class=\"magic-18\">Amostras de teste gratuitas -<\/span><\/b><span class=\"magic-20\" data-spm-anchor-id=\"a2700.details.0.i41.41d82402R4aegi\">Podemos realizar testes gratuitos de efeito de marca\u00e7\u00e3o de acordo com o material de seu produto<\/span><\/span><\/li>\n<li><span class=\"magic-19\"><b class=\"magic-19\"><span class=\"magic-18\">V\u00eddeo ao vivo<\/span><\/b><span class=\"magic-20\">Voc\u00ea pode entrar em contato com nossos consultores de vendas para assistir ao processo de produ\u00e7\u00e3o e \u00e0 opera\u00e7\u00e3o da m\u00e1quina em um v\u00eddeo on-line.<\/span><\/span><\/li>\n<li><span class=\"magic-19\"><b class=\"magic-19\"><span class=\"magic-18\">Personalizado \/OEM-<\/span><\/b><span class=\"magic-20\" data-spm-anchor-id=\"a2700.details.0.i40.41d82402R4aegi\">M\u00e1quinas personalizadas mediante solicita\u00e7\u00e3o\uff0cEntre em contato conosco<\/span><\/span><\/li>\n<\/ul>\n<p><iframe title=\"M\u00e1quina de grava\u00e7\u00e3o a laser de grande \u00e1rea de trabalho 2D 3D 900*600mm 1000*1000mm 1500*1000mm 600*600MM\" width=\"1290\" height=\"726\" src=\"https:\/\/www.youtube.com\/embed\/kHkhAKh91mU?feature=oembed\" frameborder=\"0\" allow=\"accelerometer; autoplay; clipboard-write; encrypted-media; gyroscope; picture-in-picture; web-share\" referrerpolicy=\"strict-origin-when-cross-origin\" allowfullscreen><\/iframe><\/p>\n<h3>Quais pe\u00e7as eu preciso escolher para a m\u00e1quina de corte para grava\u00e7\u00e3o a laser 3D?<\/h3>\n<ul>\n<li>Dispositivo rotativo: h\u00e1 v\u00e1rios dispositivos rotativos com diferentes estilos e di\u00e2metros de pin\u00e7a, como 50D, 65D, 80D, 100D etc. Se voc\u00ea tamb\u00e9m trabalha com joias, escolha 50D ou 65D.<\/li>\n<li>Suporte para ouro e prata: para prender a chapa met\u00e1lica de ouro e prata para corte, pois, como h\u00e1 muito calor durante o trabalho de corte, a chapa met\u00e1lica se deforma facilmente. Adequado para o neg\u00f3cio de joias.<\/li>\n<li>\n<figure id=\"attachment_7430\" aria-describedby=\"caption-attachment-7430\" style=\"width: 300px\" class=\"wp-caption alignnone\"><img decoding=\"async\" class=\"size-medium wp-image-7430\" src=\"https:\/\/bogonglaser.com\/wp-content\/uploads\/2024\/10\/gold-silver-holder-and-rotary-1-300x225.png\" alt=\"suporte de ouro e prata e rotativo\" width=\"300\" height=\"225\" title=\"\" srcset=\"https:\/\/bogonglaser.com\/wp-content\/uploads\/2024\/10\/gold-silver-holder-and-rotary-1-300x225.png 300w, https:\/\/bogonglaser.com\/wp-content\/uploads\/2024\/10\/gold-silver-holder-and-rotary-1-16x12.png 16w, https:\/\/bogonglaser.com\/wp-content\/uploads\/2024\/10\/gold-silver-holder-and-rotary-1.png 400w\" sizes=\"(max-width: 300px) 100vw, 300px\" \/><figcaption id=\"caption-attachment-7430\" class=\"wp-caption-text\">suporte de ouro e prata e rotativo<\/figcaption><\/figure>\n<p><iframe title=\"ELE GOSTA DE M\u00c1QUINA DE GRAVA\u00c7\u00c3O A LASER 3D BOGONG | MELHOR M\u00c1QUINA DE GRAVA\u00c7\u00c3O A LASER 3D DA CHINA PARA VENDA\" width=\"1290\" height=\"726\" src=\"https:\/\/www.youtube.com\/embed\/aoAF09vq8LE?feature=oembed\" frameborder=\"0\" allow=\"accelerometer; autoplay; clipboard-write; encrypted-media; gyroscope; picture-in-picture; web-share\" referrerpolicy=\"strict-origin-when-cross-origin\" allowfullscreen><\/iframe><\/p>\n<p><iframe title=\"O que voc\u00ea acha do gravador a laser 3D da BOGONG? | Cliente da \u00cdndia visitou a BOGONG e comprou o gravador a laser 3D\" width=\"1290\" height=\"726\" src=\"https:\/\/www.youtube.com\/embed\/bq8eli66vTM?feature=oembed\" frameborder=\"0\" allow=\"accelerometer; autoplay; clipboard-write; encrypted-media; gyroscope; picture-in-picture; web-share\" referrerpolicy=\"strict-origin-when-cross-origin\" allowfullscreen><\/iframe><\/li>\n<\/ul>\n<p>Condi\u00e7\u00f5es de pagamento<\/p>\n<p>1. Dep\u00f3sito e saldo: Um dep\u00f3sito de 30% T\/T \u00e9 exigido antecipadamente, com o saldo devido antes do envio.<\/p>\n<p>2. Garantia de com\u00e9rcio do Alibaba: Os pagamentos podem ser processados por meio do Alibaba Trade Assurance.<\/p>\n<p>Perguntas frequentes sobre a m\u00e1quina de marca\u00e7\u00e3o a laser 3D de grande porte<\/p>\n<p>Qual \u00e9 a embalagem da m\u00e1quina de marca\u00e7\u00e3o a laser de fibra 3d?<br \/>\nNossas m\u00e1quinas s\u00e3o embaladas em uma configura\u00e7\u00e3o de tr\u00eas camadas. A camada externa consiste em um engradado de madeira, a camada intermedi\u00e1ria apresenta estofamento de espuma para proteger contra trepida\u00e7\u00f5es e a camada interna inclui um saco pl\u00e1stico grosso para impermeabiliza\u00e7\u00e3o.<\/p>\n<p>O pacote ser\u00e1 danificado durante o transporte?<br \/>\nProjetamos meticulosamente nossas embalagens para lidar com todos os fatores de poss\u00edveis danos, e nossos agentes de transporte t\u00eam experi\u00eancia em transporte seguro. J\u00e1 exportamos com sucesso para 180 pa\u00edses, portanto, voc\u00ea pode ter certeza de que sua encomenda chegar\u00e1 em excelentes condi\u00e7\u00f5es.<\/p>\n<figure id=\"attachment_7436\" aria-describedby=\"caption-attachment-7436\" style=\"width: 300px\" class=\"wp-caption alignnone\"><img decoding=\"async\" class=\"size-medium wp-image-7436\" src=\"https:\/\/bogonglaser.com\/wp-content\/uploads\/2024\/10\/3df20-marking-machine-factory-pictures-300x225.png\" alt=\"Fotos de f\u00e1brica da m\u00e1quina de marca\u00e7\u00e3o 3df20\" width=\"300\" height=\"225\" title=\"\" srcset=\"https:\/\/bogonglaser.com\/wp-content\/uploads\/2024\/10\/3df20-marking-machine-factory-pictures-300x225.png 300w, https:\/\/bogonglaser.com\/wp-content\/uploads\/2024\/10\/3df20-marking-machine-factory-pictures-600x450.png 600w, https:\/\/bogonglaser.com\/wp-content\/uploads\/2024\/10\/3df20-marking-machine-factory-pictures-768x576.png 768w, https:\/\/bogonglaser.com\/wp-content\/uploads\/2024\/10\/3df20-marking-machine-factory-pictures-16x12.png 16w, https:\/\/bogonglaser.com\/wp-content\/uploads\/2024\/10\/3df20-marking-machine-factory-pictures.png 800w\" sizes=\"(max-width: 300px) 100vw, 300px\" \/><figcaption id=\"caption-attachment-7436\" class=\"wp-caption-text\">Fotos de f\u00e1brica da m\u00e1quina de marca\u00e7\u00e3o 3df20<\/figcaption><\/figure>\n<p>A maioria dos clientes gosta de escolher o transporte por UPS\/DHL expresso, que pode chegar ao destino em cerca de 5 a 7 dias. Entre em contato com a BOGONG para obter mais detalhes sobre o gravador de metal a laser de fibra para cobre dourado de lat\u00e3o prateado.<\/p>","protected":false},"excerpt":{"rendered":"<h2>M\u00e1quina de marca\u00e7\u00e3o a laser de fibra 3D com grande \u00e1rea de grava\u00e7\u00e3o<\/h2>\n<p>A m\u00e1quina de marca\u00e7\u00e3o a laser de fibra 3D faz principalmente relevo 3D em metal. Se voc\u00ea quiser gravar em uma \u00e1rea grande, como 300*300mm 600*600mm, escolha a m\u00e1quina de grava\u00e7\u00e3o a laser 3D BOGONG F20.<\/p>\n<ul class=\"tips\">\n<li>100 conjuntos \/ m\u00eas aguardando para venda Em estoque<\/li>\n<li>Garantia limitada de 2 anos para toda a m\u00e1quina<\/li>\n<li>5 dias para preparar a m\u00e1quina a laser, 3 a 7 dias para o transporte.<\/li>\n<li>Online (PayPal) e offline (T\/T, cart\u00f5es de d\u00e9bito e cr\u00e9dito)<\/li>\n<\/ul>","protected":false},"featured_media":1732,"template":"","meta":{"_gspb_post_css":""},"product_brand":[],"product_cat":[97,93,96],"product_tag":[102],"class_list":{"0":"post-1653","1":"product","2":"type-product","3":"status-publish","4":"has-post-thumbnail","6":"product_cat-fiber-laser-marker","7":"product_cat-laser-engraving-machine","8":"product_cat-laser-marking-machine","9":"product_tag-laser-marking-machine","11":"first","12":"instock","13":"shipping-taxable","14":"product-type-simple"},"_links":{"self":[{"href":"https:\/\/bogonglaser.com\/pt\/wp-json\/wp\/v2\/product\/1653","targetHints":{"allow":["GET"]}}],"collection":[{"href":"https:\/\/bogonglaser.com\/pt\/wp-json\/wp\/v2\/product"}],"about":[{"href":"https:\/\/bogonglaser.com\/pt\/wp-json\/wp\/v2\/types\/product"}],"wp:featuredmedia":[{"embeddable":true,"href":"https:\/\/bogonglaser.com\/pt\/wp-json\/wp\/v2\/media\/1732"}],"wp:attachment":[{"href":"https:\/\/bogonglaser.com\/pt\/wp-json\/wp\/v2\/media?parent=1653"}],"wp:term":[{"taxonomy":"product_brand","embeddable":true,"href":"https:\/\/bogonglaser.com\/pt\/wp-json\/wp\/v2\/product_brand?post=1653"},{"taxonomy":"product_cat","embeddable":true,"href":"https:\/\/bogonglaser.com\/pt\/wp-json\/wp\/v2\/product_cat?post=1653"},{"taxonomy":"product_tag","embeddable":true,"href":"https:\/\/bogonglaser.com\/pt\/wp-json\/wp\/v2\/product_tag?post=1653"}],"curies":[{"name":"wp","href":"https:\/\/api.w.org\/{rel}","templated":true}]}}