{"id":1640,"date":"2024-10-28T16:03:42","date_gmt":"2024-10-28T08:03:42","guid":{"rendered":"https:\/\/bogonglaser.com\/?post_type=product&#038;p=1640"},"modified":"2025-12-10T17:25:15","modified_gmt":"2025-12-10T09:25:15","slug":"fiber-laser-engraving-cutting-machine-for-metal-jewelry","status":"publish","type":"product","link":"https:\/\/bogonglaser.com\/pt\/fiber-laser-engraving-cutting-machine-for-metal-jewelry\/","title":{"rendered":"M\u00e1quina de corte e grava\u00e7\u00e3o a laser de fibra para joias de metal"},"content":{"rendered":"<h2>O que \u00e9 uma m\u00e1quina de grava\u00e7\u00e3o de metal a laser para joias de prata, ouro e cobre?<\/h2>\n<p>Uma m\u00e1quina de grava\u00e7\u00e3o e corte a laser para joias de metal \u00e9 um sistema a laser CNC que usa uma fonte de laser de fibra para gravar e cortar v\u00e1rios tipos de joias, incluindo an\u00e9is, pingentes, brincos, pulseiras, colares, abotoaduras, broches e outros ornamentos pessoais. Ele pode trabalhar em muitos materiais, como a\u00e7o inoxid\u00e1vel, ligas de a\u00e7o, prata, cobre, lat\u00e3o, tit\u00e2nio, alum\u00ednio anodizado, alum\u00ednio, cromo, pastilhas de silicone e ouro.<\/p>\n<p>As melhores m\u00e1quinas de grava\u00e7\u00e3o a laser com pot\u00eancia de laser de 50-100 W, permitindo a grava\u00e7\u00e3o profunda e o corte preciso de sinais, padr\u00f5es, logotipos, letras, n\u00fameros e imagens em superf\u00edcies met\u00e1licas. Esse vers\u00e1til gravador de metal a laser \u00e9 ideal para a cria\u00e7\u00e3o de joias personalizadas, artesanato em metal, arte em metal, componentes de metal, presentes em metal, pe\u00e7as eletr\u00f4nicas, hardware, instrumentos, grava\u00e7\u00f5es em alimentos e bebidas, designs de teclado, capas de celular e embalagens.<\/p>\n<figure id=\"attachment_7459\" aria-describedby=\"caption-attachment-7459\" style=\"width: 300px\" class=\"wp-caption alignnone\"><img decoding=\"async\" class=\"size-medium wp-image-7459\" src=\"https:\/\/bogonglaser.com\/wp-content\/uploads\/2024\/10\/mini-laser-machine-1-1-300x169.jpg\" alt=\"mini m\u00e1quina a laser \" width=\"300\" height=\"169\" title=\"\" srcset=\"https:\/\/bogonglaser.com\/wp-content\/uploads\/2024\/10\/mini-laser-machine-1-1-300x169.jpg 300w, https:\/\/bogonglaser.com\/wp-content\/uploads\/2024\/10\/mini-laser-machine-1-1-600x338.jpg 600w, https:\/\/bogonglaser.com\/wp-content\/uploads\/2024\/10\/mini-laser-machine-1-1-768x432.jpg 768w, https:\/\/bogonglaser.com\/wp-content\/uploads\/2024\/10\/mini-laser-machine-1-1-18x10.jpg 18w, https:\/\/bogonglaser.com\/wp-content\/uploads\/2024\/10\/mini-laser-machine-1-1.jpg 800w\" sizes=\"(max-width: 300px) 100vw, 300px\" \/><figcaption id=\"caption-attachment-7459\" class=\"wp-caption-text\">mini m\u00e1quina a laser<\/figcaption><\/figure>\n<p>Recursos do cortador de gravador de metal a laser de fibra para joias de prata, ouro e cobre<\/p>\n<p>1. Feixe de laser de alta qualidade: com convers\u00e3o fotoel\u00e9trica superior, esse gravador oferece qualidade e precis\u00e3o excepcionais de grava\u00e7\u00e3o.<\/p>\n<p>2. Baixa manuten\u00e7\u00e3o: Projetada para ser conveniente e segura, a vida \u00fatil da fonte de laser pode chegar a 100.000 horas.<\/p>\n<p>3. Marcas dur\u00e1veis: Cria marca\u00e7\u00f5es permanentes e de alta qualidade que s\u00e3o confi\u00e1veis e duradouras.<\/p>\n<p>4. Precis\u00e3o consistente: Capaz de alta repetibilidade e velocidades r\u00e1pidas de grava\u00e7\u00e3o para uma produ\u00e7\u00e3o eficiente.<\/p>\n<p>5. F\u00e1cil de usar: essa m\u00e1quina de grava\u00e7\u00e3o de metal a laser \u00e9 f\u00e1cil de operar, mesmo para quem n\u00e3o tem experi\u00eancia anterior.<\/p>\n<p>6. Marca\u00e7\u00e3o sem contato: O processo de grava\u00e7\u00e3o sem contato evita o estresse do material, garantindo a integridade dos seus itens.<\/p>\n<p>7. Software vers\u00e1til: A m\u00e1quina inclui um software de grava\u00e7\u00e3o multifuncional compat\u00edvel com a plataforma WINDOWS e apresenta uma interface em ingl\u00eas. Ele funciona perfeitamente com v\u00e1rios aplicativos, incluindo CorelDRAW, AutoCAD e Photoshop, e suporta formatos de arquivo como fontes PCX, DXF, PLT, BMP, SHX e TTF.<\/p>\n<p><iframe title=\"M\u00e1quina de corte e grava\u00e7\u00e3o a laser de fibra para metal - BOGONG LASER MARKING MACHINE \u00e0 venda\" width=\"1290\" height=\"726\" src=\"https:\/\/www.youtube.com\/embed\/2a9qdSpo948?feature=oembed\" frameborder=\"0\" allow=\"accelerometer; autoplay; clipboard-write; encrypted-media; gyroscope; picture-in-picture; web-share\" referrerpolicy=\"strict-origin-when-cross-origin\" allowfullscreen><\/iframe><\/p>\n<h3>Aplica\u00e7\u00f5es do cortador de gravador de metal a laser de fibra para joias de prata, ouro e cobre<\/h3>\n<p>Setores aplic\u00e1veis:<\/p>\n<p>A m\u00e1quina de grava\u00e7\u00e3o de metal a laser de fibra pode fazer artes em metal, artesanato em metal, presentes em metal, cart\u00f5es de cr\u00e9dito em metal, pe\u00e7as em metal, componentes eletr\u00f4nicos, instrumentos e medidores, hardware, alimentos e bebidas, joias, teclados, embalagens e capas de celular.<\/p>\n<p>Materiais aplic\u00e1veis:<\/p>\n<p>Esse gravador de metal a laser de fibra foi projetado principalmente para uso com materiais de metal e ligas, como alum\u00ednio, a\u00e7o, cobre, prata, ouro, cromo, a\u00e7o inoxid\u00e1vel, alum\u00ednio anodizado e wafer de sil\u00edcio.<\/p>\n<p><iframe title=\"O que \u00e9 o laser e seus princ\u00edpios? | Fonte de laser JPT MOPA\" width=\"1290\" height=\"726\" src=\"https:\/\/www.youtube.com\/embed\/_gj7K4OJcks?feature=oembed\" frameborder=\"0\" allow=\"accelerometer; autoplay; clipboard-write; encrypted-media; gyroscope; picture-in-picture; web-share\" referrerpolicy=\"strict-origin-when-cross-origin\" allowfullscreen><\/iframe><\/p>\n<p>O que \u00e9 uma fonte de laser de fibra?<\/p>\n<p>Uma fonte de laser de fibra \u00e9 um tipo de laser que usa um cabo de fibra \u00f3ptica como meio de ganho. Nessa tecnologia, a fibra \u00e9 dopada com elementos de terras raras, como it\u00e9rbio, \u00e9rbio ou neod\u00edmio, que aumentam a capacidade da fibra de gerar luz laser.<\/p>\n<p>Como fa\u00e7o para instalar e operar o gravador a laser de fibra?<br \/>\nforneceremos v\u00eddeos de treinamento detalhados e um manual do usu\u00e1rio junto com a m\u00e1quina. Cerca de 95% de nossos clientes s\u00e3o capazes de aprender a oper\u00e1-la de forma independente.<\/p>\n<p>O que devo fazer se o<a href=\"https:\/\/bogonglaser.com\/pt\/laser-engraving-machine\/\"> M\u00e1quina de grava\u00e7\u00e3o a laser de fibra<\/a> Mau funcionamento?<br \/>\nSe tiver algum problema, entre em contato conosco imediatamente e evite tentar fazer reparos por conta pr\u00f3pria. Responderemos para ajudar a resolver o problema o mais r\u00e1pido poss\u00edvel.<\/p>\n<p><iframe title=\"Pre\u00e7o da m\u00e1quina de corte de gravura a laser para joias de ouro e prata\" width=\"1290\" height=\"726\" src=\"https:\/\/www.youtube.com\/embed\/8Y2bktvX_A8?feature=oembed\" frameborder=\"0\" allow=\"accelerometer; autoplay; clipboard-write; encrypted-media; gyroscope; picture-in-picture; web-share\" referrerpolicy=\"strict-origin-when-cross-origin\" allowfullscreen><\/iframe><\/p>\n<h3>Como escolher a m\u00e1quina de corte para grava\u00e7\u00e3o a laser ideal para joias<\/h3>\n<p>Ao selecionar uma m\u00e1quina para grava\u00e7\u00e3o, corte de ouro, prata, lat\u00e3o ou outro metal, \u00e9 importante considerar a pot\u00eancia do laser necess\u00e1ria, a fonte e o cabe\u00e7ote do laser, al\u00e9m de pensar no material com o qual trabalhar\u00e1 e no tamanho da marca.<\/p>\n<p>Vamos detalhar cada fator e entender sua import\u00e2ncia.<\/p>\n<p><strong>Pot\u00eancia<\/strong><br \/>\nMaior pot\u00eancia significa que a fonte de laser tem energia mais intensa, o que pode levar a cortes e grava\u00e7\u00f5es profundas. H\u00e1 50W 60W 80W 100W 200W 300W, para o neg\u00f3cio de joias, 50W ser\u00e1 a pot\u00eancia m\u00ednima se o or\u00e7amento for limitado, se voc\u00ea quiser uma m\u00e1quina potente, escolha um laser de 60W ou 100W. Voc\u00ea pode ver o que pode fazer com uma m\u00e1quina a laser de 50W no link de v\u00eddeo abaixo, 60W 100W pode fazer todo o trabalho a laser que 50W faz, voc\u00ea pode pensar que o feixe de laser de 60W 100W \u00e9 mais forte.<\/p>\n<p><strong>Tempo de corte<\/strong><br \/>\nO corte e a grava\u00e7\u00e3o profunda levam mais tempo. O laser precisa direcionar a energia para o alvo por mais tempo para vaporizar mais profundamente o material. Pense nisso como serrar um peda\u00e7o de madeira; quanto mais tempo voc\u00ea cortar, mais fundo poder\u00e1 ir.<\/p>\n<p><iframe title=\"O que um cortador de gravador a laser de 50 W pode fazer? | Melhor m\u00e1quina de marca\u00e7\u00e3o a laser de fibra Raycus de 50 watts para venda\" width=\"1290\" height=\"968\" src=\"https:\/\/www.youtube.com\/embed\/1DLnYH3dJXQ?feature=oembed\" frameborder=\"0\" allow=\"accelerometer; autoplay; clipboard-write; encrypted-media; gyroscope; picture-in-picture; web-share\" referrerpolicy=\"strict-origin-when-cross-origin\" allowfullscreen><\/iframe><\/p>\n<p><iframe title=\"M\u00e1quina de corte e grava\u00e7\u00e3o a laser MOPA de 60 W para colar com pingente de nome e lat\u00e3o dourado prateado de 1,5 mm\" width=\"1290\" height=\"726\" src=\"https:\/\/www.youtube.com\/embed\/WlkmcSoll90?feature=oembed\" frameborder=\"0\" allow=\"accelerometer; autoplay; clipboard-write; encrypted-media; gyroscope; picture-in-picture; web-share\" referrerpolicy=\"strict-origin-when-cross-origin\" allowfullscreen><\/iframe><\/p>\n<h2>O que podemos fazer por voc\u00ea?<\/h2>\n<ul>\n<li><span class=\"magic-19\"><b class=\"magic-19\"><span class=\"magic-18\">Amostras de teste gratuitas -<\/span><\/b><span class=\"magic-20\" data-spm-anchor-id=\"a2700.details.0.i41.41d82402R4aegi\">Podemos realizar testes gratuitos de efeito de marca\u00e7\u00e3o de acordo com o material de seu produto<\/span><\/span><\/li>\n<li><span class=\"magic-19\"><b class=\"magic-19\"><span class=\"magic-18\">V\u00eddeo ao vivo<\/span><\/b><span class=\"magic-20\">Voc\u00ea pode entrar em contato com nossos consultores de vendas para assistir ao processo de produ\u00e7\u00e3o e \u00e0 opera\u00e7\u00e3o da m\u00e1quina em um v\u00eddeo on-line.<\/span><\/span><\/li>\n<li><span class=\"magic-19\"><b class=\"magic-19\"><span class=\"magic-18\">Personalizado \/OEM-<\/span><\/b><span class=\"magic-20\" data-spm-anchor-id=\"a2700.details.0.i40.41d82402R4aegi\">M\u00e1quinas personalizadas mediante solicita\u00e7\u00e3o\uff0cEntre em contato conosco<\/span><\/span><\/li>\n<\/ul>\n<p>&nbsp;<\/p>\n<h3>Quais pe\u00e7as eu preciso escolher para a m\u00e1quina de corte para grava\u00e7\u00e3o a laser de joias?<\/h3>\n<ul>\n<li>Dispositivo rotativo: h\u00e1 v\u00e1rios dispositivos rotativos com diferentes estilos e di\u00e2metros de bra\u00e7adeira, como 50D 65D 80D<\/li>\n<li>Suporte para ouro e prata: para prender a folha de metal de ouro e prata para corte, pois, como h\u00e1 muito calor durante o trabalho de corte, a folha de metal \u00e9 facilmente deformada.<\/li>\n<li>\n<p><figure id=\"attachment_7430\" aria-describedby=\"caption-attachment-7430\" style=\"width: 300px\" class=\"wp-caption alignnone\"><img decoding=\"async\" class=\"size-medium wp-image-7430\" src=\"https:\/\/bogonglaser.com\/wp-content\/uploads\/2024\/10\/gold-silver-holder-and-rotary-1-300x225.png\" alt=\"suporte de ouro e prata e rotativo\" width=\"300\" height=\"225\" title=\"\" srcset=\"https:\/\/bogonglaser.com\/wp-content\/uploads\/2024\/10\/gold-silver-holder-and-rotary-1-300x225.png 300w, https:\/\/bogonglaser.com\/wp-content\/uploads\/2024\/10\/gold-silver-holder-and-rotary-1-16x12.png 16w, https:\/\/bogonglaser.com\/wp-content\/uploads\/2024\/10\/gold-silver-holder-and-rotary-1.png 400w\" sizes=\"(max-width: 300px) 100vw, 300px\" \/><figcaption id=\"caption-attachment-7430\" class=\"wp-caption-text\">suporte de ouro e prata e rotativo<\/figcaption><\/figure><\/li>\n<\/ul>\n<p>Condi\u00e7\u00f5es de pagamento para o cortador de gravador de metal a laser de fibra<\/p>\n<p>1. Dep\u00f3sito e saldo: Um dep\u00f3sito de 30% T\/T \u00e9 exigido antecipadamente, com o saldo devido antes do envio.<\/p>\n<p>2. Garantia de com\u00e9rcio do Alibaba: Os pagamentos podem ser processados por meio do Alibaba Trade Assurance.<\/p>\n<p>Perguntas frequentes sobre o cortador de gravador de metal a laser de fibra<\/p>\n<p>Qual \u00e9 a embalagem da m\u00e1quina de marca\u00e7\u00e3o a laser de fibra?<br \/>\nNossas m\u00e1quinas s\u00e3o embaladas em uma configura\u00e7\u00e3o de tr\u00eas camadas. A camada externa consiste em um engradado de madeira, a camada intermedi\u00e1ria apresenta estofamento de espuma para proteger contra trepida\u00e7\u00f5es e a camada interna inclui um saco pl\u00e1stico grosso para impermeabiliza\u00e7\u00e3o.<\/p>\n<p>O pacote ser\u00e1 danificado durante o transporte?<br \/>\nProjetamos meticulosamente nossas embalagens para lidar com todos os fatores de poss\u00edveis danos, e nossos agentes de transporte t\u00eam experi\u00eancia em transporte seguro. J\u00e1 exportamos com sucesso para 180 pa\u00edses, portanto, voc\u00ea pode ter certeza de que sua encomenda chegar\u00e1 em excelentes condi\u00e7\u00f5es.<\/p>\n<figure id=\"attachment_7458\" aria-describedby=\"caption-attachment-7458\" style=\"width: 300px\" class=\"wp-caption alignnone\"><img decoding=\"async\" class=\"size-medium wp-image-7458\" src=\"https:\/\/bogonglaser.com\/wp-content\/uploads\/2024\/10\/bogong-new-design-1-300x225.png\" alt=\"bogong new design\" width=\"300\" height=\"225\" title=\"\" srcset=\"https:\/\/bogonglaser.com\/wp-content\/uploads\/2024\/10\/bogong-new-design-1-300x225.png 300w, https:\/\/bogonglaser.com\/wp-content\/uploads\/2024\/10\/bogong-new-design-1-600x450.png 600w, https:\/\/bogonglaser.com\/wp-content\/uploads\/2024\/10\/bogong-new-design-1-768x576.png 768w, https:\/\/bogonglaser.com\/wp-content\/uploads\/2024\/10\/bogong-new-design-1-16x12.png 16w, https:\/\/bogonglaser.com\/wp-content\/uploads\/2024\/10\/bogong-new-design-1.png 800w\" sizes=\"(max-width: 300px) 100vw, 300px\" \/><figcaption id=\"caption-attachment-7458\" class=\"wp-caption-text\">bogong new design<\/figcaption><\/figure>\n<figure id=\"attachment_7457\" aria-describedby=\"caption-attachment-7457\" style=\"width: 300px\" class=\"wp-caption alignnone\"><img decoding=\"async\" class=\"size-medium wp-image-7457\" src=\"https:\/\/bogonglaser.com\/wp-content\/uploads\/2024\/10\/mini-laser-machine-2-1-300x300.jpg\" alt=\"mini m\u00e1quina a laser \" width=\"300\" height=\"300\" title=\"\" srcset=\"https:\/\/bogonglaser.com\/wp-content\/uploads\/2024\/10\/mini-laser-machine-2-1-300x300.jpg 300w, https:\/\/bogonglaser.com\/wp-content\/uploads\/2024\/10\/mini-laser-machine-2-1-100x100.jpg 100w, https:\/\/bogonglaser.com\/wp-content\/uploads\/2024\/10\/mini-laser-machine-2-1-600x600.jpg 600w, https:\/\/bogonglaser.com\/wp-content\/uploads\/2024\/10\/mini-laser-machine-2-1-150x150.jpg 150w, https:\/\/bogonglaser.com\/wp-content\/uploads\/2024\/10\/mini-laser-machine-2-1-768x768.jpg 768w, https:\/\/bogonglaser.com\/wp-content\/uploads\/2024\/10\/mini-laser-machine-2-1-12x12.jpg 12w, https:\/\/bogonglaser.com\/wp-content\/uploads\/2024\/10\/mini-laser-machine-2-1.jpg 1000w\" sizes=\"(max-width: 300px) 100vw, 300px\" \/><figcaption id=\"caption-attachment-7457\" class=\"wp-caption-text\">mini m\u00e1quina a laser<\/figcaption><\/figure>\n<p><iframe title=\"Ele comprou a m\u00e1quina de grava\u00e7\u00e3o a laser BOGONG para joias, o que ele fez?\" width=\"1290\" height=\"726\" src=\"https:\/\/www.youtube.com\/embed\/OYi7giXXm38?feature=oembed\" frameborder=\"0\" allow=\"accelerometer; autoplay; clipboard-write; encrypted-media; gyroscope; picture-in-picture; web-share\" referrerpolicy=\"strict-origin-when-cross-origin\" allowfullscreen><\/iframe><\/p>\n<p><iframe title=\"Feedback do usu\u00e1rio de Granada M\u00e1quina de corte e grava\u00e7\u00e3o a laser BOGONG | Melhor laser de ouro e prata para joias\" width=\"1290\" height=\"726\" src=\"https:\/\/www.youtube.com\/embed\/Y25Z0xbP7ZQ?feature=oembed\" frameborder=\"0\" allow=\"accelerometer; autoplay; clipboard-write; encrypted-media; gyroscope; picture-in-picture; web-share\" referrerpolicy=\"strict-origin-when-cross-origin\" allowfullscreen><\/iframe><\/p>\n<p>You can find more customer feedback from BOGONG youtube channel<\/p>\n<figure id=\"attachment_7426\" aria-describedby=\"caption-attachment-7426\" style=\"width: 300px\" class=\"wp-caption alignnone\"><img decoding=\"async\" class=\"size-full wp-image-7426\" src=\"https:\/\/bogonglaser.com\/wp-content\/uploads\/2024\/10\/mini-laser-machine-2.jpg\" alt=\"mini m\u00e1quina a laser\" width=\"300\" height=\"225\" title=\"\" srcset=\"https:\/\/bogonglaser.com\/wp-content\/uploads\/2024\/10\/mini-laser-machine-2.jpg 300w, https:\/\/bogonglaser.com\/wp-content\/uploads\/2024\/10\/mini-laser-machine-2-16x12.jpg 16w\" sizes=\"(max-width: 300px) 100vw, 300px\" \/><figcaption id=\"caption-attachment-7426\" class=\"wp-caption-text\">mini m\u00e1quina a laser<\/figcaption><\/figure>\n<figure id=\"attachment_7428\" aria-describedby=\"caption-attachment-7428\" style=\"width: 205px\" class=\"wp-caption alignnone\"><img decoding=\"async\" class=\"size-full wp-image-7428\" src=\"https:\/\/bogonglaser.com\/wp-content\/uploads\/2024\/10\/3d-laser-marker-2-1.jpg\" alt=\"Marcador a laser 3d\" width=\"205\" height=\"300\" title=\"\" srcset=\"https:\/\/bogonglaser.com\/wp-content\/uploads\/2024\/10\/3d-laser-marker-2-1.jpg 205w, https:\/\/bogonglaser.com\/wp-content\/uploads\/2024\/10\/3d-laser-marker-2-1-8x12.jpg 8w\" sizes=\"(max-width: 205px) 100vw, 205px\" \/><figcaption id=\"caption-attachment-7428\" class=\"wp-caption-text\">Marcador a laser 3d<\/figcaption><\/figure>\n<p>A maioria dos clientes gosta de escolher o transporte por UPS\/DHL expresso, que pode chegar ao destino em cerca de 5 a 7 dias. Entre em contato com a BOGONG para obter mais detalhes sobre o gravador de metal a laser de fibra para cobre dourado de lat\u00e3o prateado.<\/p>","protected":false},"excerpt":{"rendered":"<h2>Fiber Laser Metal Engraver For Silver, Gold, Brass, Copper<\/h2>\n<p>The 50W &#8211; 100W fiber laser metal engraver cutting machine is designed for creating personalized jewelry, including rings, earrings, bracelets, pendants, necklaces, brooches, cufflinks, etc. It works with a variety of materials, such as stainless steel, titanium, aluminum, copper, brass, alloys, silver, and gold, allowing you to engrave names, logos, signs, letters, numbers, patterns, and photos. This top-quality metal laser cutter and engraving machine is now available for sale at an affordable price, making it a great option for your budget.<\/p>\n<ul class=\"tips\">\n<li>350 Sets \/ Month Waiting for Sale In Stock<\/li>\n<li>2 Years Limited Warranty for Entire Machine<\/li>\n<li>3-5 days prepare laser machine, 3-7days transport.<\/li>\n<li>Online (PayPal) &amp; Offline (T\/T, Debit &amp; Credit Cards)<\/li>\n<\/ul>\n<hr \/>\n<h4><strong>Get a Quote<\/strong><\/h4>\n<p>[contact-form-7 id=&#8221;029fbc1&#8243; title=&#8221;Products Form&#8221;]<\/p>\n","protected":false},"featured_media":1641,"template":"","meta":{"_gspb_post_css":""},"product_brand":[],"product_cat":[97,93,96],"product_tag":[102],"class_list":{"0":"post-1640","1":"product","2":"type-product","3":"status-publish","4":"has-post-thumbnail","6":"product_cat-fiber-laser-marker","7":"product_cat-laser-engraving-machine","8":"product_cat-laser-marking-machine","9":"product_tag-laser-marking-machine","11":"first","12":"instock","13":"shipping-taxable","14":"product-type-simple"},"_links":{"self":[{"href":"https:\/\/bogonglaser.com\/pt\/wp-json\/wp\/v2\/product\/1640","targetHints":{"allow":["GET"]}}],"collection":[{"href":"https:\/\/bogonglaser.com\/pt\/wp-json\/wp\/v2\/product"}],"about":[{"href":"https:\/\/bogonglaser.com\/pt\/wp-json\/wp\/v2\/types\/product"}],"wp:featuredmedia":[{"embeddable":true,"href":"https:\/\/bogonglaser.com\/pt\/wp-json\/wp\/v2\/media\/1641"}],"wp:attachment":[{"href":"https:\/\/bogonglaser.com\/pt\/wp-json\/wp\/v2\/media?parent=1640"}],"wp:term":[{"taxonomy":"product_brand","embeddable":true,"href":"https:\/\/bogonglaser.com\/pt\/wp-json\/wp\/v2\/product_brand?post=1640"},{"taxonomy":"product_cat","embeddable":true,"href":"https:\/\/bogonglaser.com\/pt\/wp-json\/wp\/v2\/product_cat?post=1640"},{"taxonomy":"product_tag","embeddable":true,"href":"https:\/\/bogonglaser.com\/pt\/wp-json\/wp\/v2\/product_tag?post=1640"}],"curies":[{"name":"wp","href":"https:\/\/api.w.org\/{rel}","templated":true}]}}