{"id":1509,"date":"2024-10-16T14:18:38","date_gmt":"2024-10-16T06:18:38","guid":{"rendered":"https:\/\/bogonglaser.com\/?post_type=product&#038;p=1509"},"modified":"2025-12-10T17:20:22","modified_gmt":"2025-12-10T09:20:22","slug":"pulse-laser-cleaning-machine","status":"publish","type":"product","link":"https:\/\/bogonglaser.com\/pt\/pulse-laser-cleaning-machine\/","title":{"rendered":"M\u00e1quina de grava\u00e7\u00e3o profunda em metal a laser de fibra para venda"},"content":{"rendered":"<p>A m\u00e1quina de grava\u00e7\u00e3o profunda a laser de fibra \u00e9 a ferramenta ideal para grava\u00e7\u00e3o profunda em uma variedade de materiais, incluindo a\u00e7o inoxid\u00e1vel, tit\u00e2nio, alum\u00ednio, lat\u00e3o e muito mais. <a href=\"https:\/\/bogonglaser.com\/pt\/\">BOGONG<\/a> O gravador de metal a laser de fibra 50w 60w n\u00e3o s\u00f3 \u00e9 excelente em grava\u00e7\u00e3o, mas tamb\u00e9m \u00e9 capaz de cortar metais finos. Agora voc\u00ea pode adquirir essa avan\u00e7ada m\u00e1quina de grava\u00e7\u00e3o de metal a laser por um pre\u00e7o acess\u00edvel.<\/p>\n<figure id=\"attachment_7453\" aria-describedby=\"caption-attachment-7453\" style=\"width: 300px\" class=\"wp-caption alignnone\"><img decoding=\"async\" class=\"size-medium wp-image-7453\" src=\"https:\/\/bogonglaser.com\/wp-content\/uploads\/2024\/10\/deep-engraving-machine-2-300x225.jpg\" alt=\"m\u00e1quina de grava\u00e7\u00e3o profunda\" width=\"300\" height=\"225\" title=\"\" srcset=\"https:\/\/bogonglaser.com\/wp-content\/uploads\/2024\/10\/deep-engraving-machine-2-300x225.jpg 300w, https:\/\/bogonglaser.com\/wp-content\/uploads\/2024\/10\/deep-engraving-machine-2-600x450.jpg 600w, https:\/\/bogonglaser.com\/wp-content\/uploads\/2024\/10\/deep-engraving-machine-2-768x576.jpg 768w, https:\/\/bogonglaser.com\/wp-content\/uploads\/2024\/10\/deep-engraving-machine-2-16x12.jpg 16w, https:\/\/bogonglaser.com\/wp-content\/uploads\/2024\/10\/deep-engraving-machine-2.jpg 800w\" sizes=\"(max-width: 300px) 100vw, 300px\" \/><figcaption id=\"caption-attachment-7453\" class=\"wp-caption-text\">m\u00e1quina de grava\u00e7\u00e3o profunda<\/figcaption><\/figure>\n<p>O termo \"grava\u00e7\u00e3o\" inclui dois tipos principais: grava\u00e7\u00e3o rasa e grava\u00e7\u00e3o profunda. Quando as pessoas falam sobre \"grava\u00e7\u00e3o a laser\", geralmente se referem \u00e0 grava\u00e7\u00e3o superficial. Embora a grava\u00e7\u00e3o profunda e a grava\u00e7\u00e3o a laser tenham semelhan\u00e7as, elas n\u00e3o s\u00e3o a mesma coisa.<\/p>\n<p>Em v\u00e1rias aplica\u00e7\u00f5es tecnol\u00f3gicas, h\u00e1 algumas exig\u00eancias de grava\u00e7\u00e3o profunda, como moldes, armas de fogo, joias, pe\u00e7as automotivas e metais como a\u00e7o, cer\u00e2mica, ouro, prata, cobre e alum\u00ednio, bem como materiais mais novos como carbeto de sil\u00edcio e ligas de n\u00edquel-cromo, \u00e9 essencial remover profundamente a camada externa.<\/p>\n<p>O processamento t\u00e9rmico a laser oferece precis\u00e3o em n\u00edvel de m\u00edcron, uma fonte de laser de alta qualidade, combinada com o cabe\u00e7ote e o software de galvanoplastia a laser, torna realidade o seu sonho de personaliza\u00e7\u00e3o.<\/p>\n<figure id=\"attachment_7454\" aria-describedby=\"caption-attachment-7454\" style=\"width: 300px\" class=\"wp-caption alignnone\"><img decoding=\"async\" class=\"size-medium wp-image-7454\" src=\"https:\/\/bogonglaser.com\/wp-content\/uploads\/2024\/10\/deep-engraving-machine-1-300x225.jpg\" alt=\"m\u00e1quina de grava\u00e7\u00e3o profunda\" width=\"300\" height=\"225\" title=\"\" srcset=\"https:\/\/bogonglaser.com\/wp-content\/uploads\/2024\/10\/deep-engraving-machine-1-300x225.jpg 300w, https:\/\/bogonglaser.com\/wp-content\/uploads\/2024\/10\/deep-engraving-machine-1-600x450.jpg 600w, https:\/\/bogonglaser.com\/wp-content\/uploads\/2024\/10\/deep-engraving-machine-1-768x576.jpg 768w, https:\/\/bogonglaser.com\/wp-content\/uploads\/2024\/10\/deep-engraving-machine-1-16x12.jpg 16w, https:\/\/bogonglaser.com\/wp-content\/uploads\/2024\/10\/deep-engraving-machine-1.jpg 800w\" sizes=\"(max-width: 300px) 100vw, 300px\" \/><figcaption id=\"caption-attachment-7454\" class=\"wp-caption-text\">m\u00e1quina de grava\u00e7\u00e3o profunda<\/figcaption><\/figure>\n<p>A grava\u00e7\u00e3o profunda a laser \u00e9 um processo de marca\u00e7\u00e3o que utiliza um laser de fibra e tecnologia avan\u00e7ada. Isso melhora a pot\u00eancia e a qualidade do laser, permitindo que ele transforme rapidamente o metal em g\u00e1s, reduzindo os danos causados pelo calor nas \u00e1reas pr\u00f3ximas. Com uma alta taxa de repeti\u00e7\u00e3o, os contornos das letras e dos desenhos ficam mais n\u00edtidos e limpos, com menos rugosidade e uma textura de fundo agrad\u00e1vel. Esse m\u00e9todo pode concluir em uma \u00fanica etapa o que normalmente exigiria muitas etapas nos processos de corros\u00e3o tradicionais. Al\u00e9m disso, ele n\u00e3o precisa de nenhum material ou produto qu\u00edmico adicional, o que o torna econ\u00f4mico.<\/p>\n<p>A profundidade e a velocidade da grava\u00e7\u00e3o dependem de v\u00e1rios fatores:<\/p>\n<ul>\n<li><strong>Tipo de metal:<\/strong> Metais diferentes se comportam de maneira diferente durante a grava\u00e7\u00e3o. Por exemplo, o alum\u00ednio tem o ponto de fus\u00e3o mais baixo, portanto, grava mais rapidamente.<\/li>\n<li><strong>Largura do pulso:<\/strong> Um pulso mais amplo significa uma grava\u00e7\u00e3o mais r\u00e1pida, mas um sombreamento mais \u00e1spero. Um pulso menor funciona mais lentamente, mas proporciona um sombreamento mais fino. A escolha da largura de pulso correta \u00e9 importante para equilibrar velocidade e qualidade.<\/li>\n<li><strong>Fonte de laser:<\/strong> O tipo de laser usado afeta o grau de absor\u00e7\u00e3o da luz, portanto, \u00e9 importante considerar a marca e seu or\u00e7amento.<\/li>\n<li><strong>Pot\u00eancia do laser:<\/strong> Uma pot\u00eancia de laser mais alta geralmente significa uma grava\u00e7\u00e3o mais profunda se as outras condi\u00e7\u00f5es permanecerem as mesmas.<\/li>\n<li><strong>Tempo de grava\u00e7\u00e3o:<\/strong> O processo de grava\u00e7\u00e3o requer v\u00e1rias passagens. Quanto mais tempo voc\u00ea passar gravando, mais profundo ser\u00e1 o resultado.<\/li>\n<li><strong>Condi\u00e7\u00e3o da superf\u00edcie:<\/strong> A textura da superf\u00edcie do metal \u00e9 importante. Superf\u00edcies lisas, brilhantes ou tratadas (como as anodizadas ou revestidas) reagem de forma diferente ao laser, afetando os resultados finais.<\/li>\n<li><strong>Faixa de varredura:<\/strong> A \u00f3ptica do laser determina o alcance da varredura. Um alcance maior pode tornar a grava\u00e7\u00e3o mais dif\u00edcil e mais lenta.<\/li>\n<\/ul>\n<p>&nbsp;<\/p>\n<h3>Qual \u00e9 a profundidade m\u00e1xima da grava\u00e7\u00e3o a laser?<\/h3>\n<p>A profundidade da m\u00e1quina de grava\u00e7\u00e3o a laser pode chegar a 1 mm ou mais, se voc\u00ea dedicar mais tempo a ela, escolher uma m\u00e1quina de maior pot\u00eancia a laser pode ajud\u00e1-lo a economizar mais tempo.<\/p>\n<h4>Qual \u00e9 o melhor laser para grava\u00e7\u00e3o profunda em metal?<\/h4>\n<p>O laser de fibra pode fazer grava\u00e7\u00f5es profundas em metal. Se voc\u00ea quiser obter um resultado melhor em termos de sombreamento, ser\u00e1 uma boa ideia escolher uma mopa de fibra.<\/p>\n<p><iframe title=\"He Said It&#039;s Amazing 60W MOPA Fiber Laser Engraver | Trabalho de grava\u00e7\u00e3o profunda em metal\" width=\"1290\" height=\"726\" src=\"https:\/\/www.youtube.com\/embed\/7wAJLwkef5M?feature=oembed\" frameborder=\"0\" allow=\"accelerometer; autoplay; clipboard-write; encrypted-media; gyroscope; picture-in-picture; web-share\" referrerpolicy=\"strict-origin-when-cross-origin\" allowfullscreen><\/iframe><\/p>\n<p><iframe title=\"Trabalho incr\u00edvel da m\u00e1quina de grava\u00e7\u00e3o a laser BOGONG | Gravador a laser de fibra\" width=\"1290\" height=\"726\" src=\"https:\/\/www.youtube.com\/embed\/Y15fta5gyZo?feature=oembed\" frameborder=\"0\" allow=\"accelerometer; autoplay; clipboard-write; encrypted-media; gyroscope; picture-in-picture; web-share\" referrerpolicy=\"strict-origin-when-cross-origin\" allowfullscreen><\/iframe><\/p>\n<h3>Como escolher a m\u00e1quina de grava\u00e7\u00e3o a laser profunda certa<\/h3>\n<p>Ao selecionar uma m\u00e1quina para seu projeto de grava\u00e7\u00e3o, \u00e9 importante considerar a profundidade da grava\u00e7\u00e3o, o material com o qual voc\u00ea trabalhar\u00e1 e o tamanho da marca. Aqui est\u00e3o cinco fatores principais que voc\u00ea deve ter em mente: velocidade, pot\u00eancia, tempo de grava\u00e7\u00e3o e material.<\/p>\n<p>Vamos detalhar cada fator e entender sua import\u00e2ncia.<\/p>\n<p><strong>Velocidade<\/strong><br \/>\nA velocidade \u00e9 frequentemente confundida com a frequ\u00eancia, mas elas n\u00e3o s\u00e3o a mesma coisa. A frequ\u00eancia se refere a quantas vezes o feixe de laser atinge o alvo em um per\u00edodo de tempo espec\u00edfico, enquanto a velocidade indica por quanto tempo o feixe permanece focado no alvo. Em geral, se voc\u00ea quiser uma grava\u00e7\u00e3o mais profunda, precisar\u00e1 de uma velocidade mais lenta. No entanto, esteja ciente de que uma velocidade mais lenta n\u00e3o \u00e9 o \u00fanico fator que afeta a profundidade.<\/p>\n<p><strong>Pot\u00eancia<\/strong><br \/>\nUma pot\u00eancia maior significa que o laser gera energia mais intensa, o que pode resultar em grava\u00e7\u00f5es mais profundas. Mas, assim como a velocidade, esse resultado pode mudar com base em outros fatores em jogo.<\/p>\n<p><strong>Tempo de grava\u00e7\u00e3o<\/strong><br \/>\nA grava\u00e7\u00e3o profunda leva mais tempo. O laser precisa direcionar a energia para o alvo por mais tempo para vaporizar mais profundamente o material. Pense nisso como serrar um peda\u00e7o de madeira; quanto mais tempo voc\u00ea cortar, mais fundo poder\u00e1 ir.<\/p>\n<p><strong>Materiais<\/strong><br \/>\nSelecione sua m\u00e1quina de grava\u00e7\u00e3o a laser de acordo com o material que estiver usando. Como regra geral, os lasers de fibra funcionam melhor para metais, enquanto os lasers de CO2 s\u00e3o ideais para madeira. O uso do tipo errado de laser pode levar a resultados ruins de grava\u00e7\u00e3o.<\/p>\n<h3>Precisa de ajuda para escolher uma m\u00e1quina de grava\u00e7\u00e3o a laser profunda?<\/h3>\n<p>A grava\u00e7\u00e3o a laser profunda \u00e9 uma forma especializada de grava\u00e7\u00e3o que requer configura\u00e7\u00f5es diferentes em compara\u00e7\u00e3o com a grava\u00e7\u00e3o padr\u00e3o. No entanto, voc\u00ea n\u00e3o precisa necessariamente de uma m\u00e1quina diferente para essa finalidade. Na BOGONG LASER, nossas m\u00e1quinas de marca\u00e7\u00e3o a laser s\u00e3o projetadas para lidar com grava\u00e7\u00f5es rasas e profundas, gra\u00e7as \u00e0s suas configura\u00e7\u00f5es avan\u00e7adas e ao ponto focal de ajuste autom\u00e1tico.<\/p>\n<p>Se voc\u00ea precisa de uma m\u00e1quina para rastreabilidade, logotipos ou preenchimento, nossa equipe est\u00e1 aqui para ouvir suas necessidades e desafios. N\u00f3s o ajudaremos a selecionar uma m\u00e1quina a laser que se destaque em seu projeto atual e seja constru\u00edda para durar em seus projetos futuros.<\/p>\n<p>Entre em contato com nossa equipe hoje mesmo para discutir a profundidade de grava\u00e7\u00e3o desejada, os requisitos do projeto e os materiais.<\/p>\n<h4>Recurso do dispositivo BOGONG:<\/h4>\n<ul>\n<li><strong>Instala\u00e7\u00e3o simples e r\u00e1pida:<\/strong> Conecta-se facilmente ao seu computador via USB.<\/li>\n<li><strong>Custo-benef\u00edcio:<\/strong> Desfrute de um alto retorno sobre o investimento com baixo consumo de energia, abaixo de 500 W, que \u00e9 um d\u00e9cimo do consumo dos lasers tradicionais de bombeamento de luz.<\/li>\n<li><strong>N\u00e3o requer manuten\u00e7\u00e3o:<\/strong> N\u00e3o h\u00e1 necessidade de manuten\u00e7\u00e3o do laser.<\/li>\n<li><strong>Vida \u00fatil prolongada:<\/strong> O <a href=\"https:\/\/bogonglaser.com\/pt\/laser-engraving-machine\/\">m\u00e1quina de grava\u00e7\u00e3o de metal a laser<\/a> usa um diodo de laser como fonte de bombeamento, oferecendo uma vida \u00fatil de at\u00e9 100.000 horas.<\/li>\n<\/ul>\n<p>&nbsp;<\/p>\n<h3>Aplica\u00e7\u00f5es das m\u00e1quinas de grava\u00e7\u00e3o profunda a laser de fibra<\/h3>\n<p>As m\u00e1quinas de grava\u00e7\u00e3o profunda a laser de fibra s\u00e3o ferramentas vers\u00e1teis usadas para marca\u00e7\u00e3o e grava\u00e7\u00e3o em uma ampla variedade de materiais. Elas s\u00e3o particularmente eficazes em metais, incluindo a\u00e7o inoxid\u00e1vel, alum\u00ednio, ligas, lat\u00e3o, prata, ouro, tit\u00e2nio e ferro. Al\u00e9m disso, essas m\u00e1quinas tamb\u00e9m podem ser usadas em superf\u00edcies n\u00e3o met\u00e1licas. As aplica\u00e7\u00f5es comuns incluem:<\/p>\n<ul>\n<li>Armas e armas de fogo<\/li>\n<li>An\u00e9is e joias<\/li>\n<li>Rolamentos e engrenagens<\/li>\n<li>Pe\u00e7as automotivas<\/li>\n<li>Hardware e ferramentas<\/li>\n<li>Componentes aeroespaciais<\/li>\n<li>Chips de circuito integrado<\/li>\n<li>Acess\u00f3rios para computadores<\/li>\n<li>Rel\u00f3gios<\/li>\n<li>Dispositivos eletr\u00f4nicos e de comunica\u00e7\u00e3o<\/li>\n<li>Eletrodom\u00e9sticos<\/li>\n<li>Fios e cabos<\/li>\n<li>Adornos como colares e pulseiras<\/li>\n<\/ul>\n<p>These machines are also capable of cutting thin metals such as stainless steel, aluminum, alloys, brass, silver, gold, and titanium.Contact with BOGONG team to get newest price.<\/p>","protected":false},"excerpt":{"rendered":"<h2>M\u00e1quina de grava\u00e7\u00e3o profunda em metal a laser de fibra para venda<\/h2>\n<p>A m\u00e1quina de grava\u00e7\u00e3o profunda a laser de fibra \u00e9 a ferramenta ideal para grava\u00e7\u00e3o profunda em uma variedade de materiais, incluindo a\u00e7o inoxid\u00e1vel, tit\u00e2nio, alum\u00ednio, lat\u00e3o e muito mais. O gravador de metal a laser de fibra BOGONG 50w 60w n\u00e3o s\u00f3 se destaca na grava\u00e7\u00e3o, mas tamb\u00e9m \u00e9 capaz de cortar metais finos. Agora voc\u00ea pode adquirir essa avan\u00e7ada m\u00e1quina de grava\u00e7\u00e3o de metal a laser por um pre\u00e7o acess\u00edvel.<\/p>\n<ul class=\"tips\">\n<li>180 conjuntos \/ m\u00eas em espera para venda Em estoque<\/li>\n<li>Garantia limitada de 2 anos para toda a m\u00e1quina<\/li>\n<li>1-2 dias de manuseio e 7-30 dias de remessa<\/li>\n<li>Garantia de 30 dias de devolu\u00e7\u00e3o do dinheiro para sua compra<\/li>\n<li>Online (PayPal) e offline (T\/T, cart\u00f5es de d\u00e9bito e cr\u00e9dito)<\/li>\n<\/ul>","protected":false},"featured_media":1625,"template":"","meta":{"_gspb_post_css":""},"product_brand":[],"product_cat":[97,93,96],"product_tag":[102],"class_list":{"0":"post-1509","1":"product","2":"type-product","3":"status-publish","4":"has-post-thumbnail","6":"product_cat-fiber-laser-marker","7":"product_cat-laser-engraving-machine","8":"product_cat-laser-marking-machine","9":"product_tag-laser-marking-machine","11":"first","12":"instock","13":"shipping-taxable","14":"product-type-simple"},"_links":{"self":[{"href":"https:\/\/bogonglaser.com\/pt\/wp-json\/wp\/v2\/product\/1509","targetHints":{"allow":["GET"]}}],"collection":[{"href":"https:\/\/bogonglaser.com\/pt\/wp-json\/wp\/v2\/product"}],"about":[{"href":"https:\/\/bogonglaser.com\/pt\/wp-json\/wp\/v2\/types\/product"}],"wp:featuredmedia":[{"embeddable":true,"href":"https:\/\/bogonglaser.com\/pt\/wp-json\/wp\/v2\/media\/1625"}],"wp:attachment":[{"href":"https:\/\/bogonglaser.com\/pt\/wp-json\/wp\/v2\/media?parent=1509"}],"wp:term":[{"taxonomy":"product_brand","embeddable":true,"href":"https:\/\/bogonglaser.com\/pt\/wp-json\/wp\/v2\/product_brand?post=1509"},{"taxonomy":"product_cat","embeddable":true,"href":"https:\/\/bogonglaser.com\/pt\/wp-json\/wp\/v2\/product_cat?post=1509"},{"taxonomy":"product_tag","embeddable":true,"href":"https:\/\/bogonglaser.com\/pt\/wp-json\/wp\/v2\/product_tag?post=1509"}],"curies":[{"name":"wp","href":"https:\/\/api.w.org\/{rel}","templated":true}]}}