{"id":2082,"date":"2024-12-03T20:17:51","date_gmt":"2024-12-03T12:17:51","guid":{"rendered":"https:\/\/bogonglaser.com\/?page_id=2082"},"modified":"2026-01-06T15:59:37","modified_gmt":"2026-01-06T07:59:37","slug":"co2-laser-cutting-machine","status":"publish","type":"page","link":"https:\/\/bogonglaser.com\/pt\/laser-cutting-machine\/co2-laser-cutting-machine\/","title":{"rendered":"M\u00e1quina de corte a laser CO2"},"content":{"rendered":"<div class=\"wp-block-greenshift-blocks-row alignfull gspb_row gspb_row-id-gsbp-7322445\" id=\"gspb_row-id-gsbp-7322445\"><div class=\"gspb_row__content\"> \n<div class=\"wp-block-greenshift-blocks-row-column gspb_row__col--12 gspb_row__col--md-12 gspb_col-id-gsbp-b31fa70\" id=\"gspb_col-id-gsbp-b31fa70\">\n<h1 id=\"gspb_heading-id-gsbp-756666d\" class=\"gspb_heading gspb_heading-id-gsbp-756666d\">M\u00e1quina de corte a laser CO2<\/h1>\n\n\n<\/div>\n <\/div><\/div>\n\n\n\n<div class=\"wp-block-greenshift-blocks-row alignfull gspb_row gspb_row-id-gsbp-0e3373f\" id=\"gspb_row-id-gsbp-0e3373f\"><div class=\"gspb_row__content\"> \n<div class=\"wp-block-greenshift-blocks-row-column gspb_row__col--12 gspb_col-id-gsbp-eb547dc\" id=\"gspb_col-id-gsbp-eb547dc\">\n<div id=\"gspb_text-id-gsbp-4297e85\" class=\"gspb_text gspb_text-id-gsbp-4297e85\">Lasers de CO2 para grava\u00e7\u00e3o e corte precisos<br>Nosso\u00a0<a href=\"https:\/\/bogonglaser.com\/pt\/laser-cutting-machine\/co2-laser-cutting-machine\/\">Cortadores a laser de CO2<\/a>\u00a0s\u00e3o ideais para gravar seus desenhos favoritos em acr\u00edlico, madeira fina e uma variedade de outros materiais.<\/div>\n\n\n\n<div id=\"gspb_text-id-gsbp-89305d7\" class=\"gspb_text gspb_text-id-gsbp-89305d7\"><strong>O que \u00e9 uma m\u00e1quina de corte a laser de CO2?<\/strong><\/div>\n\n\n\n<div id=\"gspb_text-id-gsbp-017ad58\" class=\"gspb_text gspb_text-id-gsbp-017ad58\"><a href=\"https:\/\/bogonglaser.com\/pt\/\">Laser BOGONG<\/a>\u00a0oferece uma linha diversificada de m\u00e1quinas de corte e grava\u00e7\u00e3o a laser adaptadas a v\u00e1rias finalidades e setores. Se voc\u00ea precisa de um cortador ou gravador a laser, temos op\u00e7\u00f5es com diferentes espa\u00e7os de trabalho, gravadores de itens cil\u00edndricos, mesas de trabalho ajust\u00e1veis, mesas intercambi\u00e1veis autom\u00e1ticas duplas, mesas de trabalho com esteira e tubos de laser de CO2 dispon\u00edveis em configura\u00e7\u00f5es simples, duplas ou qu\u00e1druplas. Tamb\u00e9m fornecemos marcadores e gravadores de fibra \u00f3ptica, cortadores de metal a laser, bem como modelos de mesa para amadores e uso dom\u00e9stico, incluindo m\u00e1quinas especializadas para madeira e muito mais.<br>Em nossa linha de tecnologia CO2, oferecemos op\u00e7\u00f5es de pot\u00eancia que variam de 60W a 180W, al\u00e9m de gravadores e marcadores de fibra \u00f3ptica com pot\u00eancias de 20W, 30W, 50W, 100W, 200W e 300W, bem como cortadores de metal de fibra \u00f3ptica entre 500W e 40000W. Com uma sele\u00e7\u00e3o t\u00e3o ampla, voc\u00ea certamente encontrar\u00e1 a m\u00e1quina certa para atender \u00e0s suas necessidades.<\/div>\n\n\n<div class=\"woocommerce columns-4\"><ul class=\"products columns-4\" data-products=\"type-1\">\n<li class=\"product type-product post-2079 status-publish first instock product_cat-co2-laser-cutter product_cat-laser-cutting-machine product_tag-co2-laser-cutting-machine has-post-thumbnail shipping-taxable product-type-simple\">\n\t<a href=\"https:\/\/bogonglaser.com\/pt\/co2-laser-engraver-cutter\/\" class=\"woocommerce-LoopProduct-link woocommerce-loop-product__link\"><img decoding=\"async\" width=\"300\" height=\"300\" src=\"https:\/\/bogonglaser.com\/wp-content\/uploads\/2024\/12\/1290-2--300x300.jpg\" class=\"attachment-woocommerce_thumbnail size-woocommerce_thumbnail\" alt=\"cortador a laser co2\" srcset=\"https:\/\/bogonglaser.com\/wp-content\/uploads\/2024\/12\/1290-2--300x300.jpg 300w, https:\/\/bogonglaser.com\/wp-content\/uploads\/2024\/12\/1290-2--100x100.jpg 100w, https:\/\/bogonglaser.com\/wp-content\/uploads\/2024\/12\/1290-2--150x150.jpg 150w, https:\/\/bogonglaser.com\/wp-content\/uploads\/2024\/12\/1290-2-.jpg 600w\" sizes=\"(max-width: 300px) 100vw, 300px\" title=\"\"><h2 class=\"woocommerce-loop-product__title\">Cortador de gravador a laser CO2<\/h2>\n<\/a><a href=\"https:\/\/bogonglaser.com\/pt\/co2-laser-engraver-cutter\/\" aria-describedby=\"woocommerce_loop_add_to_cart_link_describedby_2079\" data-quantity=\"1\" class=\"button product_type_simple\" data-product_id=\"2079\" data-product_sku=\"\" aria-label=\"Leia mais sobre \u201cCO2 Laser Engraver Cutter\u201d\" rel=\"nofollow\" data-success_message=\"\" data-no-translation=\"\" data-trp-gettext=\"\" data-no-translation-aria-label=\"\">Leia mais<\/a>\t<span id=\"woocommerce_loop_add_to_cart_link_describedby_2079\" class=\"screen-reader-text\">\n\t\t\t<\/span>\n<\/li>\n<\/ul>\n<\/div>\n\n\n\n<h2 id=\"gspb_heading-id-gsbp-89679cd\" class=\"gspb_heading gspb_heading-id-gsbp-89679cd\">ESCOLHA SUA M\u00c1QUINA DE GRAVA\u00c7\u00c3O A LASER PERFEITA PARA INICIANTES E PROFISSIONAIS<\/h2>\n\n\n\n<div id=\"gspb_text-id-gsbp-4671c87\" class=\"gspb_text gspb_text-id-gsbp-4671c87\">Vantagens do produto<br>1. O avan\u00e7ado sistema de controle Ruida garante uma opera\u00e7\u00e3o f\u00e1cil de usar e suporta v\u00e1rios idiomas.<br>2. Nossa tecnologia de ponta oferece excepcional precis\u00e3o de grava\u00e7\u00e3o e digitaliza\u00e7\u00e3o, permitindo a grava\u00e7\u00e3o n\u00edtida de texto de 1 mm.<br>3. Equipada com trilhos-guia de Taiwan e correias de alta qualidade, a m\u00e1quina proporciona grava\u00e7\u00e3o e corte suaves com excelente precis\u00e3o.<br>4. Escolha entre v\u00e1rias plataformas de processamento, com a op\u00e7\u00e3o de incluir mesas elevat\u00f3rias el\u00e9tricas.<br>5. Um acess\u00f3rio rotativo opcional est\u00e1 dispon\u00edvel para o processamento eficiente de objetos cil\u00edndricos.<\/div>\n<\/div>\n <\/div><\/div>\n\n\n\n<div class=\"wp-block-greenshift-blocks-row gspb_row gspb_row-id-gsbp-ec14372\" id=\"gspb_row-id-gsbp-ec14372\"><div class=\"gspb_row__content\"> \n<div class=\"wp-block-greenshift-blocks-row-column gspb_row__col--6 gspb_col-id-gsbp-6618169\" id=\"gspb_col-id-gsbp-6618169\">\n<div id=\"gspb_text-id-gsbp-fca40fd\" class=\"gspb_text gspb_text-id-gsbp-fca40fd\">ENTRE EM CONTATO<\/div>\n\n\n\n<h2 id=\"gspb_heading-id-gsbp-a8e54c7\" class=\"gspb_heading gspb_heading-id-gsbp-a8e54c7\"><strong>ENTRE EM CONTATO COM A BOGONG<\/strong><\/h2>\n\n\n\n<div id=\"gspb_text-id-gsbp-519b848\" class=\"gspb_text gspb_text-id-gsbp-519b848\">Se estiver interessado em nossa m\u00e1quina de corte a laser de fibra, nossa equipe da Bogong Laser est\u00e1 aqui para oferecer consultoria profissional e solu\u00e7\u00f5es sob medida. Entre em contato hoje mesmo para discutir os requisitos espec\u00edficos de sua m\u00e1quina a laser e receba suporte especializado da Bogong Laser.<\/div>\n<\/div>\n\n\n\n<div class=\"wp-block-greenshift-blocks-row-column gspb_row__col--6 gspb_col-id-gsbp-8df49bf\" id=\"gspb_col-id-gsbp-8df49bf\"><div class='fluentform ff-inherit-theme-style fluentform_wrapper_3  ff_guten_block ff_guten_block-3'><form data-form_id=\"3\" id=\"fluentform_3\" class=\"frm-fluent-form fluent_form_3 ff-el-form-top ff_form_instance_3_1 ff-form-loading ffs_inherit_theme\" data-form_instance=\"ff_form_instance_3_1\" method=\"POST\" data-turnstile_key=\"0x4AAAAAACN7Bn4ueLI7W66p\" action=\"\" ><fieldset  style=\"border: none!important;margin: 0!important;padding: 0!important;background-color: transparent!important;box-shadow: none!important;outline: none!important; min-inline-size: 100%;\">\n                    <legend class=\"ff_screen_reader_title\" style=\"display: block; margin: 0!important;padding: 0!important;height: 0!important;text-indent: -999999px;width: 0!important;overflow:hidden;\">Entre em contato conosco<\/legend><input type='hidden' name='__fluent_form_embded_post_id' value='2082' \/><input type=\"hidden\" id=\"_fluentform_3_fluentformnonce\" name=\"_fluentform_3_fluentformnonce\" value=\"b4de1fa07b\" \/><input type=\"hidden\" name=\"_wp_http_referer\" value=\"\/pt\/wp-json\/wp\/v2\/pages\/2082\" \/><div data-name=\"ff_cn_id_1\"  class='ff-t-container ff-column-container ff_columns_total_1'><div class='ff-t-cell ff-t-column-1' style='flex-basis: 100%;'><div class='ff-el-group'><div class=\"ff-el-input--label asterisk-right\"><label for='ff_3_input_text' id='label_ff_3_input_text' aria-label=\"Seu nome\">Seu nome<\/label><\/div><div class='ff-el-input--content'><input type=\"text\" name=\"input_text\" class=\"ff-el-form-control\" data-name=\"input_text\" id=\"ff_3_input_text\"  aria-invalid=\"false\" aria-required=\"false\"><\/div><\/div><div class='ff-el-group'><div class=\"ff-el-input--label ff-el-is-required asterisk-right\"><label for='ff_3_input_text_3' id='label_ff_3_input_text_3' aria-label=\"Seu e-mail\">Seu e-mail<\/label><\/div><div class='ff-el-input--content'><input type=\"text\" name=\"input_text_3\" class=\"ff-el-form-control\" data-name=\"input_text_3\" id=\"ff_3_input_text_3\"  aria-invalid=\"false\" aria-required=\"true\"><\/div><\/div><div class='ff-el-group'><div class=\"ff-el-input--label asterisk-right\"><label for='ff_3_input_text_2' id='label_ff_3_input_text_2' aria-label=\"Seu telefone ou WhatsApp\">Seu telefone ou WhatsApp<\/label><\/div><div class='ff-el-input--content'><input type=\"text\" name=\"input_text_2\" class=\"ff-el-form-control\" data-name=\"input_text_2\" id=\"ff_3_input_text_2\"  aria-invalid=\"false\" aria-required=\"false\"><\/div><\/div><div class='ff-el-group'><div class=\"ff-el-input--label asterisk-right\"><label for='ff_3_input_text_1' id='label_ff_3_input_text_1' aria-label=\"Assunto\">Assunto<\/label><\/div><div class='ff-el-input--content'><input type=\"text\" name=\"input_text_1\" class=\"ff-el-form-control\" data-name=\"input_text_1\" id=\"ff_3_input_text_1\"  aria-invalid=\"false\" aria-required=\"false\"><\/div><\/div><\/div><\/div><div data-name=\"ff_cn_id_2\"  class='ff-t-container ff-column-container ff_columns_total_1'><div class='ff-t-cell ff-t-column-1' style='flex-basis: 100%;'><div class='ff-el-group'><div class=\"ff-el-input--label asterisk-right\"><label for='ff_3_description' id='label_ff_3_description' aria-label=\"Sua mensagem\">Sua mensagem<\/label><\/div><div class='ff-el-input--content'><textarea aria-required=\"false\" aria-labelledby=\"label_ff_3_description\" name=\"description\" id=\"ff_3_description\" class=\"ff-el-form-control\" rows=\"6\" cols=\"2\" data-name=\"description\" ><\/textarea><\/div><\/div><\/div><\/div><div class='ff-el-group' ><div class='ff-el-input--content'><div data-fluent_id='3' name='cf-turnstile-response'><div\n\t\tdata-sitekey='0x4AAAAAACN7Bn4ueLI7W66p'\n\t\tdata-theme='auto'\n\t\tid='fluentform-turnstile-3-1'\n\t\tclass='ff-el-turnstile cf-turnstile'\n\t\tdata-appearance='execute'><\/div><\/div><\/div><\/div><div class='ff-el-group ff-text-left ff_submit_btn_wrapper'><button type=\"submit\" class=\"ff-btn ff-btn-submit ff-btn-md ff_btn_no_style\"  aria-label=\"Enviar formul\u00e1rio\">Enviar formul\u00e1rio<\/button><\/div><\/fieldset><input type=\"hidden\" name=\"trp-form-language\" value=\"pt\"\/><\/form><div id='fluentform_3_errors' class='ff-errors-in-stack ff_form_instance_3_1 ff-form-loading_errors ff_form_instance_3_1_errors'><\/div><\/div>            <script type=\"text\/javascript\">\n                window.fluent_form_ff_form_instance_3_1 = {\"id\":\"3\",\"settings\":{\"layout\":{\"labelPlacement\":\"top\",\"asteriskPlacement\":\"asterisk-right\",\"helpMessagePlacement\":\"with_label\",\"errorMessagePlacement\":\"inline\",\"cssClassName\":\"\"},\"restrictions\":{\"denyEmptySubmission\":{\"enabled\":false}}},\"form_instance\":\"ff_form_instance_3_1\",\"form_id_selector\":\"fluentform_3\",\"rules\":{\"input_text\":{\"required\":{\"value\":false,\"message\":\"Este campo \\u00e9 obrigat\\u00f3rio\",\"global_message\":\"\\u8fd9\\u662f\\u5fc5\\u586b\\u680f\",\"global\":true}},\"input_text_3\":{\"required\":{\"value\":true,\"message\":\"Este campo \\u00e9 obrigat\\u00f3rio\",\"global_message\":\"\\u8fd9\\u662f\\u5fc5\\u586b\\u680f\",\"global\":true}},\"input_text_2\":{\"required\":{\"value\":false,\"message\":\"Este campo \\u00e9 obrigat\\u00f3rio\",\"global_message\":\"\\u8fd9\\u662f\\u5fc5\\u586b\\u680f\",\"global\":true}},\"input_text_1\":{\"required\":{\"value\":false,\"message\":\"Este campo \\u00e9 obrigat\\u00f3rio\",\"global_message\":\"\\u8fd9\\u662f\\u5fc5\\u586b\\u680f\",\"global\":true}},\"description\":{\"required\":{\"value\":false,\"message\":\"Este campo \\u00e9 obrigat\\u00f3rio\",\"global_message\":\"\\u8fd9\\u662f\\u5fc5\\u586b\\u680f\",\"global\":true}},\"cf-turnstile-response\":[]},\"debounce_time\":300};\n                            <\/script>\n            <\/div>\n <\/div><\/div>\n\n\n\n<p><\/p>","protected":false},"excerpt":{"rendered":"","protected":false},"author":1,"featured_media":2090,"parent":1618,"menu_order":0,"comment_status":"closed","ping_status":"closed","template":"","meta":{"_gspb_post_css":"#gspb_row-id-gsbp-7322445{justify-content:space-between;margin-bottom:0;display:flex;flex-wrap:wrap;margin-top:-50px;padding-top:8rem;padding-right:rem;padding-bottom:10rem;padding-left:rem;overflow:hidden}#gspb_row-id-gsbp-7322445>.gspb_row__content{display:flex;justify-content:space-between;margin:0 auto;width:100%;flex-wrap:wrap}div[id^=gspb_col-id]{box-sizing:border-box;position:relative;padding:var(--gs-row-column-padding, 15px min(3vw, 20px))}body.gspb-bodyfront #gspb_row-id-gsbp-7322445>.gspb_row__content{width:var(--theme-container-width, 1200px);max-width:var(--theme-normal-container-max-width, 1200px)}@media (max-width:991.98px){#gspb_row-id-gsbp-7322445{padding-bottom:15rem}}@media (max-width:575.98px){#gspb_row-id-gsbp-7322445{padding-top:3rem}}#gspb_row-id-gsbp-7322445{color:#fff;background-color:#18181b;background-position:24% 65%;background-image:url(https:\/\/bogonglaser.com\/wp-content\/uploads\/2025\/12\/fiber-laser-cutting-machine-1.jpg);perspective:1000px}#gspb_col-id-gsbp-b31fa70.gspb_row__col--12{width:100%}@media (max-width:991.98px){#gspb_col-id-gsbp-b31fa70.gspb_row__col--12{width:100%}}@media (max-width:575.98px){#gspb_col-id-gsbp-b31fa70.gspb_row__col--12{width:100%}}body.gspb-bodyfront #gspb_col-id-gsbp-b31fa70.gspb_row__col--12{z-index:1000}body #gspb_col-id-gsbp-b31fa70.gspb_row__col--12{display:flex;flex-direction:column;row-gap:2rem}@media (max-width:991.98px){body #gspb_col-id-gsbp-b31fa70.gspb_row__col--12{justify-content:center;align-items:center}}#gspb_heading-id-gsbp-756666d{font-size:clamp(2.2rem,4.3vw,3.2rem);line-height:clamp(2.75rem,4.7vw,3.5rem);text-align:center!important}#gspb_heading-id-gsbp-756666d .gsap-g-line{text-align:center!important}@media (max-width:991.98px){#gspb_heading-id-gsbp-756666d,#gspb_heading-id-gsbp-756666d .gsap-g-line{text-align:center!important}}#gspb_heading-id-gsbp-756666d{color:var(--wp--preset--color--palette-color-6, var(--theme-palette-color-6, #ffffff));margin:0}#gspb_row-id-gsbp-0e3373f,#gspb_row-id-gsbp-ec14372{justify-content:space-between;display:flex;flex-wrap:wrap;margin-top:50px;margin-bottom:0}#gspb_row-id-gsbp-0e3373f>.gspb_row__content{display:flex;justify-content:space-between;margin:0 auto;width:100%;flex-wrap:wrap}#gspb_col-id-gsbp-eb547dc.gspb_row__col--12{width:100%}@media (max-width:575.98px){#gspb_col-id-gsbp-eb547dc.gspb_row__col--12{width:100%}}.gspb_text-id-gsbp-89305d7{font-size:15px;margin-top:20px!important;margin-bottom:10px!important}.gspb_text-id-gsbp-89305d7,.gspb_text-id-gsbp-89305d7 .gsap-g-line{text-align:center!important}#gspb_row-id-gsbp-ec14372{margin-top:30px}#gspb_row-id-gsbp-ec14372>.gspb_row__content{display:flex;justify-content:space-between;margin:0 auto;width:100%;flex-wrap:wrap}.gspb_row{position:relative}body.gspb-bodyfront #gspb_row-id-gsbp-0e3373f>.gspb_row__content,body.gspb-bodyfront #gspb_row-id-gsbp-ec14372>.gspb_row__content{width:var(--theme-container-width, 1200px);max-width:var(--theme-normal-container-max-width, 1200px)}#gspb_col-id-gsbp-6618169.gspb_row__col--6{width:50%}@media (max-width:575.98px){#gspb_col-id-gsbp-6618169.gspb_row__col--6{width:100%}}#gspb_heading-id-gsbp-a8e54c7{font-size:45px}#gspb_col-id-gsbp-8df49bf.gspb_row__col--6{width:50%}@media (max-width:575.98px){#gspb_col-id-gsbp-8df49bf.gspb_row__col--6{width:100%}}","footnotes":""},"class_list":["post-2082","page","type-page","status-publish","has-post-thumbnail","hentry"],"blocksy_meta":[],"_links":{"self":[{"href":"https:\/\/bogonglaser.com\/pt\/wp-json\/wp\/v2\/pages\/2082","targetHints":{"allow":["GET"]}}],"collection":[{"href":"https:\/\/bogonglaser.com\/pt\/wp-json\/wp\/v2\/pages"}],"about":[{"href":"https:\/\/bogonglaser.com\/pt\/wp-json\/wp\/v2\/types\/page"}],"author":[{"embeddable":true,"href":"https:\/\/bogonglaser.com\/pt\/wp-json\/wp\/v2\/users\/1"}],"replies":[{"embeddable":true,"href":"https:\/\/bogonglaser.com\/pt\/wp-json\/wp\/v2\/comments?post=2082"}],"version-history":[{"count":3,"href":"https:\/\/bogonglaser.com\/pt\/wp-json\/wp\/v2\/pages\/2082\/revisions"}],"predecessor-version":[{"id":9064,"href":"https:\/\/bogonglaser.com\/pt\/wp-json\/wp\/v2\/pages\/2082\/revisions\/9064"}],"up":[{"embeddable":true,"href":"https:\/\/bogonglaser.com\/pt\/wp-json\/wp\/v2\/pages\/1618"}],"wp:featuredmedia":[{"embeddable":true,"href":"https:\/\/bogonglaser.com\/pt\/wp-json\/wp\/v2\/media\/2090"}],"wp:attachment":[{"href":"https:\/\/bogonglaser.com\/pt\/wp-json\/wp\/v2\/media?parent=2082"}],"curies":[{"name":"wp","href":"https:\/\/api.w.org\/{rel}","templated":true}]}}