{"id":2402,"date":"2025-02-10T15:35:22","date_gmt":"2025-02-10T07:35:22","guid":{"rendered":"https:\/\/bogonglaser.com\/?post_type=product&#038;p=2402"},"modified":"2026-03-05T11:39:20","modified_gmt":"2026-03-05T03:39:20","slug":"smallest-3020-fiber-laer-cutting-machine-300200mm","status":"publish","type":"product","link":"https:\/\/bogonglaser.com\/it\/smallest-3020-fiber-laer-cutting-machine-300200mm\/","title":{"rendered":"Piccolo metallo professionale taglio laser macchina Fornitore (300 * 200 mm)"},"content":{"rendered":"<p><strong>Bogong Smallest Fiber Laser Cutter (300 x 200 mm)<\/strong><\/p>\n<p>Introducing the Smallest <a href=\"https:\/\/bogonglaser.com\/it\/fiber-laser-cutter\/\">Taglierina laser a fibra<\/a>, engineered for precision and efficiency in metal fabrication.<\/p>\n<p>With a compact cutting area of 300 x 200 mm, this innovative machine is designed to deliver superior performance in a variety of applications, from small-scale production to intricate prototypes.<\/p>\n<p><img decoding=\"async\" class=\"alignnone size-full wp-image-9094\" src=\"https:\/\/bogonglaser.com\/wp-content\/uploads\/2025\/02\/small-metal-laser-cutter.jpg\" alt=\"\" width=\"800\" height=\"600\" title=\"\" srcset=\"https:\/\/bogonglaser.com\/wp-content\/uploads\/2025\/02\/small-metal-laser-cutter.jpg 800w, https:\/\/bogonglaser.com\/wp-content\/uploads\/2025\/02\/small-metal-laser-cutter-300x225.jpg 300w, https:\/\/bogonglaser.com\/wp-content\/uploads\/2025\/02\/small-metal-laser-cutter-768x576.jpg 768w, https:\/\/bogonglaser.com\/wp-content\/uploads\/2025\/02\/small-metal-laser-cutter-16x12.jpg 16w, https:\/\/bogonglaser.com\/wp-content\/uploads\/2025\/02\/small-metal-laser-cutter-600x450.jpg 600w\" sizes=\"(max-width: 800px) 100vw, 800px\" \/><\/p>\n<p><strong>Core Advantages:<\/strong><\/p>\n<ul>\n<li><strong>High Cutting precision:<\/strong> Smooth cutting edge, high accuracy.<\/li>\n<li><strong>Strong Cutting Ability:<\/strong> High efficiency for various metal materials processing, like stainless steel, Gold, Silver, aluminum alloy, copper, titanium alloy, carbon steel, and various alloy steels<\/li>\n<li><strong>Small &amp; Compact Structure: <\/strong>Space-saving, easy to install and operate.<\/li>\n<li><strong>Tecnologia laser a fibra avanzata:<\/strong> La taglierina Bogong si avvale di una tecnologia laser in fibra di alta qualit\u00e0, di una sorgente laser con raffreddamento ad aria e di una testa laser che assicurano velocit\u00e0 di taglio elevate e una precisione eccezionale. Ci\u00f2 consente tagli puliti e accurati, anche su progetti complessi.<\/li>\n<li><strong>Factory Direct Supply:<\/strong> Competitive price, strict quality control.<\/li>\n<li><strong>Widely Recognized by Customers: <\/strong>Trusted by global buyers in metal fabrication industry.<\/li>\n<li><strong>Interfaccia facile da usare:<\/strong> Dotata di un sistema di controllo intuitivo, l'utente pu\u00f2 impostare e utilizzare facilmente la macchina, semplificando il processo di taglio e aumentando la produttivit\u00e0.<\/li>\n<li><strong>Elevata stabilit\u00e0 e longevit\u00e0:<\/strong> Costruita con componenti di alta qualit\u00e0, la pi\u00f9 piccola taglierina laser in fibra di Bogong \u00e8 progettata per garantire durata e prestazioni a lungo termine, riducendo i costi di manutenzione e i tempi di inattivit\u00e0.<\/li>\n<li><strong>Caratteristiche di sicurezza:<\/strong> La macchina \u00e8 dotata di meccanismi di sicurezza essenziali per garantire la protezione dell'operatore durante il funzionamento, consentendo un ambiente di lavoro sicuro.<\/li>\n<\/ul>\n<figure id=\"attachment_9101\" aria-describedby=\"caption-attachment-9101\" style=\"width: 800px\" class=\"wp-caption alignnone\"><img decoding=\"async\" class=\"size-full wp-image-9101\" src=\"https:\/\/bogonglaser.com\/wp-content\/uploads\/2025\/02\/QQ\u56fe\u724720260305113828.jpeg\" alt=\"small size laser cutter\" width=\"800\" height=\"800\" title=\"\" srcset=\"https:\/\/bogonglaser.com\/wp-content\/uploads\/2025\/02\/QQ\u56fe\u724720260305113828.jpeg 800w, https:\/\/bogonglaser.com\/wp-content\/uploads\/2025\/02\/QQ\u56fe\u724720260305113828-300x300.jpeg 300w, https:\/\/bogonglaser.com\/wp-content\/uploads\/2025\/02\/QQ\u56fe\u724720260305113828-150x150.jpeg 150w, https:\/\/bogonglaser.com\/wp-content\/uploads\/2025\/02\/QQ\u56fe\u724720260305113828-768x768.jpeg 768w, https:\/\/bogonglaser.com\/wp-content\/uploads\/2025\/02\/QQ\u56fe\u724720260305113828-12x12.jpeg 12w, https:\/\/bogonglaser.com\/wp-content\/uploads\/2025\/02\/QQ\u56fe\u724720260305113828-600x600.jpeg 600w, https:\/\/bogonglaser.com\/wp-content\/uploads\/2025\/02\/QQ\u56fe\u724720260305113828-100x100.jpeg 100w\" sizes=\"(max-width: 800px) 100vw, 800px\" \/><figcaption id=\"caption-attachment-9101\" class=\"wp-caption-text\">small size laser cutter<\/figcaption><\/figure>\n<p><strong>Applicazioni:<\/strong> Perfettamente adatto a una serie di applicazioni come l'elettronica, la segnaletica, l'arte del metallo e i componenti automobilistici, questo plotter laser eccelle nella realizzazione di dettagli fini e progetti intricati con facilit\u00e0.<\/p>\n<p><iframe title=\"Taglierina del laser a fibra pi\u00f9 piccola di 300*200mm, mini macchina di taglio del laser a fibra\" width=\"1290\" height=\"726\" src=\"https:\/\/www.youtube.com\/embed\/mGV6xBDycsc?feature=oembed\" frameborder=\"0\" allow=\"accelerometer; autoplay; clipboard-write; encrypted-media; gyroscope; picture-in-picture; web-share\" referrerpolicy=\"strict-origin-when-cross-origin\" allowfullscreen><\/iframe><\/p>\n<div class=\"sub-header-divs\">\n<h3>Prestazioni<\/h3>\n<\/div>\n<ul>\n<li>Mezzo laser - Laser a fibra allo stato solido CW 1070nm<\/li>\n<li>Potenza laser - 800W-2000W Opzioni di sorgente in fibra<\/li>\n<li>Potenza - <strong>\u00a0220V 1 fase<\/strong><\/li>\n<li>Precisione di posizionamento - \u2264\u00b10,03 mm<\/li>\n<li>Precisione di ripetibilit\u00e0 - \u2264\u00b10,02 mm<\/li>\n<\/ul>\n<div class=\"sub-header-divs\">\n<h3>Sistema<\/h3>\n<\/div>\n<ul>\n<li>Sistema di guida - Modulo di azionamento<\/li>\n<li>Modalit\u00e0 di raffreddamento - Aria Acqua<\/li>\n<\/ul>\n<p><iframe title=\"Piccola ma potente taglierina laser che taglia il metallo con precisione\" width=\"1290\" height=\"726\" src=\"https:\/\/www.youtube.com\/embed\/5BStGlyjEOc?feature=oembed\" frameborder=\"0\" allow=\"accelerometer; autoplay; clipboard-write; encrypted-media; gyroscope; picture-in-picture; web-share\" referrerpolicy=\"strict-origin-when-cross-origin\" allowfullscreen><\/iframe><\/p>\n<p>Customer who visited BOGONG LASER factory for purchase this small metal laser cutting machine<\/p>\n<figure id=\"attachment_9090\" aria-describedby=\"caption-attachment-9090\" style=\"width: 700px\" class=\"wp-caption alignnone\"><img decoding=\"async\" class=\"size-full wp-image-9090\" src=\"https:\/\/bogonglaser.com\/wp-content\/uploads\/2025\/02\/how-about-bogong-laser-cutter.jpg\" alt=\"\" width=\"700\" height=\"600\" title=\"\" srcset=\"https:\/\/bogonglaser.com\/wp-content\/uploads\/2025\/02\/how-about-bogong-laser-cutter.jpg 700w, https:\/\/bogonglaser.com\/wp-content\/uploads\/2025\/02\/how-about-bogong-laser-cutter-300x257.jpg 300w, https:\/\/bogonglaser.com\/wp-content\/uploads\/2025\/02\/how-about-bogong-laser-cutter-14x12.jpg 14w, https:\/\/bogonglaser.com\/wp-content\/uploads\/2025\/02\/how-about-bogong-laser-cutter-600x514.jpg 600w\" sizes=\"(max-width: 700px) 100vw, 700px\" \/><figcaption id=\"caption-attachment-9090\" class=\"wp-caption-text\">small metal laser cutting machine<\/figcaption><\/figure>\n<p>Very good feedback about BOGONG small fiber laser cutter<\/p>\n<p><iframe title=\"Ha visitato BOGONG e ha ordinato la Taglierina Laser a Fibra 2030 | Feedback Macchina di Taglio Laser BOGONG\" width=\"1290\" height=\"726\" src=\"https:\/\/www.youtube.com\/embed\/olZXLLVhLls?feature=oembed\" frameborder=\"0\" allow=\"accelerometer; autoplay; clipboard-write; encrypted-media; gyroscope; picture-in-picture; web-share\" referrerpolicy=\"strict-origin-when-cross-origin\" allowfullscreen><\/iframe><\/p>\n<p>BOGONG factory show:<\/p>\n<p><iframe title=\"CHINA OEM ODM LASER MACHINE MANUFACTURER-BOGONG LASER \" width=\"1290\" height=\"726\" src=\"https:\/\/www.youtube.com\/embed\/kMzt58ROsW8?feature=oembed\" frameborder=\"0\" allow=\"accelerometer; autoplay; clipboard-write; encrypted-media; gyroscope; picture-in-picture; web-share\" referrerpolicy=\"strict-origin-when-cross-origin\" allowfullscreen><\/iframe><\/p>\n<p>BOGONG \u00e8 famosa per la qualit\u00e0 delle apparecchiature laser e per il servizio di assistenza post-vendita. Le nostre macchine sono versatili e facili da usare, progettate tenendo conto di tutti i livelli di abilit\u00e0. Soprattutto, diamo priorit\u00e0 alla soddisfazione del cliente. Che siate esperti o principianti, <a href=\"https:\/\/bogonglaser.com\/it\/\">LASER BOGONG<\/a> \u00e8 qui per sostenervi in ogni fase del percorso. Fidatevi di noi e del nostro servizio, dove eccellenza e innovazione si fondono per il vostro successo.<\/p>\n<p>BOGONG have CE FDA SGS Rohs certifcates<\/p>\n<figure id=\"attachment_9096\" aria-describedby=\"caption-attachment-9096\" style=\"width: 1197px\" class=\"wp-caption alignnone\"><img decoding=\"async\" class=\"wp-image-9096\" src=\"https:\/\/bogonglaser.com\/wp-content\/uploads\/2025\/02\/QQ\u56fe\u724720260305110954.png\" alt=\"BOGONG have CE FDA SGS Rohs certifcates\" width=\"1197\" height=\"374\" title=\"\" srcset=\"https:\/\/bogonglaser.com\/wp-content\/uploads\/2025\/02\/QQ\u56fe\u724720260305110954.png 1921w, https:\/\/bogonglaser.com\/wp-content\/uploads\/2025\/02\/QQ\u56fe\u724720260305110954-300x94.png 300w, https:\/\/bogonglaser.com\/wp-content\/uploads\/2025\/02\/QQ\u56fe\u724720260305110954-1024x320.png 1024w, https:\/\/bogonglaser.com\/wp-content\/uploads\/2025\/02\/QQ\u56fe\u724720260305110954-768x240.png 768w, https:\/\/bogonglaser.com\/wp-content\/uploads\/2025\/02\/QQ\u56fe\u724720260305110954-1536x480.png 1536w, https:\/\/bogonglaser.com\/wp-content\/uploads\/2025\/02\/QQ\u56fe\u724720260305110954-18x6.png 18w, https:\/\/bogonglaser.com\/wp-content\/uploads\/2025\/02\/QQ\u56fe\u724720260305110954-600x187.png 600w\" sizes=\"(max-width: 1197px) 100vw, 1197px\" \/><figcaption id=\"caption-attachment-9096\" class=\"wp-caption-text\">BOGONG have CE FDA SGS Rohs certifcates<\/figcaption><\/figure>\n<figure id=\"attachment_9098\" aria-describedby=\"caption-attachment-9098\" style=\"width: 1196px\" class=\"wp-caption alignnone\"><img decoding=\"async\" class=\"wp-image-9098\" src=\"https:\/\/bogonglaser.com\/wp-content\/uploads\/2025\/02\/customer-visiting-bogong-laser.jpg\" alt=\"customer visiting bogong laser\" width=\"1196\" height=\"489\" title=\"\" srcset=\"https:\/\/bogonglaser.com\/wp-content\/uploads\/2025\/02\/customer-visiting-bogong-laser.jpg 1257w, https:\/\/bogonglaser.com\/wp-content\/uploads\/2025\/02\/customer-visiting-bogong-laser-300x123.jpg 300w, https:\/\/bogonglaser.com\/wp-content\/uploads\/2025\/02\/customer-visiting-bogong-laser-1024x419.jpg 1024w, https:\/\/bogonglaser.com\/wp-content\/uploads\/2025\/02\/customer-visiting-bogong-laser-768x314.jpg 768w, https:\/\/bogonglaser.com\/wp-content\/uploads\/2025\/02\/customer-visiting-bogong-laser-18x7.jpg 18w, https:\/\/bogonglaser.com\/wp-content\/uploads\/2025\/02\/customer-visiting-bogong-laser-600x245.jpg 600w\" sizes=\"(max-width: 1196px) 100vw, 1196px\" \/><figcaption id=\"caption-attachment-9098\" class=\"wp-caption-text\">customer visiting bogong laser<\/figcaption><\/figure>","protected":false},"excerpt":{"rendered":"<p>BOGONG is a professional manufacturer of small laser cutting machine with high precision, trong cutting ability and wide recongnition from global customers, Reliable quality, factory direct supply, welcome to inquiry.<\/p>\n<p>Cutting Metal Sheet: stainless steel, Gold, Silver, aluminum alloy, copper, titanium alloy, carbon steel, and various alloy steels.<\/p>\n<ul class=\"tips\">\n<li>50 Sets \/ Month Waiting for Sale In Stock<\/li>\n<li>2 Years Limited Warranty for Entire Machine<\/li>\n<li>Online (PayPal) &amp; Offline (T\/T, Debit &amp; Credit Cards)<\/li>\n<li>Lifetime Free Technical Support for End-Users &amp; Dealers<\/li>\n<\/ul>\n<hr \/>\n<h4><strong>Get a Quote<\/strong><\/h4>\n<p>[contact-form-7 id=&#8221;029fbc1&#8243; title=&#8221;Products Form&#8221;]<\/p>\n","protected":false},"featured_media":9093,"template":"","meta":{"_gspb_post_css":""},"product_brand":[],"product_cat":[117,92,118],"product_tag":[178,105,177,106,176],"class_list":{"0":"post-2402","1":"product","2":"type-product","3":"status-publish","4":"has-post-thumbnail","6":"product_cat-fiber-laser-cutting-machine","7":"product_cat-laser-cutting-machine","8":"product_cat-laser-metal-cutting-machine","9":"product_tag-compact-metal-laser-cutting-equipment","10":"product_tag-fiber-laser-cutting-machine","11":"product_tag-high-precision-mini-metal-laser-cutter","12":"product_tag-laser-cutting-machine","13":"product_tag-small-fiber-laser-cutting-machine-for-metal","15":"first","16":"instock","17":"shipping-taxable","18":"product-type-simple"},"_links":{"self":[{"href":"https:\/\/bogonglaser.com\/it\/wp-json\/wp\/v2\/product\/2402","targetHints":{"allow":["GET"]}}],"collection":[{"href":"https:\/\/bogonglaser.com\/it\/wp-json\/wp\/v2\/product"}],"about":[{"href":"https:\/\/bogonglaser.com\/it\/wp-json\/wp\/v2\/types\/product"}],"wp:featuredmedia":[{"embeddable":true,"href":"https:\/\/bogonglaser.com\/it\/wp-json\/wp\/v2\/media\/9093"}],"wp:attachment":[{"href":"https:\/\/bogonglaser.com\/it\/wp-json\/wp\/v2\/media?parent=2402"}],"wp:term":[{"taxonomy":"product_brand","embeddable":true,"href":"https:\/\/bogonglaser.com\/it\/wp-json\/wp\/v2\/product_brand?post=2402"},{"taxonomy":"product_cat","embeddable":true,"href":"https:\/\/bogonglaser.com\/it\/wp-json\/wp\/v2\/product_cat?post=2402"},{"taxonomy":"product_tag","embeddable":true,"href":"https:\/\/bogonglaser.com\/it\/wp-json\/wp\/v2\/product_tag?post=2402"}],"curies":[{"name":"wp","href":"https:\/\/api.w.org\/{rel}","templated":true}]}}