{"id":2129,"date":"2024-12-06T11:26:13","date_gmt":"2024-12-06T03:26:13","guid":{"rendered":"https:\/\/bogonglaser.com\/?post_type=product&#038;p=2129"},"modified":"2025-12-10T17:12:04","modified_gmt":"2025-12-10T09:12:04","slug":"3d-uv-laser-marking-machine-2","status":"publish","type":"product","link":"https:\/\/bogonglaser.com\/it\/3d-uv-laser-marking-machine-2\/","title":{"rendered":"Macchina per la marcatura laser UV 3D"},"content":{"rendered":"<h2>Che cos'\u00e8 una macchina di marcatura laser UV 3D?<\/h2>\n<p>Macchina di marcatura laser 3D con sorgente laser UV, testa laser 3D serie U, potente software lenmark3ds\/Ezcad3 per l'elaborazione delle immagini, c'\u00e8 una lente dinamica all'interno della testa laser, che pu\u00f2 incidere su forma irregolare. Le caratteristiche principali sono le seguenti:<\/p>\n<ul>\n<li>Sorgente laser UV<\/li>\n<li>Software di incisione 3D per l'elaborazione delle immagini<\/li>\n<li>Asse R per la marcatura di anelli e braccialetti<\/li>\n<li>Testa laser dinamica UV 3D<\/li>\n<li>Altezza di messa a fuoco regolabile da 15 a 80 mm<\/li>\n<li>Ampia scelta di opzioni<\/li>\n<li>2 anni di garanzia<\/li>\n<\/ul>\n<figure id=\"attachment_7443\" aria-describedby=\"caption-attachment-7443\" style=\"width: 300px\" class=\"wp-caption alignnone\"><img decoding=\"async\" class=\"size-medium wp-image-7443\" src=\"https:\/\/bogonglaser.com\/wp-content\/uploads\/2024\/12\/3D-UV-Laser-Marking-Machine-1-300x200.jpg\" alt=\"Macchina per la marcatura laser UV 3D\" width=\"300\" height=\"200\" title=\"\" srcset=\"https:\/\/bogonglaser.com\/wp-content\/uploads\/2024\/12\/3D-UV-Laser-Marking-Machine-1-300x200.jpg 300w, https:\/\/bogonglaser.com\/wp-content\/uploads\/2024\/12\/3D-UV-Laser-Marking-Machine-1-18x12.jpg 18w, https:\/\/bogonglaser.com\/wp-content\/uploads\/2024\/12\/3D-UV-Laser-Marking-Machine-1.jpg 600w\" sizes=\"(max-width: 300px) 100vw, 300px\" \/><figcaption id=\"caption-attachment-7443\" class=\"wp-caption-text\">Macchina per la marcatura laser UV 3D<\/figcaption><\/figure>\n<p><iframe title=\"Migliore macchina di marcatura laser di vetro della Cina 3D | macchina di vetro dell&#039;incisione laser per vetro\" width=\"1290\" height=\"726\" src=\"https:\/\/www.youtube.com\/embed\/Na_1pKoJTMQ?feature=oembed\" frameborder=\"0\" allow=\"accelerometer; autoplay; clipboard-write; encrypted-media; gyroscope; picture-in-picture; web-share\" referrerpolicy=\"strict-origin-when-cross-origin\" allowfullscreen><\/iframe><\/p>\n<h2>Caratteristiche della macchina di marcatura laser UV 3D:<\/h2>\n<p>1. Applicazioni versatili<br \/>\nLa macchina per la marcatura laser 3D \u00e8 progettata per la marcatura di superfici curve tridimensionali, in grado di mettere a fuoco punti sottili e di fornire marcature uniformi entro un intervallo di tolleranza di altezza compreso tra 0 e 80 mm. Non \u00e8 necessario regolare la messa a fuoco, consentendo la marcatura senza soluzione di continuit\u00e0 di prodotti irregolari come superfici curve, inclinate, a gradini, sfere, cilindri e coni in un'unica operazione.<\/p>\n<p>2. Eccellente qualit\u00e0 di intaglio profondo<br \/>\nDotata di un sistema di marcatura di precisione 3D e di una sorgente laser a ultravioletti, la macchina eccelle in varie esigenze di incisione, tra cui l'incisione in rilievo, l'incisione profonda e l'incisione concava\/convessa. Offre un'elevata precisione e risultati visivamente accattivanti.<\/p>\n<p><iframe title=\"Incisione laser di vetro e marcatura macchina | 3D UV Laser Marker\" width=\"1290\" height=\"726\" src=\"https:\/\/www.youtube.com\/embed\/F-M4iF703pw?feature=oembed\" frameborder=\"0\" allow=\"accelerometer; autoplay; clipboard-write; encrypted-media; gyroscope; picture-in-picture; web-share\" referrerpolicy=\"strict-origin-when-cross-origin\" allowfullscreen><\/iframe><\/p>\n<p><iframe title=\"3D UV Laser Engraver per l&#039;incisione in rilievo di vetro | Cina 3D UV macchina di marcatura laser in vendita\" width=\"1290\" height=\"726\" src=\"https:\/\/www.youtube.com\/embed\/GPWp4Pm7TFI?feature=oembed\" frameborder=\"0\" allow=\"accelerometer; autoplay; clipboard-write; encrypted-media; gyroscope; picture-in-picture; web-share\" referrerpolicy=\"strict-origin-when-cross-origin\" allowfullscreen><\/iframe><\/p>\n<h3>Applicazioni della macchina per la marcatura laser UV 3D<\/h3>\n<ul>\n<li>Marcatura su varie forme di vetro, plastica, legno, ecc.<\/li>\n<li>Scavo a strati e incisione in bassorilievo 3D su vetro.<\/li>\n<li>Incisioni su superfici irregolari con un'irregolarit\u00e0 fino a 80 mm.<\/li>\n<li>Incisione di fotografie, nomi, disegni e loghi, compresi i marchi.<\/li>\n<\/ul>\n<figure id=\"attachment_7442\" aria-describedby=\"caption-attachment-7442\" style=\"width: 300px\" class=\"wp-caption alignnone\"><img decoding=\"async\" class=\"size-medium wp-image-7442\" src=\"https:\/\/bogonglaser.com\/wp-content\/uploads\/2024\/12\/3D-uv-laser-for-glass-1-300x169.jpg\" alt=\"Laser 3D uv per vetro\" width=\"300\" height=\"169\" title=\"\" srcset=\"https:\/\/bogonglaser.com\/wp-content\/uploads\/2024\/12\/3D-uv-laser-for-glass-1-300x169.jpg 300w, https:\/\/bogonglaser.com\/wp-content\/uploads\/2024\/12\/3D-uv-laser-for-glass-1-600x338.jpg 600w, https:\/\/bogonglaser.com\/wp-content\/uploads\/2024\/12\/3D-uv-laser-for-glass-1-1024x576.jpg 1024w, https:\/\/bogonglaser.com\/wp-content\/uploads\/2024\/12\/3D-uv-laser-for-glass-1-768x432.jpg 768w, https:\/\/bogonglaser.com\/wp-content\/uploads\/2024\/12\/3D-uv-laser-for-glass-1-18x10.jpg 18w, https:\/\/bogonglaser.com\/wp-content\/uploads\/2024\/12\/3D-uv-laser-for-glass-1.jpg 1280w\" sizes=\"(max-width: 300px) 100vw, 300px\" \/><figcaption id=\"caption-attachment-7442\" class=\"wp-caption-text\">Laser 3D uv per vetro<\/figcaption><\/figure>\n<h3>Come scegliere il giusto <a href=\"https:\/\/bogonglaser.com\/it\/laser-marking-machine\/uv-laser-marking-machine-copy\/\">Macchina di marcatura laser UV 3d<\/a><\/h3>\n<p>La scelta della giusta macchina per l'incisione laser UV 3D sar\u00e0 importante per la vostra attivit\u00e0, come assicurarsi che la macchina soddisfi le vostre esigenze specifiche. Ecco una guida che vi aiuter\u00e0 a prendere una decisione consapevole:<\/p>\n<ol>\n<li><strong>Compatibilit\u00e0 dei materiali<\/strong>: Determinare i tipi di materiali che si intende incidere (ad esempio, legno, acrilico, vetro). Assicurarsi che la macchina scelta sia in grado di trattare efficacemente questi materiali.<\/li>\n<li><strong>Potenza laser:<\/strong>\n<ul>\n<li>5W<\/li>\n<li>10W<\/li>\n<li>15W<\/li>\n<\/ul>\n<\/li>\n<li><strong>Facilit\u00e0 d'uso<\/strong>: Cercate macchine con un software facile da usare che consenta una progettazione e un funzionamento semplici. Lenmark 3DS e Ezcad3 sono consigliati per i lavori di incisione in rilievo 3D.<\/li>\n<li><strong>Assistenza clienti e garanzia<\/strong>: Ricercare le opzioni di assistenza del produttore e la garanzia offerta. Un servizio clienti affidabile pu\u00f2 essere fondamentale per la risoluzione dei problemi e la manutenzione.<\/li>\n<\/ol>\n<h2>Cosa possiamo fare per voi scegliendo la macchina di marcatura laser 3D?<\/h2>\n<ul>\n<li><span class=\"magic-19\"><b class=\"magic-19\"><span class=\"magic-18\">Campioni di prova gratuiti -<\/span><\/b><span class=\"magic-20\" data-spm-anchor-id=\"a2700.details.0.i41.41d82402R4aegi\">Possiamo effettuare test gratuiti sull'effetto della marcatura in base al materiale del prodotto.<\/span><\/span><\/li>\n<li><span class=\"magic-19\"><b class=\"magic-19\"><span class=\"magic-18\">Video in diretta<\/span><\/b><span class=\"magic-20\">\u00c8 possibile collegarsi con i nostri consulenti di vendita per vedere il processo di produzione e il funzionamento della macchina in video online.<\/span><\/span><\/li>\n<li><span class=\"magic-19\"><b class=\"magic-19\"><span class=\"magic-18\">Personalizzato \/OEM-<\/span><\/b><span class=\"magic-20\" data-spm-anchor-id=\"a2700.details.0.i40.41d82402R4aegi\">Macchine personalizzate su richiesta\uff0ccontattateci<\/span><\/span><\/li>\n<li>\n<figure id=\"attachment_7441\" aria-describedby=\"caption-attachment-7441\" style=\"width: 300px\" class=\"wp-caption alignnone\"><img decoding=\"async\" class=\"size-medium wp-image-7441\" src=\"https:\/\/bogonglaser.com\/wp-content\/uploads\/2024\/12\/bottle-rotary-device-1-300x117.jpg\" alt=\"dispositivo rotante per bottiglie\" width=\"300\" height=\"117\" title=\"\" srcset=\"https:\/\/bogonglaser.com\/wp-content\/uploads\/2024\/12\/bottle-rotary-device-1-300x117.jpg 300w, https:\/\/bogonglaser.com\/wp-content\/uploads\/2024\/12\/bottle-rotary-device-1-600x235.jpg 600w, https:\/\/bogonglaser.com\/wp-content\/uploads\/2024\/12\/bottle-rotary-device-1-18x7.jpg 18w, https:\/\/bogonglaser.com\/wp-content\/uploads\/2024\/12\/bottle-rotary-device-1.jpg 608w\" sizes=\"(max-width: 300px) 100vw, 300px\" \/><figcaption id=\"caption-attachment-7441\" class=\"wp-caption-text\">dispositivo rotante per bottiglie<\/figcaption><\/figure>\n<p><iframe title=\"GLI PIACE LA MACCHINA PER L&#039;INCISIONE LASER 3D DI BOGONG | MIGLIORE MACCHINA PER L&#039;INCISIONE LASER 3D DELLA PORCELLANA IN VENDITA\" width=\"1290\" height=\"726\" src=\"https:\/\/www.youtube.com\/embed\/aoAF09vq8LE?feature=oembed\" frameborder=\"0\" allow=\"accelerometer; autoplay; clipboard-write; encrypted-media; gyroscope; picture-in-picture; web-share\" referrerpolicy=\"strict-origin-when-cross-origin\" allowfullscreen><\/iframe><\/p>\n<p><iframe title=\"Che ne dite dell&#039;incisore laser 3D BOGONG? | Il cliente indiano ha visitato BOGONG e ha acquistato l&#039;incisore laser 3D\" width=\"1290\" height=\"726\" src=\"https:\/\/www.youtube.com\/embed\/bq8eli66vTM?feature=oembed\" frameborder=\"0\" allow=\"accelerometer; autoplay; clipboard-write; encrypted-media; gyroscope; picture-in-picture; web-share\" referrerpolicy=\"strict-origin-when-cross-origin\" allowfullscreen><\/iframe><\/li>\n<\/ul>\n<p>Termini di pagamento<\/p>\n<p>1. Deposito e saldo: \u00c8 richiesto un deposito 30% T\/T in anticipo, con il saldo dovuto prima della spedizione.<\/p>\n<p>2. Alibaba Trade Assurance: I pagamenti possono essere elaborati tramite Alibaba Trade Assurance.<\/p>\n<p>FAQ per la macchina di marcatura laser UV 3D<\/p>\n<p>Qual \u00e8 l'imballaggio della macchina per la marcatura laser UV 3d?<br \/>\nLe nostre macchine sono imballate in un sistema a tre strati. Lo strato esterno \u00e8 costituito da una cassa di legno, lo strato intermedio da un'imbottitura in schiuma per proteggere dagli urti e lo strato interno da una spessa busta di plastica per garantire l'impermeabilit\u00e0.<\/p>\n<p>Il pacco subir\u00e0 danni durante il trasporto?<br \/>\nProgettiamo meticolosamente i nostri imballaggi per far fronte a tutti i potenziali fattori di danneggiamento e i nostri spedizionieri sono esperti nel trasporto sicuro. Abbiamo esportato con successo in 180 paesi, quindi potete essere certi che il vostro pacco arriver\u00e0 in condizioni eccellenti.<\/p>\n<figure id=\"attachment_7436\" aria-describedby=\"caption-attachment-7436\" style=\"width: 300px\" class=\"wp-caption alignnone\"><img decoding=\"async\" class=\"size-medium wp-image-7436\" src=\"https:\/\/bogonglaser.com\/wp-content\/uploads\/2024\/10\/3df20-marking-machine-factory-pictures-300x225.png\" alt=\"Immagini di fabbrica della macchina di marcatura 3df20\" width=\"300\" height=\"225\" title=\"\" srcset=\"https:\/\/bogonglaser.com\/wp-content\/uploads\/2024\/10\/3df20-marking-machine-factory-pictures-300x225.png 300w, https:\/\/bogonglaser.com\/wp-content\/uploads\/2024\/10\/3df20-marking-machine-factory-pictures-600x450.png 600w, https:\/\/bogonglaser.com\/wp-content\/uploads\/2024\/10\/3df20-marking-machine-factory-pictures-768x576.png 768w, https:\/\/bogonglaser.com\/wp-content\/uploads\/2024\/10\/3df20-marking-machine-factory-pictures-16x12.png 16w, https:\/\/bogonglaser.com\/wp-content\/uploads\/2024\/10\/3df20-marking-machine-factory-pictures.png 800w\" sizes=\"(max-width: 300px) 100vw, 300px\" \/><figcaption id=\"caption-attachment-7436\" class=\"wp-caption-text\">Immagini di fabbrica della macchina di marcatura 3df20<\/figcaption><\/figure>\n<figure id=\"attachment_7428\" aria-describedby=\"caption-attachment-7428\" style=\"width: 205px\" class=\"wp-caption alignnone\"><img decoding=\"async\" class=\"size-full wp-image-7428\" src=\"https:\/\/bogonglaser.com\/wp-content\/uploads\/2024\/10\/3d-laser-marker-2-1.jpg\" alt=\"Marcatore laser 3d\" width=\"205\" height=\"300\" title=\"\" srcset=\"https:\/\/bogonglaser.com\/wp-content\/uploads\/2024\/10\/3d-laser-marker-2-1.jpg 205w, https:\/\/bogonglaser.com\/wp-content\/uploads\/2024\/10\/3d-laser-marker-2-1-8x12.jpg 8w\" sizes=\"(max-width: 205px) 100vw, 205px\" \/><figcaption id=\"caption-attachment-7428\" class=\"wp-caption-text\">Marcatore laser 3d<\/figcaption><\/figure>\n<p>La maggior parte dei clienti come scegliere il trasporto da UPS\/DHL espresso, pu\u00f2 arrivare a destinazione circa 5-7 giorni, contatto con <a href=\"https:\/\/bogonglaser.com\/it\/\">BOGONG<\/a> per ottenere maggiori dettagli sulla macchina per la marcatura laser UV.<\/p>","protected":false},"excerpt":{"rendered":"<h2>Macchina per la marcatura laser UV 3D<\/h2>\n<p>Una macchina per la marcatura laser UV 3D utilizza la tecnologia laser 3D per creare disegni o testi intricati su superfici tridimensionali, consentendo la marcatura su vetro e plastica: Adotta una combinazione di espansori del fascio e ottiche di spostamento prima di dirigere il fascio attraverso una lente per indirizzare con precisione il materiale.<\/p>\n<ul class=\"tips\">\n<li>350 Set \/ Mese in attesa di vendita In magazzino<\/li>\n<li>2 anni di garanzia limitata per l'intera macchina<\/li>\n<li>3-5 giorni di preparazione della macchina laser, 3-7 giorni di trasporto.<\/li>\n<li>Online (PayPal) e offline (T\/T, carte di debito e di credito)<\/li>\n<\/ul>","protected":false},"featured_media":2130,"template":"","meta":{"_gspb_post_css":""},"product_brand":[],"product_cat":[93,96,99],"product_tag":[125,102,124],"class_list":{"0":"post-2129","1":"product","2":"type-product","3":"status-publish","4":"has-post-thumbnail","6":"product_cat-laser-engraving-machine","7":"product_cat-laser-marking-machine","8":"product_cat-uv-laser-marking-machine","9":"product_tag-3d-laser-marking-machine","10":"product_tag-laser-marking-machine","11":"product_tag-uv-laser-marking-machine","13":"first","14":"instock","15":"shipping-taxable","16":"product-type-simple"},"_links":{"self":[{"href":"https:\/\/bogonglaser.com\/it\/wp-json\/wp\/v2\/product\/2129","targetHints":{"allow":["GET"]}}],"collection":[{"href":"https:\/\/bogonglaser.com\/it\/wp-json\/wp\/v2\/product"}],"about":[{"href":"https:\/\/bogonglaser.com\/it\/wp-json\/wp\/v2\/types\/product"}],"wp:featuredmedia":[{"embeddable":true,"href":"https:\/\/bogonglaser.com\/it\/wp-json\/wp\/v2\/media\/2130"}],"wp:attachment":[{"href":"https:\/\/bogonglaser.com\/it\/wp-json\/wp\/v2\/media?parent=2129"}],"wp:term":[{"taxonomy":"product_brand","embeddable":true,"href":"https:\/\/bogonglaser.com\/it\/wp-json\/wp\/v2\/product_brand?post=2129"},{"taxonomy":"product_cat","embeddable":true,"href":"https:\/\/bogonglaser.com\/it\/wp-json\/wp\/v2\/product_cat?post=2129"},{"taxonomy":"product_tag","embeddable":true,"href":"https:\/\/bogonglaser.com\/it\/wp-json\/wp\/v2\/product_tag?post=2129"}],"curies":[{"name":"wp","href":"https:\/\/api.w.org\/{rel}","templated":true}]}}