{"id":2127,"date":"2024-12-06T11:23:53","date_gmt":"2024-12-06T03:23:53","guid":{"rendered":"https:\/\/bogonglaser.com\/?post_type=product&#038;p=2127"},"modified":"2025-12-10T17:31:01","modified_gmt":"2025-12-10T09:31:01","slug":"mini-cabinet-laser-marking-machine","status":"publish","type":"product","link":"https:\/\/bogonglaser.com\/it\/mini-cabinet-laser-marking-machine\/","title":{"rendered":"Mini macchina per la marcatura laser del gabinetto"},"content":{"rendered":"<p>La macchina per la marcatura laser in fibra Cover \u00e8 dotata di un armadio completamente chiuso per la sicurezza dei lavoratori e presenta un design compatto e accattivante. Questo dispositivo ad alta tecnologia combina un laser, un computer, un controller automatico e un macchinario di precisione, rendendolo ideale per la marcatura di materiali metallici.<\/p>\n<p>Apertura e chiusura manuale della porta.<\/p>\n<p>Colonna di sollevamento elettrica<\/p>\n<p><iframe title=\"Mini macchina per l&#039;incisione laser in fibra con copertura protettiva | Funzionamento\" width=\"1290\" height=\"726\" src=\"https:\/\/www.youtube.com\/embed\/buVofWd5OIw?feature=oembed\" frameborder=\"0\" allow=\"accelerometer; autoplay; clipboard-write; encrypted-media; gyroscope; picture-in-picture; web-share\" referrerpolicy=\"strict-origin-when-cross-origin\" allowfullscreen><\/iframe><\/p>\n<p>1. Lunga durata, oltre 100.000 ore.<\/p>\n<p>2. Sorgente laser compatta con raffreddamento ad aria<\/p>\n<p>3. armadio a copertura totale per la sicurezza del lavoro<\/p>\n<p>4. Sistema di scansione galvanometrica di qualit\u00e0 superiore.<\/p>\n<p>5. Elevata precisione e ripetibilit\u00e0 per ottenere sempre marcature corrette grazie agli scanner galvanometrici e ai controlli elettronici.<\/p>\n<p>6. Prestazioni pi\u00f9 stabili<\/p>\n<p>7. Scheda di controllo professionale e software di marcatura. Il sistema di controllo software ha l'interfaccia di Windows e comprende i file emessi da software come Coreldraw. AutoCAD, Photoshop, ecc. Pu\u00f2 supportare vari formati di file come PLT, DXF, PCX, BMP ecc.<\/p>\n<p>8. La potenza di uscita \u00e8 stabile. La modalit\u00e0 ottica \u00e8 buona. La qualit\u00e0 della camma \u00e8 eccellente.<\/p>\n<p>9. La velocit\u00e0 di marcatura \u00e8 rapida, efficiente e di elevata precisione.<\/p>\n<p>10. L'aspetto \u00e8 professionale, il funzionamento \u00e8 semplice<\/p>\n<h2>Applicazione Piccola macchina di marcatura laser a copertura totale:<\/h2>\n<p>Pu\u00f2 incidere metalli e alcuni materiali non metallici, il che lo rende particolarmente utile nei settori in cui la precisione e la finitura liscia sono essenziali.<\/p>\n<p>Il <a href=\"https:\/\/bogonglaser.com\/it\/laser-marking-machine\/fiber-laser-marking-machine\/\">Macchina di marcatura laser a fibra<\/a> funziona bene con diversi metalli, tra cui acciaio, titanio, rame, oro, argento e persino metalli rari, oltre che con plastica industriale, metalli rivestiti, ceramica e altro ancora.<\/p>\n<p>Viene comunemente utilizzato per la marcatura di oggetti come pulsanti per cellulari, componenti elettronici, prodotti per la comunicazione, occhiali, orologi, gioielli, pulsanti decorativi per scatole e borse e prodotti in acciaio inossidabile.<\/p>\n<p><iframe title=\"Mini Cabinet Laser Engraving Machine Show | EZCAD3 2.5D Laser Marker con coperchio di protezione\" width=\"1290\" height=\"726\" src=\"https:\/\/www.youtube.com\/embed\/tbPKDw-UqR0?feature=oembed\" frameborder=\"0\" allow=\"accelerometer; autoplay; clipboard-write; encrypted-media; gyroscope; picture-in-picture; web-share\" referrerpolicy=\"strict-origin-when-cross-origin\" allowfullscreen><\/iframe><\/p>\n<p>Termini di pagamento<\/p>\n<p>1. Deposito e saldo: \u00c8 richiesto un deposito 30% T\/T in anticipo, con il saldo dovuto prima della spedizione.<\/p>\n<p>2. Alibaba Trade Assurance: I pagamenti possono essere elaborati tramite Alibaba Trade Assurance.<\/p>\n<p>FAQ per la macchina di marcatura laser UV 3D<\/p>\n<p>Qual \u00e8 l'imballaggio della marcatrice laser per armadi Mni?<br \/>\nLe nostre macchine sono imballate in un sistema a tre strati. Lo strato esterno \u00e8 costituito da una cassa di legno, lo strato intermedio da un'imbottitura in schiuma per proteggere dagli urti e lo strato interno da una spessa busta di plastica per garantire l'impermeabilit\u00e0.<\/p>\n<p>Il pacco subir\u00e0 danni durante il trasporto?<br \/>\nProgettiamo meticolosamente i nostri imballaggi per far fronte a tutti i potenziali fattori di danneggiamento e i nostri spedizionieri sono esperti nel trasporto sicuro. Abbiamo esportato con successo in 180 paesi, quindi potete essere certi che il vostro pacco arriver\u00e0 in condizioni eccellenti.<\/p>\n<figure id=\"attachment_7472\" aria-describedby=\"caption-attachment-7472\" style=\"width: 300px\" class=\"wp-caption alignnone\"><img decoding=\"async\" class=\"size-medium wp-image-7472\" src=\"https:\/\/bogonglaser.com\/wp-content\/uploads\/2024\/12\/Small-size-enclosed-marking-machine-300x300.jpg\" alt=\"Small-size enclosed marking machine\" width=\"300\" height=\"300\" title=\"\" srcset=\"https:\/\/bogonglaser.com\/wp-content\/uploads\/2024\/12\/Small-size-enclosed-marking-machine-300x300.jpg 300w, https:\/\/bogonglaser.com\/wp-content\/uploads\/2024\/12\/Small-size-enclosed-marking-machine-100x100.jpg 100w, https:\/\/bogonglaser.com\/wp-content\/uploads\/2024\/12\/Small-size-enclosed-marking-machine-600x600.jpg 600w, https:\/\/bogonglaser.com\/wp-content\/uploads\/2024\/12\/Small-size-enclosed-marking-machine-150x150.jpg 150w, https:\/\/bogonglaser.com\/wp-content\/uploads\/2024\/12\/Small-size-enclosed-marking-machine-768x768.jpg 768w, https:\/\/bogonglaser.com\/wp-content\/uploads\/2024\/12\/Small-size-enclosed-marking-machine-12x12.jpg 12w, https:\/\/bogonglaser.com\/wp-content\/uploads\/2024\/12\/Small-size-enclosed-marking-machine.jpg 1000w\" sizes=\"(max-width: 300px) 100vw, 300px\" \/><figcaption id=\"caption-attachment-7472\" class=\"wp-caption-text\">Small-size enclosed marking machine<\/figcaption><\/figure>\n<p>La maggior parte dei clienti ama scegliere il trasporto con UPS\/DHL express, pu\u00f2 arrivare a destinazione circa 5-7 giorni, contattare BOGONG per ottenere maggiori dettagli sulla macchina di marcatura laser uv.<\/p>","protected":false},"excerpt":{"rendered":"<h2>Macchina per l'incisione laser con copertura completa<\/h2>\n<p>La macchina \u00e8 dotata di un armadio completamente chiuso per garantire la sicurezza dei lavoratori e il suo design compatto \u00e8 di grande effetto. \u00c8 una macchina ad alta tecnologia che combina un laser, un computer, un controller automatico e parti precise per lavorare in modo efficace.<\/p>\n<ul class=\"tips\">\n<li>350 Set \/ Mese in attesa di vendita In magazzino<\/li>\n<li>2 anni di garanzia limitata per l'intera macchina<\/li>\n<li>3-5 giorni di preparazione della macchina laser, 3-7 giorni di trasporto.<\/li>\n<li>Online (PayPal) e offline (T\/T, carte di debito e di credito)<\/li>\n<\/ul>","protected":false},"featured_media":2148,"template":"","meta":{"_gspb_post_css":""},"product_brand":[],"product_cat":[97,93,96],"product_tag":[102],"class_list":{"0":"post-2127","1":"product","2":"type-product","3":"status-publish","4":"has-post-thumbnail","6":"product_cat-fiber-laser-marker","7":"product_cat-laser-engraving-machine","8":"product_cat-laser-marking-machine","9":"product_tag-laser-marking-machine","11":"first","12":"instock","13":"shipping-taxable","14":"product-type-simple"},"_links":{"self":[{"href":"https:\/\/bogonglaser.com\/it\/wp-json\/wp\/v2\/product\/2127","targetHints":{"allow":["GET"]}}],"collection":[{"href":"https:\/\/bogonglaser.com\/it\/wp-json\/wp\/v2\/product"}],"about":[{"href":"https:\/\/bogonglaser.com\/it\/wp-json\/wp\/v2\/types\/product"}],"wp:featuredmedia":[{"embeddable":true,"href":"https:\/\/bogonglaser.com\/it\/wp-json\/wp\/v2\/media\/2148"}],"wp:attachment":[{"href":"https:\/\/bogonglaser.com\/it\/wp-json\/wp\/v2\/media?parent=2127"}],"wp:term":[{"taxonomy":"product_brand","embeddable":true,"href":"https:\/\/bogonglaser.com\/it\/wp-json\/wp\/v2\/product_brand?post=2127"},{"taxonomy":"product_cat","embeddable":true,"href":"https:\/\/bogonglaser.com\/it\/wp-json\/wp\/v2\/product_cat?post=2127"},{"taxonomy":"product_tag","embeddable":true,"href":"https:\/\/bogonglaser.com\/it\/wp-json\/wp\/v2\/product_tag?post=2127"}],"curies":[{"name":"wp","href":"https:\/\/api.w.org\/{rel}","templated":true}]}}