{"id":2119,"date":"2024-12-04T17:25:33","date_gmt":"2024-12-04T09:25:33","guid":{"rendered":"https:\/\/bogonglaser.com\/?post_type=product&#038;p=2119"},"modified":"2025-12-10T16:47:52","modified_gmt":"2025-12-10T08:47:52","slug":"30w-fiber-laser-marking-machine","status":"publish","type":"product","link":"https:\/\/bogonglaser.com\/it\/30w-fiber-laser-marking-machine\/","title":{"rendered":"Macchina di marcatura laser a fibra 30W"},"content":{"rendered":"<p>Vi presentiamo la macchina per marcatura laser in fibra da 30W, un marcatore laser in fibra compatto e versatile, progettato per garantire potenza e adattabilit\u00e0. Che si tratti di incidere loghi, codici a barre, numeri di serie o disegni complessi, questa macchina offre risultati eccezionali per un'ampia gamma di applicazioni.<\/p>\n<p>Nonostante le dimensioni compatte, questo modello all-in-one offre prestazioni impressionanti, rendendolo perfetto per gli spazi ristretti e i progetti di marcatura pi\u00f9 piccoli. Il suo design leggero e portatile garantisce una facile maneggevolezza, consentendo marcature precise e accurate ogni volta, il tutto operando ad alta velocit\u00e0 con un'efficienza eccezionale.<\/p>\n<p>Questa macchina \u00e8 una scelta eccellente per le piccole imprese, le officine e gli amanti del fai-da-te alla ricerca di una soluzione di marcatura affidabile che non sacrifichi le prestazioni a causa dello spazio limitato. Se avete bisogno di un marcatore laser in fibra efficiente che si adatti perfettamente al vostro spazio di lavoro, questa \u00e8 l'opzione perfetta per voi.<\/p>\n<p><img decoding=\"async\" class=\"size-medium wp-image-7414\" src=\"https:\/\/bogonglaser.com\/wp-content\/uploads\/2024\/12\/2D-mini-all-in-one-PC-factory-photos-1-300x225.png\" alt=\"2D mini all-in-one PC factory photos\" width=\"300\" height=\"225\" title=\"\" srcset=\"https:\/\/bogonglaser.com\/wp-content\/uploads\/2024\/12\/2D-mini-all-in-one-PC-factory-photos-1-300x225.png 300w, https:\/\/bogonglaser.com\/wp-content\/uploads\/2024\/12\/2D-mini-all-in-one-PC-factory-photos-1-600x450.png 600w, https:\/\/bogonglaser.com\/wp-content\/uploads\/2024\/12\/2D-mini-all-in-one-PC-factory-photos-1-768x576.png 768w, https:\/\/bogonglaser.com\/wp-content\/uploads\/2024\/12\/2D-mini-all-in-one-PC-factory-photos-1-16x12.png 16w, https:\/\/bogonglaser.com\/wp-content\/uploads\/2024\/12\/2D-mini-all-in-one-PC-factory-photos-1.png 800w\" sizes=\"(max-width: 300px) 100vw, 300px\" \/><\/p>\n<p>Ecco le caratteristiche principali di <a href=\"https:\/\/bogonglaser.com\/it\/laser-marking-machine\/fiber-laser-marking-machine\/\">Macchina di marcatura laser a fibra<\/a>:<\/p>\n<p>1. Sorgente laser in fibra: Sorgente laser in fibra da 30w, ma \u00e8 anche possibile scegliere una potenza maggiore, come 50 o una piccola potenza di 20w in questo cabinet. sorgenti laser in fibra di alta qualit\u00e0 di marchi rinomati come JPT, Raycus o IPG. Potrete godere di un'eccellente chiarezza del fascio laser e di una lunga durata fino a 100.000 ore.<\/p>\n<p>2. Sistema di scansione digitale a galvanometro: Questa macchina \u00e8 dotata di un sistema laser scanner importato ad alta velocit\u00e0, in grado di raggiungere velocit\u00e0 di marcatura fino a 8.000 mm\/s, garantendo un funzionamento efficiente.<\/p>\n<p>3. Supporto per display PC: L'asse Z regolabile si estende fino a 700 mm, rendendolo perfetto per la marcatura su materiali pi\u00f9 spessi o alti.<\/p>\n<p>4. Interruttore di controllo: Il pannello di controllo di facile utilizzo presenta un arresto di emergenza, un interruttore a chiave e un interruttore di alimentazione, che facilitano il funzionamento e l'identificazione dei comandi.<\/p>\n<p>5. Sistema di sollevamento: La macchina include un volantino per regolare comodamente la distanza di messa a fuoco del laser, semplificando il processo operativo.<\/p>\n<p>6. Puntatore a luce rossa: Questa utile funzione evidenzia l'area di marcatura prima che inizi la marcatura laser vera e propria, migliorando la precisione e l'accuratezza.<\/p>\n<p>7. Software di marcatura laser: Il software di marcatura EZCAD \u00e8 dotato di potenti strumenti di editing che consentono di creare codici QR, numeri di serie e loghi vari. Supporta i formati di file DXF e PLT e viene fornito con un dettagliato manuale d'uso in inglese che vi guider\u00e0 in ogni fase del processo.<\/p>\n<p>8. Lente di scansione F-theta: Dotata di una lente F-theta di Singapore Ronar-Smith di alta qualit\u00e0, questa macchina garantisce che l'altezza del campo immagine sia quasi proporzionale all'angolo di scansione. Mantiene una distorsione di linearit\u00e0 inferiore a 1% senza richiedere una correzione software, con conseguente distorsione minima e risultati nitidi e chiari. L'obiettivo \u00e8 inoltre dotato di rivestimenti AR ad alta trasmittanza per ridurre la perdita di potenza e massimizzare la produttivit\u00e0.<\/p>\n<p>Grazie a queste caratteristiche avanzate, la macchina di marcatura laser in fibra \u00e8 progettata per garantire precisione, efficienza e facilit\u00e0 d'uso.<\/p>\n<figure id=\"attachment_7413\" aria-describedby=\"caption-attachment-7413\" style=\"width: 300px\" class=\"wp-caption alignnone\"><img decoding=\"async\" class=\"size-medium wp-image-7413\" src=\"https:\/\/bogonglaser.com\/wp-content\/uploads\/2024\/12\/2D-mini-all-in-one-PC-factory-photos-2-300x225.png\" alt=\"2D mini all-in-one PC factory photos\" width=\"300\" height=\"225\" title=\"\" srcset=\"https:\/\/bogonglaser.com\/wp-content\/uploads\/2024\/12\/2D-mini-all-in-one-PC-factory-photos-2-300x225.png 300w, https:\/\/bogonglaser.com\/wp-content\/uploads\/2024\/12\/2D-mini-all-in-one-PC-factory-photos-2-600x450.png 600w, https:\/\/bogonglaser.com\/wp-content\/uploads\/2024\/12\/2D-mini-all-in-one-PC-factory-photos-2-768x576.png 768w, https:\/\/bogonglaser.com\/wp-content\/uploads\/2024\/12\/2D-mini-all-in-one-PC-factory-photos-2-16x12.png 16w, https:\/\/bogonglaser.com\/wp-content\/uploads\/2024\/12\/2D-mini-all-in-one-PC-factory-photos-2.png 800w\" sizes=\"(max-width: 300px) 100vw, 300px\" \/><figcaption id=\"caption-attachment-7413\" class=\"wp-caption-text\">2D mini all-in-one PC factory photos<\/figcaption><\/figure>\n<p>Applicazione: Macchina di marcatura laser all-in-one per metallo, plastica e altro.<\/p>\n<p>Le nostre macchine di marcatura laser offrono una soluzione versatile ed efficiente per la marcatura di una variet\u00e0 di materiali come metallo, plastica e altro. Che si tratti di incidere loghi, numeri di serie o disegni intricati, il nostro laser adattabile \u00e8 in grado di affrontare numerose applicazioni, aumentando la produttivit\u00e0 e garantendo al contempo una qualit\u00e0 costante su diverse superfici.<\/p>\n<ul>\n<li><span class=\"magic-19\"><b class=\"magic-19\"><span class=\"magic-18\">Campioni di prova gratuiti -<\/span><\/b><span class=\"magic-20\" data-spm-anchor-id=\"a2700.details.0.i41.41d82402R4aegi\">Possiamo effettuare test gratuiti sull'effetto della marcatura in base al materiale del prodotto.<\/span><\/span><\/li>\n<li><span class=\"magic-19\"><b class=\"magic-19\"><span class=\"magic-18\">Video in diretta<\/span><\/b><span class=\"magic-20\">\u00c8 possibile collegarsi con i nostri consulenti di vendita per vedere il processo di produzione e il funzionamento della macchina in video online.<\/span><\/span><\/li>\n<li><span class=\"magic-19\"><b class=\"magic-19\"><span class=\"magic-18\">Personalizzato \/OEM-<\/span><\/b><span class=\"magic-20\" data-spm-anchor-id=\"a2700.details.0.i40.41d82402R4aegi\">Customised machines on request<\/span><\/span><\/li>\n<\/ul>\n<figure id=\"attachment_7412\" aria-describedby=\"caption-attachment-7412\" style=\"width: 300px\" class=\"wp-caption alignnone\"><img decoding=\"async\" class=\"size-medium wp-image-7412\" src=\"https:\/\/bogonglaser.com\/wp-content\/uploads\/2024\/12\/2D-mini-all-in-one-PC-factory-photos-300x300.jpg\" alt=\"2D mini all-in-one PC factory photos\" width=\"300\" height=\"300\" title=\"\" srcset=\"https:\/\/bogonglaser.com\/wp-content\/uploads\/2024\/12\/2D-mini-all-in-one-PC-factory-photos-300x300.jpg 300w, https:\/\/bogonglaser.com\/wp-content\/uploads\/2024\/12\/2D-mini-all-in-one-PC-factory-photos-100x100.jpg 100w, https:\/\/bogonglaser.com\/wp-content\/uploads\/2024\/12\/2D-mini-all-in-one-PC-factory-photos-600x600.jpg 600w, https:\/\/bogonglaser.com\/wp-content\/uploads\/2024\/12\/2D-mini-all-in-one-PC-factory-photos-150x150.jpg 150w, https:\/\/bogonglaser.com\/wp-content\/uploads\/2024\/12\/2D-mini-all-in-one-PC-factory-photos-768x768.jpg 768w, https:\/\/bogonglaser.com\/wp-content\/uploads\/2024\/12\/2D-mini-all-in-one-PC-factory-photos-12x12.jpg 12w, https:\/\/bogonglaser.com\/wp-content\/uploads\/2024\/12\/2D-mini-all-in-one-PC-factory-photos.jpg 1000w\" sizes=\"(max-width: 300px) 100vw, 300px\" \/><figcaption id=\"caption-attachment-7412\" class=\"wp-caption-text\">2D mini all-in-one PC factory photos<\/figcaption><\/figure>\n<p><iframe title=\"Piccola macchina di marcatura laser tutto in uno in vendita\" width=\"1290\" height=\"726\" src=\"https:\/\/www.youtube.com\/embed\/znNbIXDhuHE?feature=oembed\" frameborder=\"0\" allow=\"accelerometer; autoplay; clipboard-write; encrypted-media; gyroscope; picture-in-picture; web-share\" referrerpolicy=\"strict-origin-when-cross-origin\" allowfullscreen><\/iframe><\/p>\n<p>Termini di pagamento<\/p>\n<p>1. Deposito e saldo: \u00c8 richiesto un deposito 30% T\/T in anticipo, con il saldo dovuto prima della spedizione.<\/p>\n<p>2. Alibaba Trade Assurance: I pagamenti possono essere elaborati tramite Alibaba Trade Assurance.<\/p>\n<p>FAQ per la macchina di marcatura laser in fibra da 30W<\/p>\n<p>Qual \u00e8 l'imballaggio della macchina per la marcatura laser in fibra?<br \/>\nLe nostre macchine sono imballate in un sistema a tre strati. Lo strato esterno \u00e8 costituito da una cassa di legno, lo strato intermedio da un'imbottitura in schiuma per proteggere dagli urti e lo strato interno da una spessa busta di plastica per garantire l'impermeabilit\u00e0.<\/p>\n<p><iframe title=\"Piccola macchina di marcatura laser a fibra all-in-one | 20W 30W metallo plastica marcatore laser stampante incisore\" width=\"1290\" height=\"726\" src=\"https:\/\/www.youtube.com\/embed\/1gUXk1ygblo?feature=oembed\" frameborder=\"0\" allow=\"accelerometer; autoplay; clipboard-write; encrypted-media; gyroscope; picture-in-picture; web-share\" referrerpolicy=\"strict-origin-when-cross-origin\" allowfullscreen><\/iframe><\/p>\n<p>Il pacco subir\u00e0 danni durante il trasporto?<br \/>\nProgettiamo meticolosamente i nostri imballaggi per far fronte a tutti i potenziali fattori di danneggiamento e i nostri spedizionieri sono esperti nel trasporto sicuro. Abbiamo esportato con successo in 180 paesi, quindi potete essere certi che il vostro pacco arriver\u00e0 in condizioni eccellenti.<\/p>\n<p>&nbsp;<\/p>\n<p>La maggior parte dei clienti come scegliere il trasporto da UPS\/DHL espresso, pu\u00f2 arrivare a destinazione circa 5-7 giorni, contatto con BOGONG per ottenere pi\u00f9 dettagli su <a href=\"https:\/\/bogonglaser.com\/it\/laser-marking-machine\/fiber-laser-marking-machine\/\">macchina per la marcatura laser in fibra<\/a>.<\/p>\n<p>&nbsp;<\/p>","protected":false},"excerpt":{"rendered":"<h2>30W Fiber Laser Marking Machine<\/h2>\n<p>BOGONG 30W laser marking machine addopt 30W fiber laser and famous laser galvo head, 1064nm laser wavelength, It works with a variety of materials, such as stainless steel, titanium, aluminum, copper, brass, alloys, silver, and gold, allowing you to engrave names, logos, signs, letters, numbers, patterns, and photos. This all ine one laser marking machine is now available for sale at an affordable price, making it a great option for your budget.<\/p>\n<ul class=\"tips\">\n<li>350 Sets \/ Month Waiting for Sale In Stock<\/li>\n<li>2 Years Limited Warranty for Entire Machine<\/li>\n<li>3-5 days prepare laser machine, 3-7days transport.<\/li>\n<li>Online (PayPal) &amp; Offline (T\/T, Debit &amp; Credit Cards)<\/li>\n<\/ul>\n<hr \/>\n<h4><strong>Get a Quote<\/strong><\/h4>\n<p>[contact-form-7 id=&#8221;029fbc1&#8243; title=&#8221;Products Form&#8221;]<\/p>\n","protected":false},"featured_media":1966,"template":"","meta":{"_gspb_post_css":""},"product_brand":[],"product_cat":[97,93,96],"product_tag":[104,102],"class_list":{"0":"post-2119","1":"product","2":"type-product","3":"status-publish","4":"has-post-thumbnail","6":"product_cat-fiber-laser-marker","7":"product_cat-laser-engraving-machine","8":"product_cat-laser-marking-machine","9":"product_tag-laser-marker","10":"product_tag-laser-marking-machine","12":"first","13":"instock","14":"shipping-taxable","15":"product-type-simple"},"_links":{"self":[{"href":"https:\/\/bogonglaser.com\/it\/wp-json\/wp\/v2\/product\/2119","targetHints":{"allow":["GET"]}}],"collection":[{"href":"https:\/\/bogonglaser.com\/it\/wp-json\/wp\/v2\/product"}],"about":[{"href":"https:\/\/bogonglaser.com\/it\/wp-json\/wp\/v2\/types\/product"}],"wp:featuredmedia":[{"embeddable":true,"href":"https:\/\/bogonglaser.com\/it\/wp-json\/wp\/v2\/media\/1966"}],"wp:attachment":[{"href":"https:\/\/bogonglaser.com\/it\/wp-json\/wp\/v2\/media?parent=2119"}],"wp:term":[{"taxonomy":"product_brand","embeddable":true,"href":"https:\/\/bogonglaser.com\/it\/wp-json\/wp\/v2\/product_brand?post=2119"},{"taxonomy":"product_cat","embeddable":true,"href":"https:\/\/bogonglaser.com\/it\/wp-json\/wp\/v2\/product_cat?post=2119"},{"taxonomy":"product_tag","embeddable":true,"href":"https:\/\/bogonglaser.com\/it\/wp-json\/wp\/v2\/product_tag?post=2119"}],"curies":[{"name":"wp","href":"https:\/\/api.w.org\/{rel}","templated":true}]}}