{"id":2118,"date":"2024-12-04T15:48:23","date_gmt":"2024-12-04T07:48:23","guid":{"rendered":"https:\/\/bogonglaser.com\/?post_type=product&#038;p=2118"},"modified":"2025-12-10T17:33:56","modified_gmt":"2025-12-10T09:33:56","slug":"50w-split-fiber-laser-engraving-machine","status":"publish","type":"product","link":"https:\/\/bogonglaser.com\/it\/50w-split-fiber-laser-engraving-machine\/","title":{"rendered":"Mini macchina per l'incisione laser in fibra Split"},"content":{"rendered":"<p>Soluzioni personalizzate: Che si tratti di regali o di incisioni professionali, l'incisore laser BOGONG Mini split vi permette di realizzare facilmente le vostre visioni creative, offrendovi una piattaforma di possibilit\u00e0 illimitate.<\/p>\n<p>Area di incisione: Superficie di lavoro standard: 100*100 mm, 7,9\u00d77,9 pollici (200\u00d7200 mm) e superficie di lavoro 300*300 mm sono opzionali,<\/p>\n<p>La potenza del laser che si pu\u00f2 scegliere \u00e8: 20W 30W 50W 60W 100W e un'impressionante velocit\u00e0 di incisione di 10.000 mm\/s, questa macchina \u00e8 ideale per un'ampia gamma di progetti. (Obiettivo da 100*100 mm e 300*300 mm opzionale)<\/p>\n<figure id=\"attachment_7458\" aria-describedby=\"caption-attachment-7458\" style=\"width: 300px\" class=\"wp-caption alignnone\"><img decoding=\"async\" class=\"size-medium wp-image-7458\" src=\"https:\/\/bogonglaser.com\/wp-content\/uploads\/2024\/10\/bogong-new-design-1-300x225.png\" alt=\"bogong nuovo design\" width=\"300\" height=\"225\" title=\"\" srcset=\"https:\/\/bogonglaser.com\/wp-content\/uploads\/2024\/10\/bogong-new-design-1-300x225.png 300w, https:\/\/bogonglaser.com\/wp-content\/uploads\/2024\/10\/bogong-new-design-1-600x450.png 600w, https:\/\/bogonglaser.com\/wp-content\/uploads\/2024\/10\/bogong-new-design-1-768x576.png 768w, https:\/\/bogonglaser.com\/wp-content\/uploads\/2024\/10\/bogong-new-design-1-16x12.png 16w, https:\/\/bogonglaser.com\/wp-content\/uploads\/2024\/10\/bogong-new-design-1.png 800w\" sizes=\"(max-width: 300px) 100vw, 300px\" \/><figcaption id=\"caption-attachment-7458\" class=\"wp-caption-text\">bogong nuovo design<\/figcaption><\/figure>\n<p><iframe title=\"Vi presentiamo la mini macchina per l&#039;incisione laser BOOGNG: la vostra esperienza definitiva di incisione laser in fibra!\" width=\"1290\" height=\"726\" src=\"https:\/\/www.youtube.com\/embed\/DqvsGNxiQBc?feature=oembed\" frameborder=\"0\" allow=\"accelerometer; autoplay; clipboard-write; encrypted-media; gyroscope; picture-in-picture; web-share\" referrerpolicy=\"strict-origin-when-cross-origin\" allowfullscreen><\/iframe><\/p>\n<p>Interfaccia di controllo facile da usare: Questa macchina laser \u00e8 dotata di un pannello di controllo semplice EZCAD2 ed \u00e8 compatibile con il software LightBurn, che la rende accessibile sia ai principianti che agli utenti esperti. Potrete immergervi subito nella macchina e migliorare l'efficienza del vostro flusso di lavoro.<\/p>\n<p>Opzioni di materiali versatili: \u00c8 possibile incidere facilmente su un'ampia gamma di materiali, come ottone, carburo, granito, acciaio inossidabile, metallo e plastica. Questa flessibilit\u00e0 consente di dare vita a progetti unici di bricolage e creazioni artigianali.<\/p>\n<p>Design efficiente dal punto di vista dello spazio: Con un peso di 37 kg, questa macchina presenta un design diviso con colonne alte e un'area di lavorazione spaziosa, che la rende ideale per vari ambienti di lavoro, anche quelli con spazio limitato.<\/p>\n<p>Imballaggio protettivo: La macchina viene consegnata imbottita di schiuma per garantire che arrivi integra. Se si verificano problemi durante la spedizione, \u00e8 possibile richiedere un risarcimento.<\/p>\n<p>Assistenza prevendita completa: Che preferiate inviare un'e-mail, telefonare, chattare online o visitare il nostro rappresentante clienti, il nostro team dedicato fornisce un'assistenza completa per aiutarvi a comprendere ogni aspetto della macchina. Siamo qui per rispondere alle vostre domande e darvi la fiducia di cui avete bisogno.<\/p>\n<p>Assistenza post-vendita: Offriamo sessioni di installazione virtuale e assistenza tecnica esperta, oltre a una garanzia fino a 2 anni (solo per la macchina) per garantirvi la massima tranquillit\u00e0.<\/p>\n<figure id=\"attachment_7459\" aria-describedby=\"caption-attachment-7459\" style=\"width: 300px\" class=\"wp-caption alignnone\"><img decoding=\"async\" class=\"size-medium wp-image-7459\" src=\"https:\/\/bogonglaser.com\/wp-content\/uploads\/2024\/10\/mini-laser-machine-1-1-300x169.jpg\" alt=\"mini macchina laser\" width=\"300\" height=\"169\" title=\"\" srcset=\"https:\/\/bogonglaser.com\/wp-content\/uploads\/2024\/10\/mini-laser-machine-1-1-300x169.jpg 300w, https:\/\/bogonglaser.com\/wp-content\/uploads\/2024\/10\/mini-laser-machine-1-1-600x338.jpg 600w, https:\/\/bogonglaser.com\/wp-content\/uploads\/2024\/10\/mini-laser-machine-1-1-768x432.jpg 768w, https:\/\/bogonglaser.com\/wp-content\/uploads\/2024\/10\/mini-laser-machine-1-1-18x10.jpg 18w, https:\/\/bogonglaser.com\/wp-content\/uploads\/2024\/10\/mini-laser-machine-1-1.jpg 800w\" sizes=\"(max-width: 300px) 100vw, 300px\" \/><figcaption id=\"caption-attachment-7459\" class=\"wp-caption-text\">mini macchina laser<\/figcaption><\/figure>\n<h3>Mini Split Mini macchina di marcatura laser di incisione<\/h3>\n<p>Aumenta l'efficienza e la convenienza, massimizzando lo spazio, e rappresenta la scelta ideale per tutte le vostre esigenze di incisione.<\/p>\n<figure id=\"attachment_7475\" aria-describedby=\"caption-attachment-7475\" style=\"width: 300px\" class=\"wp-caption alignnone\"><img decoding=\"async\" class=\"size-medium wp-image-7475\" src=\"https:\/\/bogonglaser.com\/wp-content\/uploads\/2024\/12\/8099368FDA9E46B0E54E09A3AD53B032-1-300x123.jpg\" alt=\"8099368FDA9E46B0E54E09A3AD53B032\" width=\"300\" height=\"123\" title=\"\" srcset=\"https:\/\/bogonglaser.com\/wp-content\/uploads\/2024\/12\/8099368FDA9E46B0E54E09A3AD53B032-1-300x123.jpg 300w, https:\/\/bogonglaser.com\/wp-content\/uploads\/2024\/12\/8099368FDA9E46B0E54E09A3AD53B032-1-600x245.jpg 600w, https:\/\/bogonglaser.com\/wp-content\/uploads\/2024\/12\/8099368FDA9E46B0E54E09A3AD53B032-1-1024x419.jpg 1024w, https:\/\/bogonglaser.com\/wp-content\/uploads\/2024\/12\/8099368FDA9E46B0E54E09A3AD53B032-1-768x314.jpg 768w, https:\/\/bogonglaser.com\/wp-content\/uploads\/2024\/12\/8099368FDA9E46B0E54E09A3AD53B032-1-18x7.jpg 18w, https:\/\/bogonglaser.com\/wp-content\/uploads\/2024\/12\/8099368FDA9E46B0E54E09A3AD53B032-1.jpg 1247w\" sizes=\"(max-width: 300px) 100vw, 300px\" \/><figcaption id=\"caption-attachment-7475\" class=\"wp-caption-text\">8099368FDA9E46B0E54E09A3AD53B032<\/figcaption><\/figure>\n<h3>Capacit\u00e0 del materiale<\/h3>\n<div class=\"collapsible-tab__text\">\n<p><strong>Metalli:<\/strong>\u00a0Acciaio inossidabile, alluminio, leghe comuni, alluminio anodizzato, ottone, cromo, oro e argento, titanio<\/p>\n<p><strong>Non metalli:<\/strong>\u00a0Ardesia, plastica dura, pelle artificiale, acrilico colorato<\/p>\n<\/div>\n<p><iframe title=\"Cosa pu\u00f2 fare una taglierina laser da 50W? | La migliore macchina per la marcatura laser in fibra Raycus da 50 watt in vendita\" width=\"1290\" height=\"968\" src=\"https:\/\/www.youtube.com\/embed\/1DLnYH3dJXQ?feature=oembed\" frameborder=\"0\" allow=\"accelerometer; autoplay; clipboard-write; encrypted-media; gyroscope; picture-in-picture; web-share\" referrerpolicy=\"strict-origin-when-cross-origin\" allowfullscreen><\/iframe><\/p>\n<p class=\"section-header__title\">Tecnologia laser avanzata<br \/>\nLa sorgente laser stabile e famosa di questa macchina per la marcatura in fibra garantisce prestazioni costanti e affidabili, vantando un tempo medio di guasto di oltre 100.000 ore.<\/p>\n<p><iframe title=\"Come UTILIZZARE una macchina di marcatura laser in fibra passo dopo passo per lavori di incisione | China Laser Engraver\" width=\"1290\" height=\"726\" src=\"https:\/\/www.youtube.com\/embed\/WoOi7mteSzM?feature=oembed\" frameborder=\"0\" allow=\"accelerometer; autoplay; clipboard-write; encrypted-media; gyroscope; picture-in-picture; web-share\" referrerpolicy=\"strict-origin-when-cross-origin\" allowfullscreen><\/iframe><\/p>\n<p>Il pacchetto comprende<br \/>\n- 1 x macchina marcatrice laser a fibra<br \/>\n- 1 cavo di alimentazione<br \/>\n- 1 x pedale<br \/>\n- 1 paio di occhiali di sicurezza laser<br \/>\n- 1 unit\u00e0 flash USB<br \/>\n- 1 righello<br \/>\n- 1 x Manuale di istruzioni<\/p>\n<p>- 1 x Scheda di prova in alluminio<\/p>\n<p>- 1 x Strumenti<\/p>\n<p><iframe title=\"Disimballaggio della macchina per l&#039;incisione laser in fibra BOGONG MINI | Miglior INGEGNERE LASER BOGONG\" width=\"1290\" height=\"726\" src=\"https:\/\/www.youtube.com\/embed\/_96ZvRvowGE?feature=oembed\" frameborder=\"0\" allow=\"accelerometer; autoplay; clipboard-write; encrypted-media; gyroscope; picture-in-picture; web-share\" referrerpolicy=\"strict-origin-when-cross-origin\" allowfullscreen><\/iframe><\/p>\n<h2>Come scegliere il marchio giusto<\/h2>\n<p>Investire in un <a href=\"https:\/\/bogonglaser.com\/it\/laser-engraving-machine\/\">macchina per l'incisione di pistole laser in fibra<\/a> \u00e8 una decisione importante, quindi \u00e8 essenziale scegliere un marchio che offra valore e affidabilit\u00e0. Ecco alcuni fattori importanti da considerare per scegliere il marchio giusto per le vostre esigenze:<\/p>\n<p>Reputazione del marchio: Ricercate la reputazione e l'affidabilit\u00e0 del marchio nel settore. Cercate aziende note per i loro prodotti di qualit\u00e0.<\/p>\n<p>Esperienza nel settore: Valutare l'esperienza e la competenza del marchio nel campo dell'incisione laser.<\/p>\n<p>Qualit\u00e0 e innovazione dei prodotti: Considerate la qualit\u00e0 dei prodotti e le innovazioni tecnologiche offerte.<\/p>\n<p>Variet\u00e0 di modelli: Cercate un marchio che offra una vasta gamma di modelli con specifiche diverse per soddisfare le vostre esigenze specifiche.<\/p>\n<p>Assistenza post-vendita: Verificare il livello di assistenza post-vendita offerto. Un servizio clienti affidabile \u00e8 fondamentale per risolvere eventuali problemi.<\/p>\n<p>Garanzia: Esaminare le politiche di garanzia associate ai prodotti per assicurarsi di essere protetti in caso di difetti o problemi.<\/p>\n<p>Infine, il prezzo e il valore complessivo sono considerazioni fondamentali. Assicuratevi di esaminare i feedback e le raccomandazioni degli utenti per prendere una decisione informata.<\/p>\n<p>**Perch\u00e9 scegliere BOGONG LASER**<\/p>\n<p>BOGONG \u00e8 famosa per la qualit\u00e0 delle apparecchiature laser e per il servizio di assistenza post-vendita. Le nostre macchine sono versatili e facili da usare, progettate tenendo conto di tutti i livelli di abilit\u00e0. Soprattutto, diamo priorit\u00e0 alla soddisfazione del cliente. Che siate esperti o principianti, <a href=\"https:\/\/bogonglaser.com\/it\/\">LASER BOGONG<\/a> \u00e8 qui per sostenervi in ogni fase del percorso. Fidatevi di noi e del nostro servizio, dove eccellenza e innovazione si fondono per il vostro successo.<\/p>","protected":false},"excerpt":{"rendered":"<h2>Macchina per l'incisione laser in fibra Mini Split<\/h2>\n<p>Macchina per incisione laser in fibra BOGONG con design diviso, peso leggero e dimensioni ridotte.<\/p>\n<ul class=\"tips\">\n<li>300 set\/mese in attesa di vendita In magazzino<\/li>\n<li>2 anni di garanzia limitata per l'intera macchina<\/li>\n<li>Online (PayPal) e offline (T\/T, carte di debito e di credito)<\/li>\n<li>Assistenza tecnica gratuita a vita per utenti finali e rivenditori<\/li>\n<\/ul>","protected":false},"featured_media":1639,"template":"","meta":{"_gspb_post_css":""},"product_brand":[],"product_cat":[97,93,96],"product_tag":[123,102],"class_list":{"0":"post-2118","1":"product","2":"type-product","3":"status-publish","4":"has-post-thumbnail","6":"product_cat-fiber-laser-marker","7":"product_cat-laser-engraving-machine","8":"product_cat-laser-marking-machine","9":"product_tag-fiber-laser-marking-machine","10":"product_tag-laser-marking-machine","12":"first","13":"instock","14":"shipping-taxable","15":"product-type-simple"},"_links":{"self":[{"href":"https:\/\/bogonglaser.com\/it\/wp-json\/wp\/v2\/product\/2118","targetHints":{"allow":["GET"]}}],"collection":[{"href":"https:\/\/bogonglaser.com\/it\/wp-json\/wp\/v2\/product"}],"about":[{"href":"https:\/\/bogonglaser.com\/it\/wp-json\/wp\/v2\/types\/product"}],"wp:featuredmedia":[{"embeddable":true,"href":"https:\/\/bogonglaser.com\/it\/wp-json\/wp\/v2\/media\/1639"}],"wp:attachment":[{"href":"https:\/\/bogonglaser.com\/it\/wp-json\/wp\/v2\/media?parent=2118"}],"wp:term":[{"taxonomy":"product_brand","embeddable":true,"href":"https:\/\/bogonglaser.com\/it\/wp-json\/wp\/v2\/product_brand?post=2118"},{"taxonomy":"product_cat","embeddable":true,"href":"https:\/\/bogonglaser.com\/it\/wp-json\/wp\/v2\/product_cat?post=2118"},{"taxonomy":"product_tag","embeddable":true,"href":"https:\/\/bogonglaser.com\/it\/wp-json\/wp\/v2\/product_tag?post=2118"}],"curies":[{"name":"wp","href":"https:\/\/api.w.org\/{rel}","templated":true}]}}