{"id":2099,"date":"2024-12-04T09:34:52","date_gmt":"2024-12-04T01:34:52","guid":{"rendered":"https:\/\/bogonglaser.com\/?post_type=product&#038;p=2099"},"modified":"2025-12-10T16:19:29","modified_gmt":"2025-12-10T08:19:29","slug":"automatic-loading-laser-tube-cutting-machine","status":"publish","type":"product","link":"https:\/\/bogonglaser.com\/it\/automatic-loading-laser-tube-cutting-machine\/","title":{"rendered":"Tagliatrice automatica del tubo del laser di caricamento"},"content":{"rendered":"<p>Macchina automatica per il taglio laser dei tubi<\/p>\n<p>The Automatic Tube Laser Cutting Machine features a unique upper feeding structure that optimizes space efficiency.<\/p>\n<p>1. Tre mandrini sono bloccati contemporaneamente per evitare la deformazione del tubo.<br \/>\n2. Il tubo viene allineato automaticamente per evitare che si muova.<br \/>\n3. Pu\u00f2 essere dotato di carico e scarico automatico, con conseguente risparmio di manodopera.<br \/>\n4. Doppia funzione di trazione per realizzare la lavorazione di raccordi per tubi ultra lunghi.<br \/>\n5. Supporto flottante intermedio e supporto di tranciatura successivo<br \/>\n6. Impedire il cedimento del tubo, la tranciatura ausiliaria, garantire la precisione del taglio.<br \/>\n7. Design antipolvere chiuso, per migliorare la durata della struttura<br \/>\n8. Pu\u00f2 essere dotato di una speciale testa di taglio laser per adattarsi a qualsiasi lavorazione complessa di taglio dei tubi.<br \/>\n9. Evita la carta centrale, il bloccaggio del terzo mandrino, pu\u00f2 essere convertito da un'estremit\u00e0 all'altra, facile materiale a coda zero.<\/p>\n<p><img decoding=\"async\" class=\"size-medium wp-image-7380\" src=\"https:\/\/bogonglaser.com\/wp-content\/uploads\/2024\/12\/Automatic-feeding-pipe-cutting-machine-300x300.jpg\" alt=\"Automatic feeding pipe cutting machine\" width=\"300\" height=\"300\" title=\"\" srcset=\"https:\/\/bogonglaser.com\/wp-content\/uploads\/2024\/12\/Automatic-feeding-pipe-cutting-machine-300x300.jpg 300w, https:\/\/bogonglaser.com\/wp-content\/uploads\/2024\/12\/Automatic-feeding-pipe-cutting-machine-100x100.jpg 100w, https:\/\/bogonglaser.com\/wp-content\/uploads\/2024\/12\/Automatic-feeding-pipe-cutting-machine-600x600.jpg 600w, https:\/\/bogonglaser.com\/wp-content\/uploads\/2024\/12\/Automatic-feeding-pipe-cutting-machine-150x150.jpg 150w, https:\/\/bogonglaser.com\/wp-content\/uploads\/2024\/12\/Automatic-feeding-pipe-cutting-machine-12x12.jpg 12w, https:\/\/bogonglaser.com\/wp-content\/uploads\/2024\/12\/Automatic-feeding-pipe-cutting-machine.jpg 750w\" sizes=\"(max-width: 300px) 100vw, 300px\" \/><\/p>\n<p>&nbsp;<\/p>\n<p><strong>Diametro del tubo:<\/strong><\/p>\n<p>Questa macchina lavora tubi con diametri che vanno da \u03c6 10 a \u03c6 180 per l'alimentazione automatica; se il tubo viene caricato manualmente, il diametro massimo della taglierina laser \u00e8 di 240 mm.<\/p>\n<p>&nbsp;<\/p>\n<p>Vantaggi:<\/p>\n<p>- La velocit\u00e0 di taglio e l'elevata efficienza garantiscono la produttivit\u00e0.<br \/>\n- Funzionamento sicuro e prestazioni stabili.<br \/>\n- Tagli di alta qualit\u00e0 con deformazioni minime, per una finitura liscia e gradevole.<br \/>\n- Dotato di servomotori e guide importate per una maggiore precisione di taglio.<br \/>\n- Il software di facile utilizzo consente l'elaborazione in tempo reale di vari grafici e testi, offrendo un funzionamento flessibile e semplice.<\/p>\n<p>&nbsp;<\/p>\n<p>Altri tagliatori laser per tubi:<\/p>\n<p>Offre modalit\u00e0 di funzionamento manuali e automatiche.<\/p>\n<div class=\"sub-header-divs\">\n<h3>Prestazioni<\/h3>\n<\/div>\n<ul>\n<li>Mezzo laser - Laser a fibra allo stato solido CW 1070nm<\/li>\n<li>Potenza laser - 1500W -6000W Opzioni della sorgente in fibra<\/li>\n<li>Potenza - <strong>220v Singolo \/ 380V 3 Fasi<\/strong><\/li>\n<li>Precisione di posizionamento - \u2264\u00b10,03 mm<\/li>\n<li>Precisione di ripetibilit\u00e0 - \u2264\u00b10,02 mm<\/li>\n<\/ul>\n<div class=\"sub-header-divs\">\n<h3>Sistema<\/h3>\n<\/div>\n<ul>\n<li>Sistema di guida - Servoassistenza ad anello chiuso<\/li>\n<li>Modalit\u00e0 di raffreddamento - Acqua refrigerata<\/li>\n<\/ul>\n<p><iframe title=\"Tagliatrice professionale del tubo del metallo del laser della fibra | Tagliatrice del laser del tubo\" width=\"1290\" height=\"726\" src=\"https:\/\/www.youtube.com\/embed\/P8_Y7zygTnw?feature=oembed\" frameborder=\"0\" allow=\"accelerometer; autoplay; clipboard-write; encrypted-media; gyroscope; picture-in-picture; web-share\" referrerpolicy=\"strict-origin-when-cross-origin\" allowfullscreen><\/iframe><\/p>\n<p>BOGONG \u00e8 famosa per la qualit\u00e0 delle apparecchiature laser e per il servizio di assistenza post-vendita. Le nostre macchine sono versatili e facili da usare, progettate tenendo conto di tutti i livelli di abilit\u00e0. Soprattutto, diamo priorit\u00e0 alla soddisfazione del cliente. Che siate esperti o principianti, BOGONG LASER \u00e8 qui per supportarvi in ogni momento. Fidatevi di noi e del nostro servizio, dove eccellenza e innovazione si fondono per il vostro successo.<\/p>","protected":false},"excerpt":{"rendered":"<p>\u00c8 in grado di lavorare una variet\u00e0 di materiali metallici, tra cui tubi in acciaio inossidabile, tubi in acciaio al carbonio e tubi zincati. Questa macchina \u00e8 ampiamente utilizzata in settori quali la fabbricazione di metalli, la produzione di utensili da cucina, materiali decorativi, armadi e altro ancora.<\/p>\n<ul class=\"tips\">\n<li>10 set\/mese in attesa di vendita In magazzino<\/li>\n<li>2 anni di garanzia limitata per l'intera macchina<\/li>\n<li>Online (PayPal) e offline (T\/T, carte di debito e di credito)<\/li>\n<li>Assistenza tecnica gratuita a vita per utenti finali e rivenditori<\/li>\n<\/ul>","protected":false},"featured_media":2101,"template":"","meta":{"_gspb_post_css":""},"product_brand":[],"product_cat":[117,92,118],"product_tag":[122,105],"class_list":{"0":"post-2099","1":"product","2":"type-product","3":"status-publish","4":"has-post-thumbnail","6":"product_cat-fiber-laser-cutting-machine","7":"product_cat-laser-cutting-machine","8":"product_cat-laser-metal-cutting-machine","9":"product_tag-auto-tube-laser-cutting-machine","10":"product_tag-fiber-laser-cutting-machine","12":"first","13":"instock","14":"shipping-taxable","15":"product-type-simple"},"_links":{"self":[{"href":"https:\/\/bogonglaser.com\/it\/wp-json\/wp\/v2\/product\/2099","targetHints":{"allow":["GET"]}}],"collection":[{"href":"https:\/\/bogonglaser.com\/it\/wp-json\/wp\/v2\/product"}],"about":[{"href":"https:\/\/bogonglaser.com\/it\/wp-json\/wp\/v2\/types\/product"}],"wp:featuredmedia":[{"embeddable":true,"href":"https:\/\/bogonglaser.com\/it\/wp-json\/wp\/v2\/media\/2101"}],"wp:attachment":[{"href":"https:\/\/bogonglaser.com\/it\/wp-json\/wp\/v2\/media?parent=2099"}],"wp:term":[{"taxonomy":"product_brand","embeddable":true,"href":"https:\/\/bogonglaser.com\/it\/wp-json\/wp\/v2\/product_brand?post=2099"},{"taxonomy":"product_cat","embeddable":true,"href":"https:\/\/bogonglaser.com\/it\/wp-json\/wp\/v2\/product_cat?post=2099"},{"taxonomy":"product_tag","embeddable":true,"href":"https:\/\/bogonglaser.com\/it\/wp-json\/wp\/v2\/product_tag?post=2099"}],"curies":[{"name":"wp","href":"https:\/\/api.w.org\/{rel}","templated":true}]}}