{"id":2075,"date":"2024-12-02T15:16:04","date_gmt":"2024-12-02T07:16:04","guid":{"rendered":"https:\/\/bogonglaser.com\/?post_type=product&#038;p=2075"},"modified":"2025-12-10T16:33:52","modified_gmt":"2025-12-10T08:33:52","slug":"all-in-one-fiber-laser-metal-cutting-machine-tube-and-metal-sheet-laser-cutting-machine","status":"publish","type":"product","link":"https:\/\/bogonglaser.com\/it\/all-in-one-fiber-laser-metal-cutting-machine-tube-and-metal-sheet-laser-cutting-machine\/","title":{"rendered":"Macchina per il taglio laser della piastra e del tubo in fibra combinata"},"content":{"rendered":"<p>Una macchina per il taglio laser di lamiere e tubi \u00e8 versatile, in grado di tagliare non solo lamiere ma anche tubi. Questo sistema di taglio laser in fibra integra le funzioni di lavorazione delle lamiere e dei tubi, rispondendo a diverse esigenze dei clienti, come il taglio a smusso, la foratura e l'asolatura. Questa combinazione consente di risparmiare sui costi e sullo spazio, migliorando al contempo l'efficienza produttiva.<\/p>\n<p>Sia che lavorino con materiali metallici o non metallici, le macchine per il taglio laser di lamiere e tubi sono in grado di tagliare con precisione varie forme e dimensioni di tubi e lamiere. Producono bordi di alta qualit\u00e0 che in genere non richiedono ulteriori operazioni di pulizia, lavorazione o finitura, riducendo cos\u00ec al minimo la necessit\u00e0 di operazioni secondarie.<\/p>\n<p>Questi <a href=\"https:\/\/bogonglaser.com\/it\/fiber-laser-cutter\/\">Macchine per il taglio laser in fibra CNC<\/a> possono regolare facilmente le impostazioni del laser per adattarsi a diversi tipi di materiali e spessori, da 1 a 200 mm. Sono adatti a un'ampia gamma di materiali metallici, tra cui acciaio inossidabile, acciaio al carbonio, rame, alluminio, ottone, oro, argento, ferro, titanio, lamiere zincate e varie leghe.<\/p>\n<div class=\"sub-header-divs\">\n<h3>Prestazioni<\/h3>\n<\/div>\n<ul>\n<li>Mezzo laser - Laser a fibra allo stato solido CW 1070nm<\/li>\n<li>Potenza laser - 1500W -10000W Opzioni della sorgente in fibra<\/li>\n<li>Potenza - <strong>\u00a0380V 3 Fase<\/strong><\/li>\n<li>Precisione di posizionamento - \u2264\u00b10,03 mm<\/li>\n<li>Precisione di ripetibilit\u00e0 - \u2264\u00b10,02 mm<\/li>\n<\/ul>\n<div class=\"sub-header-divs\">\n<h3>Sistema<\/h3>\n<\/div>\n<ul>\n<li>Sistema di guida - Servoassistenza ad anello chiuso<\/li>\n<li>Modalit\u00e0 di raffreddamento - Acqua refrigerata<\/li>\n<\/ul>\n<p>Le taglierine laser a fibra per lamiere e tubi offrono due funzioni in un'unica macchina, garantendo efficienza di spazio e risparmio di costi, oltre a essere flessibili e versatili. Richiedete subito un preventivo!<\/p>\n<p>BOGONG \u00e8 famosa per la qualit\u00e0 delle apparecchiature laser e per il servizio di assistenza post-vendita. Le nostre macchine sono versatili e facili da usare, progettate tenendo conto di tutti i livelli di abilit\u00e0. Soprattutto, diamo priorit\u00e0 alla soddisfazione del cliente. Che siate esperti o principianti, <a href=\"https:\/\/bogonglaser.com\/it\/\">LASER BOGONG<\/a> \u00e8 qui per sostenervi in ogni fase del percorso. Fidatevi di noi e del nostro servizio, dove eccellenza e innovazione si fondono per il vostro successo.<\/p>","protected":false},"excerpt":{"rendered":"<p>The sheet and tube laser cutting machine is designed to cut a variety of common metal materials, including stainless steel, aluminum alloy, copper, titanium alloy, carbon steel, and various alloy steels. When working with sheet metal, the machine can handle sheet metal. For tube cutting, it can process tubes of various diameters and wall thicknesses, with common diameters ranging from 20 mm to 200 mm. The integrated functionality and high efficiency of this sheet and tube laser cutting machine make it an essential tool in today\u2019s metal processing industry.<\/p>\n<ul class=\"tips\">\n<li>20 Sets \/ Month Waiting for Sale In Stock<\/li>\n<li>2 Years Limited Warranty for Entire Machine<\/li>\n<li>Online (PayPal) &amp; Offline (T\/T, Debit &amp; Credit Cards)<\/li>\n<li>Lifetime Free Technical Support for End-Users &amp; Dealers<\/li>\n<\/ul>\n<hr \/>\n<h4><strong>Get a Quote<\/strong><\/h4>\n<p>[contact-form-7 id=&#8221;029fbc1&#8243; title=&#8221;Products Form&#8221;]<\/p>\n","protected":false},"featured_media":2077,"template":"","meta":{"_gspb_post_css":""},"product_brand":[],"product_cat":[117,92,118],"product_tag":[105,106],"class_list":{"0":"post-2075","1":"product","2":"type-product","3":"status-publish","4":"has-post-thumbnail","6":"product_cat-fiber-laser-cutting-machine","7":"product_cat-laser-cutting-machine","8":"product_cat-laser-metal-cutting-machine","9":"product_tag-fiber-laser-cutting-machine","10":"product_tag-laser-cutting-machine","12":"first","13":"instock","14":"shipping-taxable","15":"product-type-simple"},"_links":{"self":[{"href":"https:\/\/bogonglaser.com\/it\/wp-json\/wp\/v2\/product\/2075","targetHints":{"allow":["GET"]}}],"collection":[{"href":"https:\/\/bogonglaser.com\/it\/wp-json\/wp\/v2\/product"}],"about":[{"href":"https:\/\/bogonglaser.com\/it\/wp-json\/wp\/v2\/types\/product"}],"wp:featuredmedia":[{"embeddable":true,"href":"https:\/\/bogonglaser.com\/it\/wp-json\/wp\/v2\/media\/2077"}],"wp:attachment":[{"href":"https:\/\/bogonglaser.com\/it\/wp-json\/wp\/v2\/media?parent=2075"}],"wp:term":[{"taxonomy":"product_brand","embeddable":true,"href":"https:\/\/bogonglaser.com\/it\/wp-json\/wp\/v2\/product_brand?post=2075"},{"taxonomy":"product_cat","embeddable":true,"href":"https:\/\/bogonglaser.com\/it\/wp-json\/wp\/v2\/product_cat?post=2075"},{"taxonomy":"product_tag","embeddable":true,"href":"https:\/\/bogonglaser.com\/it\/wp-json\/wp\/v2\/product_tag?post=2075"}],"curies":[{"name":"wp","href":"https:\/\/api.w.org\/{rel}","templated":true}]}}