{"id":2005,"date":"2024-11-01T11:05:32","date_gmt":"2024-11-01T03:05:32","guid":{"rendered":"https:\/\/bogonglaser.com\/?post_type=product&#038;p=2005"},"modified":"2025-12-10T16:27:16","modified_gmt":"2025-12-10T08:27:16","slug":"bevel-fiber-laser-cutting-machine-groove-cutting-chamfering-by-fiber-laser-cutter","status":"publish","type":"product","link":"https:\/\/bogonglaser.com\/it\/bevel-fiber-laser-cutting-machine-groove-cutting-chamfering-by-fiber-laser-cutter\/","title":{"rendered":"Tagliatrice del laser della fibra dello smusso | taglio della scanalatura, smussante dalla taglierina del laser della fibra"},"content":{"rendered":"<h1>Macchina per il taglio laser dello smusso<\/h1>\n<p>Il taglio a smusso richiede una conoscenza precisa sia della macchina laser che dei processi di taglio coinvolti. Per ottenere la qualit\u00e0 di precisione richiesta \u00e8 necessario prestare molta attenzione agli angoli, agli ingressi e alle uscite, che devono essere eseguiti in una sequenza specifica. Anche la programmazione dei pezzi tagliati svolge un ruolo critico nel mantenimento della precisione, richiedendo funzioni ausiliarie speciali per configurare il software per il taglio obliquo di precisione.<\/p>\n<p>I sistemi automatici sono completamente controllati e non richiedono regolazioni manuali, garantendo prestazioni costanti.<\/p>\n<div class=\"sub-header-divs\">\n<h3>Prestazioni<\/h3>\n<\/div>\n<ul>\n<li>Mezzo laser - Laser a fibra allo stato solido CW 1070nm<\/li>\n<li>Potenza laser - 6000W -40000W Opzioni della sorgente in fibra<\/li>\n<li>Potenza - <strong>\u00a0380V 3 Fase<\/strong><\/li>\n<li>Precisione di posizionamento - \u2264\u00b10,03 mm<\/li>\n<li>Precisione di ripetibilit\u00e0 - \u2264\u00b10,02 mm<\/li>\n<\/ul>\n<div class=\"sub-header-divs\">\n<h3>Sistema<\/h3>\n<\/div>\n<ul>\n<li>Sistema di guida - Servoassistenza ad anello chiuso<\/li>\n<li>Modalit\u00e0 di raffreddamento - Acqua refrigerata<\/li>\n<\/ul>\n<p>La nostra macchina per il taglio laser di smussi di lamiere metalliche si distacca dal tradizionale taglio rettilineo a 0\u00b0, consentendo tagli precisi di smussi fino a 45\u00b0 su superfici piane. Questa macchina gestisce in modo efficiente vari design di smusso, tra cui forme a V, X e Y, completando i processi di taglio e fresatura in un'unica operazione. Di conseguenza, si ottengono pezzi con una precisione dimensionale e una qualit\u00e0 superficiale eccezionali, che aumentano significativamente l'efficienza, garantiscono un'elevata qualit\u00e0 e risparmiano risorse.<\/p>\n<p><iframe title=\"TAGLIO DI BUDO con macchina di taglio laser in fibra | Taglio di scanalature, smussatura con taglierina laser in fibra\" width=\"1290\" height=\"726\" src=\"https:\/\/www.youtube.com\/embed\/2ejtVyjr7UY?feature=oembed\" frameborder=\"0\" allow=\"accelerometer; autoplay; clipboard-write; encrypted-media; gyroscope; picture-in-picture; web-share\" referrerpolicy=\"strict-origin-when-cross-origin\" allowfullscreen><\/iframe><\/p>\n<p>If you&#8217;d like more information or want to inquire about the price of our bevel fiber laser cutting machine, feel free to reach out via email!Achieve perfect bevels in a single pass with our advanced cutting technology! Our machine can perform \u00b145\u00b0 bevel cutting, providing an exceptional fit for welding. The cut-offs produced are ideal for zero gap welding, eliminating the need for extra cutting or grinding. This results in a remarkable 75% increase in efficiency compared to traditional metal cutters.<\/p>\n<p>La nostra potente testa di taglio a smusso \u00e8 dotata di un sofisticato sistema di controllo tridimensionale a cinque assi, che consente un controllo preciso dell'angolo e garantisce tagli a smusso di alta qualit\u00e0 ogni volta.<\/p>\n<p>Apprezzerete anche i vantaggi della perforazione obliqua, che consente un posizionamento preciso dopo la perforazione e migliora l'efficienza complessiva del taglio.<\/p>\n<p>BOGONG \u00e8 famosa per la qualit\u00e0 delle apparecchiature laser e per il servizio di assistenza post-vendita. Le nostre macchine sono versatili e facili da usare, progettate tenendo conto di tutti i livelli di abilit\u00e0. Soprattutto, diamo priorit\u00e0 alla soddisfazione del cliente. Che siate esperti o principianti, BOGONG LASER \u00e8 qui per supportarvi in ogni momento. Fidatevi di noi e del nostro servizio, dove eccellenza e innovazione si fondono per il vostro successo.<\/p>","protected":false},"excerpt":{"rendered":"<p>La macchina per il taglio laser in fibra degli smussi semplifica il processo di taglio degli smussi del metallo, producendo smussi perfetti in una sola passata. Grazie all'avanzato sistema di controllo tridimensionale a cinque assi, la testa di taglio ad alta potenza di BOGONG Laser gestisce con precisione gli angoli di taglio degli smussi, garantendo tagli di alta qualit\u00e0 ogni volta. Di conseguenza, i pezzi finiti sono pi\u00f9 adatti alla saldatura senza saldatura rispetto ai metodi tradizionali.<\/p>\n<ul class=\"tips\">\n<li>20 Set \/ Mese in attesa di vendita In magazzino<\/li>\n<li>2 anni di garanzia limitata per l'intera macchina<\/li>\n<li>Online (PayPal) e offline (T\/T, carte di debito e di credito)<\/li>\n<li>Assistenza tecnica gratuita a vita per utenti finali e rivenditori<\/li>\n<\/ul>","protected":false},"featured_media":2007,"template":"","meta":{"_gspb_post_css":""},"product_brand":[],"product_cat":[117,92,118],"product_tag":[105,106],"class_list":{"0":"post-2005","1":"product","2":"type-product","3":"status-publish","4":"has-post-thumbnail","6":"product_cat-fiber-laser-cutting-machine","7":"product_cat-laser-cutting-machine","8":"product_cat-laser-metal-cutting-machine","9":"product_tag-fiber-laser-cutting-machine","10":"product_tag-laser-cutting-machine","12":"first","13":"instock","14":"shipping-taxable","15":"product-type-simple"},"_links":{"self":[{"href":"https:\/\/bogonglaser.com\/it\/wp-json\/wp\/v2\/product\/2005","targetHints":{"allow":["GET"]}}],"collection":[{"href":"https:\/\/bogonglaser.com\/it\/wp-json\/wp\/v2\/product"}],"about":[{"href":"https:\/\/bogonglaser.com\/it\/wp-json\/wp\/v2\/types\/product"}],"wp:featuredmedia":[{"embeddable":true,"href":"https:\/\/bogonglaser.com\/it\/wp-json\/wp\/v2\/media\/2007"}],"wp:attachment":[{"href":"https:\/\/bogonglaser.com\/it\/wp-json\/wp\/v2\/media?parent=2005"}],"wp:term":[{"taxonomy":"product_brand","embeddable":true,"href":"https:\/\/bogonglaser.com\/it\/wp-json\/wp\/v2\/product_brand?post=2005"},{"taxonomy":"product_cat","embeddable":true,"href":"https:\/\/bogonglaser.com\/it\/wp-json\/wp\/v2\/product_cat?post=2005"},{"taxonomy":"product_tag","embeddable":true,"href":"https:\/\/bogonglaser.com\/it\/wp-json\/wp\/v2\/product_tag?post=2005"}],"curies":[{"name":"wp","href":"https:\/\/api.w.org\/{rel}","templated":true}]}}