{"id":1981,"date":"2024-11-25T16:08:24","date_gmt":"2024-11-25T08:08:24","guid":{"rendered":"https:\/\/bogonglaser.com\/?post_type=product&#038;p=1981"},"modified":"2025-12-10T16:38:46","modified_gmt":"2025-12-10T08:38:46","slug":"smallest-fiber-laser-cutting-machine-for-brass-gold-silver","status":"publish","type":"product","link":"https:\/\/bogonglaser.com\/it\/smallest-fiber-laser-cutting-machine-for-brass-gold-silver\/","title":{"rendered":"Pi\u00f9 piccola macchina di taglio del laser della fibra per ottone, oro, argento"},"content":{"rendered":"<p>Siete alla ricerca della migliore macchina per il taglio laser di precisione (1500W, 2000W o 3000W) per creare gioielli in metallo personalizzati come anelli, orecchini, ciondoli, bracciali, gemelli, collane, spille e altri ornamenti personalizzati in argento, oro, rame o acciaio inossidabile? Date un'occhiata alle mini taglierine laser in fibra compatte pi\u00f9 quotate, disponibili per la vendita a prezzo di costo.<\/p>\n<p><img decoding=\"async\" class=\"size-medium wp-image-7399\" src=\"https:\/\/bogonglaser.com\/wp-content\/uploads\/2024\/11\/precision-laser-cutter-1-300x174.jpg\" alt=\"taglierina laser di precisione\" width=\"300\" height=\"174\" title=\"\" srcset=\"https:\/\/bogonglaser.com\/wp-content\/uploads\/2024\/11\/precision-laser-cutter-1-300x174.jpg 300w, https:\/\/bogonglaser.com\/wp-content\/uploads\/2024\/11\/precision-laser-cutter-1-18x10.jpg 18w, https:\/\/bogonglaser.com\/wp-content\/uploads\/2024\/11\/precision-laser-cutter-1.jpg 432w\" sizes=\"(max-width: 300px) 100vw, 300px\" \/><\/p>\n<div class=\"sub-header-divs\">\n<h3>Prestazioni<\/h3>\n<\/div>\n<ul>\n<li>Mezzo laser - Laser a fibra allo stato solido CW 1070nm<\/li>\n<li>Potenza laser - Opzioni di sorgente in fibra da 1000W a 3000W<\/li>\n<li>Alimentazione - 220v\u00a0<strong>monofase\/ 380V 3 Fase<\/strong><\/li>\n<li>Precisione di posizionamento - \u2264\u00b10,03 mm<\/li>\n<li>Precisione di ripetibilit\u00e0 - \u2264\u00b10,02 mm<\/li>\n<\/ul>\n<div class=\"sub-header-divs\">\n<h3>Sistema<\/h3>\n<\/div>\n<ul>\n<li>Sistema di guida - Servoassistenza ad anello chiuso<\/li>\n<li>Modalit\u00e0 di raffreddamento - Acqua refrigerata<\/li>\n<\/ul>\n<p>Il taglio laser di gioielli in metallo di varie forme \u00e8 un modo semplice ed efficiente per creare pezzi personalizzati. Offre tagli rapidi, puliti e uniformi. Tuttavia, la creazione di splendidi gioielli in metallo richiede precisione e un tocco delicato. \u00c8 qui che entra in gioco la piccola taglierina laser BOGONG 3030. Offre dettagli incredibili e risultati che vanno oltre le aspettative. Inoltre, \u00e8 in grado di tagliare non solo oro e argento, ma anche materiali come rame e acciaio inossidabile.<\/p>\n<p>Se desiderate creare gioielli in metallo unici, tutto ci\u00f2 di cui avete bisogno \u00e8 la fresa laser in fibra 3030 di BOGONG LASER. \u00c8 compatta, per risparmiare spazio di lavoro prezioso, ed \u00e8 dotata di un controller CNC automatico e di un software intuitivo facile da usare, sia che siate principianti o professionisti esperti. \u00c8 perfetto sia per gli artigiani che per i piccoli imprenditori.<\/p>\n<p>Che cos'\u00e8 la gioielleria in metallo?<br \/>\nI gioielli in metallo comprendono un'ampia gamma di articoli come anelli, orecchini, collane, bracciali, spille, ciondoli e gemelli, tipicamente realizzati con materiali come oro, argento, rame e acciaio inossidabile colorato, oltre ad altri metalli preziosi.<\/p>\n<p>La maggior parte di questi gioielli \u00e8 costituita da pezzi piccoli, che richiedono un alto livello di precisione di taglio e scarti minimi. I tradizionali metodi di taglio meccanico non sono in grado di soddisfare le moderne esigenze della gioielleria. Il taglio laser \u00e8 la soluzione migliore, in quanto offre velocit\u00e0, precisione, alta qualit\u00e0 e processi ecologici e non distruttivi. Poich\u00e9 i diversi metalli hanno diversi gradi di morbidezza, durezza e riflettivit\u00e0, i laser a fibra sono particolarmente adatti per ottenere tagli precisi nei gioielli in metallo.<\/p>\n<p><iframe title=\"La pi\u00f9 piccola macchina per il taglio laser in fibra: Un&#039;innovazione nella tecnologia di taglio dei metalli\" width=\"1290\" height=\"726\" src=\"https:\/\/www.youtube.com\/embed\/9jNRk6QalxQ?feature=oembed\" frameborder=\"0\" allow=\"accelerometer; autoplay; clipboard-write; encrypted-media; gyroscope; picture-in-picture; web-share\" referrerpolicy=\"strict-origin-when-cross-origin\" allowfullscreen><\/iframe><\/p>\n<p><img decoding=\"async\" class=\"size-medium wp-image-7401\" src=\"https:\/\/bogonglaser.com\/wp-content\/uploads\/2024\/11\/smart-fiber-laser-cutter-1-300x169.jpg\" alt=\"Taglierina laser a fibra intelligente\" width=\"300\" height=\"169\" title=\"\" srcset=\"https:\/\/bogonglaser.com\/wp-content\/uploads\/2024\/11\/smart-fiber-laser-cutter-1-300x169.jpg 300w, https:\/\/bogonglaser.com\/wp-content\/uploads\/2024\/11\/smart-fiber-laser-cutter-1-18x10.jpg 18w, https:\/\/bogonglaser.com\/wp-content\/uploads\/2024\/11\/smart-fiber-laser-cutter-1.jpg 600w\" sizes=\"(max-width: 300px) 100vw, 300px\" \/><\/p>\n<h4><a href=\"https:\/\/bogonglaser.com\/it\/fiber-laser-cutter\/\">Macchina per il taglio laser in fibra<\/a> Industrie applicabili<\/h4>\n<p>Apparecchiature meccaniche ed elettriche, fabbricazione di lamiere, armadi, prodotti in acciaio inossidabile, apparecchi di illuminazione, parti di automobili, strumenti di ferramenta, insegne pubblicitarie, articoli decorativi e altri settori.<\/p>\n<p>Come funziona?<br \/>\nLe tagliatrici laser per gioielli in metallo utilizzano una tecnologia laser avanzata e il modo in cui i materiali interagiscono con il laser \u00e8 fondamentale per il processo. Ecco una semplice spiegazione passo-passo del funzionamento:<\/p>\n<p>1. Immissione del progetto: In primo luogo, si crea il progetto utilizzando un software CAD. Il progetto viene poi trasformato in un formato leggibile dalla macchina utilizzando un software CAM.<\/p>\n<p>2. Generazione laser: La fresa utilizza un laser a CO2 o a fibra per produrre un fascio concentrato di luce ad alta temperatura.<\/p>\n<p>3. Focalizzazione del fascio: Il sistema ottico dirige il potente raggio laser verso un punto specifico della superficie metallica per tagliarla o inciderla.<\/p>\n<p>4. Interazione con il materiale: Il calore del laser agisce in modo diverso sui diversi metalli, pertanto le impostazioni possono cambiare a seconda del materiale.<\/p>\n<p>5. Movimento controllato: Il laser segue lo schema di progettazione creato, muovendosi con precisione secondo le istruzioni del software.<\/p>\n<p>6. Raffreddamento: Un sistema di raffreddamento efficace \u00e8 fondamentale per garantire che il prodotto finito mantenga la sua forma e qualit\u00e0 originale.<\/p>\n<p>7. Rimozione dei residui: Dopo il processo di taglio, i residui di materiale vengono puliti per conferire al pezzo una finitura lucida.<\/p>\n<p>Perch\u00e9 scegliere una fresa laser di precisione per tagliare gioielli in argento, oro e rame? - Pro e vantaggi<br \/>\nDesign compatto e sicuro: La taglierina \u00e8 dotata di vetro antiradiazioni a norma CE, che ne rende pi\u00f9 sicuro l'utilizzo.<\/p>\n<p>Taglio ad alta precisione: Utilizza un sistema di servoazionamento AC giapponese importato per tagli rapidi e precisi.<\/p>\n<p>Movimento preciso: L'asse Y \u00e8 progettato con una trasmissione a vite a ricircolo di sfere ad alta precisione, che garantisce tagli rettilinei anche a velocit\u00e0 elevate.<\/p>\n<p>Costruzione durevole: La macchina \u00e8 costruita per durare nel tempo ed \u00e8 resistente alla deformazione.<\/p>\n<p>Posizionamento efficiente: Le pinze pneumatiche tengono saldamente i materiali pi\u00f9 sottili, mentre un tavolo a lama mobile accoglie i pezzi pi\u00f9 spessi, garantendo la precisione.<\/p>\n<p>Schermatura protettiva: Il design completamente chiuso impedisce la fuoriuscita di detriti metallici durante il taglio.<\/p>\n<p>Facile raccolta dei residui: Un vassoio di raccolta sotto il tavolo di taglio facilita la raccolta e lo smaltimento rapido del materiale in eccesso.<\/p>\n<p>**Perch\u00e9 scegliere BOGONG LASER**<\/p>\n<p>BOGONG \u00e8 famosa per la qualit\u00e0 delle apparecchiature laser e per il servizio di assistenza post-vendita. Le nostre macchine sono versatili e facili da usare, progettate tenendo conto di tutti i livelli di abilit\u00e0. Soprattutto, diamo priorit\u00e0 alla soddisfazione del cliente. Che siate esperti o principianti, <a href=\"https:\/\/bogonglaser.com\/it\/\">LASER BOGONG<\/a> \u00e8 qui per sostenervi in ogni fase del percorso. Fidatevi di noi e del nostro servizio, dove eccellenza e innovazione si fondono per il vostro successo.<\/p>\n<figure id=\"attachment_7376\" aria-describedby=\"caption-attachment-7376\" style=\"width: 300px\" class=\"wp-caption alignnone\"><img decoding=\"async\" class=\"size-medium wp-image-7376\" src=\"https:\/\/bogonglaser.com\/wp-content\/uploads\/2024\/11\/fiber-laser-cutting-machine-sealed-1-1-300x225.jpg\" alt=\"macchina di taglio laser in fibra sigillata\" width=\"300\" height=\"225\" title=\"\" srcset=\"https:\/\/bogonglaser.com\/wp-content\/uploads\/2024\/11\/fiber-laser-cutting-machine-sealed-1-1-300x225.jpg 300w, https:\/\/bogonglaser.com\/wp-content\/uploads\/2024\/11\/fiber-laser-cutting-machine-sealed-1-1-600x450.jpg 600w, https:\/\/bogonglaser.com\/wp-content\/uploads\/2024\/11\/fiber-laser-cutting-machine-sealed-1-1-768x576.jpg 768w, https:\/\/bogonglaser.com\/wp-content\/uploads\/2024\/11\/fiber-laser-cutting-machine-sealed-1-1-16x12.jpg 16w, https:\/\/bogonglaser.com\/wp-content\/uploads\/2024\/11\/fiber-laser-cutting-machine-sealed-1-1.jpg 800w\" sizes=\"(max-width: 300px) 100vw, 300px\" \/><figcaption id=\"caption-attachment-7376\" class=\"wp-caption-text\">macchina di taglio laser in fibra sigillata<\/figcaption><\/figure>","protected":false},"excerpt":{"rendered":"<h3>La pi\u00f9 piccola macchina per il taglio laser in fibra<\/h3>\n<p>BOGONG 3030 Fiber Laser cutting Machine \u00e8 il pi\u00f9 piccolo taglio laser per il metallo, \u00e8 un modo fantastico per creare pezzi unici e personalizzati in modo rapido e semplice. la dimensione di taglio \u00e8 300 * 300 mm, armadio completo con design sicuro, produce tagli puliti e lisci, rendendolo una scelta efficiente per l'artigianato. Tuttavia, la realizzazione di splendidi gioielli in metallo richiede anche precisione e un tocco di abilit\u00e0 artistica. \u00c8 qui che entra in gioco la piccola taglierina laser per gioielli di BOGONG. Questa macchina produce dettagli eccezionali e risultati che spesso superano le aspettative. \u00c8 anche versatile, in grado di tagliare non solo oro e argento, ma anche materiali come rame e acciaio inossidabile.<\/p>\n<p>Se siete interessati a creare gioielli in metallo unici, il BOGONG 3030 di BOGONG LASER \u00e8 tutto ci\u00f2 che vi serve. Il suo design compatto consente di risparmiare spazio e viene fornito con un controller CNC automatico e un software di facile utilizzo che lo rende accessibile a tutti, sia che siate agli inizi sia che abbiate anni di esperienza. \u00c8 perfetto sia per gli hobbisti che per i piccoli imprenditori.<\/p>\n<ul class=\"tips\">\n<li>200 Set \/ Mese in attesa di vendita In magazzino<\/li>\n<li>2 anni di garanzia limitata per l'intera macchina<\/li>\n<li>Online (PayPal) e offline (T\/T, carte di debito e di credito)<\/li>\n<li>Assistenza tecnica gratuita a vita per utenti finali e rivenditori<\/li>\n<\/ul>","protected":false},"featured_media":1983,"template":"","meta":{"_gspb_post_css":""},"product_brand":[],"product_cat":[117,92,118],"product_tag":[105,106],"class_list":{"0":"post-1981","1":"product","2":"type-product","3":"status-publish","4":"has-post-thumbnail","6":"product_cat-fiber-laser-cutting-machine","7":"product_cat-laser-cutting-machine","8":"product_cat-laser-metal-cutting-machine","9":"product_tag-fiber-laser-cutting-machine","10":"product_tag-laser-cutting-machine","12":"first","13":"instock","14":"shipping-taxable","15":"product-type-simple"},"_links":{"self":[{"href":"https:\/\/bogonglaser.com\/it\/wp-json\/wp\/v2\/product\/1981","targetHints":{"allow":["GET"]}}],"collection":[{"href":"https:\/\/bogonglaser.com\/it\/wp-json\/wp\/v2\/product"}],"about":[{"href":"https:\/\/bogonglaser.com\/it\/wp-json\/wp\/v2\/types\/product"}],"wp:featuredmedia":[{"embeddable":true,"href":"https:\/\/bogonglaser.com\/it\/wp-json\/wp\/v2\/media\/1983"}],"wp:attachment":[{"href":"https:\/\/bogonglaser.com\/it\/wp-json\/wp\/v2\/media?parent=1981"}],"wp:term":[{"taxonomy":"product_brand","embeddable":true,"href":"https:\/\/bogonglaser.com\/it\/wp-json\/wp\/v2\/product_brand?post=1981"},{"taxonomy":"product_cat","embeddable":true,"href":"https:\/\/bogonglaser.com\/it\/wp-json\/wp\/v2\/product_cat?post=1981"},{"taxonomy":"product_tag","embeddable":true,"href":"https:\/\/bogonglaser.com\/it\/wp-json\/wp\/v2\/product_tag?post=1981"}],"curies":[{"name":"wp","href":"https:\/\/api.w.org\/{rel}","templated":true}]}}