{"id":1974,"date":"2024-11-25T13:45:44","date_gmt":"2024-11-25T05:45:44","guid":{"rendered":"https:\/\/bogonglaser.com\/?post_type=product&#038;p=1974"},"modified":"2025-12-10T18:12:19","modified_gmt":"2025-12-10T10:12:19","slug":"200w-300w-pulse-laser-cleaning-machine-with-raycus-max-jpt-laser","status":"publish","type":"product","link":"https:\/\/bogonglaser.com\/it\/200w-300w-pulse-laser-cleaning-machine-with-raycus-max-jpt-laser\/","title":{"rendered":"Macchina di pulizia laser a impulsi con laser Raycus Max JPT"},"content":{"rendered":"<div class=\"vc_row wpb_row vc_row-fluid\">\n<div class=\"wpb_column vc_column_container vc_col-sm-12\">\n<div class=\"vc_column-inner\">\n<div class=\"wpb_wrapper\">\n<div class=\"wpb_text_column wpb_content_element\">\n<div class=\"wpb_wrapper\">\n<p>A pulse\u00a0laser cleaning machine\u00a0is an innovative tool that uses brief, controlled bursts of laser light to effectively remove contaminants from various surfaces. It\u2019s particularly useful for cleaning materials like metal, glass, ceramics, and more. Here are some of its common applications:<\/p>\n<p>\u2013 Removing paint: Effortlessly strip away old paint layers.<br \/>\n\u2013 Rust removal: Eliminate rust to restore surfaces.<br \/>\n\u2013 Oil stains and oxide films: Clean away stubborn oil stains and oxide layers.<br \/>\n\u2013 Weld cleaning: Prepare welds for finishing by removing impurities.<br \/>\n\u2013 Automobile part renovation: Restore and clean auto parts for better performance.<br \/>\n\u2013 Precision parts cleaning: Safeguard the integrity of delicate components.<br \/>\n\u2013 Electronic equipment cleaning: Remove contaminants without damaging sensitive devices.<\/p>\n<p>Questa macchina offre un metodo efficiente e preciso per la manutenzione e il restauro di vari materiali.<\/p>\n<p>Le caratteristiche principali sono le seguenti:<\/p>\n<ul>\n<li>Tipo di laser: Laser a fibra<br \/>\nPotenza laser: 200W 300W<br \/>\nGamma di uscita (se regolabile): 0-100%<br \/>\nFormazione dell'impulso: MOPA Q-Switched (fattore di qualit\u00e0)<br \/>\nGeneratore laser: JPT\/Raycus\/Max<br \/>\nArea di pulizia: 100*100mm (opzionale 130x130mm, 150x150mm)<br \/>\nLunghezza della fibra: 5 m<br \/>\nTipo di raffreddamento: Aria<br \/>\nDopo la vendita: 2 anni<\/li>\n<\/ul>\n<\/div>\n<\/div>\n<\/div>\n<\/div>\n<\/div>\n<\/div>\n<div class=\"vc_row wpb_row vc_row-fluid\">\n<div class=\"wpb_column vc_column_container vc_col-sm-12\">\n<div class=\"vc_column-inner\">\n<div class=\"wpb_wrapper\">\n<div class=\"wpb_single_image wpb_content_element vc_align_left wpb_content_element\">\n<figure class=\"wpb_wrapper vc_figure\">\n<div class=\"vc_single_image-wrapper vc_box_border_grey\"><img decoding=\"async\" class=\"vc_single_image-img attachment-full\" title=\"\u9ed1\u767d300w\u6e05\u6d17\u673a\u73b0\u573a\u5b9e\u62cd3\" src=\"https:\/\/bogonglaser.com\/wp-content\/uploads\/2024\/11\/%E9%BB%91%E7%99%BD300w%E6%B8%85%E6%B4%97%E6%9C%BA%E7%8E%B0%E5%9C%BA%E5%AE%9E%E6%8B%8D3.png\" sizes=\"auto, (max-width: 800px) 100vw, 800px\" srcset=\"https:\/\/bogonglaser.com\/wp-content\/uploads\/2024\/11\/\u9ed1\u767d300w\u6e05\u6d17\u673a\u73b0\u573a\u5b9e\u62cd3.png 800w, https:\/\/bogonglaser.com\/wp-content\/uploads\/2024\/11\/\u9ed1\u767d300w\u6e05\u6d17\u673a\u73b0\u573a\u5b9e\u62cd3-300x225.png 300w, https:\/\/bogonglaser.com\/wp-content\/uploads\/2024\/11\/\u9ed1\u767d300w\u6e05\u6d17\u673a\u73b0\u573a\u5b9e\u62cd3-768x576.png 768w, https:\/\/bogonglaser.com\/wp-content\/uploads\/2024\/11\/\u9ed1\u767d300w\u6e05\u6d17\u673a\u73b0\u573a\u5b9e\u62cd3-600x450.png 600w\" alt=\"Pulitore laser a impulsi\" width=\"800\" height=\"600\" \/><\/div>\n<\/figure>\n<\/div>\n<\/div>\n<\/div>\n<\/div>\n<\/div>\n<div class=\"vc_row wpb_row vc_row-fluid\">\n<div class=\"wpb_column vc_column_container vc_col-sm-12\">\n<div class=\"vc_column-inner\">\n<div class=\"wpb_wrapper\">\n<div class=\"wpb_video_widget wpb_content_element vc_clearfix vc_video-aspect-ratio-169 vc_video-el-width-80 vc_video-align-left\">\n<div class=\"wpb_wrapper\">\n<h2 class=\"wpb_heading wpb_video_heading\">Introduzione Macchina di pulizia laser a impulsi<\/h2>\n<div class=\"wpb_video_wrapper\">\n<p><iframe title=\"Cosa pu\u00f2 fare una macchina di pulizia laser a impulsi da 300W? Pulitore laser pulsato 300W per pittura, olio, ruggine, ecc.\" width=\"1290\" height=\"968\" src=\"https:\/\/www.youtube.com\/embed\/bSn_4ZrmhzA?feature=oembed\" frameborder=\"0\" allow=\"accelerometer; autoplay; clipboard-write; encrypted-media; gyroscope; picture-in-picture; web-share\" referrerpolicy=\"strict-origin-when-cross-origin\" allowfullscreen><\/iframe><\/p>\n<\/div>\n<\/div>\n<\/div>\n<\/div>\n<\/div>\n<\/div>\n<\/div>\n<div class=\"vc_row wpb_row vc_row-fluid\">\n<div class=\"wpb_column vc_column_container vc_col-sm-12\">\n<div class=\"vc_column-inner\">\n<div class=\"wpb_wrapper\">\n<div class=\"wpb_text_column wpb_content_element\">\n<div class=\"wpb_wrapper\">\n<p>Caratteristiche del pulitore laser a impulsi<\/p>\n<p>Il Pulse Laser Cleaner si distingue dai pulitori laser continui (CW) per l'utilizzo di una testa di pulizia intelligente a doppia oscillazione e per l'offerta di un'impressionante gamma di 8 modalit\u00e0 di pulizia in grado di soddisfare diverse applicazioni. Questo sistema gestisce efficacemente la potenza in ingresso regolando parametri come l'ampiezza e la frequenza degli impulsi, mantenendo le temperature ottimali per il pezzo in lavorazione e riducendo al minimo la perdita di energia, con conseguente aumento dell'efficienza complessiva.<\/p>\n<p>Design facile da usare: Progettata all'insegna della praticit\u00e0, questa pulitrice laser include un cavo in fibra lungo 5 metri che offre flessibilit\u00e0 di funzionamento senza limitazioni di spazio. La macchina laser BOGONG \u00e8 dotata di due touch screen, uno sulla testa del laser e l'altro sull'armadio della macchina, che consentono una facile regolazione dei parametri. L'interfaccia IO estesa consente una perfetta integrazione con i manipolatori per le operazioni di pulizia automatizzate. Inoltre, sono inclusi manuali completi in inglese e video didattici per garantire una curva di apprendimento rapida e senza intoppi per gli utenti di questa macchina laser per la rimozione della ruggine.<\/p>\n<p>Versatilit\u00e0 monomodale: L'operazione pulsata monomodale, come la macchina per la pulizia laser da 2mJ, \u00e8 altamente adattabile e adatta a varie applicazioni, tra cui la pulizia di superfici metalliche, parti di automobili, pietra, legno, plastica e altri materiali che richiedono una pulizia ad alta potenza. \u00c8 particolarmente efficace nell'affrontare lavori difficili con forte adesione, come ruggine pesante, strati di ossido e vernici spesse.<\/p>\n<p>Precisione multimodale: Il funzionamento multimodale a impulsi, con una capacit\u00e0 di 15mJ, \u00e8 perfetto per attivit\u00e0 di alta precisione come la pulizia di parti delicate, la manutenzione di apparecchiature elettroniche e il trattamento di microcomponenti. \u00c8 stato progettato specificamente per gestire scenari che comportano una leggera adesione, contaminanti facilmente rimovibili e ruggine lieve: \u00e8 quindi la scelta ideale per le applicazioni in cui \u00e8 fondamentale evitare danni, come la pulizia degli stampi.<\/p>\n<\/div>\n<\/div>\n<\/div>\n<\/div>\n<\/div>\n<\/div>\n<div class=\"vc_row wpb_row vc_row-fluid\">\n<div class=\"wpb_column vc_column_container vc_col-sm-12\">\n<div class=\"vc_column-inner\">\n<div class=\"wpb_wrapper\">\n<div class=\"wpb_text_column wpb_content_element\">\n<div class=\"wpb_wrapper\">\n<h3>Perch\u00e9 scegliere la macchina di pulizia laser Bogong<\/h3>\n<ul>\n<li>With extensive experience in laser cleaning technology, we specialize in delivering advanced solutions customized to meet your specific requirements. Our team of expert engineers and technicians possesses deep industry knowledge, ensuring you receive the ideal\u00a0laser cleaning machine\u00a0tailored for your unique applications.<\/li>\n<li>Abbiamo gi\u00e0 salvato il parametro per rimuovere la ruggine, la pittura, ecc, si pu\u00f2 iniziare la pulizia laser facilmente dopo averlo ottenuto.<\/li>\n<li>Bogong non solo fornisce dispositivi laser di alta qualit\u00e0, ma anche il miglior servizio post-vendita degli ultimi anni.<\/li>\n<\/ul>\n<\/div>\n<\/div>\n<\/div>\n<\/div>\n<\/div>\n<\/div>\n<div class=\"vc_row wpb_row vc_row-fluid\">\n<div class=\"wpb_column vc_column_container vc_col-sm-12\">\n<div class=\"vc_column-inner\">\n<div class=\"wpb_wrapper\">\n<div class=\"wpb_video_widget wpb_content_element vc_clearfix vc_video-aspect-ratio-169 vc_video-el-width-80 vc_video-align-left\">\n<div class=\"wpb_wrapper\">\n<h2 class=\"wpb_heading wpb_video_heading\">Differenze tra il laser a impulsi e il laser CW Cleaner<\/h2>\n<div class=\"wpb_video_wrapper\">\n<p><iframe title=\"300W vs 500W Pulitore laser a impulsi | Differenza tra 300W e 500W macchina di pulizia laser\" width=\"1290\" height=\"726\" src=\"https:\/\/www.youtube.com\/embed\/qm112yLfgfM?feature=oembed\" frameborder=\"0\" allow=\"accelerometer; autoplay; clipboard-write; encrypted-media; gyroscope; picture-in-picture; web-share\" referrerpolicy=\"strict-origin-when-cross-origin\" allowfullscreen><\/iframe><\/p>\n<\/div>\n<\/div>\n<\/div>\n<\/div>\n<\/div>\n<\/div>\n<\/div>\n<div class=\"vc_row wpb_row vc_row-fluid\">\n<div class=\"wpb_column vc_column_container vc_col-sm-12\">\n<div class=\"vc_column-inner\">\n<div class=\"wpb_wrapper\">\n<div class=\"wpb_text_column wpb_content_element\">\n<div class=\"wpb_wrapper\">\n<h2>Come funziona la macchina di pulizia laser a impulsi?<\/h2>\n<p>La Pulse Laser Cleaning Machine utilizza una tecnologia laser avanzata per rimuovere efficacemente i contaminanti dalle superfici. Ecco una breve panoramica del suo funzionamento:<\/p>\n<ol>\n<li><strong>Emissione laser<\/strong>: Genera un potente raggio laser pulsato che emette brevi raffiche di energia per una pulizia precisa.<\/li>\n<li><strong>Pulizia mirata<\/strong>: Quando viene puntata su una superficie, l'energia laser viene assorbita da contaminanti come ruggine o vernice.<\/li>\n<li><strong>Vaporizzazione<\/strong>: L'energia assorbita riscalda rapidamente i contaminanti, facendoli vaporizzare senza danneggiare il materiale sottostante.<\/li>\n<li><strong>Rimozione selettiva<\/strong>: Il processo agisce selettivamente solo sui contaminanti, preservando l'integrit\u00e0 della superficie.<\/li>\n<li><strong>Impostazioni regolabili<\/strong>: \u00c8 dotato di impostazioni di potenza e opzioni di messa a fuoco personalizzabili per diverse superfici e livelli di contaminazione.<\/li>\n<\/ol>\n<p>Nel complesso, la Pulse Laser Cleaning Machine offre una soluzione efficiente, precisa e versatile per le applicazioni di pulizia industriale.<\/p>\n<\/div>\n<\/div>\n<\/div>\n<\/div>\n<\/div>\n<\/div>\n<div class=\"vc_row wpb_row vc_row-fluid\">\n<div class=\"wpb_column vc_column_container vc_col-sm-12\">\n<div class=\"vc_column-inner\">\n<div class=\"wpb_wrapper\">\n<div class=\"wpb_single_image wpb_content_element vc_align_left wpb_content_element\">\n<figure class=\"wpb_wrapper vc_figure\">\n<div class=\"vc_single_image-wrapper vc_box_border_grey\"><img decoding=\"async\" class=\"vc_single_image-img attachment-full\" title=\"\u9ed1\u767d300w\u6e05\u6d17\u673a\u5de5\u5382\u7167\u7247\" src=\"https:\/\/bogonglaser.com\/wp-content\/uploads\/2024\/11\/%E9%BB%91%E7%99%BD300w%E6%B8%85%E6%B4%97%E6%9C%BA%E5%B7%A5%E5%8E%82%E7%85%A7%E7%89%87.png\" sizes=\"auto, (max-width: 800px) 100vw, 800px\" srcset=\"https:\/\/bogonglaser.com\/wp-content\/uploads\/2024\/11\/\u9ed1\u767d300w\u6e05\u6d17\u673a\u5de5\u5382\u7167\u7247.png 800w, https:\/\/bogonglaser.com\/wp-content\/uploads\/2024\/11\/\u9ed1\u767d300w\u6e05\u6d17\u673a\u5de5\u5382\u7167\u7247-300x225.png 300w, https:\/\/bogonglaser.com\/wp-content\/uploads\/2024\/11\/\u9ed1\u767d300w\u6e05\u6d17\u673a\u5de5\u5382\u7167\u7247-768x576.png 768w, https:\/\/bogonglaser.com\/wp-content\/uploads\/2024\/11\/\u9ed1\u767d300w\u6e05\u6d17\u673a\u5de5\u5382\u7167\u7247-600x450.png 600w\" alt=\"\u9ed1\u767d300w\u6e05\u6d17\u673a\u5de5\u5382\u7167\u7247\" width=\"800\" height=\"600\" \/><\/div>\n<\/figure>\n<\/div>\n<\/div>\n<\/div>\n<\/div>\n<\/div>\n<div class=\"vc_row wpb_row vc_row-fluid\">\n<div class=\"wpb_column vc_column_container vc_col-sm-12\">\n<div class=\"vc_column-inner\">\n<div class=\"wpb_wrapper\">\n<div class=\"wpb_text_column wpb_content_element\">\n<div class=\"wpb_wrapper\">\n<h3>Come scegliere la giusta macchina per la pulizia laser a impulsi<\/h3>\n<p>La scelta della giusta macchina per la pulizia laser a impulsi sar\u00e0 importante per la vostra attivit\u00e0, come assicurarsi che la macchina soddisfi le vostre esigenze specifiche. Ecco una guida che vi aiuter\u00e0 a prendere una decisione consapevole:<\/p>\n<ol>\n<li><strong>Compatibilit\u00e0 dei materiali<\/strong>: Determinare i tipi di materiali che si intende pulire (ad esempio, ruggine, verniciatura, metallo, legno, acrilico, ecc.) Assicurarsi che la macchina scelta sia in grado di trattare efficacemente questi materiali.<\/li>\n<li><strong>Tipo di laser<\/strong>: Diversi tipi di laser 2mj, 5mj e 15mj, diversi laser diversi risultati.<\/li>\n<li><strong>Dimensioni dell'area di lavoro<\/strong>: Valutare le dimensioni dell'area di pulizia in base ai progetti che si intende realizzare. Assicurarsi che la macchina disponga di un'area di lavoro adeguata per i propri articoli. scegliere l'obiettivo F-theta giusto, chiedendo informazioni al nostro ufficio vendite.<\/li>\n<li><strong>Facilit\u00e0 d'uso<\/strong>: Cercate macchine con un software facile da usare che consenta una progettazione e un funzionamento semplici.<\/li>\n<li><strong>Assistenza clienti e garanzia<\/strong>: Research the manufacturer\u2019s support options and warranty offered. Reliable customer service can be crucial for troubleshooting and maintenance.<\/li>\n<\/ol>\n<\/div>\n<\/div>\n<\/div>\n<\/div>\n<\/div>\n<\/div>\n<div class=\"vc_row wpb_row vc_row-fluid\">\n<div class=\"wpb_column vc_column_container vc_col-sm-12\">\n<div class=\"vc_column-inner\">\n<div class=\"wpb_wrapper\">\n<div class=\"wpb_text_column wpb_content_element\">\n<div class=\"wpb_wrapper\">\n<p>Termini di pagamento<\/p>\n<p>1. Deposito e saldo: \u00c8 richiesto un deposito 30% T\/T in anticipo, con il saldo dovuto prima della spedizione.<\/p>\n<p>2. Alibaba Trade Assurance: I pagamenti possono essere elaborati tramite Alibaba Trade Assurance.<\/p>\n<p>Domande frequenti<\/p>\n<p>Che cos'\u00e8 l'imballaggio<br \/>\nLe nostre macchine sono imballate in un sistema a tre strati. Lo strato esterno \u00e8 costituito da una cassa di legno, lo strato intermedio da un'imbottitura in schiuma per proteggere dagli urti e lo strato interno da una spessa busta di plastica per garantire l'impermeabilit\u00e0.<\/p>\n<p>Il pacco subir\u00e0 danni durante il trasporto?<br \/>\nProgettiamo meticolosamente i nostri imballaggi per far fronte a tutti i potenziali fattori di danneggiamento e i nostri spedizionieri sono esperti nel trasporto sicuro. Abbiamo esportato con successo in 180 paesi, quindi potete essere certi che il vostro pacco arriver\u00e0 in condizioni eccellenti.<\/p>\n<\/div>\n<\/div>\n<\/div>\n<\/div>\n<\/div>\n<\/div>\n<div class=\"vc_row wpb_row vc_row-fluid\">\n<div class=\"wpb_column vc_column_container vc_col-sm-12\">\n<div class=\"vc_column-inner\">\n<div class=\"wpb_wrapper\">\n<div class=\"wpb_text_column wpb_content_element\">\n<div class=\"wpb_wrapper\">\n<p>Most of customers like choose transport by UPS\/DHL express, it can arrive at destination about 5-7 days, contact with\u00a0BOGONG Laser\u00a0to get more detail about laser cleaner<\/p>\n<\/div>\n<\/div>\n<\/div>\n<\/div>\n<\/div>\n<\/div>","protected":false},"excerpt":{"rendered":"<h2>Macchina di pulizia laser a impulsi con laser Raycus Max JPT<\/h2>\n<p>Vi presentiamo la nostra macchina di pulizia laser di nuova generazione, progettata per applicazioni di pulizia efficiente delle superfici dei materiali. Facile da configurare, utilizzare e automatizzare, \u00e8 ideale per rimuovere con precisione contaminanti superficiali come ruggine, grasso, vernice, primer e altro ancora.<\/p>\n<ul class=\"tips\">\n<li>300 set\/mese in attesa di vendita In magazzino<\/li>\n<li>2 anni di garanzia limitata per l'intera macchina<\/li>\n<li>3-5 giorni di preparazione della macchina laser, 3-7 giorni di trasporto.<\/li>\n<li>Online (PayPal) e offline (T\/T, carte di debito e di credito)<\/li>\n<\/ul>","protected":false},"featured_media":1975,"template":"","meta":{"_gspb_post_css":""},"product_brand":[],"product_cat":[94],"product_tag":[101,100],"class_list":{"0":"post-1974","1":"product","2":"type-product","3":"status-publish","4":"has-post-thumbnail","6":"product_cat-laser-cleaning-machine","7":"product_tag-laser-cleaner","8":"product_tag-laser-cleaning-machine","10":"first","11":"instock","12":"shipping-taxable","13":"product-type-simple"},"_links":{"self":[{"href":"https:\/\/bogonglaser.com\/it\/wp-json\/wp\/v2\/product\/1974","targetHints":{"allow":["GET"]}}],"collection":[{"href":"https:\/\/bogonglaser.com\/it\/wp-json\/wp\/v2\/product"}],"about":[{"href":"https:\/\/bogonglaser.com\/it\/wp-json\/wp\/v2\/types\/product"}],"wp:featuredmedia":[{"embeddable":true,"href":"https:\/\/bogonglaser.com\/it\/wp-json\/wp\/v2\/media\/1975"}],"wp:attachment":[{"href":"https:\/\/bogonglaser.com\/it\/wp-json\/wp\/v2\/media?parent=1974"}],"wp:term":[{"taxonomy":"product_brand","embeddable":true,"href":"https:\/\/bogonglaser.com\/it\/wp-json\/wp\/v2\/product_brand?post=1974"},{"taxonomy":"product_cat","embeddable":true,"href":"https:\/\/bogonglaser.com\/it\/wp-json\/wp\/v2\/product_cat?post=1974"},{"taxonomy":"product_tag","embeddable":true,"href":"https:\/\/bogonglaser.com\/it\/wp-json\/wp\/v2\/product_tag?post=1974"}],"curies":[{"name":"wp","href":"https:\/\/api.w.org\/{rel}","templated":true}]}}