{"id":1965,"date":"2024-11-25T13:11:58","date_gmt":"2024-11-25T05:11:58","guid":{"rendered":"https:\/\/bogonglaser.com\/?post_type=product&#038;p=1965"},"modified":"2025-12-10T17:15:29","modified_gmt":"2025-12-10T09:15:29","slug":"all-in-one-fiber-laser-marking-machine","status":"publish","type":"product","link":"https:\/\/bogonglaser.com\/it\/all-in-one-fiber-laser-marking-machine\/","title":{"rendered":"Macchina di marcatura laser in fibra all-in-one"},"content":{"rendered":"<p>Vi presentiamo la marcatrice laser ALL-in-One, un marcatore laser in fibra compatto e completo, progettato per garantire potenza e versatilit\u00e0. Sia che si tratti di marcare loghi, codici a barre, numeri di serie o motivi intricati, questa macchina offre risultati eccezionali in un'ampia gamma di applicazioni.<\/p>\n<p>Nonostante le sue dimensioni ridotte, il modello all-in-one \u00e8 potente e ideale per gli spazi ristretti e i progetti di marcatura pi\u00f9 piccoli. La sua leggerezza e il suo design portatile consentono una facile manovrabilit\u00e0, assicurando marcature precise e accurate ogni volta. Inoltre, funziona ad alta velocit\u00e0 con un'efficienza eccezionale.<\/p>\n<p>Questa macchina \u00e8 una scelta eccellente per le piccole imprese, le officine e gli amanti del fai-da-te che cercano una soluzione di marcatura affidabile che non comprometta le prestazioni a causa dello spazio limitato. Se avete bisogno di un marcatore laser in fibra efficiente che si adatti perfettamente al vostro spazio di lavoro, questa \u00e8 l'opzione ideale per voi.<\/p>\n<figure id=\"attachment_7447\" aria-describedby=\"caption-attachment-7447\" style=\"width: 300px\" class=\"wp-caption alignnone\"><img decoding=\"async\" class=\"size-medium wp-image-7447\" src=\"https:\/\/bogonglaser.com\/wp-content\/uploads\/2024\/11\/2D-mini-all-in-one-PC-factory-photos-1-300x300.jpg\" alt=\"2D mini all-in-one PC factory photos\" width=\"300\" height=\"300\" title=\"\" srcset=\"https:\/\/bogonglaser.com\/wp-content\/uploads\/2024\/11\/2D-mini-all-in-one-PC-factory-photos-1-300x300.jpg 300w, https:\/\/bogonglaser.com\/wp-content\/uploads\/2024\/11\/2D-mini-all-in-one-PC-factory-photos-1-100x100.jpg 100w, https:\/\/bogonglaser.com\/wp-content\/uploads\/2024\/11\/2D-mini-all-in-one-PC-factory-photos-1-600x600.jpg 600w, https:\/\/bogonglaser.com\/wp-content\/uploads\/2024\/11\/2D-mini-all-in-one-PC-factory-photos-1-150x150.jpg 150w, https:\/\/bogonglaser.com\/wp-content\/uploads\/2024\/11\/2D-mini-all-in-one-PC-factory-photos-1-768x768.jpg 768w, https:\/\/bogonglaser.com\/wp-content\/uploads\/2024\/11\/2D-mini-all-in-one-PC-factory-photos-1-12x12.jpg 12w, https:\/\/bogonglaser.com\/wp-content\/uploads\/2024\/11\/2D-mini-all-in-one-PC-factory-photos-1.jpg 1000w\" sizes=\"(max-width: 300px) 100vw, 300px\" \/><figcaption id=\"caption-attachment-7447\" class=\"wp-caption-text\">2D mini all-in-one PC factory photos<\/figcaption><\/figure>\n<p>Ecco le caratteristiche principali della macchina di marcatura laser in fibra:<\/p>\n<p>1. Sorgente laser a fibra: Questa macchina \u00e8 disponibile con livelli di potenza opzionali di 20W, 30W, 50W o 60W, utilizzando sorgenti laser in fibra di alta qualit\u00e0 di JPT, Raycus o IPG. Offre un'eccellente chiarezza del fascio laser e una lunga durata fino a 100.000 ore.<\/p>\n<p>2. Sistema di scansione digitale a galvanometro: Dotata di un sistema laser scanner importato ad alta velocit\u00e0, questa macchina pu\u00f2 raggiungere velocit\u00e0 di marcatura fino a 8.000 mm\/s, garantendo un funzionamento efficiente.<\/p>\n<p>3. Supporto per display PC: L'asse Z pu\u00f2 essere regolato fino a 700 mm, rendendolo ideale per la marcatura su materiali spessi o alti.<\/p>\n<p>4. Interruttore di controllo: Il pannello di controllo di facile utilizzo comprende un arresto di emergenza, un interruttore a chiave e un interruttore di alimentazione, che ne facilitano l'identificazione e il funzionamento.<\/p>\n<p>5. Sistema di sollevamento: La macchina \u00e8 dotata di un volantino per una facile regolazione della distanza di messa a fuoco del laser, semplificando il processo operativo.<\/p>\n<p>6. Punta di luce rossa: Questa pratica funzione indica l'area di marcatura prima che inizi la marcatura laser vera e propria, migliorando la precisione.<\/p>\n<p>7. Software di marcatura laser: Il software di marcatura EZCAD \u00e8 dotato di potenti funzionalit\u00e0 di editing che consentono di marcare codici QR, numeri di serie e loghi vari. Supporta i formati di file DXF e PLT e include un dettagliato manuale d'uso in inglese che vi guider\u00e0 in ogni fase.<\/p>\n<p>8. Lente di scansione F-theta: la macchina \u00e8 dotata di una lente F-theta di Singapore Ronar-Smith, che garantisce che l'altezza del campo immagine sia quasi proporzionale all'angolo di scansione. Mantiene una distorsione di linearit\u00e0 inferiore a 1% senza correzione software, il che significa una distorsione minima per risultati nitidi. Inoltre, la lente \u00e8 dotata di rivestimenti AR ad alta trasmittanza per ridurre la perdita di potenza e aumentare la produttivit\u00e0.<\/p>\n<p>Grazie a queste caratteristiche avanzate, il <a href=\"https:\/\/bogonglaser.com\/it\/fiber-laser-cutter\/\">Macchina di marcatura laser a fibra<\/a> \u00e8 progettato per garantire precisione, efficienza e facilit\u00e0 d'uso.<\/p>\n<p><iframe title=\"Piccola macchina di marcatura laser tutto in uno in vendita\" width=\"1290\" height=\"726\" src=\"https:\/\/www.youtube.com\/embed\/znNbIXDhuHE?feature=oembed\" frameborder=\"0\" allow=\"accelerometer; autoplay; clipboard-write; encrypted-media; gyroscope; picture-in-picture; web-share\" referrerpolicy=\"strict-origin-when-cross-origin\" allowfullscreen><\/iframe><\/p>\n<p>Applicazione: Macchina di marcatura laser all-in-one per metallo, vetro, plastica e altro.<\/p>\n<p>Le nostre macchine di marcatura laser offrono una soluzione versatile ed efficiente per la marcatura di una variet\u00e0 di materiali come metallo, plastica e altro. Che si tratti di incidere loghi, numeri di serie o disegni intricati, il nostro laser adattabile \u00e8 in grado di affrontare numerose applicazioni, aumentando la produttivit\u00e0 e garantendo al contempo una qualit\u00e0 costante su diverse superfici.<\/p>\n<p><iframe title=\"Piccola macchina di marcatura laser a fibra all-in-one | 20W 30W metallo plastica marcatore laser stampante incisore\" width=\"1290\" height=\"726\" src=\"https:\/\/www.youtube.com\/embed\/1gUXk1ygblo?feature=oembed\" frameborder=\"0\" allow=\"accelerometer; autoplay; clipboard-write; encrypted-media; gyroscope; picture-in-picture; web-share\" referrerpolicy=\"strict-origin-when-cross-origin\" allowfullscreen><\/iframe><\/p>\n<h2>Cosa possiamo fare per voi?<\/h2>\n<ul>\n<li><span class=\"magic-19\"><b class=\"magic-19\"><span class=\"magic-18\">Campioni di prova gratuiti -<\/span><\/b><span class=\"magic-20\" data-spm-anchor-id=\"a2700.details.0.i41.41d82402R4aegi\">Possiamo effettuare test gratuiti sull'effetto della marcatura in base al materiale del prodotto.<\/span><\/span><\/li>\n<li><span class=\"magic-19\"><b class=\"magic-19\"><span class=\"magic-18\">Video in diretta<\/span><\/b><span class=\"magic-20\">\u00c8 possibile collegarsi con i nostri consulenti di vendita per vedere il processo di produzione e il funzionamento della macchina in video online.<\/span><\/span><\/li>\n<li><span class=\"magic-19\"><b class=\"magic-19\"><span class=\"magic-18\">Personalizzato \/OEM-<\/span><\/b><span class=\"magic-20\" data-spm-anchor-id=\"a2700.details.0.i40.41d82402R4aegi\">Macchine personalizzate su richiesta\uff0ccontattateci<\/span><\/span><\/li>\n<li>\n<p><figure id=\"attachment_7449\" aria-describedby=\"caption-attachment-7449\" style=\"width: 300px\" class=\"wp-caption alignnone\"><img decoding=\"async\" class=\"size-medium wp-image-7449\" src=\"https:\/\/bogonglaser.com\/wp-content\/uploads\/2024\/11\/2D-mini-all-in-one-PC-factory-photos-2-300x225.png\" alt=\"2D mini all-in-one PC factory photos\" width=\"300\" height=\"225\" title=\"\" srcset=\"https:\/\/bogonglaser.com\/wp-content\/uploads\/2024\/11\/2D-mini-all-in-one-PC-factory-photos-2-300x225.png 300w, https:\/\/bogonglaser.com\/wp-content\/uploads\/2024\/11\/2D-mini-all-in-one-PC-factory-photos-2-600x450.png 600w, https:\/\/bogonglaser.com\/wp-content\/uploads\/2024\/11\/2D-mini-all-in-one-PC-factory-photos-2-768x576.png 768w, https:\/\/bogonglaser.com\/wp-content\/uploads\/2024\/11\/2D-mini-all-in-one-PC-factory-photos-2-16x12.png 16w, https:\/\/bogonglaser.com\/wp-content\/uploads\/2024\/11\/2D-mini-all-in-one-PC-factory-photos-2.png 800w\" sizes=\"(max-width: 300px) 100vw, 300px\" \/><figcaption id=\"caption-attachment-7449\" class=\"wp-caption-text\">2D mini all-in-one PC factory photos<\/figcaption><\/figure><\/li>\n<\/ul>\n<p>Termini di pagamento<\/p>\n<p>1. Deposito e saldo: \u00c8 richiesto un deposito 30% T\/T in anticipo, con il saldo dovuto prima della spedizione.<\/p>\n<p>2. Alibaba Trade Assurance: I pagamenti possono essere elaborati tramite Alibaba Trade Assurance.<\/p>\n<p>Domande frequenti per il <a href=\"https:\/\/bogonglaser.com\/it\/fiber-laser-cutter\/\">Macchina di marcatura laser a fibra<\/a><\/p>\n<p>Qual \u00e8 l'imballaggio della macchina per la marcatura laser in fibra?<br \/>\nLe nostre macchine sono imballate in un sistema a tre strati. Lo strato esterno \u00e8 costituito da una cassa di legno, lo strato intermedio da un'imbottitura in schiuma per proteggere dagli urti e lo strato interno da una spessa busta di plastica per garantire l'impermeabilit\u00e0.<\/p>\n<p>Il pacco subir\u00e0 danni durante il trasporto?<br \/>\nWe meticulously design our packaging to address all potential damage factors, and our shipping agents are experienced in safe transportation. We have successfully exported to 180 countries, so you can rest assured that your parcel will arrive in excellent condition<\/p>\n<p>Potete trovare altri feedback dei clienti sul canale youtube di BOGONG.<\/p>\n<figure id=\"attachment_7448\" aria-describedby=\"caption-attachment-7448\" style=\"width: 300px\" class=\"wp-caption alignnone\"><img decoding=\"async\" class=\"size-medium wp-image-7448\" src=\"https:\/\/bogonglaser.com\/wp-content\/uploads\/2024\/11\/2D-mini-all-in-one-PC-factory-photos-1-300x225.png\" alt=\"2D mini all-in-one PC factory photos\" width=\"300\" height=\"225\" title=\"\" srcset=\"https:\/\/bogonglaser.com\/wp-content\/uploads\/2024\/11\/2D-mini-all-in-one-PC-factory-photos-1-300x225.png 300w, https:\/\/bogonglaser.com\/wp-content\/uploads\/2024\/11\/2D-mini-all-in-one-PC-factory-photos-1-600x450.png 600w, https:\/\/bogonglaser.com\/wp-content\/uploads\/2024\/11\/2D-mini-all-in-one-PC-factory-photos-1-768x576.png 768w, https:\/\/bogonglaser.com\/wp-content\/uploads\/2024\/11\/2D-mini-all-in-one-PC-factory-photos-1-16x12.png 16w, https:\/\/bogonglaser.com\/wp-content\/uploads\/2024\/11\/2D-mini-all-in-one-PC-factory-photos-1.png 800w\" sizes=\"(max-width: 300px) 100vw, 300px\" \/><figcaption id=\"caption-attachment-7448\" class=\"wp-caption-text\">2D mini all-in-one PC factory photos<\/figcaption><\/figure>\n<p>La maggior parte dei clienti come scegliere il trasporto da UPS\/DHL espresso, pu\u00f2 arrivare a destinazione circa 5-7 giorni, contatto con <a href=\"https:\/\/bogonglaser.com\/it\/\">Laser BOGONG<\/a> to get more detail about fiber laser marking Machine.<\/p>","protected":false},"excerpt":{"rendered":"<h2>Macchina di marcatura laser all-in-one<\/h2>\n<p>La macchina di marcatura laser all-in-one \u00e8 progettata per creare gioielli personalizzati, tra cui anelli, orecchini, bracciali, ciondoli, collane, spille, gemelli, ecc. Funziona con una variet\u00e0 di materiali, come acciaio inossidabile, titanio, alluminio, rame, ottone, leghe, argento e oro, consentendo di incidere nomi, loghi, segni, lettere, numeri, motivi e foto. Questa macchina di marcatura laser all ine one \u00e8 ora disponibile per la vendita a un prezzo accessibile, il che la rende un'ottima opzione per il vostro budget.<\/p>\n<ul class=\"tips\">\n<li>350 Set \/ Mese in attesa di vendita In magazzino<\/li>\n<li>2 anni di garanzia limitata per l'intera macchina<\/li>\n<li>3-5 giorni di preparazione della macchina laser, 3-7 giorni di trasporto.<\/li>\n<li>Online (PayPal) e offline (T\/T, carte di debito e di credito)<\/li>\n<\/ul>","protected":false},"featured_media":1966,"template":"","meta":{"_gspb_post_css":""},"product_brand":[],"product_cat":[97,93,96],"product_tag":[104,102],"class_list":{"0":"post-1965","1":"product","2":"type-product","3":"status-publish","4":"has-post-thumbnail","6":"product_cat-fiber-laser-marker","7":"product_cat-laser-engraving-machine","8":"product_cat-laser-marking-machine","9":"product_tag-laser-marker","10":"product_tag-laser-marking-machine","12":"first","13":"instock","14":"shipping-taxable","15":"product-type-simple"},"_links":{"self":[{"href":"https:\/\/bogonglaser.com\/it\/wp-json\/wp\/v2\/product\/1965","targetHints":{"allow":["GET"]}}],"collection":[{"href":"https:\/\/bogonglaser.com\/it\/wp-json\/wp\/v2\/product"}],"about":[{"href":"https:\/\/bogonglaser.com\/it\/wp-json\/wp\/v2\/types\/product"}],"wp:featuredmedia":[{"embeddable":true,"href":"https:\/\/bogonglaser.com\/it\/wp-json\/wp\/v2\/media\/1966"}],"wp:attachment":[{"href":"https:\/\/bogonglaser.com\/it\/wp-json\/wp\/v2\/media?parent=1965"}],"wp:term":[{"taxonomy":"product_brand","embeddable":true,"href":"https:\/\/bogonglaser.com\/it\/wp-json\/wp\/v2\/product_brand?post=1965"},{"taxonomy":"product_cat","embeddable":true,"href":"https:\/\/bogonglaser.com\/it\/wp-json\/wp\/v2\/product_cat?post=1965"},{"taxonomy":"product_tag","embeddable":true,"href":"https:\/\/bogonglaser.com\/it\/wp-json\/wp\/v2\/product_tag?post=1965"}],"curies":[{"name":"wp","href":"https:\/\/api.w.org\/{rel}","templated":true}]}}