{"id":1904,"date":"2024-11-21T14:41:07","date_gmt":"2024-11-21T06:41:07","guid":{"rendered":"https:\/\/bogonglaser.com\/?post_type=product&#038;p=1904"},"modified":"2025-12-10T18:07:16","modified_gmt":"2025-12-10T10:07:16","slug":"cw-laser-cleaning-machine","status":"publish","type":"product","link":"https:\/\/bogonglaser.com\/it\/cw-laser-cleaning-machine\/","title":{"rendered":"Macchina per la pulizia del laser CW"},"content":{"rendered":"<div class=\"vc_row wpb_row vc_row-fluid\">\n<div class=\"wpb_column vc_column_container vc_col-sm-12\">\n<div class=\"vc_column-inner\">\n<div class=\"wpb_wrapper\">\n<div class=\"wpb_text_column wpb_content_element\">\n<div class=\"wpb_wrapper\">\n<p>La macchina per la pulizia laser in fibra CW consente di rimuovere facilmente gli inquinanti organici e i materiali inorganici come la corrosione dei metalli, le particelle metalliche e la polvere da una variet\u00e0 di superfici, tra cui metallo, plastica, ceramica, vetro, pietra e cemento.<\/p>\n<p>\u00c8 perfetto per la pulizia di grandi aree, come grandi strutture in acciaio o tubi.<\/p>\n<p>Questo avanzato pulitore laser opera in modalit\u00e0 senza contatto e non richiede agenti chimici, garantendo una pulizia efficace ed ecologica.<\/p>\n<\/div>\n<\/div>\n<\/div>\n<\/div>\n<\/div>\n<\/div>\n<div class=\"vc_row wpb_row vc_row-fluid\">\n<div class=\"wpb_column vc_column_container vc_col-sm-12\">\n<div class=\"vc_column-inner\">\n<div class=\"wpb_wrapper\">\n<div class=\"wpb_single_image wpb_content_element vc_align_left wpb_content_element\">\n<figure class=\"wpb_wrapper vc_figure\">\n<div class=\"vc_single_image-wrapper   vc_box_border_grey\"><img decoding=\"async\" class=\"vc_single_image-img attachment-full\" title=\"SALDATORE LASER\" src=\"https:\/\/bogonglaser.com\/wp-content\/uploads\/2024\/11\/LASER-WELDER.jpg\" sizes=\"auto, (max-width: 700px) 100vw, 700px\" srcset=\"https:\/\/bogonglaser.com\/wp-content\/uploads\/2024\/11\/LASER-WELDER.jpg 700w, https:\/\/bogonglaser.com\/wp-content\/uploads\/2024\/11\/LASER-WELDER-300x169.jpg 300w, https:\/\/bogonglaser.com\/wp-content\/uploads\/2024\/11\/LASER-WELDER-600x338.jpg 600w\" alt=\"SALDATORE LASER\" width=\"700\" height=\"394\" \/><\/div>\n<\/figure>\n<\/div>\n<\/div>\n<\/div>\n<\/div>\n<\/div>\n<div class=\"vc_row wpb_row vc_row-fluid\">\n<div class=\"wpb_column vc_column_container vc_col-sm-12\">\n<div class=\"vc_column-inner\">\n<div class=\"wpb_wrapper\">\n<div class=\"wpb_text_column wpb_content_element\">\n<div class=\"wpb_wrapper\">\n<p>Che si tratti di rimuovere la ruggine dai ponti o di pulire grandi strutture metalliche come stadi e fabbriche, la macchina per la pulizia laser Bogong da 2000W\/3000W \u00e8 perfetta per una serie di attivit\u00e0 di pulizia industriale. Grazie alla tecnologia di pulizia industriale di ultima generazione, potrete beneficiare di una maggiore efficienza e sicurezza.<\/p>\n<p>La macchina per la rimozione e la pulizia della ruggine con laser a fibre CW di BOGONG \u00e8 progettata per durare nel tempo e offre un'eccezionale pulizia delle superfici che pu\u00f2 elevare i vostri processi produttivi. Investite nella macchina per la pulizia laser a fibre CW da 2000W\/3000W e scoprite come la tecnologia di pulizia laser pu\u00f2 trasformare le vostre operazioni. Aumentate la vostra produttivit\u00e0, mantenete la sicurezza e rispettate gli standard ambientali con questo strumento fondamentale per qualsiasi azienda lungimirante.<\/p>\n<\/div>\n<\/div>\n<\/div>\n<\/div>\n<\/div>\n<\/div>\n<div class=\"vc_row wpb_row vc_row-fluid\">\n<div class=\"wpb_column vc_column_container vc_col-sm-12\">\n<div class=\"vc_column-inner\">\n<div class=\"wpb_wrapper\">\n<div class=\"wpb_single_image wpb_content_element vc_align_left wpb_content_element\">\n<figure class=\"wpb_wrapper vc_figure\">\n<div class=\"vc_single_image-wrapper   vc_box_border_grey\"><img decoding=\"async\" class=\"vc_single_image-img attachment-full\" title=\"pulitore laser portatile\" src=\"https:\/\/bogonglaser.com\/wp-content\/uploads\/2024\/11\/handheld-laser-cleaner.jpg\" sizes=\"auto, (max-width: 700px) 100vw, 700px\" srcset=\"https:\/\/bogonglaser.com\/wp-content\/uploads\/2024\/11\/handheld-laser-cleaner.jpg 700w, https:\/\/bogonglaser.com\/wp-content\/uploads\/2024\/11\/handheld-laser-cleaner-300x169.jpg 300w, https:\/\/bogonglaser.com\/wp-content\/uploads\/2024\/11\/handheld-laser-cleaner-600x338.jpg 600w\" alt=\"pulitore laser portatile\" width=\"700\" height=\"394\" \/><\/div>\n<\/figure>\n<\/div>\n<\/div>\n<\/div>\n<\/div>\n<\/div>\n<div class=\"vc_row wpb_row vc_row-fluid\">\n<div class=\"wpb_column vc_column_container vc_col-sm-12\">\n<div class=\"vc_column-inner\">\n<div class=\"wpb_wrapper\">\n<div class=\"wpb_text_column wpb_content_element\">\n<div class=\"wpb_wrapper\">\n<p>Questa tecnologia utilizza un raggio laser ad alta potenza. Quando il raggio colpisce una superficie, la luce e il calore vengono assorbiti, provocando una reazione. Una volta raggiunto un certo livello di energia, il raggio laser rompe i legami molecolari della superficie, vaporizzando di fatto il materiale.<\/p>\n<p>In genere, lo sporco o i contaminanti presenti sulla superficie hanno una soglia energetica inferiore per questa reazione rispetto al materiale sottostante. Ci\u00f2 significa che lo sporco vaporizzer\u00e0 per primo, con un danno minimo alla superficie sottostante.<\/p>\n<\/div>\n<\/div>\n<\/div>\n<\/div>\n<\/div>\n<\/div>\n<div class=\"vc_row wpb_row vc_row-fluid\">\n<div class=\"wpb_column vc_column_container vc_col-sm-12\">\n<div class=\"vc_column-inner\">\n<div class=\"wpb_wrapper\">\n<div class=\"wpb_single_image wpb_content_element vc_align_left wpb_content_element\">\n<figure class=\"wpb_wrapper vc_figure\">\n<div class=\"vc_single_image-wrapper   vc_box_border_grey\"><img decoding=\"async\" class=\"vc_single_image-img attachment-full\" title=\"saldatore laser cw\" src=\"https:\/\/bogonglaser.com\/wp-content\/uploads\/2024\/11\/cw-laser-welder.jpg\" sizes=\"auto, (max-width: 600px) 100vw, 600px\" srcset=\"https:\/\/bogonglaser.com\/wp-content\/uploads\/2024\/11\/cw-laser-welder.jpg 600w, https:\/\/bogonglaser.com\/wp-content\/uploads\/2024\/11\/cw-laser-welder-300x200.jpg 300w\" alt=\"saldatore laser cw\" width=\"600\" height=\"400\" \/><\/div>\n<\/figure>\n<\/div>\n<\/div>\n<\/div>\n<\/div>\n<\/div>\n<div class=\"vc_row wpb_row vc_row-fluid\">\n<div class=\"wpb_column vc_column_container vc_col-sm-12\">\n<div class=\"vc_column-inner\">\n<div class=\"wpb_wrapper\">\n<div class=\"wpb_video_widget wpb_content_element vc_clearfix   vc_video-aspect-ratio-169 vc_video-el-width-100 vc_video-align-left\">\n<div class=\"wpb_wrapper\">\n<div class=\"wpb_video_wrapper\">\n<p><iframe title=\"Pi\u00f9 piccolo 1000W 1500W 2000W ruggine Laser pulizia macchina con fibra Raycus Max Reci sorgente laser\" width=\"1290\" height=\"968\" src=\"https:\/\/www.youtube.com\/embed\/-or9ILVlGFA?feature=oembed\" frameborder=\"0\" allow=\"accelerometer; autoplay; clipboard-write; encrypted-media; gyroscope; picture-in-picture; web-share\" referrerpolicy=\"strict-origin-when-cross-origin\" allowfullscreen><\/iframe><\/p>\n<\/div>\n<\/div>\n<\/div>\n<\/div>\n<\/div>\n<\/div>\n<\/div>\n<div class=\"vc_row wpb_row vc_row-fluid\">\n<div class=\"wpb_column vc_column_container vc_col-sm-12\">\n<div class=\"vc_column-inner\">\n<div class=\"wpb_wrapper\">\n<div class=\"wpb_text_column wpb_content_element\">\n<div class=\"wpb_wrapper\">\n<p>Vantaggi:<\/p>\n<p>- Pulizia senza contatto, che riduce al minimo i danni al substrato di base.<br \/>\n- Pulizia di precisione: Si rivolge ad aree specifiche utilizzando impostazioni personalizzate del fascio di luce.<br \/>\n- Pulizia selettiva: Rimuove individualmente i diversi strati di sporco in base alla loro soglia di ablazione.<br \/>\n- Alta efficienza di pulizia.<br \/>\n- Design compatto e stabile, che richiede una manutenzione minima.<br \/>\n- Funzionamento semplice, oppure pu\u00f2 essere integrato con un braccio robotico per una pulizia automatizzata.<br \/>\n- Non sono necessari prodotti chimici, ghiaccio secco o altri materiali di pulizia. Solo pochi materiali di consumo lo rendono sicuro e rispettoso dell'ambiente.<\/p>\n<\/div>\n<\/div>\n<\/div>\n<\/div>\n<\/div>\n<\/div>\n<div class=\"vc_row wpb_row vc_row-fluid\">\n<div class=\"wpb_column vc_column_container vc_col-sm-12\">\n<div class=\"vc_column-inner\">\n<div class=\"wpb_wrapper\">\n<div class=\"wpb_text_column wpb_content_element\">\n<div class=\"wpb_wrapper\">\n<p><strong>Campioni di saldatura laser<\/strong><\/p>\n<\/div>\n<\/div>\n<div class=\"wpb_single_image wpb_content_element vc_align_left wpb_content_element\">\n<figure class=\"wpb_wrapper vc_figure\">\n<div class=\"vc_single_image-wrapper   vc_box_border_grey\"><img decoding=\"async\" class=\"vc_single_image-img attachment-full\" title=\"Pulitore laser a impulsi da 500 W\" src=\"https:\/\/bogonglaser.com\/wp-content\/uploads\/2024\/11\/%E5%9B%BD%E6%BA%901000w%E6%B8%85%E6%B4%97%E6%9C%BA%E6%A0%B7%E5%93%81%E7%85%A7%E7%89%87-1.png\" sizes=\"auto, (max-width: 800px) 100vw, 800px\" srcset=\"https:\/\/bogonglaser.com\/wp-content\/uploads\/2024\/11\/\u56fd\u6e901000w\u6e05\u6d17\u673a\u6837\u54c1\u7167\u7247-1.png 800w, https:\/\/bogonglaser.com\/wp-content\/uploads\/2024\/11\/\u56fd\u6e901000w\u6e05\u6d17\u673a\u6837\u54c1\u7167\u7247-1-300x225.png 300w, https:\/\/bogonglaser.com\/wp-content\/uploads\/2024\/11\/\u56fd\u6e901000w\u6e05\u6d17\u673a\u6837\u54c1\u7167\u7247-1-768x576.png 768w, https:\/\/bogonglaser.com\/wp-content\/uploads\/2024\/11\/\u56fd\u6e901000w\u6e05\u6d17\u673a\u6837\u54c1\u7167\u7247-1-600x450.png 600w\" alt=\"Macchina per la pulizia del laser 500W pusle\" width=\"800\" height=\"600\" \/><\/div>\n<\/figure>\n<\/div>\n<\/div>\n<\/div>\n<\/div>\n<\/div>\n<div class=\"vc_row wpb_row vc_row-fluid\">\n<div class=\"wpb_column vc_column_container vc_col-sm-12\">\n<div class=\"vc_column-inner\">\n<div class=\"wpb_wrapper\">\n<div class=\"wpb_text_column wpb_content_element\">\n<div class=\"wpb_wrapper\">\n<p>Perch\u00e9 sempre pi\u00f9 produttori si rivolgono alla pulizia laser per la preparazione dei materiali?<\/p>\n<p>La pulizia laser presenta diversi vantaggi rispetto ai metodi tradizionali. Innanzitutto, elimina la necessit\u00e0 di utilizzare solventi e materiali abrasivi, che possono complicare lo smaltimento. A differenza di altri processi che possono mancare di precisione e spesso richiedono un intervento manuale, la pulizia laser consente un'applicazione controllata su aree specifiche di un pezzo. Questo processo pu\u00f2 essere facilmente automatizzato per aumentare la produttivit\u00e0 e garantire la ripetibilit\u00e0 richiesta da molti standard di qualit\u00e0. Di conseguenza, i produttori trovano nella pulizia laser un'opzione pi\u00f9 efficiente e affidabile per la preparazione dei materiali.<\/p>\n<\/div>\n<\/div>\n<\/div>\n<\/div>\n<\/div>\n<\/div>\n<div class=\"vc_row wpb_row vc_row-fluid\">\n<div class=\"wpb_column vc_column_container vc_col-sm-6\">\n<div class=\"vc_column-inner\">\n<div class=\"wpb_wrapper\">\n<div class=\"wpb_text_column wpb_content_element\">\n<div class=\"wpb_wrapper\">\n<h3><strong>Sistema di macchine per la pulizia laser<\/strong><\/h3>\n<p>I laser possono fornire pulizia e preparazione delle superfici ad alta velocit\u00e0 praticamente in tutti i settori industriali. Il processo, a bassa manutenzione e facilmente automatizzabile, pu\u00f2 essere utilizzato per rimuovere olio e grasso, rimuovere vernici o rivestimenti o modificare la struttura della superficie, ad esempio aggiungendo rugosit\u00e0 per aumentare l'adesione.<\/p>\n<p>Non vengono utilizzati materiali abrasivi, senza problemi di separazione e smaltimento dei contaminanti.<\/p>\n<p>Non vengono utilizzati solventi: un processo privo di sostanze chimiche e rispettoso dell'ambiente.<\/p>\n<p>Selettivo dal punto di vista spaziale: pulisce solo l'area necessaria, risparmiando tempo e costi grazie all'esclusione delle aree non importanti.<\/p>\n<\/div>\n<\/div>\n<\/div>\n<\/div>\n<\/div>\n<div class=\"wpb_column vc_column_container vc_col-sm-6\">\n<div class=\"vc_column-inner\">\n<div class=\"wpb_wrapper\">\n<div class=\"wpb_single_image wpb_content_element vc_align_left wpb_content_element\">\n<figure class=\"wpb_wrapper vc_figure\">\n<div class=\"vc_single_image-wrapper   vc_box_border_grey\"><img decoding=\"async\" class=\"vc_single_image-img attachment-full\" title=\"macchina per la pulizia laser cw\" src=\"https:\/\/bogonglaser.com\/wp-content\/uploads\/2024\/11\/laser-cleaning-machine-cw.jpg\" sizes=\"auto, (max-width: 600px) 100vw, 600px\" srcset=\"https:\/\/bogonglaser.com\/wp-content\/uploads\/2024\/11\/laser-cleaning-machine-cw.jpg 600w, https:\/\/bogonglaser.com\/wp-content\/uploads\/2024\/11\/laser-cleaning-machine-cw-300x183.jpg 300w\" alt=\"macchina per la pulizia laser cw\" width=\"600\" height=\"366\" \/><\/div>\n<\/figure>\n<\/div>\n<\/div>\n<\/div>\n<\/div>\n<\/div>\n<div class=\"vc_row wpb_row vc_row-fluid\">\n<div class=\"wpb_column vc_column_container vc_col-sm-12\">\n<div class=\"vc_column-inner\">\n<div class=\"wpb_wrapper\">\n<div class=\"wpb_text_column wpb_content_element\">\n<div class=\"wpb_wrapper\">\n<p><strong>Confezione del saldatore laser<\/strong><\/p>\n<\/div>\n<\/div>\n<div class=\"wpb_single_image wpb_content_element vc_align_left wpb_content_element\">\n<figure class=\"wpb_wrapper vc_figure\">\n<div class=\"vc_single_image-wrapper   vc_box_border_grey\"><img decoding=\"async\" class=\"vc_single_image-img attachment-full\" title=\"macchina saldatrice laser (1)\" src=\"https:\/\/bogonglaser.com\/wp-content\/uploads\/2024\/11\/laser-welder-machine-1.jpg\" sizes=\"auto, (max-width: 719px) 100vw, 719px\" srcset=\"https:\/\/bogonglaser.com\/wp-content\/uploads\/2024\/11\/laser-welder-machine-1.jpg 719w, https:\/\/bogonglaser.com\/wp-content\/uploads\/2024\/11\/laser-welder-machine-1-300x117.jpg 300w, https:\/\/bogonglaser.com\/wp-content\/uploads\/2024\/11\/laser-welder-machine-1-600x234.jpg 600w\" alt=\"saldatrice laser 1\" width=\"719\" height=\"280\" \/><\/div>\n<\/figure>\n<\/div>\n<\/div>\n<\/div>\n<\/div>\n<\/div>\n<div class=\"vc_row wpb_row vc_row-fluid\">\n<div class=\"wpb_column vc_column_container vc_col-sm-12\">\n<div class=\"vc_column-inner\">\n<div class=\"wpb_wrapper\">\n<div class=\"wpb_text_column wpb_content_element\">\n<div class=\"wpb_wrapper\">\n<p>**Perch\u00e9 scegliere BOGONG LASER**<\/p>\n<p>BOGONG \u00e8 famosa per la qualit\u00e0 delle apparecchiature laser e per il servizio di assistenza post-vendita. Le nostre macchine sono versatili e facili da usare, progettate tenendo conto di tutti i livelli di abilit\u00e0. Soprattutto, diamo priorit\u00e0 alla soddisfazione del cliente. Che siate esperti o principianti, BOGONG LASER \u00e8 qui per supportarvi in ogni momento. Fidatevi di noi e del nostro servizio, dove eccellenza e innovazione si fondono per il vostro successo.<\/p>\n<\/div>\n<\/div>\n<\/div>\n<\/div>\n<\/div>\n<\/div>","protected":false},"excerpt":{"rendered":"<h2>Macchina per la pulizia del laser a fibra CW<\/h2>\n<p>Se si desidera rimuovere la ruggine su grandi superfici, una macchina per la pulizia laser CW \u00e8 di grande aiuto. Macchina di pulizia laser 1500W 2000W 3000W<\/p>\n<ul class=\"tips\">\n<li>350 Set \/ Mese in attesa di vendita In magazzino<\/li>\n<li>2 anni di garanzia limitata per l'intera macchina<\/li>\n<li>Online (PayPal) e offline (T\/T, carte di debito e di credito)<\/li>\n<li>Assistenza tecnica gratuita a vita per utenti finali e rivenditori<\/li>\n<\/ul>","protected":false},"featured_media":1821,"template":"","meta":{"_gspb_post_css":""},"product_brand":[],"product_cat":[94],"product_tag":[109,108,107],"class_list":{"0":"post-1904","1":"product","2":"type-product","3":"status-publish","4":"has-post-thumbnail","6":"product_cat-laser-cleaning-machine","7":"product_tag-fiber-laser-welder","8":"product_tag-handheld-laser-welder","9":"product_tag-laser-welding-machine","11":"first","12":"instock","13":"shipping-taxable","14":"product-type-simple"},"_links":{"self":[{"href":"https:\/\/bogonglaser.com\/it\/wp-json\/wp\/v2\/product\/1904","targetHints":{"allow":["GET"]}}],"collection":[{"href":"https:\/\/bogonglaser.com\/it\/wp-json\/wp\/v2\/product"}],"about":[{"href":"https:\/\/bogonglaser.com\/it\/wp-json\/wp\/v2\/types\/product"}],"wp:featuredmedia":[{"embeddable":true,"href":"https:\/\/bogonglaser.com\/it\/wp-json\/wp\/v2\/media\/1821"}],"wp:attachment":[{"href":"https:\/\/bogonglaser.com\/it\/wp-json\/wp\/v2\/media?parent=1904"}],"wp:term":[{"taxonomy":"product_brand","embeddable":true,"href":"https:\/\/bogonglaser.com\/it\/wp-json\/wp\/v2\/product_brand?post=1904"},{"taxonomy":"product_cat","embeddable":true,"href":"https:\/\/bogonglaser.com\/it\/wp-json\/wp\/v2\/product_cat?post=1904"},{"taxonomy":"product_tag","embeddable":true,"href":"https:\/\/bogonglaser.com\/it\/wp-json\/wp\/v2\/product_tag?post=1904"}],"curies":[{"name":"wp","href":"https:\/\/api.w.org\/{rel}","templated":true}]}}