{"id":1820,"date":"2024-11-14T09:28:00","date_gmt":"2024-11-14T01:28:00","guid":{"rendered":"https:\/\/bogonglaser.com\/?post_type=product&#038;p=1820"},"modified":"2025-12-10T18:20:27","modified_gmt":"2025-12-10T10:20:27","slug":"2024-popular-portable-handheld-laser-welding-machine-for-sale","status":"publish","type":"product","link":"https:\/\/bogonglaser.com\/it\/2024-popular-portable-handheld-laser-welding-machine-for-sale\/","title":{"rendered":"2024 Popolare portatile portatile macchina di saldatura laser in vendita"},"content":{"rendered":"<div class=\"vc_row wpb_row vc_row-fluid\">\n<div class=\"wpb_column vc_column_container vc_col-sm-12\">\n<div class=\"vc_column-inner\">\n<div class=\"wpb_wrapper\">\n<div class=\"wpb_text_column wpb_content_element\">\n<div class=\"wpb_wrapper\">\n<p>Portable\u00a0handheld laser welding machines\u00a0are advanced tools designed for precise welding across various industries. These machines use a high-energy laser beam, which is transmitted through an optical fiber. The beam is then converted into parallel light using a collimating lens and focused on the weldable metal parts, generating heat to bond them together.<\/p>\n<p>Questi saldatori laser portatili sono facili da manovrare e da utilizzare con una pistola di saldatura laser portatile, che li rende adatti per le connessioni di giunti metallici sia all'interno che all'esterno. Il loro design facile da usare si rivolge sia ai principianti che ai professionisti.<\/p>\n<p>La loro flessibilit\u00e0 consente la saldatura senza contatto di componenti difficili. La saldatrice manuale a raggio laser \u00e8 in grado di separare efficacemente lo spettro dal tempo e dall'energia, consentendo la creazione di pi\u00f9 saldature simultanee. Rispetto ai tradizionali saldatori MIG, TIG ed elettrici, questa tecnologia offre una precisione di saldatura superiore.<\/p>\n<\/div>\n<\/div>\n<\/div>\n<\/div>\n<\/div>\n<\/div>\n<div class=\"vc_row wpb_row vc_row-fluid\">\n<div class=\"wpb_column vc_column_container vc_col-sm-12\">\n<div class=\"vc_column-inner\">\n<div class=\"wpb_wrapper\">\n<div class=\"wpb_single_image wpb_content_element vc_align_left wpb_content_element\">\n<figure class=\"wpb_wrapper vc_figure\">\n<div class=\"vc_single_image-wrapper   vc_box_border_grey\"><img decoding=\"async\" class=\"vc_single_image-img attachment-full\" title=\"SALDATORE LASER\" src=\"https:\/\/bogonglaser.com\/wp-content\/uploads\/2024\/11\/LASER-WELDER.jpg\" sizes=\"auto, (max-width: 700px) 100vw, 700px\" srcset=\"https:\/\/bogonglaser.com\/wp-content\/uploads\/2024\/11\/LASER-WELDER.jpg 700w, https:\/\/bogonglaser.com\/wp-content\/uploads\/2024\/11\/LASER-WELDER-300x169.jpg 300w, https:\/\/bogonglaser.com\/wp-content\/uploads\/2024\/11\/LASER-WELDER-600x338.jpg 600w\" alt=\"SALDATORE LASER\" width=\"700\" height=\"394\" \/><\/div>\n<\/figure>\n<\/div>\n<\/div>\n<\/div>\n<\/div>\n<\/div>\n<div class=\"vc_row wpb_row vc_row-fluid\">\n<div class=\"wpb_column vc_column_container vc_col-sm-12\">\n<div class=\"vc_column-inner\">\n<div class=\"wpb_wrapper\">\n<div class=\"wpb_text_column wpb_content_element\">\n<div class=\"wpb_wrapper\">\n<h2>Vantaggi del saldatore laser portatile:<\/h2>\n<p>Offre diverse opzioni di potenza laser (1500W, 2000W, 3000W) per diverse profondit\u00e0 di penetrazione.<\/p>\n<p>Portatile e facile da usare, \u00e8 ideale per progetti di saldatura all'interno e all'esterno.<\/p>\n<p>Velocit\u00e0 di saldatura da 2 a 10 volte superiore rispetto alle saldatrici MMA, TIG e MIG tradizionali.<\/p>\n<p>Produce cordoni di saldatura diritti e uniformi, lisci e puliti, con una penetrazione profonda e una conicit\u00e0 minima, eliminando la necessit\u00e0 di lucidare e risparmiando tempo e costi.<\/p>\n<p>Crea giunzioni metalliche forti senza deformazioni e riduce le cicatrici.<\/p>\n<p>\u2714 Minor consumo di materiali e di energia, che contribuisce a una maggiore durata.<\/p>\n<p>Facile da usare e sicuro, con un funzionamento rispettoso dell'ambiente.<\/p>\n<\/div>\n<\/div>\n<\/div>\n<\/div>\n<\/div>\n<\/div>\n<div class=\"vc_row wpb_row vc_row-fluid\">\n<div class=\"wpb_column vc_column_container vc_col-sm-12\">\n<div class=\"vc_column-inner\">\n<div class=\"wpb_wrapper\">\n<div class=\"wpb_single_image wpb_content_element vc_align_left wpb_content_element\">\n<figure class=\"wpb_wrapper vc_figure\">\n<div class=\"vc_single_image-wrapper   vc_box_border_grey\"><img decoding=\"async\" class=\"vc_single_image-img attachment-full\" title=\"pulitore laser portatile\" src=\"https:\/\/bogonglaser.com\/wp-content\/uploads\/2024\/11\/handheld-laser-cleaner.jpg\" sizes=\"auto, (max-width: 700px) 100vw, 700px\" srcset=\"https:\/\/bogonglaser.com\/wp-content\/uploads\/2024\/11\/handheld-laser-cleaner.jpg 700w, https:\/\/bogonglaser.com\/wp-content\/uploads\/2024\/11\/handheld-laser-cleaner-300x169.jpg 300w, https:\/\/bogonglaser.com\/wp-content\/uploads\/2024\/11\/handheld-laser-cleaner-600x338.jpg 600w\" alt=\"pulitore laser portatile\" width=\"700\" height=\"394\" \/><\/div>\n<\/figure>\n<\/div>\n<\/div>\n<\/div>\n<\/div>\n<\/div>\n<div class=\"vc_row wpb_row vc_row-fluid\">\n<div class=\"wpb_column vc_column_container vc_col-sm-12\">\n<div class=\"vc_column-inner\">\n<div class=\"wpb_wrapper\">\n<div class=\"wpb_text_column wpb_content_element\">\n<div class=\"wpb_wrapper\">\n<h2>Caratteristiche della saldatrice laser a fibra portatile<\/h2>\n<p>\u21f2 Fornisce un'elevata densit\u00e0 di energia laser con un'area di effetto termico minima, riducendo il rischio di deformazione ed eliminando la necessit\u00e0 di un'ampia lavorazione successiva.<\/p>\n<p>\u21f2 Armadio di controllo compatto all-in-one che comprende il generatore laser, l'alimentatore, il refrigeratore d'acqua industriale e il controller: potente ma facile da spostare.<\/p>\n<p>\u21f2 Supporta varie tecniche di saldatura, tra cui quella a punti, a chiodi, a testa, a giro, a giuntura, a bordo, a pila, a crimpare e a T.<\/p>\n<p>\u21f2 Le funzioni avanzate di rilevamento e protezione garantiscono un funzionamento stabile a lungo termine, riducendo al minimo le perdite potenziali e i rischi per la sicurezza.<\/p>\n<p>\u21f2 Il funzionamento senza contatto \u00e8 privo di stress, silenzioso e rispettoso dell'ambiente, in linea con gli standard di lavorazione ecologici.<\/p>\n<p>\u21f2 Produce saldature di alta qualit\u00e0 con una finitura liscia e pulita.<\/p>\n<p>\u21f2 Le funzionalit\u00e0 di comunicazione consentono il monitoraggio in tempo reale di tutti i dati laser.<\/p>\n<p>\u21f2 Dotato di una fibra specializzata per la saldatura di piccole protuberanze di saldatura.<\/p>\n<p>\u21f2 Il fascio laser in fibra di alta qualit\u00e0 garantisce un'elevata efficienza di conversione, con conseguente velocit\u00e0 di lavorazione, elevato rapporto d'aspetto e saldature resistenti.<\/p>\n<p>\u21f2 Un sistema spettrale avanzato riduce la perdita di energia, garantendo un'energia laser uniforme su tutte le fibre.<\/p>\n<p>\u21f2 Utilizza la trasmissione in fibra ottica per la saldatura a distanza e pu\u00f2 integrarsi facilmente con banchi di lavoro automatici, manipolatori e linee di assemblaggio, ottenendo punti luce pi\u00f9 uniformi e giunti di saldatura esteticamente gradevoli.<\/p>\n<p>\u21f2 I segnali multipli di ingresso e di uscita facilitano la produzione automatizzata e l'integrazione nella catena di montaggio.<\/p>\n<p>\u21f2 I giunti di saldatura ecologici presentano una resistenza e una tenacit\u00e0 paragonabili o superiori a quelle del metallo di base.<\/p>\n<p>\u21f2 Interfaccia touch screen di facile utilizzo per un'impostazione e un funzionamento semplici, con un sistema operativo intuitivo e facile da imparare.<\/p>\n<p>\u21f2 \u00c8 disponibile una variet\u00e0 di ugelli angolati e di specifiche per gli ugelli di alimentazione del filo per soddisfare le diverse esigenze dei progetti di saldatura.<\/p>\n<\/div>\n<\/div>\n<\/div>\n<\/div>\n<\/div>\n<\/div>\n<div class=\"vc_row wpb_row vc_row-fluid\">\n<div class=\"wpb_column vc_column_container vc_col-sm-12\">\n<div class=\"vc_column-inner\">\n<div class=\"wpb_wrapper\">\n<div class=\"wpb_single_image wpb_content_element vc_align_left wpb_content_element\">\n<figure class=\"wpb_wrapper vc_figure\">\n<div class=\"vc_single_image-wrapper   vc_box_border_grey\"><img decoding=\"async\" class=\"vc_single_image-img attachment-full\" title=\"saldatore laser portatile\" src=\"https:\/\/bogonglaser.com\/wp-content\/uploads\/2024\/11\/laser-welder-handheld.jpg\" sizes=\"auto, (max-width: 700px) 100vw, 700px\" srcset=\"https:\/\/bogonglaser.com\/wp-content\/uploads\/2024\/11\/laser-welder-handheld.jpg 700w, https:\/\/bogonglaser.com\/wp-content\/uploads\/2024\/11\/laser-welder-handheld-300x169.jpg 300w, https:\/\/bogonglaser.com\/wp-content\/uploads\/2024\/11\/laser-welder-handheld-600x338.jpg 600w\" alt=\"saldatore laser portatile\" width=\"700\" height=\"394\" \/><\/div>\n<\/figure>\n<\/div>\n<\/div>\n<\/div>\n<\/div>\n<\/div>\n<div class=\"vc_row wpb_row vc_row-fluid\">\n<div class=\"wpb_column vc_column_container vc_col-sm-12\">\n<div class=\"vc_column-inner\">\n<div class=\"wpb_wrapper\">\n<div class=\"wpb_text_column wpb_content_element\">\n<div class=\"wpb_wrapper\">\n<h3>Che cos'\u00e8 una pistola per saldatura laser portatile<\/h3>\n<p>La pistola per saldatura laser portatile \u00e8 una saldatrice portatile che integra un generatore laser, un controller, un sistema di raffreddamento e un alimentatore automatico di filo. Questo strumento versatile consente di eseguire diverse tecniche di saldatura, tra cui la saldatura a punto, a chiodo, a testa, a giro, a bordo, a crimpare e a T, rendendolo adatto a diverse giunzioni metalliche. La sua flessibilit\u00e0 e facilit\u00e0 d'uso consentono la saldatura a lunga distanza e all'aperto, permettendo agli operatori di lavorare su parti saldabili in qualsiasi angolazione o posizione, il che \u00e8 ideale per gestire giunzioni metalliche complesse.<\/p>\n<p>La struttura della pistola per saldatura laser portatile comprende il corpo della pistola, la camera di raffreddamento e la camera del gas di protezione. Il suo design compatto e lineare la rende facile da usare e da trasportare. Pu\u00f2 essere facilmente collegata a un mezzo di raffreddamento e a una fonte di gas protettivo, raffreddando efficacemente la pistola laser e creando un'atmosfera di gas protettivo intorno all'area di lavoro. Questa configurazione garantisce una qualit\u00e0 di saldatura affidabile.<\/p>\n<p>BOGONG vi fornisce diverse marche di teste laser per l'optional, potete vedere il video qui sotto<\/p>\n<\/div>\n<\/div>\n<\/div>\n<\/div>\n<\/div>\n<\/div>\n<div class=\"vc_row wpb_row vc_row-fluid\">\n<div class=\"wpb_column vc_column_container vc_col-sm-12\">\n<div class=\"vc_column-inner\">\n<div class=\"wpb_wrapper\">\n<div class=\"wpb_video_widget wpb_content_element vc_clearfix   vc_video-aspect-ratio-169 vc_video-el-width-100 vc_video-align-left\">\n<div class=\"wpb_wrapper\">\n<div class=\"wpb_video_wrapper\">\n<p><iframe title=\"Diverse marche di testa di saldatura laser in fibra portatile mostrano quale testa di saldatura laser \u00e8 buona?\" width=\"1290\" height=\"726\" src=\"https:\/\/www.youtube.com\/embed\/NSdcJZEIYs8?feature=oembed\" frameborder=\"0\" allow=\"accelerometer; autoplay; clipboard-write; encrypted-media; gyroscope; picture-in-picture; web-share\" referrerpolicy=\"strict-origin-when-cross-origin\" allowfullscreen><\/iframe><\/p>\n<\/div>\n<\/div>\n<\/div>\n<\/div>\n<\/div>\n<\/div>\n<\/div>\n<div class=\"vc_row wpb_row vc_row-fluid\">\n<div class=\"wpb_column vc_column_container vc_col-sm-12\">\n<div class=\"vc_column-inner\">\n<div class=\"wpb_wrapper\">\n<div class=\"wpb_text_column wpb_content_element\">\n<div class=\"wpb_wrapper\">\n<h2>Applicazioni della saldatura laser portatile<\/h2>\n<p>I saldatori laser portatili sono strumenti estremamente versatili, in grado di saldare un'ampia gamma di metalli e leghe, tra cui acciaio inossidabile, acciaio al carbonio, ottone, rame, alluminio, oro, cromo, argento, titanio, nichel, platino, rodio, tantalio, niobio, tungsteno, molibdeno e altro ancora. Possono gestire diverse combinazioni di materiali, come la saldatura di ottone con acciaio inossidabile, rame con ottone, titanio con molibdeno, titanio con oro e nichel con rame.<\/p>\n<p>Handheld\u00a0laser welding machines\u00a0find applications across various industries, from home use to large-scale manufacturing:<\/p>\n<p>Aviazione<br \/>\nUtilizzato per carcasse di motori, distanziatori d'ala, pelli e centine della fusoliera, pannelli di parete e soffietti.<\/p>\n<p>Strumenti elettronici<br \/>\nSalda conduttori di circuiti integrati, cannoni elettronici per tubi immagine, condensatori al tantalio, tubi di controllo della velocit\u00e0 e molle per strumenti.<\/p>\n<p>Macchinari<br \/>\nIdeale per molle di precisione, parti di stampanti a matrice di punti, soffietti metallici a parete sottile, termocoppie e servovalvole elettroidrauliche.<\/p>\n<p>Metallurgia dell'acciaio<br \/>\nEfficiente nella saldatura di lamiere di acciaio al silicio con spessori da 0,2 mm a 8 mm e larghezze da 0,5 mm a 1,8 mm, compresi gli acciai ad alto, medio e basso tenore di carbonio e gli acciai inossidabili, con velocit\u00e0 di saldatura da 100 cm\/min a 1000 cm\/min.<\/p>\n<p>Automotive<br \/>\nUtilizzato per saldare parti come tetti, pannelli della carrozzeria, telai laterali, telai, componenti della trasmissione, gruppi di ingranaggi e parti del sistema di accensione.<\/p>\n<p>Ferrovia ad alta velocit\u00e0<br \/>\nEfficace per la saldatura delle strutture a nido d'ape delle carrozze dei treni.<\/p>\n<p>Costruzione navale<br \/>\nUtilizzato per lavorare su ponti, paratie di cabine, pareti e elementi sandwich in lamiera piana.<\/p>\n<p>Medico<br \/>\nPartecipa alla produzione di pacemaker e di batterie al litio-iodio utilizzate in questi dispositivi.<\/p>\n<p>Industria alimentare<br \/>\nSalda le lattine per alimenti, sostituendo i metodi tradizionali di saldatura e di contatto ad alta frequenza. Questo processo \u00e8 atossico, rapido, efficiente dal punto di vista dei materiali e produce giunzioni esteticamente gradevoli con prestazioni eccellenti.<\/p>\n<p>Altre applicazioni<br \/>\nInclude la saldatura di turbine a gas, scambiatori di calore, involucri di zinco e rame a secco e componenti per reattori nucleari.<\/p>\n<\/div>\n<\/div>\n<\/div>\n<\/div>\n<\/div>\n<\/div>\n<div class=\"vc_row wpb_row vc_row-fluid\">\n<div class=\"wpb_column vc_column_container vc_col-sm-12\">\n<div class=\"vc_column-inner\">\n<div class=\"wpb_wrapper\">\n<div class=\"wpb_text_column wpb_content_element\">\n<div class=\"wpb_wrapper\">\n<p><strong>Campioni di saldatura laser<\/strong><\/p>\n<\/div>\n<\/div>\n<div class=\"wpb_single_image wpb_content_element vc_align_left wpb_content_element\">\n<figure class=\"wpb_wrapper vc_figure\">\n<div class=\"vc_single_image-wrapper   vc_box_border_grey\"><img decoding=\"async\" class=\"vc_single_image-img attachment-full\" title=\"\u9ed1\u767d1500~2000w\u710a\u63a5\u673a\u710a\u63a5\u6837\u54c12 (1)\" src=\"https:\/\/bogonglaser.com\/wp-content\/uploads\/2024\/11\/%E9%BB%91%E7%99%BD15002000w%E7%84%8A%E6%8E%A5%E6%9C%BA%E7%84%8A%E6%8E%A5%E6%A0%B7%E5%93%812-1.png\" sizes=\"auto, (max-width: 800px) 100vw, 800px\" srcset=\"https:\/\/bogonglaser.com\/wp-content\/uploads\/2024\/11\/\u9ed1\u767d15002000w\u710a\u63a5\u673a\u710a\u63a5\u6837\u54c12-1.png 800w, https:\/\/bogonglaser.com\/wp-content\/uploads\/2024\/11\/\u9ed1\u767d15002000w\u710a\u63a5\u673a\u710a\u63a5\u6837\u54c12-1-300x225.png 300w, https:\/\/bogonglaser.com\/wp-content\/uploads\/2024\/11\/\u9ed1\u767d15002000w\u710a\u63a5\u673a\u710a\u63a5\u6837\u54c12-1-768x576.png 768w, https:\/\/bogonglaser.com\/wp-content\/uploads\/2024\/11\/\u9ed1\u767d15002000w\u710a\u63a5\u673a\u710a\u63a5\u6837\u54c12-1-600x450.png 600w\" alt=\"campioni di saldatura laser\" width=\"800\" height=\"600\" \/><\/div>\n<\/figure>\n<\/div>\n<\/div>\n<\/div>\n<\/div>\n<\/div>\n<div class=\"vc_row wpb_row vc_row-fluid\">\n<div class=\"wpb_column vc_column_container vc_col-sm-12\">\n<div class=\"vc_column-inner\">\n<div class=\"wpb_wrapper\">\n<div class=\"wpb_text_column wpb_content_element\">\n<div class=\"wpb_wrapper\">\n<p>Saldatrice laser vs. Saldatrice MMA vs. Saldatrice MIG vs. Saldatrice TIG<\/p>\n<p>Saldatore MMA (Saldatore manuale ad arco metallico):<br \/>\nConosciute anche come MMAW o SMAW (Shielded Metal Arc Welder), le saldatrici MMA tendono a produrre molti schizzi di saldatura e hanno una bassa efficienza nell'utilizzo del metallo d'apporto. Richiedono la rimozione regolare delle scorie e frequenti cambi di bacchetta, il che rallenta il processo di saldatura e riduce l'efficienza produttiva complessiva. Inoltre, questo tipo di saldatura si basa molto sull'abilit\u00e0 e sull'esperienza del saldatore.<\/p>\n<p>Saldatore MIG (saldatore a gas inerte metallico):<br \/>\nLe saldatrici MIG hanno un elevato consumo di filo e generano un notevole calore, il che rende facile la deformazione o la bruciatura di lamiere sottili. Per le lamiere di medio spessore, la saldatura richiede spesso la creazione di scanalature, con conseguenti giunture ruvide che devono essere successivamente lucidate.<\/p>\n<p>Saldatore TIG (saldatore a gas inerte di tungsteno):<br \/>\nLe saldatrici TIG producono una penetrazione poco profonda e creano un'ampia area di fusione, rendendole adatte principalmente per lamiere sottili, ma possono causare grandi deformazioni. Se la corrente \u00e8 troppo alta, l'elettrodo di tungsteno pu\u00f2 fondere ed evaporare e l'alimentazione manuale del filo pu\u00f2 essere difficile e inefficiente.<\/p>\n<p>Saldatore laser portatile:<br \/>\nAl contrario, i saldatori laser portatili sono ecologici e producono saldature pulite e lisce con una penetrazione profonda e velocit\u00e0 elevate, che portano a deformazioni minime. Ci\u00f2 riduce significativamente la necessit\u00e0 di una successiva levigatura o lucidatura, ottenendo saldature diritte e uniformi senza la necessit\u00e0 di operatori altamente qualificati.<\/p>\n<p>Mentre le saldature MMA, TIG e MIG richiedono in genere saldatori esperti e una notevole formazione, le saldatrici laser portatili sono facili da usare e semplici. Vengono forniti con parametri preimpostati di uso comune e gli utenti possono personalizzare le impostazioni e salvare le preferenze, rendendo facile per i principianti iniziare a lavorare dopo poche ore di pratica.<\/p>\n<p>In termini di velocit\u00e0, le saldatrici MMA, TIG e MIG tradizionali operano solitamente a un massimo di 1 centimetro al secondo, mentre le saldatrici laser portatili possono raggiungere velocit\u00e0 da 2 a 10 centimetri al secondo, offrendo un'efficienza da 2 a 10 volte superiore a quella delle saldatrici ad arco manuali. Questi saldatori laser portatili possono trattare vari tipi di metalli, tra cui acciaio al carbonio, acciaio inossidabile, acciaio zincato, leghe di alluminio e ottone, raggiungendo profondit\u00e0 di saldatura fino a 8 mm per l'acciaio e 6 mm per l'alluminio o l'ottone.<\/p>\n<\/div>\n<\/div>\n<\/div>\n<\/div>\n<\/div>\n<\/div>\n<div class=\"vc_row wpb_row vc_row-fluid\">\n<div class=\"wpb_column vc_column_container vc_col-sm-12\">\n<div class=\"vc_column-inner\">\n<div class=\"wpb_wrapper\">\n<div class=\"wpb_text_column wpb_content_element\">\n<div class=\"wpb_wrapper\">\n<p><strong>Confezione del saldatore laser<\/strong><\/p>\n<\/div>\n<\/div>\n<div class=\"wpb_single_image wpb_content_element vc_align_left wpb_content_element\">\n<figure class=\"wpb_wrapper vc_figure\">\n<div class=\"vc_single_image-wrapper   vc_box_border_grey\"><img decoding=\"async\" class=\"vc_single_image-img attachment-full\" title=\"macchina saldatrice laser (1)\" src=\"https:\/\/bogonglaser.com\/wp-content\/uploads\/2024\/11\/laser-welder-machine-1.jpg\" sizes=\"auto, (max-width: 719px) 100vw, 719px\" srcset=\"https:\/\/bogonglaser.com\/wp-content\/uploads\/2024\/11\/laser-welder-machine-1.jpg 719w, https:\/\/bogonglaser.com\/wp-content\/uploads\/2024\/11\/laser-welder-machine-1-300x117.jpg 300w, https:\/\/bogonglaser.com\/wp-content\/uploads\/2024\/11\/laser-welder-machine-1-600x234.jpg 600w\" alt=\"saldatrice laser 1\" width=\"719\" height=\"280\" \/><\/div>\n<\/figure>\n<\/div>\n<\/div>\n<\/div>\n<\/div>\n<\/div>\n<div class=\"vc_row wpb_row vc_row-fluid\">\n<div class=\"wpb_column vc_column_container vc_col-sm-12\">\n<div class=\"vc_column-inner\">\n<div class=\"wpb_wrapper\">\n<div class=\"wpb_text_column wpb_content_element\">\n<div class=\"wpb_wrapper\">\n<p>**Perch\u00e9 scegliere BOGONG LASER**<\/p>\n<p>BOGONG \u00e8 famosa per la qualit\u00e0 delle apparecchiature laser e per il servizio di assistenza post-vendita. Le nostre macchine sono versatili e facili da usare, progettate tenendo conto di tutti i livelli di abilit\u00e0. Soprattutto, diamo priorit\u00e0 alla soddisfazione del cliente. Che siate esperti o principianti, BOGONG LASER \u00e8 qui per supportarvi in ogni momento. Fidatevi di noi e del nostro servizio, dove eccellenza e innovazione si fondono per il vostro successo.<\/p>\n<\/div>\n<\/div>\n<\/div>\n<\/div>\n<\/div>\n<\/div>","protected":false},"excerpt":{"rendered":"<h2>2024 Popolare portatile portatile macchina di saldatura laser in vendita<\/h2>\n<p>La migliore saldatrice laser portatile 2024 \u00e8 dotata di pistole per saldare con laser in fibra, di una potente sorgente laser con opzioni di 1500W, 2000W e 3000W e di un alimentatore automatico di filo per la saldatura di varie giunzioni metalliche, tra cui giunzioni di bordo, di testa, a T, ad angolo e di giro. Questo versatile saldatore laser portatile \u00e8 adatto alla saldatura di una serie di materiali come acciaio al carbonio, acciaio inox, alluminio, ottone, rame, ferro, argento, oro e altri ancora sotto forma di lamiere, tubi e profili. \u00c8 destinata a sostituire i metodi di saldatura tradizionali come l'arco di argon, il MIG, il TIG e le saldatrici elettriche per unire i componenti metallici.<\/p>\n<ul class=\"tips\">\n<li>350 Set \/ Mese in attesa di vendita In magazzino<\/li>\n<li>2 anni di garanzia limitata per l'intera macchina<\/li>\n<li>Online (PayPal) e offline (T\/T, carte di debito e di credito)<\/li>\n<li>Assistenza tecnica gratuita a vita per utenti finali e rivenditori<\/li>\n<\/ul>","protected":false},"featured_media":1821,"template":"","meta":{"_gspb_post_css":""},"product_brand":[],"product_cat":[115,95],"product_tag":[109,108,107],"class_list":{"0":"post-1820","1":"product","2":"type-product","3":"status-publish","4":"has-post-thumbnail","6":"product_cat-handheld-laser-welder","7":"product_cat-laser-welding-machine","8":"product_tag-fiber-laser-welder","9":"product_tag-handheld-laser-welder","10":"product_tag-laser-welding-machine","12":"first","13":"instock","14":"shipping-taxable","15":"product-type-simple"},"_links":{"self":[{"href":"https:\/\/bogonglaser.com\/it\/wp-json\/wp\/v2\/product\/1820","targetHints":{"allow":["GET"]}}],"collection":[{"href":"https:\/\/bogonglaser.com\/it\/wp-json\/wp\/v2\/product"}],"about":[{"href":"https:\/\/bogonglaser.com\/it\/wp-json\/wp\/v2\/types\/product"}],"wp:featuredmedia":[{"embeddable":true,"href":"https:\/\/bogonglaser.com\/it\/wp-json\/wp\/v2\/media\/1821"}],"wp:attachment":[{"href":"https:\/\/bogonglaser.com\/it\/wp-json\/wp\/v2\/media?parent=1820"}],"wp:term":[{"taxonomy":"product_brand","embeddable":true,"href":"https:\/\/bogonglaser.com\/it\/wp-json\/wp\/v2\/product_brand?post=1820"},{"taxonomy":"product_cat","embeddable":true,"href":"https:\/\/bogonglaser.com\/it\/wp-json\/wp\/v2\/product_cat?post=1820"},{"taxonomy":"product_tag","embeddable":true,"href":"https:\/\/bogonglaser.com\/it\/wp-json\/wp\/v2\/product_tag?post=1820"}],"curies":[{"name":"wp","href":"https:\/\/api.w.org\/{rel}","templated":true}]}}