{"id":1788,"date":"2024-11-12T10:41:34","date_gmt":"2024-11-12T02:41:34","guid":{"rendered":"https:\/\/bogonglaser.com\/?post_type=product&#038;p=1788"},"modified":"2025-12-10T16:33:11","modified_gmt":"2025-12-10T08:33:11","slug":"fiber-laser-cutting-machine","status":"publish","type":"product","link":"https:\/\/bogonglaser.com\/it\/fiber-laser-cutting-machine\/","title":{"rendered":"Macchina per il taglio laser in fibra"},"content":{"rendered":"<p>This popular fiber laser cutting machine with standard cutting size 1500*3000mm, Laser power options ranging from 1000W to 6000W, the BGC3015 delivers outstanding performance through its powerful laser sourced from top manufacturers like Raycus, IPG, or MAX. Its versatility allows for efficient cutting of materials including steel, titanium, aluminum, brass, copper, alloys, gold, silver, and iron, making it easy to tackle any project.<\/p>\n<p>Nonostante il prezzo contenuto, non scende a compromessi in termini di funzionalit\u00e0 o qualit\u00e0. Dotata di una testa di taglio laser e di un servomotore Taiwan\/Giappone, questa macchina assicura tagli precisi e prestazioni costanti, garantendo che i vostri progetti soddisfino gli standard pi\u00f9 elevati.<\/p>\n<p>La BGC3015 vanta anche caratteristiche avanzate come il sistema di pulizia automatica dell'olio e i pulsanti di facile utilizzo per un funzionamento senza interruzioni, offrendo la massima flessibilit\u00e0 per tutte le vostre esigenze di produzione.<\/p>\n<p>BGC3015 \u00e8 la soluzione perfetta per i piccoli imprenditori che desiderano migliorare la produzione o per gli hobbisti desiderosi di esplorare nuove possibilit\u00e0 di lavorazione del metallo. Con il BGC3015 di BOGONG LASER \u00e8 possibile ottenere una lavorazione precisa dei metalli senza spendere una fortuna.<\/p>\n<div class=\"sub-header-divs\">\n<h3>Prestazioni<\/h3>\n<\/div>\n<ul>\n<li>Mezzo laser - Laser a fibra allo stato solido CW 1070nm<\/li>\n<li>Potenza laser - Opzioni di sorgente in fibra da 1000W a 6000W<\/li>\n<li>Alimentazione - 220v\u00a0<strong>monofase\/ 380V 3 Fase<\/strong><\/li>\n<li>Precisione di posizionamento - \u2264\u00b10,03 mm<\/li>\n<li>Precisione di ripetibilit\u00e0 - \u2264\u00b10,02 mm<\/li>\n<\/ul>\n<div class=\"sub-header-divs\">\n<h3>Sistema<\/h3>\n<\/div>\n<ul>\n<li>Sistema di guida - Servoassistenza ad anello chiuso<\/li>\n<li>Modalit\u00e0 di raffreddamento - Acqua refrigerata<\/li>\n<\/ul>\n<p><img decoding=\"async\" class=\"size-medium wp-image-7393\" src=\"https:\/\/bogonglaser.com\/wp-content\/uploads\/2024\/11\/laser-cutting-machine-fiber-1-300x225.jpg\" alt=\"macchina di taglio laser in fibra\" width=\"300\" height=\"225\" title=\"\" srcset=\"https:\/\/bogonglaser.com\/wp-content\/uploads\/2024\/11\/laser-cutting-machine-fiber-1-300x225.jpg 300w, https:\/\/bogonglaser.com\/wp-content\/uploads\/2024\/11\/laser-cutting-machine-fiber-1-600x450.jpg 600w, https:\/\/bogonglaser.com\/wp-content\/uploads\/2024\/11\/laser-cutting-machine-fiber-1-768x576.jpg 768w, https:\/\/bogonglaser.com\/wp-content\/uploads\/2024\/11\/laser-cutting-machine-fiber-1-16x12.jpg 16w, https:\/\/bogonglaser.com\/wp-content\/uploads\/2024\/11\/laser-cutting-machine-fiber-1.jpg 800w\" sizes=\"(max-width: 300px) 100vw, 300px\" \/><\/p>\n<h4>Che cos'\u00e8 la macchina per il taglio laser in fibra?<\/h4>\n<p>La macchina per il taglio laser in fibra \u00e8 uno strumento CNC avanzato progettato per il taglio di metalli di alta qualit\u00e0, ad alta velocit\u00e0 e ad alta precisione. \u00c8 il partner ideale per chiunque si occupi di fabbricazione di metalli.<\/p>\n<p>Queste frese laser in fibra di alta gamma offrono diverse opzioni di potenza (1000W, 1500W, 2000W, 3000W, 6000W) per tagliare in modo efficiente lastre e fogli di metallo. Sono in grado di gestire un'ampia gamma di materiali, tra cui acciaio inox, acciaio al carbonio, acciaio elettrico, acciaio zincato, lamiere di alluminio e zinco, alluminio, leghe di alluminio, leghe di titanio, rame, ottone, ferro e altro ancora, con spessori diversi.<\/p>\n<p>Con il loro design facile da usare e le potenti capacit\u00e0 di taglio, queste macchine eccellono davvero come strumenti professionali per il taglio dei metalli. Potete scoprire di pi\u00f9 su queste opzioni esplorando la nostra selezione di macchine per il taglio laser del metallo.<\/p>\n<p><iframe title=\"1530 Tagliatrice del laser della fibra | 1000W -6000W Tipo aperto taglierina del laser per metallo\" width=\"1290\" height=\"726\" src=\"https:\/\/www.youtube.com\/embed\/yXmwSwHldWo?feature=oembed\" frameborder=\"0\" allow=\"accelerometer; autoplay; clipboard-write; encrypted-media; gyroscope; picture-in-picture; web-share\" referrerpolicy=\"strict-origin-when-cross-origin\" allowfullscreen><\/iframe><\/p>\n<p><img decoding=\"async\" class=\"size-medium wp-image-7392\" src=\"https:\/\/bogonglaser.com\/wp-content\/uploads\/2024\/11\/laser-cutting-machine-fiber-4-300x225.jpg\" alt=\"macchina di taglio laser in fibra\" width=\"300\" height=\"225\" title=\"\" srcset=\"https:\/\/bogonglaser.com\/wp-content\/uploads\/2024\/11\/laser-cutting-machine-fiber-4-300x225.jpg 300w, https:\/\/bogonglaser.com\/wp-content\/uploads\/2024\/11\/laser-cutting-machine-fiber-4-600x450.jpg 600w, https:\/\/bogonglaser.com\/wp-content\/uploads\/2024\/11\/laser-cutting-machine-fiber-4-768x576.jpg 768w, https:\/\/bogonglaser.com\/wp-content\/uploads\/2024\/11\/laser-cutting-machine-fiber-4-16x12.jpg 16w, https:\/\/bogonglaser.com\/wp-content\/uploads\/2024\/11\/laser-cutting-machine-fiber-4.jpg 800w\" sizes=\"(max-width: 300px) 100vw, 300px\" \/><\/p>\n<p><img decoding=\"async\" class=\"size-medium wp-image-7391\" src=\"https:\/\/bogonglaser.com\/wp-content\/uploads\/2024\/11\/laser-cutting-machine-fiber-3-300x225.jpg\" alt=\"macchina di taglio laser in fibra\" width=\"300\" height=\"225\" title=\"\" srcset=\"https:\/\/bogonglaser.com\/wp-content\/uploads\/2024\/11\/laser-cutting-machine-fiber-3-300x225.jpg 300w, https:\/\/bogonglaser.com\/wp-content\/uploads\/2024\/11\/laser-cutting-machine-fiber-3-600x450.jpg 600w, https:\/\/bogonglaser.com\/wp-content\/uploads\/2024\/11\/laser-cutting-machine-fiber-3-768x576.jpg 768w, https:\/\/bogonglaser.com\/wp-content\/uploads\/2024\/11\/laser-cutting-machine-fiber-3-16x12.jpg 16w, https:\/\/bogonglaser.com\/wp-content\/uploads\/2024\/11\/laser-cutting-machine-fiber-3.jpg 800w\" sizes=\"(max-width: 300px) 100vw, 300px\" \/><\/p>\n<p>&nbsp;<\/p>\n<p><img decoding=\"async\" class=\"size-medium wp-image-7390\" src=\"https:\/\/bogonglaser.com\/wp-content\/uploads\/2024\/11\/laser-cutting-machine-fiber-2-300x225.jpg\" alt=\"macchina di taglio laser in fibra\" width=\"300\" height=\"225\" title=\"\" srcset=\"https:\/\/bogonglaser.com\/wp-content\/uploads\/2024\/11\/laser-cutting-machine-fiber-2-300x225.jpg 300w, https:\/\/bogonglaser.com\/wp-content\/uploads\/2024\/11\/laser-cutting-machine-fiber-2-600x450.jpg 600w, https:\/\/bogonglaser.com\/wp-content\/uploads\/2024\/11\/laser-cutting-machine-fiber-2-768x576.jpg 768w, https:\/\/bogonglaser.com\/wp-content\/uploads\/2024\/11\/laser-cutting-machine-fiber-2-16x12.jpg 16w, https:\/\/bogonglaser.com\/wp-content\/uploads\/2024\/11\/laser-cutting-machine-fiber-2.jpg 800w\" sizes=\"(max-width: 300px) 100vw, 300px\" \/><\/p>\n<h4>Tagliatrice laser a fibra Industrie applicabili<\/h4>\n<p>Mechanical and electrical equipment, sheet metal fabrication, cabinets, stainless steel products, lighting fixtures, automotive parts, glass, hardware tools, advertising signs, decorative items, and other industries<\/p>\n<p><iframe title=\"COME FUNZIONA LA MACCHINA DI TAGLIO LASER A FIBRA CNC? Migliore taglierina laser a fibra ottica della Cina\" width=\"1290\" height=\"726\" src=\"https:\/\/www.youtube.com\/embed\/gToqINLwTWw?feature=oembed\" frameborder=\"0\" allow=\"accelerometer; autoplay; clipboard-write; encrypted-media; gyroscope; picture-in-picture; web-share\" referrerpolicy=\"strict-origin-when-cross-origin\" allowfullscreen><\/iframe><\/p>\n<p>BOGONG \u00e8 famosa per la qualit\u00e0 delle apparecchiature laser e per il servizio di assistenza post-vendita. Le nostre macchine sono versatili e facili da usare, progettate tenendo conto di tutti i livelli di abilit\u00e0. Soprattutto, diamo priorit\u00e0 alla soddisfazione del cliente. Che siate esperti o principianti, <a href=\"https:\/\/bogonglaser.com\/it\/\">LASER BOGONG<\/a> \u00e8 qui per sostenervi in ogni fase del percorso. Fidatevi di noi e del nostro servizio, dove eccellenza e innovazione si fondono per il vostro successo.<\/p>\n<p><img decoding=\"async\" class=\"size-medium wp-image-7376\" src=\"https:\/\/bogonglaser.com\/wp-content\/uploads\/2024\/11\/fiber-laser-cutting-machine-sealed-1-1-300x225.jpg\" alt=\"macchina di taglio laser in fibra sigillata\" width=\"300\" height=\"225\" title=\"\" srcset=\"https:\/\/bogonglaser.com\/wp-content\/uploads\/2024\/11\/fiber-laser-cutting-machine-sealed-1-1-300x225.jpg 300w, https:\/\/bogonglaser.com\/wp-content\/uploads\/2024\/11\/fiber-laser-cutting-machine-sealed-1-1-600x450.jpg 600w, https:\/\/bogonglaser.com\/wp-content\/uploads\/2024\/11\/fiber-laser-cutting-machine-sealed-1-1-768x576.jpg 768w, https:\/\/bogonglaser.com\/wp-content\/uploads\/2024\/11\/fiber-laser-cutting-machine-sealed-1-1-16x12.jpg 16w, https:\/\/bogonglaser.com\/wp-content\/uploads\/2024\/11\/fiber-laser-cutting-machine-sealed-1-1.jpg 800w\" sizes=\"(max-width: 300px) 100vw, 300px\" \/><\/p>","protected":false},"excerpt":{"rendered":"<h3>Taglierina del metallo del laser a fibra pi\u00f9 popolare in vendita<\/h3>\n<p>La macchina da taglio laser in fibra 2024 \u00e8 in grado di tagliare materiali come acciaio, titanio, alluminio, ottone, rame, leghe, oro, argento e ferro. Offre opzioni di potenza di 1000W, 1500W, 2000W, 3000W e 6000W. Attualmente, questa conveniente taglierina laser in fibra \u00e8 disponibile a un prezzo interessante, accompagnata da un servizio e un'assistenza professionali per un sistema di taglio laser dei metalli di qualit\u00e0 superiore.<\/p>\n<ul class=\"tips\">\n<li>200 Set \/ Mese in attesa di vendita In magazzino<\/li>\n<li>2 anni di garanzia limitata per l'intera macchina<\/li>\n<li>Online (PayPal) e offline (T\/T, carte di debito e di credito)<\/li>\n<li>Assistenza tecnica gratuita a vita per utenti finali e rivenditori<\/li>\n<\/ul>","protected":false},"featured_media":5174,"template":"","meta":{"_gspb_post_css":""},"product_brand":[],"product_cat":[117,92,118],"product_tag":[105,106],"class_list":{"0":"post-1788","1":"product","2":"type-product","3":"status-publish","4":"has-post-thumbnail","6":"product_cat-fiber-laser-cutting-machine","7":"product_cat-laser-cutting-machine","8":"product_cat-laser-metal-cutting-machine","9":"product_tag-fiber-laser-cutting-machine","10":"product_tag-laser-cutting-machine","12":"first","13":"instock","14":"shipping-taxable","15":"product-type-simple"},"_links":{"self":[{"href":"https:\/\/bogonglaser.com\/it\/wp-json\/wp\/v2\/product\/1788","targetHints":{"allow":["GET"]}}],"collection":[{"href":"https:\/\/bogonglaser.com\/it\/wp-json\/wp\/v2\/product"}],"about":[{"href":"https:\/\/bogonglaser.com\/it\/wp-json\/wp\/v2\/types\/product"}],"wp:featuredmedia":[{"embeddable":true,"href":"https:\/\/bogonglaser.com\/it\/wp-json\/wp\/v2\/media\/5174"}],"wp:attachment":[{"href":"https:\/\/bogonglaser.com\/it\/wp-json\/wp\/v2\/media?parent=1788"}],"wp:term":[{"taxonomy":"product_brand","embeddable":true,"href":"https:\/\/bogonglaser.com\/it\/wp-json\/wp\/v2\/product_brand?post=1788"},{"taxonomy":"product_cat","embeddable":true,"href":"https:\/\/bogonglaser.com\/it\/wp-json\/wp\/v2\/product_cat?post=1788"},{"taxonomy":"product_tag","embeddable":true,"href":"https:\/\/bogonglaser.com\/it\/wp-json\/wp\/v2\/product_tag?post=1788"}],"curies":[{"name":"wp","href":"https:\/\/api.w.org\/{rel}","templated":true}]}}