{"id":1780,"date":"2024-11-11T14:52:48","date_gmt":"2024-11-11T06:52:48","guid":{"rendered":"https:\/\/bogonglaser.com\/?post_type=product&#038;p=1780"},"modified":"2025-12-10T17:40:40","modified_gmt":"2025-12-10T09:40:40","slug":"1000w-pulse-laser-cleaning-machine-%e5%a4%8d%e5%88%b6","status":"publish","type":"product","link":"https:\/\/bogonglaser.com\/it\/1000w-pulse-laser-cleaning-machine-%e5%a4%8d%e5%88%b6\/","title":{"rendered":"Macchina di pulizia laser a impulsi 1000W"},"content":{"rendered":"<div class=\"Content-module__content___jmKA6 _content_dc5hu_45\">\n<div class=\"react-scroll-to-bottom--css-kubvu-79elbk _chat-scroller_g10pz_99\">\n<div class=\"react-scroll-to-bottom--css-kubvu-1n7m0yu _chat-scroller__scroll_g10pz_102\">\n<div class=\"_message-list_g10pz_92\">\n<div class=\"_container_g10pz_1\">\n<div class=\"_container__content_g10pz_14\">\n<div class=\"_container__message_g10pz_41 _container__message--assistant_g10pz_61\">\n<div class=\"_message_g10pz_27\">\n<div class=\"_message__content_g10pz_53\">\n<div class=\"MessageContent-module__message-content___Am59P MessageContent-module__message-content--markdown___oLH9Y\">\n<h2>Vantaggi della macchina di pulizia laser a impulsi da 1000W?<\/h2>\n<p>La tecnologia di pulizia laser a impulsi utilizza un potente laser a impulsi da 1000W per pulire le superfici, generando rapidamente alte temperature ed espansione termica che aiutano a rimuovere i contaminanti. Questo metodo \u00e8 altamente efficiente e delicato e garantisce che non danneggi le superfici dei materiali da pulire, rendendolo perfetto per una vasta gamma di applicazioni.<\/p>\n<\/div>\n<\/div>\n<\/div>\n<\/div>\n<\/div>\n<\/div>\n<\/div>\n<\/div>\n<\/div>\n<\/div>\n<figure id=\"attachment_7479\" aria-describedby=\"caption-attachment-7479\" style=\"width: 300px\" class=\"wp-caption alignnone\"><img decoding=\"async\" class=\"size-medium wp-image-7479\" src=\"https:\/\/bogonglaser.com\/wp-content\/uploads\/2024\/11\/500w-laser-cleaning-machine-1-300x233.jpg\" alt=\"Macchina per la pulizia laser da 500w\" width=\"300\" height=\"233\" title=\"\" srcset=\"https:\/\/bogonglaser.com\/wp-content\/uploads\/2024\/11\/500w-laser-cleaning-machine-1-300x233.jpg 300w, https:\/\/bogonglaser.com\/wp-content\/uploads\/2024\/11\/500w-laser-cleaning-machine-1-15x12.jpg 15w, https:\/\/bogonglaser.com\/wp-content\/uploads\/2024\/11\/500w-laser-cleaning-machine-1.jpg 502w\" sizes=\"(max-width: 300px) 100vw, 300px\" \/><figcaption id=\"caption-attachment-7479\" class=\"wp-caption-text\">Macchina per la pulizia laser da 500w<\/figcaption><\/figure>\n<div class=\"Content-module__content___jmKA6 _content_dc5hu_45\">\n<div class=\"react-scroll-to-bottom--css-kubvu-79elbk _chat-scroller_g10pz_99\">\n<div class=\"react-scroll-to-bottom--css-kubvu-1n7m0yu _chat-scroller__scroll_g10pz_102\">\n<div class=\"_message-list_g10pz_92\">\n<div class=\"_container_g10pz_1\">\n<div class=\"_container__content_g10pz_14\">\n<div class=\"_container__message_g10pz_41 _container__message--assistant_g10pz_61\">\n<div class=\"_message_g10pz_27\">\n<div class=\"_message__content_g10pz_53\">\n<div class=\"MessageContent-module__message-content___Am59P MessageContent-module__message-content--markdown___oLH9Y\">\n<p>Le caratteristiche principali sono le seguenti:<\/p>\n<\/div>\n<\/div>\n<\/div>\n<\/div>\n<\/div>\n<\/div>\n<\/div>\n<\/div>\n<\/div>\n<\/div>\n<ul>\n<li>Tipo di laser: Laser MOPA<br \/>\nPotenza laser: 1000W<br \/>\nGamma di uscita (se regolabile): 0-100%<br \/>\nFormazione degli impulsi: MOPA (fattore di qualit\u00e0)<br \/>\nGeneratore laser: JPT<br \/>\nLunghezza della fibra: 5 m<br \/>\nTipo di raffreddamento: Raffreddamento ad acqua, BOGONG fornisce anche una macchina laser con raffreddamento ad aria, potete trovarla nell'articolo qui sotto.<br \/>\nDopo la vendita: 2 anni<\/li>\n<\/ul>\n<figure id=\"attachment_7483\" aria-describedby=\"caption-attachment-7483\" style=\"width: 300px\" class=\"wp-caption alignnone\"><img decoding=\"async\" class=\"size-medium wp-image-7483\" src=\"https:\/\/bogonglaser.com\/wp-content\/uploads\/2024\/11\/500w-pulse-laser-cleaning-machine-1-300x181.jpg\" alt=\"Macchina per la pulizia laser a impulsi da 500w\" width=\"300\" height=\"181\" title=\"\" srcset=\"https:\/\/bogonglaser.com\/wp-content\/uploads\/2024\/11\/500w-pulse-laser-cleaning-machine-1-300x181.jpg 300w, https:\/\/bogonglaser.com\/wp-content\/uploads\/2024\/11\/500w-pulse-laser-cleaning-machine-1-600x362.jpg 600w, https:\/\/bogonglaser.com\/wp-content\/uploads\/2024\/11\/500w-pulse-laser-cleaning-machine-1-18x12.jpg 18w, https:\/\/bogonglaser.com\/wp-content\/uploads\/2024\/11\/500w-pulse-laser-cleaning-machine-1.jpg 732w\" sizes=\"(max-width: 300px) 100vw, 300px\" \/><figcaption id=\"caption-attachment-7483\" class=\"wp-caption-text\">Macchina per la pulizia laser a impulsi da 500w<\/figcaption><\/figure>\n<div class=\"Content-module__content___jmKA6 _content_dc5hu_45\">\n<div class=\"react-scroll-to-bottom--css-kubvu-79elbk _chat-scroller_g10pz_99\">\n<div class=\"react-scroll-to-bottom--css-kubvu-1n7m0yu _chat-scroller__scroll_g10pz_102\">\n<div class=\"_message-list_g10pz_92\">\n<div class=\"_container_g10pz_1\">\n<div class=\"_container__content_g10pz_14\">\n<div class=\"_container__message_g10pz_41 _container__message--assistant_g10pz_61\">\n<div class=\"_message_g10pz_27\">\n<div class=\"_message__content_g10pz_53\">\n<div class=\"MessageContent-module__message-content___Am59P MessageContent-module__message-content--markdown___oLH9Y\">\n<div class=\"container section-title-container\">\n<p><iframe title=\"Potente pulitore laser a impulsi da 1000W | Migliore macchina di pulizia laser da 1kw\" width=\"1290\" height=\"726\" src=\"https:\/\/www.youtube.com\/embed\/KfdLMoQN_kg?feature=oembed\" frameborder=\"0\" allow=\"accelerometer; autoplay; clipboard-write; encrypted-media; gyroscope; picture-in-picture; web-share\" referrerpolicy=\"strict-origin-when-cross-origin\" allowfullscreen><\/iframe><\/p>\n<h2 class=\"section-title section-title-normal\"><span class=\"section-title-main\">9 Modalit\u00e0 di pulizia della macchina per il taglio laser<\/span><\/h2>\n<\/div>\n<p>L'interfaccia operativa della macchina di pulizia laser a impulsi BOGONG offre 9 modalit\u00e0 di pulizia:<\/p>\n<ol>\n<li>Modalit\u00e0 Linea retta<\/li>\n<li>Modalit\u00e0 rettangolare 1<\/li>\n<li>Modalit\u00e0 rettangolare 2<\/li>\n<li>Modalit\u00e0 circolare<\/li>\n<li>Modalit\u00e0 sinusoidale<\/li>\n<li>Modalit\u00e0 a spirale<\/li>\n<li>Modalit\u00e0 libera<\/li>\n<li>Modalit\u00e0 ad anello<\/li>\n<li>Modalit\u00e0 di rotazione<\/li>\n<\/ol>\n<div id=\"image_1635238231\" class=\"img has-hover x md-x lg-x y md-y lg-y\">\n<div class=\"Content-module__content___jmKA6 _content_dc5hu_45\">\n<div class=\"react-scroll-to-bottom--css-kubvu-79elbk _chat-scroller_g10pz_99\">\n<div class=\"react-scroll-to-bottom--css-kubvu-1n7m0yu _chat-scroller__scroll_g10pz_102\">\n<div class=\"_message-list_g10pz_92\">\n<div class=\"_container_g10pz_1\">\n<div class=\"_container__content_g10pz_14\">\n<div class=\"_container__message_g10pz_41 _container__message--assistant_g10pz_61\">\n<div class=\"_message_g10pz_27\">\n<div class=\"_message__content_g10pz_53\">\n<div class=\"MessageContent-module__message-content___Am59P MessageContent-module__message-content--markdown___oLH9Y\">\n<p>\u00c8 possibile modificare queste modalit\u00e0 tramite l'opzione \"Modalit\u00e0 di scansione\" dell'interfaccia.<\/p>\n<p>Alcune modalit\u00e0 di pulizia sono pi\u00f9 delicate e funzionano bene su materiali che richiedono un tocco delicato; la nostra macchina pu\u00f2 aiutarvi a ridurre al minimo o a eliminare completamente qualsiasi traccia dopo la pulizia. D'altro canto, esistono modalit\u00e0 pi\u00f9 potenti, perfette per affrontare lo sporco ostinato o i rivestimenti.<\/p>\n<p>La scelta della modalit\u00e0 di pulizia giusta \u00e8 fondamentale per garantire che le superfici abbiano un aspetto eccellente e mantengano la loro qualit\u00e0. Questo \u00e8 particolarmente importante in industrie come quella automobilistica, aerospaziale ed elettronica. BOGONG fornisce parametri per la rimozione di vernice, ruggine, olio, ecc.<\/p>\n<\/div>\n<\/div>\n<\/div>\n<\/div>\n<\/div>\n<\/div>\n<\/div>\n<\/div>\n<\/div>\n<\/div>\n<div class=\"_message-box_1luju_5\">\n<div class=\"_message-box__content_1luju_15\">\n<form action=\"\">\n<div class=\"MessageBox-module__messagebox___n4MAC\">\n<div class=\"MessageBox-module__messagebox__content___-xFbz\">\n<figure id=\"attachment_7482\" aria-describedby=\"caption-attachment-7482\" style=\"width: 300px\" class=\"wp-caption alignnone\"><img decoding=\"async\" class=\"size-medium wp-image-7482\" src=\"https:\/\/bogonglaser.com\/wp-content\/uploads\/2024\/11\/9-cleaning-modes-of-portable-laser-cleaner--300x120.jpg\" alt=\"9 modalit\u00e0 di pulizia del pulitore laser portatile\" width=\"300\" height=\"120\" title=\"\" srcset=\"https:\/\/bogonglaser.com\/wp-content\/uploads\/2024\/11\/9-cleaning-modes-of-portable-laser-cleaner--300x120.jpg 300w, https:\/\/bogonglaser.com\/wp-content\/uploads\/2024\/11\/9-cleaning-modes-of-portable-laser-cleaner--600x241.jpg 600w, https:\/\/bogonglaser.com\/wp-content\/uploads\/2024\/11\/9-cleaning-modes-of-portable-laser-cleaner--1024x411.jpg 1024w, https:\/\/bogonglaser.com\/wp-content\/uploads\/2024\/11\/9-cleaning-modes-of-portable-laser-cleaner--768x308.jpg 768w, https:\/\/bogonglaser.com\/wp-content\/uploads\/2024\/11\/9-cleaning-modes-of-portable-laser-cleaner--18x7.jpg 18w, https:\/\/bogonglaser.com\/wp-content\/uploads\/2024\/11\/9-cleaning-modes-of-portable-laser-cleaner-.jpg 1536w\" sizes=\"(max-width: 300px) 100vw, 300px\" \/><figcaption id=\"caption-attachment-7482\" class=\"wp-caption-text\">9 modalit\u00e0 di pulizia del pulitore laser portatile<\/figcaption><\/figure>\n<\/div>\n<\/div>\n<input type=\"hidden\" name=\"trp-form-language\" value=\"it\"\/><\/form>\n<\/div>\n<\/div>\n<\/div>\n<\/div>\n<\/div>\n<\/div>\n<\/div>\n<\/div>\n<\/div>\n<\/div>\n<\/div>\n<\/div>\n<\/div>\n<h2>Sono disponibili 16 lingue supportate per la selezione.<\/h2>\n<p>L'impulso <a href=\"https:\/\/bogonglaser.com\/it\/laser-cleaning-machine\/\">macchina per la pulizia laser<\/a> supporta attualmente diverse lingue, tra cui inglese, russo, giapponese, spagnolo, tedesco, coreano, francese, polacco e altre 16 lingue.<\/p>\n<p>\u00c8 possibile passare facilmente da una lingua all'altra sull'interfaccia della macchina. Se avete bisogno di altre lingue, offriamo anche servizi linguistici personalizzati per soddisfare le vostre esigenze.<\/p>\n<figure id=\"attachment_7481\" aria-describedby=\"caption-attachment-7481\" style=\"width: 300px\" class=\"wp-caption alignnone\"><img decoding=\"async\" class=\"size-medium wp-image-7481\" src=\"https:\/\/bogonglaser.com\/wp-content\/uploads\/2024\/11\/16-Supported-Languages-for-Laser-Cleaner--300x175.webp\" alt=\"16 lingue supportate per Laser Cleaner\" width=\"300\" height=\"175\" title=\"\" srcset=\"https:\/\/bogonglaser.com\/wp-content\/uploads\/2024\/11\/16-Supported-Languages-for-Laser-Cleaner--300x175.webp 300w, https:\/\/bogonglaser.com\/wp-content\/uploads\/2024\/11\/16-Supported-Languages-for-Laser-Cleaner--600x350.webp 600w, https:\/\/bogonglaser.com\/wp-content\/uploads\/2024\/11\/16-Supported-Languages-for-Laser-Cleaner--18x12.webp 18w, https:\/\/bogonglaser.com\/wp-content\/uploads\/2024\/11\/16-Supported-Languages-for-Laser-Cleaner-.webp 768w\" sizes=\"(max-width: 300px) 100vw, 300px\" \/><figcaption id=\"caption-attachment-7481\" class=\"wp-caption-text\">16 lingue supportate per Laser Cleaner<\/figcaption><\/figure>\n<h2>Caratteristica della macchina per la pulizia del laser a impulsi 1000W<\/h2>\n<ul>\n<li><strong>Tecnologia laser pulsata ad alta potenza da 1000W:<\/strong> Fornisce potenti impulsi di energia che rimuovono rapidamente ed efficacemente ruggine, olio e residui.<\/li>\n<li><strong>Capacit\u00e0 di pulizia fine:<\/strong> Offre risultati di pulizia precisi, ideali per le applicazioni che richiedono un'attenzione meticolosa.<\/li>\n<li><strong>Alta efficienza:<\/strong> Riduce drasticamente i tempi di pulizia rispetto ai metodi tradizionali, aumentando la produttivit\u00e0 e riducendo i costi operativi.<\/li>\n<li><strong>Pulizia non distruttiva:<\/strong> Utilizza un approccio senza contatto e non abrasivo che protegge il materiale sottostante ed elimina il rischio di danni.<\/li>\n<li><strong>Funzionamento facile da usare:<\/strong> L'interfaccia intuitiva e il design ergonomico ne facilitano l'uso e richiedono una formazione minima.<\/li>\n<\/ul>\n<p><strong>Vantaggi:<\/strong><\/p>\n<ul>\n<li><strong>Prestazioni di pulizia superiori:<\/strong> Raggiungere un elevato livello di pulizia, essenziale per ottenere prestazioni ottimali in vari ambienti industriali.<\/li>\n<li><strong>Soluzione economicamente vantaggiosa:<\/strong> Riduce la necessit\u00e0 di materiali di consumo come prodotti chimici e abrasivi, con conseguenti risparmi a lungo termine.<\/li>\n<li><strong>Rispettoso dell'ambiente:<\/strong> Genera rifiuti minimi ed elimina le sostanze chimiche nocive, contribuendo a rendere il luogo di lavoro pi\u00f9 sicuro ed ecologico.<\/li>\n<li><strong>Applicazioni versatili:<\/strong> Efficace per la pulizia di un'ampia gamma di materiali, compresi metalli e compositi, in diversi settori industriali.<\/li>\n<\/ul>\n<p><strong>Applicazioni:<\/strong><\/p>\n<ul>\n<li><strong>Rimozione della ruggine:<\/strong> Elimina efficacemente la corrosione dalle superfici metalliche, riportandole alle condizioni originali senza ricorrere a metodi abrasivi.<\/li>\n<li><strong>Pulizia da oli e grassi:<\/strong> Rimuove oli, lubrificanti e altri contaminanti che possono influire sulle prestazioni o sull'adesione nei processi produttivi.<\/li>\n<li><strong>Preparazione della superficie:<\/strong> Prepara le superfici per la verniciatura, il rivestimento o la saldatura assicurandosi che siano pulite e prive di contaminanti.<\/li>\n<li><strong>Manutenzione e restauro:<\/strong> Perfetto per la pulizia di macchinari, utensili e attrezzature, per prolungarne la durata e mantenerne la massima funzionalit\u00e0.<\/li>\n<li>\n<p><figure id=\"attachment_7480\" aria-describedby=\"caption-attachment-7480\" style=\"width: 265px\" class=\"wp-caption alignnone\"><img decoding=\"async\" class=\"size-medium wp-image-7480\" src=\"https:\/\/bogonglaser.com\/wp-content\/uploads\/2024\/11\/500w-laser-cleaning-machine-2-265x300.jpg\" alt=\"Macchina per la pulizia laser da 500w\" width=\"265\" height=\"300\" title=\"\" srcset=\"https:\/\/bogonglaser.com\/wp-content\/uploads\/2024\/11\/500w-laser-cleaning-machine-2-265x300.jpg 265w, https:\/\/bogonglaser.com\/wp-content\/uploads\/2024\/11\/500w-laser-cleaning-machine-2-600x680.jpg 600w, https:\/\/bogonglaser.com\/wp-content\/uploads\/2024\/11\/500w-laser-cleaning-machine-2-768x870.jpg 768w, https:\/\/bogonglaser.com\/wp-content\/uploads\/2024\/11\/500w-laser-cleaning-machine-2-11x12.jpg 11w, https:\/\/bogonglaser.com\/wp-content\/uploads\/2024\/11\/500w-laser-cleaning-machine-2.jpg 790w\" sizes=\"(max-width: 265px) 100vw, 265px\" \/><figcaption id=\"caption-attachment-7480\" class=\"wp-caption-text\">Macchina per la pulizia laser da 500w<\/figcaption><\/figure><\/li>\n<li><\/li>\n<\/ul>\n<p>Termini di pagamento<\/p>\n<p>1. Deposito e saldo: \u00c8 richiesto un deposito 30% T\/T in anticipo, con il saldo dovuto prima della spedizione.<\/p>\n<p>2. Alibaba Trade Assurance: I pagamenti possono essere elaborati tramite Alibaba Trade Assurance.<\/p>\n<p>Domande frequenti per la macchina per la pulizia laser in fibra da 1000w<\/p>\n<p>Qual \u00e8 la confezione del detergente laser?<br \/>\nLe nostre macchine sono imballate in un sistema a tre strati. Lo strato esterno \u00e8 costituito da una cassa di legno, lo strato intermedio da un'imbottitura in schiuma per proteggere dagli urti e lo strato interno da una spessa busta di plastica per garantire l'impermeabilit\u00e0.<\/p>\n<p>Il pacco subir\u00e0 danni durante il trasporto?<br \/>\nProgettiamo meticolosamente i nostri imballaggi per far fronte a tutti i potenziali fattori di danneggiamento e i nostri spedizionieri sono esperti nel trasporto sicuro. Abbiamo esportato con successo in 180 paesi, quindi potete essere certi che il vostro pacco arriver\u00e0 in condizioni eccellenti.<\/p>\n<p>La maggior parte dei clienti come scegliere il trasporto da UPS\/DHL espresso, pu\u00f2 arrivare a destinazione circa 5-7 giorni, contatto con <a href=\"https:\/\/bogonglaser.com\/it\/\">Laser BOGONG<\/a> per ottenere maggiori dettagli sull'impulso da 1000W<a href=\"https:\/\/bogonglaser.com\/it\/laser-cleaning-machine\/\"> macchina per la pulizia laser<\/a>.<\/p>\n<p><a class=\"elementor-accordion-title\" tabindex=\"0\">Quanto costa una macchina di pulizia laser a impulsi da 1000W?<\/a><\/p>","protected":false},"excerpt":{"rendered":"<h2>Macchina di pulizia laser a impulsi 1000W<\/h2>\n<p>La macchina per la pulizia laser a impulsi da 1000W \u00e8 progettata specificamente per pulire efficacemente vari contaminanti dalle superfici metalliche, tra cui ruggine, vernice, rivestimenti, macchie d'olio e pellicole di ossido. \u00c8 adatta anche per la pulizia di substrati non metallici come ceramica, vetro e materiali compositi.<\/p>\n<p>Gli scenari applicativi pi\u00f9 comuni includono:<\/p>\n<p>- Rimozione delle pellicole di ossido naturale dalle leghe di alluminio prima della saldatura.<br \/>\n- Pulizia dell'ossido di cenere nera dopo la saldatura dei vassoi delle batterie.<br \/>\n- Preparazione delle saldature dei carrelli dei treni per il rilevamento dei difetti.<br \/>\n- Pulizia delle parti in lamiera del settore automobilistico prima della rimessa a nuovo.<br \/>\n- Accesso alle aree difficili da raggiungere che le spazzole metalliche tradizionali non sono in grado di pulire.<\/p>\n<p>Questa versatilit\u00e0 rende il prodotto uno strumento essenziale per mantenere l'integrit\u00e0 strutturale e garantire la qualit\u00e0 in diversi settori.<\/p>\n<ul class=\"tips\">\n<li>100 Set\/mese in attesa di vendita In magazzino<\/li>\n<li>2 anni di garanzia limitata per l'intera macchina<\/li>\n<li>3-5 giorni di preparazione della macchina laser, 3-7 giorni di trasporto.<\/li>\n<li>Online (PayPal) e offline (T\/T, carte di debito e di credito)<\/li>\n<\/ul>","protected":false},"featured_media":1761,"template":"","meta":{"_gspb_post_css":""},"product_brand":[],"product_cat":[94],"product_tag":[101,100],"class_list":{"0":"post-1780","1":"product","2":"type-product","3":"status-publish","4":"has-post-thumbnail","6":"product_cat-laser-cleaning-machine","7":"product_tag-laser-cleaner","8":"product_tag-laser-cleaning-machine","10":"first","11":"instock","12":"shipping-taxable","13":"product-type-simple"},"_links":{"self":[{"href":"https:\/\/bogonglaser.com\/it\/wp-json\/wp\/v2\/product\/1780","targetHints":{"allow":["GET"]}}],"collection":[{"href":"https:\/\/bogonglaser.com\/it\/wp-json\/wp\/v2\/product"}],"about":[{"href":"https:\/\/bogonglaser.com\/it\/wp-json\/wp\/v2\/types\/product"}],"wp:featuredmedia":[{"embeddable":true,"href":"https:\/\/bogonglaser.com\/it\/wp-json\/wp\/v2\/media\/1761"}],"wp:attachment":[{"href":"https:\/\/bogonglaser.com\/it\/wp-json\/wp\/v2\/media?parent=1780"}],"wp:term":[{"taxonomy":"product_brand","embeddable":true,"href":"https:\/\/bogonglaser.com\/it\/wp-json\/wp\/v2\/product_brand?post=1780"},{"taxonomy":"product_cat","embeddable":true,"href":"https:\/\/bogonglaser.com\/it\/wp-json\/wp\/v2\/product_cat?post=1780"},{"taxonomy":"product_tag","embeddable":true,"href":"https:\/\/bogonglaser.com\/it\/wp-json\/wp\/v2\/product_tag?post=1780"}],"curies":[{"name":"wp","href":"https:\/\/api.w.org\/{rel}","templated":true}]}}