{"id":1746,"date":"2024-11-06T21:16:20","date_gmt":"2024-11-06T13:16:20","guid":{"rendered":"https:\/\/bogonglaser.com\/?post_type=product&#038;p=1746"},"modified":"2026-02-02T18:17:27","modified_gmt":"2026-02-02T10:17:27","slug":"best-200w-pulse-laser-cleaning-machine","status":"publish","type":"product","link":"https:\/\/bogonglaser.com\/it\/best-200w-pulse-laser-cleaning-machine\/","title":{"rendered":"Migliore macchina per la pulizia del laser a impulsi da 200W"},"content":{"rendered":"<h2>Che cos'\u00e8 una macchina per la pulizia del laser a impulsi da 200 W?<\/h2>\n<p>Impulso da 200 W<a href=\"https:\/\/bogonglaser.com\/it\/laser-cleaning-machine\/\"> macchina per la pulizia laser<\/a> \u00e8 un dispositivo laser progettato specificamente per le attivit\u00e0 di pulizia industriale. Utilizza l'avanzata tecnologia di pulizia laser MOPA, un metodo senza contatto che rimuove efficacemente ruggine, vernice, rivestimenti e altri contaminanti dalle superfici, proteggendo al tempo stesso il materiale sottostante.<\/p>\n<p>Con una potenza di 200 W, questa macchina emette un raggio laser in grado di affrontare in modo rapido ed efficiente anche gli strati di sporco pi\u00f9 difficili. Il processo di pulizia funziona dirigendo l'energia laser sulla superficie contaminata. L'energia laser assorbita dai contaminanti riscalda rapidamente la superficie, facendo evaporare i contaminanti quasi istantaneamente. Questo processo non danneggia il materiale sottostante perch\u00e9 la durata dell'effetto del laser \u00e8 estremamente breve (in genere nell'ordine dei nanosecondi o microsecondi), lasciando una superficie pulita.<\/p>\n<p>Una delle caratteristiche principali di questa macchina sono le impostazioni di potenza regolabili e le varie modalit\u00e0 di scansione, che consentono agli utenti di personalizzare il processo di pulizia in base alla superficie specifica e al tipo di contaminazione. In questo modo \u00e8 possibile ottenere risultati ottimali senza rischiare di danneggiare il materiale sottostante. Inoltre, grazie all'interfaccia intuitiva e alle impostazioni programmabili, \u00e8 facile da usare e da gestire. Nel complesso, \u00e8 una soluzione efficace per chiunque abbia bisogno di una pulizia industriale precisa.<\/p>\n<p>Le caratteristiche principali sono le seguenti:<\/p>\n<ul>\n<li>Tipo di laser: Laser a fibra<br \/>\nPotenza laser: 200W<br \/>\nGamma di uscita (se regolabile): 0-100%<br \/>\nFormazione dell'impulso: MOPA Q-Switched (fattore di qualit\u00e0)<br \/>\nGeneratore laser: JPT<br \/>\nArea di pulizia: 100*100mm (opzionale 130x130mm, 150x150mm)<br \/>\nLunghezza della fibra: 5 m<br \/>\nTipo di raffreddamento: Aria<br \/>\nDopo la vendita: 2 anni<\/li>\n<\/ul>\n<p><iframe title=\"Pulitore laser a impulsi 200W | Macchina di pulizia laser a impulsi 200W\" width=\"1290\" height=\"726\" src=\"https:\/\/www.youtube.com\/embed\/K8XqcUOiTa0?feature=oembed\" frameborder=\"0\" allow=\"accelerometer; autoplay; clipboard-write; encrypted-media; gyroscope; picture-in-picture; web-share\" referrerpolicy=\"strict-origin-when-cross-origin\" allowfullscreen><\/iframe><\/p>\n<h2>Caratteristiche del pulitore laser a impulsi da 200 W:<\/h2>\n<p>A differenza dei pulitori laser a fibra continua (CW), questo sistema di pulizia laser pulsato utilizza una testa di pulizia intelligente a doppia oscillazione e offre una gamma versatile di 8 modalit\u00e0 di pulizia per soddisfare le varie esigenze. Gestisce efficacemente la potenza in ingresso regolando l'ampiezza dell'impulso, la frequenza e cos\u00ec via, mantenendo le temperature ottimali per il pezzo in lavorazione e riducendo al minimo la perdita di energia, con conseguente miglioramento dell'efficienza complessiva.<\/p>\n<p><strong>Utilizzare un software amichevole<\/strong> - Costruito per la convenienza, questo pulitore laser \u00e8 dotato di un cavo in fibra lungo 5 metri, che consente un funzionamento flessibile senza vincoli spaziali. Ci sono 2 touch screen con la macchina laser BOGONG 300W, un touch screen sulla testa del laser, un altro touch screen sul cabinet della macchina, \u00e8 possibile regolare i parametri liberamente. L'interfaccia IO estesa facilita la facile integrazione con i manipolatori per i processi di pulizia automatizzati. Inoltre, vengono forniti manuali completi in inglese e video operativi, che assicurano un'esperienza di apprendimento rapida e senza intoppi per gli utenti di questo rimuovi-ruggine laser.<\/p>\n<p><strong>Capacit\u00e0 monomodale<\/strong> - La macchina per la pulizia laser pulsata monomodale come 2mj \u00e8 altamente versatile e adatta a un'ampia gamma di applicazioni, tra cui la pulizia di superfici metalliche, parti di automobili, pietra, legno, plastica e altri materiali che richiedono una pulizia ad alta potenza. \u00c8 in grado di affrontare lavori impegnativi con forte adesione, sostanze difficili da rimuovere, ruggine pesante, strati di ossido e vernici spesse.<\/p>\n<p><strong>Precisione multimodale<\/strong> - La macchina per la pulizia laser pulsata multimodale 15mj \u00e8 ideale per le applicazioni che richiedono un'elevata precisione, come la pulizia di parti di precisione, la manutenzione di apparecchiature elettroniche e il trattamento di micro componenti. \u00c8 progettata specificamente per scenari che comportano un'adesione leggera, contaminanti facilmente rimovibili, ruggine lieve e applicazioni in cui \u00e8 fondamentale evitare danni, scegliere la modalit\u00e0 multi per la pulizia degli stampi.<\/p>\n<p><iframe title=\"Differenza reale tra 2mj 5mj 15mj impulso laser macchina di pulizia? Tophat VS Gauss: qual \u00e8 il migliore?\" width=\"1290\" height=\"726\" src=\"https:\/\/www.youtube.com\/embed\/XWgilh9T0is?feature=oembed\" frameborder=\"0\" allow=\"accelerometer; autoplay; clipboard-write; encrypted-media; gyroscope; picture-in-picture; web-share\" referrerpolicy=\"strict-origin-when-cross-origin\" allowfullscreen><\/iframe><\/p>\n<h3>Perch\u00e9 scegliere <a href=\"https:\/\/bogonglaser.com\/it\/\">Pulitore laser Bogong<\/a><\/h3>\n<ul>\n<li>Con una vasta esperienza nella tecnologia di pulizia laser, siamo specializzati nella fornitura di soluzioni avanzate e personalizzate per soddisfare le vostre esigenze specifiche. Il nostro team di ingegneri e tecnici esperti possiede una profonda conoscenza del settore, assicurandovi la soluzione ideale per le vostre esigenze. <a href=\"https:\/\/bogonglaser.com\/it\/laser-cleaning-machine\/\">macchina per la pulizia laser<\/a> su misura per le vostre applicazioni specifiche.<\/li>\n<li>Abbiamo gi\u00e0 salvato il parametro per rimuovere la ruggine, la pittura, ecc, si pu\u00f2 iniziare la pulizia laser facilmente dopo averlo ottenuto.<\/li>\n<li>Bogong non solo fornisce dispositivi laser di alta qualit\u00e0, ma anche il miglior servizio post-vendita degli ultimi anni.<\/li>\n<\/ul>\n<p><iframe title=\"300W Pulse Laser Cleaning Machine | Best Automative Parts Restore Business Cleaning Tool System\" width=\"1290\" height=\"726\" src=\"https:\/\/www.youtube.com\/embed\/iEI1zAgPy5g?feature=oembed\" frameborder=\"0\" allow=\"accelerometer; autoplay; clipboard-write; encrypted-media; gyroscope; picture-in-picture; web-share\" referrerpolicy=\"strict-origin-when-cross-origin\" allowfullscreen><\/iframe><\/p>\n<p><iframe title=\"MACCHINA DI PULIZIA LASER PER STAMPI | Macchina di pulizia laser per stampi\" width=\"1290\" height=\"726\" src=\"https:\/\/www.youtube.com\/embed\/tspq0apVAt0?feature=oembed\" frameborder=\"0\" allow=\"accelerometer; autoplay; clipboard-write; encrypted-media; gyroscope; picture-in-picture; web-share\" referrerpolicy=\"strict-origin-when-cross-origin\" allowfullscreen><\/iframe><\/p>\n<h2>Come funziona la macchina di pulizia laser a 200 impulsi?<\/h2>\n<p>La macchina per la pulizia laser a impulsi da 200W utilizza una tecnologia laser avanzata per rimuovere efficacemente i contaminanti dalle superfici. Ecco una breve panoramica del suo funzionamento:<\/p>\n<ol>\n<li><strong>Emissione laser<\/strong>: Genera un raggio laser pulsato da 200 W che emette brevi raffiche di energia per una pulizia precisa.<\/li>\n<li><strong>Pulizia mirata<\/strong>: Quando viene puntata su una superficie, l'energia laser viene assorbita da contaminanti come ruggine o vernice.<\/li>\n<li><strong>Vaporizzazione<\/strong>: L'energia assorbita riscalda rapidamente i contaminanti, facendoli vaporizzare senza danneggiare il materiale sottostante.<\/li>\n<li><strong>Rimozione selettiva<\/strong>: Il processo agisce selettivamente solo sui contaminanti, preservando l'integrit\u00e0 della superficie.<\/li>\n<li><strong>Impostazioni regolabili<\/strong>: \u00c8 dotato di impostazioni di potenza e opzioni di messa a fuoco personalizzabili per diverse superfici e livelli di contaminazione.<\/li>\n<\/ol>\n<p>Nel complesso, la macchina di pulizia laser a impulsi da 200W offre una soluzione efficiente, precisa e versatile per le applicazioni di pulizia industriale.<\/p>\n<p><iframe title=\"Feedback sulla macchina di pulizia del laser a impulsi 200W\" width=\"1290\" height=\"726\" src=\"https:\/\/www.youtube.com\/embed\/EpK-C5kgbms?feature=oembed\" frameborder=\"0\" allow=\"accelerometer; autoplay; clipboard-write; encrypted-media; gyroscope; picture-in-picture; web-share\" referrerpolicy=\"strict-origin-when-cross-origin\" allowfullscreen><\/iframe><\/p>\n<h3>Come scegliere la giusta macchina per la pulizia laser a impulsi<\/h3>\n<p>La scelta della giusta macchina per la pulizia laser a impulsi sar\u00e0 importante per la vostra attivit\u00e0, come assicurarsi che la macchina soddisfi le vostre esigenze specifiche. Ecco una guida che vi aiuter\u00e0 a prendere una decisione consapevole:<\/p>\n<ol>\n<li><strong>Compatibilit\u00e0 dei materiali<\/strong>: Determinare i tipi di materiali che si intende pulire (ad esempio, ruggine, verniciatura, metallo, legno, acrilico, ecc.) Assicurarsi che la macchina scelta sia in grado di trattare efficacemente questi materiali.<\/li>\n<li><strong>Tipo di laser<\/strong>: Diversi tipi di laser 2mj, 5mj e 15mj, diversi laser diversi risultati.<\/li>\n<li><strong>Dimensioni dell'area di lavoro<\/strong>: Valutare le dimensioni dell'area di pulizia in base ai progetti che si intende realizzare. Assicurarsi che la macchina disponga di un'area di lavoro adeguata per i propri articoli. scegliere l'obiettivo F-theta giusto, chiedendo informazioni al nostro ufficio vendite.<\/li>\n<li><strong>Facilit\u00e0 d'uso<\/strong>: Cercate macchine con un software facile da usare che consenta una progettazione e un funzionamento semplici.<\/li>\n<li><strong>Assistenza clienti e garanzia<\/strong>: Ricercare le opzioni di assistenza del produttore e la garanzia offerta. Un servizio clienti affidabile pu\u00f2 essere fondamentale per la risoluzione dei problemi e la manutenzione.<\/li>\n<\/ol>\n<p>Potete trovare altri feedback dei clienti sul canale youtube di BOGONG.<\/p>\n<p>Termini di pagamento<\/p>\n<p>1. Deposito e saldo: \u00c8 richiesto un deposito 30% T\/T in anticipo, con il saldo dovuto prima della spedizione.<\/p>\n<p>2. Alibaba Trade Assurance: I pagamenti possono essere elaborati tramite Alibaba Trade Assurance.<\/p>\n<p>Domande e risposte per la taglierina per incisione laser 3D in fibra di metallo<\/p>\n<p>Qual \u00e8 l'imballaggio della macchina per la marcatura laser in fibra 3d?<br \/>\nLe nostre macchine sono imballate in un sistema a tre strati. Lo strato esterno \u00e8 costituito da una cassa di legno, lo strato intermedio da un'imbottitura in schiuma per proteggere dagli urti e lo strato interno da una spessa busta di plastica per garantire l'impermeabilit\u00e0.<\/p>\n<p>Il pacco subir\u00e0 danni durante il trasporto?<br \/>\nProgettiamo meticolosamente i nostri imballaggi per far fronte a tutti i potenziali fattori di danneggiamento e i nostri spedizionieri sono esperti nel trasporto sicuro. Abbiamo esportato con successo in 180 paesi, quindi potete essere certi che il vostro pacco arriver\u00e0 in condizioni eccellenti.<\/p>\n<p>La maggior parte dei clienti come scegliere il trasporto da UPS\/DHL espresso, pu\u00f2 arrivare a destinazione circa 5-7 giorni, contattare con BOGONG per ottenere pi\u00f9 dettagli sull'incisore laser in fibra di metallo per rame d'argento d'oro.<\/p>","protected":false},"excerpt":{"rendered":"<h2>Macchina di pulizia laser a impulsi 200W<\/h2>\n<p>BOGONG 200W Pulse laser cleaning machine con la migliore sorgente laser mopa, progettata per applicazioni efficienti di pulizia delle superfici dei materiali. \u00c8 facile da configurare, utilizzare e automatizzare, ed \u00e8 ideale per rimuovere con precisione contaminanti superficiali come ruggine, grasso, vernice, primer e altro ancora.<\/p>\n<ul class=\"tips\">\n<li>200 Set \/ Mese in attesa di vendita In magazzino<\/li>\n<li>2 anni di garanzia limitata per l'intera macchina<\/li>\n<li>3-5 giorni di preparazione della macchina laser, 3-7 giorni di trasporto.<\/li>\n<li>Online (PayPal) e offline (T\/T, carte di debito e di credito)<\/li>\n<\/ul>","protected":false},"featured_media":1741,"template":"","meta":{"_gspb_post_css":""},"product_brand":[],"product_cat":[94],"product_tag":[101,100],"class_list":{"0":"post-1746","1":"product","2":"type-product","3":"status-publish","4":"has-post-thumbnail","6":"product_cat-laser-cleaning-machine","7":"product_tag-laser-cleaner","8":"product_tag-laser-cleaning-machine","10":"first","11":"instock","12":"shipping-taxable","13":"product-type-simple"},"_links":{"self":[{"href":"https:\/\/bogonglaser.com\/it\/wp-json\/wp\/v2\/product\/1746","targetHints":{"allow":["GET"]}}],"collection":[{"href":"https:\/\/bogonglaser.com\/it\/wp-json\/wp\/v2\/product"}],"about":[{"href":"https:\/\/bogonglaser.com\/it\/wp-json\/wp\/v2\/types\/product"}],"wp:featuredmedia":[{"embeddable":true,"href":"https:\/\/bogonglaser.com\/it\/wp-json\/wp\/v2\/media\/1741"}],"wp:attachment":[{"href":"https:\/\/bogonglaser.com\/it\/wp-json\/wp\/v2\/media?parent=1746"}],"wp:term":[{"taxonomy":"product_brand","embeddable":true,"href":"https:\/\/bogonglaser.com\/it\/wp-json\/wp\/v2\/product_brand?post=1746"},{"taxonomy":"product_cat","embeddable":true,"href":"https:\/\/bogonglaser.com\/it\/wp-json\/wp\/v2\/product_cat?post=1746"},{"taxonomy":"product_tag","embeddable":true,"href":"https:\/\/bogonglaser.com\/it\/wp-json\/wp\/v2\/product_tag?post=1746"}],"curies":[{"name":"wp","href":"https:\/\/api.w.org\/{rel}","templated":true}]}}