{"id":1701,"date":"2024-11-05T13:47:11","date_gmt":"2024-11-05T05:47:11","guid":{"rendered":"https:\/\/bogonglaser.com\/?post_type=product&#038;p=1701"},"modified":"2025-12-10T18:05:45","modified_gmt":"2025-12-10T10:05:45","slug":"200w-300w-pulse-laser-cleaning-machine","status":"publish","type":"product","link":"https:\/\/bogonglaser.com\/it\/200w-300w-pulse-laser-cleaning-machine\/","title":{"rendered":"Migliore macchina per la pulizia del laser a impulsi da 300W"},"content":{"rendered":"<div class=\"vc_row wpb_row vc_row-fluid\">\n<div class=\"wpb_column vc_column_container vc_col-sm-12\">\n<div class=\"vc_column-inner\">\n<div class=\"wpb_wrapper\">\n<div class=\"wpb_text_column wpb_content_element\">\n<div class=\"wpb_wrapper\">\n<h2>Che cos'\u00e8 una macchina di pulizia laser a impulsi da 300 W?<\/h2>\n<p>Impulso da 300 W<a href=\"https:\/\/bogonglaser.com\/it\/laser-cleaning-machine\/\">\u00a0macchina per la pulizia laser<\/a>\u00a0\u00e8 un dispositivo laser progettato specificamente per le attivit\u00e0 di pulizia industriale. Utilizza l'avanzata tecnologia di pulizia laser MOPA, un metodo senza contatto che rimuove efficacemente ruggine, vernice, rivestimenti e altri contaminanti dalle superfici, proteggendo al contempo il materiale sottostante.<\/p>\n<p>Con una potenza di 300 W, questa macchina emette un forte raggio laser in grado di affrontare in modo rapido ed efficiente anche gli strati di sporco pi\u00f9 difficili. Il processo di pulizia funziona dirigendo l'energia laser sulla superficie contaminata. L'energia laser assorbita dai contaminanti riscalda rapidamente la superficie, facendo evaporare i contaminanti quasi istantaneamente. Questo processo non danneggia il materiale sottostante perch\u00e9 la durata dell'effetto del laser \u00e8 estremamente breve (in genere nell'ordine dei nanosecondi o microsecondi), lasciando una superficie pulita.<\/p>\n<p>One of the great features of this machine is its adjustable power settings and various scanning modes, which allow users to customize the cleaning process based on the specific surface and the type of contamination. This means you can achieve optimal results without risking damage to the material below. Also it has an intuitive interface and programmable settings, making it user-friendly and easy to operate. Overall, it\u2019s an effective solution for anyone needing precise industrial cleaning.<\/p>\n<p>Le caratteristiche principali sono le seguenti:<\/p>\n<ul>\n<li>Tipo di laser: Laser a fibra<br \/>\nPotenza laser: 300W<br \/>\nGamma di uscita (se regolabile): 0-100%<br \/>\nFormazione dell'impulso: MOPA Q-Switched (fattore di qualit\u00e0)<br \/>\nGeneratore laser: JPT<br \/>\nArea di pulizia: 100*100mm (opzionale 130x130mm, 150x150mm)<br \/>\nLunghezza della fibra: 5 m<br \/>\nTipo di raffreddamento: Aria<br \/>\nDopo la vendita: 2 anni<\/li>\n<\/ul>\n<\/div>\n<\/div>\n<\/div>\n<\/div>\n<\/div>\n<\/div>\n<div class=\"vc_row wpb_row vc_row-fluid\">\n<div class=\"wpb_column vc_column_container vc_col-sm-12\">\n<div class=\"vc_column-inner\">\n<div class=\"wpb_wrapper\">\n<div class=\"wpb_single_image wpb_content_element vc_align_left wpb_content_element\">\n<figure class=\"wpb_wrapper vc_figure\">\n<div class=\"vc_single_image-wrapper   vc_box_border_grey\"><img decoding=\"async\" class=\"vc_single_image-img attachment-full\" title=\"Macchina per la pulizia laser 300w\" src=\"https:\/\/bogonglaser.com\/wp-content\/uploads\/2024\/11\/300w-laser-cleaning-machine.jpg\" sizes=\"auto, (max-width: 700px) 100vw, 700px\" srcset=\"https:\/\/bogonglaser.com\/wp-content\/uploads\/2024\/11\/300w-laser-cleaning-machine.jpg 700w, https:\/\/bogonglaser.com\/wp-content\/uploads\/2024\/11\/300w-laser-cleaning-machine-300x257.jpg 300w, https:\/\/bogonglaser.com\/wp-content\/uploads\/2024\/11\/300w-laser-cleaning-machine-14x12.jpg 14w, https:\/\/bogonglaser.com\/wp-content\/uploads\/2024\/11\/300w-laser-cleaning-machine-600x514.jpg 600w\" alt=\"Macchina per la pulizia laser 300w\" width=\"700\" height=\"600\" \/><\/div>\n<\/figure>\n<\/div>\n<\/div>\n<\/div>\n<\/div>\n<\/div>\n<div class=\"vc_row wpb_row vc_row-fluid\">\n<div class=\"wpb_column vc_column_container vc_col-sm-12\">\n<div class=\"vc_column-inner\">\n<div class=\"wpb_wrapper\">\n<div class=\"wpb_video_widget wpb_content_element vc_clearfix   vc_video-aspect-ratio-169 vc_video-el-width-100 vc_video-align-left\">\n<div class=\"wpb_wrapper\">\n<h2 class=\"wpb_heading wpb_video_heading\">Migliore macchina per la pulizia del laser a impulsi 300w<\/h2>\n<div class=\"wpb_video_wrapper\">\n<p><iframe title=\"Macchina per la pulizia del laser a impulsi 300W | Miglior pulitore laser a impulsi\" width=\"1290\" height=\"726\" src=\"https:\/\/www.youtube.com\/embed\/GtMAgxBJiTA?feature=oembed\" frameborder=\"0\" allow=\"accelerometer; autoplay; clipboard-write; encrypted-media; gyroscope; picture-in-picture; web-share\" referrerpolicy=\"strict-origin-when-cross-origin\" allowfullscreen><\/iframe><\/p>\n<\/div>\n<\/div>\n<\/div>\n<\/div>\n<\/div>\n<\/div>\n<\/div>\n<div class=\"vc_row wpb_row vc_row-fluid\">\n<div class=\"wpb_column vc_column_container vc_col-sm-12\">\n<div class=\"vc_column-inner\">\n<div class=\"wpb_wrapper\">\n<div class=\"wpb_text_column wpb_content_element\">\n<div class=\"wpb_wrapper\">\n<h2>Caratteristiche del pulitore laser a impulsi da 300 W:<\/h2>\n<p>A differenza dei pulitori laser a fibra continua (CW), questo sistema di pulizia laser pulsato utilizza una testa di pulizia intelligente a doppia oscillazione e offre una gamma versatile di 8 modalit\u00e0 di pulizia per soddisfare le varie esigenze. Gestisce efficacemente la potenza in ingresso regolando l'ampiezza dell'impulso, la frequenza e cos\u00ec via, mantenendo le temperature ottimali per il pezzo in lavorazione e riducendo al minimo la perdita di energia, con conseguente miglioramento dell'efficienza complessiva.<\/p>\n<p><strong>Utilizzare un software amichevole<\/strong>\u00a0\u2013 Built for convenience, this laser cleaner is equipped with a 5-meter long fiber cable, allowing for flexible operation without spatial constraints. there have 2 touch screen with BOGONG 300W Laser Machine, one touch screen on laser head, another touch screen on machine cabinet, you can adjust parameters freely. Its extended IO interface facilitates easy integration with manipulators for automated cleaning processes. Additionally, comprehensive English manuals and operation videos are provided, ensuring a smooth and quick learning experience for users of this laser rust remover.<\/p>\n<p><strong>Capacit\u00e0 monomodale<\/strong>\u00a0\u2013 The pulsed single-mode like 2mj laser cleaning machine is highly versatile, suitable for a wide range of applications including metal surface cleaning, automotive parts, stone, wood, plastic, and other materials that require high power cleaning. It excels at tackling challenging jobs with strong adhesion, difficult-to-remove substances, heavy rust, oxide layers, and thick paint.<\/p>\n<p><strong>Precisione multimodale<\/strong>\u00a0\u2013 The pulsed multi-mode 15mj laser cleaning machine is ideal for applications requiring high precision, such as cleaning precision parts, maintaining electronic equipment, and treating micro components. It is specifically designed for scenarios involving light adhesion, easily removable contaminants, mild rust, and applications where avoiding damage is critical, choose multi mode for mould cleaning.<\/p>\n<\/div>\n<\/div>\n<\/div>\n<\/div>\n<\/div>\n<\/div>\n<div class=\"vc_row wpb_row vc_row-fluid\">\n<div class=\"wpb_column vc_column_container vc_col-sm-12\">\n<div class=\"vc_column-inner\">\n<div class=\"wpb_wrapper\">\n<div class=\"wpb_video_widget wpb_content_element vc_clearfix   vc_video-aspect-ratio-169 vc_video-el-width-100 vc_video-align-left\">\n<div class=\"wpb_wrapper\">\n<h2 class=\"wpb_heading wpb_video_heading\">What&#8217;s the different between 2mj 5mj and 15mj Pulse Laser Cleaner<\/h2>\n<div class=\"wpb_video_wrapper\">\n<p><iframe title=\"Differenza reale tra 2mj 5mj 15mj impulso laser macchina di pulizia? Tophat VS Gauss: qual \u00e8 il migliore?\" width=\"1290\" height=\"726\" src=\"https:\/\/www.youtube.com\/embed\/XWgilh9T0is?feature=oembed\" frameborder=\"0\" allow=\"accelerometer; autoplay; clipboard-write; encrypted-media; gyroscope; picture-in-picture; web-share\" referrerpolicy=\"strict-origin-when-cross-origin\" allowfullscreen><\/iframe><\/p>\n<\/div>\n<\/div>\n<\/div>\n<\/div>\n<\/div>\n<\/div>\n<\/div>\n<div class=\"vc_row wpb_row vc_row-fluid\">\n<div class=\"wpb_column vc_column_container vc_col-sm-12\">\n<div class=\"vc_column-inner\">\n<div class=\"wpb_wrapper\">\n<div class=\"wpb_text_column wpb_content_element\">\n<div class=\"wpb_wrapper\">\n<h3>Perch\u00e9 scegliere Bogong Laser Cleaner<\/h3>\n<ul>\n<li>Con una vasta esperienza nella tecnologia di pulizia laser, siamo specializzati nella fornitura di soluzioni avanzate e personalizzate per soddisfare le vostre esigenze specifiche. Il nostro team di ingegneri e tecnici esperti possiede una profonda conoscenza del settore, che vi garantisce di ricevere la macchina di pulizia laser ideale per le vostre applicazioni specifiche.<\/li>\n<li>Abbiamo gi\u00e0 salvato il parametro per rimuovere la ruggine, la pittura, ecc, si pu\u00f2 iniziare la pulizia laser facilmente dopo averlo ottenuto.<\/li>\n<li>Bogong non solo fornisce dispositivi laser di alta qualit\u00e0, ma anche il miglior servizio post-vendita degli ultimi anni.<\/li>\n<\/ul>\n<\/div>\n<\/div>\n<\/div>\n<\/div>\n<\/div>\n<\/div>\n<div class=\"vc_row wpb_row vc_row-fluid\">\n<div class=\"wpb_column vc_column_container vc_col-sm-12\">\n<div class=\"vc_column-inner\">\n<div class=\"wpb_wrapper\">\n<div class=\"wpb_video_widget wpb_content_element vc_clearfix   vc_video-aspect-ratio-169 vc_video-el-width-100 vc_video-align-left\">\n<div class=\"wpb_wrapper\">\n<h2 class=\"wpb_heading wpb_video_heading\">Pulizia di parti di automobili automatiche<\/h2>\n<div class=\"wpb_video_wrapper\">\n<p><iframe title=\"300W Pulse Laser Cleaning Machine | Best Automative Parts Restore Business Cleaning Tool System\" width=\"1290\" height=\"726\" src=\"https:\/\/www.youtube.com\/embed\/iEI1zAgPy5g?feature=oembed\" frameborder=\"0\" allow=\"accelerometer; autoplay; clipboard-write; encrypted-media; gyroscope; picture-in-picture; web-share\" referrerpolicy=\"strict-origin-when-cross-origin\" allowfullscreen><\/iframe><\/p>\n<\/div>\n<\/div>\n<\/div>\n<\/div>\n<\/div>\n<\/div>\n<\/div>\n<div class=\"vc_row wpb_row vc_row-fluid\">\n<div class=\"wpb_column vc_column_container vc_col-sm-12\">\n<div class=\"vc_column-inner\">\n<div class=\"wpb_wrapper\">\n<div class=\"wpb_text_column wpb_content_element\">\n<div class=\"wpb_wrapper\">\n<h2>Come funziona la macchina di pulizia laser a 300 impulsi?<\/h2>\n<p>La macchina per la pulizia laser a impulsi da 300W utilizza una tecnologia laser avanzata per rimuovere efficacemente i contaminanti dalle superfici. Ecco una breve panoramica del suo funzionamento:<\/p>\n<ol>\n<li><strong>Emissione laser<\/strong>: Genera un potente raggio laser pulsato da 300 W che emette brevi raffiche di energia per una pulizia precisa.<\/li>\n<li><strong>Pulizia mirata<\/strong>: Quando viene puntata su una superficie, l'energia laser viene assorbita da contaminanti come ruggine o vernice.<\/li>\n<li><strong>Vaporizzazione<\/strong>: L'energia assorbita riscalda rapidamente i contaminanti, facendoli vaporizzare senza danneggiare il materiale sottostante.<\/li>\n<li><strong>Rimozione selettiva<\/strong>: Il processo agisce selettivamente solo sui contaminanti, preservando l'integrit\u00e0 della superficie.<\/li>\n<li><strong>Impostazioni regolabili<\/strong>: \u00c8 dotato di impostazioni di potenza e opzioni di messa a fuoco personalizzabili per diverse superfici e livelli di contaminazione.<\/li>\n<\/ol>\n<p>Nel complesso, la macchina di pulizia laser a impulsi da 300W offre una soluzione efficiente, precisa e versatile per le applicazioni di pulizia industriale.<\/p>\n<\/div>\n<\/div>\n<\/div>\n<\/div>\n<\/div>\n<\/div>\n<div class=\"vc_row wpb_row vc_row-fluid\">\n<div class=\"wpb_column vc_column_container vc_col-sm-12\">\n<div class=\"vc_column-inner\">\n<div class=\"wpb_wrapper\">\n<div class=\"wpb_text_column wpb_content_element\">\n<div class=\"wpb_wrapper\">\n<h3>Come scegliere la giusta macchina per la pulizia laser a impulsi<\/h3>\n<p>Scegliere il polso giusto\u00a0<a href=\"https:\/\/bogonglaser.com\/it\/laser-cleaning-machine\/\">macchina per la pulizia laser<\/a>\u00a0sar\u00e0 importante per la vostra attivit\u00e0, come assicurarsi che la macchina soddisfi le vostre esigenze specifiche. Ecco una guida che vi aiuter\u00e0 a prendere una decisione consapevole:<\/p>\n<ol>\n<li><strong>Compatibilit\u00e0 dei materiali<\/strong>: Determinare i tipi di materiali che si intende pulire (ad esempio, ruggine, verniciatura, metallo, legno, acrilico, ecc.) Assicurarsi che la macchina scelta sia in grado di trattare efficacemente questi materiali.<\/li>\n<li><strong>Tipo di laser<\/strong>: Diversi tipi di laser 2mj, 5mj e 15mj, diversi laser diversi risultati.<\/li>\n<li><strong>Dimensioni dell'area di lavoro<\/strong>: Valutare le dimensioni dell'area di pulizia in base ai progetti che si intende realizzare. Assicurarsi che la macchina disponga di un'area di lavoro adeguata per i propri articoli. scegliere l'obiettivo F-theta giusto, chiedendo informazioni al nostro ufficio vendite.<\/li>\n<li><strong>Facilit\u00e0 d'uso<\/strong>: Cercate macchine con un software facile da usare che consenta una progettazione e un funzionamento semplici.<\/li>\n<li><strong>Assistenza clienti e garanzia<\/strong>: Research the manufacturer\u2019s support options and warranty offered. Reliable customer service can be crucial for troubleshooting and maintenance.<\/li>\n<\/ol>\n<\/div>\n<\/div>\n<\/div>\n<\/div>\n<\/div>\n<\/div>\n<div class=\"vc_row wpb_row vc_row-fluid\">\n<div class=\"wpb_column vc_column_container vc_col-sm-6\">\n<div class=\"vc_column-inner\">\n<div class=\"wpb_wrapper\">\n<div class=\"wpb_video_widget wpb_content_element vc_clearfix   vc_video-aspect-ratio-169 vc_video-el-width-100 vc_video-align-left\">\n<div class=\"wpb_wrapper\">\n<h2 class=\"wpb_heading wpb_video_heading\">Ha acquistato il pulitore laser a impulsi BOGONG 300w<\/h2>\n<div class=\"wpb_video_wrapper\"><\/div>\n<\/div>\n<\/div>\n<div class=\"wpb_video_widget wpb_content_element vc_clearfix   vc_video-aspect-ratio-169 vc_video-el-width-100 vc_video-align-left\">\n<div class=\"wpb_wrapper\">\n<div class=\"wpb_video_wrapper\">\n<p><iframe title=\"Incredibile pulizia del laser #bogong #bogonglaser #laserclean #lasercleaner #lasercleaningmachine\" width=\"1290\" height=\"726\" src=\"https:\/\/www.youtube.com\/embed\/Qm1UwgdV24M?feature=oembed\" frameborder=\"0\" allow=\"accelerometer; autoplay; clipboard-write; encrypted-media; gyroscope; picture-in-picture; web-share\" referrerpolicy=\"strict-origin-when-cross-origin\" allowfullscreen><\/iframe><\/p>\n<\/div>\n<\/div>\n<\/div>\n<div class=\"wpb_video_widget wpb_content_element vc_clearfix   vc_video-aspect-ratio-169 vc_video-el-width-100 vc_video-align-left\">\n<div class=\"wpb_wrapper\">\n<div class=\"wpb_video_wrapper\"><\/div>\n<\/div>\n<\/div>\n<div class=\"wpb_video_widget wpb_content_element vc_clearfix   vc_video-aspect-ratio-169 vc_video-el-width-100 vc_video-align-left\">\n<div class=\"wpb_wrapper\">\n<div class=\"wpb_video_wrapper\">\n<p><iframe title=\"Laser pulizia auto verniciatura #laserclean #pulselasercleaningmachine #lasercleaner\" width=\"1290\" height=\"726\" src=\"https:\/\/www.youtube.com\/embed\/YlduwjgjlhE?feature=oembed\" frameborder=\"0\" allow=\"accelerometer; autoplay; clipboard-write; encrypted-media; gyroscope; picture-in-picture; web-share\" referrerpolicy=\"strict-origin-when-cross-origin\" allowfullscreen><\/iframe><\/p>\n<p><iframe title=\"Watch This Laser Make Old Wood Look New Again!\" width=\"1290\" height=\"726\" src=\"https:\/\/www.youtube.com\/embed\/03kPNkab9nU?feature=oembed\" frameborder=\"0\" allow=\"accelerometer; autoplay; clipboard-write; encrypted-media; gyroscope; picture-in-picture; web-share\" referrerpolicy=\"strict-origin-when-cross-origin\" allowfullscreen><\/iframe><\/p>\n<\/div>\n<\/div>\n<\/div>\n<\/div>\n<\/div>\n<\/div>\n<div class=\"wpb_column vc_column_container vc_col-sm-6\">\n<div class=\"vc_column-inner\">\n<div class=\"wpb_wrapper\">\n<div class=\"wpb_video_widget wpb_content_element vc_clearfix   vc_video-aspect-ratio-169 vc_video-el-width-100 vc_video-align-left\">\n<div class=\"wpb_wrapper\">\n<h2 class=\"wpb_heading wpb_video_heading\">Ha acquistato il pulitore laser a impulsi BOGONG 300w<\/h2>\n<div class=\"wpb_video_wrapper\">\n<p><iframe title=\"Buyer&#039;s Feedback BOGONG Pulse Laser Cleaner\" width=\"1290\" height=\"726\" src=\"https:\/\/www.youtube.com\/embed\/sd7UI42Cpa4?feature=oembed\" frameborder=\"0\" allow=\"accelerometer; autoplay; clipboard-write; encrypted-media; gyroscope; picture-in-picture; web-share\" referrerpolicy=\"strict-origin-when-cross-origin\" allowfullscreen><\/iframe><\/p>\n<p><iframe title=\"Ho testato un detergente laser per la ruggine - Parte 2\" width=\"1290\" height=\"726\" src=\"https:\/\/www.youtube.com\/embed\/m9sj-ABFkec?feature=oembed\" frameborder=\"0\" allow=\"accelerometer; autoplay; clipboard-write; encrypted-media; gyroscope; picture-in-picture; web-share\" referrerpolicy=\"strict-origin-when-cross-origin\" allowfullscreen><\/iframe><\/p>\n<p><iframe title=\"Ho testato un detergente laser per la ruggine - Parte 2\" width=\"1290\" height=\"726\" src=\"https:\/\/www.youtube.com\/embed\/m9sj-ABFkec?feature=oembed\" frameborder=\"0\" allow=\"accelerometer; autoplay; clipboard-write; encrypted-media; gyroscope; picture-in-picture; web-share\" referrerpolicy=\"strict-origin-when-cross-origin\" allowfullscreen><\/iframe><\/p>\n<p><iframe title=\"I Tried This Pulse Laser Cleaner on Old Car Parts and WOW!\" width=\"1290\" height=\"726\" src=\"https:\/\/www.youtube.com\/embed\/ilBRE-RgwL4?feature=oembed\" frameborder=\"0\" allow=\"accelerometer; autoplay; clipboard-write; encrypted-media; gyroscope; picture-in-picture; web-share\" referrerpolicy=\"strict-origin-when-cross-origin\" allowfullscreen><\/iframe><\/p>\n<\/div>\n<\/div>\n<\/div>\n<div class=\"wpb_video_widget wpb_content_element vc_clearfix   vc_video-aspect-ratio-169 vc_video-el-width-100 vc_video-align-left\">\n<div class=\"wpb_wrapper\">\n<div class=\"wpb_video_wrapper\"><\/div>\n<\/div>\n<\/div>\n<div class=\"wpb_video_widget wpb_content_element vc_clearfix   vc_video-aspect-ratio-169 vc_video-el-width-100 vc_video-align-left\">\n<div class=\"wpb_wrapper\">\n<div class=\"wpb_video_wrapper\"><\/div>\n<\/div>\n<\/div>\n<div class=\"wpb_video_widget wpb_content_element vc_clearfix   vc_video-aspect-ratio-169 vc_video-el-width-100 vc_video-align-left\">\n<div class=\"wpb_wrapper\">\n<div class=\"wpb_video_wrapper\"><\/div>\n<\/div>\n<\/div>\n<\/div>\n<\/div>\n<\/div>\n<\/div>\n<div class=\"vc_row wpb_row vc_row-fluid\">\n<div class=\"wpb_column vc_column_container vc_col-sm-12\">\n<div class=\"vc_column-inner\">\n<div class=\"wpb_wrapper\">\n<div class=\"wpb_text_column wpb_content_element\">\n<div class=\"wpb_wrapper\">\n<p>Potete trovare altri feedback dei clienti sul canale youtube di BOGONG.<\/p>\n<\/div>\n<\/div>\n<\/div>\n<\/div>\n<\/div>\n<\/div>\n<div class=\"vc_row wpb_row vc_row-fluid\">\n<div class=\"wpb_column vc_column_container vc_col-sm-12\">\n<div class=\"vc_column-inner\">\n<div class=\"wpb_wrapper\">\n<div class=\"wpb_text_column wpb_content_element\">\n<div class=\"wpb_wrapper\">\n<p>Termini di pagamento<\/p>\n<p>1. Deposito e saldo: \u00c8 richiesto un deposito 30% T\/T in anticipo, con il saldo dovuto prima della spedizione.<\/p>\n<p>2. Alibaba Trade Assurance: I pagamenti possono essere elaborati tramite Alibaba Trade Assurance.<\/p>\n<p>Domande e risposte per la taglierina per incisione laser 3D in fibra di metallo<\/p>\n<p>Qual \u00e8 l'imballaggio della macchina per la marcatura laser in fibra 3d?<br \/>\nLe nostre macchine sono imballate in un sistema a tre strati. Lo strato esterno \u00e8 costituito da una cassa di legno, lo strato intermedio da un'imbottitura in schiuma per proteggere dagli urti e lo strato interno da una spessa busta di plastica per garantire l'impermeabilit\u00e0.<\/p>\n<p>Il pacco subir\u00e0 danni durante il trasporto?<br \/>\nProgettiamo meticolosamente i nostri imballaggi per far fronte a tutti i potenziali fattori di danneggiamento e i nostri spedizionieri sono esperti nel trasporto sicuro. Abbiamo esportato con successo in 180 paesi, quindi potete essere certi che il vostro pacco arriver\u00e0 in condizioni eccellenti.<\/p>\n<\/div>\n<\/div>\n<\/div>\n<\/div>\n<\/div>\n<\/div>\n<div class=\"vc_row wpb_row vc_row-fluid\">\n<div class=\"wpb_column vc_column_container vc_col-sm-12\">\n<div class=\"vc_column-inner\">\n<div class=\"wpb_wrapper\">\n<div class=\"wpb_single_image wpb_content_element vc_align_left wpb_content_element\">\n<h2 class=\"wpb_heading wpb_singleimage_heading\">Machine size: L550mm*W260mm*H528mm<\/h2>\n<figure class=\"wpb_wrapper vc_figure\">\n<div class=\"vc_single_image-wrapper   vc_box_border_grey\"><img decoding=\"async\" class=\"vc_single_image-img attachment-medium\" title=\"\u5fae\u4fe1\u56fe\u7247_20241125113809\" src=\"https:\/\/bogonglaser.com\/wp-content\/uploads\/2024\/11\/%E5%BE%AE%E4%BF%A1%E5%9B%BE%E7%89%87_20241125113809-300x300.jpg\" sizes=\"auto, (max-width: 300px) 100vw, 300px\" srcset=\"https:\/\/bogonglaser.com\/wp-content\/uploads\/2024\/11\/\u5fae\u4fe1\u56fe\u7247_20241125113809-300x300.jpg 300w, https:\/\/bogonglaser.com\/wp-content\/uploads\/2024\/11\/\u5fae\u4fe1\u56fe\u7247_20241125113809-150x150.jpg 150w, https:\/\/bogonglaser.com\/wp-content\/uploads\/2024\/11\/\u5fae\u4fe1\u56fe\u7247_20241125113809-768x768.jpg 768w, https:\/\/bogonglaser.com\/wp-content\/uploads\/2024\/11\/\u5fae\u4fe1\u56fe\u7247_20241125113809-600x600.jpg 600w, https:\/\/bogonglaser.com\/wp-content\/uploads\/2024\/11\/\u5fae\u4fe1\u56fe\u7247_20241125113809-100x100.jpg 100w, https:\/\/bogonglaser.com\/wp-content\/uploads\/2024\/11\/\u5fae\u4fe1\u56fe\u7247_20241125113809.jpg 1000w\" alt=\"\u5fae\u4fe1\u56fe\u7247 20241125113809\" width=\"300\" height=\"300\" \/><\/div>\n<\/figure>\n<\/div>\n<\/div>\n<\/div>\n<\/div>\n<\/div>\n<div class=\"vc_row wpb_row vc_row-fluid\">\n<div class=\"wpb_column vc_column_container vc_col-sm-12\">\n<div class=\"vc_column-inner\">\n<div class=\"wpb_wrapper\">\n<div class=\"wpb_single_image wpb_content_element vc_align_left wpb_content_element\">\n<h2 class=\"wpb_heading wpb_singleimage_heading\">Plywood case: L71*W36*H80cm Gross Weight: 63kg<\/h2>\n<figure class=\"wpb_wrapper vc_figure\">\n<div class=\"vc_single_image-wrapper   vc_box_border_grey\"><img decoding=\"async\" class=\"vc_single_image-img attachment-full\" title=\"300w laser cleaner\" src=\"https:\/\/bogonglaser.com\/wp-content\/uploads\/2024\/11\/300w-laser-cleaner.jpg\" sizes=\"auto, (max-width: 544px) 100vw, 544px\" srcset=\"https:\/\/bogonglaser.com\/wp-content\/uploads\/2024\/11\/300w-laser-cleaner.jpg 544w, https:\/\/bogonglaser.com\/wp-content\/uploads\/2024\/11\/300w-laser-cleaner-300x298.jpg 300w, https:\/\/bogonglaser.com\/wp-content\/uploads\/2024\/11\/300w-laser-cleaner-150x150.jpg 150w, https:\/\/bogonglaser.com\/wp-content\/uploads\/2024\/11\/300w-laser-cleaner-12x12.jpg 12w, https:\/\/bogonglaser.com\/wp-content\/uploads\/2024\/11\/300w-laser-cleaner-100x100.jpg 100w\" alt=\"bogong laser cleaner package\" width=\"544\" height=\"540\" \/><\/div>\n<\/figure>\n<\/div>\n<\/div>\n<\/div>\n<\/div>\n<\/div>\n<div class=\"vc_row wpb_row vc_row-fluid\">\n<div class=\"wpb_column vc_column_container vc_col-sm-12\">\n<div class=\"vc_column-inner\">\n<div class=\"wpb_wrapper\">\n<div class=\"wpb_text_column wpb_content_element\">\n<div class=\"wpb_wrapper\">\n<p>La maggior parte dei clienti come scegliere il trasporto da UPS\/DHL espresso, pu\u00f2 arrivare a destinazione circa 5-7 giorni, contattare con BOGONG per ottenere pi\u00f9 dettagli sull'incisore laser in fibra di metallo per rame d'argento d'oro.<\/p>\n<\/div>\n<\/div>\n<\/div>\n<\/div>\n<\/div>\n<\/div>\n<div class=\"vc_row wpb_row vc_row-fluid\">\n<div class=\"wpb_column vc_column_container vc_col-sm-12\">\n<div class=\"vc_column-inner\">\n<div class=\"wpb_wrapper\">\n<div class=\"wpb_text_column wpb_content_element\">\n<div class=\"wpb_wrapper\">\n<p>Our 300W pulse laser cleaning machine has received CE certification and has undergone rigorous quality testing to ensure we provide our customers with efficient and environmentally friendly cleaning solutions. Dozens of renowned companies have successfully applied this product and achieved significant cleaning results.<\/p>\n<p>Contact us now for professional consultation and exclusive quotes, and let our technical support help you enhance your production efficiency!<\/p>\n<\/div>\n<\/div>\n<\/div>\n<\/div>\n<\/div>\n<\/div>","protected":false},"excerpt":{"rendered":"<h2>Macchina di pulizia laser a impulsi 300W<\/h2>\n<p>Vi presentiamo la nostra macchina di pulizia laser di nuova generazione, progettata per applicazioni di pulizia efficiente delle superfici dei materiali. Facile da configurare, utilizzare e automatizzare, \u00e8 ideale per rimuovere con precisione contaminanti superficiali come ruggine, grasso, vernice, primer e altro ancora.<\/p>\n<ul class=\"tips\">\n<li>300 set\/mese in attesa di vendita In magazzino<\/li>\n<li>2 anni di garanzia limitata per l'intera macchina<\/li>\n<li>3-5 giorni di preparazione della macchina laser, 3-7 giorni di trasporto.<\/li>\n<li>Online (PayPal) e offline (T\/T, carte di debito e di credito)<\/li>\n<\/ul>","protected":false},"featured_media":1741,"template":"","meta":{"_gspb_post_css":""},"product_brand":[],"product_cat":[94],"product_tag":[101,100],"class_list":{"0":"post-1701","1":"product","2":"type-product","3":"status-publish","4":"has-post-thumbnail","6":"product_cat-laser-cleaning-machine","7":"product_tag-laser-cleaner","8":"product_tag-laser-cleaning-machine","10":"first","11":"instock","12":"shipping-taxable","13":"product-type-simple"},"_links":{"self":[{"href":"https:\/\/bogonglaser.com\/it\/wp-json\/wp\/v2\/product\/1701","targetHints":{"allow":["GET"]}}],"collection":[{"href":"https:\/\/bogonglaser.com\/it\/wp-json\/wp\/v2\/product"}],"about":[{"href":"https:\/\/bogonglaser.com\/it\/wp-json\/wp\/v2\/types\/product"}],"wp:featuredmedia":[{"embeddable":true,"href":"https:\/\/bogonglaser.com\/it\/wp-json\/wp\/v2\/media\/1741"}],"wp:attachment":[{"href":"https:\/\/bogonglaser.com\/it\/wp-json\/wp\/v2\/media?parent=1701"}],"wp:term":[{"taxonomy":"product_brand","embeddable":true,"href":"https:\/\/bogonglaser.com\/it\/wp-json\/wp\/v2\/product_brand?post=1701"},{"taxonomy":"product_cat","embeddable":true,"href":"https:\/\/bogonglaser.com\/it\/wp-json\/wp\/v2\/product_cat?post=1701"},{"taxonomy":"product_tag","embeddable":true,"href":"https:\/\/bogonglaser.com\/it\/wp-json\/wp\/v2\/product_tag?post=1701"}],"curies":[{"name":"wp","href":"https:\/\/api.w.org\/{rel}","templated":true}]}}