{"id":1668,"date":"2024-10-29T17:30:42","date_gmt":"2024-10-29T09:30:42","guid":{"rendered":"https:\/\/bogonglaser.com\/?post_type=product&#038;p=1668"},"modified":"2025-12-10T16:57:58","modified_gmt":"2025-12-10T08:57:58","slug":"3d-fiber-laser-engraver-for-metal-2","status":"publish","type":"product","link":"https:\/\/bogonglaser.com\/it\/3d-fiber-laser-engraver-for-metal-2\/","title":{"rendered":"Incisore laser a fibra 3D per metallo"},"content":{"rendered":"<h2>Che cos'\u00e8 una macchina per l'incisione laser 3D del metallo?<\/h2>\n<p><a href=\"https:\/\/bogonglaser.com\/it\/laser-engraving-machine\/\">Macchina per incisione laser 3D<\/a> con laser a fibra di impulsi, software 3D lenmark3ds\/Ezcad3 per l'elaborazione delle immagini, ha una lente dinamica all'interno della testa del laser, che pu\u00f2 incidere su forme irregolari. Le caratteristiche principali sono le seguenti:<\/p>\n<ul>\n<li>Laser a fibra pulsata<\/li>\n<li>Software di incisione 3D per l'elaborazione delle immagini<\/li>\n<li>Asse R per la marcatura di anelli e braccialetti<\/li>\n<li>Testa laser dinamica 3D<\/li>\n<li>Altezza di messa a fuoco regolabile da 15 a 80 mm<\/li>\n<li>Ampia scelta di opzioni<\/li>\n<li>2 anni di garanzia<\/li>\n<\/ul>\n<figure id=\"attachment_7418\" aria-describedby=\"caption-attachment-7418\" style=\"width: 300px\" class=\"wp-caption alignnone\"><img decoding=\"async\" class=\"size-medium wp-image-7418\" src=\"https:\/\/bogonglaser.com\/wp-content\/uploads\/2024\/10\/3d-laser-marker-2-300x227.jpg\" alt=\"Marcatore laser 3d\" width=\"300\" height=\"227\" title=\"\" srcset=\"https:\/\/bogonglaser.com\/wp-content\/uploads\/2024\/10\/3d-laser-marker-2-300x227.jpg 300w, https:\/\/bogonglaser.com\/wp-content\/uploads\/2024\/10\/3d-laser-marker-2-16x12.jpg 16w, https:\/\/bogonglaser.com\/wp-content\/uploads\/2024\/10\/3d-laser-marker-2.jpg 600w\" sizes=\"(max-width: 300px) 100vw, 300px\" \/><figcaption id=\"caption-attachment-7418\" class=\"wp-caption-text\">Marcatore laser 3d<\/figcaption><\/figure>\n<figure id=\"attachment_7417\" aria-describedby=\"caption-attachment-7417\" style=\"width: 300px\" class=\"wp-caption alignnone\"><img decoding=\"async\" class=\"size-medium wp-image-7417\" src=\"https:\/\/bogonglaser.com\/wp-content\/uploads\/2024\/10\/bogong-new-cabinet-1-300x150.png\" alt=\"bogong nuovo gabinetto\" width=\"300\" height=\"150\" title=\"\" srcset=\"https:\/\/bogonglaser.com\/wp-content\/uploads\/2024\/10\/bogong-new-cabinet-1-300x150.png 300w, https:\/\/bogonglaser.com\/wp-content\/uploads\/2024\/10\/bogong-new-cabinet-1-600x300.png 600w, https:\/\/bogonglaser.com\/wp-content\/uploads\/2024\/10\/bogong-new-cabinet-1-768x384.png 768w, https:\/\/bogonglaser.com\/wp-content\/uploads\/2024\/10\/bogong-new-cabinet-1-18x9.png 18w, https:\/\/bogonglaser.com\/wp-content\/uploads\/2024\/10\/bogong-new-cabinet-1.png 800w\" sizes=\"(max-width: 300px) 100vw, 300px\" \/><figcaption id=\"caption-attachment-7417\" class=\"wp-caption-text\">bogong nuovo gabinetto<\/figcaption><\/figure>\n<h2>Caratteristiche della macchina di marcatura laser 3D:<\/h2>\n<p><iframe title=\"2025 Il miglior incisore laser 3D | Cos&#039;\u00e8 l&#039;incisione laser 3D? Come funziona l&#039;incisione laser 3D? Marchio 3D\" width=\"1290\" height=\"726\" src=\"https:\/\/www.youtube.com\/embed\/_A-XUjBEmxM?feature=oembed\" frameborder=\"0\" allow=\"accelerometer; autoplay; clipboard-write; encrypted-media; gyroscope; picture-in-picture; web-share\" referrerpolicy=\"strict-origin-when-cross-origin\" allowfullscreen><\/iframe><\/p>\n<p><iframe title=\"2025 Il miglior incisore laser 3D | Cos&#039;\u00e8 l&#039;incisione laser 3D? Come funziona l&#039;incisione laser 3D? Marchio 3D\" width=\"1290\" height=\"726\" src=\"https:\/\/www.youtube.com\/embed\/_A-XUjBEmxM?feature=oembed\" frameborder=\"0\" allow=\"accelerometer; autoplay; clipboard-write; encrypted-media; gyroscope; picture-in-picture; web-share\" referrerpolicy=\"strict-origin-when-cross-origin\" allowfullscreen><\/iframe><\/p>\n<p>1. Applicazioni versatili<br \/>\nLa macchina per la marcatura laser 3D \u00e8 progettata per la marcatura di superfici curve tridimensionali, in grado di mettere a fuoco punti sottili e di fornire marcature uniformi entro un intervallo di tolleranza di altezza compreso tra 0 e 80 mm. Non \u00e8 necessario regolare la messa a fuoco, consentendo la marcatura senza soluzione di continuit\u00e0 di prodotti irregolari come superfici curve, inclinate, a gradini, sfere, cilindri e coni in un'unica operazione.<\/p>\n<p>2. Eccellente qualit\u00e0 di intaglio profondo<br \/>\nDotata di un sistema di marcatura fine 3D, la macchina eccelle in varie esigenze di incisione, tra cui rilievo, incisione profonda e incisione concava\/convessa. Offre un'elevata precisione e risultati visivamente accattivanti. Questa macchina supporta tre sorgenti luminose: fibra, ultravioletto e anidride carbonica, consentendo l'incisione su materiali metallici e non metallici.<\/p>\n<p>&nbsp;<\/p>\n<p><iframe title=\"Cina Migliore macchina di taglio dell&#039;incisione laser 3D per metallo | Incisore laser 3D in vendita\" width=\"1290\" height=\"726\" src=\"https:\/\/www.youtube.com\/embed\/rdjhRIaqMNM?feature=oembed\" frameborder=\"0\" allow=\"accelerometer; autoplay; clipboard-write; encrypted-media; gyroscope; picture-in-picture; web-share\" referrerpolicy=\"strict-origin-when-cross-origin\" allowfullscreen><\/iframe><\/p>\n<h3>Applicazioni della macchina per l'incisione laser in fibra 3D<\/h3>\n<ul>\n<li>Scavo a strati e incisione in bassorilievo 3D.<\/li>\n<li>Incisioni su superfici irregolari con un'irregolarit\u00e0 fino a 80 mm.<\/li>\n<li>Incisioni su anelli, bracciali, medaglioni e superfici piane.<\/li>\n<li>Incisione di fotografie, nomi, disegni e loghi, compresi i marchi.<\/li>\n<li>Incisioni su quadranti di orologi e occhiali di qualsiasi materiale metallico.<\/li>\n<li>Taglio manuale di singoli pezzi o soluzioni automatizzate per la produzione in serie<\/li>\n<\/ul>\n<p><iframe title=\"Cosa pu\u00f2 fare una macchina per incisione laser 3D? | Taglierina per incisione laser 3D su metallo\" width=\"1290\" height=\"726\" src=\"https:\/\/www.youtube.com\/embed\/v_rWKxbDr04?feature=oembed\" frameborder=\"0\" allow=\"accelerometer; autoplay; clipboard-write; encrypted-media; gyroscope; picture-in-picture; web-share\" referrerpolicy=\"strict-origin-when-cross-origin\" allowfullscreen><\/iframe><\/p>\n<p>&nbsp;<\/p>\n<figure id=\"attachment_7419\" aria-describedby=\"caption-attachment-7419\" style=\"width: 300px\" class=\"wp-caption alignnone\"><img decoding=\"async\" class=\"size-medium wp-image-7419\" src=\"https:\/\/bogonglaser.com\/wp-content\/uploads\/2024\/10\/bogong-new-cabinet-300x143.jpg\" alt=\"bogong nuovo gabinetto\" width=\"300\" height=\"143\" title=\"\" srcset=\"https:\/\/bogonglaser.com\/wp-content\/uploads\/2024\/10\/bogong-new-cabinet-300x143.jpg 300w, https:\/\/bogonglaser.com\/wp-content\/uploads\/2024\/10\/bogong-new-cabinet-600x286.jpg 600w, https:\/\/bogonglaser.com\/wp-content\/uploads\/2024\/10\/bogong-new-cabinet-1024x488.jpg 1024w, https:\/\/bogonglaser.com\/wp-content\/uploads\/2024\/10\/bogong-new-cabinet-768x366.jpg 768w, https:\/\/bogonglaser.com\/wp-content\/uploads\/2024\/10\/bogong-new-cabinet-18x9.jpg 18w, https:\/\/bogonglaser.com\/wp-content\/uploads\/2024\/10\/bogong-new-cabinet.jpg 1251w\" sizes=\"(max-width: 300px) 100vw, 300px\" \/><figcaption id=\"caption-attachment-7419\" class=\"wp-caption-text\">bogong nuovo gabinetto<\/figcaption><\/figure>\n<h2>Come funziona l'incisione laser 3D?<\/h2>\n<p>Un sistema laser 3D regola automaticamente lo spot laser per ridurre al minimo la perdita di qualit\u00e0 dello spot su superfici curve e contorni 3D. Questi sistemi sono ideali per gestire forme complesse e possono incidere in modo efficiente una variet\u00e0 di articoli.<\/p>\n<p>Inoltre, sono in grado di creare incisioni a rilievo intagliando profondamente parti con altezze variabili, rendendole perfette per regali personalizzati o gioielli.<\/p>\n<p><iframe title=\"GLI PIACE LA MACCHINA PER L&#039;INCISIONE LASER 3D DI BOGONG | MIGLIORE MACCHINA PER L&#039;INCISIONE LASER 3D DELLA PORCELLANA IN VENDITA\" width=\"1290\" height=\"726\" src=\"https:\/\/www.youtube.com\/embed\/aoAF09vq8LE?feature=oembed\" frameborder=\"0\" allow=\"accelerometer; autoplay; clipboard-write; encrypted-media; gyroscope; picture-in-picture; web-share\" referrerpolicy=\"strict-origin-when-cross-origin\" allowfullscreen><\/iframe><\/p>\n<p><iframe title=\"Che ne dite dell&#039;incisore laser 3D BOGONG? | Il cliente indiano ha visitato BOGONG e ha acquistato l&#039;incisore laser 3D\" width=\"1290\" height=\"726\" src=\"https:\/\/www.youtube.com\/embed\/bq8eli66vTM?feature=oembed\" frameborder=\"0\" allow=\"accelerometer; autoplay; clipboard-write; encrypted-media; gyroscope; picture-in-picture; web-share\" referrerpolicy=\"strict-origin-when-cross-origin\" allowfullscreen><\/iframe><\/p>\n<h3>Come scegliere la macchina laser 3d giusta<\/h3>\n<p>La scelta della giusta macchina per l'incisione laser 3D sar\u00e0 importante per la vostra attivit\u00e0, come assicurarsi che la macchina soddisfi le vostre esigenze specifiche. Ecco una guida che vi aiuter\u00e0 a prendere una decisione consapevole:<\/p>\n<ol>\n<li><strong>Compatibilit\u00e0 dei materiali<\/strong>: Determinare i tipi di materiali che si intende incidere (ad esempio, metallo, legno, acrilico, vetro). Assicurarsi che la macchina scelta sia in grado di trattare efficacemente questi materiali.<\/li>\n<li><strong>Tipo di laser<\/strong>: I diversi tipi di laser (fibra, CO2, UV) hanno scopi diversi.\n<ul>\n<li><strong>Laser a fibra<\/strong>\u00a0sono adatti ai metalli e sono noti per l'elevata precisione.<\/li>\n<li><strong>Laser CO2<\/strong> \u00e8 per i materiali non metallici, da utilizzare soprattutto per lavori di taglio di grandi dimensioni, come il taglio di etichette, ecc.<\/li>\n<li><strong>Laser UV<\/strong>\u00a0sono ideali per incisioni delicate su materiali come vetro e plastica.<\/li>\n<\/ul>\n<\/li>\n<li><strong>Profondit\u00e0 e dettaglio dell'incisione<\/strong>: Considerare la profondit\u00e0 dell'incisione richiesta. alcuni clienti vogliono incidere il disegno 3D grande di 200*200mm, vogliono usare questo laser per sostituire il loro router CNC, ma assicuratevi che la macchina laser 3D sia adatta all'incisione di precisione di piccoli rilievi come 40*40mm, 50*50mm, 60*60mm, ecc.<\/li>\n<li><strong>Dimensioni dell'area di lavoro<\/strong>: Valutare le dimensioni dell'area di incisione in base ai progetti che si intende realizzare. Assicurarsi che la macchina abbia un'area di lavoro adeguata per gli oggetti pi\u00f9 grandi. Macchina laser 3D BOGONG F10 con dimensioni di incisione 200*200 mm, asse Z fino a 80 mm.<\/li>\n<li><strong>Facilit\u00e0 d'uso<\/strong>: Cercate macchine con un software facile da usare che consenta una progettazione e un funzionamento semplici. Lenmark 3DS e Ezcad3 sono consigliati per i lavori di incisione in rilievo 3D.<\/li>\n<li><strong>Assistenza clienti e garanzia<\/strong>: Ricercare le opzioni di assistenza del produttore e la garanzia offerta. Un servizio clienti affidabile pu\u00f2 essere fondamentale per la risoluzione dei problemi e la manutenzione.<\/li>\n<li><strong>Bilancio<\/strong>: Stabilite un budget e confrontate i diversi modelli all'interno di tale intervallo. Considerare i costi a lungo termine associati alla manutenzione e agli accessori. Se il budget a disposizione \u00e8 sufficiente, la scelta di un laser MOPA \u00e8 ideale per i lavori di dettaglio, perch\u00e9 il laser MOPA pu\u00f2 controllare la larghezza e la frequenza degli impulsi per ottenere un fondo omogeneo.<\/li>\n<\/ol>\n<p>&nbsp;<\/p>\n<figure id=\"attachment_7426\" aria-describedby=\"caption-attachment-7426\" style=\"width: 300px\" class=\"wp-caption alignnone\"><img decoding=\"async\" class=\"size-full wp-image-7426\" src=\"https:\/\/bogonglaser.com\/wp-content\/uploads\/2024\/10\/mini-laser-machine-2.jpg\" alt=\"mini macchina laser\" width=\"300\" height=\"225\" title=\"\" srcset=\"https:\/\/bogonglaser.com\/wp-content\/uploads\/2024\/10\/mini-laser-machine-2.jpg 300w, https:\/\/bogonglaser.com\/wp-content\/uploads\/2024\/10\/mini-laser-machine-2-16x12.jpg 16w\" sizes=\"(max-width: 300px) 100vw, 300px\" \/><figcaption id=\"caption-attachment-7426\" class=\"wp-caption-text\">mini macchina laser<\/figcaption><\/figure>\n<figure id=\"attachment_7427\" aria-describedby=\"caption-attachment-7427\" style=\"width: 300px\" class=\"wp-caption alignnone\"><img decoding=\"async\" class=\"size-full wp-image-7427\" src=\"https:\/\/bogonglaser.com\/wp-content\/uploads\/2024\/10\/uv-pro-laser-engraving-machine.jpg\" alt=\"uv pro laser engraving machine\" width=\"300\" height=\"300\" title=\"\" srcset=\"https:\/\/bogonglaser.com\/wp-content\/uploads\/2024\/10\/uv-pro-laser-engraving-machine.jpg 300w, https:\/\/bogonglaser.com\/wp-content\/uploads\/2024\/10\/uv-pro-laser-engraving-machine-100x100.jpg 100w, https:\/\/bogonglaser.com\/wp-content\/uploads\/2024\/10\/uv-pro-laser-engraving-machine-150x150.jpg 150w, https:\/\/bogonglaser.com\/wp-content\/uploads\/2024\/10\/uv-pro-laser-engraving-machine-12x12.jpg 12w\" sizes=\"(max-width: 300px) 100vw, 300px\" \/><figcaption id=\"caption-attachment-7427\" class=\"wp-caption-text\">uv pro laser engraving machine<\/figcaption><\/figure>\n<figure id=\"attachment_7428\" aria-describedby=\"caption-attachment-7428\" style=\"width: 205px\" class=\"wp-caption alignnone\"><img decoding=\"async\" class=\"size-full wp-image-7428\" src=\"https:\/\/bogonglaser.com\/wp-content\/uploads\/2024\/10\/3d-laser-marker-2-1.jpg\" alt=\"Marcatore laser 3d\" width=\"205\" height=\"300\" title=\"\" srcset=\"https:\/\/bogonglaser.com\/wp-content\/uploads\/2024\/10\/3d-laser-marker-2-1.jpg 205w, https:\/\/bogonglaser.com\/wp-content\/uploads\/2024\/10\/3d-laser-marker-2-1-8x12.jpg 8w\" sizes=\"(max-width: 205px) 100vw, 205px\" \/><figcaption id=\"caption-attachment-7428\" class=\"wp-caption-text\">Marcatore laser 3d<\/figcaption><\/figure>\n<figure id=\"attachment_7429\" aria-describedby=\"caption-attachment-7429\" style=\"width: 300px\" class=\"wp-caption alignnone\"><img decoding=\"async\" class=\"size-full wp-image-7429\" src=\"https:\/\/bogonglaser.com\/wp-content\/uploads\/2024\/10\/3d-laser-marker-3.jpg\" alt=\"Marcatore laser 3d\" width=\"300\" height=\"227\" title=\"\" srcset=\"https:\/\/bogonglaser.com\/wp-content\/uploads\/2024\/10\/3d-laser-marker-3.jpg 300w, https:\/\/bogonglaser.com\/wp-content\/uploads\/2024\/10\/3d-laser-marker-3-16x12.jpg 16w\" sizes=\"(max-width: 300px) 100vw, 300px\" \/><figcaption id=\"caption-attachment-7429\" class=\"wp-caption-text\">Marcatore laser 3d<\/figcaption><\/figure>\n<h2>Cosa possiamo fare per voi scegliendo l'incisore laser 3D?<\/h2>\n<ul>\n<li><span class=\"magic-19\"><b class=\"magic-19\"><span class=\"magic-18\">Campioni di prova gratuiti -<\/span><\/b><span class=\"magic-20\" data-spm-anchor-id=\"a2700.details.0.i41.41d82402R4aegi\">Possiamo effettuare test gratuiti sull'effetto della marcatura in base al materiale del prodotto.<\/span><\/span><\/li>\n<li><span class=\"magic-19\"><b class=\"magic-19\"><span class=\"magic-18\">Video in diretta<\/span><\/b><span class=\"magic-20\">\u00c8 possibile collegarsi con i nostri consulenti di vendita per vedere il processo di produzione e il funzionamento della macchina in video online.<\/span><\/span><\/li>\n<li><span class=\"magic-19\"><b class=\"magic-19\"><span class=\"magic-18\">Personalizzato \/OEM-<\/span><\/b><span class=\"magic-20\" data-spm-anchor-id=\"a2700.details.0.i40.41d82402R4aegi\">Macchine personalizzate su richiesta\uff0ccontattateci<\/span><\/span><\/li>\n<\/ul>\n<p>&nbsp;<\/p>\n<h3>Quali parti ho bisogno di scegliere per l'incisione laser 3D macchina da taglio<\/h3>\n<ul>\n<li>Dispositivo rotante: esistono diversi dispositivi rotanti con stile e diametro della pinza diversi, come 50D 65D 80D, 100D, ecc, se siete anche nel settore della gioielleria, scegliete 50D o 65D.<\/li>\n<li>Supporto d'argento oro: che per il morsetto il vostro oro argento lamiera per il taglio, perch\u00e9 ci hanno molto calore quando il lavoro di taglio, shee metallo facile deformazione. Suit per l'attivit\u00e0 di gioielli.<\/li>\n<\/ul>\n<p>&nbsp;<\/p>\n<p>&nbsp;<\/p>\n<p>&nbsp;<\/p>\n<p>Termini di pagamento<\/p>\n<p>1. Deposito e saldo: \u00c8 richiesto un deposito 30% T\/T in anticipo, con il saldo dovuto prima della spedizione.<\/p>\n<p>2. Alibaba Trade Assurance: I pagamenti possono essere elaborati tramite Alibaba Trade Assurance.<\/p>\n<p>Domande e risposte per la taglierina per incisione laser 3D in fibra di metallo<\/p>\n<p>Qual \u00e8 l'imballaggio della macchina per la marcatura laser in fibra 3d?<br \/>\nLe nostre macchine sono imballate in un sistema a tre strati. Lo strato esterno \u00e8 costituito da una cassa di legno, lo strato intermedio da un'imbottitura in schiuma per proteggere dagli urti e lo strato interno da una spessa busta di plastica per garantire l'impermeabilit\u00e0.<\/p>\n<p>Il pacco subir\u00e0 danni durante il trasporto?<br \/>\nProgettiamo meticolosamente i nostri imballaggi per far fronte a tutti i potenziali fattori di danneggiamento e i nostri spedizionieri sono esperti nel trasporto sicuro. Abbiamo esportato con successo in 180 paesi, quindi potete essere certi che il vostro pacco arriver\u00e0 in condizioni eccellenti.<\/p>\n<p>La maggior parte dei clienti come scegliere il trasporto da UPS\/DHL espresso, pu\u00f2 arrivare a destinazione circa 5-7 giorni, contattare con BOGONG per ottenere pi\u00f9 dettagli sull'incisore laser in fibra di metallo per rame d'argento d'oro.<\/p>","protected":false},"excerpt":{"rendered":"<h2>Macchina di marcatura laser in fibra 3D per il rilievo e la testurizzazione del metallo<\/h2>\n<p>Una macchina di marcatura laser in fibra 3D utilizza la tecnologia laser 3D per creare disegni o testi intricati su superfici tridimensionali, consentendo l'incisione profonda di texture e rilievi su stampi in metallo. Una testa di scansione 3D \u00e8 in grado di regolare un raggio laser in tutte e tre le dimensioni: Adotta una combinazione di espansori del fascio e ottiche di spostamento prima di dirigere il fascio attraverso una lente per indirizzare con precisione il materiale.<\/p>\n<ul class=\"\\&quot;tips\\&quot;\">\n<li>350 Set \/ Mese in attesa di vendita In magazzino<\/li>\n<li>2 anni di garanzia limitata per l'intera macchina<\/li>\n<li>3-5 giorni di preparazione della macchina laser, 3-7 giorni di trasporto.<\/li>\n<li>Online (PayPal) e offline (T\/T, carte di debito e di credito)<\/li>\n<\/ul>","protected":false},"featured_media":1660,"template":"","meta":{"_gspb_post_css":""},"product_brand":[],"product_cat":[97,93,96],"product_tag":[102],"class_list":{"0":"post-1668","1":"product","2":"type-product","3":"status-publish","4":"has-post-thumbnail","6":"product_cat-fiber-laser-marker","7":"product_cat-laser-engraving-machine","8":"product_cat-laser-marking-machine","9":"product_tag-laser-marking-machine","11":"first","12":"instock","13":"shipping-taxable","14":"product-type-simple"},"_links":{"self":[{"href":"https:\/\/bogonglaser.com\/it\/wp-json\/wp\/v2\/product\/1668","targetHints":{"allow":["GET"]}}],"collection":[{"href":"https:\/\/bogonglaser.com\/it\/wp-json\/wp\/v2\/product"}],"about":[{"href":"https:\/\/bogonglaser.com\/it\/wp-json\/wp\/v2\/types\/product"}],"wp:featuredmedia":[{"embeddable":true,"href":"https:\/\/bogonglaser.com\/it\/wp-json\/wp\/v2\/media\/1660"}],"wp:attachment":[{"href":"https:\/\/bogonglaser.com\/it\/wp-json\/wp\/v2\/media?parent=1668"}],"wp:term":[{"taxonomy":"product_brand","embeddable":true,"href":"https:\/\/bogonglaser.com\/it\/wp-json\/wp\/v2\/product_brand?post=1668"},{"taxonomy":"product_cat","embeddable":true,"href":"https:\/\/bogonglaser.com\/it\/wp-json\/wp\/v2\/product_cat?post=1668"},{"taxonomy":"product_tag","embeddable":true,"href":"https:\/\/bogonglaser.com\/it\/wp-json\/wp\/v2\/product_tag?post=1668"}],"curies":[{"name":"wp","href":"https:\/\/api.w.org\/{rel}","templated":true}]}}