{"id":1653,"date":"2024-10-29T13:11:44","date_gmt":"2024-10-29T05:11:44","guid":{"rendered":"https:\/\/bogonglaser.com\/?post_type=product&#038;p=1653"},"modified":"2025-12-10T17:06:49","modified_gmt":"2025-12-10T09:06:49","slug":"3d-fiber-laser-engraver-for-metal","status":"publish","type":"product","link":"https:\/\/bogonglaser.com\/it\/3d-fiber-laser-engraver-for-metal\/","title":{"rendered":"Macchina per l'incisione laser 3D con grande area di incisione"},"content":{"rendered":"<h2>Che cos'\u00e8 una macchina per l'incisione laser 3D ad ampia superficie?<\/h2>\n<p>3D <a href=\"https:\/\/bogonglaser.com\/it\/laser-engraving-machine\/\">Macchina per incisione laser<\/a> con il laser della fibra di impulso, il software di lenmark3ds 3D per progettazione\/elaborazione del testo, se il disegno nella grande dimensione che 200*200mm, quindi potete pensare questo incisore del laser 3D, incidendo la dimensione pu\u00f2 fino a 800*800mm, l\u00e0 ha una lente dinamica dentro della testa del laser, caratteristica principale come sotto:<\/p>\n<ul>\n<li>Laser a fibra pulsata<\/li>\n<li>Pu\u00f2 fare sia il lavoro del laser del rilievo sul metallo, anche pu\u00f2 fare l'incisione nella superficie piana con la grande dimensione 300*300mm - 800mm*800mm<\/li>\n<li>Software di incisione 3D per l'elaborazione delle immagini<\/li>\n<li>Asse R per la marcatura di anelli e bracciali (opzionale)<\/li>\n<li>Testa laser dinamica 3D F20<\/li>\n<li>Ampia scelta di opzioni<\/li>\n<li>2 anni di garanzia<\/li>\n<\/ul>\n<figure id=\"attachment_7434\" aria-describedby=\"caption-attachment-7434\" style=\"width: 300px\" class=\"wp-caption alignnone\"><img decoding=\"async\" class=\"size-medium wp-image-7434\" src=\"https:\/\/bogonglaser.com\/wp-content\/uploads\/2024\/10\/F20-3D-Laser-Engraver-1-300x225.jpg\" alt=\"Incisore laser 3D F20\" width=\"300\" height=\"225\" title=\"\" srcset=\"https:\/\/bogonglaser.com\/wp-content\/uploads\/2024\/10\/F20-3D-Laser-Engraver-1-300x225.jpg 300w, https:\/\/bogonglaser.com\/wp-content\/uploads\/2024\/10\/F20-3D-Laser-Engraver-1-16x12.jpg 16w, https:\/\/bogonglaser.com\/wp-content\/uploads\/2024\/10\/F20-3D-Laser-Engraver-1.jpg 400w\" sizes=\"(max-width: 300px) 100vw, 300px\" \/><figcaption id=\"caption-attachment-7434\" class=\"wp-caption-text\">Incisore laser 3D F20<\/figcaption><\/figure>\n<figure id=\"attachment_7433\" aria-describedby=\"caption-attachment-7433\" style=\"width: 300px\" class=\"wp-caption alignnone\"><img decoding=\"async\" class=\"size-medium wp-image-7433\" src=\"https:\/\/bogonglaser.com\/wp-content\/uploads\/2024\/10\/F20-3D-Laser-Marking-Machine-1-300x225.jpg\" alt=\"F20 Macchina di marcatura laser 3D\" width=\"300\" height=\"225\" title=\"\" srcset=\"https:\/\/bogonglaser.com\/wp-content\/uploads\/2024\/10\/F20-3D-Laser-Marking-Machine-1-300x225.jpg 300w, https:\/\/bogonglaser.com\/wp-content\/uploads\/2024\/10\/F20-3D-Laser-Marking-Machine-1-16x12.jpg 16w, https:\/\/bogonglaser.com\/wp-content\/uploads\/2024\/10\/F20-3D-Laser-Marking-Machine-1.jpg 400w\" sizes=\"(max-width: 300px) 100vw, 300px\" \/><figcaption id=\"caption-attachment-7433\" class=\"wp-caption-text\">F20 Macchina di marcatura laser 3D<\/figcaption><\/figure>\n<p><iframe title=\"600*600mm 3D macchina di marcatura del laser della fibra | incisore del laser 3D\" width=\"1290\" height=\"726\" src=\"https:\/\/www.youtube.com\/embed\/8Ecyoll4AF4?feature=oembed\" frameborder=\"0\" allow=\"accelerometer; autoplay; clipboard-write; encrypted-media; gyroscope; picture-in-picture; web-share\" referrerpolicy=\"strict-origin-when-cross-origin\" allowfullscreen><\/iframe><\/p>\n<p><iframe title=\"Macchina dell&#039;incisione laser dello specchio di grande dimensione del LED | macchina intelligente della marcatura del laser della fibra dello specchio\" width=\"1290\" height=\"726\" src=\"https:\/\/www.youtube.com\/embed\/-hwYXbbbwH0?feature=oembed\" frameborder=\"0\" allow=\"accelerometer; autoplay; clipboard-write; encrypted-media; gyroscope; picture-in-picture; web-share\" referrerpolicy=\"strict-origin-when-cross-origin\" allowfullscreen><\/iframe><\/p>\n<figure id=\"attachment_7432\" aria-describedby=\"caption-attachment-7432\" style=\"width: 178px\" class=\"wp-caption alignnone\"><img decoding=\"async\" class=\"size-medium wp-image-7432\" src=\"https:\/\/bogonglaser.com\/wp-content\/uploads\/2024\/10\/3d-laser-marking-machine-1-178x300.jpg\" alt=\"Macchina per la marcatura laser 3d\" width=\"178\" height=\"300\" title=\"\" srcset=\"https:\/\/bogonglaser.com\/wp-content\/uploads\/2024\/10\/3d-laser-marking-machine-1-178x300.jpg 178w, https:\/\/bogonglaser.com\/wp-content\/uploads\/2024\/10\/3d-laser-marking-machine-1-7x12.jpg 7w, https:\/\/bogonglaser.com\/wp-content\/uploads\/2024\/10\/3d-laser-marking-machine-1.jpg 500w\" sizes=\"(max-width: 178px) 100vw, 178px\" \/><figcaption id=\"caption-attachment-7432\" class=\"wp-caption-text\">Macchina per la marcatura laser 3d<\/figcaption><\/figure>\n<h2>Caratteristiche della macchina di marcatura laser 3D F20 con ampia area di incisione:<\/h2>\n<p>1. Applicazioni<br \/>\nLa macchina di marcatura laser 3D F20 non solo esegue lavori di rilievo 3D su metallo, ma pu\u00f2 anche essere marcata in grande formato su una superficie piana.<\/p>\n<p>2. Eccellente qualit\u00e0 di incisione<br \/>\nDotata di un sistema di marcatura fine 3D Lenmark3D e Lenmark3DS, la macchina eccelle in varie esigenze di incisione, tra cui rilievo, incisione profonda e incisione concava\/convessa. Offre risultati di alta precisione e di grande impatto visivo. Questa macchina supporta tre sorgenti luminose: fibra, ultravioletto e CO2, consentendo l'incisione su materiali metallici e non.<\/p>\n<p><iframe title=\"Macchina per l&#039;incisione laser in fibra 3D F20 con funzioni muti, incisione piana di grandi dimensioni e incisione a rilievo 3D\" width=\"1290\" height=\"726\" src=\"https:\/\/www.youtube.com\/embed\/7KuWZRpnRxI?feature=oembed\" frameborder=\"0\" allow=\"accelerometer; autoplay; clipboard-write; encrypted-media; gyroscope; picture-in-picture; web-share\" referrerpolicy=\"strict-origin-when-cross-origin\" allowfullscreen><\/iframe><\/p>\n<h3>Applicazioni della macchina per l'incisione laser 3D in fibra 3D-F20<\/h3>\n<ul>\n<li>Scavo a strati e incisione in bassorilievo 3D.<\/li>\n<li>Area di marcatura 300*300 mm 400*400 mm 500*500 mm 600*600 mm 800*800 mm.<\/li>\n<li>Incisioni su superfici irregolari con un'irregolarit\u00e0.<\/li>\n<li>Incisioni su anelli, bracciali, medaglioni e superfici piane.<\/li>\n<li>Incisione di fotografie, nomi, disegni e loghi, compresi i marchi.<\/li>\n<li>Incisioni su quadranti di orologi e occhiali di qualsiasi materiale metallico.<\/li>\n<li>Taglio manuale di singoli pezzi o soluzioni automatizzate per la produzione in serie<\/li>\n<\/ul>\n<figure id=\"attachment_7435\" aria-describedby=\"caption-attachment-7435\" style=\"width: 300px\" class=\"wp-caption alignnone\"><img decoding=\"async\" class=\"size-medium wp-image-7435\" src=\"https:\/\/bogonglaser.com\/wp-content\/uploads\/2024\/10\/F20-3D-Laser-Engraver-2-300x143.jpg\" alt=\"Incisore laser 3D F20\" width=\"300\" height=\"143\" title=\"\" srcset=\"https:\/\/bogonglaser.com\/wp-content\/uploads\/2024\/10\/F20-3D-Laser-Engraver-2-300x143.jpg 300w, https:\/\/bogonglaser.com\/wp-content\/uploads\/2024\/10\/F20-3D-Laser-Engraver-2-600x286.jpg 600w, https:\/\/bogonglaser.com\/wp-content\/uploads\/2024\/10\/F20-3D-Laser-Engraver-2-1024x488.jpg 1024w, https:\/\/bogonglaser.com\/wp-content\/uploads\/2024\/10\/F20-3D-Laser-Engraver-2-768x366.jpg 768w, https:\/\/bogonglaser.com\/wp-content\/uploads\/2024\/10\/F20-3D-Laser-Engraver-2-18x9.jpg 18w, https:\/\/bogonglaser.com\/wp-content\/uploads\/2024\/10\/F20-3D-Laser-Engraver-2.jpg 1251w\" sizes=\"(max-width: 300px) 100vw, 300px\" \/><figcaption id=\"caption-attachment-7435\" class=\"wp-caption-text\">Incisore laser 3D F20<\/figcaption><\/figure>\n<figure id=\"attachment_7431\" aria-describedby=\"caption-attachment-7431\" style=\"width: 300px\" class=\"wp-caption alignnone\"><img decoding=\"async\" class=\"size-medium wp-image-7431\" src=\"https:\/\/bogonglaser.com\/wp-content\/uploads\/2024\/10\/3df20-marking-machine-factory-pictures-2-300x225.png\" alt=\"Immagini di fabbrica della macchina di marcatura 3df20\" width=\"300\" height=\"225\" title=\"\" srcset=\"https:\/\/bogonglaser.com\/wp-content\/uploads\/2024\/10\/3df20-marking-machine-factory-pictures-2-300x225.png 300w, https:\/\/bogonglaser.com\/wp-content\/uploads\/2024\/10\/3df20-marking-machine-factory-pictures-2-600x450.png 600w, https:\/\/bogonglaser.com\/wp-content\/uploads\/2024\/10\/3df20-marking-machine-factory-pictures-2-768x576.png 768w, https:\/\/bogonglaser.com\/wp-content\/uploads\/2024\/10\/3df20-marking-machine-factory-pictures-2-16x12.png 16w, https:\/\/bogonglaser.com\/wp-content\/uploads\/2024\/10\/3df20-marking-machine-factory-pictures-2.png 800w\" sizes=\"(max-width: 300px) 100vw, 300px\" \/><figcaption id=\"caption-attachment-7431\" class=\"wp-caption-text\">Immagini di fabbrica della macchina di marcatura 3df20<\/figcaption><\/figure>\n<h2>Come funziona l'incisione laser 3D?<\/h2>\n<p>Un sistema laser 3D regola automaticamente lo spot laser per ridurre al minimo la perdita di qualit\u00e0 dello spot su superfici curve e contorni 3D. Questi sistemi sono ideali per gestire forme complesse e possono incidere in modo efficiente una variet\u00e0 di articoli.<\/p>\n<p>Inoltre, sono in grado di creare incisioni a rilievo intagliando profondamente parti con altezze variabili, rendendole perfette per regali personalizzati o gioielli.<\/p>\n<h3>Come scegliere la macchina laser 3d giusta<\/h3>\n<p>La scelta della giusta macchina per l'incisione laser 3D sar\u00e0 importante per la vostra attivit\u00e0, come assicurarsi che la macchina soddisfi le vostre esigenze specifiche. Ecco una guida che vi aiuter\u00e0 a prendere una decisione consapevole:<\/p>\n<ol>\n<li><strong>Compatibilit\u00e0 dei materiali<\/strong>: Determinare i tipi di materiali che si intende incidere (ad esempio, metallo, legno, acrilico, vetro). Assicurarsi che la macchina scelta sia in grado di trattare efficacemente questi materiali.<\/li>\n<li><strong>Tipo di laser<\/strong>: I diversi tipi di laser (fibra, CO2, UV) hanno scopi diversi.\n<ul>\n<li><strong>Laser a fibra<\/strong>\u00a0sono adatti ai metalli e sono noti per l'elevata precisione.<\/li>\n<li><strong>Laser CO2<\/strong> \u00e8 per i materiali non metallici, da utilizzare soprattutto per lavori di taglio di grandi dimensioni, come il taglio di etichette, ecc.<\/li>\n<li><strong>Laser UV<\/strong>\u00a0sono ideali per incisioni delicate su materiali come vetro e plastica.<\/li>\n<\/ul>\n<\/li>\n<li><strong>Profondit\u00e0 e dettaglio dell'incisione<\/strong>: Considerare la profondit\u00e0 dell'incisione richiesta. alcuni clienti vogliono incidere il disegno 3D grande di 200*200mm, vogliono usare questo laser per sostituire il loro router CNC, ma assicuratevi che la macchina laser 3D sia adatta all'incisione di precisione di piccoli rilievi come 40*40mm, 50*50mm, 60*60mm, ecc.<\/li>\n<li><strong>Dimensioni dell'area di lavoro<\/strong>: Valutare le dimensioni dell'area di incisione in base ai progetti che si intende realizzare. Assicurarsi che la macchina abbia un'area di lavoro adeguata per gli oggetti pi\u00f9 grandi. Macchina laser 3D BOGONG F10 con dimensioni di incisione 200*200 mm, asse Z fino a 80 mm.<\/li>\n<li><strong>Facilit\u00e0 d'uso<\/strong>: Cercate macchine con un software facile da usare che consenta una progettazione e un funzionamento semplici. Lenmark 3DS e Ezcad3 sono consigliati per i lavori di incisione in rilievo 3D.<\/li>\n<li><strong>Assistenza clienti e garanzia<\/strong>: Ricercare le opzioni di assistenza del produttore e la garanzia offerta. Un servizio clienti affidabile pu\u00f2 essere fondamentale per la risoluzione dei problemi e la manutenzione.<\/li>\n<li><strong>Bilancio<\/strong>: Stabilite un budget e confrontate i diversi modelli all'interno di tale intervallo. Considerare i costi a lungo termine associati alla manutenzione e agli accessori. Se il budget a disposizione \u00e8 sufficiente, la scelta di un laser MOPA \u00e8 ideale per i lavori di dettaglio, perch\u00e9 il laser MOPA pu\u00f2 controllare la larghezza e la frequenza degli impulsi per ottenere un fondo omogeneo.<\/li>\n<\/ol>\n<p>&nbsp;<\/p>\n<h2>Cosa possiamo fare per voi scegliendo l'incisore laser 3D?<\/h2>\n<ul>\n<li><span class=\"magic-19\"><b class=\"magic-19\"><span class=\"magic-18\">Campioni di prova gratuiti -<\/span><\/b><span class=\"magic-20\" data-spm-anchor-id=\"a2700.details.0.i41.41d82402R4aegi\">Possiamo effettuare test gratuiti sull'effetto della marcatura in base al materiale del prodotto.<\/span><\/span><\/li>\n<li><span class=\"magic-19\"><b class=\"magic-19\"><span class=\"magic-18\">Video in diretta<\/span><\/b><span class=\"magic-20\">\u00c8 possibile collegarsi con i nostri consulenti di vendita per vedere il processo di produzione e il funzionamento della macchina in video online.<\/span><\/span><\/li>\n<li><span class=\"magic-19\"><b class=\"magic-19\"><span class=\"magic-18\">Personalizzato \/OEM-<\/span><\/b><span class=\"magic-20\" data-spm-anchor-id=\"a2700.details.0.i40.41d82402R4aegi\">Macchine personalizzate su richiesta\uff0ccontattateci<\/span><\/span><\/li>\n<\/ul>\n<p><iframe title=\"2D 3D grande area di lavoro macchina incisione laser | 900 * 600mm 1000 * 1000mm 1500 * 1000mm 600 * 600MM\" width=\"1290\" height=\"726\" src=\"https:\/\/www.youtube.com\/embed\/kHkhAKh91mU?feature=oembed\" frameborder=\"0\" allow=\"accelerometer; autoplay; clipboard-write; encrypted-media; gyroscope; picture-in-picture; web-share\" referrerpolicy=\"strict-origin-when-cross-origin\" allowfullscreen><\/iframe><\/p>\n<h3>Quali parti ho bisogno di scegliere per l'incisione laser 3D macchina da taglio<\/h3>\n<ul>\n<li>Dispositivo rotante: esistono diversi dispositivi rotanti con stile e diametro della pinza diversi, come 50D 65D 80D, 100D, ecc, se siete anche nel settore della gioielleria, scegliete 50D o 65D.<\/li>\n<li>Supporto d'argento oro: che per il morsetto il vostro oro argento lamiera per il taglio, perch\u00e9 ci hanno molto calore quando il lavoro di taglio, shee metallo facile deformazione. Suit per l'attivit\u00e0 di gioielli.<\/li>\n<li>\n<figure id=\"attachment_7430\" aria-describedby=\"caption-attachment-7430\" style=\"width: 300px\" class=\"wp-caption alignnone\"><img decoding=\"async\" class=\"size-medium wp-image-7430\" src=\"https:\/\/bogonglaser.com\/wp-content\/uploads\/2024\/10\/gold-silver-holder-and-rotary-1-300x225.png\" alt=\"supporto in oro e argento e rotante\" width=\"300\" height=\"225\" title=\"\" srcset=\"https:\/\/bogonglaser.com\/wp-content\/uploads\/2024\/10\/gold-silver-holder-and-rotary-1-300x225.png 300w, https:\/\/bogonglaser.com\/wp-content\/uploads\/2024\/10\/gold-silver-holder-and-rotary-1-16x12.png 16w, https:\/\/bogonglaser.com\/wp-content\/uploads\/2024\/10\/gold-silver-holder-and-rotary-1.png 400w\" sizes=\"(max-width: 300px) 100vw, 300px\" \/><figcaption id=\"caption-attachment-7430\" class=\"wp-caption-text\">supporto in oro e argento e rotante<\/figcaption><\/figure>\n<p><iframe title=\"GLI PIACE LA MACCHINA PER L&#039;INCISIONE LASER 3D DI BOGONG | MIGLIORE MACCHINA PER L&#039;INCISIONE LASER 3D DELLA PORCELLANA IN VENDITA\" width=\"1290\" height=\"726\" src=\"https:\/\/www.youtube.com\/embed\/aoAF09vq8LE?feature=oembed\" frameborder=\"0\" allow=\"accelerometer; autoplay; clipboard-write; encrypted-media; gyroscope; picture-in-picture; web-share\" referrerpolicy=\"strict-origin-when-cross-origin\" allowfullscreen><\/iframe><\/p>\n<p><iframe title=\"Che ne dite dell&#039;incisore laser 3D BOGONG? | Il cliente indiano ha visitato BOGONG e ha acquistato l&#039;incisore laser 3D\" width=\"1290\" height=\"726\" src=\"https:\/\/www.youtube.com\/embed\/bq8eli66vTM?feature=oembed\" frameborder=\"0\" allow=\"accelerometer; autoplay; clipboard-write; encrypted-media; gyroscope; picture-in-picture; web-share\" referrerpolicy=\"strict-origin-when-cross-origin\" allowfullscreen><\/iframe><\/li>\n<\/ul>\n<p>Termini di pagamento<\/p>\n<p>1. Deposito e saldo: \u00c8 richiesto un deposito 30% T\/T in anticipo, con il saldo dovuto prima della spedizione.<\/p>\n<p>2. Alibaba Trade Assurance: I pagamenti possono essere elaborati tramite Alibaba Trade Assurance.<\/p>\n<p>FAQ per la macchina di marcatura laser 3D di grandi dimensioni<\/p>\n<p>Qual \u00e8 l'imballaggio della macchina per la marcatura laser in fibra 3d?<br \/>\nLe nostre macchine sono imballate in un sistema a tre strati. Lo strato esterno \u00e8 costituito da una cassa di legno, lo strato intermedio da un'imbottitura in schiuma per proteggere dagli urti e lo strato interno da una spessa busta di plastica per garantire l'impermeabilit\u00e0.<\/p>\n<p>Il pacco subir\u00e0 danni durante il trasporto?<br \/>\nProgettiamo meticolosamente i nostri imballaggi per far fronte a tutti i potenziali fattori di danneggiamento e i nostri spedizionieri sono esperti nel trasporto sicuro. Abbiamo esportato con successo in 180 paesi, quindi potete essere certi che il vostro pacco arriver\u00e0 in condizioni eccellenti.<\/p>\n<figure id=\"attachment_7436\" aria-describedby=\"caption-attachment-7436\" style=\"width: 300px\" class=\"wp-caption alignnone\"><img decoding=\"async\" class=\"size-medium wp-image-7436\" src=\"https:\/\/bogonglaser.com\/wp-content\/uploads\/2024\/10\/3df20-marking-machine-factory-pictures-300x225.png\" alt=\"Immagini di fabbrica della macchina di marcatura 3df20\" width=\"300\" height=\"225\" title=\"\" srcset=\"https:\/\/bogonglaser.com\/wp-content\/uploads\/2024\/10\/3df20-marking-machine-factory-pictures-300x225.png 300w, https:\/\/bogonglaser.com\/wp-content\/uploads\/2024\/10\/3df20-marking-machine-factory-pictures-600x450.png 600w, https:\/\/bogonglaser.com\/wp-content\/uploads\/2024\/10\/3df20-marking-machine-factory-pictures-768x576.png 768w, https:\/\/bogonglaser.com\/wp-content\/uploads\/2024\/10\/3df20-marking-machine-factory-pictures-16x12.png 16w, https:\/\/bogonglaser.com\/wp-content\/uploads\/2024\/10\/3df20-marking-machine-factory-pictures.png 800w\" sizes=\"(max-width: 300px) 100vw, 300px\" \/><figcaption id=\"caption-attachment-7436\" class=\"wp-caption-text\">Immagini di fabbrica della macchina di marcatura 3df20<\/figcaption><\/figure>\n<p>La maggior parte dei clienti come scegliere il trasporto da UPS\/DHL espresso, pu\u00f2 arrivare a destinazione circa 5-7 giorni, contattare con BOGONG per ottenere pi\u00f9 dettagli sull'incisore laser in fibra di metallo per rame d'argento d'oro.<\/p>","protected":false},"excerpt":{"rendered":"<h2>Macchina di marcatura laser a fibra 3D con grande area di incisione<\/h2>\n<p>La macchina per la marcatura laser in fibra 3D fa per lo pi\u00f9 rilievi 3D sul metallo, se volete incidere una grande area come 300*300mm 600*600mm allora scegliete la macchina per l'incisione laser 3D BOGONG F20.<\/p>\n<ul class=\"tips\">\n<li>100 Set\/mese in attesa di vendita In magazzino<\/li>\n<li>2 anni di garanzia limitata per l'intera macchina<\/li>\n<li>5 giorni di preparazione della macchina laser, 3-7 giorni di trasporto.<\/li>\n<li>Online (PayPal) e offline (T\/T, carte di debito e di credito)<\/li>\n<\/ul>","protected":false},"featured_media":1732,"template":"","meta":{"_gspb_post_css":""},"product_brand":[],"product_cat":[97,93,96],"product_tag":[102],"class_list":{"0":"post-1653","1":"product","2":"type-product","3":"status-publish","4":"has-post-thumbnail","6":"product_cat-fiber-laser-marker","7":"product_cat-laser-engraving-machine","8":"product_cat-laser-marking-machine","9":"product_tag-laser-marking-machine","11":"first","12":"instock","13":"shipping-taxable","14":"product-type-simple"},"_links":{"self":[{"href":"https:\/\/bogonglaser.com\/it\/wp-json\/wp\/v2\/product\/1653","targetHints":{"allow":["GET"]}}],"collection":[{"href":"https:\/\/bogonglaser.com\/it\/wp-json\/wp\/v2\/product"}],"about":[{"href":"https:\/\/bogonglaser.com\/it\/wp-json\/wp\/v2\/types\/product"}],"wp:featuredmedia":[{"embeddable":true,"href":"https:\/\/bogonglaser.com\/it\/wp-json\/wp\/v2\/media\/1732"}],"wp:attachment":[{"href":"https:\/\/bogonglaser.com\/it\/wp-json\/wp\/v2\/media?parent=1653"}],"wp:term":[{"taxonomy":"product_brand","embeddable":true,"href":"https:\/\/bogonglaser.com\/it\/wp-json\/wp\/v2\/product_brand?post=1653"},{"taxonomy":"product_cat","embeddable":true,"href":"https:\/\/bogonglaser.com\/it\/wp-json\/wp\/v2\/product_cat?post=1653"},{"taxonomy":"product_tag","embeddable":true,"href":"https:\/\/bogonglaser.com\/it\/wp-json\/wp\/v2\/product_tag?post=1653"}],"curies":[{"name":"wp","href":"https:\/\/api.w.org\/{rel}","templated":true}]}}