{"id":1640,"date":"2024-10-28T16:03:42","date_gmt":"2024-10-28T08:03:42","guid":{"rendered":"https:\/\/bogonglaser.com\/?post_type=product&#038;p=1640"},"modified":"2025-12-10T17:25:15","modified_gmt":"2025-12-10T09:25:15","slug":"fiber-laser-engraving-cutting-machine-for-metal-jewelry","status":"publish","type":"product","link":"https:\/\/bogonglaser.com\/it\/fiber-laser-engraving-cutting-machine-for-metal-jewelry\/","title":{"rendered":"Tagliatrice dell'incisione laser della fibra per i gioielli del metallo"},"content":{"rendered":"<h2>Che cos'\u00e8 una macchina per l'incisione laser dei metalli per gioielli in argento, oro e rame?<\/h2>\n<p>La macchina per l'incisione e il taglio di gioielli in metallo \u00e8 un sistema laser CNC che utilizza una sorgente laser in fibra per incidere e tagliare vari tipi di gioielli, tra cui anelli, ciondoli, orecchini, bracciali, collane, gemelli, spille e altri ornamenti personali. Pu\u00f2 lavorare su molti materiali come acciaio inossidabile, acciaio legato, argento, rame, ottone, titanio, alluminio anodizzato, alluminio, cromo, wafer di silicio e oro.<\/p>\n<p>Le migliori macchine per incisione laser con potenza laser di 50-100W, che consentono di incidere in profondit\u00e0 e tagliare con precisione segni, motivi, loghi, lettere, numeri e immagini su superfici metalliche. Questo versatile incisore laser per metalli \u00e8 ideale per creare gioielli personalizzati, artigianato in metallo, arte in metallo, componenti in metallo, regali in metallo, parti elettroniche, hardware, strumenti, incisioni su cibi e bevande, design di tastiere, custodie per cellulari e imballaggi.<\/p>\n<figure id=\"attachment_7459\" aria-describedby=\"caption-attachment-7459\" style=\"width: 300px\" class=\"wp-caption alignnone\"><img decoding=\"async\" class=\"size-medium wp-image-7459\" src=\"https:\/\/bogonglaser.com\/wp-content\/uploads\/2024\/10\/mini-laser-machine-1-1-300x169.jpg\" alt=\"mini macchina laser \" width=\"300\" height=\"169\" title=\"\" srcset=\"https:\/\/bogonglaser.com\/wp-content\/uploads\/2024\/10\/mini-laser-machine-1-1-300x169.jpg 300w, https:\/\/bogonglaser.com\/wp-content\/uploads\/2024\/10\/mini-laser-machine-1-1-600x338.jpg 600w, https:\/\/bogonglaser.com\/wp-content\/uploads\/2024\/10\/mini-laser-machine-1-1-768x432.jpg 768w, https:\/\/bogonglaser.com\/wp-content\/uploads\/2024\/10\/mini-laser-machine-1-1-18x10.jpg 18w, https:\/\/bogonglaser.com\/wp-content\/uploads\/2024\/10\/mini-laser-machine-1-1.jpg 800w\" sizes=\"(max-width: 300px) 100vw, 300px\" \/><figcaption id=\"caption-attachment-7459\" class=\"wp-caption-text\">mini macchina laser<\/figcaption><\/figure>\n<p>Caratteristiche della taglierina laser in fibra per metalli per gioielli in argento, oro e rame<\/p>\n<p>1. Raggio laser di alta qualit\u00e0: grazie alla conversione fotoelettrica superiore, questo incisore offre una qualit\u00e0 e una precisione di incisione eccezionali.<\/p>\n<p>2. Bassa manutenzione: Progettata per essere comoda e sicura, la durata della sorgente laser pu\u00f2 raggiungere le 100.000 ore.<\/p>\n<p>3. Marcature durevoli: Crea marcature permanenti e di alta qualit\u00e0, affidabili e durature.<\/p>\n<p>4. Precisione costante: In grado di garantire un'elevata ripetibilit\u00e0 e velocit\u00e0 di incisione per una produzione efficiente.<\/p>\n<p>5. Facile da usare: questa macchina per l'incisione laser dei metalli \u00e8 facile da usare, anche per chi non ha esperienza.<\/p>\n<p>6. Marcatura senza contatto: Il processo di incisione senza contatto evita lo stress del materiale, garantendo l'integrit\u00e0 dei vostri articoli.<\/p>\n<p>7. Software versatile: La macchina include un software di incisione multifunzionale compatibile con la piattaforma WINDOWS e dotato di interfaccia in inglese. Funziona perfettamente con diverse applicazioni, tra cui CorelDRAW, AutoCAD e Photoshop, e supporta formati di file come PCX, DXF, PLT, BMP, SHX e TTF.<\/p>\n<p><iframe title=\"Macchina di taglio dell&#039;incisione laser della fibra per il metallo | BOGONG LASER MARKING MACHINE in vendita\" width=\"1290\" height=\"726\" src=\"https:\/\/www.youtube.com\/embed\/2a9qdSpo948?feature=oembed\" frameborder=\"0\" allow=\"accelerometer; autoplay; clipboard-write; encrypted-media; gyroscope; picture-in-picture; web-share\" referrerpolicy=\"strict-origin-when-cross-origin\" allowfullscreen><\/iframe><\/p>\n<h3>Applicazioni della taglierina laser a fibra per metalli per gioielli in argento, oro e rame<\/h3>\n<p>Industrie applicabili:<\/p>\n<p>La macchina per l'incisione dei metalli a laser in fibra pu\u00f2 realizzare arti in metallo, artigianato in metallo, regali in metallo, carte di credito in metallo, parti in metallo, componenti elettronici, strumenti e misuratori, hardware, alimenti e bevande, gioielli, tastiere, imballaggi e custodie per telefoni cellulari.<\/p>\n<p>Materiali applicabili:<\/p>\n<p>Questo incisore laser in fibra per metalli \u00e8 progettato principalmente per l'uso con materiali in metallo e leghe, come alluminio, acciaio, rame, argento, oro, cromo, acciaio inossidabile, alluminio anodizzato e wafer di silicio.<\/p>\n<p><iframe title=\"Che cos&#039;\u00e8 il laser e i suoi principi? | Sorgente laser JPT MOPA\" width=\"1290\" height=\"726\" src=\"https:\/\/www.youtube.com\/embed\/_gj7K4OJcks?feature=oembed\" frameborder=\"0\" allow=\"accelerometer; autoplay; clipboard-write; encrypted-media; gyroscope; picture-in-picture; web-share\" referrerpolicy=\"strict-origin-when-cross-origin\" allowfullscreen><\/iframe><\/p>\n<p>Che cos'\u00e8 la sorgente laser in fibra?<\/p>\n<p>La sorgente laser in fibra \u00e8 la parte pi\u00f9 importante del dispositivo laser, \u00e8 il componente da cui esce il laser. Una sorgente laser in fibra \u00e8 un tipo di laser che utilizza un cavo in fibra ottica come mezzo di guadagno. In questa tecnologia, la fibra \u00e8 drogata con elementi di terre rare, come itterbio, erbio o neodimio, che migliorano la capacit\u00e0 della fibra di generare luce laser.<\/p>\n<p>Come si installa e si utilizza l'incisore laser in fibra?<br \/>\nforniamo video di formazione dettagliati e un manuale d'uso insieme alla macchina. Circa 95% dei nostri clienti sono in grado di imparare a utilizzarla autonomamente.<\/p>\n<p>Cosa devo fare se il<a href=\"https:\/\/bogonglaser.com\/it\/laser-engraving-machine\/\"> Macchina per l'incisione laser in fibra<\/a> Malfunzionamenti?<br \/>\nIn caso di problemi, vi preghiamo di contattarci immediatamente e di evitare di tentare di ripararli da soli. Risponderemo per aiutarvi a risolvere il problema nel pi\u00f9 breve tempo possibile.<\/p>\n<p><iframe title=\"ORO ARGENTO GIOIELLERIA LASER INCISIONE TAGLIO MACCHINA Prezzo | Laser Nome nacklace fare sistema\" width=\"1290\" height=\"726\" src=\"https:\/\/www.youtube.com\/embed\/8Y2bktvX_A8?feature=oembed\" frameborder=\"0\" allow=\"accelerometer; autoplay; clipboard-write; encrypted-media; gyroscope; picture-in-picture; web-share\" referrerpolicy=\"strict-origin-when-cross-origin\" allowfullscreen><\/iframe><\/p>\n<h3>Come scegliere la giusta macchina da taglio per l'incisione laser dei gioielli<\/h3>\n<p>Quando si sceglie una macchina per l'incisione dell'oro, dell'argento, dell'ottone o di altri metalli, \u00e8 importante considerare la potenza del laser di cui si ha bisogno, la sorgente e la testa del laser, nonch\u00e9 il materiale con cui si lavorer\u00e0 e le dimensioni del segno.<\/p>\n<p>Analizziamo i singoli fattori e capiamone l'importanza.<\/p>\n<p><strong>Potenza<\/strong><br \/>\nMaggiore potenza significa che la sorgente laser ha un'energia pi\u00f9 intensa, che pu\u00f2 portare al taglio e alle incisioni profonde. Ci sono 50W 60W 80W 100W 200W 300W, per il business dei gioielli, 50W sar\u00e0 la potenza minima se il budget \u00e8 limitato, se si desidera una macchina potente, scegliere 60W o 100W laser. si pu\u00f2 vedere che cosa si pu\u00f2 fare con una macchina laser 50W dal link video qui sotto, 60W 100W pu\u00f2 fare tutti i lavori laser che 50W fare, si pu\u00f2 pensare 60W 100W pi\u00f9 forte raggio laser.<\/p>\n<p><strong>Tempo di taglio<\/strong><br \/>\nIl taglio e l'incisione profonda richiedono pi\u00f9 tempo. Il laser deve indirizzare l'energia verso il bersaglio pi\u00f9 a lungo per vaporizzare in profondit\u00e0 il materiale. \u00c8 come segare un pezzo di legno: pi\u00f9 a lungo si taglia, pi\u00f9 si pu\u00f2 andare in profondit\u00e0.<\/p>\n<p><iframe title=\"Cosa pu\u00f2 fare una taglierina laser da 50W? | La migliore macchina per la marcatura laser in fibra Raycus da 50 watt in vendita\" width=\"1290\" height=\"968\" src=\"https:\/\/www.youtube.com\/embed\/1DLnYH3dJXQ?feature=oembed\" frameborder=\"0\" allow=\"accelerometer; autoplay; clipboard-write; encrypted-media; gyroscope; picture-in-picture; web-share\" referrerpolicy=\"strict-origin-when-cross-origin\" allowfullscreen><\/iframe><\/p>\n<p><iframe title=\"60W MOPA incisione laser macchina da taglio per nome ciondolo collana | 1.5mm metallo oro argento ottone\" width=\"1290\" height=\"726\" src=\"https:\/\/www.youtube.com\/embed\/WlkmcSoll90?feature=oembed\" frameborder=\"0\" allow=\"accelerometer; autoplay; clipboard-write; encrypted-media; gyroscope; picture-in-picture; web-share\" referrerpolicy=\"strict-origin-when-cross-origin\" allowfullscreen><\/iframe><\/p>\n<h2>Cosa possiamo fare per voi?<\/h2>\n<ul>\n<li><span class=\"magic-19\"><b class=\"magic-19\"><span class=\"magic-18\">Campioni di prova gratuiti -<\/span><\/b><span class=\"magic-20\" data-spm-anchor-id=\"a2700.details.0.i41.41d82402R4aegi\">Possiamo effettuare test gratuiti sull'effetto della marcatura in base al materiale del prodotto.<\/span><\/span><\/li>\n<li><span class=\"magic-19\"><b class=\"magic-19\"><span class=\"magic-18\">Video in diretta<\/span><\/b><span class=\"magic-20\">\u00c8 possibile collegarsi con i nostri consulenti di vendita per vedere il processo di produzione e il funzionamento della macchina in video online.<\/span><\/span><\/li>\n<li><span class=\"magic-19\"><b class=\"magic-19\"><span class=\"magic-18\">Personalizzato \/OEM-<\/span><\/b><span class=\"magic-20\" data-spm-anchor-id=\"a2700.details.0.i40.41d82402R4aegi\">Macchine personalizzate su richiesta\uff0ccontattateci<\/span><\/span><\/li>\n<\/ul>\n<p>&nbsp;<\/p>\n<h3>Quali parti ho bisogno di scegliere per gioielli incisione laser macchina da taglio<\/h3>\n<ul>\n<li>Dispositivo rotante: ci sono diversi dispositivi rotanti con stile diverso e diametro della pinza, come 50D 65D 80D.<\/li>\n<li>Supporto d'argento oro: che per il morsetto il vostro oro argento lamiera per il taglio, perch\u00e9 ci hanno molto calore quando il lavoro di taglio, shee metallo facile deformazione.<\/li>\n<li>\n<p><figure id=\"attachment_7430\" aria-describedby=\"caption-attachment-7430\" style=\"width: 300px\" class=\"wp-caption alignnone\"><img decoding=\"async\" class=\"size-medium wp-image-7430\" src=\"https:\/\/bogonglaser.com\/wp-content\/uploads\/2024\/10\/gold-silver-holder-and-rotary-1-300x225.png\" alt=\"supporto in oro e argento e rotante\" width=\"300\" height=\"225\" title=\"\" srcset=\"https:\/\/bogonglaser.com\/wp-content\/uploads\/2024\/10\/gold-silver-holder-and-rotary-1-300x225.png 300w, https:\/\/bogonglaser.com\/wp-content\/uploads\/2024\/10\/gold-silver-holder-and-rotary-1-16x12.png 16w, https:\/\/bogonglaser.com\/wp-content\/uploads\/2024\/10\/gold-silver-holder-and-rotary-1.png 400w\" sizes=\"(max-width: 300px) 100vw, 300px\" \/><figcaption id=\"caption-attachment-7430\" class=\"wp-caption-text\">supporto in oro e argento e rotante<\/figcaption><\/figure><\/li>\n<\/ul>\n<p>Termini di pagamento per la taglierina dell'incisore del metallo del laser della fibra<\/p>\n<p>1. Deposito e saldo: \u00c8 richiesto un deposito 30% T\/T in anticipo, con il saldo dovuto prima della spedizione.<\/p>\n<p>2. Alibaba Trade Assurance: I pagamenti possono essere elaborati tramite Alibaba Trade Assurance.<\/p>\n<p>FAQ per la taglierina laser a fibra per incisioni metalliche<\/p>\n<p>Qual \u00e8 l'imballaggio della macchina per la marcatura laser in fibra?<br \/>\nLe nostre macchine sono imballate in un sistema a tre strati. Lo strato esterno \u00e8 costituito da una cassa di legno, lo strato intermedio da un'imbottitura in schiuma per proteggere dagli urti e lo strato interno da una spessa busta di plastica per garantire l'impermeabilit\u00e0.<\/p>\n<p>Il pacco subir\u00e0 danni durante il trasporto?<br \/>\nProgettiamo meticolosamente i nostri imballaggi per far fronte a tutti i potenziali fattori di danneggiamento e i nostri spedizionieri sono esperti nel trasporto sicuro. Abbiamo esportato con successo in 180 paesi, quindi potete essere certi che il vostro pacco arriver\u00e0 in condizioni eccellenti.<\/p>\n<figure id=\"attachment_7458\" aria-describedby=\"caption-attachment-7458\" style=\"width: 300px\" class=\"wp-caption alignnone\"><img decoding=\"async\" class=\"size-medium wp-image-7458\" src=\"https:\/\/bogonglaser.com\/wp-content\/uploads\/2024\/10\/bogong-new-design-1-300x225.png\" alt=\"bogong nuovo design\" width=\"300\" height=\"225\" title=\"\" srcset=\"https:\/\/bogonglaser.com\/wp-content\/uploads\/2024\/10\/bogong-new-design-1-300x225.png 300w, https:\/\/bogonglaser.com\/wp-content\/uploads\/2024\/10\/bogong-new-design-1-600x450.png 600w, https:\/\/bogonglaser.com\/wp-content\/uploads\/2024\/10\/bogong-new-design-1-768x576.png 768w, https:\/\/bogonglaser.com\/wp-content\/uploads\/2024\/10\/bogong-new-design-1-16x12.png 16w, https:\/\/bogonglaser.com\/wp-content\/uploads\/2024\/10\/bogong-new-design-1.png 800w\" sizes=\"(max-width: 300px) 100vw, 300px\" \/><figcaption id=\"caption-attachment-7458\" class=\"wp-caption-text\">bogong nuovo design<\/figcaption><\/figure>\n<figure id=\"attachment_7457\" aria-describedby=\"caption-attachment-7457\" style=\"width: 300px\" class=\"wp-caption alignnone\"><img decoding=\"async\" class=\"size-medium wp-image-7457\" src=\"https:\/\/bogonglaser.com\/wp-content\/uploads\/2024\/10\/mini-laser-machine-2-1-300x300.jpg\" alt=\"mini macchina laser \" width=\"300\" height=\"300\" title=\"\" srcset=\"https:\/\/bogonglaser.com\/wp-content\/uploads\/2024\/10\/mini-laser-machine-2-1-300x300.jpg 300w, https:\/\/bogonglaser.com\/wp-content\/uploads\/2024\/10\/mini-laser-machine-2-1-100x100.jpg 100w, https:\/\/bogonglaser.com\/wp-content\/uploads\/2024\/10\/mini-laser-machine-2-1-600x600.jpg 600w, https:\/\/bogonglaser.com\/wp-content\/uploads\/2024\/10\/mini-laser-machine-2-1-150x150.jpg 150w, https:\/\/bogonglaser.com\/wp-content\/uploads\/2024\/10\/mini-laser-machine-2-1-768x768.jpg 768w, https:\/\/bogonglaser.com\/wp-content\/uploads\/2024\/10\/mini-laser-machine-2-1-12x12.jpg 12w, https:\/\/bogonglaser.com\/wp-content\/uploads\/2024\/10\/mini-laser-machine-2-1.jpg 1000w\" sizes=\"(max-width: 300px) 100vw, 300px\" \/><figcaption id=\"caption-attachment-7457\" class=\"wp-caption-text\">mini macchina laser<\/figcaption><\/figure>\n<p><iframe title=\"Ha acquistato la taglierina laser BOGONG per gioielli, cosa ha fatto\uff1f COME FUNZIONA LA MACCHINA LASER?\" width=\"1290\" height=\"726\" src=\"https:\/\/www.youtube.com\/embed\/OYi7giXXm38?feature=oembed\" frameborder=\"0\" allow=\"accelerometer; autoplay; clipboard-write; encrypted-media; gyroscope; picture-in-picture; web-share\" referrerpolicy=\"strict-origin-when-cross-origin\" allowfullscreen><\/iframe><\/p>\n<p><iframe title=\"Grenada Feedback dell&#039;utente BOGONG Laser Engraving Cutting Machine | Migliori gioielli oro argento Laser\" width=\"1290\" height=\"726\" src=\"https:\/\/www.youtube.com\/embed\/Y25Z0xbP7ZQ?feature=oembed\" frameborder=\"0\" allow=\"accelerometer; autoplay; clipboard-write; encrypted-media; gyroscope; picture-in-picture; web-share\" referrerpolicy=\"strict-origin-when-cross-origin\" allowfullscreen><\/iframe><\/p>\n<p>You can find more customer feedback from BOGONG youtube channel<\/p>\n<figure id=\"attachment_7426\" aria-describedby=\"caption-attachment-7426\" style=\"width: 300px\" class=\"wp-caption alignnone\"><img decoding=\"async\" class=\"size-full wp-image-7426\" src=\"https:\/\/bogonglaser.com\/wp-content\/uploads\/2024\/10\/mini-laser-machine-2.jpg\" alt=\"mini macchina laser\" width=\"300\" height=\"225\" title=\"\" srcset=\"https:\/\/bogonglaser.com\/wp-content\/uploads\/2024\/10\/mini-laser-machine-2.jpg 300w, https:\/\/bogonglaser.com\/wp-content\/uploads\/2024\/10\/mini-laser-machine-2-16x12.jpg 16w\" sizes=\"(max-width: 300px) 100vw, 300px\" \/><figcaption id=\"caption-attachment-7426\" class=\"wp-caption-text\">mini macchina laser<\/figcaption><\/figure>\n<figure id=\"attachment_7428\" aria-describedby=\"caption-attachment-7428\" style=\"width: 205px\" class=\"wp-caption alignnone\"><img decoding=\"async\" class=\"size-full wp-image-7428\" src=\"https:\/\/bogonglaser.com\/wp-content\/uploads\/2024\/10\/3d-laser-marker-2-1.jpg\" alt=\"Marcatore laser 3d\" width=\"205\" height=\"300\" title=\"\" srcset=\"https:\/\/bogonglaser.com\/wp-content\/uploads\/2024\/10\/3d-laser-marker-2-1.jpg 205w, https:\/\/bogonglaser.com\/wp-content\/uploads\/2024\/10\/3d-laser-marker-2-1-8x12.jpg 8w\" sizes=\"(max-width: 205px) 100vw, 205px\" \/><figcaption id=\"caption-attachment-7428\" class=\"wp-caption-text\">Marcatore laser 3d<\/figcaption><\/figure>\n<p>La maggior parte dei clienti come scegliere il trasporto da UPS\/DHL espresso, pu\u00f2 arrivare a destinazione circa 5-7 giorni, contattare con BOGONG per ottenere pi\u00f9 dettagli sull'incisore laser in fibra di metallo per rame d'argento d'oro.<\/p>","protected":false},"excerpt":{"rendered":"<h2>Fiber Laser Metal Engraver For Silver, Gold, Brass, Copper<\/h2>\n<p>The 50W &#8211; 100W fiber laser metal engraver cutting machine is designed for creating personalized jewelry, including rings, earrings, bracelets, pendants, necklaces, brooches, cufflinks, etc. It works with a variety of materials, such as stainless steel, titanium, aluminum, copper, brass, alloys, silver, and gold, allowing you to engrave names, logos, signs, letters, numbers, patterns, and photos. This top-quality metal laser cutter and engraving machine is now available for sale at an affordable price, making it a great option for your budget.<\/p>\n<ul class=\"tips\">\n<li>350 Sets \/ Month Waiting for Sale In Stock<\/li>\n<li>2 Years Limited Warranty for Entire Machine<\/li>\n<li>3-5 days prepare laser machine, 3-7days transport.<\/li>\n<li>Online (PayPal) &amp; Offline (T\/T, Debit &amp; Credit Cards)<\/li>\n<\/ul>\n<hr \/>\n<h4><strong>Get a Quote<\/strong><\/h4>\n<p>[contact-form-7 id=&#8221;029fbc1&#8243; title=&#8221;Products Form&#8221;]<\/p>\n","protected":false},"featured_media":1641,"template":"","meta":{"_gspb_post_css":""},"product_brand":[],"product_cat":[97,93,96],"product_tag":[102],"class_list":{"0":"post-1640","1":"product","2":"type-product","3":"status-publish","4":"has-post-thumbnail","6":"product_cat-fiber-laser-marker","7":"product_cat-laser-engraving-machine","8":"product_cat-laser-marking-machine","9":"product_tag-laser-marking-machine","11":"first","12":"instock","13":"shipping-taxable","14":"product-type-simple"},"_links":{"self":[{"href":"https:\/\/bogonglaser.com\/it\/wp-json\/wp\/v2\/product\/1640","targetHints":{"allow":["GET"]}}],"collection":[{"href":"https:\/\/bogonglaser.com\/it\/wp-json\/wp\/v2\/product"}],"about":[{"href":"https:\/\/bogonglaser.com\/it\/wp-json\/wp\/v2\/types\/product"}],"wp:featuredmedia":[{"embeddable":true,"href":"https:\/\/bogonglaser.com\/it\/wp-json\/wp\/v2\/media\/1641"}],"wp:attachment":[{"href":"https:\/\/bogonglaser.com\/it\/wp-json\/wp\/v2\/media?parent=1640"}],"wp:term":[{"taxonomy":"product_brand","embeddable":true,"href":"https:\/\/bogonglaser.com\/it\/wp-json\/wp\/v2\/product_brand?post=1640"},{"taxonomy":"product_cat","embeddable":true,"href":"https:\/\/bogonglaser.com\/it\/wp-json\/wp\/v2\/product_cat?post=1640"},{"taxonomy":"product_tag","embeddable":true,"href":"https:\/\/bogonglaser.com\/it\/wp-json\/wp\/v2\/product_tag?post=1640"}],"curies":[{"name":"wp","href":"https:\/\/api.w.org\/{rel}","templated":true}]}}