{"id":1509,"date":"2024-10-16T14:18:38","date_gmt":"2024-10-16T06:18:38","guid":{"rendered":"https:\/\/bogonglaser.com\/?post_type=product&#038;p=1509"},"modified":"2025-12-10T17:20:22","modified_gmt":"2025-12-10T09:20:22","slug":"pulse-laser-cleaning-machine","status":"publish","type":"product","link":"https:\/\/bogonglaser.com\/it\/pulse-laser-cleaning-machine\/","title":{"rendered":"Macchina per l'incisione profonda del metallo del laser a fibra in vendita"},"content":{"rendered":"<p>La macchina per l'incisione profonda a laser in fibra \u00e8 lo strumento ideale per l'incisione profonda su una variet\u00e0 di materiali, tra cui acciaio inossidabile, titanio, alluminio, ottone e altro ancora. <a href=\"https:\/\/bogonglaser.com\/it\/\">BOGONG<\/a> L'incisore laser in fibra di metallo da 50w 60w non solo eccelle nell'incisione, ma \u00e8 anche in grado di tagliare metalli sottili. \u00c8 ora possibile acquistare questa macchina avanzata per l'incisione laser dei metalli a un prezzo accessibile.<\/p>\n<figure id=\"attachment_7453\" aria-describedby=\"caption-attachment-7453\" style=\"width: 300px\" class=\"wp-caption alignnone\"><img decoding=\"async\" class=\"size-medium wp-image-7453\" src=\"https:\/\/bogonglaser.com\/wp-content\/uploads\/2024\/10\/deep-engraving-machine-2-300x225.jpg\" alt=\"macchina per incisione profonda\" width=\"300\" height=\"225\" title=\"\" srcset=\"https:\/\/bogonglaser.com\/wp-content\/uploads\/2024\/10\/deep-engraving-machine-2-300x225.jpg 300w, https:\/\/bogonglaser.com\/wp-content\/uploads\/2024\/10\/deep-engraving-machine-2-600x450.jpg 600w, https:\/\/bogonglaser.com\/wp-content\/uploads\/2024\/10\/deep-engraving-machine-2-768x576.jpg 768w, https:\/\/bogonglaser.com\/wp-content\/uploads\/2024\/10\/deep-engraving-machine-2-16x12.jpg 16w, https:\/\/bogonglaser.com\/wp-content\/uploads\/2024\/10\/deep-engraving-machine-2.jpg 800w\" sizes=\"(max-width: 300px) 100vw, 300px\" \/><figcaption id=\"caption-attachment-7453\" class=\"wp-caption-text\">macchina per incisione profonda<\/figcaption><\/figure>\n<p>Il termine \"incisione\" comprende due tipi principali: incisione superficiale e incisione profonda. Quando si parla di \"incisione laser\", di solito si intende l'incisione superficiale. Sebbene l'incisione profonda e l'incisione laser presentino delle analogie, non sono la stessa cosa.<\/p>\n<p>In varie applicazioni tecnologiche, vi sono alcuni requisiti di incisione profonda, come stampi, armi da fuoco, gioielli, parti di automobili, e metalli come acciaio, ceramica, oro, argento, rame e alluminio, nonch\u00e9 materiali pi\u00f9 recenti come il carburo di silicio e leghe di nichel-cromo, \u00e8 essenziale per spogliare profondamente lo strato esterno.<\/p>\n<p>I metodi tradizionali, come la corrosione elettrica o chimica, possono risultare macchinosi e faticare a soddisfare i requisiti di precisione. Il trattamento termico laser offre una precisione a livello di micron, una sorgente laser di alta qualit\u00e0, combinata con una testa galvanica laser e un software, per realizzare il vostro sogno di personalizzazione.<\/p>\n<figure id=\"attachment_7454\" aria-describedby=\"caption-attachment-7454\" style=\"width: 300px\" class=\"wp-caption alignnone\"><img decoding=\"async\" class=\"size-medium wp-image-7454\" src=\"https:\/\/bogonglaser.com\/wp-content\/uploads\/2024\/10\/deep-engraving-machine-1-300x225.jpg\" alt=\"macchina per incisione profonda\" width=\"300\" height=\"225\" title=\"\" srcset=\"https:\/\/bogonglaser.com\/wp-content\/uploads\/2024\/10\/deep-engraving-machine-1-300x225.jpg 300w, https:\/\/bogonglaser.com\/wp-content\/uploads\/2024\/10\/deep-engraving-machine-1-600x450.jpg 600w, https:\/\/bogonglaser.com\/wp-content\/uploads\/2024\/10\/deep-engraving-machine-1-768x576.jpg 768w, https:\/\/bogonglaser.com\/wp-content\/uploads\/2024\/10\/deep-engraving-machine-1-16x12.jpg 16w, https:\/\/bogonglaser.com\/wp-content\/uploads\/2024\/10\/deep-engraving-machine-1.jpg 800w\" sizes=\"(max-width: 300px) 100vw, 300px\" \/><figcaption id=\"caption-attachment-7454\" class=\"wp-caption-text\">macchina per incisione profonda<\/figcaption><\/figure>\n<p>L'incisione laser profonda \u00e8 un processo di marcatura che utilizza un laser a fibra e una tecnologia avanzata. Ci\u00f2 migliora la potenza e la qualit\u00e0 del laser, consentendogli di trasformare rapidamente il metallo in gas, riducendo i danni da calore alle aree vicine. Con un'elevata frequenza di ripetizione, i contorni delle lettere e dei disegni diventano pi\u00f9 netti e puliti, con una minore rugosit\u00e0 e una bella texture di fondo. Questo metodo \u00e8 in grado di completare in un solo passaggio ci\u00f2 che di solito richiederebbe molti passaggi nei processi di corrosione tradizionali. Inoltre, non richiede l'uso di altri materiali o prodotti chimici, il che lo rende economicamente vantaggioso.<\/p>\n<p>La profondit\u00e0 e la velocit\u00e0 dell'incisione dipendono da diversi fattori:<\/p>\n<ul>\n<li><strong>Tipo di metallo:<\/strong> I diversi metalli si comportano in modo diverso durante l'incisione. Ad esempio, l'alluminio ha il punto di fusione pi\u00f9 basso e quindi incide pi\u00f9 velocemente.<\/li>\n<li><strong>Larghezza d'impulso:<\/strong> Un impulso pi\u00f9 ampio comporta un'incisione pi\u00f9 veloce ma un'ombreggiatura pi\u00f9 grossolana. Un impulso pi\u00f9 piccolo lavora pi\u00f9 lentamente, ma offre un'ombreggiatura pi\u00f9 fine. La scelta della giusta larghezza di impulso \u00e8 importante per bilanciare velocit\u00e0 e qualit\u00e0.<\/li>\n<li><strong>Sorgente laser:<\/strong> Il tipo di laser utilizzato influisce sulla capacit\u00e0 di assorbimento della luce, quindi \u00e8 importante considerare la marca e il budget a disposizione.<\/li>\n<li><strong>Potenza laser:<\/strong> Una maggiore potenza laser significa generalmente un'incisione pi\u00f9 profonda se le altre condizioni rimangono invariate.<\/li>\n<li><strong>Tempo di incisione:<\/strong> Il processo di incisione richiede pi\u00f9 passaggi. Pi\u00f9 tempo si dedica all'incisione, pi\u00f9 profondo sar\u00e0 il risultato.<\/li>\n<li><strong>Condizioni della superficie:<\/strong> La struttura della superficie metallica \u00e8 importante. Le superfici lisce, lucide o trattate (come quelle anodizzate o rivestite) reagiscono in modo diverso al laser, influenzando i risultati finali.<\/li>\n<li><strong>Campo di scansione:<\/strong> L'ottica del laser determina il campo di scansione. Un intervallo maggiore pu\u00f2 rendere l'incisione pi\u00f9 difficile e pi\u00f9 lenta.<\/li>\n<\/ul>\n<p>&nbsp;<\/p>\n<h3>Qual \u00e8 la profondit\u00e0 massima dell'incisione laser?<\/h3>\n<p>La profondit\u00e0 della macchina per l'incisione laser pu\u00f2 raggiungere 1 mm o pi\u00f9 se si dedica pi\u00f9 tempo, scegliere una macchina di potenza laser pi\u00f9 grande pu\u00f2 aiutare a risparmiare pi\u00f9 tempo.<\/p>\n<h4>Qual \u00e8 il miglior laser per l'incisione profonda del metallo?<\/h4>\n<p>Il laser a fibra \u00e8 in grado di eseguire incisioni profonde su metallo; se si desidera ottenere un risultato migliore in termini di ombreggiatura, la scelta di un laser a fibra sar\u00e0 una buona idea.<\/p>\n<p><iframe title=\"Ha detto che \u00e8 incredibile 60W MOPA incisore laser in fibra | lavoro di incisione profonda su metallo\" width=\"1290\" height=\"726\" src=\"https:\/\/www.youtube.com\/embed\/7wAJLwkef5M?feature=oembed\" frameborder=\"0\" allow=\"accelerometer; autoplay; clipboard-write; encrypted-media; gyroscope; picture-in-picture; web-share\" referrerpolicy=\"strict-origin-when-cross-origin\" allowfullscreen><\/iframe><\/p>\n<p><iframe title=\"Incredibile lavoro della macchina per l&#039;incisione laser BOGONG | Incisore laser in fibra\" width=\"1290\" height=\"726\" src=\"https:\/\/www.youtube.com\/embed\/Y15fta5gyZo?feature=oembed\" frameborder=\"0\" allow=\"accelerometer; autoplay; clipboard-write; encrypted-media; gyroscope; picture-in-picture; web-share\" referrerpolicy=\"strict-origin-when-cross-origin\" allowfullscreen><\/iframe><\/p>\n<h3>Come scegliere la giusta macchina per l'incisione laser profonda<\/h3>\n<p>Quando si sceglie una macchina per un progetto di incisione, \u00e8 importante considerare la profondit\u00e0 dell'incisione, il materiale con cui si lavorer\u00e0 e le dimensioni del segno. Ecco 5 fattori chiave da tenere in considerazione: velocit\u00e0, potenza, tempo di incisione e materiale.<\/p>\n<p>Analizziamo ogni fattore e comprendiamone l'importanza.<\/p>\n<p><strong>Velocit\u00e0<\/strong><br \/>\nLa velocit\u00e0 viene spesso confusa con la frequenza, ma non sono la stessa cosa. La frequenza si riferisce al numero di volte in cui il raggio laser colpisce il bersaglio in un determinato periodo di tempo, mentre la velocit\u00e0 indica il tempo in cui il raggio rimane focalizzato sul bersaglio. In genere, se si desidera un'incisione pi\u00f9 profonda, \u00e8 necessaria una velocit\u00e0 inferiore. Tuttavia, \u00e8 bene ricordare che una velocit\u00e0 pi\u00f9 bassa non \u00e8 l'unico fattore che influisce sulla profondit\u00e0.<\/p>\n<p><strong>Potenza<\/strong><br \/>\nUna maggiore potenza significa che il laser genera un'energia pi\u00f9 intensa, che pu\u00f2 portare a incisioni pi\u00f9 profonde. Ma, come per la velocit\u00e0, questo risultato pu\u00f2 cambiare in base ad altri fattori in gioco.<\/p>\n<p><strong>Tempo di incisione<\/strong><br \/>\nL'incisione profonda richiede pi\u00f9 tempo. Il laser deve indirizzare l'energia verso il bersaglio pi\u00f9 a lungo per vaporizzare in profondit\u00e0 il materiale. \u00c8 come segare un pezzo di legno: pi\u00f9 a lungo si taglia, pi\u00f9 si pu\u00f2 andare in profondit\u00e0.<\/p>\n<p><strong>I materiali<\/strong><br \/>\nScegliete la macchina per l'incisione laser in base al materiale che state utilizzando. In generale, i laser a fibra funzionano meglio per i metalli, mentre i laser a CO2 sono ideali per il legno. L'utilizzo del tipo di laser sbagliato pu\u00f2 portare a risultati di incisione scadenti.<\/p>\n<h3>Avete bisogno di aiuto nella scelta di una macchina per l'incisione laser profonda?<\/h3>\n<p>L'incisione laser profonda \u00e8 una forma di incisione specializzata che richiede impostazioni diverse rispetto all'incisione standard. Tuttavia, non \u00e8 necessariamente necessaria una macchina diversa per questo scopo. In BOGONG LASER, le nostre macchine per la marcatura laser sono progettate per gestire sia l'incisione superficiale che quella profonda, grazie alle impostazioni avanzate e alla regolazione automatica del punto focale.<\/p>\n<p>Che abbiate bisogno di una macchina per la tracciabilit\u00e0, i loghi o il rinterro, il nostro team \u00e8 qui per ascoltare le vostre esigenze e sfide. Vi aiuteremo a scegliere una macchina laser che eccelle nel vostro progetto attuale e che \u00e8 costruita per durare nel tempo per i vostri progetti futuri.<\/p>\n<p>Contattate il nostro team oggi stesso per discutere della profondit\u00e0 di incisione desiderata, dei requisiti del progetto e dei materiali.<\/p>\n<h4>Caratteristiche del dispositivo BOGONG:<\/h4>\n<ul>\n<li><strong>Installazione semplice e veloce:<\/strong> Si collega facilmente al computer tramite USB.<\/li>\n<li><strong>Efficiente dal punto di vista dei costi:<\/strong> Godete di un elevato ritorno sull'investimento grazie al basso consumo di energia, inferiore a 500W, che \u00e8 un decimo di quello dei laser tradizionali a pompaggio di luce.<\/li>\n<li><strong>Non \u00e8 richiesta alcuna manutenzione:<\/strong> Non \u00e8 necessaria la manutenzione del laser.<\/li>\n<li><strong>Durata prolungata:<\/strong> Il <a href=\"https:\/\/bogonglaser.com\/it\/laser-engraving-machine\/\">macchina per l'incisione laser dei metalli<\/a> utilizza un diodo laser come sorgente di pompaggio, con una durata di vita fino a 100.000 ore.<\/li>\n<\/ul>\n<p>&nbsp;<\/p>\n<h3>Applicazioni delle macchine per l'incisione profonda con laser in fibra<\/h3>\n<p>Le macchine per l'incisione profonda con laser in fibra sono strumenti versatili utilizzati per la marcatura e l'incisione su un'ampia gamma di materiali. Sono particolarmente efficaci sui metalli, tra cui acciaio inossidabile, alluminio, leghe, ottone, argento, oro, titanio e ferro. Inoltre, queste macchine possono essere utilizzate anche su superfici non metalliche. Le applicazioni pi\u00f9 comuni includono:<\/p>\n<ul>\n<li>Pistole e armi da fuoco<\/li>\n<li>Anelli e gioielli<\/li>\n<li>Cuscinetti e ingranaggi<\/li>\n<li>Parti di ricambio per autoveicoli<\/li>\n<li>Hardware e strumenti<\/li>\n<li>Componenti aerospaziali<\/li>\n<li>Chip per circuiti integrati<\/li>\n<li>Accessori per computer<\/li>\n<li>Orologi<\/li>\n<li>Dispositivi elettronici e di comunicazione<\/li>\n<li>Elettrodomestici<\/li>\n<li>Fili e cavi<\/li>\n<li>Ornamenti come collane e braccialetti<\/li>\n<\/ul>\n<p>These machines are also capable of cutting thin metals such as stainless steel, aluminum, alloys, brass, silver, gold, and titanium.Contact with BOGONG team to get newest price.<\/p>","protected":false},"excerpt":{"rendered":"<h2>Macchina per l'incisione profonda del metallo del laser a fibra in vendita<\/h2>\n<p>La macchina per l'incisione profonda a laser in fibra \u00e8 uno strumento meraviglioso per l'incisione profonda su una variet\u00e0 di materiali, tra cui acciaio inossidabile, titanio, alluminio, ottone e altro ancora. L'incisore laser in fibra per metalli BOGONG da 50w 60w non solo eccelle nell'incisione, ma \u00e8 anche in grado di tagliare metalli sottili. Ora \u00e8 possibile acquistare questa macchina avanzata per l'incisione laser dei metalli a un prezzo accessibile.<\/p>\n<ul class=\"tips\">\n<li>180 Set \/ Mese in attesa di vendita In magazzino<\/li>\n<li>2 anni di garanzia limitata per l'intera macchina<\/li>\n<li>1-2 giorni di trattamento e 7-30 giorni di spedizione<\/li>\n<li>Garanzia di rimborso di 30 giorni per l'acquisto<\/li>\n<li>Online (PayPal) e offline (T\/T, carte di debito e di credito)<\/li>\n<\/ul>","protected":false},"featured_media":1625,"template":"","meta":{"_gspb_post_css":""},"product_brand":[],"product_cat":[97,93,96],"product_tag":[102],"class_list":{"0":"post-1509","1":"product","2":"type-product","3":"status-publish","4":"has-post-thumbnail","6":"product_cat-fiber-laser-marker","7":"product_cat-laser-engraving-machine","8":"product_cat-laser-marking-machine","9":"product_tag-laser-marking-machine","11":"first","12":"instock","13":"shipping-taxable","14":"product-type-simple"},"_links":{"self":[{"href":"https:\/\/bogonglaser.com\/it\/wp-json\/wp\/v2\/product\/1509","targetHints":{"allow":["GET"]}}],"collection":[{"href":"https:\/\/bogonglaser.com\/it\/wp-json\/wp\/v2\/product"}],"about":[{"href":"https:\/\/bogonglaser.com\/it\/wp-json\/wp\/v2\/types\/product"}],"wp:featuredmedia":[{"embeddable":true,"href":"https:\/\/bogonglaser.com\/it\/wp-json\/wp\/v2\/media\/1625"}],"wp:attachment":[{"href":"https:\/\/bogonglaser.com\/it\/wp-json\/wp\/v2\/media?parent=1509"}],"wp:term":[{"taxonomy":"product_brand","embeddable":true,"href":"https:\/\/bogonglaser.com\/it\/wp-json\/wp\/v2\/product_brand?post=1509"},{"taxonomy":"product_cat","embeddable":true,"href":"https:\/\/bogonglaser.com\/it\/wp-json\/wp\/v2\/product_cat?post=1509"},{"taxonomy":"product_tag","embeddable":true,"href":"https:\/\/bogonglaser.com\/it\/wp-json\/wp\/v2\/product_tag?post=1509"}],"curies":[{"name":"wp","href":"https:\/\/api.w.org\/{rel}","templated":true}]}}