{"id":5192,"date":"2025-07-21T16:49:17","date_gmt":"2025-07-21T08:49:17","guid":{"rendered":"https:\/\/bogonglaser.com\/?post_type=product&#038;p=5192"},"modified":"2025-12-10T16:25:09","modified_gmt":"2025-12-10T08:25:09","slug":"best-metal-cutting-laser-machine","status":"publish","type":"product","link":"https:\/\/bogonglaser.com\/fr\/best-metal-cutting-laser-machine\/","title":{"rendered":"Meilleure machine de d\u00e9coupe laser des m\u00e9taux"},"content":{"rendered":"<p>Une machine laser de d\u00e9coupe des m\u00e9taux est un outil automatis\u00e9 qui utilise un faisceau laser et un syst\u00e8me de contr\u00f4le num\u00e9rique pour d\u00e9couper divers mat\u00e9riaux tels que les m\u00e9taux (acier, cuivre, laiton, aluminium, titane, or, argent, alliages, fer). Les pi\u00e8ces principales comprennent la base et le ch\u00e2ssis de la machine, le contr\u00f4leur CNC, le g\u00e9n\u00e9rateur laser, l'alimentation \u00e9lectrique, le tube laser, la t\u00eate de coupe, la lentille, les miroirs, le refroidisseur d'eau, les servomoteurs, la bouteille de gaz, le compresseur d'air, le r\u00e9servoir de stockage de gaz, le filtre \u00e0 air, le d\u00e9poussi\u00e9reur, le s\u00e9choir et le logiciel.<\/p>\n<p>Un syst\u00e8me de d\u00e9coupe laser est un ensemble complet de pi\u00e8ces int\u00e9gr\u00e9es con\u00e7ues pour r\u00e9aliser des d\u00e9coupes pr\u00e9cises pour la fabrication industrielle, l'enseignement, les petites entreprises et l'usage domestique. Il offre plus de souplesse que les d\u00e9coupeurs manuels ou m\u00e9caniques. Il peut d\u00e9couper de nombreux mat\u00e9riaux de diff\u00e9rentes \u00e9paisseurs et les formes que vous pouvez cr\u00e9er sont pratiquement illimit\u00e9es. La programmation est rapide et facile, ce qui permet d'effectuer des ajustements \u00e0 n'importe quel stade de la production avec un minimum de temps et de co\u00fbts suppl\u00e9mentaires. Le syst\u00e8me offre une grande pr\u00e9cision, des coupes nettes et aucune d\u00e9formation du mat\u00e9riau. Il s'agit d'une solution id\u00e9ale pour automatiser et modulariser les processus de fabrication, en am\u00e9liorant l'efficacit\u00e9 et la qualit\u00e9.<\/p>\n<figure id=\"attachment_7382\" aria-describedby=\"caption-attachment-7382\" style=\"width: 300px\" class=\"wp-caption alignnone\"><img decoding=\"async\" class=\"size-medium wp-image-7382\" src=\"https:\/\/bogonglaser.com\/wp-content\/uploads\/2025\/07\/laser-cutting-1-300x201.jpg\" alt=\"d\u00e9coupe au laser\" width=\"300\" height=\"201\" title=\"\" srcset=\"https:\/\/bogonglaser.com\/wp-content\/uploads\/2025\/07\/laser-cutting-1-300x201.jpg 300w, https:\/\/bogonglaser.com\/wp-content\/uploads\/2025\/07\/laser-cutting-1-18x12.jpg 18w, https:\/\/bogonglaser.com\/wp-content\/uploads\/2025\/07\/laser-cutting-1.jpg 600w\" sizes=\"(max-width: 300px) 100vw, 300px\" \/><figcaption id=\"caption-attachment-7382\" class=\"wp-caption-text\">d\u00e9coupe au laser<\/figcaption><\/figure>\n<p><strong>Caract\u00e9ristiques principales :<\/strong><\/p>\n<ul>\n<li><strong>Coupe pr\u00e9cise :<\/strong>\u00a0Utilise une technologie laser avanc\u00e9e pour des coupes nettes et pr\u00e9cises avec peu de distorsion due \u00e0 la chaleur.<\/li>\n<li><strong>Rapide et efficace :<\/strong>\u00a0Coupe rapidement, ce qui permet d'augmenter la vitesse de production.<\/li>\n<li><strong>Convient \u00e0 de nombreuses industries :<\/strong>\u00a0Id\u00e9al pour l'automobile, la construction, la signalisation et la fabrication m\u00e9tallique.<\/li>\n<li><strong>Facile \u00e0 utiliser :<\/strong>\u00a0La simplicit\u00e9 des commandes et du logiciel facilite l'utilisation par les op\u00e9rateurs.<\/li>\n<li><strong>Construction durable :<\/strong>\u00a0Fabriqu\u00e9 avec des mat\u00e9riaux solides pour durer longtemps avec un minimum d'entretien.<\/li>\n<\/ul>\n<p><strong>Pourquoi choisir notre machine de d\u00e9coupe laser des m\u00e9taux ?<\/strong><\/p>\n<ul>\n<li><strong>Le corps de la machine est stable et tous les d\u00e9tails ont \u00e9t\u00e9 mis \u00e0 jour. (vous pouvez voir la vid\u00e9o ci-dessous)<\/strong><\/li>\n<li><strong>Gagnez du temps et de l'argent :<\/strong>\u00a0Coupe efficacement, r\u00e9duisant les d\u00e9chets et la consommation d'\u00e9nergie.<\/li>\n<li><strong>Flexible :<\/strong>\u00a0Peut traiter diff\u00e9rentes tailles et \u00e9paisseurs de feuilles.<\/li>\n<li><strong>S\u00fbr et fiable :<\/strong>\u00a0\u00c9quip\u00e9 de dispositifs de s\u00e9curit\u00e9 et conforme aux normes internationales.<\/li>\n<li><strong>Soutien :<\/strong>\u00a0Nous assurons la formation, l'assistance technique et la maintenance afin de garantir le bon fonctionnement de votre machine.<\/li>\n<\/ul>\n<p><iframe title=\"Voyez comment cette d\u00e9coupeuse laser est construite diff\u00e9remment des autres !\" width=\"1290\" height=\"726\" src=\"https:\/\/www.youtube.com\/embed\/kv3tNysqvk0?feature=oembed\" frameborder=\"0\" allow=\"accelerometer; autoplay; clipboard-write; encrypted-media; gyroscope; picture-in-picture; web-share\" referrerpolicy=\"strict-origin-when-cross-origin\" allowfullscreen><\/iframe><\/p>\n<h3>Co\u00fbt et prix<\/h3>\n<p>Si vous envisagez de cr\u00e9er une entreprise avec une machine de d\u00e9coupe laser du m\u00e9tal, vous vous interrogez peut-\u00eatre sur les co\u00fbts impliqu\u00e9s et les prix typiques du march\u00e9. D'apr\u00e8s l'analyse du march\u00e9, le prix des d\u00e9coupeurs laser varie consid\u00e9rablement :<\/p>\n<ul>\n<li>Les mod\u00e8les les plus abordables commencent \u00e0 environ\u00a0<strong>$12000<\/strong>.<\/li>\n<li>Les machines haut de gamme peuvent co\u00fbter jusqu'\u00e0\u00a0<strong>$200,000<\/strong>\u00a0ou plus.<\/li>\n<\/ul>\n<p>Ces prix ne comprennent pas les frais d'exp\u00e9dition, les taxes, les droits de douane, le service ou l'assistance technique. Le co\u00fbt r\u00e9el d\u00e9pend de facteurs tels que la marque, le type, le mod\u00e8le, la puissance et les fonctions suppl\u00e9mentaires telles que les tables personnalis\u00e9es, les g\u00e9n\u00e9rateurs, les accessoires rotatifs, les logiciels, les accessoires, les mises \u00e0 niveau, l'installation et le d\u00e9bogage.<\/p>\n<h4>Prix typiques en 2025 :<\/h4>\n<ul>\n<li>La gamme des machines de d\u00e9coupe laser des m\u00e9taux s'\u00e9tend de <strong>De $12 000 \u00e0 plus de $900 000<\/strong>.<\/li>\n<\/ul>\n<p>Pour les accessoires et les pi\u00e8ces d\u00e9tach\u00e9es :<\/p>\n<ul>\n<li>Les consommables et les pi\u00e8ces de base co\u00fbtent environ\u00a0<strong>$9<\/strong>.<\/li>\n<li>Les g\u00e9n\u00e9rateurs de laser \u00e0 fibre de haute puissance peuvent \u00eatre aussi chers que\u00a0<strong>$30,000<\/strong>.<\/li>\n<\/ul>\n<p><iframe title=\"Une d\u00e9coupeuse laser petite mais puissante pour d\u00e9couper le m\u00e9tal avec pr\u00e9cision\" width=\"1290\" height=\"726\" src=\"https:\/\/www.youtube.com\/embed\/5BStGlyjEOc?feature=oembed\" frameborder=\"0\" allow=\"accelerometer; autoplay; clipboard-write; encrypted-media; gyroscope; picture-in-picture; web-share\" referrerpolicy=\"strict-origin-when-cross-origin\" allowfullscreen><\/iframe><\/p>\n<p><iframe title=\"Que peut faire une machine de d\u00e9coupe laser \u00e0 fibre de 2000w ?  Show \u00e0 vitesse r\u00e9elle pour l&#039;acier inoxydable, l&#039;acier moyen\" width=\"1290\" height=\"726\" src=\"https:\/\/www.youtube.com\/embed\/nfdBXiTmWwo?feature=oembed\" frameborder=\"0\" allow=\"accelerometer; autoplay; clipboard-write; encrypted-media; gyroscope; picture-in-picture; web-share\" referrerpolicy=\"strict-origin-when-cross-origin\" allowfullscreen><\/iframe><\/p>","protected":false},"excerpt":{"rendered":"<p>La machine de d\u00e9coupe laser des m\u00e9taux est un outil pr\u00e9cis utilis\u00e9 pour d\u00e9couper des m\u00e9taux tels que l'acier, l'aluminium et le laiton. Elle utilise un faisceau laser pour r\u00e9aliser des coupes nettes et pr\u00e9cises. Cette machine est rapide, fiable et permet de r\u00e9duire les d\u00e9chets. Elle est utilis\u00e9e dans des secteurs tels que l'industrie manufacturi\u00e8re, l'automobile et la construction pour am\u00e9liorer l'efficacit\u00e9 et la qualit\u00e9.<\/p>","protected":false},"featured_media":5199,"template":"","meta":{"_gspb_post_css":""},"product_brand":[],"product_cat":[117,118],"product_tag":[105,169],"class_list":{"0":"post-5192","1":"product","2":"type-product","3":"status-publish","4":"has-post-thumbnail","6":"product_cat-fiber-laser-cutting-machine","7":"product_cat-laser-metal-cutting-machine","8":"product_tag-fiber-laser-cutting-machine","9":"product_tag-metal-laser-cutting-machine","11":"first","12":"instock","13":"shipping-taxable","14":"product-type-simple"},"_links":{"self":[{"href":"https:\/\/bogonglaser.com\/fr\/wp-json\/wp\/v2\/product\/5192","targetHints":{"allow":["GET"]}}],"collection":[{"href":"https:\/\/bogonglaser.com\/fr\/wp-json\/wp\/v2\/product"}],"about":[{"href":"https:\/\/bogonglaser.com\/fr\/wp-json\/wp\/v2\/types\/product"}],"wp:featuredmedia":[{"embeddable":true,"href":"https:\/\/bogonglaser.com\/fr\/wp-json\/wp\/v2\/media\/5199"}],"wp:attachment":[{"href":"https:\/\/bogonglaser.com\/fr\/wp-json\/wp\/v2\/media?parent=5192"}],"wp:term":[{"taxonomy":"product_brand","embeddable":true,"href":"https:\/\/bogonglaser.com\/fr\/wp-json\/wp\/v2\/product_brand?post=5192"},{"taxonomy":"product_cat","embeddable":true,"href":"https:\/\/bogonglaser.com\/fr\/wp-json\/wp\/v2\/product_cat?post=5192"},{"taxonomy":"product_tag","embeddable":true,"href":"https:\/\/bogonglaser.com\/fr\/wp-json\/wp\/v2\/product_tag?post=5192"}],"curies":[{"name":"wp","href":"https:\/\/api.w.org\/{rel}","templated":true}]}}