{"id":2127,"date":"2024-12-06T11:23:53","date_gmt":"2024-12-06T03:23:53","guid":{"rendered":"https:\/\/bogonglaser.com\/?post_type=product&#038;p=2127"},"modified":"2025-12-10T17:31:01","modified_gmt":"2025-12-10T09:31:01","slug":"mini-cabinet-laser-marking-machine","status":"publish","type":"product","link":"https:\/\/bogonglaser.com\/fr\/mini-cabinet-laser-marking-machine\/","title":{"rendered":"Mini machine de marquage laser pour armoires"},"content":{"rendered":"<p>La machine de marquage laser \u00e0 fibre de couverture est dot\u00e9e d'une armoire enti\u00e8rement ferm\u00e9e pour la s\u00e9curit\u00e9 des travailleurs et pr\u00e9sente un design compact et attrayant. Cet appareil de haute technologie combine un laser, un ordinateur, un contr\u00f4leur automatique et des machines de pr\u00e9cision, ce qui le rend id\u00e9al pour le marquage des mat\u00e9riaux m\u00e9talliques.<\/p>\n<p>Ouverture et fermeture manuelle de la porte.<\/p>\n<p>Colonne de levage \u00e9lectrique<\/p>\n<p><iframe title=\"Mini machine de gravure laser \u00e0 fibre avec capot de protection | Fonctionnement\" width=\"1290\" height=\"726\" src=\"https:\/\/www.youtube.com\/embed\/buVofWd5OIw?feature=oembed\" frameborder=\"0\" allow=\"accelerometer; autoplay; clipboard-write; encrypted-media; gyroscope; picture-in-picture; web-share\" referrerpolicy=\"strict-origin-when-cross-origin\" allowfullscreen><\/iframe><\/p>\n<p>1. Longue dur\u00e9e de vie, plus de 100 000 heures.<\/p>\n<p>2. Source laser compacte avec refroidissement par air<\/p>\n<p>3. armoire de protection compl\u00e8te pour les travaux de s\u00e9curit\u00e9<\/p>\n<p>4. Syst\u00e8me de balayage galvanom\u00e9trique de haute qualit\u00e9.<\/p>\n<p>5. Haute pr\u00e9cision et r\u00e9p\u00e9tabilit\u00e9 pour des marques correctes \u00e0 chaque fois avec des scanners galvanom\u00e9triques et des contr\u00f4les \u00e9lectroniques<\/p>\n<p>6. Performances plus stables<\/p>\n<p>7. Tableau de contr\u00f4le professionnel et logiciel de marquage. Le syst\u00e8me de contr\u00f4le logiciel a l'interface de Windows et comprend des fichiers produits par des logiciels tels que Coreldraw, AutoCAD, Photoshop, etc. AutoCAD, Photoshop, etc. Il peut prendre en charge diff\u00e9rents formats de fichiers tels que PLT, DXF, PCX, BMP, etc.<\/p>\n<p>8. La puissance de sortie est stable. Le mode optique est bon. La qualit\u00e9 de la cam\u00e9ra est excellente.<\/p>\n<p>9. La vitesse de marquage est rapide, efficace et tr\u00e8s pr\u00e9cise.<\/p>\n<p>10. L'apparence est professionnelle, l'utilisation est facile<\/p>\n<h2>Application Petite machine de marquage laser \u00e0 couverture int\u00e9grale :<\/h2>\n<p>Il peut graver le m\u00e9tal et certains mat\u00e9riaux non m\u00e9talliques, ce qui le rend particuli\u00e8rement utile dans les domaines o\u00f9 la pr\u00e9cision et une finition lisse sont essentielles.<\/p>\n<p>Le <a href=\"https:\/\/bogonglaser.com\/fr\/laser-marking-machine\/fiber-laser-marking-machine\/\">Machine de marquage par laser \u00e0 fibre<\/a> fonctionne bien avec diff\u00e9rents m\u00e9taux, y compris l'acier, le titane, le cuivre, l'or, l'argent et m\u00eame les m\u00e9taux rares, ainsi qu'avec les plastiques industriels, les m\u00e9taux rev\u00eatus, les c\u00e9ramiques, etc.<\/p>\n<p>Il est couramment utilis\u00e9 pour marquer des articles tels que les boutons de t\u00e9l\u00e9phone portable, les composants \u00e9lectroniques, les produits de communication, les lunettes, les montres, les bijoux, les boutons d\u00e9coratifs pour les bo\u00eetes et les sacs, et les produits en acier inoxydable.<\/p>\n<p><iframe title=\"Mini machine \u00e0 graver au laser pour vitrine - EZCAD3 2.5D Laser Marker avec housse de protection\" width=\"1290\" height=\"726\" src=\"https:\/\/www.youtube.com\/embed\/tbPKDw-UqR0?feature=oembed\" frameborder=\"0\" allow=\"accelerometer; autoplay; clipboard-write; encrypted-media; gyroscope; picture-in-picture; web-share\" referrerpolicy=\"strict-origin-when-cross-origin\" allowfullscreen><\/iframe><\/p>\n<p>Conditions de paiement<\/p>\n<p>1. D\u00e9p\u00f4t et solde : Un d\u00e9p\u00f4t 30% T\/T est exig\u00e9 \u00e0 l'avance, le solde \u00e9tant d\u00fb avant l'exp\u00e9dition.<\/p>\n<p>2. Alibaba Trade Assurance : Les paiements peuvent \u00eatre effectu\u00e9s par l'interm\u00e9diaire d'Alibaba Trade Assurance.<\/p>\n<p>FAQ sur la machine de marquage laser 3D UV<\/p>\n<p>Quel est l'emballage de la machine de marquage laser Mni cabinet ?<br \/>\nNos machines sont emball\u00e9es en trois couches. La couche ext\u00e9rieure est constitu\u00e9e d'une caisse en bois, la couche interm\u00e9diaire comporte un rembourrage en mousse pour prot\u00e9ger contre les secousses, et la couche int\u00e9rieure comprend un sac en plastique \u00e9pais pour l'\u00e9tanch\u00e9it\u00e9.<\/p>\n<p>Le colis sera-t-il endommag\u00e9 pendant le transport ?<br \/>\nNous concevons m\u00e9ticuleusement nos emballages afin de tenir compte de tous les facteurs de dommages potentiels, et nos agents d'exp\u00e9dition ont l'exp\u00e9rience d'un transport s\u00fbr. Nous avons export\u00e9 avec succ\u00e8s vers 180 pays, vous pouvez donc \u00eatre assur\u00e9 que votre colis arrivera en excellent \u00e9tat.<\/p>\n<figure id=\"attachment_7472\" aria-describedby=\"caption-attachment-7472\" style=\"width: 300px\" class=\"wp-caption alignnone\"><img decoding=\"async\" class=\"size-medium wp-image-7472\" src=\"https:\/\/bogonglaser.com\/wp-content\/uploads\/2024\/12\/Small-size-enclosed-marking-machine-300x300.jpg\" alt=\"Small-size enclosed marking machine\" width=\"300\" height=\"300\" title=\"\" srcset=\"https:\/\/bogonglaser.com\/wp-content\/uploads\/2024\/12\/Small-size-enclosed-marking-machine-300x300.jpg 300w, https:\/\/bogonglaser.com\/wp-content\/uploads\/2024\/12\/Small-size-enclosed-marking-machine-100x100.jpg 100w, https:\/\/bogonglaser.com\/wp-content\/uploads\/2024\/12\/Small-size-enclosed-marking-machine-600x600.jpg 600w, https:\/\/bogonglaser.com\/wp-content\/uploads\/2024\/12\/Small-size-enclosed-marking-machine-150x150.jpg 150w, https:\/\/bogonglaser.com\/wp-content\/uploads\/2024\/12\/Small-size-enclosed-marking-machine-768x768.jpg 768w, https:\/\/bogonglaser.com\/wp-content\/uploads\/2024\/12\/Small-size-enclosed-marking-machine-12x12.jpg 12w, https:\/\/bogonglaser.com\/wp-content\/uploads\/2024\/12\/Small-size-enclosed-marking-machine.jpg 1000w\" sizes=\"(max-width: 300px) 100vw, 300px\" \/><figcaption id=\"caption-attachment-7472\" class=\"wp-caption-text\">Small-size enclosed marking machine<\/figcaption><\/figure>\n<p>La plupart des clients choisissent le transport par UPS\/DHL express, il peut arriver \u00e0 destination sous 5-7 jours, contactez BOGONG pour obtenir plus de d\u00e9tails sur la machine de marquage laser uv.<\/p>","protected":false},"excerpt":{"rendered":"<h2>Machine \u00e0 graver au laser avec couvercle complet<\/h2>\n<p>La machine est dot\u00e9e d'une armoire enti\u00e8rement ferm\u00e9e pour assurer la s\u00e9curit\u00e9 des travailleurs, et son design compact est tr\u00e8s esth\u00e9tique. Il s'agit d'une machine de haute technologie qui combine un laser, un ordinateur, un contr\u00f4leur automatique et des pi\u00e8ces pr\u00e9cises pour travailler efficacement.<\/p>\n<ul class=\"tips\">\n<li>350 Sets \/ Month Waiting for Sale In Stock<\/li>\n<li>2 ans de garantie limit\u00e9e pour l'ensemble de la machine<\/li>\n<li>3-5 jours pour la pr\u00e9paration de la machine laser, 3-7 jours pour le transport.<\/li>\n<li>En ligne (PayPal) et hors ligne (T\/T, cartes de d\u00e9bit et de cr\u00e9dit)<\/li>\n<\/ul>","protected":false},"featured_media":2148,"template":"","meta":{"_gspb_post_css":""},"product_brand":[],"product_cat":[97,93,96],"product_tag":[102],"class_list":{"0":"post-2127","1":"product","2":"type-product","3":"status-publish","4":"has-post-thumbnail","6":"product_cat-fiber-laser-marker","7":"product_cat-laser-engraving-machine","8":"product_cat-laser-marking-machine","9":"product_tag-laser-marking-machine","11":"first","12":"instock","13":"shipping-taxable","14":"product-type-simple"},"_links":{"self":[{"href":"https:\/\/bogonglaser.com\/fr\/wp-json\/wp\/v2\/product\/2127","targetHints":{"allow":["GET"]}}],"collection":[{"href":"https:\/\/bogonglaser.com\/fr\/wp-json\/wp\/v2\/product"}],"about":[{"href":"https:\/\/bogonglaser.com\/fr\/wp-json\/wp\/v2\/types\/product"}],"wp:featuredmedia":[{"embeddable":true,"href":"https:\/\/bogonglaser.com\/fr\/wp-json\/wp\/v2\/media\/2148"}],"wp:attachment":[{"href":"https:\/\/bogonglaser.com\/fr\/wp-json\/wp\/v2\/media?parent=2127"}],"wp:term":[{"taxonomy":"product_brand","embeddable":true,"href":"https:\/\/bogonglaser.com\/fr\/wp-json\/wp\/v2\/product_brand?post=2127"},{"taxonomy":"product_cat","embeddable":true,"href":"https:\/\/bogonglaser.com\/fr\/wp-json\/wp\/v2\/product_cat?post=2127"},{"taxonomy":"product_tag","embeddable":true,"href":"https:\/\/bogonglaser.com\/fr\/wp-json\/wp\/v2\/product_tag?post=2127"}],"curies":[{"name":"wp","href":"https:\/\/api.w.org\/{rel}","templated":true}]}}