{"id":2119,"date":"2024-12-04T17:25:33","date_gmt":"2024-12-04T09:25:33","guid":{"rendered":"https:\/\/bogonglaser.com\/?post_type=product&#038;p=2119"},"modified":"2025-12-10T16:47:52","modified_gmt":"2025-12-10T08:47:52","slug":"30w-fiber-laser-marking-machine","status":"publish","type":"product","link":"https:\/\/bogonglaser.com\/fr\/30w-fiber-laser-marking-machine\/","title":{"rendered":"Machine de marquage laser \u00e0 fibre 30W"},"content":{"rendered":"<p>La machine de marquage laser \u00e0 fibre 30W est un marqueur laser \u00e0 fibre compact et polyvalent tout-en-un, con\u00e7u pour sa puissance et son adaptabilit\u00e9. Que vous souhaitiez graver des logos, des codes-barres, des num\u00e9ros de s\u00e9rie ou des dessins complexes, cette machine offre des r\u00e9sultats exceptionnels pour un large \u00e9ventail d'applications.<\/p>\n<p>Malgr\u00e9 sa taille compacte, ce mod\u00e8le tout-en-un offre des performances impressionnantes, ce qui le rend parfait pour les espaces restreints et les petits projets de marquage. Sa conception l\u00e9g\u00e8re et portable garantit une manipulation ais\u00e9e, permettant des marquages pr\u00e9cis et exacts \u00e0 chaque fois, tout en fonctionnant \u00e0 des vitesses \u00e9lev\u00e9es avec une efficacit\u00e9 exceptionnelle.<\/p>\n<p>Cette machine est un excellent choix pour les petites entreprises, les ateliers et les bricoleurs \u00e0 la recherche d'une solution de marquage fiable qui ne sacrifie pas les performances en raison de l'espace limit\u00e9. Si vous avez besoin d'un marqueur laser \u00e0 fibre efficace qui s'int\u00e8gre parfaitement \u00e0 votre espace de travail, c'est l'option parfaite pour vous.<\/p>\n<p><img decoding=\"async\" class=\"size-medium wp-image-7414\" src=\"https:\/\/bogonglaser.com\/wp-content\/uploads\/2024\/12\/2D-mini-all-in-one-PC-factory-photos-1-300x225.png\" alt=\"2D mini all-in-one PC factory photos\" width=\"300\" height=\"225\" title=\"\" srcset=\"https:\/\/bogonglaser.com\/wp-content\/uploads\/2024\/12\/2D-mini-all-in-one-PC-factory-photos-1-300x225.png 300w, https:\/\/bogonglaser.com\/wp-content\/uploads\/2024\/12\/2D-mini-all-in-one-PC-factory-photos-1-600x450.png 600w, https:\/\/bogonglaser.com\/wp-content\/uploads\/2024\/12\/2D-mini-all-in-one-PC-factory-photos-1-768x576.png 768w, https:\/\/bogonglaser.com\/wp-content\/uploads\/2024\/12\/2D-mini-all-in-one-PC-factory-photos-1-16x12.png 16w, https:\/\/bogonglaser.com\/wp-content\/uploads\/2024\/12\/2D-mini-all-in-one-PC-factory-photos-1.png 800w\" sizes=\"(max-width: 300px) 100vw, 300px\" \/><\/p>\n<p>Voici les principales caract\u00e9ristiques de la <a href=\"https:\/\/bogonglaser.com\/fr\/laser-marking-machine\/fiber-laser-marking-machine\/\">Machine de marquage par laser \u00e0 fibre<\/a>:<\/p>\n<p>1. Source laser \u00e0 fibre : Source laser \u00e0 fibre de 30w, vous pouvez \u00e9galement choisir une puissance plus importante comme 50 ou une petite puissance de 20w dans cette armoire. Sources laser \u00e0 fibre de haute qualit\u00e9 provenant de marques r\u00e9put\u00e9es comme JPT, Raycus, ou IPG. Vous b\u00e9n\u00e9ficierez d'une excellente clart\u00e9 du faisceau laser et d'une longue dur\u00e9e de vie (jusqu'\u00e0 100 000 heures).<\/p>\n<p>2. Syst\u00e8me de scanner num\u00e9rique \u00e0 galvanom\u00e8tre : Cette machine est \u00e9quip\u00e9e d'un syst\u00e8me de scanner laser import\u00e9 \u00e0 grande vitesse, capable d'atteindre des vitesses de marquage allant jusqu'\u00e0 8 000 mm\/s, ce qui garantit un fonctionnement efficace.<\/p>\n<p>3. Support d'affichage PC : L'axe Z r\u00e9glable s'\u00e9tend jusqu'\u00e0 700 mm, ce qui est id\u00e9al pour le marquage de mat\u00e9riaux plus \u00e9pais ou plus hauts.<\/p>\n<p>4. Interrupteur de commande : Le panneau de commande convivial comporte un arr\u00eat d'urgence, un interrupteur \u00e0 cl\u00e9 et un interrupteur d'alimentation, ce qui facilite l'utilisation et l'identification des commandes.<\/p>\n<p>5. Syst\u00e8me de levage : La machine est \u00e9quip\u00e9e d'un volant qui permet de r\u00e9gler facilement la distance de mise au point du laser, ce qui simplifie le processus d'utilisation.<\/p>\n<p>6. Pointeur lumineux rouge : Cette fonction utile met en \u00e9vidence la zone de marquage avant que le marquage laser proprement dit ne commence, ce qui am\u00e9liore la pr\u00e9cision et l'exactitude.<\/p>\n<p>7. Logiciel de marquage au laser : Le logiciel de marquage EZCAD est dot\u00e9 d'outils d'\u00e9dition puissants qui vous permettent de cr\u00e9er des codes QR, des num\u00e9ros de s\u00e9rie et divers logos. Il prend en charge les formats de fichiers DXF et PLT et est accompagn\u00e9 d'un manuel d'utilisation d\u00e9taill\u00e9 en anglais pour vous guider \u00e0 chaque \u00e9tape.<\/p>\n<p>8. Lentille de balayage F-theta : \u00c9quip\u00e9e d'une lentille F-theta de Singapour Ronar-Smith de haute qualit\u00e9, cette machine garantit que la hauteur du champ d'image est presque proportionnelle \u00e0 l'angle de balayage. Elle maintient une distorsion de lin\u00e9arit\u00e9 inf\u00e9rieure \u00e0 1% sans n\u00e9cessiter de correction logicielle, ce qui se traduit par une distorsion minimale et des r\u00e9sultats clairs et nets. L'objectif est \u00e9galement dot\u00e9 de rev\u00eatements AR hautement transmissifs pour r\u00e9duire la perte de puissance et maximiser le rendement.<\/p>\n<p>Gr\u00e2ce \u00e0 ces caract\u00e9ristiques avanc\u00e9es, la machine de marquage par laser \u00e0 fibre est con\u00e7ue pour la pr\u00e9cision, l'efficacit\u00e9 et la facilit\u00e9 d'utilisation.<\/p>\n<figure id=\"attachment_7413\" aria-describedby=\"caption-attachment-7413\" style=\"width: 300px\" class=\"wp-caption alignnone\"><img decoding=\"async\" class=\"size-medium wp-image-7413\" src=\"https:\/\/bogonglaser.com\/wp-content\/uploads\/2024\/12\/2D-mini-all-in-one-PC-factory-photos-2-300x225.png\" alt=\"2D mini all-in-one PC factory photos\" width=\"300\" height=\"225\" title=\"\" srcset=\"https:\/\/bogonglaser.com\/wp-content\/uploads\/2024\/12\/2D-mini-all-in-one-PC-factory-photos-2-300x225.png 300w, https:\/\/bogonglaser.com\/wp-content\/uploads\/2024\/12\/2D-mini-all-in-one-PC-factory-photos-2-600x450.png 600w, https:\/\/bogonglaser.com\/wp-content\/uploads\/2024\/12\/2D-mini-all-in-one-PC-factory-photos-2-768x576.png 768w, https:\/\/bogonglaser.com\/wp-content\/uploads\/2024\/12\/2D-mini-all-in-one-PC-factory-photos-2-16x12.png 16w, https:\/\/bogonglaser.com\/wp-content\/uploads\/2024\/12\/2D-mini-all-in-one-PC-factory-photos-2.png 800w\" sizes=\"(max-width: 300px) 100vw, 300px\" \/><figcaption id=\"caption-attachment-7413\" class=\"wp-caption-text\">2D mini all-in-one PC factory photos<\/figcaption><\/figure>\n<p>Application : Machine de marquage laser tout-en-un pour le m\u00e9tal, le plastique, etc.<\/p>\n<p>Nos machines de marquage laser offrent une solution polyvalente et efficace pour le marquage d'une vari\u00e9t\u00e9 de mat\u00e9riaux tels que le m\u00e9tal, le plastique, etc. Qu'il s'agisse de graver des logos, des num\u00e9ros de s\u00e9rie ou des dessins complexes, notre laser adaptable peut s'attaquer \u00e0 de nombreuses applications, stimuler la productivit\u00e9 tout en garantissant une qualit\u00e9 constante sur diff\u00e9rentes surfaces.<\/p>\n<ul>\n<li><span class=\"magic-19\"><b class=\"magic-19\"><span class=\"magic-18\">\u00c9chantillons gratuits -<\/span><\/b><span class=\"magic-20\" data-spm-anchor-id=\"a2700.details.0.i41.41d82402R4aegi\">Nous pouvons effectuer gratuitement des tests d'effet de marquage en fonction du mat\u00e9riau de votre produit.<\/span><\/span><\/li>\n<li><span class=\"magic-19\"><b class=\"magic-19\"><span class=\"magic-18\">Vid\u00e9o en direct<\/span><\/b><span class=\"magic-20\">Vous pouvez contacter nos conseillers commerciaux pour visionner le processus de production et le fonctionnement de la machine dans une vid\u00e9o en ligne.<\/span><\/span><\/li>\n<li><span class=\"magic-19\"><b class=\"magic-19\"><span class=\"magic-18\">Sur mesure \/OEM-<\/span><\/b><span class=\"magic-20\" data-spm-anchor-id=\"a2700.details.0.i40.41d82402R4aegi\">Customised machines on request<\/span><\/span><\/li>\n<\/ul>\n<figure id=\"attachment_7412\" aria-describedby=\"caption-attachment-7412\" style=\"width: 300px\" class=\"wp-caption alignnone\"><img decoding=\"async\" class=\"size-medium wp-image-7412\" src=\"https:\/\/bogonglaser.com\/wp-content\/uploads\/2024\/12\/2D-mini-all-in-one-PC-factory-photos-300x300.jpg\" alt=\"2D mini all-in-one PC factory photos\" width=\"300\" height=\"300\" title=\"\" srcset=\"https:\/\/bogonglaser.com\/wp-content\/uploads\/2024\/12\/2D-mini-all-in-one-PC-factory-photos-300x300.jpg 300w, https:\/\/bogonglaser.com\/wp-content\/uploads\/2024\/12\/2D-mini-all-in-one-PC-factory-photos-100x100.jpg 100w, https:\/\/bogonglaser.com\/wp-content\/uploads\/2024\/12\/2D-mini-all-in-one-PC-factory-photos-600x600.jpg 600w, https:\/\/bogonglaser.com\/wp-content\/uploads\/2024\/12\/2D-mini-all-in-one-PC-factory-photos-150x150.jpg 150w, https:\/\/bogonglaser.com\/wp-content\/uploads\/2024\/12\/2D-mini-all-in-one-PC-factory-photos-768x768.jpg 768w, https:\/\/bogonglaser.com\/wp-content\/uploads\/2024\/12\/2D-mini-all-in-one-PC-factory-photos-12x12.jpg 12w, https:\/\/bogonglaser.com\/wp-content\/uploads\/2024\/12\/2D-mini-all-in-one-PC-factory-photos.jpg 1000w\" sizes=\"(max-width: 300px) 100vw, 300px\" \/><figcaption id=\"caption-attachment-7412\" class=\"wp-caption-text\">2D mini all-in-one PC factory photos<\/figcaption><\/figure>\n<p><iframe title=\"Petite machine de marquage laser tout-en-un \u00e0 vendre\" width=\"1290\" height=\"726\" src=\"https:\/\/www.youtube.com\/embed\/znNbIXDhuHE?feature=oembed\" frameborder=\"0\" allow=\"accelerometer; autoplay; clipboard-write; encrypted-media; gyroscope; picture-in-picture; web-share\" referrerpolicy=\"strict-origin-when-cross-origin\" allowfullscreen><\/iframe><\/p>\n<p>Conditions de paiement<\/p>\n<p>1. D\u00e9p\u00f4t et solde : Un d\u00e9p\u00f4t 30% T\/T est exig\u00e9 \u00e0 l'avance, le solde \u00e9tant d\u00fb avant l'exp\u00e9dition.<\/p>\n<p>2. Alibaba Trade Assurance : Les paiements peuvent \u00eatre effectu\u00e9s par l'interm\u00e9diaire d'Alibaba Trade Assurance.<\/p>\n<p>FAQ pour la machine de marquage laser \u00e0 fibre 30W<\/p>\n<p>Quel est l'emballage de la machine de marquage par laser \u00e0 fibre ?<br \/>\nNos machines sont emball\u00e9es en trois couches. La couche ext\u00e9rieure est constitu\u00e9e d'une caisse en bois, la couche interm\u00e9diaire comporte un rembourrage en mousse pour prot\u00e9ger contre les secousses, et la couche int\u00e9rieure comprend un sac en plastique \u00e9pais pour l'\u00e9tanch\u00e9it\u00e9.<\/p>\n<p><iframe title=\"Machine de marquage laser \u00e0 fibre optique 20W 30W Imprimante laser m\u00e9tal plastique Gravure\" width=\"1290\" height=\"726\" src=\"https:\/\/www.youtube.com\/embed\/1gUXk1ygblo?feature=oembed\" frameborder=\"0\" allow=\"accelerometer; autoplay; clipboard-write; encrypted-media; gyroscope; picture-in-picture; web-share\" referrerpolicy=\"strict-origin-when-cross-origin\" allowfullscreen><\/iframe><\/p>\n<p>Le colis sera-t-il endommag\u00e9 pendant le transport ?<br \/>\nNous concevons m\u00e9ticuleusement nos emballages afin de tenir compte de tous les facteurs de dommages potentiels, et nos agents d'exp\u00e9dition ont l'exp\u00e9rience d'un transport s\u00fbr. Nous avons export\u00e9 avec succ\u00e8s vers 180 pays, vous pouvez donc \u00eatre assur\u00e9 que votre colis arrivera en excellent \u00e9tat.<\/p>\n<p>&nbsp;<\/p>\n<p>La plupart des clients choisissent le transport par UPS\/DHL express, qui peut arriver \u00e0 destination dans un d\u00e9lai de 5 \u00e0 7 jours. Contactez BOGONG pour obtenir plus de d\u00e9tails. <a href=\"https:\/\/bogonglaser.com\/fr\/laser-marking-machine\/fiber-laser-marking-machine\/\">Machine de marquage laser \u00e0 fibre<\/a>.<\/p>\n<p>&nbsp;<\/p>","protected":false},"excerpt":{"rendered":"<h2>30W Fiber Laser Marking Machine<\/h2>\n<p>BOGONG 30W laser marking machine addopt 30W fiber laser and famous laser galvo head, 1064nm laser wavelength, It works with a variety of materials, such as stainless steel, titanium, aluminum, copper, brass, alloys, silver, and gold, allowing you to engrave names, logos, signs, letters, numbers, patterns, and photos. This all ine one laser marking machine is now available for sale at an affordable price, making it a great option for your budget.<\/p>\n<ul class=\"tips\">\n<li>350 Sets \/ Month Waiting for Sale In Stock<\/li>\n<li>2 Years Limited Warranty for Entire Machine<\/li>\n<li>3-5 days prepare laser machine, 3-7days transport.<\/li>\n<li>Online (PayPal) &amp; Offline (T\/T, Debit &amp; Credit Cards)<\/li>\n<\/ul>\n<hr \/>\n<h4><strong>Get a Quote<\/strong><\/h4>\n<p>[contact-form-7 id=&#8221;029fbc1&#8243; title=&#8221;Products Form&#8221;]<\/p>\n","protected":false},"featured_media":1966,"template":"","meta":{"_gspb_post_css":""},"product_brand":[],"product_cat":[97,93,96],"product_tag":[104,102],"class_list":{"0":"post-2119","1":"product","2":"type-product","3":"status-publish","4":"has-post-thumbnail","6":"product_cat-fiber-laser-marker","7":"product_cat-laser-engraving-machine","8":"product_cat-laser-marking-machine","9":"product_tag-laser-marker","10":"product_tag-laser-marking-machine","12":"first","13":"instock","14":"shipping-taxable","15":"product-type-simple"},"_links":{"self":[{"href":"https:\/\/bogonglaser.com\/fr\/wp-json\/wp\/v2\/product\/2119","targetHints":{"allow":["GET"]}}],"collection":[{"href":"https:\/\/bogonglaser.com\/fr\/wp-json\/wp\/v2\/product"}],"about":[{"href":"https:\/\/bogonglaser.com\/fr\/wp-json\/wp\/v2\/types\/product"}],"wp:featuredmedia":[{"embeddable":true,"href":"https:\/\/bogonglaser.com\/fr\/wp-json\/wp\/v2\/media\/1966"}],"wp:attachment":[{"href":"https:\/\/bogonglaser.com\/fr\/wp-json\/wp\/v2\/media?parent=2119"}],"wp:term":[{"taxonomy":"product_brand","embeddable":true,"href":"https:\/\/bogonglaser.com\/fr\/wp-json\/wp\/v2\/product_brand?post=2119"},{"taxonomy":"product_cat","embeddable":true,"href":"https:\/\/bogonglaser.com\/fr\/wp-json\/wp\/v2\/product_cat?post=2119"},{"taxonomy":"product_tag","embeddable":true,"href":"https:\/\/bogonglaser.com\/fr\/wp-json\/wp\/v2\/product_tag?post=2119"}],"curies":[{"name":"wp","href":"https:\/\/api.w.org\/{rel}","templated":true}]}}